{"id":31783,"date":"2026-03-04T17:14:48","date_gmt":"2026-03-04T16:14:48","guid":{"rendered":"https:\/\/biomaxi.ch\/?post_type=product&#038;p=31783"},"modified":"2026-03-04T17:19:55","modified_gmt":"2026-03-04T16:19:55","slug":"prevenir-vaincre-cancer-prevention-jean-pierre-willem","status":"publish","type":"product","link":"https:\/\/biomaxi.ch\/de\/produit\/prevenir-vaincre-cancer-prevention-jean-pierre-willem\/","title":{"rendered":"Pr\u00e9venir et vaincre la cancer"},"content":{"rendered":"<p>Auteur : Dr. Jean-Pierre WILLEM<\/p>\n<p>Nombre de pages : 366 pages<br \/>\nFormat : 24,00 x 16,10 x 2,30 cm<br \/>\nPoids : 0.6600 kg<\/p>\n<p>Parution : novembre 2004 (2\u00e8me \u00e9dition revue et augment\u00e9e)<\/p>\n<p>Editeur : Tredaniel La Maisnie<\/p>\n","protected":false},"excerpt":{"rendered":"<p>La canc\u00e9rologie pi\u00e9tine, le cancer s&#8217;emballe. Les chiffres sont l\u00e0 pour situer l&#8217;ampleur du fl\u00e9au. L&#8217;enseignement du malade est un des devoirs de la m\u00e9decine de demain. Pourtant, rares sont les services hospitaliers et les m\u00e9decins qui ont compris l&#8217;importance de cette notion dans le pronostic et l&#8217;\u00e9volution des maladies. Pr\u00e9venir et vaincre le cancer est un livre d&#8217;avant-garde destin\u00e9 d&#8217;abord aux personnes atteintes d&#8217;un cancer et \u00e0 celles qui le redoutent. Il leur permettra de traduire facilement la &#8220; langue savante &#8220; de leur m\u00e9decin, de mieux comprendre le mal dont elles souffrent. Elles trouveront des conseils qui pourront les aider, les soutenir, leur \u00e9viter des erreurs et leur donner la force et les raisons de se battre face \u00e0 une maladie grave mais qu&#8217;il faut d\u00e9mystifier et aborder avec d\u00e9termination. Pour vaincre le cancer, il faut savoir \u00e0 qui on a affaire et quelles sont les armes dont on dispose. Ce livre est \u00e0 la fois th\u00e9orique et pratique. L&#8217;auteur y expose ses conceptions qui sont celles d&#8217;une m\u00e9decine de terrain. Sa m\u00e9thode de traitement vise \u00e0 une &#8220; restauration &#8220; du terrain malade vers un terrain sain . il passe en revue tous les moyens de d\u00e9pistage, fait une synth\u00e8se des traitements classiques ou r\u00e9volutionnaires en privil\u00e9giant toutes les th\u00e9rapies alternatives qui ont fait leurs preuves. Chaque cancer est abord\u00e9 d&#8217;une fa\u00e7on sp\u00e9cifique. Il propose \u00e9galement un mode de vie et une di\u00e9t\u00e9tique adapt\u00e9s. Son message est celui d&#8217;un m\u00e9decin confront\u00e9 aux r\u00e9alit\u00e9s quotidiennes de la souffrance physique et morale. Un livre indispensable.<\/p>\n","protected":false},"featured_media":31736,"comment_status":"open","ping_status":"closed","template":"","meta":{"_et_pb_use_builder":"","_et_pb_old_content":"","_et_gb_content_width":""},"product_brand":[],"product_cat":[174,178,175],"product_tag":[112,121,189],"class_list":{"0":"post-31783","1":"product","2":"type-product","3":"status-publish","4":"has-post-thumbnail","6":"product_cat-complements","7":"product_cat-lib","8":"product_cat-phytinov","9":"product_tag-complement","10":"product_tag-complements","11":"product_tag-tonus-et-defense","13":"first","14":"instock","15":"sale","16":"shipping-taxable","17":"purchasable","18":"product-type-simple"},"yoast_head":"<!-- This site is optimized with the Yoast SEO plugin v27.6 - https:\/\/yoast.com\/product\/yoast-seo-wordpress\/ -->\n<title>Pr\u00e9venir et vaincre le cancer \u2013 Pr\u00e9vention et approches compl\u00e9mentaires - Dr Jean-Pierre Willem | biomaxi.ch<\/title>\n<meta name=\"description\" content=\"Cancer, pr\u00e9vention du cancer et compr\u00e9hension de la maladie : le Dr Jean-Pierre Willem explique les m\u00e9canismes du cancer, les m\u00e9thodes de d\u00e9pistage et les diff\u00e9rentes strat\u00e9gies th\u00e9rapeutiques. Ce livre pr\u00e9sente les traitements m\u00e9dicaux classiques, les approches compl\u00e9mentaires et les mesures d\u2019hygi\u00e8ne de vie pouvant aider \u00e0 accompagner la maladie et \u00e0 renforcer l\u2019organisme face \u00e0 cette pathologie.\" \/>\n<meta name=\"robots\" content=\"index, follow, max-snippet:-1, max-image-preview:large, max-video-preview:-1\" \/>\n<link rel=\"canonical\" href=\"https:\/\/biomaxi.ch\/produit\/prevenir-vaincre-cancer-prevention-jean-pierre-willem\/\" \/>\n<meta property=\"og:locale\" content=\"de_DE\" \/>\n<meta property=\"og:type\" content=\"article\" \/>\n<meta property=\"og:title\" content=\"Pr\u00e9venir et vaincre le cancer \u2013 Pr\u00e9vention et approches compl\u00e9mentaires - Dr Jean-Pierre Willem | biomaxi.ch\" \/>\n<meta property=\"og:description\" content=\"Cancer, pr\u00e9vention du cancer et compr\u00e9hension de la maladie : le Dr Jean-Pierre Willem explique les m\u00e9canismes du cancer, les m\u00e9thodes de d\u00e9pistage et les diff\u00e9rentes strat\u00e9gies th\u00e9rapeutiques. Ce livre pr\u00e9sente les traitements m\u00e9dicaux classiques, les approches compl\u00e9mentaires et les mesures d\u2019hygi\u00e8ne de vie pouvant aider \u00e0 accompagner la maladie et \u00e0 renforcer l\u2019organisme face \u00e0 cette pathologie.\" \/>\n<meta property=\"og:url\" content=\"https:\/\/biomaxi.ch\/produit\/prevenir-vaincre-cancer-prevention-jean-pierre-willem\/\" \/>\n<meta property=\"og:site_name\" content=\"Biomaxi\" \/>\n<meta property=\"article:publisher\" content=\"https:\/\/www.facebook.com\/biomaxisuisse\/\" \/>\n<meta property=\"article:modified_time\" content=\"2026-03-04T16:19:55+00:00\" \/>\n<meta property=\"og:image\" content=\"https:\/\/biomaxi.ch\/wp-content\/uploads\/2026\/03\/Prevenir-et-vaincre-le-cancer.jpg\" \/>\n\t<meta property=\"og:image:width\" content=\"184\" \/>\n\t<meta property=\"og:image:height\" content=\"274\" \/>\n\t<meta property=\"og:image:type\" content=\"image\/jpeg\" \/>\n<meta name=\"twitter:card\" content=\"summary_large_image\" \/>\n<meta name=\"twitter:label1\" content=\"Gesch\u00e4tzte Lesezeit\" \/>\n\t<meta name=\"twitter:data1\" content=\"1\u00a0Minute\" \/>\n<script type=\"application\/ld+json\" class=\"yoast-schema-graph\">{\"@context\":\"https:\\\/\\\/schema.org\",\"@graph\":[{\"@type\":\"WebPage\",\"@id\":\"https:\\\/\\\/biomaxi.ch\\\/produit\\\/prevenir-vaincre-cancer-prevention-jean-pierre-willem\\\/\",\"url\":\"https:\\\/\\\/biomaxi.ch\\\/produit\\\/prevenir-vaincre-cancer-prevention-jean-pierre-willem\\\/\",\"name\":\"Pr\u00e9venir et vaincre le cancer \u2013 Pr\u00e9vention et approches compl\u00e9mentaires - Dr Jean-Pierre Willem | biomaxi.ch\",\"isPartOf\":{\"@id\":\"https:\\\/\\\/biomaxi.ch\\\/#website\"},\"primaryImageOfPage\":{\"@id\":\"https:\\\/\\\/biomaxi.ch\\\/produit\\\/prevenir-vaincre-cancer-prevention-jean-pierre-willem\\\/#primaryimage\"},\"image\":{\"@id\":\"https:\\\/\\\/biomaxi.ch\\\/produit\\\/prevenir-vaincre-cancer-prevention-jean-pierre-willem\\\/#primaryimage\"},\"thumbnailUrl\":\"https:\\\/\\\/biomaxi.ch\\\/wp-content\\\/uploads\\\/2026\\\/03\\\/Prevenir-et-vaincre-le-cancer.jpg\",\"datePublished\":\"2026-03-04T16:14:48+00:00\",\"dateModified\":\"2026-03-04T16:19:55+00:00\",\"description\":\"Cancer, pr\u00e9vention du cancer et compr\u00e9hension de la maladie : le Dr Jean-Pierre Willem explique les m\u00e9canismes du cancer, les m\u00e9thodes de d\u00e9pistage et les diff\u00e9rentes strat\u00e9gies th\u00e9rapeutiques. Ce livre pr\u00e9sente les traitements m\u00e9dicaux classiques, les approches compl\u00e9mentaires et les mesures d\u2019hygi\u00e8ne de vie pouvant aider \u00e0 accompagner la maladie et \u00e0 renforcer l\u2019organisme face \u00e0 cette pathologie.\",\"breadcrumb\":{\"@id\":\"https:\\\/\\\/biomaxi.ch\\\/produit\\\/prevenir-vaincre-cancer-prevention-jean-pierre-willem\\\/#breadcrumb\"},\"inLanguage\":\"de\",\"potentialAction\":[{\"@type\":\"ReadAction\",\"target\":[\"https:\\\/\\\/biomaxi.ch\\\/produit\\\/prevenir-vaincre-cancer-prevention-jean-pierre-willem\\\/\"]}]},{\"@type\":\"ImageObject\",\"inLanguage\":\"de\",\"@id\":\"https:\\\/\\\/biomaxi.ch\\\/produit\\\/prevenir-vaincre-cancer-prevention-jean-pierre-willem\\\/#primaryimage\",\"url\":\"https:\\\/\\\/biomaxi.ch\\\/wp-content\\\/uploads\\\/2026\\\/03\\\/Prevenir-et-vaincre-le-cancer.jpg\",\"contentUrl\":\"https:\\\/\\\/biomaxi.ch\\\/wp-content\\\/uploads\\\/2026\\\/03\\\/Prevenir-et-vaincre-le-cancer.jpg\",\"width\":184,\"height\":274},{\"@type\":\"BreadcrumbList\",\"@id\":\"https:\\\/\\\/biomaxi.ch\\\/produit\\\/prevenir-vaincre-cancer-prevention-jean-pierre-willem\\\/#breadcrumb\",\"itemListElement\":[{\"@type\":\"ListItem\",\"position\":1,\"name\":\"Accueil\",\"item\":\"https:\\\/\\\/biomaxi.ch\\\/de\\\/\"},{\"@type\":\"ListItem\",\"position\":2,\"name\":\"Produits\",\"item\":\"https:\\\/\\\/biomaxi.ch\\\/produits\\\/\"},{\"@type\":\"ListItem\",\"position\":3,\"name\":\"Pr\u00e9venir et vaincre la cancer\"}]},{\"@type\":\"WebSite\",\"@id\":\"https:\\\/\\\/biomaxi.ch\\\/#website\",\"url\":\"https:\\\/\\\/biomaxi.ch\\\/\",\"name\":\"Biomaxi\",\"description\":\"Compl\u00e9ments alimentaires bio d&#039;origine suisse bio et naturels\",\"publisher\":{\"@id\":\"https:\\\/\\\/biomaxi.ch\\\/#organization\"},\"potentialAction\":[{\"@type\":\"SearchAction\",\"target\":{\"@type\":\"EntryPoint\",\"urlTemplate\":\"https:\\\/\\\/biomaxi.ch\\\/?s={search_term_string}\"},\"query-input\":{\"@type\":\"PropertyValueSpecification\",\"valueRequired\":true,\"valueName\":\"search_term_string\"}}],\"inLanguage\":\"de\"},{\"@type\":\"Organization\",\"@id\":\"https:\\\/\\\/biomaxi.ch\\\/#organization\",\"name\":\"Biomaxi\",\"url\":\"https:\\\/\\\/biomaxi.ch\\\/\",\"logo\":{\"@type\":\"ImageObject\",\"inLanguage\":\"de\",\"@id\":\"https:\\\/\\\/biomaxi.ch\\\/#\\\/schema\\\/logo\\\/image\\\/\",\"url\":\"https:\\\/\\\/biomaxi.ch\\\/wp-content\\\/uploads\\\/2024\\\/05\\\/LogoBiomaxiSite-1014x1024-1.jpg\",\"contentUrl\":\"https:\\\/\\\/biomaxi.ch\\\/wp-content\\\/uploads\\\/2024\\\/05\\\/LogoBiomaxiSite-1014x1024-1.jpg\",\"width\":1014,\"height\":1024,\"caption\":\"Biomaxi\"},\"image\":{\"@id\":\"https:\\\/\\\/biomaxi.ch\\\/#\\\/schema\\\/logo\\\/image\\\/\"},\"sameAs\":[\"https:\\\/\\\/www.facebook.com\\\/biomaxisuisse\\\/\",\"https:\\\/\\\/www.instagram.com\\\/phytinov\\\/\"]}]}<\/script>\n<!-- \/ Yoast SEO plugin. -->","yoast_head_json":{"title":"Pr\u00e9venir et vaincre le cancer \u2013 Pr\u00e9vention et approches compl\u00e9mentaires - Dr Jean-Pierre Willem | biomaxi.ch","description":"Cancer, pr\u00e9vention du cancer et compr\u00e9hension de la maladie : le Dr Jean-Pierre Willem explique les m\u00e9canismes du cancer, les m\u00e9thodes de d\u00e9pistage et les diff\u00e9rentes strat\u00e9gies th\u00e9rapeutiques. Ce livre pr\u00e9sente les traitements m\u00e9dicaux classiques, les approches compl\u00e9mentaires et les mesures d\u2019hygi\u00e8ne de vie pouvant aider \u00e0 accompagner la maladie et \u00e0 renforcer l\u2019organisme face \u00e0 cette pathologie.","robots":{"index":"index","follow":"follow","max-snippet":"max-snippet:-1","max-image-preview":"max-image-preview:large","max-video-preview":"max-video-preview:-1"},"canonical":"https:\/\/biomaxi.ch\/produit\/prevenir-vaincre-cancer-prevention-jean-pierre-willem\/","og_locale":"de_DE","og_type":"article","og_title":"Pr\u00e9venir et vaincre le cancer \u2013 Pr\u00e9vention et approches compl\u00e9mentaires - Dr Jean-Pierre Willem | biomaxi.ch","og_description":"Cancer, pr\u00e9vention du cancer et compr\u00e9hension de la maladie : le Dr Jean-Pierre Willem explique les m\u00e9canismes du cancer, les m\u00e9thodes de d\u00e9pistage et les diff\u00e9rentes strat\u00e9gies th\u00e9rapeutiques. Ce livre pr\u00e9sente les traitements m\u00e9dicaux classiques, les approches compl\u00e9mentaires et les mesures d\u2019hygi\u00e8ne de vie pouvant aider \u00e0 accompagner la maladie et \u00e0 renforcer l\u2019organisme face \u00e0 cette pathologie.","og_url":"https:\/\/biomaxi.ch\/produit\/prevenir-vaincre-cancer-prevention-jean-pierre-willem\/","og_site_name":"Biomaxi","article_publisher":"https:\/\/www.facebook.com\/biomaxisuisse\/","article_modified_time":"2026-03-04T16:19:55+00:00","og_image":[{"width":184,"height":274,"url":"https:\/\/biomaxi.ch\/wp-content\/uploads\/2026\/03\/Prevenir-et-vaincre-le-cancer.jpg","type":"image\/jpeg"}],"twitter_card":"summary_large_image","twitter_misc":{"Gesch\u00e4tzte Lesezeit":"1\u00a0Minute"},"schema":{"@context":"https:\/\/schema.org","@graph":[{"@type":"WebPage","@id":"https:\/\/biomaxi.ch\/produit\/prevenir-vaincre-cancer-prevention-jean-pierre-willem\/","url":"https:\/\/biomaxi.ch\/produit\/prevenir-vaincre-cancer-prevention-jean-pierre-willem\/","name":"Pr\u00e9venir et vaincre le cancer \u2013 Pr\u00e9vention et approches compl\u00e9mentaires - Dr Jean-Pierre Willem | biomaxi.ch","isPartOf":{"@id":"https:\/\/biomaxi.ch\/#website"},"primaryImageOfPage":{"@id":"https:\/\/biomaxi.ch\/produit\/prevenir-vaincre-cancer-prevention-jean-pierre-willem\/#primaryimage"},"image":{"@id":"https:\/\/biomaxi.ch\/produit\/prevenir-vaincre-cancer-prevention-jean-pierre-willem\/#primaryimage"},"thumbnailUrl":"https:\/\/biomaxi.ch\/wp-content\/uploads\/2026\/03\/Prevenir-et-vaincre-le-cancer.jpg","datePublished":"2026-03-04T16:14:48+00:00","dateModified":"2026-03-04T16:19:55+00:00","description":"Cancer, pr\u00e9vention du cancer et compr\u00e9hension de la maladie : le Dr Jean-Pierre Willem explique les m\u00e9canismes du cancer, les m\u00e9thodes de d\u00e9pistage et les diff\u00e9rentes strat\u00e9gies th\u00e9rapeutiques. Ce livre pr\u00e9sente les traitements m\u00e9dicaux classiques, les approches compl\u00e9mentaires et les mesures d\u2019hygi\u00e8ne de vie pouvant aider \u00e0 accompagner la maladie et \u00e0 renforcer l\u2019organisme face \u00e0 cette pathologie.","breadcrumb":{"@id":"https:\/\/biomaxi.ch\/produit\/prevenir-vaincre-cancer-prevention-jean-pierre-willem\/#breadcrumb"},"inLanguage":"de","potentialAction":[{"@type":"ReadAction","target":["https:\/\/biomaxi.ch\/produit\/prevenir-vaincre-cancer-prevention-jean-pierre-willem\/"]}]},{"@type":"ImageObject","inLanguage":"de","@id":"https:\/\/biomaxi.ch\/produit\/prevenir-vaincre-cancer-prevention-jean-pierre-willem\/#primaryimage","url":"https:\/\/biomaxi.ch\/wp-content\/uploads\/2026\/03\/Prevenir-et-vaincre-le-cancer.jpg","contentUrl":"https:\/\/biomaxi.ch\/wp-content\/uploads\/2026\/03\/Prevenir-et-vaincre-le-cancer.jpg","width":184,"height":274},{"@type":"BreadcrumbList","@id":"https:\/\/biomaxi.ch\/produit\/prevenir-vaincre-cancer-prevention-jean-pierre-willem\/#breadcrumb","itemListElement":[{"@type":"ListItem","position":1,"name":"Accueil","item":"https:\/\/biomaxi.ch\/de\/"},{"@type":"ListItem","position":2,"name":"Produits","item":"https:\/\/biomaxi.ch\/produits\/"},{"@type":"ListItem","position":3,"name":"Pr\u00e9venir et vaincre la cancer"}]},{"@type":"WebSite","@id":"https:\/\/biomaxi.ch\/#website","url":"https:\/\/biomaxi.ch\/","name":"Biomaxi","description":"Compl\u00e9ments alimentaires bio d&#039;origine suisse bio et naturels","publisher":{"@id":"https:\/\/biomaxi.ch\/#organization"},"potentialAction":[{"@type":"SearchAction","target":{"@type":"EntryPoint","urlTemplate":"https:\/\/biomaxi.ch\/?s={search_term_string}"},"query-input":{"@type":"PropertyValueSpecification","valueRequired":true,"valueName":"search_term_string"}}],"inLanguage":"de"},{"@type":"Organization","@id":"https:\/\/biomaxi.ch\/#organization","name":"Biomaxi","url":"https:\/\/biomaxi.ch\/","logo":{"@type":"ImageObject","inLanguage":"de","@id":"https:\/\/biomaxi.ch\/#\/schema\/logo\/image\/","url":"https:\/\/biomaxi.ch\/wp-content\/uploads\/2024\/05\/LogoBiomaxiSite-1014x1024-1.jpg","contentUrl":"https:\/\/biomaxi.ch\/wp-content\/uploads\/2024\/05\/LogoBiomaxiSite-1014x1024-1.jpg","width":1014,"height":1024,"caption":"Biomaxi"},"image":{"@id":"https:\/\/biomaxi.ch\/#\/schema\/logo\/image\/"},"sameAs":["https:\/\/www.facebook.com\/biomaxisuisse\/","https:\/\/www.instagram.com\/phytinov\/"]}]}},"_links":{"self":[{"href":"https:\/\/biomaxi.ch\/de\/wp-json\/wp\/v2\/product\/31783","targetHints":{"allow":["GET"]}}],"collection":[{"href":"https:\/\/biomaxi.ch\/de\/wp-json\/wp\/v2\/product"}],"about":[{"href":"https:\/\/biomaxi.ch\/de\/wp-json\/wp\/v2\/types\/product"}],"replies":[{"embeddable":true,"href":"https:\/\/biomaxi.ch\/de\/wp-json\/wp\/v2\/comments?post=31783"}],"wp:featuredmedia":[{"embeddable":true,"href":"https:\/\/biomaxi.ch\/de\/wp-json\/wp\/v2\/media\/31736"}],"wp:attachment":[{"href":"https:\/\/biomaxi.ch\/de\/wp-json\/wp\/v2\/media?parent=31783"}],"wp:term":[{"taxonomy":"product_brand","embeddable":true,"href":"https:\/\/biomaxi.ch\/de\/wp-json\/wp\/v2\/product_brand?post=31783"},{"taxonomy":"product_cat","embeddable":true,"href":"https:\/\/biomaxi.ch\/de\/wp-json\/wp\/v2\/product_cat?post=31783"},{"taxonomy":"product_tag","embeddable":true,"href":"https:\/\/biomaxi.ch\/de\/wp-json\/wp\/v2\/product_tag?post=31783"}],"curies":[{"name":"wp","href":"https:\/\/api.w.org\/{rel}","templated":true}]}}