{"id":31775,"date":"2026-03-04T16:54:48","date_gmt":"2026-03-04T15:54:48","guid":{"rendered":"https:\/\/biomaxi.ch\/?post_type=product&#038;p=31775"},"modified":"2026-03-04T17:08:02","modified_gmt":"2026-03-04T16:08:02","slug":"100-ordonnances-naturelles-100-maladies-courantes-jean-pierre-willem","status":"publish","type":"product","link":"https:\/\/biomaxi.ch\/de\/produit\/100-ordonnances-naturelles-100-maladies-courantes-jean-pierre-willem\/","title":{"rendered":"100 ordonnances naturelles pour 100 maladies courantes"},"content":{"rendered":"<p>Auteur : Dr. Jean-Pierre WILLEM<\/p>\n<p>Nombre de pages : 611 pages<br \/>\nFormat : 24,00 x 16,00 x 5,20 cm<br \/>\nPoids : 0.9800 kg<\/p>\n<p>Parution : 24.03.2022<\/p>\n<p>Editeur : Tr\u00e9daniel la Maisnie<\/p>\n","protected":false},"excerpt":{"rendered":"<p><b>100 ORDONNANCES NATURELLES POUR 100 MALADIES COURANTES<\/b><\/p>\n<p>Cette \u00e9dition remani\u00e9e et augment\u00e9e est un guide m\u00e9dical, pr\u00e9sent\u00e9 sous la forme d&#8217;un r\u00e9pertoire qui associe toute la panoplie des m\u00e9decines naturelles \u00e0 notre disposition.<\/p>\n<p>Ce livre est un tr\u00e9sor d&#8217;explications pratiques et de conseils donn\u00e9s par Jean-Pierre Willem, un m\u00e9decin qui poss\u00e8de un long parcours m\u00e9dical pratique. Il se r\u00e9f\u00e8re \u00e0 une m\u00e9decine globale et humaniste avec une prise en charge totalement individualis\u00e9e associant les derni\u00e8res d\u00e9couvertes th\u00e9rapeutiques.<\/p>\n<p>Cet ouvrage d\u00e9cline pour chaque maladie :<\/p>\n<p>\u2022 Les sympt\u00f4mes pour bien la reconnaitre.<br \/>\n\u2022 Les causes pour \u00e9viter la r\u00e9cidive.<br \/>\n\u2022 Les traitements allopathiques classiques et leurs inconv\u00e9nients.<br \/>\n\u2022 Les traitements naturels (phyto-aromath\u00e9rapie, hom\u00e9opathie, gemmoth\u00e9rapie, oligoth\u00e9rapie, nutrith\u00e9rapie&#8230;)<br \/>\n\u2022 Les conseils et les conditions optimales de leur approche. Chacun pourra alors choisir la pratique qui lui convient le mieux.<br \/>\n\u2022 Les examens compl\u00e9mentaires \u00e0 effectuer pour pr\u00e9ciser le diagnostic.<\/p>\n<p>L&#8217;originalit\u00e9 de ce livre est de traiter des pathologies qui ne sont trait\u00e9es nulle part. Beaucoup d&#8217;entre elles sont contemporaines et souvent peu accessibles \u00e0 la m\u00e9decine officielle (maladies auto-immunes, maladies neurod\u00e9g\u00e9n\u00e9ratives, endom\u00e9triose et autres maladies lourdes&#8230;).<\/p>\n<p>Fruit de recherches et d&#8217;une tr\u00e8s longue exp\u00e9rience, cet ouvrage de r\u00e9f\u00e9rence vous aidera \u00e0 vous prendre en charge pour que vous puissiez devenir acteur de votre gu\u00e9rison.<\/p>\n","protected":false},"featured_media":31776,"comment_status":"open","ping_status":"closed","template":"","meta":{"_et_pb_use_builder":"","_et_pb_old_content":"","_et_gb_content_width":""},"product_brand":[],"product_cat":[174,178,175],"product_tag":[112,121,189],"class_list":{"0":"post-31775","1":"product","2":"type-product","3":"status-publish","4":"has-post-thumbnail","6":"product_cat-complements","7":"product_cat-lib","8":"product_cat-phytinov","9":"product_tag-complement","10":"product_tag-complements","11":"product_tag-tonus-et-defense","13":"first","14":"instock","15":"sale","16":"shipping-taxable","17":"purchasable","18":"product-type-simple"},"yoast_head":"<!-- This site is optimized with the Yoast SEO plugin v27.3 - https:\/\/yoast.com\/product\/yoast-seo-wordpress\/ -->\n<title>100 ordonnances naturelles pour 100 maladies courantes - Dr Jean-Pierre Willem | biomaxi.ch<\/title>\n<meta name=\"description\" content=\"Ordonnances naturelles, traitements naturels et maladies courantes : le Dr Jean-Pierre Willem pr\u00e9sente 100 solutions pour comprendre les sympt\u00f4mes, identifier les causes et choisir les approches th\u00e9rapeutiques adapt\u00e9es. Ce guide associe m\u00e9decine conventionnelle et m\u00e9decines naturelles comme la phytoth\u00e9rapie, l\u2019aromath\u00e9rapie, l\u2019hom\u00e9opathie ou la nutrith\u00e9rapie pour accompagner de nombreuses pathologies du quotidien.\" \/>\n<meta name=\"robots\" content=\"index, follow, max-snippet:-1, max-image-preview:large, max-video-preview:-1\" \/>\n<link rel=\"canonical\" href=\"https:\/\/biomaxi.ch\/produit\/100-ordonnances-naturelles-100-maladies-courantes-jean-pierre-willem\/\" \/>\n<meta property=\"og:locale\" content=\"de_DE\" \/>\n<meta property=\"og:type\" content=\"article\" \/>\n<meta property=\"og:title\" content=\"100 ordonnances naturelles pour 100 maladies courantes - Dr Jean-Pierre Willem | biomaxi.ch\" \/>\n<meta property=\"og:description\" content=\"Ordonnances naturelles, traitements naturels et maladies courantes : le Dr Jean-Pierre Willem pr\u00e9sente 100 solutions pour comprendre les sympt\u00f4mes, identifier les causes et choisir les approches th\u00e9rapeutiques adapt\u00e9es. Ce guide associe m\u00e9decine conventionnelle et m\u00e9decines naturelles comme la phytoth\u00e9rapie, l\u2019aromath\u00e9rapie, l\u2019hom\u00e9opathie ou la nutrith\u00e9rapie pour accompagner de nombreuses pathologies du quotidien.\" \/>\n<meta property=\"og:url\" content=\"https:\/\/biomaxi.ch\/produit\/100-ordonnances-naturelles-100-maladies-courantes-jean-pierre-willem\/\" \/>\n<meta property=\"og:site_name\" content=\"Biomaxi\" \/>\n<meta property=\"article:publisher\" content=\"https:\/\/www.facebook.com\/biomaxisuisse\/\" \/>\n<meta property=\"article:modified_time\" content=\"2026-03-04T16:08:02+00:00\" \/>\n<meta property=\"og:image\" content=\"https:\/\/biomaxi.ch\/wp-content\/uploads\/2026\/03\/100-ordonnances-naturelles-pour-100-maladies-courantes-1.jpg\" \/>\n\t<meta property=\"og:image:width\" content=\"400\" \/>\n\t<meta property=\"og:image:height\" content=\"599\" \/>\n\t<meta property=\"og:image:type\" content=\"image\/jpeg\" \/>\n<meta name=\"twitter:card\" content=\"summary_large_image\" \/>\n<meta name=\"twitter:label1\" content=\"Gesch\u00e4tzte Lesezeit\" \/>\n\t<meta name=\"twitter:data1\" content=\"1\u00a0Minute\" \/>\n<script type=\"application\/ld+json\" class=\"yoast-schema-graph\">{\"@context\":\"https:\\\/\\\/schema.org\",\"@graph\":[{\"@type\":\"WebPage\",\"@id\":\"https:\\\/\\\/biomaxi.ch\\\/produit\\\/100-ordonnances-naturelles-100-maladies-courantes-jean-pierre-willem\\\/\",\"url\":\"https:\\\/\\\/biomaxi.ch\\\/produit\\\/100-ordonnances-naturelles-100-maladies-courantes-jean-pierre-willem\\\/\",\"name\":\"100 ordonnances naturelles pour 100 maladies courantes - Dr Jean-Pierre Willem | biomaxi.ch\",\"isPartOf\":{\"@id\":\"https:\\\/\\\/biomaxi.ch\\\/#website\"},\"primaryImageOfPage\":{\"@id\":\"https:\\\/\\\/biomaxi.ch\\\/produit\\\/100-ordonnances-naturelles-100-maladies-courantes-jean-pierre-willem\\\/#primaryimage\"},\"image\":{\"@id\":\"https:\\\/\\\/biomaxi.ch\\\/produit\\\/100-ordonnances-naturelles-100-maladies-courantes-jean-pierre-willem\\\/#primaryimage\"},\"thumbnailUrl\":\"https:\\\/\\\/biomaxi.ch\\\/wp-content\\\/uploads\\\/2026\\\/03\\\/100-ordonnances-naturelles-pour-100-maladies-courantes-1.jpg\",\"datePublished\":\"2026-03-04T15:54:48+00:00\",\"dateModified\":\"2026-03-04T16:08:02+00:00\",\"description\":\"Ordonnances naturelles, traitements naturels et maladies courantes : le Dr Jean-Pierre Willem pr\u00e9sente 100 solutions pour comprendre les sympt\u00f4mes, identifier les causes et choisir les approches th\u00e9rapeutiques adapt\u00e9es. Ce guide associe m\u00e9decine conventionnelle et m\u00e9decines naturelles comme la phytoth\u00e9rapie, l\u2019aromath\u00e9rapie, l\u2019hom\u00e9opathie ou la nutrith\u00e9rapie pour accompagner de nombreuses pathologies du quotidien.\",\"breadcrumb\":{\"@id\":\"https:\\\/\\\/biomaxi.ch\\\/produit\\\/100-ordonnances-naturelles-100-maladies-courantes-jean-pierre-willem\\\/#breadcrumb\"},\"inLanguage\":\"de\",\"potentialAction\":[{\"@type\":\"ReadAction\",\"target\":[\"https:\\\/\\\/biomaxi.ch\\\/produit\\\/100-ordonnances-naturelles-100-maladies-courantes-jean-pierre-willem\\\/\"]}]},{\"@type\":\"ImageObject\",\"inLanguage\":\"de\",\"@id\":\"https:\\\/\\\/biomaxi.ch\\\/produit\\\/100-ordonnances-naturelles-100-maladies-courantes-jean-pierre-willem\\\/#primaryimage\",\"url\":\"https:\\\/\\\/biomaxi.ch\\\/wp-content\\\/uploads\\\/2026\\\/03\\\/100-ordonnances-naturelles-pour-100-maladies-courantes-1.jpg\",\"contentUrl\":\"https:\\\/\\\/biomaxi.ch\\\/wp-content\\\/uploads\\\/2026\\\/03\\\/100-ordonnances-naturelles-pour-100-maladies-courantes-1.jpg\",\"width\":400,\"height\":599},{\"@type\":\"BreadcrumbList\",\"@id\":\"https:\\\/\\\/biomaxi.ch\\\/produit\\\/100-ordonnances-naturelles-100-maladies-courantes-jean-pierre-willem\\\/#breadcrumb\",\"itemListElement\":[{\"@type\":\"ListItem\",\"position\":1,\"name\":\"Accueil\",\"item\":\"https:\\\/\\\/biomaxi.ch\\\/de\\\/\"},{\"@type\":\"ListItem\",\"position\":2,\"name\":\"Produits\",\"item\":\"https:\\\/\\\/biomaxi.ch\\\/produits\\\/\"},{\"@type\":\"ListItem\",\"position\":3,\"name\":\"100 ordonnances naturelles pour 100 maladies courantes\"}]},{\"@type\":\"WebSite\",\"@id\":\"https:\\\/\\\/biomaxi.ch\\\/#website\",\"url\":\"https:\\\/\\\/biomaxi.ch\\\/\",\"name\":\"Biomaxi\",\"description\":\"Compl\u00e9ments alimentaires bio d&#039;origine suisse bio et naturels\",\"publisher\":{\"@id\":\"https:\\\/\\\/biomaxi.ch\\\/#organization\"},\"potentialAction\":[{\"@type\":\"SearchAction\",\"target\":{\"@type\":\"EntryPoint\",\"urlTemplate\":\"https:\\\/\\\/biomaxi.ch\\\/?s={search_term_string}\"},\"query-input\":{\"@type\":\"PropertyValueSpecification\",\"valueRequired\":true,\"valueName\":\"search_term_string\"}}],\"inLanguage\":\"de\"},{\"@type\":\"Organization\",\"@id\":\"https:\\\/\\\/biomaxi.ch\\\/#organization\",\"name\":\"Biomaxi\",\"url\":\"https:\\\/\\\/biomaxi.ch\\\/\",\"logo\":{\"@type\":\"ImageObject\",\"inLanguage\":\"de\",\"@id\":\"https:\\\/\\\/biomaxi.ch\\\/#\\\/schema\\\/logo\\\/image\\\/\",\"url\":\"https:\\\/\\\/biomaxi.ch\\\/wp-content\\\/uploads\\\/2024\\\/05\\\/LogoBiomaxiSite-1014x1024-1.jpg\",\"contentUrl\":\"https:\\\/\\\/biomaxi.ch\\\/wp-content\\\/uploads\\\/2024\\\/05\\\/LogoBiomaxiSite-1014x1024-1.jpg\",\"width\":1014,\"height\":1024,\"caption\":\"Biomaxi\"},\"image\":{\"@id\":\"https:\\\/\\\/biomaxi.ch\\\/#\\\/schema\\\/logo\\\/image\\\/\"},\"sameAs\":[\"https:\\\/\\\/www.facebook.com\\\/biomaxisuisse\\\/\",\"https:\\\/\\\/www.instagram.com\\\/phytinov\\\/\"]}]}<\/script>\n<!-- \/ Yoast SEO plugin. -->","yoast_head_json":{"title":"100 ordonnances naturelles pour 100 maladies courantes - Dr Jean-Pierre Willem | biomaxi.ch","description":"Ordonnances naturelles, traitements naturels et maladies courantes : le Dr Jean-Pierre Willem pr\u00e9sente 100 solutions pour comprendre les sympt\u00f4mes, identifier les causes et choisir les approches th\u00e9rapeutiques adapt\u00e9es. Ce guide associe m\u00e9decine conventionnelle et m\u00e9decines naturelles comme la phytoth\u00e9rapie, l\u2019aromath\u00e9rapie, l\u2019hom\u00e9opathie ou la nutrith\u00e9rapie pour accompagner de nombreuses pathologies du quotidien.","robots":{"index":"index","follow":"follow","max-snippet":"max-snippet:-1","max-image-preview":"max-image-preview:large","max-video-preview":"max-video-preview:-1"},"canonical":"https:\/\/biomaxi.ch\/produit\/100-ordonnances-naturelles-100-maladies-courantes-jean-pierre-willem\/","og_locale":"de_DE","og_type":"article","og_title":"100 ordonnances naturelles pour 100 maladies courantes - Dr Jean-Pierre Willem | biomaxi.ch","og_description":"Ordonnances naturelles, traitements naturels et maladies courantes : le Dr Jean-Pierre Willem pr\u00e9sente 100 solutions pour comprendre les sympt\u00f4mes, identifier les causes et choisir les approches th\u00e9rapeutiques adapt\u00e9es. Ce guide associe m\u00e9decine conventionnelle et m\u00e9decines naturelles comme la phytoth\u00e9rapie, l\u2019aromath\u00e9rapie, l\u2019hom\u00e9opathie ou la nutrith\u00e9rapie pour accompagner de nombreuses pathologies du quotidien.","og_url":"https:\/\/biomaxi.ch\/produit\/100-ordonnances-naturelles-100-maladies-courantes-jean-pierre-willem\/","og_site_name":"Biomaxi","article_publisher":"https:\/\/www.facebook.com\/biomaxisuisse\/","article_modified_time":"2026-03-04T16:08:02+00:00","og_image":[{"width":400,"height":599,"url":"https:\/\/biomaxi.ch\/wp-content\/uploads\/2026\/03\/100-ordonnances-naturelles-pour-100-maladies-courantes-1.jpg","type":"image\/jpeg"}],"twitter_card":"summary_large_image","twitter_misc":{"Gesch\u00e4tzte Lesezeit":"1\u00a0Minute"},"schema":{"@context":"https:\/\/schema.org","@graph":[{"@type":"WebPage","@id":"https:\/\/biomaxi.ch\/produit\/100-ordonnances-naturelles-100-maladies-courantes-jean-pierre-willem\/","url":"https:\/\/biomaxi.ch\/produit\/100-ordonnances-naturelles-100-maladies-courantes-jean-pierre-willem\/","name":"100 ordonnances naturelles pour 100 maladies courantes - Dr Jean-Pierre Willem | biomaxi.ch","isPartOf":{"@id":"https:\/\/biomaxi.ch\/#website"},"primaryImageOfPage":{"@id":"https:\/\/biomaxi.ch\/produit\/100-ordonnances-naturelles-100-maladies-courantes-jean-pierre-willem\/#primaryimage"},"image":{"@id":"https:\/\/biomaxi.ch\/produit\/100-ordonnances-naturelles-100-maladies-courantes-jean-pierre-willem\/#primaryimage"},"thumbnailUrl":"https:\/\/biomaxi.ch\/wp-content\/uploads\/2026\/03\/100-ordonnances-naturelles-pour-100-maladies-courantes-1.jpg","datePublished":"2026-03-04T15:54:48+00:00","dateModified":"2026-03-04T16:08:02+00:00","description":"Ordonnances naturelles, traitements naturels et maladies courantes : le Dr Jean-Pierre Willem pr\u00e9sente 100 solutions pour comprendre les sympt\u00f4mes, identifier les causes et choisir les approches th\u00e9rapeutiques adapt\u00e9es. Ce guide associe m\u00e9decine conventionnelle et m\u00e9decines naturelles comme la phytoth\u00e9rapie, l\u2019aromath\u00e9rapie, l\u2019hom\u00e9opathie ou la nutrith\u00e9rapie pour accompagner de nombreuses pathologies du quotidien.","breadcrumb":{"@id":"https:\/\/biomaxi.ch\/produit\/100-ordonnances-naturelles-100-maladies-courantes-jean-pierre-willem\/#breadcrumb"},"inLanguage":"de","potentialAction":[{"@type":"ReadAction","target":["https:\/\/biomaxi.ch\/produit\/100-ordonnances-naturelles-100-maladies-courantes-jean-pierre-willem\/"]}]},{"@type":"ImageObject","inLanguage":"de","@id":"https:\/\/biomaxi.ch\/produit\/100-ordonnances-naturelles-100-maladies-courantes-jean-pierre-willem\/#primaryimage","url":"https:\/\/biomaxi.ch\/wp-content\/uploads\/2026\/03\/100-ordonnances-naturelles-pour-100-maladies-courantes-1.jpg","contentUrl":"https:\/\/biomaxi.ch\/wp-content\/uploads\/2026\/03\/100-ordonnances-naturelles-pour-100-maladies-courantes-1.jpg","width":400,"height":599},{"@type":"BreadcrumbList","@id":"https:\/\/biomaxi.ch\/produit\/100-ordonnances-naturelles-100-maladies-courantes-jean-pierre-willem\/#breadcrumb","itemListElement":[{"@type":"ListItem","position":1,"name":"Accueil","item":"https:\/\/biomaxi.ch\/de\/"},{"@type":"ListItem","position":2,"name":"Produits","item":"https:\/\/biomaxi.ch\/produits\/"},{"@type":"ListItem","position":3,"name":"100 ordonnances naturelles pour 100 maladies courantes"}]},{"@type":"WebSite","@id":"https:\/\/biomaxi.ch\/#website","url":"https:\/\/biomaxi.ch\/","name":"Biomaxi","description":"Compl\u00e9ments alimentaires bio d&#039;origine suisse bio et naturels","publisher":{"@id":"https:\/\/biomaxi.ch\/#organization"},"potentialAction":[{"@type":"SearchAction","target":{"@type":"EntryPoint","urlTemplate":"https:\/\/biomaxi.ch\/?s={search_term_string}"},"query-input":{"@type":"PropertyValueSpecification","valueRequired":true,"valueName":"search_term_string"}}],"inLanguage":"de"},{"@type":"Organization","@id":"https:\/\/biomaxi.ch\/#organization","name":"Biomaxi","url":"https:\/\/biomaxi.ch\/","logo":{"@type":"ImageObject","inLanguage":"de","@id":"https:\/\/biomaxi.ch\/#\/schema\/logo\/image\/","url":"https:\/\/biomaxi.ch\/wp-content\/uploads\/2024\/05\/LogoBiomaxiSite-1014x1024-1.jpg","contentUrl":"https:\/\/biomaxi.ch\/wp-content\/uploads\/2024\/05\/LogoBiomaxiSite-1014x1024-1.jpg","width":1014,"height":1024,"caption":"Biomaxi"},"image":{"@id":"https:\/\/biomaxi.ch\/#\/schema\/logo\/image\/"},"sameAs":["https:\/\/www.facebook.com\/biomaxisuisse\/","https:\/\/www.instagram.com\/phytinov\/"]}]}},"_links":{"self":[{"href":"https:\/\/biomaxi.ch\/de\/wp-json\/wp\/v2\/product\/31775","targetHints":{"allow":["GET"]}}],"collection":[{"href":"https:\/\/biomaxi.ch\/de\/wp-json\/wp\/v2\/product"}],"about":[{"href":"https:\/\/biomaxi.ch\/de\/wp-json\/wp\/v2\/types\/product"}],"replies":[{"embeddable":true,"href":"https:\/\/biomaxi.ch\/de\/wp-json\/wp\/v2\/comments?post=31775"}],"wp:featuredmedia":[{"embeddable":true,"href":"https:\/\/biomaxi.ch\/de\/wp-json\/wp\/v2\/media\/31776"}],"wp:attachment":[{"href":"https:\/\/biomaxi.ch\/de\/wp-json\/wp\/v2\/media?parent=31775"}],"wp:term":[{"taxonomy":"product_brand","embeddable":true,"href":"https:\/\/biomaxi.ch\/de\/wp-json\/wp\/v2\/product_brand?post=31775"},{"taxonomy":"product_cat","embeddable":true,"href":"https:\/\/biomaxi.ch\/de\/wp-json\/wp\/v2\/product_cat?post=31775"},{"taxonomy":"product_tag","embeddable":true,"href":"https:\/\/biomaxi.ch\/de\/wp-json\/wp\/v2\/product_tag?post=31775"}],"curies":[{"name":"wp","href":"https:\/\/api.w.org\/{rel}","templated":true}]}}