{"id":31774,"date":"2026-03-04T16:45:26","date_gmt":"2026-03-04T15:45:26","guid":{"rendered":"https:\/\/biomaxi.ch\/?post_type=product&#038;p=31774"},"modified":"2026-03-04T16:52:48","modified_gmt":"2026-03-04T15:52:48","slug":"intolerances-alimentaires-sante-jean-pierre-willem","status":"publish","type":"product","link":"https:\/\/biomaxi.ch\/de\/produit\/intolerances-alimentaires-sante-jean-pierre-willem\/","title":{"rendered":"Intol\u00e9rances Alimentaires"},"content":{"rendered":"<p>Auteur : Dr. Jean-Pierre WILLEM<\/p>\n<p>Nombre de pages : 410 pages<br \/>\nFormat : 24,00 x 16,00 x 3,40 cm<br \/>\nPoids : 0.6800 kg<\/p>\n<p>Parution : janvier 2012<\/p>\n<p>Editeur : Tredaniel La Maisnie<\/p>\n","protected":false},"excerpt":{"rendered":"<p>Je ne veux plus \u00eatre malade ! Intol\u00e9rances Alimentaires. La cl\u00e9 d&#8217;une bonne sant\u00e9.<\/p>\n<p>Et si l&#8217;origine de nombreuses maladies \u00e9tait une intol\u00e9rance alimentaire ? Et si certains m\u00e9decins n&#8217;avaient pas encore identifi\u00e9 la relation de cause \u00e0 effet entre des aliments de consommation courante et des sympt\u00f4mes chroniques, empoisonnant la vie et le sang des gens des ann\u00e9es durant ?<\/p>\n<p>Dans notre monde moderne, on peut affirmer que 80 % des personnes seraient intol\u00e9rantes aux cas\u00e9ines des laitages et fromages, au gluten, \u00e0 la levure de boulanger, aux cacahu\u00e8tes, \u00e0 l&#8217;ovalbumine de l&#8217;oeuf.<\/p>\n","protected":false},"featured_media":31722,"comment_status":"open","ping_status":"closed","template":"","meta":{"_et_pb_use_builder":"","_et_pb_old_content":"","_et_gb_content_width":""},"product_brand":[],"product_cat":[174,178,175],"product_tag":[112,121,189],"class_list":{"0":"post-31774","1":"product","2":"type-product","3":"status-publish","4":"has-post-thumbnail","6":"product_cat-complements","7":"product_cat-lib","8":"product_cat-phytinov","9":"product_tag-complement","10":"product_tag-complements","11":"product_tag-tonus-et-defense","13":"first","14":"instock","15":"sale","16":"shipping-taxable","17":"purchasable","18":"product-type-simple"},"yoast_head":"<!-- This site is optimized with the Yoast SEO plugin v27.3 - https:\/\/yoast.com\/product\/yoast-seo-wordpress\/ -->\n<title>Intol\u00e9rances alimentaires \u2013 Causes, sympt\u00f4mes et solutions - Dr Jean-Pierre Willem | biomaxi.ch<\/title>\n<meta name=\"description\" content=\"Intol\u00e9rances alimentaires, gluten, lait, levures et allergies alimentaires : le Dr Jean-Pierre Willem explique comment certaines prot\u00e9ines ou aliments peuvent perturber l\u2019organisme et provoquer fatigue, troubles digestifs ou inflammations. Ce livre pr\u00e9sente les causes possibles des intol\u00e9rances alimentaires et propose des approches pour mieux comprendre ces r\u00e9actions et am\u00e9liorer l\u2019\u00e9quilibre de sant\u00e9.\" \/>\n<meta name=\"robots\" content=\"index, follow, max-snippet:-1, max-image-preview:large, max-video-preview:-1\" \/>\n<link rel=\"canonical\" href=\"https:\/\/biomaxi.ch\/produit\/intolerances-alimentaires-sante-jean-pierre-willem\/\" \/>\n<meta property=\"og:locale\" content=\"de_DE\" \/>\n<meta property=\"og:type\" content=\"article\" \/>\n<meta property=\"og:title\" content=\"Intol\u00e9rances alimentaires \u2013 Causes, sympt\u00f4mes et solutions - Dr Jean-Pierre Willem | biomaxi.ch\" \/>\n<meta property=\"og:description\" content=\"Intol\u00e9rances alimentaires, gluten, lait, levures et allergies alimentaires : le Dr Jean-Pierre Willem explique comment certaines prot\u00e9ines ou aliments peuvent perturber l\u2019organisme et provoquer fatigue, troubles digestifs ou inflammations. Ce livre pr\u00e9sente les causes possibles des intol\u00e9rances alimentaires et propose des approches pour mieux comprendre ces r\u00e9actions et am\u00e9liorer l\u2019\u00e9quilibre de sant\u00e9.\" \/>\n<meta property=\"og:url\" content=\"https:\/\/biomaxi.ch\/produit\/intolerances-alimentaires-sante-jean-pierre-willem\/\" \/>\n<meta property=\"og:site_name\" content=\"Biomaxi\" \/>\n<meta property=\"article:publisher\" content=\"https:\/\/www.facebook.com\/biomaxisuisse\/\" \/>\n<meta property=\"article:modified_time\" content=\"2026-03-04T15:52:48+00:00\" \/>\n<meta property=\"og:image\" content=\"https:\/\/biomaxi.ch\/wp-content\/uploads\/2026\/03\/Les-intolerances-alimentaires.jpg\" \/>\n\t<meta property=\"og:image:width\" content=\"331\" \/>\n\t<meta property=\"og:image:height\" content=\"499\" \/>\n\t<meta property=\"og:image:type\" content=\"image\/jpeg\" \/>\n<meta name=\"twitter:card\" content=\"summary_large_image\" \/>\n<meta name=\"twitter:label1\" content=\"Gesch\u00e4tzte Lesezeit\" \/>\n\t<meta name=\"twitter:data1\" content=\"1\u00a0Minute\" \/>\n<script type=\"application\/ld+json\" class=\"yoast-schema-graph\">{\"@context\":\"https:\\\/\\\/schema.org\",\"@graph\":[{\"@type\":\"WebPage\",\"@id\":\"https:\\\/\\\/biomaxi.ch\\\/produit\\\/intolerances-alimentaires-sante-jean-pierre-willem\\\/\",\"url\":\"https:\\\/\\\/biomaxi.ch\\\/produit\\\/intolerances-alimentaires-sante-jean-pierre-willem\\\/\",\"name\":\"Intol\u00e9rances alimentaires \u2013 Causes, sympt\u00f4mes et solutions - Dr Jean-Pierre Willem | biomaxi.ch\",\"isPartOf\":{\"@id\":\"https:\\\/\\\/biomaxi.ch\\\/#website\"},\"primaryImageOfPage\":{\"@id\":\"https:\\\/\\\/biomaxi.ch\\\/produit\\\/intolerances-alimentaires-sante-jean-pierre-willem\\\/#primaryimage\"},\"image\":{\"@id\":\"https:\\\/\\\/biomaxi.ch\\\/produit\\\/intolerances-alimentaires-sante-jean-pierre-willem\\\/#primaryimage\"},\"thumbnailUrl\":\"https:\\\/\\\/biomaxi.ch\\\/wp-content\\\/uploads\\\/2026\\\/03\\\/Les-intolerances-alimentaires.jpg\",\"datePublished\":\"2026-03-04T15:45:26+00:00\",\"dateModified\":\"2026-03-04T15:52:48+00:00\",\"description\":\"Intol\u00e9rances alimentaires, gluten, lait, levures et allergies alimentaires : le Dr Jean-Pierre Willem explique comment certaines prot\u00e9ines ou aliments peuvent perturber l\u2019organisme et provoquer fatigue, troubles digestifs ou inflammations. Ce livre pr\u00e9sente les causes possibles des intol\u00e9rances alimentaires et propose des approches pour mieux comprendre ces r\u00e9actions et am\u00e9liorer l\u2019\u00e9quilibre de sant\u00e9.\",\"breadcrumb\":{\"@id\":\"https:\\\/\\\/biomaxi.ch\\\/produit\\\/intolerances-alimentaires-sante-jean-pierre-willem\\\/#breadcrumb\"},\"inLanguage\":\"de\",\"potentialAction\":[{\"@type\":\"ReadAction\",\"target\":[\"https:\\\/\\\/biomaxi.ch\\\/produit\\\/intolerances-alimentaires-sante-jean-pierre-willem\\\/\"]}]},{\"@type\":\"ImageObject\",\"inLanguage\":\"de\",\"@id\":\"https:\\\/\\\/biomaxi.ch\\\/produit\\\/intolerances-alimentaires-sante-jean-pierre-willem\\\/#primaryimage\",\"url\":\"https:\\\/\\\/biomaxi.ch\\\/wp-content\\\/uploads\\\/2026\\\/03\\\/Les-intolerances-alimentaires.jpg\",\"contentUrl\":\"https:\\\/\\\/biomaxi.ch\\\/wp-content\\\/uploads\\\/2026\\\/03\\\/Les-intolerances-alimentaires.jpg\",\"width\":331,\"height\":499},{\"@type\":\"BreadcrumbList\",\"@id\":\"https:\\\/\\\/biomaxi.ch\\\/produit\\\/intolerances-alimentaires-sante-jean-pierre-willem\\\/#breadcrumb\",\"itemListElement\":[{\"@type\":\"ListItem\",\"position\":1,\"name\":\"Accueil\",\"item\":\"https:\\\/\\\/biomaxi.ch\\\/de\\\/\"},{\"@type\":\"ListItem\",\"position\":2,\"name\":\"Produits\",\"item\":\"https:\\\/\\\/biomaxi.ch\\\/produits\\\/\"},{\"@type\":\"ListItem\",\"position\":3,\"name\":\"Intol\u00e9rances Alimentaires\"}]},{\"@type\":\"WebSite\",\"@id\":\"https:\\\/\\\/biomaxi.ch\\\/#website\",\"url\":\"https:\\\/\\\/biomaxi.ch\\\/\",\"name\":\"Biomaxi\",\"description\":\"Compl\u00e9ments alimentaires bio d&#039;origine suisse bio et naturels\",\"publisher\":{\"@id\":\"https:\\\/\\\/biomaxi.ch\\\/#organization\"},\"potentialAction\":[{\"@type\":\"SearchAction\",\"target\":{\"@type\":\"EntryPoint\",\"urlTemplate\":\"https:\\\/\\\/biomaxi.ch\\\/?s={search_term_string}\"},\"query-input\":{\"@type\":\"PropertyValueSpecification\",\"valueRequired\":true,\"valueName\":\"search_term_string\"}}],\"inLanguage\":\"de\"},{\"@type\":\"Organization\",\"@id\":\"https:\\\/\\\/biomaxi.ch\\\/#organization\",\"name\":\"Biomaxi\",\"url\":\"https:\\\/\\\/biomaxi.ch\\\/\",\"logo\":{\"@type\":\"ImageObject\",\"inLanguage\":\"de\",\"@id\":\"https:\\\/\\\/biomaxi.ch\\\/#\\\/schema\\\/logo\\\/image\\\/\",\"url\":\"https:\\\/\\\/biomaxi.ch\\\/wp-content\\\/uploads\\\/2024\\\/05\\\/LogoBiomaxiSite-1014x1024-1.jpg\",\"contentUrl\":\"https:\\\/\\\/biomaxi.ch\\\/wp-content\\\/uploads\\\/2024\\\/05\\\/LogoBiomaxiSite-1014x1024-1.jpg\",\"width\":1014,\"height\":1024,\"caption\":\"Biomaxi\"},\"image\":{\"@id\":\"https:\\\/\\\/biomaxi.ch\\\/#\\\/schema\\\/logo\\\/image\\\/\"},\"sameAs\":[\"https:\\\/\\\/www.facebook.com\\\/biomaxisuisse\\\/\",\"https:\\\/\\\/www.instagram.com\\\/phytinov\\\/\"]}]}<\/script>\n<!-- \/ Yoast SEO plugin. -->","yoast_head_json":{"title":"Intol\u00e9rances alimentaires \u2013 Causes, sympt\u00f4mes et solutions - Dr Jean-Pierre Willem | biomaxi.ch","description":"Intol\u00e9rances alimentaires, gluten, lait, levures et allergies alimentaires : le Dr Jean-Pierre Willem explique comment certaines prot\u00e9ines ou aliments peuvent perturber l\u2019organisme et provoquer fatigue, troubles digestifs ou inflammations. Ce livre pr\u00e9sente les causes possibles des intol\u00e9rances alimentaires et propose des approches pour mieux comprendre ces r\u00e9actions et am\u00e9liorer l\u2019\u00e9quilibre de sant\u00e9.","robots":{"index":"index","follow":"follow","max-snippet":"max-snippet:-1","max-image-preview":"max-image-preview:large","max-video-preview":"max-video-preview:-1"},"canonical":"https:\/\/biomaxi.ch\/produit\/intolerances-alimentaires-sante-jean-pierre-willem\/","og_locale":"de_DE","og_type":"article","og_title":"Intol\u00e9rances alimentaires \u2013 Causes, sympt\u00f4mes et solutions - Dr Jean-Pierre Willem | biomaxi.ch","og_description":"Intol\u00e9rances alimentaires, gluten, lait, levures et allergies alimentaires : le Dr Jean-Pierre Willem explique comment certaines prot\u00e9ines ou aliments peuvent perturber l\u2019organisme et provoquer fatigue, troubles digestifs ou inflammations. Ce livre pr\u00e9sente les causes possibles des intol\u00e9rances alimentaires et propose des approches pour mieux comprendre ces r\u00e9actions et am\u00e9liorer l\u2019\u00e9quilibre de sant\u00e9.","og_url":"https:\/\/biomaxi.ch\/produit\/intolerances-alimentaires-sante-jean-pierre-willem\/","og_site_name":"Biomaxi","article_publisher":"https:\/\/www.facebook.com\/biomaxisuisse\/","article_modified_time":"2026-03-04T15:52:48+00:00","og_image":[{"width":331,"height":499,"url":"https:\/\/biomaxi.ch\/wp-content\/uploads\/2026\/03\/Les-intolerances-alimentaires.jpg","type":"image\/jpeg"}],"twitter_card":"summary_large_image","twitter_misc":{"Gesch\u00e4tzte Lesezeit":"1\u00a0Minute"},"schema":{"@context":"https:\/\/schema.org","@graph":[{"@type":"WebPage","@id":"https:\/\/biomaxi.ch\/produit\/intolerances-alimentaires-sante-jean-pierre-willem\/","url":"https:\/\/biomaxi.ch\/produit\/intolerances-alimentaires-sante-jean-pierre-willem\/","name":"Intol\u00e9rances alimentaires \u2013 Causes, sympt\u00f4mes et solutions - Dr Jean-Pierre Willem | biomaxi.ch","isPartOf":{"@id":"https:\/\/biomaxi.ch\/#website"},"primaryImageOfPage":{"@id":"https:\/\/biomaxi.ch\/produit\/intolerances-alimentaires-sante-jean-pierre-willem\/#primaryimage"},"image":{"@id":"https:\/\/biomaxi.ch\/produit\/intolerances-alimentaires-sante-jean-pierre-willem\/#primaryimage"},"thumbnailUrl":"https:\/\/biomaxi.ch\/wp-content\/uploads\/2026\/03\/Les-intolerances-alimentaires.jpg","datePublished":"2026-03-04T15:45:26+00:00","dateModified":"2026-03-04T15:52:48+00:00","description":"Intol\u00e9rances alimentaires, gluten, lait, levures et allergies alimentaires : le Dr Jean-Pierre Willem explique comment certaines prot\u00e9ines ou aliments peuvent perturber l\u2019organisme et provoquer fatigue, troubles digestifs ou inflammations. Ce livre pr\u00e9sente les causes possibles des intol\u00e9rances alimentaires et propose des approches pour mieux comprendre ces r\u00e9actions et am\u00e9liorer l\u2019\u00e9quilibre de sant\u00e9.","breadcrumb":{"@id":"https:\/\/biomaxi.ch\/produit\/intolerances-alimentaires-sante-jean-pierre-willem\/#breadcrumb"},"inLanguage":"de","potentialAction":[{"@type":"ReadAction","target":["https:\/\/biomaxi.ch\/produit\/intolerances-alimentaires-sante-jean-pierre-willem\/"]}]},{"@type":"ImageObject","inLanguage":"de","@id":"https:\/\/biomaxi.ch\/produit\/intolerances-alimentaires-sante-jean-pierre-willem\/#primaryimage","url":"https:\/\/biomaxi.ch\/wp-content\/uploads\/2026\/03\/Les-intolerances-alimentaires.jpg","contentUrl":"https:\/\/biomaxi.ch\/wp-content\/uploads\/2026\/03\/Les-intolerances-alimentaires.jpg","width":331,"height":499},{"@type":"BreadcrumbList","@id":"https:\/\/biomaxi.ch\/produit\/intolerances-alimentaires-sante-jean-pierre-willem\/#breadcrumb","itemListElement":[{"@type":"ListItem","position":1,"name":"Accueil","item":"https:\/\/biomaxi.ch\/de\/"},{"@type":"ListItem","position":2,"name":"Produits","item":"https:\/\/biomaxi.ch\/produits\/"},{"@type":"ListItem","position":3,"name":"Intol\u00e9rances Alimentaires"}]},{"@type":"WebSite","@id":"https:\/\/biomaxi.ch\/#website","url":"https:\/\/biomaxi.ch\/","name":"Biomaxi","description":"Compl\u00e9ments alimentaires bio d&#039;origine suisse bio et naturels","publisher":{"@id":"https:\/\/biomaxi.ch\/#organization"},"potentialAction":[{"@type":"SearchAction","target":{"@type":"EntryPoint","urlTemplate":"https:\/\/biomaxi.ch\/?s={search_term_string}"},"query-input":{"@type":"PropertyValueSpecification","valueRequired":true,"valueName":"search_term_string"}}],"inLanguage":"de"},{"@type":"Organization","@id":"https:\/\/biomaxi.ch\/#organization","name":"Biomaxi","url":"https:\/\/biomaxi.ch\/","logo":{"@type":"ImageObject","inLanguage":"de","@id":"https:\/\/biomaxi.ch\/#\/schema\/logo\/image\/","url":"https:\/\/biomaxi.ch\/wp-content\/uploads\/2024\/05\/LogoBiomaxiSite-1014x1024-1.jpg","contentUrl":"https:\/\/biomaxi.ch\/wp-content\/uploads\/2024\/05\/LogoBiomaxiSite-1014x1024-1.jpg","width":1014,"height":1024,"caption":"Biomaxi"},"image":{"@id":"https:\/\/biomaxi.ch\/#\/schema\/logo\/image\/"},"sameAs":["https:\/\/www.facebook.com\/biomaxisuisse\/","https:\/\/www.instagram.com\/phytinov\/"]}]}},"_links":{"self":[{"href":"https:\/\/biomaxi.ch\/de\/wp-json\/wp\/v2\/product\/31774","targetHints":{"allow":["GET"]}}],"collection":[{"href":"https:\/\/biomaxi.ch\/de\/wp-json\/wp\/v2\/product"}],"about":[{"href":"https:\/\/biomaxi.ch\/de\/wp-json\/wp\/v2\/types\/product"}],"replies":[{"embeddable":true,"href":"https:\/\/biomaxi.ch\/de\/wp-json\/wp\/v2\/comments?post=31774"}],"wp:featuredmedia":[{"embeddable":true,"href":"https:\/\/biomaxi.ch\/de\/wp-json\/wp\/v2\/media\/31722"}],"wp:attachment":[{"href":"https:\/\/biomaxi.ch\/de\/wp-json\/wp\/v2\/media?parent=31774"}],"wp:term":[{"taxonomy":"product_brand","embeddable":true,"href":"https:\/\/biomaxi.ch\/de\/wp-json\/wp\/v2\/product_brand?post=31774"},{"taxonomy":"product_cat","embeddable":true,"href":"https:\/\/biomaxi.ch\/de\/wp-json\/wp\/v2\/product_cat?post=31774"},{"taxonomy":"product_tag","embeddable":true,"href":"https:\/\/biomaxi.ch\/de\/wp-json\/wp\/v2\/product_tag?post=31774"}],"curies":[{"name":"wp","href":"https:\/\/api.w.org\/{rel}","templated":true}]}}