{"id":31769,"date":"2026-03-04T16:32:56","date_gmt":"2026-03-04T15:32:56","guid":{"rendered":"https:\/\/biomaxi.ch\/?post_type=product&#038;p=31769"},"modified":"2026-03-04T16:53:36","modified_gmt":"2026-03-04T15:53:36","slug":"degats-metaux-lourds-detoxication-prevention-jean-pierre-willem","status":"publish","type":"product","link":"https:\/\/biomaxi.ch\/de\/produit\/degats-metaux-lourds-detoxication-prevention-jean-pierre-willem\/","title":{"rendered":"Les d\u00e9g\u00e2ts des m\u00e9taux lourds"},"content":{"rendered":"<p>Auteur : Dr. Jean-Pierre WILLEM<\/p>\n<p>Nombre de pages : 290 pages<br \/>\nFormat : 22,20 x 15,40 x 2,40 cm<br \/>\nPoids : 0.418 kg<\/p>\n<p>Parution : Edition 2024 (1er parution en septembre 2014)<\/p>\n<p>Editeur : Tr\u00e9daniel la Maisnie<\/p>\n","protected":false},"excerpt":{"rendered":"<p>Pr\u00e9vention et d\u00e9toxication naturelle<\/p>\n<p>Les m\u00e9taux lourds sont naturellement pr\u00e9sents \u00e0 de faibles doses dans la nature et dans les organismes vivants. Mais, d\u00e9pass\u00e9 un certain seuil, ils deviennent d&#8217;autant plus dangereux qu&#8217;une fois dans l&#8217;organisme, ils s&#8217;\u00e9liminent tr\u00e8s difficilement. Mercure, aluminium, plomb, airs et eaux pollu\u00e9s, certaines substances contraceptives, cosm\u00e9tiques et shampoings, amalgames et alliages dentaires, insecticides, produits industriels, poissons de rivi\u00e8re et de mer vivant dans une eau contamin\u00e9e, v\u00e9g\u00e9taux, animaux de boucherie&#8230; Leur toxicit\u00e9 constante augmente pour l&#8217;organisme ne cesse de s&#8217;aggraver : des simples allergies jusqu&#8217;\u00e0 des maladies s\u00e9v\u00e8res du syst\u00e8me cardiovasculaire ou, ing\u00e9r\u00e9s \u00e0 fortes doses, des modifications neurologiques, voire chez les personnes sensibles, une diminution des performances intellectuelles et du d\u00e9veloppement physique. Une pr\u00e9sentation tr\u00e8s compl\u00e8te de tous les m\u00e9taux lourds qui menacent notre sant\u00e9. Les diff\u00e9rentes solutions naturelles pour \u00e0 la fois se prot\u00e9ger et se d\u00e9sintoxiquer des min\u00e9raux et des m\u00e9taux nuisibles \u00e0 l&#8217;organisme. Un auteur renomm\u00e9 dans les m\u00e9decines naturelles.<\/p>\n","protected":false},"featured_media":31772,"comment_status":"open","ping_status":"closed","template":"","meta":{"_et_pb_use_builder":"","_et_pb_old_content":"","_et_gb_content_width":""},"product_brand":[],"product_cat":[174,178,175],"product_tag":[112,121,189],"class_list":{"0":"post-31769","1":"product","2":"type-product","3":"status-publish","4":"has-post-thumbnail","6":"product_cat-complements","7":"product_cat-lib","8":"product_cat-phytinov","9":"product_tag-complement","10":"product_tag-complements","11":"product_tag-tonus-et-defense","13":"first","14":"instock","15":"sale","16":"shipping-taxable","17":"purchasable","18":"product-type-simple"},"yoast_head":"<!-- This site is optimized with the Yoast SEO plugin v27.3 - https:\/\/yoast.com\/product\/yoast-seo-wordpress\/ -->\n<title>Les d\u00e9g\u00e2ts des m\u00e9taux lourds \u2013 D\u00e9toxication et pr\u00e9vention - Dr Jean-Pierre Willem | biomaxi.ch<\/title>\n<meta name=\"description\" content=\"M\u00e9taux lourds, intoxication et d\u00e9toxication naturelle : le Dr Jean-Pierre Willem explique les dangers du mercure, du plomb, de l\u2019aluminium et d\u2019autres contaminants pr\u00e9sents dans l\u2019environnement, l\u2019alimentation ou certains produits industriels. Ce livre d\u00e9crit les effets possibles sur l\u2019organisme, les risques pour la sant\u00e9 et les approches naturelles pour se prot\u00e9ger et favoriser l\u2019\u00e9limination de ces substances toxiques.\" \/>\n<meta name=\"robots\" content=\"index, follow, max-snippet:-1, max-image-preview:large, max-video-preview:-1\" \/>\n<link rel=\"canonical\" href=\"https:\/\/biomaxi.ch\/produit\/degats-metaux-lourds-detoxication-prevention-jean-pierre-willem\/\" \/>\n<meta property=\"og:locale\" content=\"de_DE\" \/>\n<meta property=\"og:type\" content=\"article\" \/>\n<meta property=\"og:title\" content=\"Les d\u00e9g\u00e2ts des m\u00e9taux lourds \u2013 D\u00e9toxication et pr\u00e9vention - Dr Jean-Pierre Willem | biomaxi.ch\" \/>\n<meta property=\"og:description\" content=\"M\u00e9taux lourds, intoxication et d\u00e9toxication naturelle : le Dr Jean-Pierre Willem explique les dangers du mercure, du plomb, de l\u2019aluminium et d\u2019autres contaminants pr\u00e9sents dans l\u2019environnement, l\u2019alimentation ou certains produits industriels. Ce livre d\u00e9crit les effets possibles sur l\u2019organisme, les risques pour la sant\u00e9 et les approches naturelles pour se prot\u00e9ger et favoriser l\u2019\u00e9limination de ces substances toxiques.\" \/>\n<meta property=\"og:url\" content=\"https:\/\/biomaxi.ch\/produit\/degats-metaux-lourds-detoxication-prevention-jean-pierre-willem\/\" \/>\n<meta property=\"og:site_name\" content=\"Biomaxi\" \/>\n<meta property=\"article:publisher\" content=\"https:\/\/www.facebook.com\/biomaxisuisse\/\" \/>\n<meta property=\"article:modified_time\" content=\"2026-03-04T15:53:36+00:00\" \/>\n<meta property=\"og:image\" content=\"https:\/\/biomaxi.ch\/wp-content\/uploads\/2026\/03\/Les-degats-des-metaux-lourds-1.jpg\" \/>\n\t<meta property=\"og:image:width\" content=\"400\" \/>\n\t<meta property=\"og:image:height\" content=\"586\" \/>\n\t<meta property=\"og:image:type\" content=\"image\/jpeg\" \/>\n<meta name=\"twitter:card\" content=\"summary_large_image\" \/>\n<meta name=\"twitter:label1\" content=\"Gesch\u00e4tzte Lesezeit\" \/>\n\t<meta name=\"twitter:data1\" content=\"1\u00a0Minute\" \/>\n<script type=\"application\/ld+json\" class=\"yoast-schema-graph\">{\"@context\":\"https:\\\/\\\/schema.org\",\"@graph\":[{\"@type\":\"WebPage\",\"@id\":\"https:\\\/\\\/biomaxi.ch\\\/produit\\\/degats-metaux-lourds-detoxication-prevention-jean-pierre-willem\\\/\",\"url\":\"https:\\\/\\\/biomaxi.ch\\\/produit\\\/degats-metaux-lourds-detoxication-prevention-jean-pierre-willem\\\/\",\"name\":\"Les d\u00e9g\u00e2ts des m\u00e9taux lourds \u2013 D\u00e9toxication et pr\u00e9vention - Dr Jean-Pierre Willem | biomaxi.ch\",\"isPartOf\":{\"@id\":\"https:\\\/\\\/biomaxi.ch\\\/#website\"},\"primaryImageOfPage\":{\"@id\":\"https:\\\/\\\/biomaxi.ch\\\/produit\\\/degats-metaux-lourds-detoxication-prevention-jean-pierre-willem\\\/#primaryimage\"},\"image\":{\"@id\":\"https:\\\/\\\/biomaxi.ch\\\/produit\\\/degats-metaux-lourds-detoxication-prevention-jean-pierre-willem\\\/#primaryimage\"},\"thumbnailUrl\":\"https:\\\/\\\/biomaxi.ch\\\/wp-content\\\/uploads\\\/2026\\\/03\\\/Les-degats-des-metaux-lourds-1.jpg\",\"datePublished\":\"2026-03-04T15:32:56+00:00\",\"dateModified\":\"2026-03-04T15:53:36+00:00\",\"description\":\"M\u00e9taux lourds, intoxication et d\u00e9toxication naturelle : le Dr Jean-Pierre Willem explique les dangers du mercure, du plomb, de l\u2019aluminium et d\u2019autres contaminants pr\u00e9sents dans l\u2019environnement, l\u2019alimentation ou certains produits industriels. Ce livre d\u00e9crit les effets possibles sur l\u2019organisme, les risques pour la sant\u00e9 et les approches naturelles pour se prot\u00e9ger et favoriser l\u2019\u00e9limination de ces substances toxiques.\",\"breadcrumb\":{\"@id\":\"https:\\\/\\\/biomaxi.ch\\\/produit\\\/degats-metaux-lourds-detoxication-prevention-jean-pierre-willem\\\/#breadcrumb\"},\"inLanguage\":\"de\",\"potentialAction\":[{\"@type\":\"ReadAction\",\"target\":[\"https:\\\/\\\/biomaxi.ch\\\/produit\\\/degats-metaux-lourds-detoxication-prevention-jean-pierre-willem\\\/\"]}]},{\"@type\":\"ImageObject\",\"inLanguage\":\"de\",\"@id\":\"https:\\\/\\\/biomaxi.ch\\\/produit\\\/degats-metaux-lourds-detoxication-prevention-jean-pierre-willem\\\/#primaryimage\",\"url\":\"https:\\\/\\\/biomaxi.ch\\\/wp-content\\\/uploads\\\/2026\\\/03\\\/Les-degats-des-metaux-lourds-1.jpg\",\"contentUrl\":\"https:\\\/\\\/biomaxi.ch\\\/wp-content\\\/uploads\\\/2026\\\/03\\\/Les-degats-des-metaux-lourds-1.jpg\",\"width\":400,\"height\":586},{\"@type\":\"BreadcrumbList\",\"@id\":\"https:\\\/\\\/biomaxi.ch\\\/produit\\\/degats-metaux-lourds-detoxication-prevention-jean-pierre-willem\\\/#breadcrumb\",\"itemListElement\":[{\"@type\":\"ListItem\",\"position\":1,\"name\":\"Accueil\",\"item\":\"https:\\\/\\\/biomaxi.ch\\\/de\\\/\"},{\"@type\":\"ListItem\",\"position\":2,\"name\":\"Produits\",\"item\":\"https:\\\/\\\/biomaxi.ch\\\/produits\\\/\"},{\"@type\":\"ListItem\",\"position\":3,\"name\":\"Les d\u00e9g\u00e2ts des m\u00e9taux lourds\"}]},{\"@type\":\"WebSite\",\"@id\":\"https:\\\/\\\/biomaxi.ch\\\/#website\",\"url\":\"https:\\\/\\\/biomaxi.ch\\\/\",\"name\":\"Biomaxi\",\"description\":\"Compl\u00e9ments alimentaires bio d&#039;origine suisse bio et naturels\",\"publisher\":{\"@id\":\"https:\\\/\\\/biomaxi.ch\\\/#organization\"},\"potentialAction\":[{\"@type\":\"SearchAction\",\"target\":{\"@type\":\"EntryPoint\",\"urlTemplate\":\"https:\\\/\\\/biomaxi.ch\\\/?s={search_term_string}\"},\"query-input\":{\"@type\":\"PropertyValueSpecification\",\"valueRequired\":true,\"valueName\":\"search_term_string\"}}],\"inLanguage\":\"de\"},{\"@type\":\"Organization\",\"@id\":\"https:\\\/\\\/biomaxi.ch\\\/#organization\",\"name\":\"Biomaxi\",\"url\":\"https:\\\/\\\/biomaxi.ch\\\/\",\"logo\":{\"@type\":\"ImageObject\",\"inLanguage\":\"de\",\"@id\":\"https:\\\/\\\/biomaxi.ch\\\/#\\\/schema\\\/logo\\\/image\\\/\",\"url\":\"https:\\\/\\\/biomaxi.ch\\\/wp-content\\\/uploads\\\/2024\\\/05\\\/LogoBiomaxiSite-1014x1024-1.jpg\",\"contentUrl\":\"https:\\\/\\\/biomaxi.ch\\\/wp-content\\\/uploads\\\/2024\\\/05\\\/LogoBiomaxiSite-1014x1024-1.jpg\",\"width\":1014,\"height\":1024,\"caption\":\"Biomaxi\"},\"image\":{\"@id\":\"https:\\\/\\\/biomaxi.ch\\\/#\\\/schema\\\/logo\\\/image\\\/\"},\"sameAs\":[\"https:\\\/\\\/www.facebook.com\\\/biomaxisuisse\\\/\",\"https:\\\/\\\/www.instagram.com\\\/phytinov\\\/\"]}]}<\/script>\n<!-- \/ Yoast SEO plugin. -->","yoast_head_json":{"title":"Les d\u00e9g\u00e2ts des m\u00e9taux lourds \u2013 D\u00e9toxication et pr\u00e9vention - Dr Jean-Pierre Willem | biomaxi.ch","description":"M\u00e9taux lourds, intoxication et d\u00e9toxication naturelle : le Dr Jean-Pierre Willem explique les dangers du mercure, du plomb, de l\u2019aluminium et d\u2019autres contaminants pr\u00e9sents dans l\u2019environnement, l\u2019alimentation ou certains produits industriels. Ce livre d\u00e9crit les effets possibles sur l\u2019organisme, les risques pour la sant\u00e9 et les approches naturelles pour se prot\u00e9ger et favoriser l\u2019\u00e9limination de ces substances toxiques.","robots":{"index":"index","follow":"follow","max-snippet":"max-snippet:-1","max-image-preview":"max-image-preview:large","max-video-preview":"max-video-preview:-1"},"canonical":"https:\/\/biomaxi.ch\/produit\/degats-metaux-lourds-detoxication-prevention-jean-pierre-willem\/","og_locale":"de_DE","og_type":"article","og_title":"Les d\u00e9g\u00e2ts des m\u00e9taux lourds \u2013 D\u00e9toxication et pr\u00e9vention - Dr Jean-Pierre Willem | biomaxi.ch","og_description":"M\u00e9taux lourds, intoxication et d\u00e9toxication naturelle : le Dr Jean-Pierre Willem explique les dangers du mercure, du plomb, de l\u2019aluminium et d\u2019autres contaminants pr\u00e9sents dans l\u2019environnement, l\u2019alimentation ou certains produits industriels. Ce livre d\u00e9crit les effets possibles sur l\u2019organisme, les risques pour la sant\u00e9 et les approches naturelles pour se prot\u00e9ger et favoriser l\u2019\u00e9limination de ces substances toxiques.","og_url":"https:\/\/biomaxi.ch\/produit\/degats-metaux-lourds-detoxication-prevention-jean-pierre-willem\/","og_site_name":"Biomaxi","article_publisher":"https:\/\/www.facebook.com\/biomaxisuisse\/","article_modified_time":"2026-03-04T15:53:36+00:00","og_image":[{"width":400,"height":586,"url":"https:\/\/biomaxi.ch\/wp-content\/uploads\/2026\/03\/Les-degats-des-metaux-lourds-1.jpg","type":"image\/jpeg"}],"twitter_card":"summary_large_image","twitter_misc":{"Gesch\u00e4tzte Lesezeit":"1\u00a0Minute"},"schema":{"@context":"https:\/\/schema.org","@graph":[{"@type":"WebPage","@id":"https:\/\/biomaxi.ch\/produit\/degats-metaux-lourds-detoxication-prevention-jean-pierre-willem\/","url":"https:\/\/biomaxi.ch\/produit\/degats-metaux-lourds-detoxication-prevention-jean-pierre-willem\/","name":"Les d\u00e9g\u00e2ts des m\u00e9taux lourds \u2013 D\u00e9toxication et pr\u00e9vention - Dr Jean-Pierre Willem | biomaxi.ch","isPartOf":{"@id":"https:\/\/biomaxi.ch\/#website"},"primaryImageOfPage":{"@id":"https:\/\/biomaxi.ch\/produit\/degats-metaux-lourds-detoxication-prevention-jean-pierre-willem\/#primaryimage"},"image":{"@id":"https:\/\/biomaxi.ch\/produit\/degats-metaux-lourds-detoxication-prevention-jean-pierre-willem\/#primaryimage"},"thumbnailUrl":"https:\/\/biomaxi.ch\/wp-content\/uploads\/2026\/03\/Les-degats-des-metaux-lourds-1.jpg","datePublished":"2026-03-04T15:32:56+00:00","dateModified":"2026-03-04T15:53:36+00:00","description":"M\u00e9taux lourds, intoxication et d\u00e9toxication naturelle : le Dr Jean-Pierre Willem explique les dangers du mercure, du plomb, de l\u2019aluminium et d\u2019autres contaminants pr\u00e9sents dans l\u2019environnement, l\u2019alimentation ou certains produits industriels. Ce livre d\u00e9crit les effets possibles sur l\u2019organisme, les risques pour la sant\u00e9 et les approches naturelles pour se prot\u00e9ger et favoriser l\u2019\u00e9limination de ces substances toxiques.","breadcrumb":{"@id":"https:\/\/biomaxi.ch\/produit\/degats-metaux-lourds-detoxication-prevention-jean-pierre-willem\/#breadcrumb"},"inLanguage":"de","potentialAction":[{"@type":"ReadAction","target":["https:\/\/biomaxi.ch\/produit\/degats-metaux-lourds-detoxication-prevention-jean-pierre-willem\/"]}]},{"@type":"ImageObject","inLanguage":"de","@id":"https:\/\/biomaxi.ch\/produit\/degats-metaux-lourds-detoxication-prevention-jean-pierre-willem\/#primaryimage","url":"https:\/\/biomaxi.ch\/wp-content\/uploads\/2026\/03\/Les-degats-des-metaux-lourds-1.jpg","contentUrl":"https:\/\/biomaxi.ch\/wp-content\/uploads\/2026\/03\/Les-degats-des-metaux-lourds-1.jpg","width":400,"height":586},{"@type":"BreadcrumbList","@id":"https:\/\/biomaxi.ch\/produit\/degats-metaux-lourds-detoxication-prevention-jean-pierre-willem\/#breadcrumb","itemListElement":[{"@type":"ListItem","position":1,"name":"Accueil","item":"https:\/\/biomaxi.ch\/de\/"},{"@type":"ListItem","position":2,"name":"Produits","item":"https:\/\/biomaxi.ch\/produits\/"},{"@type":"ListItem","position":3,"name":"Les d\u00e9g\u00e2ts des m\u00e9taux lourds"}]},{"@type":"WebSite","@id":"https:\/\/biomaxi.ch\/#website","url":"https:\/\/biomaxi.ch\/","name":"Biomaxi","description":"Compl\u00e9ments alimentaires bio d&#039;origine suisse bio et naturels","publisher":{"@id":"https:\/\/biomaxi.ch\/#organization"},"potentialAction":[{"@type":"SearchAction","target":{"@type":"EntryPoint","urlTemplate":"https:\/\/biomaxi.ch\/?s={search_term_string}"},"query-input":{"@type":"PropertyValueSpecification","valueRequired":true,"valueName":"search_term_string"}}],"inLanguage":"de"},{"@type":"Organization","@id":"https:\/\/biomaxi.ch\/#organization","name":"Biomaxi","url":"https:\/\/biomaxi.ch\/","logo":{"@type":"ImageObject","inLanguage":"de","@id":"https:\/\/biomaxi.ch\/#\/schema\/logo\/image\/","url":"https:\/\/biomaxi.ch\/wp-content\/uploads\/2024\/05\/LogoBiomaxiSite-1014x1024-1.jpg","contentUrl":"https:\/\/biomaxi.ch\/wp-content\/uploads\/2024\/05\/LogoBiomaxiSite-1014x1024-1.jpg","width":1014,"height":1024,"caption":"Biomaxi"},"image":{"@id":"https:\/\/biomaxi.ch\/#\/schema\/logo\/image\/"},"sameAs":["https:\/\/www.facebook.com\/biomaxisuisse\/","https:\/\/www.instagram.com\/phytinov\/"]}]}},"_links":{"self":[{"href":"https:\/\/biomaxi.ch\/de\/wp-json\/wp\/v2\/product\/31769","targetHints":{"allow":["GET"]}}],"collection":[{"href":"https:\/\/biomaxi.ch\/de\/wp-json\/wp\/v2\/product"}],"about":[{"href":"https:\/\/biomaxi.ch\/de\/wp-json\/wp\/v2\/types\/product"}],"replies":[{"embeddable":true,"href":"https:\/\/biomaxi.ch\/de\/wp-json\/wp\/v2\/comments?post=31769"}],"wp:featuredmedia":[{"embeddable":true,"href":"https:\/\/biomaxi.ch\/de\/wp-json\/wp\/v2\/media\/31772"}],"wp:attachment":[{"href":"https:\/\/biomaxi.ch\/de\/wp-json\/wp\/v2\/media?parent=31769"}],"wp:term":[{"taxonomy":"product_brand","embeddable":true,"href":"https:\/\/biomaxi.ch\/de\/wp-json\/wp\/v2\/product_brand?post=31769"},{"taxonomy":"product_cat","embeddable":true,"href":"https:\/\/biomaxi.ch\/de\/wp-json\/wp\/v2\/product_cat?post=31769"},{"taxonomy":"product_tag","embeddable":true,"href":"https:\/\/biomaxi.ch\/de\/wp-json\/wp\/v2\/product_tag?post=31769"}],"curies":[{"name":"wp","href":"https:\/\/api.w.org\/{rel}","templated":true}]}}