{"id":31768,"date":"2026-03-04T16:28:22","date_gmt":"2026-03-04T15:28:22","guid":{"rendered":"https:\/\/biomaxi.ch\/?post_type=product&#038;p=31768"},"modified":"2026-03-04T16:42:14","modified_gmt":"2026-03-04T15:42:14","slug":"secret-peuples-sans-cancer-prevention-jean-pierre-willem","status":"publish","type":"product","link":"https:\/\/biomaxi.ch\/de\/produit\/secret-peuples-sans-cancer-prevention-jean-pierre-willem\/","title":{"rendered":"Le secret des peuples sans cancer"},"content":{"rendered":"<p>Auteur : Dr. Jean-Pierre WILLEM<\/p>\n<p>Nombre de pages : 461 pages<br \/>\nFormat : 16,20 x 24,00 x 2,30 cm<br \/>\nPoids : 0.7300 kg<\/p>\n<p>Parution : septembre 2021 (8\u00e8 \u00e9dition)<\/p>\n<p>Editeur : Dauphin<\/p>\n","protected":false},"excerpt":{"rendered":"<p>\u00c0 partir de nouvelles recherches et d&#8217;applications th\u00e9oriques et pratiques, cette nouvelle \u00e9dition enti\u00e8rement mise \u00e0 jour a pour objet, d&#8217;expliquer au lecteur ce qu&#8217;est un cancer et comment l&#8217;\u00e9viter.<\/p>\n<p>\u00c0 titre d&#8217;exemple, le pays des Hounzas aux confins de l&#8217;Inde et du Cachemire, la Vall\u00e9e des centenaires en \u00c9quateur et les habitants de l&#8217;\u00eele d&#8217;Okinawa vivent essentiellement de produits naturels et mangent mod\u00e9r\u00e9ment. \u00c0 l&#8217;abri des fl\u00e9aux de la vie moderne, ces contr\u00e9es ne connaissent pas la maladie.<br \/>\nDans cet ouvrage devenu un ouvrage de r\u00e9f\u00e9rence, le docteur Willem privil\u00e9gie le terrain, comment le renforcer et le modifier pour que la maladie n&#8217;ait plus prise. Il d\u00e9veloppe des faits, tests, et des arguments pathog\u00e9niques et pharmacologiques qui mat\u00e9rialisent le bon chemin de la pr\u00e9vention active consistant en la mise en acidose de notre organisme et au renforcement des cellules saines.<\/p>\n<p>En plus d&#8217;un inventaire au cas par cas des derni\u00e8res avanc\u00e9es m\u00e9dicales et d&#8217;un arsenal de strat\u00e9gies mises \u00e0 notre disposition pour combattre la maladie, cette nouvelle \u00e9dition expose le d\u00e9roulement et le traitement de 44 cancers trait\u00e9s en m\u00e9decines compl\u00e9mentaires. Il existe pour chaque phase d&#8217;\u00e9volution de la maladie des strat\u00e9gies th\u00e9rapeutiques appropri\u00e9es. Ce livre devient aujourd&#8217;hui un ouvrage de r\u00e9f\u00e9rence.<\/p>\n","protected":false},"featured_media":31718,"comment_status":"open","ping_status":"closed","template":"","meta":{"_et_pb_use_builder":"","_et_pb_old_content":"","_et_gb_content_width":""},"product_brand":[],"product_cat":[174,178,175],"product_tag":[112,121,189],"class_list":{"0":"post-31768","1":"product","2":"type-product","3":"status-publish","4":"has-post-thumbnail","6":"product_cat-complements","7":"product_cat-lib","8":"product_cat-phytinov","9":"product_tag-complement","10":"product_tag-complements","11":"product_tag-tonus-et-defense","13":"first","14":"instock","15":"sale","16":"shipping-taxable","17":"purchasable","18":"product-type-simple"},"yoast_head":"<!-- This site is optimized with the Yoast SEO plugin v27.3 - https:\/\/yoast.com\/product\/yoast-seo-wordpress\/ -->\n<title>Le secret des peuples sans cancer \u2013 Pr\u00e9vention et sant\u00e9 naturelle - Dr Jean-Pierre Willem | biomaxi.ch<\/title>\n<meta name=\"description\" content=\"Cancer, pr\u00e9vention du cancer et sant\u00e9 naturelle : le Dr Jean-Pierre Willem explique les facteurs qui favorisent ou emp\u00eachent l\u2019apparition de la maladie et s\u2019inspire des peuples vivant longtemps en bonne sant\u00e9 comme les habitants d\u2019Okinawa ou les Hounzas. Ce livre pr\u00e9sente les bases de la pr\u00e9vention, l\u2019importance du terrain biologique et diff\u00e9rentes approches compl\u00e9mentaires pour renforcer l\u2019organisme et limiter les risques de cancer.\" \/>\n<meta name=\"robots\" content=\"index, follow, max-snippet:-1, max-image-preview:large, max-video-preview:-1\" \/>\n<link rel=\"canonical\" href=\"https:\/\/biomaxi.ch\/produit\/secret-peuples-sans-cancer-prevention-jean-pierre-willem\/\" \/>\n<meta property=\"og:locale\" content=\"de_DE\" \/>\n<meta property=\"og:type\" content=\"article\" \/>\n<meta property=\"og:title\" content=\"Le secret des peuples sans cancer \u2013 Pr\u00e9vention et sant\u00e9 naturelle - Dr Jean-Pierre Willem | biomaxi.ch\" \/>\n<meta property=\"og:description\" content=\"Cancer, pr\u00e9vention du cancer et sant\u00e9 naturelle : le Dr Jean-Pierre Willem explique les facteurs qui favorisent ou emp\u00eachent l\u2019apparition de la maladie et s\u2019inspire des peuples vivant longtemps en bonne sant\u00e9 comme les habitants d\u2019Okinawa ou les Hounzas. Ce livre pr\u00e9sente les bases de la pr\u00e9vention, l\u2019importance du terrain biologique et diff\u00e9rentes approches compl\u00e9mentaires pour renforcer l\u2019organisme et limiter les risques de cancer.\" \/>\n<meta property=\"og:url\" content=\"https:\/\/biomaxi.ch\/produit\/secret-peuples-sans-cancer-prevention-jean-pierre-willem\/\" \/>\n<meta property=\"og:site_name\" content=\"Biomaxi\" \/>\n<meta property=\"article:publisher\" content=\"https:\/\/www.facebook.com\/biomaxisuisse\/\" \/>\n<meta property=\"article:modified_time\" content=\"2026-03-04T15:42:14+00:00\" \/>\n<meta property=\"og:image\" content=\"https:\/\/biomaxi.ch\/wp-content\/uploads\/2026\/03\/Le-secret-des-peuples-sans-cancer.jpg\" \/>\n\t<meta property=\"og:image:width\" content=\"400\" \/>\n\t<meta property=\"og:image:height\" content=\"609\" \/>\n\t<meta property=\"og:image:type\" content=\"image\/jpeg\" \/>\n<meta name=\"twitter:card\" content=\"summary_large_image\" \/>\n<meta name=\"twitter:label1\" content=\"Gesch\u00e4tzte Lesezeit\" \/>\n\t<meta name=\"twitter:data1\" content=\"1\u00a0Minute\" \/>\n<script type=\"application\/ld+json\" class=\"yoast-schema-graph\">{\"@context\":\"https:\\\/\\\/schema.org\",\"@graph\":[{\"@type\":\"WebPage\",\"@id\":\"https:\\\/\\\/biomaxi.ch\\\/produit\\\/secret-peuples-sans-cancer-prevention-jean-pierre-willem\\\/\",\"url\":\"https:\\\/\\\/biomaxi.ch\\\/produit\\\/secret-peuples-sans-cancer-prevention-jean-pierre-willem\\\/\",\"name\":\"Le secret des peuples sans cancer \u2013 Pr\u00e9vention et sant\u00e9 naturelle - Dr Jean-Pierre Willem | biomaxi.ch\",\"isPartOf\":{\"@id\":\"https:\\\/\\\/biomaxi.ch\\\/#website\"},\"primaryImageOfPage\":{\"@id\":\"https:\\\/\\\/biomaxi.ch\\\/produit\\\/secret-peuples-sans-cancer-prevention-jean-pierre-willem\\\/#primaryimage\"},\"image\":{\"@id\":\"https:\\\/\\\/biomaxi.ch\\\/produit\\\/secret-peuples-sans-cancer-prevention-jean-pierre-willem\\\/#primaryimage\"},\"thumbnailUrl\":\"https:\\\/\\\/biomaxi.ch\\\/wp-content\\\/uploads\\\/2026\\\/03\\\/Le-secret-des-peuples-sans-cancer.jpg\",\"datePublished\":\"2026-03-04T15:28:22+00:00\",\"dateModified\":\"2026-03-04T15:42:14+00:00\",\"description\":\"Cancer, pr\u00e9vention du cancer et sant\u00e9 naturelle : le Dr Jean-Pierre Willem explique les facteurs qui favorisent ou emp\u00eachent l\u2019apparition de la maladie et s\u2019inspire des peuples vivant longtemps en bonne sant\u00e9 comme les habitants d\u2019Okinawa ou les Hounzas. Ce livre pr\u00e9sente les bases de la pr\u00e9vention, l\u2019importance du terrain biologique et diff\u00e9rentes approches compl\u00e9mentaires pour renforcer l\u2019organisme et limiter les risques de cancer.\",\"breadcrumb\":{\"@id\":\"https:\\\/\\\/biomaxi.ch\\\/produit\\\/secret-peuples-sans-cancer-prevention-jean-pierre-willem\\\/#breadcrumb\"},\"inLanguage\":\"de\",\"potentialAction\":[{\"@type\":\"ReadAction\",\"target\":[\"https:\\\/\\\/biomaxi.ch\\\/produit\\\/secret-peuples-sans-cancer-prevention-jean-pierre-willem\\\/\"]}]},{\"@type\":\"ImageObject\",\"inLanguage\":\"de\",\"@id\":\"https:\\\/\\\/biomaxi.ch\\\/produit\\\/secret-peuples-sans-cancer-prevention-jean-pierre-willem\\\/#primaryimage\",\"url\":\"https:\\\/\\\/biomaxi.ch\\\/wp-content\\\/uploads\\\/2026\\\/03\\\/Le-secret-des-peuples-sans-cancer.jpg\",\"contentUrl\":\"https:\\\/\\\/biomaxi.ch\\\/wp-content\\\/uploads\\\/2026\\\/03\\\/Le-secret-des-peuples-sans-cancer.jpg\",\"width\":400,\"height\":609},{\"@type\":\"BreadcrumbList\",\"@id\":\"https:\\\/\\\/biomaxi.ch\\\/produit\\\/secret-peuples-sans-cancer-prevention-jean-pierre-willem\\\/#breadcrumb\",\"itemListElement\":[{\"@type\":\"ListItem\",\"position\":1,\"name\":\"Accueil\",\"item\":\"https:\\\/\\\/biomaxi.ch\\\/de\\\/\"},{\"@type\":\"ListItem\",\"position\":2,\"name\":\"Produits\",\"item\":\"https:\\\/\\\/biomaxi.ch\\\/produits\\\/\"},{\"@type\":\"ListItem\",\"position\":3,\"name\":\"Le secret des peuples sans cancer\"}]},{\"@type\":\"WebSite\",\"@id\":\"https:\\\/\\\/biomaxi.ch\\\/#website\",\"url\":\"https:\\\/\\\/biomaxi.ch\\\/\",\"name\":\"Biomaxi\",\"description\":\"Compl\u00e9ments alimentaires bio d&#039;origine suisse bio et naturels\",\"publisher\":{\"@id\":\"https:\\\/\\\/biomaxi.ch\\\/#organization\"},\"potentialAction\":[{\"@type\":\"SearchAction\",\"target\":{\"@type\":\"EntryPoint\",\"urlTemplate\":\"https:\\\/\\\/biomaxi.ch\\\/?s={search_term_string}\"},\"query-input\":{\"@type\":\"PropertyValueSpecification\",\"valueRequired\":true,\"valueName\":\"search_term_string\"}}],\"inLanguage\":\"de\"},{\"@type\":\"Organization\",\"@id\":\"https:\\\/\\\/biomaxi.ch\\\/#organization\",\"name\":\"Biomaxi\",\"url\":\"https:\\\/\\\/biomaxi.ch\\\/\",\"logo\":{\"@type\":\"ImageObject\",\"inLanguage\":\"de\",\"@id\":\"https:\\\/\\\/biomaxi.ch\\\/#\\\/schema\\\/logo\\\/image\\\/\",\"url\":\"https:\\\/\\\/biomaxi.ch\\\/wp-content\\\/uploads\\\/2024\\\/05\\\/LogoBiomaxiSite-1014x1024-1.jpg\",\"contentUrl\":\"https:\\\/\\\/biomaxi.ch\\\/wp-content\\\/uploads\\\/2024\\\/05\\\/LogoBiomaxiSite-1014x1024-1.jpg\",\"width\":1014,\"height\":1024,\"caption\":\"Biomaxi\"},\"image\":{\"@id\":\"https:\\\/\\\/biomaxi.ch\\\/#\\\/schema\\\/logo\\\/image\\\/\"},\"sameAs\":[\"https:\\\/\\\/www.facebook.com\\\/biomaxisuisse\\\/\",\"https:\\\/\\\/www.instagram.com\\\/phytinov\\\/\"]}]}<\/script>\n<!-- \/ Yoast SEO plugin. -->","yoast_head_json":{"title":"Le secret des peuples sans cancer \u2013 Pr\u00e9vention et sant\u00e9 naturelle - Dr Jean-Pierre Willem | biomaxi.ch","description":"Cancer, pr\u00e9vention du cancer et sant\u00e9 naturelle : le Dr Jean-Pierre Willem explique les facteurs qui favorisent ou emp\u00eachent l\u2019apparition de la maladie et s\u2019inspire des peuples vivant longtemps en bonne sant\u00e9 comme les habitants d\u2019Okinawa ou les Hounzas. Ce livre pr\u00e9sente les bases de la pr\u00e9vention, l\u2019importance du terrain biologique et diff\u00e9rentes approches compl\u00e9mentaires pour renforcer l\u2019organisme et limiter les risques de cancer.","robots":{"index":"index","follow":"follow","max-snippet":"max-snippet:-1","max-image-preview":"max-image-preview:large","max-video-preview":"max-video-preview:-1"},"canonical":"https:\/\/biomaxi.ch\/produit\/secret-peuples-sans-cancer-prevention-jean-pierre-willem\/","og_locale":"de_DE","og_type":"article","og_title":"Le secret des peuples sans cancer \u2013 Pr\u00e9vention et sant\u00e9 naturelle - Dr Jean-Pierre Willem | biomaxi.ch","og_description":"Cancer, pr\u00e9vention du cancer et sant\u00e9 naturelle : le Dr Jean-Pierre Willem explique les facteurs qui favorisent ou emp\u00eachent l\u2019apparition de la maladie et s\u2019inspire des peuples vivant longtemps en bonne sant\u00e9 comme les habitants d\u2019Okinawa ou les Hounzas. Ce livre pr\u00e9sente les bases de la pr\u00e9vention, l\u2019importance du terrain biologique et diff\u00e9rentes approches compl\u00e9mentaires pour renforcer l\u2019organisme et limiter les risques de cancer.","og_url":"https:\/\/biomaxi.ch\/produit\/secret-peuples-sans-cancer-prevention-jean-pierre-willem\/","og_site_name":"Biomaxi","article_publisher":"https:\/\/www.facebook.com\/biomaxisuisse\/","article_modified_time":"2026-03-04T15:42:14+00:00","og_image":[{"width":400,"height":609,"url":"https:\/\/biomaxi.ch\/wp-content\/uploads\/2026\/03\/Le-secret-des-peuples-sans-cancer.jpg","type":"image\/jpeg"}],"twitter_card":"summary_large_image","twitter_misc":{"Gesch\u00e4tzte Lesezeit":"1\u00a0Minute"},"schema":{"@context":"https:\/\/schema.org","@graph":[{"@type":"WebPage","@id":"https:\/\/biomaxi.ch\/produit\/secret-peuples-sans-cancer-prevention-jean-pierre-willem\/","url":"https:\/\/biomaxi.ch\/produit\/secret-peuples-sans-cancer-prevention-jean-pierre-willem\/","name":"Le secret des peuples sans cancer \u2013 Pr\u00e9vention et sant\u00e9 naturelle - Dr Jean-Pierre Willem | biomaxi.ch","isPartOf":{"@id":"https:\/\/biomaxi.ch\/#website"},"primaryImageOfPage":{"@id":"https:\/\/biomaxi.ch\/produit\/secret-peuples-sans-cancer-prevention-jean-pierre-willem\/#primaryimage"},"image":{"@id":"https:\/\/biomaxi.ch\/produit\/secret-peuples-sans-cancer-prevention-jean-pierre-willem\/#primaryimage"},"thumbnailUrl":"https:\/\/biomaxi.ch\/wp-content\/uploads\/2026\/03\/Le-secret-des-peuples-sans-cancer.jpg","datePublished":"2026-03-04T15:28:22+00:00","dateModified":"2026-03-04T15:42:14+00:00","description":"Cancer, pr\u00e9vention du cancer et sant\u00e9 naturelle : le Dr Jean-Pierre Willem explique les facteurs qui favorisent ou emp\u00eachent l\u2019apparition de la maladie et s\u2019inspire des peuples vivant longtemps en bonne sant\u00e9 comme les habitants d\u2019Okinawa ou les Hounzas. Ce livre pr\u00e9sente les bases de la pr\u00e9vention, l\u2019importance du terrain biologique et diff\u00e9rentes approches compl\u00e9mentaires pour renforcer l\u2019organisme et limiter les risques de cancer.","breadcrumb":{"@id":"https:\/\/biomaxi.ch\/produit\/secret-peuples-sans-cancer-prevention-jean-pierre-willem\/#breadcrumb"},"inLanguage":"de","potentialAction":[{"@type":"ReadAction","target":["https:\/\/biomaxi.ch\/produit\/secret-peuples-sans-cancer-prevention-jean-pierre-willem\/"]}]},{"@type":"ImageObject","inLanguage":"de","@id":"https:\/\/biomaxi.ch\/produit\/secret-peuples-sans-cancer-prevention-jean-pierre-willem\/#primaryimage","url":"https:\/\/biomaxi.ch\/wp-content\/uploads\/2026\/03\/Le-secret-des-peuples-sans-cancer.jpg","contentUrl":"https:\/\/biomaxi.ch\/wp-content\/uploads\/2026\/03\/Le-secret-des-peuples-sans-cancer.jpg","width":400,"height":609},{"@type":"BreadcrumbList","@id":"https:\/\/biomaxi.ch\/produit\/secret-peuples-sans-cancer-prevention-jean-pierre-willem\/#breadcrumb","itemListElement":[{"@type":"ListItem","position":1,"name":"Accueil","item":"https:\/\/biomaxi.ch\/de\/"},{"@type":"ListItem","position":2,"name":"Produits","item":"https:\/\/biomaxi.ch\/produits\/"},{"@type":"ListItem","position":3,"name":"Le secret des peuples sans cancer"}]},{"@type":"WebSite","@id":"https:\/\/biomaxi.ch\/#website","url":"https:\/\/biomaxi.ch\/","name":"Biomaxi","description":"Compl\u00e9ments alimentaires bio d&#039;origine suisse bio et naturels","publisher":{"@id":"https:\/\/biomaxi.ch\/#organization"},"potentialAction":[{"@type":"SearchAction","target":{"@type":"EntryPoint","urlTemplate":"https:\/\/biomaxi.ch\/?s={search_term_string}"},"query-input":{"@type":"PropertyValueSpecification","valueRequired":true,"valueName":"search_term_string"}}],"inLanguage":"de"},{"@type":"Organization","@id":"https:\/\/biomaxi.ch\/#organization","name":"Biomaxi","url":"https:\/\/biomaxi.ch\/","logo":{"@type":"ImageObject","inLanguage":"de","@id":"https:\/\/biomaxi.ch\/#\/schema\/logo\/image\/","url":"https:\/\/biomaxi.ch\/wp-content\/uploads\/2024\/05\/LogoBiomaxiSite-1014x1024-1.jpg","contentUrl":"https:\/\/biomaxi.ch\/wp-content\/uploads\/2024\/05\/LogoBiomaxiSite-1014x1024-1.jpg","width":1014,"height":1024,"caption":"Biomaxi"},"image":{"@id":"https:\/\/biomaxi.ch\/#\/schema\/logo\/image\/"},"sameAs":["https:\/\/www.facebook.com\/biomaxisuisse\/","https:\/\/www.instagram.com\/phytinov\/"]}]}},"_links":{"self":[{"href":"https:\/\/biomaxi.ch\/de\/wp-json\/wp\/v2\/product\/31768","targetHints":{"allow":["GET"]}}],"collection":[{"href":"https:\/\/biomaxi.ch\/de\/wp-json\/wp\/v2\/product"}],"about":[{"href":"https:\/\/biomaxi.ch\/de\/wp-json\/wp\/v2\/types\/product"}],"replies":[{"embeddable":true,"href":"https:\/\/biomaxi.ch\/de\/wp-json\/wp\/v2\/comments?post=31768"}],"wp:featuredmedia":[{"embeddable":true,"href":"https:\/\/biomaxi.ch\/de\/wp-json\/wp\/v2\/media\/31718"}],"wp:attachment":[{"href":"https:\/\/biomaxi.ch\/de\/wp-json\/wp\/v2\/media?parent=31768"}],"wp:term":[{"taxonomy":"product_brand","embeddable":true,"href":"https:\/\/biomaxi.ch\/de\/wp-json\/wp\/v2\/product_brand?post=31768"},{"taxonomy":"product_cat","embeddable":true,"href":"https:\/\/biomaxi.ch\/de\/wp-json\/wp\/v2\/product_cat?post=31768"},{"taxonomy":"product_tag","embeddable":true,"href":"https:\/\/biomaxi.ch\/de\/wp-json\/wp\/v2\/product_tag?post=31768"}],"curies":[{"name":"wp","href":"https:\/\/api.w.org\/{rel}","templated":true}]}}