{"id":31766,"date":"2026-03-04T11:38:49","date_gmt":"2026-03-04T10:38:49","guid":{"rendered":"https:\/\/biomaxi.ch\/?post_type=product&#038;p=31766"},"modified":"2026-03-04T11:43:59","modified_gmt":"2026-03-04T10:43:59","slug":"troubles-thyroide-hypothyroidie-hyperthyroidie-jean-pierre-willem","status":"publish","type":"product","link":"https:\/\/biomaxi.ch\/de\/produit\/troubles-thyroide-hypothyroidie-hyperthyroidie-jean-pierre-willem\/","title":{"rendered":"Les troubles de la thyro\u00efde"},"content":{"rendered":"<p>Auteur : Dr. Jean-Pierre WILLEM<\/p>\n<p>Nombre de pages : 208 pages<br \/>\nFormat : 15,00 x 22,00 x 1,30 cm<br \/>\nPoids : 0.3340 kg<\/p>\n<p>Parution : 25.05.2023<\/p>\n<p>Editeur : DAUPHIN<\/p>\n","protected":false},"excerpt":{"rendered":"<p><a href=\"https:\/\/www.phyt-inov.com\/fr\/produit\/thyregul-150-gelules\" target=\"_blank\" rel=\"noopener\"><b>Les troubles de la thyro\u00efde<\/b><\/a><\/p>\n<p>&#8211; Sympt\u00f4mes ;<br \/>\n&#8211; Traitements ;<br \/>\n&#8211; Conseils.<\/p>\n<p><span style=\"color: #ffcc00;\"><a style=\"color: #ffcc00;\" href=\"https:\/\/www.phyt-inov.com\/fr\/complements-alimentaires\/thyroide\" target=\"_blank\" rel=\"noopener\"><strong>La thyro\u00efde<\/strong><\/a><\/span> est une glande endocrine situ\u00e9e \u00e0 la partie ant\u00e9rieure et inf\u00e9rieure du cou. Elle comprend deux lobes r\u00e9unis par un isthme (partie r\u00e9tr\u00e9cie d&#8217;un organe), compos\u00e9e de v\u00e9sicules remplies d&#8217;une substance visqueuse qui contient la thyroglobuline dont proviennent les hormones thyro\u00efdiennes.<\/p>\n<p>Cette nouvelle \u00e9dition d\u00e9crit :<br \/>\nLa thyro\u00efde, petite glande endocrine situ\u00e9e \u00e0 la partie ant\u00e9rieure et inf\u00e9rieure du cou a une fonction capitale car elle influe sur la r\u00e9gulation du syst\u00e8me hormonal, la croissance, les m\u00e9tabolismes, le syst\u00e8me nerveux. Les troubles (hypo ou hyperthyro\u00efdie, tumeur, goitre) li\u00e9es \u00e0 son d\u00e9r\u00e8glement ou \u00e0 une s\u00e9cr\u00e9tion insuffisante ont un impact sur notre vie quotidienne : fatigue, m\u00e9moire, sautes d&#8217;humeur, d\u00e9pression, libido d\u00e9faillante, peau et cheveux secs, gain ou perte du poids, etc. Bien souvent le diagnostic des d\u00e9r\u00e8glements de la glande n&#8217;est pas pos\u00e9 et il est essentiel de bien identifier les signes et les sympt\u00f4mes qui r\u00e9sultent de ces dysfonctionnements thyro\u00efdiens. Malheureusement, nous sommes tr\u00e8s nombreux \u00e0 \u00eatre atteints d&#8217;une maladie de la thyro\u00efde. Certains endocrinologues avancent le chiffre de 40 % de la population. Elles touchent essentiellement les jeunes femmes, notamment au moment de la grossesse ou de la m\u00e9nopause. Ce livre d&#8217;information vous explique, non seulement le fonctionnement de la glande thyro\u00efde, ses principaux d\u00e9r\u00e8glements et leurs causes, mais aussi les examens \u00e0 effectuer, les traitements connus et leurs limites. En annexes sont trait\u00e9s les dangers de la radioactivit\u00e9.<br \/>\n<span style=\"color: #ffcc00;\"><a style=\"color: #ffcc00;\" href=\"https:\/\/www.phyt-inov.com\/fr\/complements-alimentaires\/thyroide\" target=\"_blank\" rel=\"noopener\"><strong>Le Dr Willem livre ici ces constatations et les traitements qu&#8217;il conna\u00eet dont il a pu constater les bienfaits sur de nombreux patients<\/strong><\/a><\/span>.<\/p>\n","protected":false},"featured_media":31697,"comment_status":"open","ping_status":"closed","template":"","meta":{"_et_pb_use_builder":"","_et_pb_old_content":"","_et_gb_content_width":""},"product_brand":[],"product_cat":[174,178,175],"product_tag":[112,121,189],"class_list":{"0":"post-31766","1":"product","2":"type-product","3":"status-publish","4":"has-post-thumbnail","6":"product_cat-complements","7":"product_cat-lib","8":"product_cat-phytinov","9":"product_tag-complement","10":"product_tag-complements","11":"product_tag-tonus-et-defense","13":"first","14":"instock","15":"sale","16":"shipping-taxable","17":"purchasable","18":"product-type-simple"},"yoast_head":"<!-- This site is optimized with the Yoast SEO plugin v27.3 - https:\/\/yoast.com\/product\/yoast-seo-wordpress\/ -->\n<title>Les troubles de la thyro\u00efde \u2013 Comprendre hypothyro\u00efdie et hyperthyro\u00efdie - Dr Jean-Pierre Willem | biomaxi.ch<\/title>\n<meta name=\"description\" content=\"Thyro\u00efde, hypothyro\u00efdie, hyperthyro\u00efdie et troubles hormonaux : le Dr Jean-Pierre Willem explique le r\u00f4le essentiel de la thyro\u00efde dans le m\u00e9tabolisme, le syst\u00e8me nerveux et l\u2019\u00e9quilibre hormonal. Ce livre d\u00e9taille les sympt\u00f4mes, les causes possibles et les approches m\u00e9dicales ou naturelles pour mieux comprendre et accompagner les d\u00e9r\u00e8glements de cette glande essentielle \u00e0 la sant\u00e9.\" \/>\n<meta name=\"robots\" content=\"index, follow, max-snippet:-1, max-image-preview:large, max-video-preview:-1\" \/>\n<link rel=\"canonical\" href=\"https:\/\/biomaxi.ch\/produit\/troubles-thyroide-hypothyroidie-hyperthyroidie-jean-pierre-willem\/\" \/>\n<meta property=\"og:locale\" content=\"de_DE\" \/>\n<meta property=\"og:type\" content=\"article\" \/>\n<meta property=\"og:title\" content=\"Les troubles de la thyro\u00efde \u2013 Comprendre hypothyro\u00efdie et hyperthyro\u00efdie - Dr Jean-Pierre Willem | biomaxi.ch\" \/>\n<meta property=\"og:description\" content=\"Thyro\u00efde, hypothyro\u00efdie, hyperthyro\u00efdie et troubles hormonaux : le Dr Jean-Pierre Willem explique le r\u00f4le essentiel de la thyro\u00efde dans le m\u00e9tabolisme, le syst\u00e8me nerveux et l\u2019\u00e9quilibre hormonal. Ce livre d\u00e9taille les sympt\u00f4mes, les causes possibles et les approches m\u00e9dicales ou naturelles pour mieux comprendre et accompagner les d\u00e9r\u00e8glements de cette glande essentielle \u00e0 la sant\u00e9.\" \/>\n<meta property=\"og:url\" content=\"https:\/\/biomaxi.ch\/produit\/troubles-thyroide-hypothyroidie-hyperthyroidie-jean-pierre-willem\/\" \/>\n<meta property=\"og:site_name\" content=\"Biomaxi\" \/>\n<meta property=\"article:publisher\" content=\"https:\/\/www.facebook.com\/biomaxisuisse\/\" \/>\n<meta property=\"article:modified_time\" content=\"2026-03-04T10:43:59+00:00\" \/>\n<meta property=\"og:image\" content=\"https:\/\/biomaxi.ch\/wp-content\/uploads\/2026\/03\/Les-troubles-de-la-thyroide.jpg\" \/>\n\t<meta property=\"og:image:width\" content=\"400\" \/>\n\t<meta property=\"og:image:height\" content=\"589\" \/>\n\t<meta property=\"og:image:type\" content=\"image\/jpeg\" \/>\n<meta name=\"twitter:card\" content=\"summary_large_image\" \/>\n<meta name=\"twitter:label1\" content=\"Gesch\u00e4tzte Lesezeit\" \/>\n\t<meta name=\"twitter:data1\" content=\"1\u00a0Minute\" \/>\n<script type=\"application\/ld+json\" class=\"yoast-schema-graph\">{\"@context\":\"https:\\\/\\\/schema.org\",\"@graph\":[{\"@type\":\"WebPage\",\"@id\":\"https:\\\/\\\/biomaxi.ch\\\/produit\\\/troubles-thyroide-hypothyroidie-hyperthyroidie-jean-pierre-willem\\\/\",\"url\":\"https:\\\/\\\/biomaxi.ch\\\/produit\\\/troubles-thyroide-hypothyroidie-hyperthyroidie-jean-pierre-willem\\\/\",\"name\":\"Les troubles de la thyro\u00efde \u2013 Comprendre hypothyro\u00efdie et hyperthyro\u00efdie - Dr Jean-Pierre Willem | biomaxi.ch\",\"isPartOf\":{\"@id\":\"https:\\\/\\\/biomaxi.ch\\\/#website\"},\"primaryImageOfPage\":{\"@id\":\"https:\\\/\\\/biomaxi.ch\\\/produit\\\/troubles-thyroide-hypothyroidie-hyperthyroidie-jean-pierre-willem\\\/#primaryimage\"},\"image\":{\"@id\":\"https:\\\/\\\/biomaxi.ch\\\/produit\\\/troubles-thyroide-hypothyroidie-hyperthyroidie-jean-pierre-willem\\\/#primaryimage\"},\"thumbnailUrl\":\"https:\\\/\\\/biomaxi.ch\\\/wp-content\\\/uploads\\\/2026\\\/03\\\/Les-troubles-de-la-thyroide.jpg\",\"datePublished\":\"2026-03-04T10:38:49+00:00\",\"dateModified\":\"2026-03-04T10:43:59+00:00\",\"description\":\"Thyro\u00efde, hypothyro\u00efdie, hyperthyro\u00efdie et troubles hormonaux : le Dr Jean-Pierre Willem explique le r\u00f4le essentiel de la thyro\u00efde dans le m\u00e9tabolisme, le syst\u00e8me nerveux et l\u2019\u00e9quilibre hormonal. Ce livre d\u00e9taille les sympt\u00f4mes, les causes possibles et les approches m\u00e9dicales ou naturelles pour mieux comprendre et accompagner les d\u00e9r\u00e8glements de cette glande essentielle \u00e0 la sant\u00e9.\",\"breadcrumb\":{\"@id\":\"https:\\\/\\\/biomaxi.ch\\\/produit\\\/troubles-thyroide-hypothyroidie-hyperthyroidie-jean-pierre-willem\\\/#breadcrumb\"},\"inLanguage\":\"de\",\"potentialAction\":[{\"@type\":\"ReadAction\",\"target\":[\"https:\\\/\\\/biomaxi.ch\\\/produit\\\/troubles-thyroide-hypothyroidie-hyperthyroidie-jean-pierre-willem\\\/\"]}]},{\"@type\":\"ImageObject\",\"inLanguage\":\"de\",\"@id\":\"https:\\\/\\\/biomaxi.ch\\\/produit\\\/troubles-thyroide-hypothyroidie-hyperthyroidie-jean-pierre-willem\\\/#primaryimage\",\"url\":\"https:\\\/\\\/biomaxi.ch\\\/wp-content\\\/uploads\\\/2026\\\/03\\\/Les-troubles-de-la-thyroide.jpg\",\"contentUrl\":\"https:\\\/\\\/biomaxi.ch\\\/wp-content\\\/uploads\\\/2026\\\/03\\\/Les-troubles-de-la-thyroide.jpg\",\"width\":400,\"height\":589},{\"@type\":\"BreadcrumbList\",\"@id\":\"https:\\\/\\\/biomaxi.ch\\\/produit\\\/troubles-thyroide-hypothyroidie-hyperthyroidie-jean-pierre-willem\\\/#breadcrumb\",\"itemListElement\":[{\"@type\":\"ListItem\",\"position\":1,\"name\":\"Accueil\",\"item\":\"https:\\\/\\\/biomaxi.ch\\\/de\\\/\"},{\"@type\":\"ListItem\",\"position\":2,\"name\":\"Produits\",\"item\":\"https:\\\/\\\/biomaxi.ch\\\/produits\\\/\"},{\"@type\":\"ListItem\",\"position\":3,\"name\":\"Les troubles de la thyro\u00efde\"}]},{\"@type\":\"WebSite\",\"@id\":\"https:\\\/\\\/biomaxi.ch\\\/#website\",\"url\":\"https:\\\/\\\/biomaxi.ch\\\/\",\"name\":\"Biomaxi\",\"description\":\"Compl\u00e9ments alimentaires bio d&#039;origine suisse bio et naturels\",\"publisher\":{\"@id\":\"https:\\\/\\\/biomaxi.ch\\\/#organization\"},\"potentialAction\":[{\"@type\":\"SearchAction\",\"target\":{\"@type\":\"EntryPoint\",\"urlTemplate\":\"https:\\\/\\\/biomaxi.ch\\\/?s={search_term_string}\"},\"query-input\":{\"@type\":\"PropertyValueSpecification\",\"valueRequired\":true,\"valueName\":\"search_term_string\"}}],\"inLanguage\":\"de\"},{\"@type\":\"Organization\",\"@id\":\"https:\\\/\\\/biomaxi.ch\\\/#organization\",\"name\":\"Biomaxi\",\"url\":\"https:\\\/\\\/biomaxi.ch\\\/\",\"logo\":{\"@type\":\"ImageObject\",\"inLanguage\":\"de\",\"@id\":\"https:\\\/\\\/biomaxi.ch\\\/#\\\/schema\\\/logo\\\/image\\\/\",\"url\":\"https:\\\/\\\/biomaxi.ch\\\/wp-content\\\/uploads\\\/2024\\\/05\\\/LogoBiomaxiSite-1014x1024-1.jpg\",\"contentUrl\":\"https:\\\/\\\/biomaxi.ch\\\/wp-content\\\/uploads\\\/2024\\\/05\\\/LogoBiomaxiSite-1014x1024-1.jpg\",\"width\":1014,\"height\":1024,\"caption\":\"Biomaxi\"},\"image\":{\"@id\":\"https:\\\/\\\/biomaxi.ch\\\/#\\\/schema\\\/logo\\\/image\\\/\"},\"sameAs\":[\"https:\\\/\\\/www.facebook.com\\\/biomaxisuisse\\\/\",\"https:\\\/\\\/www.instagram.com\\\/phytinov\\\/\"]}]}<\/script>\n<!-- \/ Yoast SEO plugin. -->","yoast_head_json":{"title":"Les troubles de la thyro\u00efde \u2013 Comprendre hypothyro\u00efdie et hyperthyro\u00efdie - Dr Jean-Pierre Willem | biomaxi.ch","description":"Thyro\u00efde, hypothyro\u00efdie, hyperthyro\u00efdie et troubles hormonaux : le Dr Jean-Pierre Willem explique le r\u00f4le essentiel de la thyro\u00efde dans le m\u00e9tabolisme, le syst\u00e8me nerveux et l\u2019\u00e9quilibre hormonal. Ce livre d\u00e9taille les sympt\u00f4mes, les causes possibles et les approches m\u00e9dicales ou naturelles pour mieux comprendre et accompagner les d\u00e9r\u00e8glements de cette glande essentielle \u00e0 la sant\u00e9.","robots":{"index":"index","follow":"follow","max-snippet":"max-snippet:-1","max-image-preview":"max-image-preview:large","max-video-preview":"max-video-preview:-1"},"canonical":"https:\/\/biomaxi.ch\/produit\/troubles-thyroide-hypothyroidie-hyperthyroidie-jean-pierre-willem\/","og_locale":"de_DE","og_type":"article","og_title":"Les troubles de la thyro\u00efde \u2013 Comprendre hypothyro\u00efdie et hyperthyro\u00efdie - Dr Jean-Pierre Willem | biomaxi.ch","og_description":"Thyro\u00efde, hypothyro\u00efdie, hyperthyro\u00efdie et troubles hormonaux : le Dr Jean-Pierre Willem explique le r\u00f4le essentiel de la thyro\u00efde dans le m\u00e9tabolisme, le syst\u00e8me nerveux et l\u2019\u00e9quilibre hormonal. Ce livre d\u00e9taille les sympt\u00f4mes, les causes possibles et les approches m\u00e9dicales ou naturelles pour mieux comprendre et accompagner les d\u00e9r\u00e8glements de cette glande essentielle \u00e0 la sant\u00e9.","og_url":"https:\/\/biomaxi.ch\/produit\/troubles-thyroide-hypothyroidie-hyperthyroidie-jean-pierre-willem\/","og_site_name":"Biomaxi","article_publisher":"https:\/\/www.facebook.com\/biomaxisuisse\/","article_modified_time":"2026-03-04T10:43:59+00:00","og_image":[{"width":400,"height":589,"url":"https:\/\/biomaxi.ch\/wp-content\/uploads\/2026\/03\/Les-troubles-de-la-thyroide.jpg","type":"image\/jpeg"}],"twitter_card":"summary_large_image","twitter_misc":{"Gesch\u00e4tzte Lesezeit":"1\u00a0Minute"},"schema":{"@context":"https:\/\/schema.org","@graph":[{"@type":"WebPage","@id":"https:\/\/biomaxi.ch\/produit\/troubles-thyroide-hypothyroidie-hyperthyroidie-jean-pierre-willem\/","url":"https:\/\/biomaxi.ch\/produit\/troubles-thyroide-hypothyroidie-hyperthyroidie-jean-pierre-willem\/","name":"Les troubles de la thyro\u00efde \u2013 Comprendre hypothyro\u00efdie et hyperthyro\u00efdie - Dr Jean-Pierre Willem | biomaxi.ch","isPartOf":{"@id":"https:\/\/biomaxi.ch\/#website"},"primaryImageOfPage":{"@id":"https:\/\/biomaxi.ch\/produit\/troubles-thyroide-hypothyroidie-hyperthyroidie-jean-pierre-willem\/#primaryimage"},"image":{"@id":"https:\/\/biomaxi.ch\/produit\/troubles-thyroide-hypothyroidie-hyperthyroidie-jean-pierre-willem\/#primaryimage"},"thumbnailUrl":"https:\/\/biomaxi.ch\/wp-content\/uploads\/2026\/03\/Les-troubles-de-la-thyroide.jpg","datePublished":"2026-03-04T10:38:49+00:00","dateModified":"2026-03-04T10:43:59+00:00","description":"Thyro\u00efde, hypothyro\u00efdie, hyperthyro\u00efdie et troubles hormonaux : le Dr Jean-Pierre Willem explique le r\u00f4le essentiel de la thyro\u00efde dans le m\u00e9tabolisme, le syst\u00e8me nerveux et l\u2019\u00e9quilibre hormonal. Ce livre d\u00e9taille les sympt\u00f4mes, les causes possibles et les approches m\u00e9dicales ou naturelles pour mieux comprendre et accompagner les d\u00e9r\u00e8glements de cette glande essentielle \u00e0 la sant\u00e9.","breadcrumb":{"@id":"https:\/\/biomaxi.ch\/produit\/troubles-thyroide-hypothyroidie-hyperthyroidie-jean-pierre-willem\/#breadcrumb"},"inLanguage":"de","potentialAction":[{"@type":"ReadAction","target":["https:\/\/biomaxi.ch\/produit\/troubles-thyroide-hypothyroidie-hyperthyroidie-jean-pierre-willem\/"]}]},{"@type":"ImageObject","inLanguage":"de","@id":"https:\/\/biomaxi.ch\/produit\/troubles-thyroide-hypothyroidie-hyperthyroidie-jean-pierre-willem\/#primaryimage","url":"https:\/\/biomaxi.ch\/wp-content\/uploads\/2026\/03\/Les-troubles-de-la-thyroide.jpg","contentUrl":"https:\/\/biomaxi.ch\/wp-content\/uploads\/2026\/03\/Les-troubles-de-la-thyroide.jpg","width":400,"height":589},{"@type":"BreadcrumbList","@id":"https:\/\/biomaxi.ch\/produit\/troubles-thyroide-hypothyroidie-hyperthyroidie-jean-pierre-willem\/#breadcrumb","itemListElement":[{"@type":"ListItem","position":1,"name":"Accueil","item":"https:\/\/biomaxi.ch\/de\/"},{"@type":"ListItem","position":2,"name":"Produits","item":"https:\/\/biomaxi.ch\/produits\/"},{"@type":"ListItem","position":3,"name":"Les troubles de la thyro\u00efde"}]},{"@type":"WebSite","@id":"https:\/\/biomaxi.ch\/#website","url":"https:\/\/biomaxi.ch\/","name":"Biomaxi","description":"Compl\u00e9ments alimentaires bio d&#039;origine suisse bio et naturels","publisher":{"@id":"https:\/\/biomaxi.ch\/#organization"},"potentialAction":[{"@type":"SearchAction","target":{"@type":"EntryPoint","urlTemplate":"https:\/\/biomaxi.ch\/?s={search_term_string}"},"query-input":{"@type":"PropertyValueSpecification","valueRequired":true,"valueName":"search_term_string"}}],"inLanguage":"de"},{"@type":"Organization","@id":"https:\/\/biomaxi.ch\/#organization","name":"Biomaxi","url":"https:\/\/biomaxi.ch\/","logo":{"@type":"ImageObject","inLanguage":"de","@id":"https:\/\/biomaxi.ch\/#\/schema\/logo\/image\/","url":"https:\/\/biomaxi.ch\/wp-content\/uploads\/2024\/05\/LogoBiomaxiSite-1014x1024-1.jpg","contentUrl":"https:\/\/biomaxi.ch\/wp-content\/uploads\/2024\/05\/LogoBiomaxiSite-1014x1024-1.jpg","width":1014,"height":1024,"caption":"Biomaxi"},"image":{"@id":"https:\/\/biomaxi.ch\/#\/schema\/logo\/image\/"},"sameAs":["https:\/\/www.facebook.com\/biomaxisuisse\/","https:\/\/www.instagram.com\/phytinov\/"]}]}},"_links":{"self":[{"href":"https:\/\/biomaxi.ch\/de\/wp-json\/wp\/v2\/product\/31766","targetHints":{"allow":["GET"]}}],"collection":[{"href":"https:\/\/biomaxi.ch\/de\/wp-json\/wp\/v2\/product"}],"about":[{"href":"https:\/\/biomaxi.ch\/de\/wp-json\/wp\/v2\/types\/product"}],"replies":[{"embeddable":true,"href":"https:\/\/biomaxi.ch\/de\/wp-json\/wp\/v2\/comments?post=31766"}],"wp:featuredmedia":[{"embeddable":true,"href":"https:\/\/biomaxi.ch\/de\/wp-json\/wp\/v2\/media\/31697"}],"wp:attachment":[{"href":"https:\/\/biomaxi.ch\/de\/wp-json\/wp\/v2\/media?parent=31766"}],"wp:term":[{"taxonomy":"product_brand","embeddable":true,"href":"https:\/\/biomaxi.ch\/de\/wp-json\/wp\/v2\/product_brand?post=31766"},{"taxonomy":"product_cat","embeddable":true,"href":"https:\/\/biomaxi.ch\/de\/wp-json\/wp\/v2\/product_cat?post=31766"},{"taxonomy":"product_tag","embeddable":true,"href":"https:\/\/biomaxi.ch\/de\/wp-json\/wp\/v2\/product_tag?post=31766"}],"curies":[{"name":"wp","href":"https:\/\/api.w.org\/{rel}","templated":true}]}}