{"id":31765,"date":"2026-03-04T11:32:37","date_gmt":"2026-03-04T10:32:37","guid":{"rendered":"https:\/\/biomaxi.ch\/?post_type=product&#038;p=31765"},"modified":"2026-03-04T11:36:47","modified_gmt":"2026-03-04T10:36:47","slug":"jeune-methode-naturelle-sante-longevite-jean-pierre-willem","status":"publish","type":"product","link":"https:\/\/biomaxi.ch\/de\/produit\/jeune-methode-naturelle-sante-longevite-jean-pierre-willem\/","title":{"rendered":"Le Je\u00fbne"},"content":{"rendered":"<p>Auteur : Dr. Jean-Pierre WILLEM<\/p>\n<p>Nombre de pages : 191 pages<br \/>\nFormat : 22,00 x 15,00 x 1,60 cm<br \/>\nPoids : 0.2690 kg<\/p>\n<p>Parution : juin 2014<\/p>\n<p>Editeur : Tr\u00e9daniel la Maisnie<\/p>\n","protected":false},"excerpt":{"rendered":"<p>Le je\u00fbne, une m\u00e9thode naturelle de sant\u00e9 et long\u00e9vit\u00e9 est l&#8217;ouvrage le plus complet sur l&#8217;art du je\u00fbne, car il aborde aussi &#8211; et surtout &#8211; les questions fondamentales de la restriction alimentaire et de la mise en acidose de l&#8217;organisme. Un principe vieux comme le monde qui reste \u00e0 ce jour le meilleur m\u00e9dicament naturel pour nettoyer l&#8217;organisme, \u00e9viter la maladie ou accompagner la gu\u00e9rison. Et que cela d\u00e9range le syst\u00e8me de pens\u00e9e ambiant ou bouscule les habitudes \u00e9tablies n&#8217;y change rien car, en l&#8217;occurrence, donner du moins revient \u00e0 obtenir du plus, m\u00eame s&#8217;il est assez difficile au pays de Descartes de concevoir que lorsqu&#8217;on supprime de la nourriture \u00e0 un organisme, il devient plus fort. C&#8217;est pourtant un fait scientifique : la restriction alimentaire et le je\u00fbne sont bons pour l&#8217;organisme, tout comme se laver est un geste d&#8217;hygi\u00e8ne quotidien.<\/p>\n<p>Nous verrons dans Le je\u00fbne &#8211; une m\u00e9thode naturelle de sant\u00e9 et long\u00e9vit\u00e9 que les d\u00e9couvertes en la mati\u00e8re sont tout \u00e0 fait \u00e9tonnantes et comment je\u00fbner efficacement et sans risques.<\/p>\n<p>&#8211; L&#8217;histoire du je\u00fbne et ses indications sur la sant\u00e9.<\/p>\n<p>&#8211; Les diff\u00e9rents je\u00fbnes, complets ou partiels.<\/p>\n","protected":false},"featured_media":31716,"comment_status":"open","ping_status":"closed","template":"","meta":{"_et_pb_use_builder":"","_et_pb_old_content":"","_et_gb_content_width":""},"product_brand":[],"product_cat":[174,178,175],"product_tag":[112,121,189],"class_list":{"0":"post-31765","1":"product","2":"type-product","3":"status-publish","4":"has-post-thumbnail","6":"product_cat-complements","7":"product_cat-lib","8":"product_cat-phytinov","9":"product_tag-complement","10":"product_tag-complements","11":"product_tag-tonus-et-defense","13":"first","14":"instock","15":"sale","16":"shipping-taxable","17":"purchasable","18":"product-type-simple"},"yoast_head":"<!-- This site is optimized with the Yoast SEO plugin v27.3 - https:\/\/yoast.com\/product\/yoast-seo-wordpress\/ -->\n<title>Le je\u00fbne \u2013 M\u00e9thode naturelle de sant\u00e9 et long\u00e9vit\u00e9e - Dr Jean-Pierre Willem | biomaxi.ch<\/title>\n<meta name=\"description\" content=\"Je\u00fbne, sant\u00e9 naturelle, d\u00e9toxification et long\u00e9vit\u00e9 : le Dr Jean-Pierre Willem explique comment la restriction alimentaire peut aider \u00e0 nettoyer l\u2019organisme, pr\u00e9venir les maladies et accompagner la gu\u00e9rison. Ce livre d\u00e9taille les principes du je\u00fbne, ses effets sur l\u2019organisme et son r\u00f4le dans la pr\u00e9vention et le maintien d\u2019une bonne sant\u00e9.\" \/>\n<meta name=\"robots\" content=\"index, follow, max-snippet:-1, max-image-preview:large, max-video-preview:-1\" \/>\n<link rel=\"canonical\" href=\"https:\/\/biomaxi.ch\/produit\/jeune-methode-naturelle-sante-longevite-jean-pierre-willem\/\" \/>\n<meta property=\"og:locale\" content=\"de_DE\" \/>\n<meta property=\"og:type\" content=\"article\" \/>\n<meta property=\"og:title\" content=\"Le je\u00fbne \u2013 M\u00e9thode naturelle de sant\u00e9 et long\u00e9vit\u00e9e - Dr Jean-Pierre Willem | biomaxi.ch\" \/>\n<meta property=\"og:description\" content=\"Je\u00fbne, sant\u00e9 naturelle, d\u00e9toxification et long\u00e9vit\u00e9 : le Dr Jean-Pierre Willem explique comment la restriction alimentaire peut aider \u00e0 nettoyer l\u2019organisme, pr\u00e9venir les maladies et accompagner la gu\u00e9rison. Ce livre d\u00e9taille les principes du je\u00fbne, ses effets sur l\u2019organisme et son r\u00f4le dans la pr\u00e9vention et le maintien d\u2019une bonne sant\u00e9.\" \/>\n<meta property=\"og:url\" content=\"https:\/\/biomaxi.ch\/produit\/jeune-methode-naturelle-sante-longevite-jean-pierre-willem\/\" \/>\n<meta property=\"og:site_name\" content=\"Biomaxi\" \/>\n<meta property=\"article:publisher\" content=\"https:\/\/www.facebook.com\/biomaxisuisse\/\" \/>\n<meta property=\"article:modified_time\" content=\"2026-03-04T10:36:47+00:00\" \/>\n<meta property=\"og:image\" content=\"https:\/\/biomaxi.ch\/wp-content\/uploads\/2026\/03\/Le-jeune.jpg\" \/>\n\t<meta property=\"og:image:width\" content=\"200\" \/>\n\t<meta property=\"og:image:height\" content=\"293\" \/>\n\t<meta property=\"og:image:type\" content=\"image\/jpeg\" \/>\n<meta name=\"twitter:card\" content=\"summary_large_image\" \/>\n<meta name=\"twitter:label1\" content=\"Gesch\u00e4tzte Lesezeit\" \/>\n\t<meta name=\"twitter:data1\" content=\"1\u00a0Minute\" \/>\n<script type=\"application\/ld+json\" class=\"yoast-schema-graph\">{\"@context\":\"https:\\\/\\\/schema.org\",\"@graph\":[{\"@type\":\"WebPage\",\"@id\":\"https:\\\/\\\/biomaxi.ch\\\/produit\\\/jeune-methode-naturelle-sante-longevite-jean-pierre-willem\\\/\",\"url\":\"https:\\\/\\\/biomaxi.ch\\\/produit\\\/jeune-methode-naturelle-sante-longevite-jean-pierre-willem\\\/\",\"name\":\"Le je\u00fbne \u2013 M\u00e9thode naturelle de sant\u00e9 et long\u00e9vit\u00e9e - Dr Jean-Pierre Willem | biomaxi.ch\",\"isPartOf\":{\"@id\":\"https:\\\/\\\/biomaxi.ch\\\/#website\"},\"primaryImageOfPage\":{\"@id\":\"https:\\\/\\\/biomaxi.ch\\\/produit\\\/jeune-methode-naturelle-sante-longevite-jean-pierre-willem\\\/#primaryimage\"},\"image\":{\"@id\":\"https:\\\/\\\/biomaxi.ch\\\/produit\\\/jeune-methode-naturelle-sante-longevite-jean-pierre-willem\\\/#primaryimage\"},\"thumbnailUrl\":\"https:\\\/\\\/biomaxi.ch\\\/wp-content\\\/uploads\\\/2026\\\/03\\\/Le-jeune.jpg\",\"datePublished\":\"2026-03-04T10:32:37+00:00\",\"dateModified\":\"2026-03-04T10:36:47+00:00\",\"description\":\"Je\u00fbne, sant\u00e9 naturelle, d\u00e9toxification et long\u00e9vit\u00e9 : le Dr Jean-Pierre Willem explique comment la restriction alimentaire peut aider \u00e0 nettoyer l\u2019organisme, pr\u00e9venir les maladies et accompagner la gu\u00e9rison. Ce livre d\u00e9taille les principes du je\u00fbne, ses effets sur l\u2019organisme et son r\u00f4le dans la pr\u00e9vention et le maintien d\u2019une bonne sant\u00e9.\",\"breadcrumb\":{\"@id\":\"https:\\\/\\\/biomaxi.ch\\\/produit\\\/jeune-methode-naturelle-sante-longevite-jean-pierre-willem\\\/#breadcrumb\"},\"inLanguage\":\"de\",\"potentialAction\":[{\"@type\":\"ReadAction\",\"target\":[\"https:\\\/\\\/biomaxi.ch\\\/produit\\\/jeune-methode-naturelle-sante-longevite-jean-pierre-willem\\\/\"]}]},{\"@type\":\"ImageObject\",\"inLanguage\":\"de\",\"@id\":\"https:\\\/\\\/biomaxi.ch\\\/produit\\\/jeune-methode-naturelle-sante-longevite-jean-pierre-willem\\\/#primaryimage\",\"url\":\"https:\\\/\\\/biomaxi.ch\\\/wp-content\\\/uploads\\\/2026\\\/03\\\/Le-jeune.jpg\",\"contentUrl\":\"https:\\\/\\\/biomaxi.ch\\\/wp-content\\\/uploads\\\/2026\\\/03\\\/Le-jeune.jpg\",\"width\":200,\"height\":293},{\"@type\":\"BreadcrumbList\",\"@id\":\"https:\\\/\\\/biomaxi.ch\\\/produit\\\/jeune-methode-naturelle-sante-longevite-jean-pierre-willem\\\/#breadcrumb\",\"itemListElement\":[{\"@type\":\"ListItem\",\"position\":1,\"name\":\"Accueil\",\"item\":\"https:\\\/\\\/biomaxi.ch\\\/de\\\/\"},{\"@type\":\"ListItem\",\"position\":2,\"name\":\"Produits\",\"item\":\"https:\\\/\\\/biomaxi.ch\\\/produits\\\/\"},{\"@type\":\"ListItem\",\"position\":3,\"name\":\"Le Je\u00fbne\"}]},{\"@type\":\"WebSite\",\"@id\":\"https:\\\/\\\/biomaxi.ch\\\/#website\",\"url\":\"https:\\\/\\\/biomaxi.ch\\\/\",\"name\":\"Biomaxi\",\"description\":\"Compl\u00e9ments alimentaires bio d&#039;origine suisse bio et naturels\",\"publisher\":{\"@id\":\"https:\\\/\\\/biomaxi.ch\\\/#organization\"},\"potentialAction\":[{\"@type\":\"SearchAction\",\"target\":{\"@type\":\"EntryPoint\",\"urlTemplate\":\"https:\\\/\\\/biomaxi.ch\\\/?s={search_term_string}\"},\"query-input\":{\"@type\":\"PropertyValueSpecification\",\"valueRequired\":true,\"valueName\":\"search_term_string\"}}],\"inLanguage\":\"de\"},{\"@type\":\"Organization\",\"@id\":\"https:\\\/\\\/biomaxi.ch\\\/#organization\",\"name\":\"Biomaxi\",\"url\":\"https:\\\/\\\/biomaxi.ch\\\/\",\"logo\":{\"@type\":\"ImageObject\",\"inLanguage\":\"de\",\"@id\":\"https:\\\/\\\/biomaxi.ch\\\/#\\\/schema\\\/logo\\\/image\\\/\",\"url\":\"https:\\\/\\\/biomaxi.ch\\\/wp-content\\\/uploads\\\/2024\\\/05\\\/LogoBiomaxiSite-1014x1024-1.jpg\",\"contentUrl\":\"https:\\\/\\\/biomaxi.ch\\\/wp-content\\\/uploads\\\/2024\\\/05\\\/LogoBiomaxiSite-1014x1024-1.jpg\",\"width\":1014,\"height\":1024,\"caption\":\"Biomaxi\"},\"image\":{\"@id\":\"https:\\\/\\\/biomaxi.ch\\\/#\\\/schema\\\/logo\\\/image\\\/\"},\"sameAs\":[\"https:\\\/\\\/www.facebook.com\\\/biomaxisuisse\\\/\",\"https:\\\/\\\/www.instagram.com\\\/phytinov\\\/\"]}]}<\/script>\n<!-- \/ Yoast SEO plugin. -->","yoast_head_json":{"title":"Le je\u00fbne \u2013 M\u00e9thode naturelle de sant\u00e9 et long\u00e9vit\u00e9e - Dr Jean-Pierre Willem | biomaxi.ch","description":"Je\u00fbne, sant\u00e9 naturelle, d\u00e9toxification et long\u00e9vit\u00e9 : le Dr Jean-Pierre Willem explique comment la restriction alimentaire peut aider \u00e0 nettoyer l\u2019organisme, pr\u00e9venir les maladies et accompagner la gu\u00e9rison. Ce livre d\u00e9taille les principes du je\u00fbne, ses effets sur l\u2019organisme et son r\u00f4le dans la pr\u00e9vention et le maintien d\u2019une bonne sant\u00e9.","robots":{"index":"index","follow":"follow","max-snippet":"max-snippet:-1","max-image-preview":"max-image-preview:large","max-video-preview":"max-video-preview:-1"},"canonical":"https:\/\/biomaxi.ch\/produit\/jeune-methode-naturelle-sante-longevite-jean-pierre-willem\/","og_locale":"de_DE","og_type":"article","og_title":"Le je\u00fbne \u2013 M\u00e9thode naturelle de sant\u00e9 et long\u00e9vit\u00e9e - Dr Jean-Pierre Willem | biomaxi.ch","og_description":"Je\u00fbne, sant\u00e9 naturelle, d\u00e9toxification et long\u00e9vit\u00e9 : le Dr Jean-Pierre Willem explique comment la restriction alimentaire peut aider \u00e0 nettoyer l\u2019organisme, pr\u00e9venir les maladies et accompagner la gu\u00e9rison. Ce livre d\u00e9taille les principes du je\u00fbne, ses effets sur l\u2019organisme et son r\u00f4le dans la pr\u00e9vention et le maintien d\u2019une bonne sant\u00e9.","og_url":"https:\/\/biomaxi.ch\/produit\/jeune-methode-naturelle-sante-longevite-jean-pierre-willem\/","og_site_name":"Biomaxi","article_publisher":"https:\/\/www.facebook.com\/biomaxisuisse\/","article_modified_time":"2026-03-04T10:36:47+00:00","og_image":[{"width":200,"height":293,"url":"https:\/\/biomaxi.ch\/wp-content\/uploads\/2026\/03\/Le-jeune.jpg","type":"image\/jpeg"}],"twitter_card":"summary_large_image","twitter_misc":{"Gesch\u00e4tzte Lesezeit":"1\u00a0Minute"},"schema":{"@context":"https:\/\/schema.org","@graph":[{"@type":"WebPage","@id":"https:\/\/biomaxi.ch\/produit\/jeune-methode-naturelle-sante-longevite-jean-pierre-willem\/","url":"https:\/\/biomaxi.ch\/produit\/jeune-methode-naturelle-sante-longevite-jean-pierre-willem\/","name":"Le je\u00fbne \u2013 M\u00e9thode naturelle de sant\u00e9 et long\u00e9vit\u00e9e - Dr Jean-Pierre Willem | biomaxi.ch","isPartOf":{"@id":"https:\/\/biomaxi.ch\/#website"},"primaryImageOfPage":{"@id":"https:\/\/biomaxi.ch\/produit\/jeune-methode-naturelle-sante-longevite-jean-pierre-willem\/#primaryimage"},"image":{"@id":"https:\/\/biomaxi.ch\/produit\/jeune-methode-naturelle-sante-longevite-jean-pierre-willem\/#primaryimage"},"thumbnailUrl":"https:\/\/biomaxi.ch\/wp-content\/uploads\/2026\/03\/Le-jeune.jpg","datePublished":"2026-03-04T10:32:37+00:00","dateModified":"2026-03-04T10:36:47+00:00","description":"Je\u00fbne, sant\u00e9 naturelle, d\u00e9toxification et long\u00e9vit\u00e9 : le Dr Jean-Pierre Willem explique comment la restriction alimentaire peut aider \u00e0 nettoyer l\u2019organisme, pr\u00e9venir les maladies et accompagner la gu\u00e9rison. Ce livre d\u00e9taille les principes du je\u00fbne, ses effets sur l\u2019organisme et son r\u00f4le dans la pr\u00e9vention et le maintien d\u2019une bonne sant\u00e9.","breadcrumb":{"@id":"https:\/\/biomaxi.ch\/produit\/jeune-methode-naturelle-sante-longevite-jean-pierre-willem\/#breadcrumb"},"inLanguage":"de","potentialAction":[{"@type":"ReadAction","target":["https:\/\/biomaxi.ch\/produit\/jeune-methode-naturelle-sante-longevite-jean-pierre-willem\/"]}]},{"@type":"ImageObject","inLanguage":"de","@id":"https:\/\/biomaxi.ch\/produit\/jeune-methode-naturelle-sante-longevite-jean-pierre-willem\/#primaryimage","url":"https:\/\/biomaxi.ch\/wp-content\/uploads\/2026\/03\/Le-jeune.jpg","contentUrl":"https:\/\/biomaxi.ch\/wp-content\/uploads\/2026\/03\/Le-jeune.jpg","width":200,"height":293},{"@type":"BreadcrumbList","@id":"https:\/\/biomaxi.ch\/produit\/jeune-methode-naturelle-sante-longevite-jean-pierre-willem\/#breadcrumb","itemListElement":[{"@type":"ListItem","position":1,"name":"Accueil","item":"https:\/\/biomaxi.ch\/de\/"},{"@type":"ListItem","position":2,"name":"Produits","item":"https:\/\/biomaxi.ch\/produits\/"},{"@type":"ListItem","position":3,"name":"Le Je\u00fbne"}]},{"@type":"WebSite","@id":"https:\/\/biomaxi.ch\/#website","url":"https:\/\/biomaxi.ch\/","name":"Biomaxi","description":"Compl\u00e9ments alimentaires bio d&#039;origine suisse bio et naturels","publisher":{"@id":"https:\/\/biomaxi.ch\/#organization"},"potentialAction":[{"@type":"SearchAction","target":{"@type":"EntryPoint","urlTemplate":"https:\/\/biomaxi.ch\/?s={search_term_string}"},"query-input":{"@type":"PropertyValueSpecification","valueRequired":true,"valueName":"search_term_string"}}],"inLanguage":"de"},{"@type":"Organization","@id":"https:\/\/biomaxi.ch\/#organization","name":"Biomaxi","url":"https:\/\/biomaxi.ch\/","logo":{"@type":"ImageObject","inLanguage":"de","@id":"https:\/\/biomaxi.ch\/#\/schema\/logo\/image\/","url":"https:\/\/biomaxi.ch\/wp-content\/uploads\/2024\/05\/LogoBiomaxiSite-1014x1024-1.jpg","contentUrl":"https:\/\/biomaxi.ch\/wp-content\/uploads\/2024\/05\/LogoBiomaxiSite-1014x1024-1.jpg","width":1014,"height":1024,"caption":"Biomaxi"},"image":{"@id":"https:\/\/biomaxi.ch\/#\/schema\/logo\/image\/"},"sameAs":["https:\/\/www.facebook.com\/biomaxisuisse\/","https:\/\/www.instagram.com\/phytinov\/"]}]}},"_links":{"self":[{"href":"https:\/\/biomaxi.ch\/de\/wp-json\/wp\/v2\/product\/31765","targetHints":{"allow":["GET"]}}],"collection":[{"href":"https:\/\/biomaxi.ch\/de\/wp-json\/wp\/v2\/product"}],"about":[{"href":"https:\/\/biomaxi.ch\/de\/wp-json\/wp\/v2\/types\/product"}],"replies":[{"embeddable":true,"href":"https:\/\/biomaxi.ch\/de\/wp-json\/wp\/v2\/comments?post=31765"}],"wp:featuredmedia":[{"embeddable":true,"href":"https:\/\/biomaxi.ch\/de\/wp-json\/wp\/v2\/media\/31716"}],"wp:attachment":[{"href":"https:\/\/biomaxi.ch\/de\/wp-json\/wp\/v2\/media?parent=31765"}],"wp:term":[{"taxonomy":"product_brand","embeddable":true,"href":"https:\/\/biomaxi.ch\/de\/wp-json\/wp\/v2\/product_brand?post=31765"},{"taxonomy":"product_cat","embeddable":true,"href":"https:\/\/biomaxi.ch\/de\/wp-json\/wp\/v2\/product_cat?post=31765"},{"taxonomy":"product_tag","embeddable":true,"href":"https:\/\/biomaxi.ch\/de\/wp-json\/wp\/v2\/product_tag?post=31765"}],"curies":[{"name":"wp","href":"https:\/\/api.w.org\/{rel}","templated":true}]}}