{"id":31764,"date":"2026-03-04T11:25:03","date_gmt":"2026-03-04T10:25:03","guid":{"rendered":"https:\/\/biomaxi.ch\/?post_type=product&#038;p=31764"},"modified":"2026-03-04T11:30:27","modified_gmt":"2026-03-04T10:30:27","slug":"au-diable-la-vieillesse","status":"publish","type":"product","link":"https:\/\/biomaxi.ch\/de\/produit\/au-diable-la-vieillesse\/","title":{"rendered":"Au diable la vieillesse"},"content":{"rendered":"<p>Auteur : Dr. Jean-Pierre WILLEM<\/p>\n<p>Nombre de pages : 360 pages<br \/>\nFormat : 22 x 15 x 2 cm<br \/>\nPoids : 0.4780 kg<\/p>\n<p>Parution : novembre 2022 (la plus r\u00e9cente)<\/p>\n<p>Editeur : Dauphin<\/p>\n","protected":false},"excerpt":{"rendered":"<p>A d\u00e9faut d&#8217;atteindre les cent vingt ans, limite biologique que nous fixe la science, les progr\u00e8s de la m\u00e9decine et l&#8217;\u00e9l\u00e9vation de notre niveau de vie permettent \u00e0 un nombre croissant de personnes de vivre de plus en plus vieux. Mais entre &#8222;vivre longtemps&#8220; et &#8222;vivre bien&#8220;, il y a un monde car si vieillir est affaire de soci\u00e9t\u00e9, rester jeune est affaire de volont\u00e9 Personnelle. &#8222;Au diable la vieillesse&#8220; explique \u00e0 ses lecteurs comment affronter dans les meilleures conditions les maux, r\u00e9els et suppos\u00e9s de l&#8217;\u00e2ge dit critique. Et, parce que le docteur Jean-Pierre Willem a rencontr\u00e9 des peuples centenaires et des communaut\u00e9s o\u00f9 il n&#8217;y a ni cancer ni infarctus, il nous d\u00e9montre comment faire fructifier d\u00e8s l&#8217;adolescence son capital sant\u00e9, afin de vivre agr\u00e9ablement et sainement le plus longtemps possible<\/p>\n","protected":false},"featured_media":31704,"comment_status":"open","ping_status":"closed","template":"","meta":{"_et_pb_use_builder":"","_et_pb_old_content":"","_et_gb_content_width":""},"product_brand":[],"product_cat":[174,178,175],"product_tag":[112,121,189],"class_list":{"0":"post-31764","1":"product","2":"type-product","3":"status-publish","4":"has-post-thumbnail","6":"product_cat-complements","7":"product_cat-lib","8":"product_cat-phytinov","9":"product_tag-complement","10":"product_tag-complements","11":"product_tag-tonus-et-defense","13":"first","14":"instock","15":"sale","16":"shipping-taxable","17":"purchasable","18":"product-type-simple"},"yoast_head":"<!-- This site is optimized with the Yoast SEO plugin v27.3 - https:\/\/yoast.com\/product\/yoast-seo-wordpress\/ -->\n<title>Au diable la vieillesse \u2013 Bien vieillir et sant\u00e9 naturelle - Dr Jean-Pierre Willem | biomaxi.ch<\/title>\n<meta name=\"description\" content=\"Vieillesse, bien vieillir, long\u00e9vit\u00e9 et sant\u00e9 naturelle : le Dr Jean-Pierre Willem explique comment pr\u00e9venir les maladies li\u00e9es \u00e0 l\u2019\u00e2ge et pr\u00e9server son capital sant\u00e9. Ce livre montre comment vivre sainement et affronter les maux de l\u2019\u00e2ge gr\u00e2ce \u00e0 l\u2019hygi\u00e8ne de vie, aux connaissances m\u00e9dicales et aux solutions naturelles pour rester en bonne sant\u00e9 le plus longtemps possible.\" \/>\n<meta name=\"robots\" content=\"index, follow, max-snippet:-1, max-image-preview:large, max-video-preview:-1\" \/>\n<link rel=\"canonical\" href=\"https:\/\/biomaxi.ch\/produit\/au-diable-la-vieillesse\/\" \/>\n<meta property=\"og:locale\" content=\"de_DE\" \/>\n<meta property=\"og:type\" content=\"article\" \/>\n<meta property=\"og:title\" content=\"Au diable la vieillesse \u2013 Bien vieillir et sant\u00e9 naturelle - Dr Jean-Pierre Willem | biomaxi.ch\" \/>\n<meta property=\"og:description\" content=\"Vieillesse, bien vieillir, long\u00e9vit\u00e9 et sant\u00e9 naturelle : le Dr Jean-Pierre Willem explique comment pr\u00e9venir les maladies li\u00e9es \u00e0 l\u2019\u00e2ge et pr\u00e9server son capital sant\u00e9. Ce livre montre comment vivre sainement et affronter les maux de l\u2019\u00e2ge gr\u00e2ce \u00e0 l\u2019hygi\u00e8ne de vie, aux connaissances m\u00e9dicales et aux solutions naturelles pour rester en bonne sant\u00e9 le plus longtemps possible.\" \/>\n<meta property=\"og:url\" content=\"https:\/\/biomaxi.ch\/produit\/au-diable-la-vieillesse\/\" \/>\n<meta property=\"og:site_name\" content=\"Biomaxi\" \/>\n<meta property=\"article:publisher\" content=\"https:\/\/www.facebook.com\/biomaxisuisse\/\" \/>\n<meta property=\"article:modified_time\" content=\"2026-03-04T10:30:27+00:00\" \/>\n<meta property=\"og:image\" content=\"https:\/\/biomaxi.ch\/wp-content\/uploads\/2026\/03\/Au-diable-la-vieillesse.jpg\" \/>\n\t<meta property=\"og:image:width\" content=\"400\" \/>\n\t<meta property=\"og:image:height\" content=\"591\" \/>\n\t<meta property=\"og:image:type\" content=\"image\/jpeg\" \/>\n<meta name=\"twitter:card\" content=\"summary_large_image\" \/>\n<meta name=\"twitter:label1\" content=\"Gesch\u00e4tzte Lesezeit\" \/>\n\t<meta name=\"twitter:data1\" content=\"1\u00a0Minute\" \/>\n<script type=\"application\/ld+json\" class=\"yoast-schema-graph\">{\"@context\":\"https:\\\/\\\/schema.org\",\"@graph\":[{\"@type\":\"WebPage\",\"@id\":\"https:\\\/\\\/biomaxi.ch\\\/produit\\\/au-diable-la-vieillesse\\\/\",\"url\":\"https:\\\/\\\/biomaxi.ch\\\/produit\\\/au-diable-la-vieillesse\\\/\",\"name\":\"Au diable la vieillesse \u2013 Bien vieillir et sant\u00e9 naturelle - Dr Jean-Pierre Willem | biomaxi.ch\",\"isPartOf\":{\"@id\":\"https:\\\/\\\/biomaxi.ch\\\/#website\"},\"primaryImageOfPage\":{\"@id\":\"https:\\\/\\\/biomaxi.ch\\\/produit\\\/au-diable-la-vieillesse\\\/#primaryimage\"},\"image\":{\"@id\":\"https:\\\/\\\/biomaxi.ch\\\/produit\\\/au-diable-la-vieillesse\\\/#primaryimage\"},\"thumbnailUrl\":\"https:\\\/\\\/biomaxi.ch\\\/wp-content\\\/uploads\\\/2026\\\/03\\\/Au-diable-la-vieillesse.jpg\",\"datePublished\":\"2026-03-04T10:25:03+00:00\",\"dateModified\":\"2026-03-04T10:30:27+00:00\",\"description\":\"Vieillesse, bien vieillir, long\u00e9vit\u00e9 et sant\u00e9 naturelle : le Dr Jean-Pierre Willem explique comment pr\u00e9venir les maladies li\u00e9es \u00e0 l\u2019\u00e2ge et pr\u00e9server son capital sant\u00e9. Ce livre montre comment vivre sainement et affronter les maux de l\u2019\u00e2ge gr\u00e2ce \u00e0 l\u2019hygi\u00e8ne de vie, aux connaissances m\u00e9dicales et aux solutions naturelles pour rester en bonne sant\u00e9 le plus longtemps possible.\",\"breadcrumb\":{\"@id\":\"https:\\\/\\\/biomaxi.ch\\\/produit\\\/au-diable-la-vieillesse\\\/#breadcrumb\"},\"inLanguage\":\"de\",\"potentialAction\":[{\"@type\":\"ReadAction\",\"target\":[\"https:\\\/\\\/biomaxi.ch\\\/produit\\\/au-diable-la-vieillesse\\\/\"]}]},{\"@type\":\"ImageObject\",\"inLanguage\":\"de\",\"@id\":\"https:\\\/\\\/biomaxi.ch\\\/produit\\\/au-diable-la-vieillesse\\\/#primaryimage\",\"url\":\"https:\\\/\\\/biomaxi.ch\\\/wp-content\\\/uploads\\\/2026\\\/03\\\/Au-diable-la-vieillesse.jpg\",\"contentUrl\":\"https:\\\/\\\/biomaxi.ch\\\/wp-content\\\/uploads\\\/2026\\\/03\\\/Au-diable-la-vieillesse.jpg\",\"width\":400,\"height\":591},{\"@type\":\"BreadcrumbList\",\"@id\":\"https:\\\/\\\/biomaxi.ch\\\/produit\\\/au-diable-la-vieillesse\\\/#breadcrumb\",\"itemListElement\":[{\"@type\":\"ListItem\",\"position\":1,\"name\":\"Accueil\",\"item\":\"https:\\\/\\\/biomaxi.ch\\\/de\\\/\"},{\"@type\":\"ListItem\",\"position\":2,\"name\":\"Produits\",\"item\":\"https:\\\/\\\/biomaxi.ch\\\/produits\\\/\"},{\"@type\":\"ListItem\",\"position\":3,\"name\":\"Au diable la vieillesse\"}]},{\"@type\":\"WebSite\",\"@id\":\"https:\\\/\\\/biomaxi.ch\\\/#website\",\"url\":\"https:\\\/\\\/biomaxi.ch\\\/\",\"name\":\"Biomaxi\",\"description\":\"Compl\u00e9ments alimentaires bio d&#039;origine suisse bio et naturels\",\"publisher\":{\"@id\":\"https:\\\/\\\/biomaxi.ch\\\/#organization\"},\"potentialAction\":[{\"@type\":\"SearchAction\",\"target\":{\"@type\":\"EntryPoint\",\"urlTemplate\":\"https:\\\/\\\/biomaxi.ch\\\/?s={search_term_string}\"},\"query-input\":{\"@type\":\"PropertyValueSpecification\",\"valueRequired\":true,\"valueName\":\"search_term_string\"}}],\"inLanguage\":\"de\"},{\"@type\":\"Organization\",\"@id\":\"https:\\\/\\\/biomaxi.ch\\\/#organization\",\"name\":\"Biomaxi\",\"url\":\"https:\\\/\\\/biomaxi.ch\\\/\",\"logo\":{\"@type\":\"ImageObject\",\"inLanguage\":\"de\",\"@id\":\"https:\\\/\\\/biomaxi.ch\\\/#\\\/schema\\\/logo\\\/image\\\/\",\"url\":\"https:\\\/\\\/biomaxi.ch\\\/wp-content\\\/uploads\\\/2024\\\/05\\\/LogoBiomaxiSite-1014x1024-1.jpg\",\"contentUrl\":\"https:\\\/\\\/biomaxi.ch\\\/wp-content\\\/uploads\\\/2024\\\/05\\\/LogoBiomaxiSite-1014x1024-1.jpg\",\"width\":1014,\"height\":1024,\"caption\":\"Biomaxi\"},\"image\":{\"@id\":\"https:\\\/\\\/biomaxi.ch\\\/#\\\/schema\\\/logo\\\/image\\\/\"},\"sameAs\":[\"https:\\\/\\\/www.facebook.com\\\/biomaxisuisse\\\/\",\"https:\\\/\\\/www.instagram.com\\\/phytinov\\\/\"]}]}<\/script>\n<!-- \/ Yoast SEO plugin. -->","yoast_head_json":{"title":"Au diable la vieillesse \u2013 Bien vieillir et sant\u00e9 naturelle - Dr Jean-Pierre Willem | biomaxi.ch","description":"Vieillesse, bien vieillir, long\u00e9vit\u00e9 et sant\u00e9 naturelle : le Dr Jean-Pierre Willem explique comment pr\u00e9venir les maladies li\u00e9es \u00e0 l\u2019\u00e2ge et pr\u00e9server son capital sant\u00e9. Ce livre montre comment vivre sainement et affronter les maux de l\u2019\u00e2ge gr\u00e2ce \u00e0 l\u2019hygi\u00e8ne de vie, aux connaissances m\u00e9dicales et aux solutions naturelles pour rester en bonne sant\u00e9 le plus longtemps possible.","robots":{"index":"index","follow":"follow","max-snippet":"max-snippet:-1","max-image-preview":"max-image-preview:large","max-video-preview":"max-video-preview:-1"},"canonical":"https:\/\/biomaxi.ch\/produit\/au-diable-la-vieillesse\/","og_locale":"de_DE","og_type":"article","og_title":"Au diable la vieillesse \u2013 Bien vieillir et sant\u00e9 naturelle - Dr Jean-Pierre Willem | biomaxi.ch","og_description":"Vieillesse, bien vieillir, long\u00e9vit\u00e9 et sant\u00e9 naturelle : le Dr Jean-Pierre Willem explique comment pr\u00e9venir les maladies li\u00e9es \u00e0 l\u2019\u00e2ge et pr\u00e9server son capital sant\u00e9. Ce livre montre comment vivre sainement et affronter les maux de l\u2019\u00e2ge gr\u00e2ce \u00e0 l\u2019hygi\u00e8ne de vie, aux connaissances m\u00e9dicales et aux solutions naturelles pour rester en bonne sant\u00e9 le plus longtemps possible.","og_url":"https:\/\/biomaxi.ch\/produit\/au-diable-la-vieillesse\/","og_site_name":"Biomaxi","article_publisher":"https:\/\/www.facebook.com\/biomaxisuisse\/","article_modified_time":"2026-03-04T10:30:27+00:00","og_image":[{"width":400,"height":591,"url":"https:\/\/biomaxi.ch\/wp-content\/uploads\/2026\/03\/Au-diable-la-vieillesse.jpg","type":"image\/jpeg"}],"twitter_card":"summary_large_image","twitter_misc":{"Gesch\u00e4tzte Lesezeit":"1\u00a0Minute"},"schema":{"@context":"https:\/\/schema.org","@graph":[{"@type":"WebPage","@id":"https:\/\/biomaxi.ch\/produit\/au-diable-la-vieillesse\/","url":"https:\/\/biomaxi.ch\/produit\/au-diable-la-vieillesse\/","name":"Au diable la vieillesse \u2013 Bien vieillir et sant\u00e9 naturelle - Dr Jean-Pierre Willem | biomaxi.ch","isPartOf":{"@id":"https:\/\/biomaxi.ch\/#website"},"primaryImageOfPage":{"@id":"https:\/\/biomaxi.ch\/produit\/au-diable-la-vieillesse\/#primaryimage"},"image":{"@id":"https:\/\/biomaxi.ch\/produit\/au-diable-la-vieillesse\/#primaryimage"},"thumbnailUrl":"https:\/\/biomaxi.ch\/wp-content\/uploads\/2026\/03\/Au-diable-la-vieillesse.jpg","datePublished":"2026-03-04T10:25:03+00:00","dateModified":"2026-03-04T10:30:27+00:00","description":"Vieillesse, bien vieillir, long\u00e9vit\u00e9 et sant\u00e9 naturelle : le Dr Jean-Pierre Willem explique comment pr\u00e9venir les maladies li\u00e9es \u00e0 l\u2019\u00e2ge et pr\u00e9server son capital sant\u00e9. Ce livre montre comment vivre sainement et affronter les maux de l\u2019\u00e2ge gr\u00e2ce \u00e0 l\u2019hygi\u00e8ne de vie, aux connaissances m\u00e9dicales et aux solutions naturelles pour rester en bonne sant\u00e9 le plus longtemps possible.","breadcrumb":{"@id":"https:\/\/biomaxi.ch\/produit\/au-diable-la-vieillesse\/#breadcrumb"},"inLanguage":"de","potentialAction":[{"@type":"ReadAction","target":["https:\/\/biomaxi.ch\/produit\/au-diable-la-vieillesse\/"]}]},{"@type":"ImageObject","inLanguage":"de","@id":"https:\/\/biomaxi.ch\/produit\/au-diable-la-vieillesse\/#primaryimage","url":"https:\/\/biomaxi.ch\/wp-content\/uploads\/2026\/03\/Au-diable-la-vieillesse.jpg","contentUrl":"https:\/\/biomaxi.ch\/wp-content\/uploads\/2026\/03\/Au-diable-la-vieillesse.jpg","width":400,"height":591},{"@type":"BreadcrumbList","@id":"https:\/\/biomaxi.ch\/produit\/au-diable-la-vieillesse\/#breadcrumb","itemListElement":[{"@type":"ListItem","position":1,"name":"Accueil","item":"https:\/\/biomaxi.ch\/de\/"},{"@type":"ListItem","position":2,"name":"Produits","item":"https:\/\/biomaxi.ch\/produits\/"},{"@type":"ListItem","position":3,"name":"Au diable la vieillesse"}]},{"@type":"WebSite","@id":"https:\/\/biomaxi.ch\/#website","url":"https:\/\/biomaxi.ch\/","name":"Biomaxi","description":"Compl\u00e9ments alimentaires bio d&#039;origine suisse bio et naturels","publisher":{"@id":"https:\/\/biomaxi.ch\/#organization"},"potentialAction":[{"@type":"SearchAction","target":{"@type":"EntryPoint","urlTemplate":"https:\/\/biomaxi.ch\/?s={search_term_string}"},"query-input":{"@type":"PropertyValueSpecification","valueRequired":true,"valueName":"search_term_string"}}],"inLanguage":"de"},{"@type":"Organization","@id":"https:\/\/biomaxi.ch\/#organization","name":"Biomaxi","url":"https:\/\/biomaxi.ch\/","logo":{"@type":"ImageObject","inLanguage":"de","@id":"https:\/\/biomaxi.ch\/#\/schema\/logo\/image\/","url":"https:\/\/biomaxi.ch\/wp-content\/uploads\/2024\/05\/LogoBiomaxiSite-1014x1024-1.jpg","contentUrl":"https:\/\/biomaxi.ch\/wp-content\/uploads\/2024\/05\/LogoBiomaxiSite-1014x1024-1.jpg","width":1014,"height":1024,"caption":"Biomaxi"},"image":{"@id":"https:\/\/biomaxi.ch\/#\/schema\/logo\/image\/"},"sameAs":["https:\/\/www.facebook.com\/biomaxisuisse\/","https:\/\/www.instagram.com\/phytinov\/"]}]}},"_links":{"self":[{"href":"https:\/\/biomaxi.ch\/de\/wp-json\/wp\/v2\/product\/31764","targetHints":{"allow":["GET"]}}],"collection":[{"href":"https:\/\/biomaxi.ch\/de\/wp-json\/wp\/v2\/product"}],"about":[{"href":"https:\/\/biomaxi.ch\/de\/wp-json\/wp\/v2\/types\/product"}],"replies":[{"embeddable":true,"href":"https:\/\/biomaxi.ch\/de\/wp-json\/wp\/v2\/comments?post=31764"}],"wp:featuredmedia":[{"embeddable":true,"href":"https:\/\/biomaxi.ch\/de\/wp-json\/wp\/v2\/media\/31704"}],"wp:attachment":[{"href":"https:\/\/biomaxi.ch\/de\/wp-json\/wp\/v2\/media?parent=31764"}],"wp:term":[{"taxonomy":"product_brand","embeddable":true,"href":"https:\/\/biomaxi.ch\/de\/wp-json\/wp\/v2\/product_brand?post=31764"},{"taxonomy":"product_cat","embeddable":true,"href":"https:\/\/biomaxi.ch\/de\/wp-json\/wp\/v2\/product_cat?post=31764"},{"taxonomy":"product_tag","embeddable":true,"href":"https:\/\/biomaxi.ch\/de\/wp-json\/wp\/v2\/product_tag?post=31764"}],"curies":[{"name":"wp","href":"https:\/\/api.w.org\/{rel}","templated":true}]}}