{"id":31762,"date":"2026-03-04T11:06:38","date_gmt":"2026-03-04T10:06:38","guid":{"rendered":"https:\/\/biomaxi.ch\/?post_type=product&#038;p=31762"},"modified":"2026-03-04T17:26:56","modified_gmt":"2026-03-04T16:26:56","slug":"55-questions-sante-traitements-naturels-sans-ordonnance-jean-pierre-willem","status":"publish","type":"product","link":"https:\/\/biomaxi.ch\/de\/produit\/55-questions-sante-traitements-naturels-sans-ordonnance-jean-pierre-willem\/","title":{"rendered":"55 questions de sant\u00e9 et leurs traitements naturels sans ordonnance"},"content":{"rendered":"<p>Auteur : Dr. Jean-Pierre WILLEM<\/p>\n<p>Nombre de pages : 512 pages<br \/>\nFormat : 16,00 x 23,90 x 2,60 cm<br \/>\nPoids : 0.7900 kg<\/p>\n<p>Parution : 27 ao\u00fbt 2025<\/p>\n<p>Editeur : Dauphin Editions<\/p>\n","protected":false},"excerpt":{"rendered":"<p>Ce livre propose des solutions face au manque de m\u00e9decins et aux d\u00e9serts m\u00e9dicaux. En effet, il permet d\u2019une part d\u2019informer le lecteur sur les grandes probl\u00e9matiques de sant\u00e9 du quotidien (fatigue, stress\u2026) et d\u2019autre part d\u2019expliquer des pathologies courantes (infection hivernale\u2026), des pathologies sp\u00e9cifiques (\u00e9lectrosensibilit\u00e9\u2026) et lourdes (cancer du pancr\u00e9as\u2026). Chaque pathologie est expliqu\u00e9e avec ses causes et ses traitements possibles, qu\u2019ils soient officiels ou naturels. L\u2019ouvrage met \u00e9galement l\u2019accent sur la pr\u00e9vention pour \u00e9viter l\u2019aggravation des troubles.<\/p>\n","protected":false},"featured_media":31759,"comment_status":"open","ping_status":"closed","template":"","meta":{"_et_pb_use_builder":"","_et_pb_old_content":"","_et_gb_content_width":""},"product_brand":[],"product_cat":[174,178,175],"product_tag":[112,121,189],"class_list":{"0":"post-31762","1":"product","2":"type-product","3":"status-publish","4":"has-post-thumbnail","6":"product_cat-complements","7":"product_cat-lib","8":"product_cat-phytinov","9":"product_tag-complement","10":"product_tag-complements","11":"product_tag-tonus-et-defense","13":"first","14":"instock","15":"sale","16":"shipping-taxable","17":"purchasable","18":"product-type-simple"},"yoast_head":"<!-- This site is optimized with the Yoast SEO plugin v27.3 - https:\/\/yoast.com\/product\/yoast-seo-wordpress\/ -->\n<title>55 questions de sant\u00e9 &amp; traitements naturels\u2013 Livre de Jean-Pierre Willem \u2013 | biomaxi.ch<\/title>\n<meta name=\"description\" content=\"55 questions de sant\u00e9 expliqu\u00e9es par le Dr Jean-Pierre Willem avec leurs traitements naturels sans ordonnance. Guide pratique pour comprendre les maladies et les solutions naturelles.\" \/>\n<meta name=\"robots\" content=\"index, follow, max-snippet:-1, max-image-preview:large, max-video-preview:-1\" \/>\n<link rel=\"canonical\" href=\"https:\/\/biomaxi.ch\/produit\/55-questions-sante-traitements-naturels-sans-ordonnance-jean-pierre-willem\/\" \/>\n<meta property=\"og:locale\" content=\"de_DE\" \/>\n<meta property=\"og:type\" content=\"article\" \/>\n<meta property=\"og:title\" content=\"55 questions de sant\u00e9 &amp; traitements naturels\u2013 Livre de Jean-Pierre Willem \u2013 | biomaxi.ch\" \/>\n<meta property=\"og:description\" content=\"55 questions de sant\u00e9 expliqu\u00e9es par le Dr Jean-Pierre Willem avec leurs traitements naturels sans ordonnance. Guide pratique pour comprendre les maladies et les solutions naturelles.\" \/>\n<meta property=\"og:url\" content=\"https:\/\/biomaxi.ch\/produit\/55-questions-sante-traitements-naturels-sans-ordonnance-jean-pierre-willem\/\" \/>\n<meta property=\"og:site_name\" content=\"Biomaxi\" \/>\n<meta property=\"article:publisher\" content=\"https:\/\/www.facebook.com\/biomaxisuisse\/\" \/>\n<meta property=\"article:modified_time\" content=\"2026-03-04T16:26:56+00:00\" \/>\n<meta property=\"og:image\" content=\"https:\/\/biomaxi.ch\/wp-content\/uploads\/2026\/03\/55-questions-de-sante-et-leurs-traitements-naturels-sans-ordonnance.jpg\" \/>\n\t<meta property=\"og:image:width\" content=\"400\" \/>\n\t<meta property=\"og:image:height\" content=\"600\" \/>\n\t<meta property=\"og:image:type\" content=\"image\/jpeg\" \/>\n<meta name=\"twitter:card\" content=\"summary_large_image\" \/>\n<meta name=\"twitter:label1\" content=\"Gesch\u00e4tzte Lesezeit\" \/>\n\t<meta name=\"twitter:data1\" content=\"1\u00a0Minute\" \/>\n<script type=\"application\/ld+json\" class=\"yoast-schema-graph\">{\"@context\":\"https:\\\/\\\/schema.org\",\"@graph\":[{\"@type\":\"WebPage\",\"@id\":\"https:\\\/\\\/biomaxi.ch\\\/produit\\\/55-questions-sante-traitements-naturels-sans-ordonnance-jean-pierre-willem\\\/\",\"url\":\"https:\\\/\\\/biomaxi.ch\\\/produit\\\/55-questions-sante-traitements-naturels-sans-ordonnance-jean-pierre-willem\\\/\",\"name\":\"55 questions de sant\u00e9 & traitements naturels\u2013 Livre de Jean-Pierre Willem \u2013 | biomaxi.ch\",\"isPartOf\":{\"@id\":\"https:\\\/\\\/biomaxi.ch\\\/#website\"},\"primaryImageOfPage\":{\"@id\":\"https:\\\/\\\/biomaxi.ch\\\/produit\\\/55-questions-sante-traitements-naturels-sans-ordonnance-jean-pierre-willem\\\/#primaryimage\"},\"image\":{\"@id\":\"https:\\\/\\\/biomaxi.ch\\\/produit\\\/55-questions-sante-traitements-naturels-sans-ordonnance-jean-pierre-willem\\\/#primaryimage\"},\"thumbnailUrl\":\"https:\\\/\\\/biomaxi.ch\\\/wp-content\\\/uploads\\\/2026\\\/03\\\/55-questions-de-sante-et-leurs-traitements-naturels-sans-ordonnance.jpg\",\"datePublished\":\"2026-03-04T10:06:38+00:00\",\"dateModified\":\"2026-03-04T16:26:56+00:00\",\"description\":\"55 questions de sant\u00e9 expliqu\u00e9es par le Dr Jean-Pierre Willem avec leurs traitements naturels sans ordonnance. Guide pratique pour comprendre les maladies et les solutions naturelles.\",\"breadcrumb\":{\"@id\":\"https:\\\/\\\/biomaxi.ch\\\/produit\\\/55-questions-sante-traitements-naturels-sans-ordonnance-jean-pierre-willem\\\/#breadcrumb\"},\"inLanguage\":\"de\",\"potentialAction\":[{\"@type\":\"ReadAction\",\"target\":[\"https:\\\/\\\/biomaxi.ch\\\/produit\\\/55-questions-sante-traitements-naturels-sans-ordonnance-jean-pierre-willem\\\/\"]}]},{\"@type\":\"ImageObject\",\"inLanguage\":\"de\",\"@id\":\"https:\\\/\\\/biomaxi.ch\\\/produit\\\/55-questions-sante-traitements-naturels-sans-ordonnance-jean-pierre-willem\\\/#primaryimage\",\"url\":\"https:\\\/\\\/biomaxi.ch\\\/wp-content\\\/uploads\\\/2026\\\/03\\\/55-questions-de-sante-et-leurs-traitements-naturels-sans-ordonnance.jpg\",\"contentUrl\":\"https:\\\/\\\/biomaxi.ch\\\/wp-content\\\/uploads\\\/2026\\\/03\\\/55-questions-de-sante-et-leurs-traitements-naturels-sans-ordonnance.jpg\",\"width\":400,\"height\":600},{\"@type\":\"BreadcrumbList\",\"@id\":\"https:\\\/\\\/biomaxi.ch\\\/produit\\\/55-questions-sante-traitements-naturels-sans-ordonnance-jean-pierre-willem\\\/#breadcrumb\",\"itemListElement\":[{\"@type\":\"ListItem\",\"position\":1,\"name\":\"Accueil\",\"item\":\"https:\\\/\\\/biomaxi.ch\\\/de\\\/\"},{\"@type\":\"ListItem\",\"position\":2,\"name\":\"Produits\",\"item\":\"https:\\\/\\\/biomaxi.ch\\\/produits\\\/\"},{\"@type\":\"ListItem\",\"position\":3,\"name\":\"55 questions de sant\u00e9 et leurs traitements naturels sans ordonnance\"}]},{\"@type\":\"WebSite\",\"@id\":\"https:\\\/\\\/biomaxi.ch\\\/#website\",\"url\":\"https:\\\/\\\/biomaxi.ch\\\/\",\"name\":\"Biomaxi\",\"description\":\"Compl\u00e9ments alimentaires bio d&#039;origine suisse bio et naturels\",\"publisher\":{\"@id\":\"https:\\\/\\\/biomaxi.ch\\\/#organization\"},\"potentialAction\":[{\"@type\":\"SearchAction\",\"target\":{\"@type\":\"EntryPoint\",\"urlTemplate\":\"https:\\\/\\\/biomaxi.ch\\\/?s={search_term_string}\"},\"query-input\":{\"@type\":\"PropertyValueSpecification\",\"valueRequired\":true,\"valueName\":\"search_term_string\"}}],\"inLanguage\":\"de\"},{\"@type\":\"Organization\",\"@id\":\"https:\\\/\\\/biomaxi.ch\\\/#organization\",\"name\":\"Biomaxi\",\"url\":\"https:\\\/\\\/biomaxi.ch\\\/\",\"logo\":{\"@type\":\"ImageObject\",\"inLanguage\":\"de\",\"@id\":\"https:\\\/\\\/biomaxi.ch\\\/#\\\/schema\\\/logo\\\/image\\\/\",\"url\":\"https:\\\/\\\/biomaxi.ch\\\/wp-content\\\/uploads\\\/2024\\\/05\\\/LogoBiomaxiSite-1014x1024-1.jpg\",\"contentUrl\":\"https:\\\/\\\/biomaxi.ch\\\/wp-content\\\/uploads\\\/2024\\\/05\\\/LogoBiomaxiSite-1014x1024-1.jpg\",\"width\":1014,\"height\":1024,\"caption\":\"Biomaxi\"},\"image\":{\"@id\":\"https:\\\/\\\/biomaxi.ch\\\/#\\\/schema\\\/logo\\\/image\\\/\"},\"sameAs\":[\"https:\\\/\\\/www.facebook.com\\\/biomaxisuisse\\\/\",\"https:\\\/\\\/www.instagram.com\\\/phytinov\\\/\"]}]}<\/script>\n<!-- \/ Yoast SEO plugin. -->","yoast_head_json":{"title":"55 questions de sant\u00e9 & traitements naturels\u2013 Livre de Jean-Pierre Willem \u2013 | biomaxi.ch","description":"55 questions de sant\u00e9 expliqu\u00e9es par le Dr Jean-Pierre Willem avec leurs traitements naturels sans ordonnance. Guide pratique pour comprendre les maladies et les solutions naturelles.","robots":{"index":"index","follow":"follow","max-snippet":"max-snippet:-1","max-image-preview":"max-image-preview:large","max-video-preview":"max-video-preview:-1"},"canonical":"https:\/\/biomaxi.ch\/produit\/55-questions-sante-traitements-naturels-sans-ordonnance-jean-pierre-willem\/","og_locale":"de_DE","og_type":"article","og_title":"55 questions de sant\u00e9 & traitements naturels\u2013 Livre de Jean-Pierre Willem \u2013 | biomaxi.ch","og_description":"55 questions de sant\u00e9 expliqu\u00e9es par le Dr Jean-Pierre Willem avec leurs traitements naturels sans ordonnance. Guide pratique pour comprendre les maladies et les solutions naturelles.","og_url":"https:\/\/biomaxi.ch\/produit\/55-questions-sante-traitements-naturels-sans-ordonnance-jean-pierre-willem\/","og_site_name":"Biomaxi","article_publisher":"https:\/\/www.facebook.com\/biomaxisuisse\/","article_modified_time":"2026-03-04T16:26:56+00:00","og_image":[{"width":400,"height":600,"url":"https:\/\/biomaxi.ch\/wp-content\/uploads\/2026\/03\/55-questions-de-sante-et-leurs-traitements-naturels-sans-ordonnance.jpg","type":"image\/jpeg"}],"twitter_card":"summary_large_image","twitter_misc":{"Gesch\u00e4tzte Lesezeit":"1\u00a0Minute"},"schema":{"@context":"https:\/\/schema.org","@graph":[{"@type":"WebPage","@id":"https:\/\/biomaxi.ch\/produit\/55-questions-sante-traitements-naturels-sans-ordonnance-jean-pierre-willem\/","url":"https:\/\/biomaxi.ch\/produit\/55-questions-sante-traitements-naturels-sans-ordonnance-jean-pierre-willem\/","name":"55 questions de sant\u00e9 & traitements naturels\u2013 Livre de Jean-Pierre Willem \u2013 | biomaxi.ch","isPartOf":{"@id":"https:\/\/biomaxi.ch\/#website"},"primaryImageOfPage":{"@id":"https:\/\/biomaxi.ch\/produit\/55-questions-sante-traitements-naturels-sans-ordonnance-jean-pierre-willem\/#primaryimage"},"image":{"@id":"https:\/\/biomaxi.ch\/produit\/55-questions-sante-traitements-naturels-sans-ordonnance-jean-pierre-willem\/#primaryimage"},"thumbnailUrl":"https:\/\/biomaxi.ch\/wp-content\/uploads\/2026\/03\/55-questions-de-sante-et-leurs-traitements-naturels-sans-ordonnance.jpg","datePublished":"2026-03-04T10:06:38+00:00","dateModified":"2026-03-04T16:26:56+00:00","description":"55 questions de sant\u00e9 expliqu\u00e9es par le Dr Jean-Pierre Willem avec leurs traitements naturels sans ordonnance. Guide pratique pour comprendre les maladies et les solutions naturelles.","breadcrumb":{"@id":"https:\/\/biomaxi.ch\/produit\/55-questions-sante-traitements-naturels-sans-ordonnance-jean-pierre-willem\/#breadcrumb"},"inLanguage":"de","potentialAction":[{"@type":"ReadAction","target":["https:\/\/biomaxi.ch\/produit\/55-questions-sante-traitements-naturels-sans-ordonnance-jean-pierre-willem\/"]}]},{"@type":"ImageObject","inLanguage":"de","@id":"https:\/\/biomaxi.ch\/produit\/55-questions-sante-traitements-naturels-sans-ordonnance-jean-pierre-willem\/#primaryimage","url":"https:\/\/biomaxi.ch\/wp-content\/uploads\/2026\/03\/55-questions-de-sante-et-leurs-traitements-naturels-sans-ordonnance.jpg","contentUrl":"https:\/\/biomaxi.ch\/wp-content\/uploads\/2026\/03\/55-questions-de-sante-et-leurs-traitements-naturels-sans-ordonnance.jpg","width":400,"height":600},{"@type":"BreadcrumbList","@id":"https:\/\/biomaxi.ch\/produit\/55-questions-sante-traitements-naturels-sans-ordonnance-jean-pierre-willem\/#breadcrumb","itemListElement":[{"@type":"ListItem","position":1,"name":"Accueil","item":"https:\/\/biomaxi.ch\/de\/"},{"@type":"ListItem","position":2,"name":"Produits","item":"https:\/\/biomaxi.ch\/produits\/"},{"@type":"ListItem","position":3,"name":"55 questions de sant\u00e9 et leurs traitements naturels sans ordonnance"}]},{"@type":"WebSite","@id":"https:\/\/biomaxi.ch\/#website","url":"https:\/\/biomaxi.ch\/","name":"Biomaxi","description":"Compl\u00e9ments alimentaires bio d&#039;origine suisse bio et naturels","publisher":{"@id":"https:\/\/biomaxi.ch\/#organization"},"potentialAction":[{"@type":"SearchAction","target":{"@type":"EntryPoint","urlTemplate":"https:\/\/biomaxi.ch\/?s={search_term_string}"},"query-input":{"@type":"PropertyValueSpecification","valueRequired":true,"valueName":"search_term_string"}}],"inLanguage":"de"},{"@type":"Organization","@id":"https:\/\/biomaxi.ch\/#organization","name":"Biomaxi","url":"https:\/\/biomaxi.ch\/","logo":{"@type":"ImageObject","inLanguage":"de","@id":"https:\/\/biomaxi.ch\/#\/schema\/logo\/image\/","url":"https:\/\/biomaxi.ch\/wp-content\/uploads\/2024\/05\/LogoBiomaxiSite-1014x1024-1.jpg","contentUrl":"https:\/\/biomaxi.ch\/wp-content\/uploads\/2024\/05\/LogoBiomaxiSite-1014x1024-1.jpg","width":1014,"height":1024,"caption":"Biomaxi"},"image":{"@id":"https:\/\/biomaxi.ch\/#\/schema\/logo\/image\/"},"sameAs":["https:\/\/www.facebook.com\/biomaxisuisse\/","https:\/\/www.instagram.com\/phytinov\/"]}]}},"_links":{"self":[{"href":"https:\/\/biomaxi.ch\/de\/wp-json\/wp\/v2\/product\/31762","targetHints":{"allow":["GET"]}}],"collection":[{"href":"https:\/\/biomaxi.ch\/de\/wp-json\/wp\/v2\/product"}],"about":[{"href":"https:\/\/biomaxi.ch\/de\/wp-json\/wp\/v2\/types\/product"}],"replies":[{"embeddable":true,"href":"https:\/\/biomaxi.ch\/de\/wp-json\/wp\/v2\/comments?post=31762"}],"wp:featuredmedia":[{"embeddable":true,"href":"https:\/\/biomaxi.ch\/de\/wp-json\/wp\/v2\/media\/31759"}],"wp:attachment":[{"href":"https:\/\/biomaxi.ch\/de\/wp-json\/wp\/v2\/media?parent=31762"}],"wp:term":[{"taxonomy":"product_brand","embeddable":true,"href":"https:\/\/biomaxi.ch\/de\/wp-json\/wp\/v2\/product_brand?post=31762"},{"taxonomy":"product_cat","embeddable":true,"href":"https:\/\/biomaxi.ch\/de\/wp-json\/wp\/v2\/product_cat?post=31762"},{"taxonomy":"product_tag","embeddable":true,"href":"https:\/\/biomaxi.ch\/de\/wp-json\/wp\/v2\/product_tag?post=31762"}],"curies":[{"name":"wp","href":"https:\/\/api.w.org\/{rel}","templated":true}]}}