{"id":31694,"date":"2026-03-03T11:47:58","date_gmt":"2026-03-03T10:47:58","guid":{"rendered":"https:\/\/biomaxi.ch\/?post_type=product&#038;p=31694"},"modified":"2026-03-04T11:17:50","modified_gmt":"2026-03-04T10:17:50","slug":"tout-savoir-virus-y-faire-face-jean-pierre-willem","status":"publish","type":"product","link":"https:\/\/biomaxi.ch\/de\/produit\/tout-savoir-virus-y-faire-face-jean-pierre-willem\/","title":{"rendered":"Tout savoir sur les virus et y faire face"},"content":{"rendered":"<p>Auteur : Dr. Jean-Pierre WILLEM<\/p>\n<p>Nombre de pages : 219 pages<br \/>\nFormat : 21,00 x 13,00 cm<br \/>\nPoids : 0.2600 kg<\/p>\n<p>Parution : juin 2020<\/p>\n<p>Editeur : Dauphin Editions<\/p>\n","protected":false},"excerpt":{"rendered":"<p>Comprendre ce que sont les virus, comment ils fonctionnent et interagissent avec l&#8217;environnement et avec le corps humain est capital : de la grippe espagnole \u00e0 Ebola en passant par le Covid-19, les virus vont dor\u00e9navant faire partie de notre vie quotidienne.<\/p>\n<p>Comme pour la grippe, certains vaccins existent, mais pour d&#8217;autres virus, les rem\u00e8des ne sont pas encore disponibles.<\/p>\n<p>Alors, comment s&#8217;en prot\u00e9ger autrement ? Le masque ? oui, les r\u00e8gles d&#8217;hygi\u00e8ne ? oui, mais encore ?<\/p>\n<p>Telle est la question \u00e0 laquelle r\u00e9pond le Dr Willem, pour qui la vaccination est loin d&#8217;\u00eatre un acte anodin. Grand expert des huiles essentielles et de m\u00e9thodes alternatives reconnues, il nous d\u00e9montre que ces derni\u00e8res restent les meilleures des pr\u00e9ventions : tout ce qui est issu des plantes faisant partie de la pharmacop\u00e9e naturelle.<\/p>\n<p>En effet, certaines huiles essentielles ont des propri\u00e9t\u00e9s th\u00e9rapeutiques puissantes maintes fois d\u00e9montr\u00e9es par des \u00e9tudes scientifiques, et sont de loin tr\u00e8s efficaces en mati\u00e8re de pr\u00e9vention : elles boostent notre syst\u00e8me immunitaire, pr\u00e9parent nos anticorps \u00e0 l&#8217;attaque et, si besoin, luttent contre les sympt\u00f4mes de la maladie.<\/p>\n","protected":false},"featured_media":31752,"comment_status":"open","ping_status":"closed","template":"","meta":{"_et_pb_use_builder":"","_et_pb_old_content":"","_et_gb_content_width":""},"product_brand":[],"product_cat":[174,178,175],"product_tag":[112,121,189],"class_list":{"0":"post-31694","1":"product","2":"type-product","3":"status-publish","4":"has-post-thumbnail","6":"product_cat-complements","7":"product_cat-lib","8":"product_cat-phytinov","9":"product_tag-complement","10":"product_tag-complements","11":"product_tag-tonus-et-defense","13":"first","14":"instock","15":"sale","16":"shipping-taxable","17":"purchasable","18":"product-type-simple"},"yoast_head":"<!-- This site is optimized with the Yoast SEO plugin v27.3 - https:\/\/yoast.com\/product\/yoast-seo-wordpress\/ -->\n<title>Tout savoir sur les virus et y faire face \u2013 Livre de Jean-Pierre Willem \u2013 | Biomaxi.ch<\/title>\n<meta name=\"description\" content=\"Comprendre les virus et renforcer son immunit\u00e9. Le Dr Jean-Pierre Willem explique les infections courantes et les solutions naturelles ou m\u00e9dicales.\" \/>\n<meta name=\"robots\" content=\"index, follow, max-snippet:-1, max-image-preview:large, max-video-preview:-1\" \/>\n<link rel=\"canonical\" href=\"https:\/\/biomaxi.ch\/produit\/tout-savoir-virus-y-faire-face-jean-pierre-willem\/\" \/>\n<meta property=\"og:locale\" content=\"de_DE\" \/>\n<meta property=\"og:type\" content=\"article\" \/>\n<meta property=\"og:title\" content=\"Tout savoir sur les virus et y faire face \u2013 Livre de Jean-Pierre Willem \u2013 | Biomaxi.ch\" \/>\n<meta property=\"og:description\" content=\"Comprendre les virus et renforcer son immunit\u00e9. Le Dr Jean-Pierre Willem explique les infections courantes et les solutions naturelles ou m\u00e9dicales.\" \/>\n<meta property=\"og:url\" content=\"https:\/\/biomaxi.ch\/produit\/tout-savoir-virus-y-faire-face-jean-pierre-willem\/\" \/>\n<meta property=\"og:site_name\" content=\"Biomaxi\" \/>\n<meta property=\"article:publisher\" content=\"https:\/\/www.facebook.com\/biomaxisuisse\/\" \/>\n<meta property=\"article:modified_time\" content=\"2026-03-04T10:17:50+00:00\" \/>\n<meta property=\"og:image\" content=\"https:\/\/biomaxi.ch\/wp-content\/uploads\/2026\/03\/Tout-savoir-sur-les-virus-et-y-faire-face.jpg\" \/>\n\t<meta property=\"og:image:width\" content=\"311\" \/>\n\t<meta property=\"og:image:height\" content=\"499\" \/>\n\t<meta property=\"og:image:type\" content=\"image\/jpeg\" \/>\n<meta name=\"twitter:card\" content=\"summary_large_image\" \/>\n<meta name=\"twitter:label1\" content=\"Gesch\u00e4tzte Lesezeit\" \/>\n\t<meta name=\"twitter:data1\" content=\"1\u00a0Minute\" \/>\n<script type=\"application\/ld+json\" class=\"yoast-schema-graph\">{\"@context\":\"https:\\\/\\\/schema.org\",\"@graph\":[{\"@type\":\"WebPage\",\"@id\":\"https:\\\/\\\/biomaxi.ch\\\/produit\\\/tout-savoir-virus-y-faire-face-jean-pierre-willem\\\/\",\"url\":\"https:\\\/\\\/biomaxi.ch\\\/produit\\\/tout-savoir-virus-y-faire-face-jean-pierre-willem\\\/\",\"name\":\"Tout savoir sur les virus et y faire face \u2013 Livre de Jean-Pierre Willem \u2013 | Biomaxi.ch\",\"isPartOf\":{\"@id\":\"https:\\\/\\\/biomaxi.ch\\\/#website\"},\"primaryImageOfPage\":{\"@id\":\"https:\\\/\\\/biomaxi.ch\\\/produit\\\/tout-savoir-virus-y-faire-face-jean-pierre-willem\\\/#primaryimage\"},\"image\":{\"@id\":\"https:\\\/\\\/biomaxi.ch\\\/produit\\\/tout-savoir-virus-y-faire-face-jean-pierre-willem\\\/#primaryimage\"},\"thumbnailUrl\":\"https:\\\/\\\/biomaxi.ch\\\/wp-content\\\/uploads\\\/2026\\\/03\\\/Tout-savoir-sur-les-virus-et-y-faire-face.jpg\",\"datePublished\":\"2026-03-03T10:47:58+00:00\",\"dateModified\":\"2026-03-04T10:17:50+00:00\",\"description\":\"Comprendre les virus et renforcer son immunit\u00e9. Le Dr Jean-Pierre Willem explique les infections courantes et les solutions naturelles ou m\u00e9dicales.\",\"breadcrumb\":{\"@id\":\"https:\\\/\\\/biomaxi.ch\\\/produit\\\/tout-savoir-virus-y-faire-face-jean-pierre-willem\\\/#breadcrumb\"},\"inLanguage\":\"de\",\"potentialAction\":[{\"@type\":\"ReadAction\",\"target\":[\"https:\\\/\\\/biomaxi.ch\\\/produit\\\/tout-savoir-virus-y-faire-face-jean-pierre-willem\\\/\"]}]},{\"@type\":\"ImageObject\",\"inLanguage\":\"de\",\"@id\":\"https:\\\/\\\/biomaxi.ch\\\/produit\\\/tout-savoir-virus-y-faire-face-jean-pierre-willem\\\/#primaryimage\",\"url\":\"https:\\\/\\\/biomaxi.ch\\\/wp-content\\\/uploads\\\/2026\\\/03\\\/Tout-savoir-sur-les-virus-et-y-faire-face.jpg\",\"contentUrl\":\"https:\\\/\\\/biomaxi.ch\\\/wp-content\\\/uploads\\\/2026\\\/03\\\/Tout-savoir-sur-les-virus-et-y-faire-face.jpg\",\"width\":311,\"height\":499},{\"@type\":\"BreadcrumbList\",\"@id\":\"https:\\\/\\\/biomaxi.ch\\\/produit\\\/tout-savoir-virus-y-faire-face-jean-pierre-willem\\\/#breadcrumb\",\"itemListElement\":[{\"@type\":\"ListItem\",\"position\":1,\"name\":\"Accueil\",\"item\":\"https:\\\/\\\/biomaxi.ch\\\/de\\\/\"},{\"@type\":\"ListItem\",\"position\":2,\"name\":\"Produits\",\"item\":\"https:\\\/\\\/biomaxi.ch\\\/produits\\\/\"},{\"@type\":\"ListItem\",\"position\":3,\"name\":\"Tout savoir sur les virus et y faire face\"}]},{\"@type\":\"WebSite\",\"@id\":\"https:\\\/\\\/biomaxi.ch\\\/#website\",\"url\":\"https:\\\/\\\/biomaxi.ch\\\/\",\"name\":\"Biomaxi\",\"description\":\"Compl\u00e9ments alimentaires bio d&#039;origine suisse bio et naturels\",\"publisher\":{\"@id\":\"https:\\\/\\\/biomaxi.ch\\\/#organization\"},\"potentialAction\":[{\"@type\":\"SearchAction\",\"target\":{\"@type\":\"EntryPoint\",\"urlTemplate\":\"https:\\\/\\\/biomaxi.ch\\\/?s={search_term_string}\"},\"query-input\":{\"@type\":\"PropertyValueSpecification\",\"valueRequired\":true,\"valueName\":\"search_term_string\"}}],\"inLanguage\":\"de\"},{\"@type\":\"Organization\",\"@id\":\"https:\\\/\\\/biomaxi.ch\\\/#organization\",\"name\":\"Biomaxi\",\"url\":\"https:\\\/\\\/biomaxi.ch\\\/\",\"logo\":{\"@type\":\"ImageObject\",\"inLanguage\":\"de\",\"@id\":\"https:\\\/\\\/biomaxi.ch\\\/#\\\/schema\\\/logo\\\/image\\\/\",\"url\":\"https:\\\/\\\/biomaxi.ch\\\/wp-content\\\/uploads\\\/2024\\\/05\\\/LogoBiomaxiSite-1014x1024-1.jpg\",\"contentUrl\":\"https:\\\/\\\/biomaxi.ch\\\/wp-content\\\/uploads\\\/2024\\\/05\\\/LogoBiomaxiSite-1014x1024-1.jpg\",\"width\":1014,\"height\":1024,\"caption\":\"Biomaxi\"},\"image\":{\"@id\":\"https:\\\/\\\/biomaxi.ch\\\/#\\\/schema\\\/logo\\\/image\\\/\"},\"sameAs\":[\"https:\\\/\\\/www.facebook.com\\\/biomaxisuisse\\\/\",\"https:\\\/\\\/www.instagram.com\\\/phytinov\\\/\"]}]}<\/script>\n<!-- \/ Yoast SEO plugin. -->","yoast_head_json":{"title":"Tout savoir sur les virus et y faire face \u2013 Livre de Jean-Pierre Willem \u2013 | Biomaxi.ch","description":"Comprendre les virus et renforcer son immunit\u00e9. Le Dr Jean-Pierre Willem explique les infections courantes et les solutions naturelles ou m\u00e9dicales.","robots":{"index":"index","follow":"follow","max-snippet":"max-snippet:-1","max-image-preview":"max-image-preview:large","max-video-preview":"max-video-preview:-1"},"canonical":"https:\/\/biomaxi.ch\/produit\/tout-savoir-virus-y-faire-face-jean-pierre-willem\/","og_locale":"de_DE","og_type":"article","og_title":"Tout savoir sur les virus et y faire face \u2013 Livre de Jean-Pierre Willem \u2013 | Biomaxi.ch","og_description":"Comprendre les virus et renforcer son immunit\u00e9. Le Dr Jean-Pierre Willem explique les infections courantes et les solutions naturelles ou m\u00e9dicales.","og_url":"https:\/\/biomaxi.ch\/produit\/tout-savoir-virus-y-faire-face-jean-pierre-willem\/","og_site_name":"Biomaxi","article_publisher":"https:\/\/www.facebook.com\/biomaxisuisse\/","article_modified_time":"2026-03-04T10:17:50+00:00","og_image":[{"width":311,"height":499,"url":"https:\/\/biomaxi.ch\/wp-content\/uploads\/2026\/03\/Tout-savoir-sur-les-virus-et-y-faire-face.jpg","type":"image\/jpeg"}],"twitter_card":"summary_large_image","twitter_misc":{"Gesch\u00e4tzte Lesezeit":"1\u00a0Minute"},"schema":{"@context":"https:\/\/schema.org","@graph":[{"@type":"WebPage","@id":"https:\/\/biomaxi.ch\/produit\/tout-savoir-virus-y-faire-face-jean-pierre-willem\/","url":"https:\/\/biomaxi.ch\/produit\/tout-savoir-virus-y-faire-face-jean-pierre-willem\/","name":"Tout savoir sur les virus et y faire face \u2013 Livre de Jean-Pierre Willem \u2013 | Biomaxi.ch","isPartOf":{"@id":"https:\/\/biomaxi.ch\/#website"},"primaryImageOfPage":{"@id":"https:\/\/biomaxi.ch\/produit\/tout-savoir-virus-y-faire-face-jean-pierre-willem\/#primaryimage"},"image":{"@id":"https:\/\/biomaxi.ch\/produit\/tout-savoir-virus-y-faire-face-jean-pierre-willem\/#primaryimage"},"thumbnailUrl":"https:\/\/biomaxi.ch\/wp-content\/uploads\/2026\/03\/Tout-savoir-sur-les-virus-et-y-faire-face.jpg","datePublished":"2026-03-03T10:47:58+00:00","dateModified":"2026-03-04T10:17:50+00:00","description":"Comprendre les virus et renforcer son immunit\u00e9. Le Dr Jean-Pierre Willem explique les infections courantes et les solutions naturelles ou m\u00e9dicales.","breadcrumb":{"@id":"https:\/\/biomaxi.ch\/produit\/tout-savoir-virus-y-faire-face-jean-pierre-willem\/#breadcrumb"},"inLanguage":"de","potentialAction":[{"@type":"ReadAction","target":["https:\/\/biomaxi.ch\/produit\/tout-savoir-virus-y-faire-face-jean-pierre-willem\/"]}]},{"@type":"ImageObject","inLanguage":"de","@id":"https:\/\/biomaxi.ch\/produit\/tout-savoir-virus-y-faire-face-jean-pierre-willem\/#primaryimage","url":"https:\/\/biomaxi.ch\/wp-content\/uploads\/2026\/03\/Tout-savoir-sur-les-virus-et-y-faire-face.jpg","contentUrl":"https:\/\/biomaxi.ch\/wp-content\/uploads\/2026\/03\/Tout-savoir-sur-les-virus-et-y-faire-face.jpg","width":311,"height":499},{"@type":"BreadcrumbList","@id":"https:\/\/biomaxi.ch\/produit\/tout-savoir-virus-y-faire-face-jean-pierre-willem\/#breadcrumb","itemListElement":[{"@type":"ListItem","position":1,"name":"Accueil","item":"https:\/\/biomaxi.ch\/de\/"},{"@type":"ListItem","position":2,"name":"Produits","item":"https:\/\/biomaxi.ch\/produits\/"},{"@type":"ListItem","position":3,"name":"Tout savoir sur les virus et y faire face"}]},{"@type":"WebSite","@id":"https:\/\/biomaxi.ch\/#website","url":"https:\/\/biomaxi.ch\/","name":"Biomaxi","description":"Compl\u00e9ments alimentaires bio d&#039;origine suisse bio et naturels","publisher":{"@id":"https:\/\/biomaxi.ch\/#organization"},"potentialAction":[{"@type":"SearchAction","target":{"@type":"EntryPoint","urlTemplate":"https:\/\/biomaxi.ch\/?s={search_term_string}"},"query-input":{"@type":"PropertyValueSpecification","valueRequired":true,"valueName":"search_term_string"}}],"inLanguage":"de"},{"@type":"Organization","@id":"https:\/\/biomaxi.ch\/#organization","name":"Biomaxi","url":"https:\/\/biomaxi.ch\/","logo":{"@type":"ImageObject","inLanguage":"de","@id":"https:\/\/biomaxi.ch\/#\/schema\/logo\/image\/","url":"https:\/\/biomaxi.ch\/wp-content\/uploads\/2024\/05\/LogoBiomaxiSite-1014x1024-1.jpg","contentUrl":"https:\/\/biomaxi.ch\/wp-content\/uploads\/2024\/05\/LogoBiomaxiSite-1014x1024-1.jpg","width":1014,"height":1024,"caption":"Biomaxi"},"image":{"@id":"https:\/\/biomaxi.ch\/#\/schema\/logo\/image\/"},"sameAs":["https:\/\/www.facebook.com\/biomaxisuisse\/","https:\/\/www.instagram.com\/phytinov\/"]}]}},"_links":{"self":[{"href":"https:\/\/biomaxi.ch\/de\/wp-json\/wp\/v2\/product\/31694","targetHints":{"allow":["GET"]}}],"collection":[{"href":"https:\/\/biomaxi.ch\/de\/wp-json\/wp\/v2\/product"}],"about":[{"href":"https:\/\/biomaxi.ch\/de\/wp-json\/wp\/v2\/types\/product"}],"replies":[{"embeddable":true,"href":"https:\/\/biomaxi.ch\/de\/wp-json\/wp\/v2\/comments?post=31694"}],"wp:featuredmedia":[{"embeddable":true,"href":"https:\/\/biomaxi.ch\/de\/wp-json\/wp\/v2\/media\/31752"}],"wp:attachment":[{"href":"https:\/\/biomaxi.ch\/de\/wp-json\/wp\/v2\/media?parent=31694"}],"wp:term":[{"taxonomy":"product_brand","embeddable":true,"href":"https:\/\/biomaxi.ch\/de\/wp-json\/wp\/v2\/product_brand?post=31694"},{"taxonomy":"product_cat","embeddable":true,"href":"https:\/\/biomaxi.ch\/de\/wp-json\/wp\/v2\/product_cat?post=31694"},{"taxonomy":"product_tag","embeddable":true,"href":"https:\/\/biomaxi.ch\/de\/wp-json\/wp\/v2\/product_tag?post=31694"}],"curies":[{"name":"wp","href":"https:\/\/api.w.org\/{rel}","templated":true}]}}