{"id":31557,"date":"2025-11-29T09:34:08","date_gmt":"2025-11-29T08:34:08","guid":{"rendered":"https:\/\/biomaxi.ch\/?post_type=product&#038;p=31557"},"modified":"2025-12-04T15:28:34","modified_gmt":"2025-12-04T14:28:34","slug":"propovox-gommes-a-la-propolis-rouge-du-bresil-huiles-essentielles-cannelle","status":"publish","type":"product","link":"https:\/\/biomaxi.ch\/de\/produit\/propovox-gommes-a-la-propolis-rouge-du-bresil-huiles-essentielles-cannelle\/","title":{"rendered":"Propovox Gommes \u00e0 la Propolis Rouge"},"content":{"rendered":"<p>Gommes \u00e0 la <b>Propolis Rouge<\/b> de qualit\u00e9 exceptionnelle, \u00e0 la cannelle et aux huiles essentielles d&#8217;orange et mandarine.<br \/>\nId\u00e9ales pour l\u2019hiver, mais pas seulement !<\/p>\n<p><b>INGREDIENTS :<\/b> \u00c9paississant : gomme arabique*, sirops* (agave*, riz*), extrait concentr\u00e9 de propolis rouge \u00e0 50%, extrait de cannelle* (0,4%), huiles essentielles* (orange douce* (0,25%), mandarine rouge*), agent antiadh\u00e9rent* (huile de macadamia*, antioxydant : extrait de tocoph\u00e9rol, cire de carnauba*).<br \/>\n*Ingr\u00e9dients issus de l&#8217;agriculture biologique.<\/p>\n<p>Allerg\u00e8nes : produits de la ruche, fruits \u00e0 coques.<\/p>\n<p><b>CONSEILS D&#8217;UTILISATION :<\/b><br \/>\nJusqu&#8217;\u00e0 6 gommes par jour.<br \/>\nConvient aux enfants \u00e0 partir de 6 ans.<\/p>\n<p><b>RECOMMANDATIONS :<\/b><br \/>\n\u00c0 conserver au sec et \u00e0 l&#8217;abri de la chaleur.<\/p>\n<p><b>Valeurs nutritionnelles moyennes pour 100g :<\/b><\/p>\n<p>\u00c9nergie : 1443 kj (339 kcal)<br \/>\nMati\u00e8res grasses : &lt; 0,6 g dont acides gras satur\u00e9s : &lt; 0,6 g Glucides : 84 g dont sucres : 41,9 g Prot\u00e9ines : 0,9 g Sel : 0,1 g<\/p>\n","protected":false},"excerpt":{"rendered":"<p>Sachet de gommes \u00e0 la propolis rouge, cannelle et orange \u00e0 sucer.<\/p>\n<p>Conseils d&#8217;utilisation : sucer sans croquer jusqu&#8217;\u00e0 6 gommes par jour.<\/p>\n<p>Poids net : 50 g<\/p>\n","protected":false},"featured_media":31580,"comment_status":"open","ping_status":"closed","template":"","meta":{"_et_pb_use_builder":"","_et_pb_old_content":"","_et_gb_content_width":""},"product_brand":[],"product_cat":[181,174,200,95,175],"product_tag":[291,292,115,131,190,189,293],"class_list":{"0":"post-31557","1":"product","2":"type-product","3":"status-publish","4":"has-post-thumbnail","6":"product_cat-bio-maxi","7":"product_cat-complements","8":"product_cat-non-classe","9":"product_cat-non-classifiee","10":"product_cat-phytinov","11":"product_tag-gommes","12":"product_tag-gorge","13":"product_tag-huilles-essentielles","14":"product_tag-propolis","15":"product_tag-sport","16":"product_tag-tonus-et-defense","17":"product_tag-toux","19":"first","20":"instock","21":"shipping-taxable","22":"purchasable","23":"product-type-simple"},"yoast_head":"<!-- This site is optimized with the Yoast SEO plugin v27.3 - https:\/\/yoast.com\/product\/yoast-seo-wordpress\/ -->\n<title>Propolis Rouge du Br\u00e9sil purifi\u00e9e et huiles essentielles et cannelle naturelles\/pures\/biologiques de Biomaxi renvendeur suisse du labo Phyt-Inov\u00ae officiel - Compl\u00e9ment alimentaire riche en flavonoides\/oligo-\u00e9l\u00e9ments pour la gorge et le soutien au syst\u00e8me immunitaire et en cas de toux - gommes \u00e0 sucer 50 grammes | biomaxi.ch<\/title>\n<meta name=\"description\" content=\"Biomaxi revendeur en Suisse des articles du Labo Phyt-Inov\u00ae international, laboratoire suisse r\u00e9f\u00e9rent produit naturel\/bio, propose ses gommes \u00e0 sucer la propolis rouge, Cannelle et huiles essentielles d&#039;orange et mandarine contenant un haut dosage (sans d\u00e9chets de la ruche) et aucun excipient \u2013 La propolis rouge a une action antibact\u00e9rienne, am\u00e9liore l\u2019immunit\u00e9 et la r\u00e9sistance. Aide en cas de toux s\u00e8che et maux de gorge et pour une bonne haleine ou tout simplement comme bonbon naturel\" \/>\n<meta name=\"robots\" content=\"index, follow, max-snippet:-1, max-image-preview:large, max-video-preview:-1\" \/>\n<link rel=\"canonical\" href=\"https:\/\/biomaxi.ch\/produit\/propovox-gommes-a-la-propolis-rouge-du-bresil-huiles-essentielles-cannelle\/\" \/>\n<meta property=\"og:locale\" content=\"de_DE\" \/>\n<meta property=\"og:type\" content=\"article\" \/>\n<meta property=\"og:title\" content=\"Propolis Rouge du Br\u00e9sil purifi\u00e9e et huiles essentielles et cannelle naturelles\/pures\/biologiques de Biomaxi renvendeur suisse du labo Phyt-Inov\u00ae officiel - Compl\u00e9ment alimentaire riche en flavonoides\/oligo-\u00e9l\u00e9ments pour la gorge et le soutien au syst\u00e8me immunitaire et en cas de toux - gommes \u00e0 sucer 50 grammes | biomaxi.ch\" \/>\n<meta property=\"og:description\" content=\"Biomaxi revendeur en Suisse des articles du Labo Phyt-Inov\u00ae international, laboratoire suisse r\u00e9f\u00e9rent produit naturel\/bio, propose ses gommes \u00e0 sucer la propolis rouge, Cannelle et huiles essentielles d&#039;orange et mandarine contenant un haut dosage (sans d\u00e9chets de la ruche) et aucun excipient \u2013 La propolis rouge a une action antibact\u00e9rienne, am\u00e9liore l\u2019immunit\u00e9 et la r\u00e9sistance. Aide en cas de toux s\u00e8che et maux de gorge et pour une bonne haleine ou tout simplement comme bonbon naturel\" \/>\n<meta property=\"og:url\" content=\"https:\/\/biomaxi.ch\/produit\/propovox-gommes-a-la-propolis-rouge-du-bresil-huiles-essentielles-cannelle\/\" \/>\n<meta property=\"og:site_name\" content=\"Biomaxi\" \/>\n<meta property=\"article:publisher\" content=\"https:\/\/www.facebook.com\/biomaxisuisse\/\" \/>\n<meta property=\"article:modified_time\" content=\"2025-12-04T14:28:34+00:00\" \/>\n<meta property=\"og:image\" content=\"https:\/\/biomaxi.ch\/wp-content\/uploads\/2025\/11\/Design-sans-titre-7-1.png\" \/>\n\t<meta property=\"og:image:width\" content=\"1024\" \/>\n\t<meta property=\"og:image:height\" content=\"1288\" \/>\n\t<meta property=\"og:image:type\" content=\"image\/png\" \/>\n<meta name=\"twitter:card\" content=\"summary_large_image\" \/>\n<meta name=\"twitter:label1\" content=\"Gesch\u00e4tzte Lesezeit\" \/>\n\t<meta name=\"twitter:data1\" content=\"1\u00a0Minute\" \/>\n<script type=\"application\/ld+json\" class=\"yoast-schema-graph\">{\"@context\":\"https:\\\/\\\/schema.org\",\"@graph\":[{\"@type\":\"WebPage\",\"@id\":\"https:\\\/\\\/biomaxi.ch\\\/produit\\\/propovox-gommes-a-la-propolis-rouge-du-bresil-huiles-essentielles-cannelle\\\/\",\"url\":\"https:\\\/\\\/biomaxi.ch\\\/produit\\\/propovox-gommes-a-la-propolis-rouge-du-bresil-huiles-essentielles-cannelle\\\/\",\"name\":\"Propolis Rouge du Br\u00e9sil purifi\u00e9e et huiles essentielles et cannelle naturelles\\\/pures\\\/biologiques de Biomaxi renvendeur suisse du labo Phyt-Inov\u00ae officiel - Compl\u00e9ment alimentaire riche en flavonoides\\\/oligo-\u00e9l\u00e9ments pour la gorge et le soutien au syst\u00e8me immunitaire et en cas de toux - gommes \u00e0 sucer 50 grammes | biomaxi.ch\",\"isPartOf\":{\"@id\":\"https:\\\/\\\/biomaxi.ch\\\/#website\"},\"primaryImageOfPage\":{\"@id\":\"https:\\\/\\\/biomaxi.ch\\\/produit\\\/propovox-gommes-a-la-propolis-rouge-du-bresil-huiles-essentielles-cannelle\\\/#primaryimage\"},\"image\":{\"@id\":\"https:\\\/\\\/biomaxi.ch\\\/produit\\\/propovox-gommes-a-la-propolis-rouge-du-bresil-huiles-essentielles-cannelle\\\/#primaryimage\"},\"thumbnailUrl\":\"https:\\\/\\\/biomaxi.ch\\\/wp-content\\\/uploads\\\/2025\\\/11\\\/Design-sans-titre-7-1.png\",\"datePublished\":\"2025-11-29T08:34:08+00:00\",\"dateModified\":\"2025-12-04T14:28:34+00:00\",\"description\":\"Biomaxi revendeur en Suisse des articles du Labo Phyt-Inov\u00ae international, laboratoire suisse r\u00e9f\u00e9rent produit naturel\\\/bio, propose ses gommes \u00e0 sucer la propolis rouge, Cannelle et huiles essentielles d'orange et mandarine contenant un haut dosage (sans d\u00e9chets de la ruche) et aucun excipient \u2013 La propolis rouge a une action antibact\u00e9rienne, am\u00e9liore l\u2019immunit\u00e9 et la r\u00e9sistance. Aide en cas de toux s\u00e8che et maux de gorge et pour une bonne haleine ou tout simplement comme bonbon naturel\",\"breadcrumb\":{\"@id\":\"https:\\\/\\\/biomaxi.ch\\\/produit\\\/propovox-gommes-a-la-propolis-rouge-du-bresil-huiles-essentielles-cannelle\\\/#breadcrumb\"},\"inLanguage\":\"de\",\"potentialAction\":[{\"@type\":\"ReadAction\",\"target\":[\"https:\\\/\\\/biomaxi.ch\\\/produit\\\/propovox-gommes-a-la-propolis-rouge-du-bresil-huiles-essentielles-cannelle\\\/\"]}]},{\"@type\":\"ImageObject\",\"inLanguage\":\"de\",\"@id\":\"https:\\\/\\\/biomaxi.ch\\\/produit\\\/propovox-gommes-a-la-propolis-rouge-du-bresil-huiles-essentielles-cannelle\\\/#primaryimage\",\"url\":\"https:\\\/\\\/biomaxi.ch\\\/wp-content\\\/uploads\\\/2025\\\/11\\\/Design-sans-titre-7-1.png\",\"contentUrl\":\"https:\\\/\\\/biomaxi.ch\\\/wp-content\\\/uploads\\\/2025\\\/11\\\/Design-sans-titre-7-1.png\",\"width\":1024,\"height\":1288},{\"@type\":\"BreadcrumbList\",\"@id\":\"https:\\\/\\\/biomaxi.ch\\\/produit\\\/propovox-gommes-a-la-propolis-rouge-du-bresil-huiles-essentielles-cannelle\\\/#breadcrumb\",\"itemListElement\":[{\"@type\":\"ListItem\",\"position\":1,\"name\":\"Accueil\",\"item\":\"https:\\\/\\\/biomaxi.ch\\\/de\\\/\"},{\"@type\":\"ListItem\",\"position\":2,\"name\":\"Produits\",\"item\":\"https:\\\/\\\/biomaxi.ch\\\/produits\\\/\"},{\"@type\":\"ListItem\",\"position\":3,\"name\":\"Propovox Gommes \u00e0 la Propolis Rouge\"}]},{\"@type\":\"WebSite\",\"@id\":\"https:\\\/\\\/biomaxi.ch\\\/#website\",\"url\":\"https:\\\/\\\/biomaxi.ch\\\/\",\"name\":\"Biomaxi\",\"description\":\"Compl\u00e9ments alimentaires bio d&#039;origine suisse bio et naturels\",\"publisher\":{\"@id\":\"https:\\\/\\\/biomaxi.ch\\\/#organization\"},\"potentialAction\":[{\"@type\":\"SearchAction\",\"target\":{\"@type\":\"EntryPoint\",\"urlTemplate\":\"https:\\\/\\\/biomaxi.ch\\\/?s={search_term_string}\"},\"query-input\":{\"@type\":\"PropertyValueSpecification\",\"valueRequired\":true,\"valueName\":\"search_term_string\"}}],\"inLanguage\":\"de\"},{\"@type\":\"Organization\",\"@id\":\"https:\\\/\\\/biomaxi.ch\\\/#organization\",\"name\":\"Biomaxi\",\"url\":\"https:\\\/\\\/biomaxi.ch\\\/\",\"logo\":{\"@type\":\"ImageObject\",\"inLanguage\":\"de\",\"@id\":\"https:\\\/\\\/biomaxi.ch\\\/#\\\/schema\\\/logo\\\/image\\\/\",\"url\":\"https:\\\/\\\/biomaxi.ch\\\/wp-content\\\/uploads\\\/2024\\\/05\\\/LogoBiomaxiSite-1014x1024-1.jpg\",\"contentUrl\":\"https:\\\/\\\/biomaxi.ch\\\/wp-content\\\/uploads\\\/2024\\\/05\\\/LogoBiomaxiSite-1014x1024-1.jpg\",\"width\":1014,\"height\":1024,\"caption\":\"Biomaxi\"},\"image\":{\"@id\":\"https:\\\/\\\/biomaxi.ch\\\/#\\\/schema\\\/logo\\\/image\\\/\"},\"sameAs\":[\"https:\\\/\\\/www.facebook.com\\\/biomaxisuisse\\\/\",\"https:\\\/\\\/www.instagram.com\\\/phytinov\\\/\"]}]}<\/script>\n<!-- \/ Yoast SEO plugin. -->","yoast_head_json":{"title":"Propolis Rouge du Br\u00e9sil purifi\u00e9e et huiles essentielles et cannelle naturelles\/pures\/biologiques de Biomaxi renvendeur suisse du labo Phyt-Inov\u00ae officiel - Compl\u00e9ment alimentaire riche en flavonoides\/oligo-\u00e9l\u00e9ments pour la gorge et le soutien au syst\u00e8me immunitaire et en cas de toux - gommes \u00e0 sucer 50 grammes | biomaxi.ch","description":"Biomaxi revendeur en Suisse des articles du Labo Phyt-Inov\u00ae international, laboratoire suisse r\u00e9f\u00e9rent produit naturel\/bio, propose ses gommes \u00e0 sucer la propolis rouge, Cannelle et huiles essentielles d'orange et mandarine contenant un haut dosage (sans d\u00e9chets de la ruche) et aucun excipient \u2013 La propolis rouge a une action antibact\u00e9rienne, am\u00e9liore l\u2019immunit\u00e9 et la r\u00e9sistance. Aide en cas de toux s\u00e8che et maux de gorge et pour une bonne haleine ou tout simplement comme bonbon naturel","robots":{"index":"index","follow":"follow","max-snippet":"max-snippet:-1","max-image-preview":"max-image-preview:large","max-video-preview":"max-video-preview:-1"},"canonical":"https:\/\/biomaxi.ch\/produit\/propovox-gommes-a-la-propolis-rouge-du-bresil-huiles-essentielles-cannelle\/","og_locale":"de_DE","og_type":"article","og_title":"Propolis Rouge du Br\u00e9sil purifi\u00e9e et huiles essentielles et cannelle naturelles\/pures\/biologiques de Biomaxi renvendeur suisse du labo Phyt-Inov\u00ae officiel - Compl\u00e9ment alimentaire riche en flavonoides\/oligo-\u00e9l\u00e9ments pour la gorge et le soutien au syst\u00e8me immunitaire et en cas de toux - gommes \u00e0 sucer 50 grammes | biomaxi.ch","og_description":"Biomaxi revendeur en Suisse des articles du Labo Phyt-Inov\u00ae international, laboratoire suisse r\u00e9f\u00e9rent produit naturel\/bio, propose ses gommes \u00e0 sucer la propolis rouge, Cannelle et huiles essentielles d'orange et mandarine contenant un haut dosage (sans d\u00e9chets de la ruche) et aucun excipient \u2013 La propolis rouge a une action antibact\u00e9rienne, am\u00e9liore l\u2019immunit\u00e9 et la r\u00e9sistance. Aide en cas de toux s\u00e8che et maux de gorge et pour une bonne haleine ou tout simplement comme bonbon naturel","og_url":"https:\/\/biomaxi.ch\/produit\/propovox-gommes-a-la-propolis-rouge-du-bresil-huiles-essentielles-cannelle\/","og_site_name":"Biomaxi","article_publisher":"https:\/\/www.facebook.com\/biomaxisuisse\/","article_modified_time":"2025-12-04T14:28:34+00:00","og_image":[{"width":1024,"height":1288,"url":"https:\/\/biomaxi.ch\/wp-content\/uploads\/2025\/11\/Design-sans-titre-7-1.png","type":"image\/png"}],"twitter_card":"summary_large_image","twitter_misc":{"Gesch\u00e4tzte Lesezeit":"1\u00a0Minute"},"schema":{"@context":"https:\/\/schema.org","@graph":[{"@type":"WebPage","@id":"https:\/\/biomaxi.ch\/produit\/propovox-gommes-a-la-propolis-rouge-du-bresil-huiles-essentielles-cannelle\/","url":"https:\/\/biomaxi.ch\/produit\/propovox-gommes-a-la-propolis-rouge-du-bresil-huiles-essentielles-cannelle\/","name":"Propolis Rouge du Br\u00e9sil purifi\u00e9e et huiles essentielles et cannelle naturelles\/pures\/biologiques de Biomaxi renvendeur suisse du labo Phyt-Inov\u00ae officiel - Compl\u00e9ment alimentaire riche en flavonoides\/oligo-\u00e9l\u00e9ments pour la gorge et le soutien au syst\u00e8me immunitaire et en cas de toux - gommes \u00e0 sucer 50 grammes | biomaxi.ch","isPartOf":{"@id":"https:\/\/biomaxi.ch\/#website"},"primaryImageOfPage":{"@id":"https:\/\/biomaxi.ch\/produit\/propovox-gommes-a-la-propolis-rouge-du-bresil-huiles-essentielles-cannelle\/#primaryimage"},"image":{"@id":"https:\/\/biomaxi.ch\/produit\/propovox-gommes-a-la-propolis-rouge-du-bresil-huiles-essentielles-cannelle\/#primaryimage"},"thumbnailUrl":"https:\/\/biomaxi.ch\/wp-content\/uploads\/2025\/11\/Design-sans-titre-7-1.png","datePublished":"2025-11-29T08:34:08+00:00","dateModified":"2025-12-04T14:28:34+00:00","description":"Biomaxi revendeur en Suisse des articles du Labo Phyt-Inov\u00ae international, laboratoire suisse r\u00e9f\u00e9rent produit naturel\/bio, propose ses gommes \u00e0 sucer la propolis rouge, Cannelle et huiles essentielles d'orange et mandarine contenant un haut dosage (sans d\u00e9chets de la ruche) et aucun excipient \u2013 La propolis rouge a une action antibact\u00e9rienne, am\u00e9liore l\u2019immunit\u00e9 et la r\u00e9sistance. Aide en cas de toux s\u00e8che et maux de gorge et pour une bonne haleine ou tout simplement comme bonbon naturel","breadcrumb":{"@id":"https:\/\/biomaxi.ch\/produit\/propovox-gommes-a-la-propolis-rouge-du-bresil-huiles-essentielles-cannelle\/#breadcrumb"},"inLanguage":"de","potentialAction":[{"@type":"ReadAction","target":["https:\/\/biomaxi.ch\/produit\/propovox-gommes-a-la-propolis-rouge-du-bresil-huiles-essentielles-cannelle\/"]}]},{"@type":"ImageObject","inLanguage":"de","@id":"https:\/\/biomaxi.ch\/produit\/propovox-gommes-a-la-propolis-rouge-du-bresil-huiles-essentielles-cannelle\/#primaryimage","url":"https:\/\/biomaxi.ch\/wp-content\/uploads\/2025\/11\/Design-sans-titre-7-1.png","contentUrl":"https:\/\/biomaxi.ch\/wp-content\/uploads\/2025\/11\/Design-sans-titre-7-1.png","width":1024,"height":1288},{"@type":"BreadcrumbList","@id":"https:\/\/biomaxi.ch\/produit\/propovox-gommes-a-la-propolis-rouge-du-bresil-huiles-essentielles-cannelle\/#breadcrumb","itemListElement":[{"@type":"ListItem","position":1,"name":"Accueil","item":"https:\/\/biomaxi.ch\/de\/"},{"@type":"ListItem","position":2,"name":"Produits","item":"https:\/\/biomaxi.ch\/produits\/"},{"@type":"ListItem","position":3,"name":"Propovox Gommes \u00e0 la Propolis Rouge"}]},{"@type":"WebSite","@id":"https:\/\/biomaxi.ch\/#website","url":"https:\/\/biomaxi.ch\/","name":"Biomaxi","description":"Compl\u00e9ments alimentaires bio d&#039;origine suisse bio et naturels","publisher":{"@id":"https:\/\/biomaxi.ch\/#organization"},"potentialAction":[{"@type":"SearchAction","target":{"@type":"EntryPoint","urlTemplate":"https:\/\/biomaxi.ch\/?s={search_term_string}"},"query-input":{"@type":"PropertyValueSpecification","valueRequired":true,"valueName":"search_term_string"}}],"inLanguage":"de"},{"@type":"Organization","@id":"https:\/\/biomaxi.ch\/#organization","name":"Biomaxi","url":"https:\/\/biomaxi.ch\/","logo":{"@type":"ImageObject","inLanguage":"de","@id":"https:\/\/biomaxi.ch\/#\/schema\/logo\/image\/","url":"https:\/\/biomaxi.ch\/wp-content\/uploads\/2024\/05\/LogoBiomaxiSite-1014x1024-1.jpg","contentUrl":"https:\/\/biomaxi.ch\/wp-content\/uploads\/2024\/05\/LogoBiomaxiSite-1014x1024-1.jpg","width":1014,"height":1024,"caption":"Biomaxi"},"image":{"@id":"https:\/\/biomaxi.ch\/#\/schema\/logo\/image\/"},"sameAs":["https:\/\/www.facebook.com\/biomaxisuisse\/","https:\/\/www.instagram.com\/phytinov\/"]}]}},"_links":{"self":[{"href":"https:\/\/biomaxi.ch\/de\/wp-json\/wp\/v2\/product\/31557","targetHints":{"allow":["GET"]}}],"collection":[{"href":"https:\/\/biomaxi.ch\/de\/wp-json\/wp\/v2\/product"}],"about":[{"href":"https:\/\/biomaxi.ch\/de\/wp-json\/wp\/v2\/types\/product"}],"replies":[{"embeddable":true,"href":"https:\/\/biomaxi.ch\/de\/wp-json\/wp\/v2\/comments?post=31557"}],"wp:featuredmedia":[{"embeddable":true,"href":"https:\/\/biomaxi.ch\/de\/wp-json\/wp\/v2\/media\/31580"}],"wp:attachment":[{"href":"https:\/\/biomaxi.ch\/de\/wp-json\/wp\/v2\/media?parent=31557"}],"wp:term":[{"taxonomy":"product_brand","embeddable":true,"href":"https:\/\/biomaxi.ch\/de\/wp-json\/wp\/v2\/product_brand?post=31557"},{"taxonomy":"product_cat","embeddable":true,"href":"https:\/\/biomaxi.ch\/de\/wp-json\/wp\/v2\/product_cat?post=31557"},{"taxonomy":"product_tag","embeddable":true,"href":"https:\/\/biomaxi.ch\/de\/wp-json\/wp\/v2\/product_tag?post=31557"}],"curies":[{"name":"wp","href":"https:\/\/api.w.org\/{rel}","templated":true}]}}