{"id":31545,"date":"2025-11-20T16:36:14","date_gmt":"2025-11-20T15:36:14","guid":{"rendered":"https:\/\/biomaxi.ch\/?post_type=product&#038;p=31545"},"modified":"2026-04-01T12:27:54","modified_gmt":"2026-04-01T10:27:54","slug":"pack-jambes-legeres-optiveine-floraserum-corps","status":"publish","type":"product","link":"https:\/\/biomaxi.ch\/de\/produit\/pack-jambes-legeres-optiveine-floraserum-corps\/","title":{"rendered":"Pack Jambes L\u00e9g\u00e8res"},"content":{"rendered":"<div class=\"\">\n<article class=\"w-full scroll-mb-[var(--thread-trailing-height,150px)] text-token-text-primary focus-visible:outline-2 focus-visible:outline-offset-[-4px]\" dir=\"auto\" data-testid=\"conversation-turn-13\" data-scroll-anchor=\"true\">\n<div class=\"group\/conversation-turn relative flex w-full min-w-0 flex-col agent-turn\">\n<div class=\"flex-col gap-1 md:gap-3\">\n<div class=\"flex max-w-full flex-col flex-grow\">\n<div class=\"min-h-8 text-message flex w-full flex-col items-end gap-2 whitespace-normal break-words text-start [.text-message+&amp;]:mt-5\" dir=\"auto\" data-message-author-role=\"assistant\" data-message-id=\"67a78caf-be17-4fbd-ab90-ba2c0f39c04b\" data-message-model-slug=\"gpt-4o\">\n<div class=\"flex w-full flex-col gap-1 empty:hidden first:pt-[3px]\">\n<div class=\"markdown prose w-full break-words dark:prose-invert light\">\n<p data-start=\"422\" data-end=\"642\">Le Pack Jambes L\u00e9g\u00e8res associe un compl\u00e9ment alimentaire cibl\u00e9 et un soin corporel hautement actif pour accompagner la circulation et retrouver une sensation de l\u00e9g\u00e8ret\u00e9 au quotidien, notamment aux changements de saison.<\/p>\n<p data-start=\"686\" data-end=\"796\">Les sensations de jambes lourdes ne viennent pas uniquement de la peau, mais principalement de la circulation.<\/p>\n<p data-start=\"798\" data-end=\"866\">C\u2019est pourquoi ce pack agit sur <strong data-start=\"833\" data-end=\"866\">les deux niveaux essentiels :<\/strong><\/p>\n<h5 data-section-id=\"1qk12mr\" data-start=\"868\" data-end=\"905\"><span role=\"text\"><strong data-start=\"875\" data-end=\"905\">Action interne \u2013 Optiveine<\/strong><\/span><\/h5>\n<p data-start=\"906\" data-end=\"1042\">Optiveine soutient la circulation sanguine et contribue \u00e0 r\u00e9duire les sensations d\u2019inconfort, de lourdeur ou de fatigue dans les jambes.<\/p>\n<h5 data-section-id=\"zismjl\" data-start=\"1044\" data-end=\"1088\"><span role=\"text\"><strong data-start=\"1051\" data-end=\"1088\">Action externe \u2013 Floras\u00e9rum Corps<\/strong><\/span><\/h5>\n<p data-start=\"1089\" data-end=\"1139\">Le Floras\u00e9rum Corps agit directement sur la peau :<\/p>\n<ul data-start=\"1140\" data-end=\"1248\">\n<li data-section-id=\"u2c6zj\" data-start=\"1140\" data-end=\"1166\">il <strong data-start=\"1145\" data-end=\"1166\">tonifie et draine<\/strong><\/li>\n<li data-section-id=\"1e8kyz6\" data-start=\"1167\" data-end=\"1206\">il <strong data-start=\"1172\" data-end=\"1206\">hydrate et nourrit intens\u00e9ment<\/strong><\/li>\n<li data-section-id=\"19r2mkl\" data-start=\"1207\" data-end=\"1248\">il <strong data-start=\"1212\" data-end=\"1248\">lisse et affine le grain de peau<br \/>\n<\/strong><\/li>\n<\/ul>\n<h6 data-section-id=\"17lpthw\" data-start=\"1057\" data-end=\"1100\"><\/h6>\n<\/div>\n<\/div>\n<\/div>\n<\/div>\n<\/div>\n<\/div>\n<\/article>\n<\/div>\n","protected":false},"excerpt":{"rendered":"<h6><strong><em>OFFRE VALABLE UNIQUEMENT JUSQU\u2019AU 30.04.2026<\/em><\/strong><\/h6>\n<h6>Avec l\u2019arriv\u00e9e du printemps et des temp\u00e9ratures plus douces, la circulation peut \u00eatre mise \u00e0 l\u2019\u00e9preuve.<br data-start=\"1364\" data-end=\"1367\" \/>Le Pack Jambes L\u00e9g\u00e8res vous accompagne pour retrouver confort, l\u00e9g\u00e8ret\u00e9 et confiance au quotidien.<\/h6>\n<h6 data-section-id=\"uxmkup\" data-start=\"1496\" data-end=\"1516\"><span role=\"text\">\ud83d\udd39 <strong data-start=\"1503\" data-end=\"1516\">Optiveine : <\/strong><\/span>Compl\u00e9ment alimentaire formul\u00e9 pour soutenir la circulation et favoriser une sensation de jambes l\u00e9g\u00e8res.<\/h6>\n<h6 data-section-id=\"yg403d\" data-start=\"1624\" data-end=\"1651\"><span role=\"text\">\ud83d\udd39 <strong data-start=\"1631\" data-end=\"1651\">Floras\u00e9rum Corps : <\/strong><\/span>Soin botanique riche en huiles pr\u00e9cieuses qui nourrit, tonifie et sublime la peau tout en apportant confort et douceur.<\/h6>\n<h6 data-section-id=\"6sdhw4\" data-start=\"1778\" data-end=\"1804\"><span role=\"text\"><strong data-start=\"1782\" data-end=\"1804\">POURQUOI CE PACK ?<\/strong><\/span><\/h6>\n<h6 data-section-id=\"6sdhw4\" data-start=\"1778\" data-end=\"1804\">\u2714 Action interne + externe<br data-start=\"1832\" data-end=\"1835\" \/>\u2714 Id\u00e9al en p\u00e9riode printemps \/ \u00e9t\u00e9<br data-start=\"1869\" data-end=\"1872\" \/>\u2714 Sensation imm\u00e9diate + r\u00e9sultats durables<br data-start=\"1914\" data-end=\"1917\" \/>\u2714 Approche naturelle et globale<\/h6>\n<h6 data-section-id=\"6sdhw4\" data-start=\"1778\" data-end=\"1804\"><strong data-start=\"2005\" data-end=\"2036\">All\u00e9gez, drainez, sublimez.<\/strong><br data-start=\"2036\" data-end=\"2039\" \/>Le rituel complet pour des jambes l\u00e9g\u00e8res et une peau visiblement plus belle.<\/h6>\n","protected":false},"featured_media":31824,"comment_status":"open","ping_status":"closed","template":"","meta":{"_et_pb_use_builder":"","_et_pb_old_content":"","_et_gb_content_width":""},"product_brand":[],"product_cat":[182,174,177,173,193,179],"product_tag":[113,171,172,136,170,118],"class_list":{"0":"post-31545","1":"product","2":"type-product","3":"status-publish","4":"has-post-thumbnail","6":"product_cat-beaute-soins-peau","7":"product_cat-complements","8":"product_cat-flora-dessart","9":"product_cat-hygiene-sante","10":"product_cat-lot","11":"product_cat-promo","12":"product_tag-beaute","13":"product_tag-fluide","14":"product_tag-homme","15":"product_tag-peau","16":"product_tag-rasage","17":"product_tag-soins","19":"first","20":"instock","21":"sale","22":"featured","23":"shipping-taxable","24":"purchasable","25":"product-type-simple"},"yoast_head":"<!-- This site is optimized with the Yoast SEO plugin v27.3 - https:\/\/yoast.com\/product\/yoast-seo-wordpress\/ -->\n<title>Pack Jambes L\u00e9g\u00e8res | Circulation &amp; Confort Naturel | Optiveine + Floras\u00e9rum Corps<\/title>\n<meta name=\"description\" content=\"Retrouvez des jambes l\u00e9g\u00e8res gr\u00e2ce \u00e0 l\u2019action combin\u00e9e d\u2019Optiveine et du Floras\u00e9rum Corps. Une approche naturelle qui favorise la circulation, draine et sublime la peau au quotidien.\" \/>\n<meta name=\"robots\" content=\"index, follow, max-snippet:-1, max-image-preview:large, max-video-preview:-1\" \/>\n<link rel=\"canonical\" href=\"https:\/\/biomaxi.ch\/produit\/pack-jambes-legeres-optiveine-floraserum-corps\/\" \/>\n<meta property=\"og:locale\" content=\"de_DE\" \/>\n<meta property=\"og:type\" content=\"article\" \/>\n<meta property=\"og:title\" content=\"Pack Jambes L\u00e9g\u00e8res | Circulation &amp; Confort Naturel | Optiveine + Floras\u00e9rum Corps\" \/>\n<meta property=\"og:description\" content=\"Retrouvez des jambes l\u00e9g\u00e8res gr\u00e2ce \u00e0 l\u2019action combin\u00e9e d\u2019Optiveine et du Floras\u00e9rum Corps. Une approche naturelle qui favorise la circulation, draine et sublime la peau au quotidien.\" \/>\n<meta property=\"og:url\" content=\"https:\/\/biomaxi.ch\/produit\/pack-jambes-legeres-optiveine-floraserum-corps\/\" \/>\n<meta property=\"og:site_name\" content=\"Biomaxi\" \/>\n<meta property=\"article:publisher\" content=\"https:\/\/www.facebook.com\/biomaxisuisse\/\" \/>\n<meta property=\"article:modified_time\" content=\"2026-04-01T10:27:54+00:00\" \/>\n<meta property=\"og:image\" content=\"https:\/\/biomaxi.ch\/wp-content\/uploads\/2025\/11\/1-scaled.png\" \/>\n\t<meta property=\"og:image:width\" content=\"1946\" \/>\n\t<meta property=\"og:image:height\" content=\"2560\" \/>\n\t<meta property=\"og:image:type\" content=\"image\/png\" \/>\n<meta name=\"twitter:card\" content=\"summary_large_image\" \/>\n<meta name=\"twitter:label1\" content=\"Gesch\u00e4tzte Lesezeit\" \/>\n\t<meta name=\"twitter:data1\" content=\"1\u00a0Minute\" \/>\n<script type=\"application\/ld+json\" class=\"yoast-schema-graph\">{\"@context\":\"https:\\\/\\\/schema.org\",\"@graph\":[{\"@type\":\"WebPage\",\"@id\":\"https:\\\/\\\/biomaxi.ch\\\/produit\\\/pack-jambes-legeres-optiveine-floraserum-corps\\\/\",\"url\":\"https:\\\/\\\/biomaxi.ch\\\/produit\\\/pack-jambes-legeres-optiveine-floraserum-corps\\\/\",\"name\":\"Pack Jambes L\u00e9g\u00e8res | Circulation & Confort Naturel | Optiveine + Floras\u00e9rum Corps\",\"isPartOf\":{\"@id\":\"https:\\\/\\\/biomaxi.ch\\\/#website\"},\"primaryImageOfPage\":{\"@id\":\"https:\\\/\\\/biomaxi.ch\\\/produit\\\/pack-jambes-legeres-optiveine-floraserum-corps\\\/#primaryimage\"},\"image\":{\"@id\":\"https:\\\/\\\/biomaxi.ch\\\/produit\\\/pack-jambes-legeres-optiveine-floraserum-corps\\\/#primaryimage\"},\"thumbnailUrl\":\"https:\\\/\\\/biomaxi.ch\\\/wp-content\\\/uploads\\\/2025\\\/11\\\/1-scaled.png\",\"datePublished\":\"2025-11-20T15:36:14+00:00\",\"dateModified\":\"2026-04-01T10:27:54+00:00\",\"description\":\"Retrouvez des jambes l\u00e9g\u00e8res gr\u00e2ce \u00e0 l\u2019action combin\u00e9e d\u2019Optiveine et du Floras\u00e9rum Corps. Une approche naturelle qui favorise la circulation, draine et sublime la peau au quotidien.\",\"breadcrumb\":{\"@id\":\"https:\\\/\\\/biomaxi.ch\\\/produit\\\/pack-jambes-legeres-optiveine-floraserum-corps\\\/#breadcrumb\"},\"inLanguage\":\"de\",\"potentialAction\":[{\"@type\":\"ReadAction\",\"target\":[\"https:\\\/\\\/biomaxi.ch\\\/produit\\\/pack-jambes-legeres-optiveine-floraserum-corps\\\/\"]}]},{\"@type\":\"ImageObject\",\"inLanguage\":\"de\",\"@id\":\"https:\\\/\\\/biomaxi.ch\\\/produit\\\/pack-jambes-legeres-optiveine-floraserum-corps\\\/#primaryimage\",\"url\":\"https:\\\/\\\/biomaxi.ch\\\/wp-content\\\/uploads\\\/2025\\\/11\\\/1-scaled.png\",\"contentUrl\":\"https:\\\/\\\/biomaxi.ch\\\/wp-content\\\/uploads\\\/2025\\\/11\\\/1-scaled.png\",\"width\":1946,\"height\":2560},{\"@type\":\"BreadcrumbList\",\"@id\":\"https:\\\/\\\/biomaxi.ch\\\/produit\\\/pack-jambes-legeres-optiveine-floraserum-corps\\\/#breadcrumb\",\"itemListElement\":[{\"@type\":\"ListItem\",\"position\":1,\"name\":\"Accueil\",\"item\":\"https:\\\/\\\/biomaxi.ch\\\/de\\\/\"},{\"@type\":\"ListItem\",\"position\":2,\"name\":\"Produits\",\"item\":\"https:\\\/\\\/biomaxi.ch\\\/produits\\\/\"},{\"@type\":\"ListItem\",\"position\":3,\"name\":\"Pack Jambes L\u00e9g\u00e8res\"}]},{\"@type\":\"WebSite\",\"@id\":\"https:\\\/\\\/biomaxi.ch\\\/#website\",\"url\":\"https:\\\/\\\/biomaxi.ch\\\/\",\"name\":\"Biomaxi\",\"description\":\"Compl\u00e9ments alimentaires bio d&#039;origine suisse bio et naturels\",\"publisher\":{\"@id\":\"https:\\\/\\\/biomaxi.ch\\\/#organization\"},\"potentialAction\":[{\"@type\":\"SearchAction\",\"target\":{\"@type\":\"EntryPoint\",\"urlTemplate\":\"https:\\\/\\\/biomaxi.ch\\\/?s={search_term_string}\"},\"query-input\":{\"@type\":\"PropertyValueSpecification\",\"valueRequired\":true,\"valueName\":\"search_term_string\"}}],\"inLanguage\":\"de\"},{\"@type\":\"Organization\",\"@id\":\"https:\\\/\\\/biomaxi.ch\\\/#organization\",\"name\":\"Biomaxi\",\"url\":\"https:\\\/\\\/biomaxi.ch\\\/\",\"logo\":{\"@type\":\"ImageObject\",\"inLanguage\":\"de\",\"@id\":\"https:\\\/\\\/biomaxi.ch\\\/#\\\/schema\\\/logo\\\/image\\\/\",\"url\":\"https:\\\/\\\/biomaxi.ch\\\/wp-content\\\/uploads\\\/2024\\\/05\\\/LogoBiomaxiSite-1014x1024-1.jpg\",\"contentUrl\":\"https:\\\/\\\/biomaxi.ch\\\/wp-content\\\/uploads\\\/2024\\\/05\\\/LogoBiomaxiSite-1014x1024-1.jpg\",\"width\":1014,\"height\":1024,\"caption\":\"Biomaxi\"},\"image\":{\"@id\":\"https:\\\/\\\/biomaxi.ch\\\/#\\\/schema\\\/logo\\\/image\\\/\"},\"sameAs\":[\"https:\\\/\\\/www.facebook.com\\\/biomaxisuisse\\\/\",\"https:\\\/\\\/www.instagram.com\\\/phytinov\\\/\"]}]}<\/script>\n<!-- \/ Yoast SEO plugin. -->","yoast_head_json":{"title":"Pack Jambes L\u00e9g\u00e8res | Circulation & Confort Naturel | Optiveine + Floras\u00e9rum Corps","description":"Retrouvez des jambes l\u00e9g\u00e8res gr\u00e2ce \u00e0 l\u2019action combin\u00e9e d\u2019Optiveine et du Floras\u00e9rum Corps. Une approche naturelle qui favorise la circulation, draine et sublime la peau au quotidien.","robots":{"index":"index","follow":"follow","max-snippet":"max-snippet:-1","max-image-preview":"max-image-preview:large","max-video-preview":"max-video-preview:-1"},"canonical":"https:\/\/biomaxi.ch\/produit\/pack-jambes-legeres-optiveine-floraserum-corps\/","og_locale":"de_DE","og_type":"article","og_title":"Pack Jambes L\u00e9g\u00e8res | Circulation & Confort Naturel | Optiveine + Floras\u00e9rum Corps","og_description":"Retrouvez des jambes l\u00e9g\u00e8res gr\u00e2ce \u00e0 l\u2019action combin\u00e9e d\u2019Optiveine et du Floras\u00e9rum Corps. Une approche naturelle qui favorise la circulation, draine et sublime la peau au quotidien.","og_url":"https:\/\/biomaxi.ch\/produit\/pack-jambes-legeres-optiveine-floraserum-corps\/","og_site_name":"Biomaxi","article_publisher":"https:\/\/www.facebook.com\/biomaxisuisse\/","article_modified_time":"2026-04-01T10:27:54+00:00","og_image":[{"width":1946,"height":2560,"url":"https:\/\/biomaxi.ch\/wp-content\/uploads\/2025\/11\/1-scaled.png","type":"image\/png"}],"twitter_card":"summary_large_image","twitter_misc":{"Gesch\u00e4tzte Lesezeit":"1\u00a0Minute"},"schema":{"@context":"https:\/\/schema.org","@graph":[{"@type":"WebPage","@id":"https:\/\/biomaxi.ch\/produit\/pack-jambes-legeres-optiveine-floraserum-corps\/","url":"https:\/\/biomaxi.ch\/produit\/pack-jambes-legeres-optiveine-floraserum-corps\/","name":"Pack Jambes L\u00e9g\u00e8res | Circulation & Confort Naturel | Optiveine + Floras\u00e9rum Corps","isPartOf":{"@id":"https:\/\/biomaxi.ch\/#website"},"primaryImageOfPage":{"@id":"https:\/\/biomaxi.ch\/produit\/pack-jambes-legeres-optiveine-floraserum-corps\/#primaryimage"},"image":{"@id":"https:\/\/biomaxi.ch\/produit\/pack-jambes-legeres-optiveine-floraserum-corps\/#primaryimage"},"thumbnailUrl":"https:\/\/biomaxi.ch\/wp-content\/uploads\/2025\/11\/1-scaled.png","datePublished":"2025-11-20T15:36:14+00:00","dateModified":"2026-04-01T10:27:54+00:00","description":"Retrouvez des jambes l\u00e9g\u00e8res gr\u00e2ce \u00e0 l\u2019action combin\u00e9e d\u2019Optiveine et du Floras\u00e9rum Corps. Une approche naturelle qui favorise la circulation, draine et sublime la peau au quotidien.","breadcrumb":{"@id":"https:\/\/biomaxi.ch\/produit\/pack-jambes-legeres-optiveine-floraserum-corps\/#breadcrumb"},"inLanguage":"de","potentialAction":[{"@type":"ReadAction","target":["https:\/\/biomaxi.ch\/produit\/pack-jambes-legeres-optiveine-floraserum-corps\/"]}]},{"@type":"ImageObject","inLanguage":"de","@id":"https:\/\/biomaxi.ch\/produit\/pack-jambes-legeres-optiveine-floraserum-corps\/#primaryimage","url":"https:\/\/biomaxi.ch\/wp-content\/uploads\/2025\/11\/1-scaled.png","contentUrl":"https:\/\/biomaxi.ch\/wp-content\/uploads\/2025\/11\/1-scaled.png","width":1946,"height":2560},{"@type":"BreadcrumbList","@id":"https:\/\/biomaxi.ch\/produit\/pack-jambes-legeres-optiveine-floraserum-corps\/#breadcrumb","itemListElement":[{"@type":"ListItem","position":1,"name":"Accueil","item":"https:\/\/biomaxi.ch\/de\/"},{"@type":"ListItem","position":2,"name":"Produits","item":"https:\/\/biomaxi.ch\/produits\/"},{"@type":"ListItem","position":3,"name":"Pack Jambes L\u00e9g\u00e8res"}]},{"@type":"WebSite","@id":"https:\/\/biomaxi.ch\/#website","url":"https:\/\/biomaxi.ch\/","name":"Biomaxi","description":"Compl\u00e9ments alimentaires bio d&#039;origine suisse bio et naturels","publisher":{"@id":"https:\/\/biomaxi.ch\/#organization"},"potentialAction":[{"@type":"SearchAction","target":{"@type":"EntryPoint","urlTemplate":"https:\/\/biomaxi.ch\/?s={search_term_string}"},"query-input":{"@type":"PropertyValueSpecification","valueRequired":true,"valueName":"search_term_string"}}],"inLanguage":"de"},{"@type":"Organization","@id":"https:\/\/biomaxi.ch\/#organization","name":"Biomaxi","url":"https:\/\/biomaxi.ch\/","logo":{"@type":"ImageObject","inLanguage":"de","@id":"https:\/\/biomaxi.ch\/#\/schema\/logo\/image\/","url":"https:\/\/biomaxi.ch\/wp-content\/uploads\/2024\/05\/LogoBiomaxiSite-1014x1024-1.jpg","contentUrl":"https:\/\/biomaxi.ch\/wp-content\/uploads\/2024\/05\/LogoBiomaxiSite-1014x1024-1.jpg","width":1014,"height":1024,"caption":"Biomaxi"},"image":{"@id":"https:\/\/biomaxi.ch\/#\/schema\/logo\/image\/"},"sameAs":["https:\/\/www.facebook.com\/biomaxisuisse\/","https:\/\/www.instagram.com\/phytinov\/"]}]}},"_links":{"self":[{"href":"https:\/\/biomaxi.ch\/de\/wp-json\/wp\/v2\/product\/31545","targetHints":{"allow":["GET"]}}],"collection":[{"href":"https:\/\/biomaxi.ch\/de\/wp-json\/wp\/v2\/product"}],"about":[{"href":"https:\/\/biomaxi.ch\/de\/wp-json\/wp\/v2\/types\/product"}],"replies":[{"embeddable":true,"href":"https:\/\/biomaxi.ch\/de\/wp-json\/wp\/v2\/comments?post=31545"}],"wp:featuredmedia":[{"embeddable":true,"href":"https:\/\/biomaxi.ch\/de\/wp-json\/wp\/v2\/media\/31824"}],"wp:attachment":[{"href":"https:\/\/biomaxi.ch\/de\/wp-json\/wp\/v2\/media?parent=31545"}],"wp:term":[{"taxonomy":"product_brand","embeddable":true,"href":"https:\/\/biomaxi.ch\/de\/wp-json\/wp\/v2\/product_brand?post=31545"},{"taxonomy":"product_cat","embeddable":true,"href":"https:\/\/biomaxi.ch\/de\/wp-json\/wp\/v2\/product_cat?post=31545"},{"taxonomy":"product_tag","embeddable":true,"href":"https:\/\/biomaxi.ch\/de\/wp-json\/wp\/v2\/product_tag?post=31545"}],"curies":[{"name":"wp","href":"https:\/\/api.w.org\/{rel}","templated":true}]}}