{"id":31433,"date":"2025-09-11T11:31:18","date_gmt":"2025-09-11T09:31:18","guid":{"rendered":"https:\/\/biomaxi.ch\/?post_type=product&#038;p=31433"},"modified":"2025-09-11T11:32:37","modified_gmt":"2025-09-11T09:32:37","slug":"optiveine-100-gelules","status":"publish","type":"product","link":"https:\/\/biomaxi.ch\/de\/produit\/optiveine-100-gelules\/","title":{"rendered":"Optiveine 100 g\u00e9lules"},"content":{"rendered":"<p>Bo\u00eete de 100 g\u00e9lules v\u00e9g\u00e9tales dos\u00e9es \u00e0 417 mg<\/p>\n<p>Poids net : 51 g.<\/p>\n<p><strong>Conseils d\u2019utilisation :<\/strong> Prendre 2 g\u00e9lules 3 fois par jour.<\/p>\n<p>&nbsp;<\/p>\n<p><strong>Ingr\u00e9dients : <\/strong>enveloppe de la g\u00e9lule v\u00e9g\u00e9tale : hydroxypropylm\u00e9thylcellulose, extrait sec de Petit Houx (Ruscus aculeatus L.), vitamine C (acide L-ascorbique), Rutine, extrait sec de p\u00e9pins de Raisin (Vitis vinifera L.) titr\u00e9 \u00e0 40% OPC, extrait sec de p\u00e9pins de Raisin titr\u00e9 \u00e0 95% OPC (Vitis vinifera L.), extrait sec de Myrtille (Vaccinium myrtillus L.), antiagglom\u00e9rant : sels de magn\u00e9sium d\u2019acides gras, vitamine E (ac\u00e9tate de D-alpha-tocoph\u00e9ryle), citrate de zinc.<\/p>\n<p>Compl\u00e9ment alimentaire, ne peut se substituer \u00e0 une alimentation vari\u00e9e et \u00e9quilibr\u00e9e. A prendre dans le cadre d\u2019un mode de vie sain. Tenir hors de port\u00e9e des jeunes enfants. Ne pas d\u00e9passer la dose journali\u00e8re recommand\u00e9e. R\u00e9serv\u00e9 \u00e0 l\u2019adulte. D\u00e9conseill\u00e9 aux femmes enceintes ou allaitantes. A conserver dans un endroit frais et sec, \u00e0 l\u2019abri de la lumi\u00e8re, de la chaleur et de l\u2019humidit\u00e9.<\/p>\n","protected":false},"excerpt":{"rendered":"<p>Optiveine est un compl\u00e9ment alimentaire innovant d\u00e9velopp\u00e9 par le laboratoire Phyt-Inov SA, sp\u00e9cialement con\u00e7u pour soutenir la sant\u00e9 veineuse et am\u00e9liorer la circulation sanguine. Ce produit est id\u00e9al pour les personnes souffrant de jambes lourdes, de varices ou de troubles circulatoires.<\/p>\n","protected":false},"featured_media":0,"comment_status":"open","ping_status":"closed","template":"","meta":{"_et_pb_use_builder":"","_et_pb_old_content":"","_et_gb_content_width":""},"product_brand":[],"product_cat":[174,175],"product_tag":[189],"class_list":{"0":"post-31433","1":"product","2":"type-product","3":"status-publish","5":"product_cat-complements","6":"product_cat-phytinov","7":"product_tag-tonus-et-defense","9":"first","10":"instock","11":"shipping-taxable","12":"purchasable","13":"product-type-simple"},"yoast_head":"<!-- This site is optimized with the Yoast SEO plugin v27.3 - https:\/\/yoast.com\/product\/yoast-seo-wordpress\/ -->\n<title>Produit naturel qui soutient la circulation sanguine \u2013 Formule de Jean-Pierre Willem \u2013 Optiveine 100 g\u00e9lules v\u00e9g\u00e9tales | Biomaxi.ch<\/title>\n<meta name=\"description\" content=\"Optiveine (100 g\u00e9lules v\u00e9g\u00e9tales) association de plantes con\u00e7u pour soutenir la sant\u00e9 veineuse et am\u00e9liorer la circulation sanguine. Ce produit est id\u00e9al pour les personnes souffrant de jambes lourdes, de varices ou de troubles circulatoires.. (petit houx\/p\u00e9pins de raisins\/myrtille)\" \/>\n<meta name=\"robots\" content=\"index, follow, max-snippet:-1, max-image-preview:large, max-video-preview:-1\" \/>\n<link rel=\"canonical\" href=\"https:\/\/biomaxi.ch\/produit\/optiveine-100-gelules\/\" \/>\n<meta property=\"og:locale\" content=\"de_DE\" \/>\n<meta property=\"og:type\" content=\"article\" \/>\n<meta property=\"og:title\" content=\"Produit naturel qui soutient la circulation sanguine \u2013 Formule de Jean-Pierre Willem \u2013 Optiveine 100 g\u00e9lules v\u00e9g\u00e9tales | Biomaxi.ch\" \/>\n<meta property=\"og:description\" content=\"Optiveine (100 g\u00e9lules v\u00e9g\u00e9tales) association de plantes con\u00e7u pour soutenir la sant\u00e9 veineuse et am\u00e9liorer la circulation sanguine. Ce produit est id\u00e9al pour les personnes souffrant de jambes lourdes, de varices ou de troubles circulatoires.. (petit houx\/p\u00e9pins de raisins\/myrtille)\" \/>\n<meta property=\"og:url\" content=\"https:\/\/biomaxi.ch\/produit\/optiveine-100-gelules\/\" \/>\n<meta property=\"og:site_name\" content=\"Biomaxi\" \/>\n<meta property=\"article:publisher\" content=\"https:\/\/www.facebook.com\/biomaxisuisse\/\" \/>\n<meta property=\"article:modified_time\" content=\"2025-09-11T09:32:37+00:00\" \/>\n<meta name=\"twitter:card\" content=\"summary_large_image\" \/>\n<meta name=\"twitter:label1\" content=\"Gesch\u00e4tzte Lesezeit\" \/>\n\t<meta name=\"twitter:data1\" content=\"1\u00a0Minute\" \/>\n<script type=\"application\/ld+json\" class=\"yoast-schema-graph\">{\"@context\":\"https:\\\/\\\/schema.org\",\"@graph\":[{\"@type\":\"WebPage\",\"@id\":\"https:\\\/\\\/biomaxi.ch\\\/produit\\\/optiveine-100-gelules\\\/\",\"url\":\"https:\\\/\\\/biomaxi.ch\\\/produit\\\/optiveine-100-gelules\\\/\",\"name\":\"Produit naturel qui soutient la circulation sanguine \u2013 Formule de Jean-Pierre Willem \u2013 Optiveine 100 g\u00e9lules v\u00e9g\u00e9tales | Biomaxi.ch\",\"isPartOf\":{\"@id\":\"https:\\\/\\\/biomaxi.ch\\\/#website\"},\"datePublished\":\"2025-09-11T09:31:18+00:00\",\"dateModified\":\"2025-09-11T09:32:37+00:00\",\"description\":\"Optiveine (100 g\u00e9lules v\u00e9g\u00e9tales) association de plantes con\u00e7u pour soutenir la sant\u00e9 veineuse et am\u00e9liorer la circulation sanguine. Ce produit est id\u00e9al pour les personnes souffrant de jambes lourdes, de varices ou de troubles circulatoires.. (petit houx\\\/p\u00e9pins de raisins\\\/myrtille)\",\"breadcrumb\":{\"@id\":\"https:\\\/\\\/biomaxi.ch\\\/produit\\\/optiveine-100-gelules\\\/#breadcrumb\"},\"inLanguage\":\"de\",\"potentialAction\":[{\"@type\":\"ReadAction\",\"target\":[\"https:\\\/\\\/biomaxi.ch\\\/produit\\\/optiveine-100-gelules\\\/\"]}]},{\"@type\":\"BreadcrumbList\",\"@id\":\"https:\\\/\\\/biomaxi.ch\\\/produit\\\/optiveine-100-gelules\\\/#breadcrumb\",\"itemListElement\":[{\"@type\":\"ListItem\",\"position\":1,\"name\":\"Accueil\",\"item\":\"https:\\\/\\\/biomaxi.ch\\\/de\\\/\"},{\"@type\":\"ListItem\",\"position\":2,\"name\":\"Produits\",\"item\":\"https:\\\/\\\/biomaxi.ch\\\/produits\\\/\"},{\"@type\":\"ListItem\",\"position\":3,\"name\":\"Optiveine 100 g\u00e9lules\"}]},{\"@type\":\"WebSite\",\"@id\":\"https:\\\/\\\/biomaxi.ch\\\/#website\",\"url\":\"https:\\\/\\\/biomaxi.ch\\\/\",\"name\":\"Biomaxi\",\"description\":\"Compl\u00e9ments alimentaires bio d&#039;origine suisse bio et naturels\",\"publisher\":{\"@id\":\"https:\\\/\\\/biomaxi.ch\\\/#organization\"},\"potentialAction\":[{\"@type\":\"SearchAction\",\"target\":{\"@type\":\"EntryPoint\",\"urlTemplate\":\"https:\\\/\\\/biomaxi.ch\\\/?s={search_term_string}\"},\"query-input\":{\"@type\":\"PropertyValueSpecification\",\"valueRequired\":true,\"valueName\":\"search_term_string\"}}],\"inLanguage\":\"de\"},{\"@type\":\"Organization\",\"@id\":\"https:\\\/\\\/biomaxi.ch\\\/#organization\",\"name\":\"Biomaxi\",\"url\":\"https:\\\/\\\/biomaxi.ch\\\/\",\"logo\":{\"@type\":\"ImageObject\",\"inLanguage\":\"de\",\"@id\":\"https:\\\/\\\/biomaxi.ch\\\/#\\\/schema\\\/logo\\\/image\\\/\",\"url\":\"https:\\\/\\\/biomaxi.ch\\\/wp-content\\\/uploads\\\/2024\\\/05\\\/LogoBiomaxiSite-1014x1024-1.jpg\",\"contentUrl\":\"https:\\\/\\\/biomaxi.ch\\\/wp-content\\\/uploads\\\/2024\\\/05\\\/LogoBiomaxiSite-1014x1024-1.jpg\",\"width\":1014,\"height\":1024,\"caption\":\"Biomaxi\"},\"image\":{\"@id\":\"https:\\\/\\\/biomaxi.ch\\\/#\\\/schema\\\/logo\\\/image\\\/\"},\"sameAs\":[\"https:\\\/\\\/www.facebook.com\\\/biomaxisuisse\\\/\",\"https:\\\/\\\/www.instagram.com\\\/phytinov\\\/\"]}]}<\/script>\n<!-- \/ Yoast SEO plugin. -->","yoast_head_json":{"title":"Produit naturel qui soutient la circulation sanguine \u2013 Formule de Jean-Pierre Willem \u2013 Optiveine 100 g\u00e9lules v\u00e9g\u00e9tales | Biomaxi.ch","description":"Optiveine (100 g\u00e9lules v\u00e9g\u00e9tales) association de plantes con\u00e7u pour soutenir la sant\u00e9 veineuse et am\u00e9liorer la circulation sanguine. Ce produit est id\u00e9al pour les personnes souffrant de jambes lourdes, de varices ou de troubles circulatoires.. (petit houx\/p\u00e9pins de raisins\/myrtille)","robots":{"index":"index","follow":"follow","max-snippet":"max-snippet:-1","max-image-preview":"max-image-preview:large","max-video-preview":"max-video-preview:-1"},"canonical":"https:\/\/biomaxi.ch\/produit\/optiveine-100-gelules\/","og_locale":"de_DE","og_type":"article","og_title":"Produit naturel qui soutient la circulation sanguine \u2013 Formule de Jean-Pierre Willem \u2013 Optiveine 100 g\u00e9lules v\u00e9g\u00e9tales | Biomaxi.ch","og_description":"Optiveine (100 g\u00e9lules v\u00e9g\u00e9tales) association de plantes con\u00e7u pour soutenir la sant\u00e9 veineuse et am\u00e9liorer la circulation sanguine. Ce produit est id\u00e9al pour les personnes souffrant de jambes lourdes, de varices ou de troubles circulatoires.. (petit houx\/p\u00e9pins de raisins\/myrtille)","og_url":"https:\/\/biomaxi.ch\/produit\/optiveine-100-gelules\/","og_site_name":"Biomaxi","article_publisher":"https:\/\/www.facebook.com\/biomaxisuisse\/","article_modified_time":"2025-09-11T09:32:37+00:00","twitter_card":"summary_large_image","twitter_misc":{"Gesch\u00e4tzte Lesezeit":"1\u00a0Minute"},"schema":{"@context":"https:\/\/schema.org","@graph":[{"@type":"WebPage","@id":"https:\/\/biomaxi.ch\/produit\/optiveine-100-gelules\/","url":"https:\/\/biomaxi.ch\/produit\/optiveine-100-gelules\/","name":"Produit naturel qui soutient la circulation sanguine \u2013 Formule de Jean-Pierre Willem \u2013 Optiveine 100 g\u00e9lules v\u00e9g\u00e9tales | Biomaxi.ch","isPartOf":{"@id":"https:\/\/biomaxi.ch\/#website"},"datePublished":"2025-09-11T09:31:18+00:00","dateModified":"2025-09-11T09:32:37+00:00","description":"Optiveine (100 g\u00e9lules v\u00e9g\u00e9tales) association de plantes con\u00e7u pour soutenir la sant\u00e9 veineuse et am\u00e9liorer la circulation sanguine. Ce produit est id\u00e9al pour les personnes souffrant de jambes lourdes, de varices ou de troubles circulatoires.. (petit houx\/p\u00e9pins de raisins\/myrtille)","breadcrumb":{"@id":"https:\/\/biomaxi.ch\/produit\/optiveine-100-gelules\/#breadcrumb"},"inLanguage":"de","potentialAction":[{"@type":"ReadAction","target":["https:\/\/biomaxi.ch\/produit\/optiveine-100-gelules\/"]}]},{"@type":"BreadcrumbList","@id":"https:\/\/biomaxi.ch\/produit\/optiveine-100-gelules\/#breadcrumb","itemListElement":[{"@type":"ListItem","position":1,"name":"Accueil","item":"https:\/\/biomaxi.ch\/de\/"},{"@type":"ListItem","position":2,"name":"Produits","item":"https:\/\/biomaxi.ch\/produits\/"},{"@type":"ListItem","position":3,"name":"Optiveine 100 g\u00e9lules"}]},{"@type":"WebSite","@id":"https:\/\/biomaxi.ch\/#website","url":"https:\/\/biomaxi.ch\/","name":"Biomaxi","description":"Compl\u00e9ments alimentaires bio d&#039;origine suisse bio et naturels","publisher":{"@id":"https:\/\/biomaxi.ch\/#organization"},"potentialAction":[{"@type":"SearchAction","target":{"@type":"EntryPoint","urlTemplate":"https:\/\/biomaxi.ch\/?s={search_term_string}"},"query-input":{"@type":"PropertyValueSpecification","valueRequired":true,"valueName":"search_term_string"}}],"inLanguage":"de"},{"@type":"Organization","@id":"https:\/\/biomaxi.ch\/#organization","name":"Biomaxi","url":"https:\/\/biomaxi.ch\/","logo":{"@type":"ImageObject","inLanguage":"de","@id":"https:\/\/biomaxi.ch\/#\/schema\/logo\/image\/","url":"https:\/\/biomaxi.ch\/wp-content\/uploads\/2024\/05\/LogoBiomaxiSite-1014x1024-1.jpg","contentUrl":"https:\/\/biomaxi.ch\/wp-content\/uploads\/2024\/05\/LogoBiomaxiSite-1014x1024-1.jpg","width":1014,"height":1024,"caption":"Biomaxi"},"image":{"@id":"https:\/\/biomaxi.ch\/#\/schema\/logo\/image\/"},"sameAs":["https:\/\/www.facebook.com\/biomaxisuisse\/","https:\/\/www.instagram.com\/phytinov\/"]}]}},"_links":{"self":[{"href":"https:\/\/biomaxi.ch\/de\/wp-json\/wp\/v2\/product\/31433","targetHints":{"allow":["GET"]}}],"collection":[{"href":"https:\/\/biomaxi.ch\/de\/wp-json\/wp\/v2\/product"}],"about":[{"href":"https:\/\/biomaxi.ch\/de\/wp-json\/wp\/v2\/types\/product"}],"replies":[{"embeddable":true,"href":"https:\/\/biomaxi.ch\/de\/wp-json\/wp\/v2\/comments?post=31433"}],"wp:attachment":[{"href":"https:\/\/biomaxi.ch\/de\/wp-json\/wp\/v2\/media?parent=31433"}],"wp:term":[{"taxonomy":"product_brand","embeddable":true,"href":"https:\/\/biomaxi.ch\/de\/wp-json\/wp\/v2\/product_brand?post=31433"},{"taxonomy":"product_cat","embeddable":true,"href":"https:\/\/biomaxi.ch\/de\/wp-json\/wp\/v2\/product_cat?post=31433"},{"taxonomy":"product_tag","embeddable":true,"href":"https:\/\/biomaxi.ch\/de\/wp-json\/wp\/v2\/product_tag?post=31433"}],"curies":[{"name":"wp","href":"https:\/\/api.w.org\/{rel}","templated":true}]}}