{"id":31407,"date":"2025-08-19T11:30:00","date_gmt":"2025-08-19T09:30:00","guid":{"rendered":"https:\/\/biomaxi.ch\/?post_type=product&#038;p=31407"},"modified":"2025-08-19T11:46:40","modified_gmt":"2025-08-19T09:46:40","slug":"enzy20-200-gelules","status":"publish","type":"product","link":"https:\/\/biomaxi.ch\/de\/produit\/enzy20-200-gelules\/","title":{"rendered":"Enzy20 200 g\u00e9lules"},"content":{"rendered":"<p>Une enzyme est une mol\u00e9cule, le plus souvent une prot\u00e9ine produite par les cellules, dont le r\u00f4le est d&#8217;acc\u00e9l\u00e9rer des millions de fois les r\u00e9actions biochimiques du corps humain. Sans enzymes, ces r\u00e9actions chimiques demanderaient un temps bien sup\u00e9rieur (une r\u00e9action d&#8217;une seconde avec une enzyme prendrait douze jours sans elle) et la vie serait tout simplement impossible.<\/p>\n<p>Ayant la facult\u00e9 unique de se lier \u00e0 une substance pour op\u00e9rer la transformation puis de s&#8217;en d\u00e9tacher pour recommencer ailleurs la m\u00eame op\u00e9ration, les enzymes assurent tous les processus dynamiques de la vie et garantissent la p\u00e9rennit\u00e9 de toutes nos fonctions vitales.<\/p>\n<p>Plusieurs dizaines de milliers d&#8217;enzymes s&#8217;activent ainsi dans notre corps ; elles sont n\u00e9cessaires pour dig\u00e9rer les aliments, stimuler le cerveau, fournir l&#8217;\u00e9nergie cellulaire et drainer tous les tissus, les organes et les cellules.<\/p>\n<p>Les enzymes sont incontournables, d\u00e8s lors qu&#8217;elles sont indispensables au d\u00e9roulement de la quasi totalit\u00e9 des r\u00e9actions chimiques dans l&#8217;organisme humain.<\/p>\n<p>Elles agissent en tr\u00e8s petite quantit\u00e9. Une mol\u00e9cule d&#8217;enzyme transforme quelques centaines \u00e0 quelques millions de mol\u00e9cules de substrat par minute. Elles demeurent intactes \u00e0 la fin des r\u00e9actions.<\/p>\n<p>Les enzymes sont sp\u00e9cifiques : elles ne catalysent qu&#8217;un seul type de r\u00e9action (sp\u00e9cificit\u00e9 d&#8217;action). Les enzymes sont nombreuses : plus de 2500 ont d\u00e9j\u00e0 \u00e9t\u00e9 identifi\u00e9es mais il en reste sans doute bien d&#8217;autres \u00e0 d\u00e9couvrir.<\/p>\n<p>&nbsp;<\/p>\n<p>&nbsp;<\/p>\n<p>Bo\u00eete de 200 g\u00e9lules.<\/p>\n<p>3 fois 2 \u00e0 3 g\u00e9lules par jour au moins 1\/2 heure avant les repas.<\/p>\n<p>&nbsp;<\/p>\n<p>Composition pour 6 g\u00e9lules :<\/p>\n<p>Citrate de calcium 120 mg, g\u00e9lule HPMC, Brom\u00e9la\u00efne 315 mg, Papa\u00efne (sulfites) 315 mg, amylase 305 mg, lactase 247 mg, L-Tyrosine 225 mg, Rutine 215 mg, Vit. B3 (nicotinamide) 36 mg, Vit. E naturelle (succinate acide D-alpha-tocoph\u00e9ryle) 22 mg, fer bisglycinate 4 mg ,Vit. B1 (chlorhydrate de thiamine) 18 mg, prot\u00e9ase 18 mg, Vit. B2 (riboflavine) 18 mg, levure enrichie en s\u00e9l\u00e9nium 31 mcg, bisglycinate de cuivre 1.35 mg, Vit. D3 (chol\u00e9calcif\u00e9rol) 30 mcg, Vit. B6 (chlorhydrate de pyridoxine) 9 mg, cellulase 8 mg, lipase 0.5 mg, molybdate de sodium 119 mcg, picolinate de chrome 18 mcg.<\/p>\n<p>Tenir hors de port\u00e9e des jeunes enfants. Ne pas d\u00e9passer la dose journali\u00e8re recommand\u00e9e. Les compl\u00e9ments alimentaires ne doivent pas \u00eatre utilis\u00e9s comme substituts d&#8217;un r\u00e9gime alimentaire vari\u00e9 et \u00e9quilibr\u00e9 et d&#8217;un mode de vie sain.<\/p>\n","protected":false},"excerpt":{"rendered":"<p><strong>ENZY 20<\/strong> r\u00e9unit dans une seule g\u00e9lule plus de 20 ingr\u00e9dients essentiels, incluant des enzymes, des vitamines et des min\u00e9raux. Le chrome contribue au m\u00e9tabolisme normal des macronutriments et \u00e0 la r\u00e9gulation de la glyc\u00e9mie, tandis que le calcium soutient le fonctionnement optimal des enzymes digestives. Un compl\u00e9ment complet pour favoriser la digestion et le m\u00e9tabolisme.<\/p>\n","protected":false},"featured_media":31408,"comment_status":"open","ping_status":"closed","template":"","meta":{"_et_pb_use_builder":"","_et_pb_old_content":"","_et_gb_content_width":""},"product_brand":[],"product_cat":[174,175],"product_tag":[117,187,190],"class_list":{"0":"post-31407","1":"product","2":"type-product","3":"status-publish","4":"has-post-thumbnail","6":"product_cat-complements","7":"product_cat-phytinov","8":"product_tag-anti-age","9":"product_tag-confort-digestif","10":"product_tag-sport","12":"first","13":"instock","14":"shipping-taxable","15":"purchasable","16":"product-type-simple"},"yoast_head":"<!-- This site is optimized with the Yoast SEO plugin v27.3 - https:\/\/yoast.com\/product\/yoast-seo-wordpress\/ -->\n<title>Enzy20 - Biomaxi revendeur officiel en Suisse de Phyt-Inov\u00ae officiel (\u00e9labor\u00e9 avec Jean-Pierre Willem\/conf\u00e9rencier en sant\u00e9 naturelle) - Produit naturel \u00e0 base d&#039;enzymes, vitamines et min\u00e9raux - Compl\u00e9ment alimentaire pour une fonction digestive\/digestion normale - Glyc\u00e9mie normale - 200 g\u00e9lules v\u00e9g\u00e9tales de plantes | Biomaxi.ch<\/title>\n<meta name=\"description\" content=\"Biomaxi, sp\u00e9cialiste en compl\u00e9ments alimentaires naturels et bio, laboratoire suisse r\u00e9f\u00e9rent en produit naturel pour la digestion vous propose Enzy20, \u00e9labor\u00e9 avec Jean-Pierre Willem, et compl\u00e9ments alimentaires bio\/naturels propose son Enzy20\/Phyt-Inov officiel, (200 g\u00e9lules de plantes) \u2013 Enzy20, qui est un produit naturel\/bio de Phyt Inov pour la digestion (compl\u00e9ment alimentaire\/) permet d\u2019obtenir une fonction normale des enzymes digestives et contribue au m\u00e9tabolisme normal des macronutriments - Enzy20 maintien \u00e9galement une glyc\u00e9mie normale.\" \/>\n<meta name=\"robots\" content=\"index, follow, max-snippet:-1, max-image-preview:large, max-video-preview:-1\" \/>\n<link rel=\"canonical\" href=\"https:\/\/biomaxi.ch\/produit\/enzy20-200-gelules\/\" \/>\n<meta property=\"og:locale\" content=\"de_DE\" \/>\n<meta property=\"og:type\" content=\"article\" \/>\n<meta property=\"og:title\" content=\"Enzy20 - Biomaxi revendeur officiel en Suisse de Phyt-Inov\u00ae officiel (\u00e9labor\u00e9 avec Jean-Pierre Willem\/conf\u00e9rencier en sant\u00e9 naturelle) - Produit naturel \u00e0 base d&#039;enzymes, vitamines et min\u00e9raux - Compl\u00e9ment alimentaire pour une fonction digestive\/digestion normale - Glyc\u00e9mie normale - 200 g\u00e9lules v\u00e9g\u00e9tales de plantes | Biomaxi.ch\" \/>\n<meta property=\"og:description\" content=\"Biomaxi, sp\u00e9cialiste en compl\u00e9ments alimentaires naturels et bio, laboratoire suisse r\u00e9f\u00e9rent en produit naturel pour la digestion vous propose Enzy20, \u00e9labor\u00e9 avec Jean-Pierre Willem, et compl\u00e9ments alimentaires bio\/naturels propose son Enzy20\/Phyt-Inov officiel, (200 g\u00e9lules de plantes) \u2013 Enzy20, qui est un produit naturel\/bio de Phyt Inov pour la digestion (compl\u00e9ment alimentaire\/) permet d\u2019obtenir une fonction normale des enzymes digestives et contribue au m\u00e9tabolisme normal des macronutriments - Enzy20 maintien \u00e9galement une glyc\u00e9mie normale.\" \/>\n<meta property=\"og:url\" content=\"https:\/\/biomaxi.ch\/produit\/enzy20-200-gelules\/\" \/>\n<meta property=\"og:site_name\" content=\"Biomaxi\" \/>\n<meta property=\"article:publisher\" content=\"https:\/\/www.facebook.com\/biomaxisuisse\/\" \/>\n<meta property=\"article:modified_time\" content=\"2025-08-19T09:46:40+00:00\" \/>\n<meta property=\"og:image\" content=\"https:\/\/biomaxi.ch\/wp-content\/uploads\/2025\/08\/Enzy-20-Phyt-Inov-2025-02.png\" \/>\n\t<meta property=\"og:image:width\" content=\"2048\" \/>\n\t<meta property=\"og:image:height\" content=\"2560\" \/>\n\t<meta property=\"og:image:type\" content=\"image\/png\" \/>\n<meta name=\"twitter:card\" content=\"summary_large_image\" \/>\n<meta name=\"twitter:label1\" content=\"Gesch\u00e4tzte Lesezeit\" \/>\n\t<meta name=\"twitter:data1\" content=\"3\u00a0Minuten\" \/>\n<script type=\"application\/ld+json\" class=\"yoast-schema-graph\">{\"@context\":\"https:\\\/\\\/schema.org\",\"@graph\":[{\"@type\":\"WebPage\",\"@id\":\"https:\\\/\\\/biomaxi.ch\\\/produit\\\/enzy20-200-gelules\\\/\",\"url\":\"https:\\\/\\\/biomaxi.ch\\\/produit\\\/enzy20-200-gelules\\\/\",\"name\":\"Enzy20 - Biomaxi revendeur officiel en Suisse de Phyt-Inov\u00ae officiel (\u00e9labor\u00e9 avec Jean-Pierre Willem\\\/conf\u00e9rencier en sant\u00e9 naturelle) - Produit naturel \u00e0 base d'enzymes, vitamines et min\u00e9raux - Compl\u00e9ment alimentaire pour une fonction digestive\\\/digestion normale - Glyc\u00e9mie normale - 200 g\u00e9lules v\u00e9g\u00e9tales de plantes | Biomaxi.ch\",\"isPartOf\":{\"@id\":\"https:\\\/\\\/biomaxi.ch\\\/#website\"},\"primaryImageOfPage\":{\"@id\":\"https:\\\/\\\/biomaxi.ch\\\/produit\\\/enzy20-200-gelules\\\/#primaryimage\"},\"image\":{\"@id\":\"https:\\\/\\\/biomaxi.ch\\\/produit\\\/enzy20-200-gelules\\\/#primaryimage\"},\"thumbnailUrl\":\"https:\\\/\\\/biomaxi.ch\\\/wp-content\\\/uploads\\\/2025\\\/08\\\/Enzy-20-Phyt-Inov-2025-02.png\",\"datePublished\":\"2025-08-19T09:30:00+00:00\",\"dateModified\":\"2025-08-19T09:46:40+00:00\",\"description\":\"Biomaxi, sp\u00e9cialiste en compl\u00e9ments alimentaires naturels et bio, laboratoire suisse r\u00e9f\u00e9rent en produit naturel pour la digestion vous propose Enzy20, \u00e9labor\u00e9 avec Jean-Pierre Willem, et compl\u00e9ments alimentaires bio\\\/naturels propose son Enzy20\\\/Phyt-Inov officiel, (200 g\u00e9lules de plantes) \u2013 Enzy20, qui est un produit naturel\\\/bio de Phyt Inov pour la digestion (compl\u00e9ment alimentaire\\\/) permet d\u2019obtenir une fonction normale des enzymes digestives et contribue au m\u00e9tabolisme normal des macronutriments - Enzy20 maintien \u00e9galement une glyc\u00e9mie normale.\",\"breadcrumb\":{\"@id\":\"https:\\\/\\\/biomaxi.ch\\\/produit\\\/enzy20-200-gelules\\\/#breadcrumb\"},\"inLanguage\":\"de\",\"potentialAction\":[{\"@type\":\"ReadAction\",\"target\":[\"https:\\\/\\\/biomaxi.ch\\\/produit\\\/enzy20-200-gelules\\\/\"]}]},{\"@type\":\"ImageObject\",\"inLanguage\":\"de\",\"@id\":\"https:\\\/\\\/biomaxi.ch\\\/produit\\\/enzy20-200-gelules\\\/#primaryimage\",\"url\":\"https:\\\/\\\/biomaxi.ch\\\/wp-content\\\/uploads\\\/2025\\\/08\\\/Enzy-20-Phyt-Inov-2025-02.png\",\"contentUrl\":\"https:\\\/\\\/biomaxi.ch\\\/wp-content\\\/uploads\\\/2025\\\/08\\\/Enzy-20-Phyt-Inov-2025-02.png\",\"width\":2048,\"height\":2560},{\"@type\":\"BreadcrumbList\",\"@id\":\"https:\\\/\\\/biomaxi.ch\\\/produit\\\/enzy20-200-gelules\\\/#breadcrumb\",\"itemListElement\":[{\"@type\":\"ListItem\",\"position\":1,\"name\":\"Accueil\",\"item\":\"https:\\\/\\\/biomaxi.ch\\\/de\\\/\"},{\"@type\":\"ListItem\",\"position\":2,\"name\":\"Produits\",\"item\":\"https:\\\/\\\/biomaxi.ch\\\/produits\\\/\"},{\"@type\":\"ListItem\",\"position\":3,\"name\":\"Enzy20 200 g\u00e9lules\"}]},{\"@type\":\"WebSite\",\"@id\":\"https:\\\/\\\/biomaxi.ch\\\/#website\",\"url\":\"https:\\\/\\\/biomaxi.ch\\\/\",\"name\":\"Biomaxi\",\"description\":\"Compl\u00e9ments alimentaires bio d&#039;origine suisse bio et naturels\",\"publisher\":{\"@id\":\"https:\\\/\\\/biomaxi.ch\\\/#organization\"},\"potentialAction\":[{\"@type\":\"SearchAction\",\"target\":{\"@type\":\"EntryPoint\",\"urlTemplate\":\"https:\\\/\\\/biomaxi.ch\\\/?s={search_term_string}\"},\"query-input\":{\"@type\":\"PropertyValueSpecification\",\"valueRequired\":true,\"valueName\":\"search_term_string\"}}],\"inLanguage\":\"de\"},{\"@type\":\"Organization\",\"@id\":\"https:\\\/\\\/biomaxi.ch\\\/#organization\",\"name\":\"Biomaxi\",\"url\":\"https:\\\/\\\/biomaxi.ch\\\/\",\"logo\":{\"@type\":\"ImageObject\",\"inLanguage\":\"de\",\"@id\":\"https:\\\/\\\/biomaxi.ch\\\/#\\\/schema\\\/logo\\\/image\\\/\",\"url\":\"https:\\\/\\\/biomaxi.ch\\\/wp-content\\\/uploads\\\/2024\\\/05\\\/LogoBiomaxiSite-1014x1024-1.jpg\",\"contentUrl\":\"https:\\\/\\\/biomaxi.ch\\\/wp-content\\\/uploads\\\/2024\\\/05\\\/LogoBiomaxiSite-1014x1024-1.jpg\",\"width\":1014,\"height\":1024,\"caption\":\"Biomaxi\"},\"image\":{\"@id\":\"https:\\\/\\\/biomaxi.ch\\\/#\\\/schema\\\/logo\\\/image\\\/\"},\"sameAs\":[\"https:\\\/\\\/www.facebook.com\\\/biomaxisuisse\\\/\",\"https:\\\/\\\/www.instagram.com\\\/phytinov\\\/\"]}]}<\/script>\n<!-- \/ Yoast SEO plugin. -->","yoast_head_json":{"title":"Enzy20 - Biomaxi revendeur officiel en Suisse de Phyt-Inov\u00ae officiel (\u00e9labor\u00e9 avec Jean-Pierre Willem\/conf\u00e9rencier en sant\u00e9 naturelle) - Produit naturel \u00e0 base d'enzymes, vitamines et min\u00e9raux - Compl\u00e9ment alimentaire pour une fonction digestive\/digestion normale - Glyc\u00e9mie normale - 200 g\u00e9lules v\u00e9g\u00e9tales de plantes | Biomaxi.ch","description":"Biomaxi, sp\u00e9cialiste en compl\u00e9ments alimentaires naturels et bio, laboratoire suisse r\u00e9f\u00e9rent en produit naturel pour la digestion vous propose Enzy20, \u00e9labor\u00e9 avec Jean-Pierre Willem, et compl\u00e9ments alimentaires bio\/naturels propose son Enzy20\/Phyt-Inov officiel, (200 g\u00e9lules de plantes) \u2013 Enzy20, qui est un produit naturel\/bio de Phyt Inov pour la digestion (compl\u00e9ment alimentaire\/) permet d\u2019obtenir une fonction normale des enzymes digestives et contribue au m\u00e9tabolisme normal des macronutriments - Enzy20 maintien \u00e9galement une glyc\u00e9mie normale.","robots":{"index":"index","follow":"follow","max-snippet":"max-snippet:-1","max-image-preview":"max-image-preview:large","max-video-preview":"max-video-preview:-1"},"canonical":"https:\/\/biomaxi.ch\/produit\/enzy20-200-gelules\/","og_locale":"de_DE","og_type":"article","og_title":"Enzy20 - Biomaxi revendeur officiel en Suisse de Phyt-Inov\u00ae officiel (\u00e9labor\u00e9 avec Jean-Pierre Willem\/conf\u00e9rencier en sant\u00e9 naturelle) - Produit naturel \u00e0 base d'enzymes, vitamines et min\u00e9raux - Compl\u00e9ment alimentaire pour une fonction digestive\/digestion normale - Glyc\u00e9mie normale - 200 g\u00e9lules v\u00e9g\u00e9tales de plantes | Biomaxi.ch","og_description":"Biomaxi, sp\u00e9cialiste en compl\u00e9ments alimentaires naturels et bio, laboratoire suisse r\u00e9f\u00e9rent en produit naturel pour la digestion vous propose Enzy20, \u00e9labor\u00e9 avec Jean-Pierre Willem, et compl\u00e9ments alimentaires bio\/naturels propose son Enzy20\/Phyt-Inov officiel, (200 g\u00e9lules de plantes) \u2013 Enzy20, qui est un produit naturel\/bio de Phyt Inov pour la digestion (compl\u00e9ment alimentaire\/) permet d\u2019obtenir une fonction normale des enzymes digestives et contribue au m\u00e9tabolisme normal des macronutriments - Enzy20 maintien \u00e9galement une glyc\u00e9mie normale.","og_url":"https:\/\/biomaxi.ch\/produit\/enzy20-200-gelules\/","og_site_name":"Biomaxi","article_publisher":"https:\/\/www.facebook.com\/biomaxisuisse\/","article_modified_time":"2025-08-19T09:46:40+00:00","og_image":[{"width":2048,"height":2560,"url":"https:\/\/biomaxi.ch\/wp-content\/uploads\/2025\/08\/Enzy-20-Phyt-Inov-2025-02.png","type":"image\/png"}],"twitter_card":"summary_large_image","twitter_misc":{"Gesch\u00e4tzte Lesezeit":"3\u00a0Minuten"},"schema":{"@context":"https:\/\/schema.org","@graph":[{"@type":"WebPage","@id":"https:\/\/biomaxi.ch\/produit\/enzy20-200-gelules\/","url":"https:\/\/biomaxi.ch\/produit\/enzy20-200-gelules\/","name":"Enzy20 - Biomaxi revendeur officiel en Suisse de Phyt-Inov\u00ae officiel (\u00e9labor\u00e9 avec Jean-Pierre Willem\/conf\u00e9rencier en sant\u00e9 naturelle) - Produit naturel \u00e0 base d'enzymes, vitamines et min\u00e9raux - Compl\u00e9ment alimentaire pour une fonction digestive\/digestion normale - Glyc\u00e9mie normale - 200 g\u00e9lules v\u00e9g\u00e9tales de plantes | Biomaxi.ch","isPartOf":{"@id":"https:\/\/biomaxi.ch\/#website"},"primaryImageOfPage":{"@id":"https:\/\/biomaxi.ch\/produit\/enzy20-200-gelules\/#primaryimage"},"image":{"@id":"https:\/\/biomaxi.ch\/produit\/enzy20-200-gelules\/#primaryimage"},"thumbnailUrl":"https:\/\/biomaxi.ch\/wp-content\/uploads\/2025\/08\/Enzy-20-Phyt-Inov-2025-02.png","datePublished":"2025-08-19T09:30:00+00:00","dateModified":"2025-08-19T09:46:40+00:00","description":"Biomaxi, sp\u00e9cialiste en compl\u00e9ments alimentaires naturels et bio, laboratoire suisse r\u00e9f\u00e9rent en produit naturel pour la digestion vous propose Enzy20, \u00e9labor\u00e9 avec Jean-Pierre Willem, et compl\u00e9ments alimentaires bio\/naturels propose son Enzy20\/Phyt-Inov officiel, (200 g\u00e9lules de plantes) \u2013 Enzy20, qui est un produit naturel\/bio de Phyt Inov pour la digestion (compl\u00e9ment alimentaire\/) permet d\u2019obtenir une fonction normale des enzymes digestives et contribue au m\u00e9tabolisme normal des macronutriments - Enzy20 maintien \u00e9galement une glyc\u00e9mie normale.","breadcrumb":{"@id":"https:\/\/biomaxi.ch\/produit\/enzy20-200-gelules\/#breadcrumb"},"inLanguage":"de","potentialAction":[{"@type":"ReadAction","target":["https:\/\/biomaxi.ch\/produit\/enzy20-200-gelules\/"]}]},{"@type":"ImageObject","inLanguage":"de","@id":"https:\/\/biomaxi.ch\/produit\/enzy20-200-gelules\/#primaryimage","url":"https:\/\/biomaxi.ch\/wp-content\/uploads\/2025\/08\/Enzy-20-Phyt-Inov-2025-02.png","contentUrl":"https:\/\/biomaxi.ch\/wp-content\/uploads\/2025\/08\/Enzy-20-Phyt-Inov-2025-02.png","width":2048,"height":2560},{"@type":"BreadcrumbList","@id":"https:\/\/biomaxi.ch\/produit\/enzy20-200-gelules\/#breadcrumb","itemListElement":[{"@type":"ListItem","position":1,"name":"Accueil","item":"https:\/\/biomaxi.ch\/de\/"},{"@type":"ListItem","position":2,"name":"Produits","item":"https:\/\/biomaxi.ch\/produits\/"},{"@type":"ListItem","position":3,"name":"Enzy20 200 g\u00e9lules"}]},{"@type":"WebSite","@id":"https:\/\/biomaxi.ch\/#website","url":"https:\/\/biomaxi.ch\/","name":"Biomaxi","description":"Compl\u00e9ments alimentaires bio d&#039;origine suisse bio et naturels","publisher":{"@id":"https:\/\/biomaxi.ch\/#organization"},"potentialAction":[{"@type":"SearchAction","target":{"@type":"EntryPoint","urlTemplate":"https:\/\/biomaxi.ch\/?s={search_term_string}"},"query-input":{"@type":"PropertyValueSpecification","valueRequired":true,"valueName":"search_term_string"}}],"inLanguage":"de"},{"@type":"Organization","@id":"https:\/\/biomaxi.ch\/#organization","name":"Biomaxi","url":"https:\/\/biomaxi.ch\/","logo":{"@type":"ImageObject","inLanguage":"de","@id":"https:\/\/biomaxi.ch\/#\/schema\/logo\/image\/","url":"https:\/\/biomaxi.ch\/wp-content\/uploads\/2024\/05\/LogoBiomaxiSite-1014x1024-1.jpg","contentUrl":"https:\/\/biomaxi.ch\/wp-content\/uploads\/2024\/05\/LogoBiomaxiSite-1014x1024-1.jpg","width":1014,"height":1024,"caption":"Biomaxi"},"image":{"@id":"https:\/\/biomaxi.ch\/#\/schema\/logo\/image\/"},"sameAs":["https:\/\/www.facebook.com\/biomaxisuisse\/","https:\/\/www.instagram.com\/phytinov\/"]}]}},"_links":{"self":[{"href":"https:\/\/biomaxi.ch\/de\/wp-json\/wp\/v2\/product\/31407","targetHints":{"allow":["GET"]}}],"collection":[{"href":"https:\/\/biomaxi.ch\/de\/wp-json\/wp\/v2\/product"}],"about":[{"href":"https:\/\/biomaxi.ch\/de\/wp-json\/wp\/v2\/types\/product"}],"replies":[{"embeddable":true,"href":"https:\/\/biomaxi.ch\/de\/wp-json\/wp\/v2\/comments?post=31407"}],"wp:featuredmedia":[{"embeddable":true,"href":"https:\/\/biomaxi.ch\/de\/wp-json\/wp\/v2\/media\/31408"}],"wp:attachment":[{"href":"https:\/\/biomaxi.ch\/de\/wp-json\/wp\/v2\/media?parent=31407"}],"wp:term":[{"taxonomy":"product_brand","embeddable":true,"href":"https:\/\/biomaxi.ch\/de\/wp-json\/wp\/v2\/product_brand?post=31407"},{"taxonomy":"product_cat","embeddable":true,"href":"https:\/\/biomaxi.ch\/de\/wp-json\/wp\/v2\/product_cat?post=31407"},{"taxonomy":"product_tag","embeddable":true,"href":"https:\/\/biomaxi.ch\/de\/wp-json\/wp\/v2\/product_tag?post=31407"}],"curies":[{"name":"wp","href":"https:\/\/api.w.org\/{rel}","templated":true}]}}