{"id":30962,"date":"2015-12-04T05:10:11","date_gmt":"2015-12-04T04:10:11","guid":{"rendered":"https:\/\/biomaxi.ch\/produit\/tonisierendes-cremeserum\/"},"modified":"2015-12-04T05:10:11","modified_gmt":"2015-12-04T04:10:11","slug":"tonisierendes-cremeserum","status":"publish","type":"product","link":"https:\/\/biomaxi.ch\/de\/produit\/tonisierendes-cremeserum\/","title":{"rendered":"Tonisierendes Cremeserum"},"content":{"rendered":"<p>50 ml Airless-Flasche.<\/p>\n<p>Keine Konservierungsstoffe.<br \/>\n<b>100%<\/b> der gesamten Inhaltsstoffe sind nat\u00fcrlichen Ursprungs.<br \/>\n<b>93%<\/b> der gesamten Inhaltsstoffe sind aus der Landwirtschaft.<\/p>\n<p><strong>Zutaten :<\/strong>  Betula Alba Juice*, Prunus Amygdalus Dulcis Oil*, Glycerin, Helianthus Annuus Seed Oil*, Alcohol*, Cetearyl Alcohol, Olea Europaea Fruit Oil*, Sesamum Indicum Seed Oil*, Sesamum Indicum Oil Unsaponifiables*, Pentaclethra Macroloba Seed Oil*, Glyceryl Stearate, Cetearyl Glucoside, Copernicia Cerifera Wax*, Equisetum Arvense Extract*, Levulinic Acid, Aqua, Xanthan Gum, Sodium Levulinate, Glyceryl Caprylate, Citrus Sinensis Peel Oil Expressed*, Centella Asiatica Extract*, Cymbopogon Martini Herb Oil*, Hypericum Perforatum Flower Extract*, Pelargonium Graveolens Oil*, Rosmarinus Officinalis Leaf Extract*, Salvia Sclarea Oil*, Sodium Usnate, Daucus Carota Sativa Seed Oil, Fusanus Spicatus Wood Oil*, Lavandula Latifolia Herb Oil*, Rosmarinus Officinalis Leaf Oil*, Tocopherol, Cetraria Islandica Extract, Sodium Citrate, Limonene, Geraniol, Linalool, Citronellol, Citral, Farnesol.<br \/>\n<em>* Zutaten aus biologischem Anbau.<\/em><\/p>\n","protected":false},"excerpt":{"rendered":"<p><b>devitalisierte Haut \/ Anti-Falten \/ Anti-Flecken<\/b><\/p>\n<p>Dynamisierende Emulsion, die das Gewebe n\u00e4hrt, stimuliert und strafft.<\/p>\n<p>Seine stimulierenden, antiradikalischen und ausgleichenden Wirkstoffe stellen die Architektur der Haut wieder her.<\/p>\n<p>Diese Pflege ist sehr reich an biologischem Birkensaft, bek\u00e4mpft die Hautalterung und sorgt f\u00fcr eine echte und dauerhafte Ausgeglichenheit der Haut.<\/p>\n<p>Die Ergebnisse verst\u00e4rken sich allm\u00e4hlich und schnell.<\/p>\n<p>Die Verbesserung der Hautqualit\u00e4t zeigt sich in einer gr\u00f6\u00dferen Elastizit\u00e4t und Spannkraft des Gewebes, die das Gesichtsoval aufwerten.<\/p>\n<p>&nbsp;<\/p>\n<p>Abends auf gereinigter Haut oder morgens und abends bei Bedarf oder nach einer Pflege mit Floraserum A.<br \/>\nKann bedenkenlos auf Augen- und Lippenkonturen, Dekollet\u00e9&#8230; verwendet werden.<\/p>\n","protected":false},"featured_media":29958,"comment_status":"open","ping_status":"closed","template":"","meta":{"_et_pb_use_builder":"","_et_pb_old_content":"","_et_gb_content_width":""},"product_brand":[],"product_cat":[254,227],"product_tag":[276,234,267,250,233,211,261],"class_list":{"0":"post-30962","1":"product","2":"type-product","3":"status-publish","4":"has-post-thumbnail","6":"product_cat-flora-dessart-de","7":"product_cat-schoenheit-hautpflege","8":"product_tag-belebend","9":"product_tag-creme-de","10":"product_tag-gesicht","11":"product_tag-haut","12":"product_tag-pflege","13":"product_tag-schoenheit","14":"product_tag-serum-de","16":"first","17":"instock","18":"shipping-taxable","19":"purchasable","20":"product-type-simple"},"yoast_head":"<!-- This site is optimized with the Yoast SEO plugin v27.3 - https:\/\/yoast.com\/product\/yoast-seo-wordpress\/ -->\n<title>Serum Creme Tonifiant- Flora d&#039;Essarts - Biomaxi offizieller H\u00e4ndler in der Schweiz von Phyt-Inov\u00ae offiziell - Biologische Creme f\u00fcr die Haut- und Gesichtspflege - Anti-Falten - Anti-Flecken - devitalisierte Haut - 50 ml 100% nat\u00fcrlich und ultrabiologisch | Biomaxi.ch<\/title>\n<meta name=\"description\" content=\"Biomaxi ist offizieller Schweizer Vertriebspartner von Phyt-Inov international\u00ae, dem f\u00fchrenden Schweizer Labor f\u00fcr nat\u00fcrliche und biologische Kosmetika und Pflegeprodukte f\u00fcr die Gesundheit und Sch\u00f6nheit der Haut. Dieses belebende Cremeserum ist eine dynamisierende Emulsion, die das Gewebe n\u00e4hrt, stimuliert und festigt. Seine stimulierenden, anti-radikalen und ausgleichenden Wirkstoffe stellen die Architektur der Haut wieder her.\" \/>\n<meta name=\"robots\" content=\"index, follow, max-snippet:-1, max-image-preview:large, max-video-preview:-1\" \/>\n<link rel=\"canonical\" href=\"https:\/\/biomaxi.ch\/de\/produit\/tonisierendes-cremeserum\/\" \/>\n<meta property=\"og:locale\" content=\"de_DE\" \/>\n<meta property=\"og:type\" content=\"article\" \/>\n<meta property=\"og:title\" content=\"Serum Creme Tonifiant- Flora d&#039;Essarts - Biomaxi offizieller H\u00e4ndler in der Schweiz von Phyt-Inov\u00ae offiziell - Biologische Creme f\u00fcr die Haut- und Gesichtspflege - Anti-Falten - Anti-Flecken - devitalisierte Haut - 50 ml 100% nat\u00fcrlich und ultrabiologisch | Biomaxi.ch\" \/>\n<meta property=\"og:description\" content=\"Biomaxi ist offizieller Schweizer Vertriebspartner von Phyt-Inov international\u00ae, dem f\u00fchrenden Schweizer Labor f\u00fcr nat\u00fcrliche und biologische Kosmetika und Pflegeprodukte f\u00fcr die Gesundheit und Sch\u00f6nheit der Haut. Dieses belebende Cremeserum ist eine dynamisierende Emulsion, die das Gewebe n\u00e4hrt, stimuliert und festigt. Seine stimulierenden, anti-radikalen und ausgleichenden Wirkstoffe stellen die Architektur der Haut wieder her.\" \/>\n<meta property=\"og:url\" content=\"https:\/\/biomaxi.ch\/de\/produit\/tonisierendes-cremeserum\/\" \/>\n<meta property=\"og:site_name\" content=\"Biomaxi\" \/>\n<meta property=\"article:publisher\" content=\"https:\/\/www.facebook.com\/biomaxisuisse\/\" \/>\n<meta property=\"og:image\" content=\"https:\/\/biomaxi.ch\/wp-content\/uploads\/2023\/07\/Serum-Creme-Tonifiant-50-ml-pour-biomaxi-1-scaled.jpg\" \/>\n\t<meta property=\"og:image:width\" content=\"2447\" \/>\n\t<meta property=\"og:image:height\" content=\"2560\" \/>\n\t<meta property=\"og:image:type\" content=\"image\/jpeg\" \/>\n<meta name=\"twitter:card\" content=\"summary_large_image\" \/>\n<meta name=\"twitter:label1\" content=\"Gesch\u00e4tzte Lesezeit\" \/>\n\t<meta name=\"twitter:data1\" content=\"1\u00a0Minute\" \/>\n<script type=\"application\/ld+json\" class=\"yoast-schema-graph\">{\"@context\":\"https:\\\/\\\/schema.org\",\"@graph\":[{\"@type\":\"WebPage\",\"@id\":\"https:\\\/\\\/biomaxi.ch\\\/de\\\/produit\\\/tonisierendes-cremeserum\\\/\",\"url\":\"https:\\\/\\\/biomaxi.ch\\\/de\\\/produit\\\/tonisierendes-cremeserum\\\/\",\"name\":\"Serum Creme Tonifiant- Flora d'Essarts - Biomaxi offizieller H\u00e4ndler in der Schweiz von Phyt-Inov\u00ae offiziell - Biologische Creme f\u00fcr die Haut- und Gesichtspflege - Anti-Falten - Anti-Flecken - devitalisierte Haut - 50 ml 100% nat\u00fcrlich und ultrabiologisch | Biomaxi.ch\",\"isPartOf\":{\"@id\":\"https:\\\/\\\/biomaxi.ch\\\/#website\"},\"primaryImageOfPage\":{\"@id\":\"https:\\\/\\\/biomaxi.ch\\\/de\\\/produit\\\/tonisierendes-cremeserum\\\/#primaryimage\"},\"image\":{\"@id\":\"https:\\\/\\\/biomaxi.ch\\\/de\\\/produit\\\/tonisierendes-cremeserum\\\/#primaryimage\"},\"thumbnailUrl\":\"https:\\\/\\\/biomaxi.ch\\\/wp-content\\\/uploads\\\/2023\\\/07\\\/Serum-Creme-Tonifiant-50-ml-pour-biomaxi-1-scaled.jpg\",\"datePublished\":\"2015-12-04T04:10:11+00:00\",\"description\":\"Biomaxi ist offizieller Schweizer Vertriebspartner von Phyt-Inov international\u00ae, dem f\u00fchrenden Schweizer Labor f\u00fcr nat\u00fcrliche und biologische Kosmetika und Pflegeprodukte f\u00fcr die Gesundheit und Sch\u00f6nheit der Haut. Dieses belebende Cremeserum ist eine dynamisierende Emulsion, die das Gewebe n\u00e4hrt, stimuliert und festigt. Seine stimulierenden, anti-radikalen und ausgleichenden Wirkstoffe stellen die Architektur der Haut wieder her.\",\"breadcrumb\":{\"@id\":\"https:\\\/\\\/biomaxi.ch\\\/de\\\/produit\\\/tonisierendes-cremeserum\\\/#breadcrumb\"},\"inLanguage\":\"de\",\"potentialAction\":[{\"@type\":\"ReadAction\",\"target\":[\"https:\\\/\\\/biomaxi.ch\\\/de\\\/produit\\\/tonisierendes-cremeserum\\\/\"]}]},{\"@type\":\"ImageObject\",\"inLanguage\":\"de\",\"@id\":\"https:\\\/\\\/biomaxi.ch\\\/de\\\/produit\\\/tonisierendes-cremeserum\\\/#primaryimage\",\"url\":\"https:\\\/\\\/biomaxi.ch\\\/wp-content\\\/uploads\\\/2023\\\/07\\\/Serum-Creme-Tonifiant-50-ml-pour-biomaxi-1-scaled.jpg\",\"contentUrl\":\"https:\\\/\\\/biomaxi.ch\\\/wp-content\\\/uploads\\\/2023\\\/07\\\/Serum-Creme-Tonifiant-50-ml-pour-biomaxi-1-scaled.jpg\",\"width\":2447,\"height\":2560},{\"@type\":\"BreadcrumbList\",\"@id\":\"https:\\\/\\\/biomaxi.ch\\\/de\\\/produit\\\/tonisierendes-cremeserum\\\/#breadcrumb\",\"itemListElement\":[{\"@type\":\"ListItem\",\"position\":1,\"name\":\"Accueil\",\"item\":\"https:\\\/\\\/biomaxi.ch\\\/de\\\/\"},{\"@type\":\"ListItem\",\"position\":2,\"name\":\"Produits\",\"item\":\"https:\\\/\\\/biomaxi.ch\\\/produits\\\/\"},{\"@type\":\"ListItem\",\"position\":3,\"name\":\"Tonisierendes Cremeserum\"}]},{\"@type\":\"WebSite\",\"@id\":\"https:\\\/\\\/biomaxi.ch\\\/#website\",\"url\":\"https:\\\/\\\/biomaxi.ch\\\/\",\"name\":\"Biomaxi\",\"description\":\"Compl\u00e9ments alimentaires bio d&#039;origine suisse bio et naturels\",\"publisher\":{\"@id\":\"https:\\\/\\\/biomaxi.ch\\\/#organization\"},\"potentialAction\":[{\"@type\":\"SearchAction\",\"target\":{\"@type\":\"EntryPoint\",\"urlTemplate\":\"https:\\\/\\\/biomaxi.ch\\\/?s={search_term_string}\"},\"query-input\":{\"@type\":\"PropertyValueSpecification\",\"valueRequired\":true,\"valueName\":\"search_term_string\"}}],\"inLanguage\":\"de\"},{\"@type\":\"Organization\",\"@id\":\"https:\\\/\\\/biomaxi.ch\\\/#organization\",\"name\":\"Biomaxi\",\"url\":\"https:\\\/\\\/biomaxi.ch\\\/\",\"logo\":{\"@type\":\"ImageObject\",\"inLanguage\":\"de\",\"@id\":\"https:\\\/\\\/biomaxi.ch\\\/#\\\/schema\\\/logo\\\/image\\\/\",\"url\":\"https:\\\/\\\/biomaxi.ch\\\/wp-content\\\/uploads\\\/2024\\\/05\\\/LogoBiomaxiSite-1014x1024-1.jpg\",\"contentUrl\":\"https:\\\/\\\/biomaxi.ch\\\/wp-content\\\/uploads\\\/2024\\\/05\\\/LogoBiomaxiSite-1014x1024-1.jpg\",\"width\":1014,\"height\":1024,\"caption\":\"Biomaxi\"},\"image\":{\"@id\":\"https:\\\/\\\/biomaxi.ch\\\/#\\\/schema\\\/logo\\\/image\\\/\"},\"sameAs\":[\"https:\\\/\\\/www.facebook.com\\\/biomaxisuisse\\\/\",\"https:\\\/\\\/www.instagram.com\\\/phytinov\\\/\"]}]}<\/script>\n<!-- \/ Yoast SEO plugin. -->","yoast_head_json":{"title":"Serum Creme Tonifiant- Flora d'Essarts - Biomaxi offizieller H\u00e4ndler in der Schweiz von Phyt-Inov\u00ae offiziell - Biologische Creme f\u00fcr die Haut- und Gesichtspflege - Anti-Falten - Anti-Flecken - devitalisierte Haut - 50 ml 100% nat\u00fcrlich und ultrabiologisch | Biomaxi.ch","description":"Biomaxi ist offizieller Schweizer Vertriebspartner von Phyt-Inov international\u00ae, dem f\u00fchrenden Schweizer Labor f\u00fcr nat\u00fcrliche und biologische Kosmetika und Pflegeprodukte f\u00fcr die Gesundheit und Sch\u00f6nheit der Haut. Dieses belebende Cremeserum ist eine dynamisierende Emulsion, die das Gewebe n\u00e4hrt, stimuliert und festigt. Seine stimulierenden, anti-radikalen und ausgleichenden Wirkstoffe stellen die Architektur der Haut wieder her.","robots":{"index":"index","follow":"follow","max-snippet":"max-snippet:-1","max-image-preview":"max-image-preview:large","max-video-preview":"max-video-preview:-1"},"canonical":"https:\/\/biomaxi.ch\/de\/produit\/tonisierendes-cremeserum\/","og_locale":"de_DE","og_type":"article","og_title":"Serum Creme Tonifiant- Flora d'Essarts - Biomaxi offizieller H\u00e4ndler in der Schweiz von Phyt-Inov\u00ae offiziell - Biologische Creme f\u00fcr die Haut- und Gesichtspflege - Anti-Falten - Anti-Flecken - devitalisierte Haut - 50 ml 100% nat\u00fcrlich und ultrabiologisch | Biomaxi.ch","og_description":"Biomaxi ist offizieller Schweizer Vertriebspartner von Phyt-Inov international\u00ae, dem f\u00fchrenden Schweizer Labor f\u00fcr nat\u00fcrliche und biologische Kosmetika und Pflegeprodukte f\u00fcr die Gesundheit und Sch\u00f6nheit der Haut. Dieses belebende Cremeserum ist eine dynamisierende Emulsion, die das Gewebe n\u00e4hrt, stimuliert und festigt. Seine stimulierenden, anti-radikalen und ausgleichenden Wirkstoffe stellen die Architektur der Haut wieder her.","og_url":"https:\/\/biomaxi.ch\/de\/produit\/tonisierendes-cremeserum\/","og_site_name":"Biomaxi","article_publisher":"https:\/\/www.facebook.com\/biomaxisuisse\/","og_image":[{"width":2447,"height":2560,"url":"https:\/\/biomaxi.ch\/wp-content\/uploads\/2023\/07\/Serum-Creme-Tonifiant-50-ml-pour-biomaxi-1-scaled.jpg","type":"image\/jpeg"}],"twitter_card":"summary_large_image","twitter_misc":{"Gesch\u00e4tzte Lesezeit":"1\u00a0Minute"},"schema":{"@context":"https:\/\/schema.org","@graph":[{"@type":"WebPage","@id":"https:\/\/biomaxi.ch\/de\/produit\/tonisierendes-cremeserum\/","url":"https:\/\/biomaxi.ch\/de\/produit\/tonisierendes-cremeserum\/","name":"Serum Creme Tonifiant- Flora d'Essarts - Biomaxi offizieller H\u00e4ndler in der Schweiz von Phyt-Inov\u00ae offiziell - Biologische Creme f\u00fcr die Haut- und Gesichtspflege - Anti-Falten - Anti-Flecken - devitalisierte Haut - 50 ml 100% nat\u00fcrlich und ultrabiologisch | Biomaxi.ch","isPartOf":{"@id":"https:\/\/biomaxi.ch\/#website"},"primaryImageOfPage":{"@id":"https:\/\/biomaxi.ch\/de\/produit\/tonisierendes-cremeserum\/#primaryimage"},"image":{"@id":"https:\/\/biomaxi.ch\/de\/produit\/tonisierendes-cremeserum\/#primaryimage"},"thumbnailUrl":"https:\/\/biomaxi.ch\/wp-content\/uploads\/2023\/07\/Serum-Creme-Tonifiant-50-ml-pour-biomaxi-1-scaled.jpg","datePublished":"2015-12-04T04:10:11+00:00","description":"Biomaxi ist offizieller Schweizer Vertriebspartner von Phyt-Inov international\u00ae, dem f\u00fchrenden Schweizer Labor f\u00fcr nat\u00fcrliche und biologische Kosmetika und Pflegeprodukte f\u00fcr die Gesundheit und Sch\u00f6nheit der Haut. Dieses belebende Cremeserum ist eine dynamisierende Emulsion, die das Gewebe n\u00e4hrt, stimuliert und festigt. Seine stimulierenden, anti-radikalen und ausgleichenden Wirkstoffe stellen die Architektur der Haut wieder her.","breadcrumb":{"@id":"https:\/\/biomaxi.ch\/de\/produit\/tonisierendes-cremeserum\/#breadcrumb"},"inLanguage":"de","potentialAction":[{"@type":"ReadAction","target":["https:\/\/biomaxi.ch\/de\/produit\/tonisierendes-cremeserum\/"]}]},{"@type":"ImageObject","inLanguage":"de","@id":"https:\/\/biomaxi.ch\/de\/produit\/tonisierendes-cremeserum\/#primaryimage","url":"https:\/\/biomaxi.ch\/wp-content\/uploads\/2023\/07\/Serum-Creme-Tonifiant-50-ml-pour-biomaxi-1-scaled.jpg","contentUrl":"https:\/\/biomaxi.ch\/wp-content\/uploads\/2023\/07\/Serum-Creme-Tonifiant-50-ml-pour-biomaxi-1-scaled.jpg","width":2447,"height":2560},{"@type":"BreadcrumbList","@id":"https:\/\/biomaxi.ch\/de\/produit\/tonisierendes-cremeserum\/#breadcrumb","itemListElement":[{"@type":"ListItem","position":1,"name":"Accueil","item":"https:\/\/biomaxi.ch\/de\/"},{"@type":"ListItem","position":2,"name":"Produits","item":"https:\/\/biomaxi.ch\/produits\/"},{"@type":"ListItem","position":3,"name":"Tonisierendes Cremeserum"}]},{"@type":"WebSite","@id":"https:\/\/biomaxi.ch\/#website","url":"https:\/\/biomaxi.ch\/","name":"Biomaxi","description":"Compl\u00e9ments alimentaires bio d&#039;origine suisse bio et naturels","publisher":{"@id":"https:\/\/biomaxi.ch\/#organization"},"potentialAction":[{"@type":"SearchAction","target":{"@type":"EntryPoint","urlTemplate":"https:\/\/biomaxi.ch\/?s={search_term_string}"},"query-input":{"@type":"PropertyValueSpecification","valueRequired":true,"valueName":"search_term_string"}}],"inLanguage":"de"},{"@type":"Organization","@id":"https:\/\/biomaxi.ch\/#organization","name":"Biomaxi","url":"https:\/\/biomaxi.ch\/","logo":{"@type":"ImageObject","inLanguage":"de","@id":"https:\/\/biomaxi.ch\/#\/schema\/logo\/image\/","url":"https:\/\/biomaxi.ch\/wp-content\/uploads\/2024\/05\/LogoBiomaxiSite-1014x1024-1.jpg","contentUrl":"https:\/\/biomaxi.ch\/wp-content\/uploads\/2024\/05\/LogoBiomaxiSite-1014x1024-1.jpg","width":1014,"height":1024,"caption":"Biomaxi"},"image":{"@id":"https:\/\/biomaxi.ch\/#\/schema\/logo\/image\/"},"sameAs":["https:\/\/www.facebook.com\/biomaxisuisse\/","https:\/\/www.instagram.com\/phytinov\/"]}]}},"_links":{"self":[{"href":"https:\/\/biomaxi.ch\/de\/wp-json\/wp\/v2\/product\/30962","targetHints":{"allow":["GET"]}}],"collection":[{"href":"https:\/\/biomaxi.ch\/de\/wp-json\/wp\/v2\/product"}],"about":[{"href":"https:\/\/biomaxi.ch\/de\/wp-json\/wp\/v2\/types\/product"}],"replies":[{"embeddable":true,"href":"https:\/\/biomaxi.ch\/de\/wp-json\/wp\/v2\/comments?post=30962"}],"wp:featuredmedia":[{"embeddable":true,"href":"https:\/\/biomaxi.ch\/de\/wp-json\/wp\/v2\/media\/29958"}],"wp:attachment":[{"href":"https:\/\/biomaxi.ch\/de\/wp-json\/wp\/v2\/media?parent=30962"}],"wp:term":[{"taxonomy":"product_brand","embeddable":true,"href":"https:\/\/biomaxi.ch\/de\/wp-json\/wp\/v2\/product_brand?post=30962"},{"taxonomy":"product_cat","embeddable":true,"href":"https:\/\/biomaxi.ch\/de\/wp-json\/wp\/v2\/product_cat?post=30962"},{"taxonomy":"product_tag","embeddable":true,"href":"https:\/\/biomaxi.ch\/de\/wp-json\/wp\/v2\/product_tag?post=30962"}],"curies":[{"name":"wp","href":"https:\/\/api.w.org\/{rel}","templated":true}]}}