{"id":30961,"date":"2015-12-04T05:08:46","date_gmt":"2015-12-04T04:08:46","guid":{"rendered":"https:\/\/biomaxi.ch\/produit\/nutritives-creme-serum\/"},"modified":"2015-12-04T05:08:46","modified_gmt":"2015-12-04T04:08:46","slug":"nutritives-creme-serum","status":"publish","type":"product","link":"https:\/\/biomaxi.ch\/de\/produit\/nutritives-creme-serum\/","title":{"rendered":"Nutritives Creme-Serum"},"content":{"rendered":"<p>50 ml Airless-Flasche.<br \/>\nKeine Konservierungsstoffe, auch nicht f\u00fcr Bio zugelassen.<br \/>\n<b>100 %<\/b> der gesamten Inhaltsstoffe sind nat\u00fcrlich oder von nat\u00fcrlichem Ursprung.<br \/>\n<b>92,9 %<\/b> der gesamten Inhaltsstoffe sind biozertifiziert.<\/p>\n<p><b>Zutaten :<\/b>  Betula Alba Juice*, Glycerin, Olea Europaea Fruit Oil*, Sesamum Indicum Seed Oil*, Simmondsia Chinensis Seed Oil*, Alkohol*, Cetearyl Alcohol, Macadamia Integrifolia Seed Oil*, Helianthus Annuus Seed Oil*, Persea Gratissima Oil*, Butyrospermum Parkii Butter*, Glyceryl Stearate, Pentaclethra Macroloba Seed Oil*, Cetearyl Glucoside, Copernicia Cerifera Wax*, Levulinic Acid, Sesamum Indicum Oil Unsaponifiables*, Aqua, Spiraea Ulmaria Flower Extract*, Xanthan Gum, Sodium Levulinate, Glyceryl Caprylate, Citrus Sinensis Peel Oil Expressed*, Cymbopogon Martini Herb Oil*, Pelargonium Graveolens Oil*, Rosmarinus Officinalis Leaf Extract*, Salvia Sclarea Oil*, Calendula Officinalis Flower Extract*, Hypericum Perforatum Flower Extract*, Sodium Usnate, Daucus Carota Sativa Seed Oil, Fusanus Spicatus Wood Oil*, Lavandula Latifolia Herb Oil*, Rosmarinus Officinalis Leaf Oil*, Cetraria Islandica Extract, Tocopherol, Sodium Citrate, Limonene, Geraniol, Linalool, Citronellol, Citral, Farnesol.<br \/>\n<em>*Zutaten aus biologischem Anbau.<\/em><\/p>\n<p>&nbsp;<\/p>\n","protected":false},"excerpt":{"rendered":"<p><b>Empfindliche Haut<\/b><\/p>\n<p>Eine beruhigende, bes\u00e4nftigende und geschmeidig machende Emulsion, die der Haut hilft, ihr Gleichgewicht und ihre Geschmeidigkeit wiederzufinden. Sie wird f\u00fcr empfindliche, reaktive und zarte Haut empfohlen.<\/p>\n<p>Diese Pflege ist sehr reich an biologischem Birkensaft <b>(56%)<\/b>, der nicht gefiltert und nicht pasteurisiert wurde, und stellt nach und nach einen gleichm\u00e4\u00dfigen Teint wieder her. Er verleiht ein Gef\u00fchl von rettender Frische und sofortigem Komfort.<\/p>\n<p>Diese beruhigende Formel, die selbst die reaktivste Haut respektiert, wirkt dem nat\u00fcrlichen Alterungsprozess sehr effektiv entgegen, indem sie der Haut erm\u00f6glicht, ihre nat\u00fcrlichen Anpassungsf\u00e4higkeiten an die verschiedenen Aggressionen, denen sie ausgesetzt ist, zu optimieren.<\/p>\n<p>Diese Pflege bek\u00e4mpft freie Radikale, unterst\u00fctzt die Zellerneuerung und verbessert den Tonus und die Elastizit\u00e4t der Epidermis.<\/p>\n<p>Abends auf gereinigter Haut oder bei Bedarf morgens und abends oder nach einer Behandlung mit Floraserum A.<\/p>\n<p>Kann auch f\u00fcr die Augenpartie, die Lippen und das Dekollet\u00e9 verwendet werden.<\/p>\n<p>&nbsp;<\/p>\n","protected":false},"featured_media":29948,"comment_status":"open","ping_status":"closed","template":"","meta":{"_et_pb_use_builder":"","_et_pb_old_content":"","_et_gb_content_width":""},"product_brand":[],"product_cat":[254,227],"product_tag":[234,267,250,275,233,261],"class_list":{"0":"post-30961","1":"product","2":"type-product","3":"status-publish","4":"has-post-thumbnail","6":"product_cat-flora-dessart-de","7":"product_cat-schoenheit-hautpflege","8":"product_tag-creme-de","9":"product_tag-gesicht","10":"product_tag-haut","11":"product_tag-nahrhaft","12":"product_tag-pflege","13":"product_tag-serum-de","15":"first","16":"instock","17":"shipping-taxable","18":"purchasable","19":"product-type-simple"},"yoast_head":"<!-- This site is optimized with the Yoast SEO plugin v27.3 - https:\/\/yoast.com\/product\/yoast-seo-wordpress\/ -->\n<title>Nutritive Creme Serum - Flora d&#039;Essarts - Biomaxi offizieller H\u00e4ndler in der Schweiz von Phyt-Inov\u00ae offiziell - Biologische Haut- und Gesichtspflegecreme - Empfindliche Haut - 50 ml 100% nat\u00fcrlich und ultrabiologisch | Biomaxi.ch<\/title>\n<meta name=\"description\" content=\"Biomaxi ist offizieller Schweizer Vertriebspartner von Phyt-Inov international\u00ae, dem f\u00fchrenden Schweizer Labor f\u00fcr nat\u00fcrliche und biologische Pflege und Kosmetik f\u00fcr die Gesundheit und Sch\u00f6nheit der Haut, und bietet das Flora d&#039;Essarts Nutritive Cream Serum (50 ml ohne Konservierungsstoffe und PEG) an. Dieses n\u00e4hrende Cremeserum ist eine beruhigende, bes\u00e4nftigende und geschmeidig machende Emulsion, die der Epidermis hilft, ihr Gleichgewicht und ihre Geschmeidigkeit wiederzufinden. Sie wird f\u00fcr empfindliche, reaktive und zarte Haut empfohlen.\" \/>\n<meta name=\"robots\" content=\"index, follow, max-snippet:-1, max-image-preview:large, max-video-preview:-1\" \/>\n<link rel=\"canonical\" href=\"https:\/\/biomaxi.ch\/de\/produit\/nutritives-creme-serum\/\" \/>\n<meta property=\"og:locale\" content=\"de_DE\" \/>\n<meta property=\"og:type\" content=\"article\" \/>\n<meta property=\"og:title\" content=\"Nutritive Creme Serum - Flora d&#039;Essarts - Biomaxi offizieller H\u00e4ndler in der Schweiz von Phyt-Inov\u00ae offiziell - Biologische Haut- und Gesichtspflegecreme - Empfindliche Haut - 50 ml 100% nat\u00fcrlich und ultrabiologisch | Biomaxi.ch\" \/>\n<meta property=\"og:description\" content=\"Biomaxi ist offizieller Schweizer Vertriebspartner von Phyt-Inov international\u00ae, dem f\u00fchrenden Schweizer Labor f\u00fcr nat\u00fcrliche und biologische Pflege und Kosmetik f\u00fcr die Gesundheit und Sch\u00f6nheit der Haut, und bietet das Flora d&#039;Essarts Nutritive Cream Serum (50 ml ohne Konservierungsstoffe und PEG) an. Dieses n\u00e4hrende Cremeserum ist eine beruhigende, bes\u00e4nftigende und geschmeidig machende Emulsion, die der Epidermis hilft, ihr Gleichgewicht und ihre Geschmeidigkeit wiederzufinden. Sie wird f\u00fcr empfindliche, reaktive und zarte Haut empfohlen.\" \/>\n<meta property=\"og:url\" content=\"https:\/\/biomaxi.ch\/de\/produit\/nutritives-creme-serum\/\" \/>\n<meta property=\"og:site_name\" content=\"Biomaxi\" \/>\n<meta property=\"article:publisher\" content=\"https:\/\/www.facebook.com\/biomaxisuisse\/\" \/>\n<meta property=\"og:image\" content=\"https:\/\/biomaxi.ch\/wp-content\/uploads\/2023\/07\/Serum-Creme-Nutritif-50-ml-11.2018-light-Biomaxi-1.jpg\" \/>\n\t<meta property=\"og:image:width\" content=\"1036\" \/>\n\t<meta property=\"og:image:height\" content=\"1062\" \/>\n\t<meta property=\"og:image:type\" content=\"image\/jpeg\" \/>\n<meta name=\"twitter:card\" content=\"summary_large_image\" \/>\n<meta name=\"twitter:label1\" content=\"Gesch\u00e4tzte Lesezeit\" \/>\n\t<meta name=\"twitter:data1\" content=\"1\u00a0Minute\" \/>\n<script type=\"application\/ld+json\" class=\"yoast-schema-graph\">{\"@context\":\"https:\\\/\\\/schema.org\",\"@graph\":[{\"@type\":\"WebPage\",\"@id\":\"https:\\\/\\\/biomaxi.ch\\\/de\\\/produit\\\/nutritives-creme-serum\\\/\",\"url\":\"https:\\\/\\\/biomaxi.ch\\\/de\\\/produit\\\/nutritives-creme-serum\\\/\",\"name\":\"Nutritive Creme Serum - Flora d'Essarts - Biomaxi offizieller H\u00e4ndler in der Schweiz von Phyt-Inov\u00ae offiziell - Biologische Haut- und Gesichtspflegecreme - Empfindliche Haut - 50 ml 100% nat\u00fcrlich und ultrabiologisch | Biomaxi.ch\",\"isPartOf\":{\"@id\":\"https:\\\/\\\/biomaxi.ch\\\/#website\"},\"primaryImageOfPage\":{\"@id\":\"https:\\\/\\\/biomaxi.ch\\\/de\\\/produit\\\/nutritives-creme-serum\\\/#primaryimage\"},\"image\":{\"@id\":\"https:\\\/\\\/biomaxi.ch\\\/de\\\/produit\\\/nutritives-creme-serum\\\/#primaryimage\"},\"thumbnailUrl\":\"https:\\\/\\\/biomaxi.ch\\\/wp-content\\\/uploads\\\/2023\\\/07\\\/Serum-Creme-Nutritif-50-ml-11.2018-light-Biomaxi-1.jpg\",\"datePublished\":\"2015-12-04T04:08:46+00:00\",\"description\":\"Biomaxi ist offizieller Schweizer Vertriebspartner von Phyt-Inov international\u00ae, dem f\u00fchrenden Schweizer Labor f\u00fcr nat\u00fcrliche und biologische Pflege und Kosmetik f\u00fcr die Gesundheit und Sch\u00f6nheit der Haut, und bietet das Flora d'Essarts Nutritive Cream Serum (50 ml ohne Konservierungsstoffe und PEG) an. Dieses n\u00e4hrende Cremeserum ist eine beruhigende, bes\u00e4nftigende und geschmeidig machende Emulsion, die der Epidermis hilft, ihr Gleichgewicht und ihre Geschmeidigkeit wiederzufinden. Sie wird f\u00fcr empfindliche, reaktive und zarte Haut empfohlen.\",\"breadcrumb\":{\"@id\":\"https:\\\/\\\/biomaxi.ch\\\/de\\\/produit\\\/nutritives-creme-serum\\\/#breadcrumb\"},\"inLanguage\":\"de\",\"potentialAction\":[{\"@type\":\"ReadAction\",\"target\":[\"https:\\\/\\\/biomaxi.ch\\\/de\\\/produit\\\/nutritives-creme-serum\\\/\"]}]},{\"@type\":\"ImageObject\",\"inLanguage\":\"de\",\"@id\":\"https:\\\/\\\/biomaxi.ch\\\/de\\\/produit\\\/nutritives-creme-serum\\\/#primaryimage\",\"url\":\"https:\\\/\\\/biomaxi.ch\\\/wp-content\\\/uploads\\\/2023\\\/07\\\/Serum-Creme-Nutritif-50-ml-11.2018-light-Biomaxi-1.jpg\",\"contentUrl\":\"https:\\\/\\\/biomaxi.ch\\\/wp-content\\\/uploads\\\/2023\\\/07\\\/Serum-Creme-Nutritif-50-ml-11.2018-light-Biomaxi-1.jpg\",\"width\":1036,\"height\":1062},{\"@type\":\"BreadcrumbList\",\"@id\":\"https:\\\/\\\/biomaxi.ch\\\/de\\\/produit\\\/nutritives-creme-serum\\\/#breadcrumb\",\"itemListElement\":[{\"@type\":\"ListItem\",\"position\":1,\"name\":\"Accueil\",\"item\":\"https:\\\/\\\/biomaxi.ch\\\/de\\\/\"},{\"@type\":\"ListItem\",\"position\":2,\"name\":\"Produits\",\"item\":\"https:\\\/\\\/biomaxi.ch\\\/produits\\\/\"},{\"@type\":\"ListItem\",\"position\":3,\"name\":\"Nutritives Creme-Serum\"}]},{\"@type\":\"WebSite\",\"@id\":\"https:\\\/\\\/biomaxi.ch\\\/#website\",\"url\":\"https:\\\/\\\/biomaxi.ch\\\/\",\"name\":\"Biomaxi\",\"description\":\"Compl\u00e9ments alimentaires bio d&#039;origine suisse bio et naturels\",\"publisher\":{\"@id\":\"https:\\\/\\\/biomaxi.ch\\\/#organization\"},\"potentialAction\":[{\"@type\":\"SearchAction\",\"target\":{\"@type\":\"EntryPoint\",\"urlTemplate\":\"https:\\\/\\\/biomaxi.ch\\\/?s={search_term_string}\"},\"query-input\":{\"@type\":\"PropertyValueSpecification\",\"valueRequired\":true,\"valueName\":\"search_term_string\"}}],\"inLanguage\":\"de\"},{\"@type\":\"Organization\",\"@id\":\"https:\\\/\\\/biomaxi.ch\\\/#organization\",\"name\":\"Biomaxi\",\"url\":\"https:\\\/\\\/biomaxi.ch\\\/\",\"logo\":{\"@type\":\"ImageObject\",\"inLanguage\":\"de\",\"@id\":\"https:\\\/\\\/biomaxi.ch\\\/#\\\/schema\\\/logo\\\/image\\\/\",\"url\":\"https:\\\/\\\/biomaxi.ch\\\/wp-content\\\/uploads\\\/2024\\\/05\\\/LogoBiomaxiSite-1014x1024-1.jpg\",\"contentUrl\":\"https:\\\/\\\/biomaxi.ch\\\/wp-content\\\/uploads\\\/2024\\\/05\\\/LogoBiomaxiSite-1014x1024-1.jpg\",\"width\":1014,\"height\":1024,\"caption\":\"Biomaxi\"},\"image\":{\"@id\":\"https:\\\/\\\/biomaxi.ch\\\/#\\\/schema\\\/logo\\\/image\\\/\"},\"sameAs\":[\"https:\\\/\\\/www.facebook.com\\\/biomaxisuisse\\\/\",\"https:\\\/\\\/www.instagram.com\\\/phytinov\\\/\"]}]}<\/script>\n<!-- \/ Yoast SEO plugin. -->","yoast_head_json":{"title":"Nutritive Creme Serum - Flora d'Essarts - Biomaxi offizieller H\u00e4ndler in der Schweiz von Phyt-Inov\u00ae offiziell - Biologische Haut- und Gesichtspflegecreme - Empfindliche Haut - 50 ml 100% nat\u00fcrlich und ultrabiologisch | Biomaxi.ch","description":"Biomaxi ist offizieller Schweizer Vertriebspartner von Phyt-Inov international\u00ae, dem f\u00fchrenden Schweizer Labor f\u00fcr nat\u00fcrliche und biologische Pflege und Kosmetik f\u00fcr die Gesundheit und Sch\u00f6nheit der Haut, und bietet das Flora d'Essarts Nutritive Cream Serum (50 ml ohne Konservierungsstoffe und PEG) an. Dieses n\u00e4hrende Cremeserum ist eine beruhigende, bes\u00e4nftigende und geschmeidig machende Emulsion, die der Epidermis hilft, ihr Gleichgewicht und ihre Geschmeidigkeit wiederzufinden. Sie wird f\u00fcr empfindliche, reaktive und zarte Haut empfohlen.","robots":{"index":"index","follow":"follow","max-snippet":"max-snippet:-1","max-image-preview":"max-image-preview:large","max-video-preview":"max-video-preview:-1"},"canonical":"https:\/\/biomaxi.ch\/de\/produit\/nutritives-creme-serum\/","og_locale":"de_DE","og_type":"article","og_title":"Nutritive Creme Serum - Flora d'Essarts - Biomaxi offizieller H\u00e4ndler in der Schweiz von Phyt-Inov\u00ae offiziell - Biologische Haut- und Gesichtspflegecreme - Empfindliche Haut - 50 ml 100% nat\u00fcrlich und ultrabiologisch | Biomaxi.ch","og_description":"Biomaxi ist offizieller Schweizer Vertriebspartner von Phyt-Inov international\u00ae, dem f\u00fchrenden Schweizer Labor f\u00fcr nat\u00fcrliche und biologische Pflege und Kosmetik f\u00fcr die Gesundheit und Sch\u00f6nheit der Haut, und bietet das Flora d'Essarts Nutritive Cream Serum (50 ml ohne Konservierungsstoffe und PEG) an. Dieses n\u00e4hrende Cremeserum ist eine beruhigende, bes\u00e4nftigende und geschmeidig machende Emulsion, die der Epidermis hilft, ihr Gleichgewicht und ihre Geschmeidigkeit wiederzufinden. Sie wird f\u00fcr empfindliche, reaktive und zarte Haut empfohlen.","og_url":"https:\/\/biomaxi.ch\/de\/produit\/nutritives-creme-serum\/","og_site_name":"Biomaxi","article_publisher":"https:\/\/www.facebook.com\/biomaxisuisse\/","og_image":[{"width":1036,"height":1062,"url":"https:\/\/biomaxi.ch\/wp-content\/uploads\/2023\/07\/Serum-Creme-Nutritif-50-ml-11.2018-light-Biomaxi-1.jpg","type":"image\/jpeg"}],"twitter_card":"summary_large_image","twitter_misc":{"Gesch\u00e4tzte Lesezeit":"1\u00a0Minute"},"schema":{"@context":"https:\/\/schema.org","@graph":[{"@type":"WebPage","@id":"https:\/\/biomaxi.ch\/de\/produit\/nutritives-creme-serum\/","url":"https:\/\/biomaxi.ch\/de\/produit\/nutritives-creme-serum\/","name":"Nutritive Creme Serum - Flora d'Essarts - Biomaxi offizieller H\u00e4ndler in der Schweiz von Phyt-Inov\u00ae offiziell - Biologische Haut- und Gesichtspflegecreme - Empfindliche Haut - 50 ml 100% nat\u00fcrlich und ultrabiologisch | Biomaxi.ch","isPartOf":{"@id":"https:\/\/biomaxi.ch\/#website"},"primaryImageOfPage":{"@id":"https:\/\/biomaxi.ch\/de\/produit\/nutritives-creme-serum\/#primaryimage"},"image":{"@id":"https:\/\/biomaxi.ch\/de\/produit\/nutritives-creme-serum\/#primaryimage"},"thumbnailUrl":"https:\/\/biomaxi.ch\/wp-content\/uploads\/2023\/07\/Serum-Creme-Nutritif-50-ml-11.2018-light-Biomaxi-1.jpg","datePublished":"2015-12-04T04:08:46+00:00","description":"Biomaxi ist offizieller Schweizer Vertriebspartner von Phyt-Inov international\u00ae, dem f\u00fchrenden Schweizer Labor f\u00fcr nat\u00fcrliche und biologische Pflege und Kosmetik f\u00fcr die Gesundheit und Sch\u00f6nheit der Haut, und bietet das Flora d'Essarts Nutritive Cream Serum (50 ml ohne Konservierungsstoffe und PEG) an. Dieses n\u00e4hrende Cremeserum ist eine beruhigende, bes\u00e4nftigende und geschmeidig machende Emulsion, die der Epidermis hilft, ihr Gleichgewicht und ihre Geschmeidigkeit wiederzufinden. Sie wird f\u00fcr empfindliche, reaktive und zarte Haut empfohlen.","breadcrumb":{"@id":"https:\/\/biomaxi.ch\/de\/produit\/nutritives-creme-serum\/#breadcrumb"},"inLanguage":"de","potentialAction":[{"@type":"ReadAction","target":["https:\/\/biomaxi.ch\/de\/produit\/nutritives-creme-serum\/"]}]},{"@type":"ImageObject","inLanguage":"de","@id":"https:\/\/biomaxi.ch\/de\/produit\/nutritives-creme-serum\/#primaryimage","url":"https:\/\/biomaxi.ch\/wp-content\/uploads\/2023\/07\/Serum-Creme-Nutritif-50-ml-11.2018-light-Biomaxi-1.jpg","contentUrl":"https:\/\/biomaxi.ch\/wp-content\/uploads\/2023\/07\/Serum-Creme-Nutritif-50-ml-11.2018-light-Biomaxi-1.jpg","width":1036,"height":1062},{"@type":"BreadcrumbList","@id":"https:\/\/biomaxi.ch\/de\/produit\/nutritives-creme-serum\/#breadcrumb","itemListElement":[{"@type":"ListItem","position":1,"name":"Accueil","item":"https:\/\/biomaxi.ch\/de\/"},{"@type":"ListItem","position":2,"name":"Produits","item":"https:\/\/biomaxi.ch\/produits\/"},{"@type":"ListItem","position":3,"name":"Nutritives Creme-Serum"}]},{"@type":"WebSite","@id":"https:\/\/biomaxi.ch\/#website","url":"https:\/\/biomaxi.ch\/","name":"Biomaxi","description":"Compl\u00e9ments alimentaires bio d&#039;origine suisse bio et naturels","publisher":{"@id":"https:\/\/biomaxi.ch\/#organization"},"potentialAction":[{"@type":"SearchAction","target":{"@type":"EntryPoint","urlTemplate":"https:\/\/biomaxi.ch\/?s={search_term_string}"},"query-input":{"@type":"PropertyValueSpecification","valueRequired":true,"valueName":"search_term_string"}}],"inLanguage":"de"},{"@type":"Organization","@id":"https:\/\/biomaxi.ch\/#organization","name":"Biomaxi","url":"https:\/\/biomaxi.ch\/","logo":{"@type":"ImageObject","inLanguage":"de","@id":"https:\/\/biomaxi.ch\/#\/schema\/logo\/image\/","url":"https:\/\/biomaxi.ch\/wp-content\/uploads\/2024\/05\/LogoBiomaxiSite-1014x1024-1.jpg","contentUrl":"https:\/\/biomaxi.ch\/wp-content\/uploads\/2024\/05\/LogoBiomaxiSite-1014x1024-1.jpg","width":1014,"height":1024,"caption":"Biomaxi"},"image":{"@id":"https:\/\/biomaxi.ch\/#\/schema\/logo\/image\/"},"sameAs":["https:\/\/www.facebook.com\/biomaxisuisse\/","https:\/\/www.instagram.com\/phytinov\/"]}]}},"_links":{"self":[{"href":"https:\/\/biomaxi.ch\/de\/wp-json\/wp\/v2\/product\/30961","targetHints":{"allow":["GET"]}}],"collection":[{"href":"https:\/\/biomaxi.ch\/de\/wp-json\/wp\/v2\/product"}],"about":[{"href":"https:\/\/biomaxi.ch\/de\/wp-json\/wp\/v2\/types\/product"}],"replies":[{"embeddable":true,"href":"https:\/\/biomaxi.ch\/de\/wp-json\/wp\/v2\/comments?post=30961"}],"wp:featuredmedia":[{"embeddable":true,"href":"https:\/\/biomaxi.ch\/de\/wp-json\/wp\/v2\/media\/29948"}],"wp:attachment":[{"href":"https:\/\/biomaxi.ch\/de\/wp-json\/wp\/v2\/media?parent=30961"}],"wp:term":[{"taxonomy":"product_brand","embeddable":true,"href":"https:\/\/biomaxi.ch\/de\/wp-json\/wp\/v2\/product_brand?post=30961"},{"taxonomy":"product_cat","embeddable":true,"href":"https:\/\/biomaxi.ch\/de\/wp-json\/wp\/v2\/product_cat?post=30961"},{"taxonomy":"product_tag","embeddable":true,"href":"https:\/\/biomaxi.ch\/de\/wp-json\/wp\/v2\/product_tag?post=30961"}],"curies":[{"name":"wp","href":"https:\/\/api.w.org\/{rel}","templated":true}]}}