{"id":30957,"date":"2017-07-17T13:10:43","date_gmt":"2017-07-17T11:10:43","guid":{"rendered":"https:\/\/biomaxi.ch\/produit\/stimulierende-ausgleichende-milch\/"},"modified":"2017-07-17T13:10:43","modified_gmt":"2017-07-17T11:10:43","slug":"stimulierende-ausgleichende-milch","status":"publish","type":"product","link":"https:\/\/biomaxi.ch\/de\/produit\/stimulierende-ausgleichende-milch\/","title":{"rendered":"Stimulierende &amp; ausgleichende Milch"},"content":{"rendered":"<p><b>Flasche mit 200 ml.<\/b><br \/>\nKeine Konservierungsstoffe.<br \/>\n<b>100%<\/b> der gesamten Inhaltsstoffe sind nat\u00fcrlichen Ursprungs.<br \/>\n<b>94%<\/b> der gesamten Inhaltsstoffe sind aus biologischem Anbau.<\/p>\n<p><b>INGREDIENTE :<\/b>  Betula Alba Juice*, Sesamum Indicum Seed Oil*, Glycerin, Alcohol*, Cetearyl Alcohol, Copernicia Cerifera Wax*, Macadamia Integrifolia Seed Oil*, Prunus Amygdalus Dulcis Oil*, Arachidyl Alcohol, Calendula Officinalis Flower Extract*, Sesamum Indicum Oil Unsaponifiables*, Pentaclethra Macroloba Seed Oil*, Behenyl Alcohol, Aqua, Xanthan Gum, Levulinic Acid, Cetearyl Glucoside, Arachidyl Glucoside, Sodium Levulinate, Daucus Carota Sativa Root Powder*, Glyceryl Caprylate, Citrus Sinensis Peel Oil Expressed*, Cymbopogon Martini Herb Oil*, Pelargonium Graveolens Flower Oil*, Salvia Sclarea Oil*, Rosmarinus Officinalis Leaf Extract*, Daucus Carota Sativa Seed Oil, Fusanus Spicatus Wood Oil*, Lavandula Latifolia Herb Oil*, Rosmarinus Officinalis Leaf Oil*, Sodium Usnate, Cetraria Islandica Extract, Tocopherol, Sodium Citrate, Limonene, Geraniol, Linalool, Citronellol, Citral, Farnesol.<br \/>\n* <i>Zutaten aus biologischem Anbau.<\/i><\/p>\n","protected":false},"excerpt":{"rendered":"<p>Als eigenst\u00e4ndige Pflege revitalisiert dieses Milchserum die Epidermis und verleiht der Haut wieder Frische und Geschmeidigkeit. Haut jeden Alters, selbst die empfindlichste und zarteste Haut, wie die von Babys und Kleinkindern, ist eine h\u00e4ufige Anwendung dieses Produkts.<br \/>\nDie milchige Textur dieser Pflege macht sie besonders vielseitig: erfrischend und beruhigend, wird sie auch nach Sonnenbestrahlung empfohlen.<br \/>\nAlle Empfindungen von rauer, rissiger und erhitzter Haut, Intoleranzen aufgrund verschiedener Faktoren (Epilation, Seifen oder Waschmittel, Reibung von Kleidung oder Schuhen&#8230;) finden mit dieser Pflege eine L\u00f6sung.<br \/>\nSie hat au\u00dferdem reinigende und kl\u00e4rende Eigenschaften, indem sie das Produkt &#8222;emulgiert&#8220;, um Make-up von empfindlicher Haut zu entfernen.<\/p>\n","protected":false},"featured_media":29940,"comment_status":"open","ping_status":"closed","template":"","meta":{"_et_pb_use_builder":"","_et_pb_old_content":"","_et_gb_content_width":""},"product_brand":[],"product_cat":[254,227],"product_tag":[273,271,239,274,272],"class_list":{"0":"post-30957","1":"product","2":"type-product","3":"status-publish","4":"has-post-thumbnail","6":"product_cat-flora-dessart-de","7":"product_cat-schoenheit-hautpflege","8":"product_tag-ausgleichend","9":"product_tag-korpermilch","10":"product_tag-korperpflege","11":"product_tag-lotion-de","12":"product_tag-stimulierend","14":"first","15":"instock","16":"shipping-taxable","17":"purchasable","18":"product-type-simple"},"yoast_head":"<!-- This site is optimized with the Yoast SEO plugin v27.3 - https:\/\/yoast.com\/product\/yoast-seo-wordpress\/ -->\n<title>Ausgleichende stimulierende Milch- Flora d&#039;Essarts - Biomaxi offizieller H\u00e4ndler in der Schweiz von Phyt-Inov\u00ae offiziell - Biologische Haut- und Gesichtspflegecreme - erfrischend und beruhigend - devitalisierte Haut - 200 ml 100% nat\u00fcrlich und ultrabiologisch | Phyt-inov.com<\/title>\n<meta name=\"description\" content=\"Biomaxi ist offizieller H\u00e4ndler in der Schweiz von Phyt-Inov International\u00ae Official, dem f\u00fchrenden Schweizer Labor f\u00fcr nat\u00fcrliche und biologische Pflege und Kosmetik f\u00fcr die Gesundheit und Sch\u00f6nheit der Haut, und bietet die Flora d&#039;Essarts Ausgleichende stimulierende Milch (200 ml ohne Konservierungsstoffe und PEG) an. Dieses Milchserum revitalisiert die Epidermis und verleiht der Haut wieder Frische und Samtheit. Die Haut aller Altersgruppen, selbst die empfindlichste und zarteste Haut wie die von Babys und Kleinkindern, ist eine h\u00e4ufige Anwendung dieses Produkts. Es wird auch nach Sonnenbestrahlung empfohlen.\" \/>\n<meta name=\"robots\" content=\"index, follow, max-snippet:-1, max-image-preview:large, max-video-preview:-1\" \/>\n<link rel=\"canonical\" href=\"https:\/\/biomaxi.ch\/de\/produit\/stimulierende-ausgleichende-milch\/\" \/>\n<meta property=\"og:locale\" content=\"de_DE\" \/>\n<meta property=\"og:type\" content=\"article\" \/>\n<meta property=\"og:title\" content=\"Ausgleichende stimulierende Milch- Flora d&#039;Essarts - Biomaxi offizieller H\u00e4ndler in der Schweiz von Phyt-Inov\u00ae offiziell - Biologische Haut- und Gesichtspflegecreme - erfrischend und beruhigend - devitalisierte Haut - 200 ml 100% nat\u00fcrlich und ultrabiologisch | Phyt-inov.com\" \/>\n<meta property=\"og:description\" content=\"Biomaxi ist offizieller H\u00e4ndler in der Schweiz von Phyt-Inov International\u00ae Official, dem f\u00fchrenden Schweizer Labor f\u00fcr nat\u00fcrliche und biologische Pflege und Kosmetik f\u00fcr die Gesundheit und Sch\u00f6nheit der Haut, und bietet die Flora d&#039;Essarts Ausgleichende stimulierende Milch (200 ml ohne Konservierungsstoffe und PEG) an. Dieses Milchserum revitalisiert die Epidermis und verleiht der Haut wieder Frische und Samtheit. Die Haut aller Altersgruppen, selbst die empfindlichste und zarteste Haut wie die von Babys und Kleinkindern, ist eine h\u00e4ufige Anwendung dieses Produkts. Es wird auch nach Sonnenbestrahlung empfohlen.\" \/>\n<meta property=\"og:url\" content=\"https:\/\/biomaxi.ch\/de\/produit\/stimulierende-ausgleichende-milch\/\" \/>\n<meta property=\"og:site_name\" content=\"Biomaxi\" \/>\n<meta property=\"article:publisher\" content=\"https:\/\/www.facebook.com\/biomaxisuisse\/\" \/>\n<meta property=\"og:image\" content=\"https:\/\/biomaxi.ch\/wp-content\/uploads\/2023\/07\/Lait-200-ml-11.2018-light-Biomaxi-9-1.jpg\" \/>\n\t<meta property=\"og:image:width\" content=\"1120\" \/>\n\t<meta property=\"og:image:height\" content=\"1480\" \/>\n\t<meta property=\"og:image:type\" content=\"image\/jpeg\" \/>\n<meta name=\"twitter:card\" content=\"summary_large_image\" \/>\n<meta name=\"twitter:label1\" content=\"Gesch\u00e4tzte Lesezeit\" \/>\n\t<meta name=\"twitter:data1\" content=\"1\u00a0Minute\" \/>\n<script type=\"application\/ld+json\" class=\"yoast-schema-graph\">{\"@context\":\"https:\\\/\\\/schema.org\",\"@graph\":[{\"@type\":\"WebPage\",\"@id\":\"https:\\\/\\\/biomaxi.ch\\\/de\\\/produit\\\/stimulierende-ausgleichende-milch\\\/\",\"url\":\"https:\\\/\\\/biomaxi.ch\\\/de\\\/produit\\\/stimulierende-ausgleichende-milch\\\/\",\"name\":\"Ausgleichende stimulierende Milch- Flora d'Essarts - Biomaxi offizieller H\u00e4ndler in der Schweiz von Phyt-Inov\u00ae offiziell - Biologische Haut- und Gesichtspflegecreme - erfrischend und beruhigend - devitalisierte Haut - 200 ml 100% nat\u00fcrlich und ultrabiologisch | Phyt-inov.com\",\"isPartOf\":{\"@id\":\"https:\\\/\\\/biomaxi.ch\\\/#website\"},\"primaryImageOfPage\":{\"@id\":\"https:\\\/\\\/biomaxi.ch\\\/de\\\/produit\\\/stimulierende-ausgleichende-milch\\\/#primaryimage\"},\"image\":{\"@id\":\"https:\\\/\\\/biomaxi.ch\\\/de\\\/produit\\\/stimulierende-ausgleichende-milch\\\/#primaryimage\"},\"thumbnailUrl\":\"https:\\\/\\\/biomaxi.ch\\\/wp-content\\\/uploads\\\/2023\\\/07\\\/Lait-200-ml-11.2018-light-Biomaxi-9-1.jpg\",\"datePublished\":\"2017-07-17T11:10:43+00:00\",\"description\":\"Biomaxi ist offizieller H\u00e4ndler in der Schweiz von Phyt-Inov International\u00ae Official, dem f\u00fchrenden Schweizer Labor f\u00fcr nat\u00fcrliche und biologische Pflege und Kosmetik f\u00fcr die Gesundheit und Sch\u00f6nheit der Haut, und bietet die Flora d'Essarts Ausgleichende stimulierende Milch (200 ml ohne Konservierungsstoffe und PEG) an. Dieses Milchserum revitalisiert die Epidermis und verleiht der Haut wieder Frische und Samtheit. Die Haut aller Altersgruppen, selbst die empfindlichste und zarteste Haut wie die von Babys und Kleinkindern, ist eine h\u00e4ufige Anwendung dieses Produkts. Es wird auch nach Sonnenbestrahlung empfohlen.\",\"breadcrumb\":{\"@id\":\"https:\\\/\\\/biomaxi.ch\\\/de\\\/produit\\\/stimulierende-ausgleichende-milch\\\/#breadcrumb\"},\"inLanguage\":\"de\",\"potentialAction\":[{\"@type\":\"ReadAction\",\"target\":[\"https:\\\/\\\/biomaxi.ch\\\/de\\\/produit\\\/stimulierende-ausgleichende-milch\\\/\"]}]},{\"@type\":\"ImageObject\",\"inLanguage\":\"de\",\"@id\":\"https:\\\/\\\/biomaxi.ch\\\/de\\\/produit\\\/stimulierende-ausgleichende-milch\\\/#primaryimage\",\"url\":\"https:\\\/\\\/biomaxi.ch\\\/wp-content\\\/uploads\\\/2023\\\/07\\\/Lait-200-ml-11.2018-light-Biomaxi-9-1.jpg\",\"contentUrl\":\"https:\\\/\\\/biomaxi.ch\\\/wp-content\\\/uploads\\\/2023\\\/07\\\/Lait-200-ml-11.2018-light-Biomaxi-9-1.jpg\",\"width\":1120,\"height\":1480},{\"@type\":\"BreadcrumbList\",\"@id\":\"https:\\\/\\\/biomaxi.ch\\\/de\\\/produit\\\/stimulierende-ausgleichende-milch\\\/#breadcrumb\",\"itemListElement\":[{\"@type\":\"ListItem\",\"position\":1,\"name\":\"Accueil\",\"item\":\"https:\\\/\\\/biomaxi.ch\\\/de\\\/\"},{\"@type\":\"ListItem\",\"position\":2,\"name\":\"Produits\",\"item\":\"https:\\\/\\\/biomaxi.ch\\\/produits\\\/\"},{\"@type\":\"ListItem\",\"position\":3,\"name\":\"Stimulierende &amp; ausgleichende Milch\"}]},{\"@type\":\"WebSite\",\"@id\":\"https:\\\/\\\/biomaxi.ch\\\/#website\",\"url\":\"https:\\\/\\\/biomaxi.ch\\\/\",\"name\":\"Biomaxi\",\"description\":\"Compl\u00e9ments alimentaires bio d&#039;origine suisse bio et naturels\",\"publisher\":{\"@id\":\"https:\\\/\\\/biomaxi.ch\\\/#organization\"},\"potentialAction\":[{\"@type\":\"SearchAction\",\"target\":{\"@type\":\"EntryPoint\",\"urlTemplate\":\"https:\\\/\\\/biomaxi.ch\\\/?s={search_term_string}\"},\"query-input\":{\"@type\":\"PropertyValueSpecification\",\"valueRequired\":true,\"valueName\":\"search_term_string\"}}],\"inLanguage\":\"de\"},{\"@type\":\"Organization\",\"@id\":\"https:\\\/\\\/biomaxi.ch\\\/#organization\",\"name\":\"Biomaxi\",\"url\":\"https:\\\/\\\/biomaxi.ch\\\/\",\"logo\":{\"@type\":\"ImageObject\",\"inLanguage\":\"de\",\"@id\":\"https:\\\/\\\/biomaxi.ch\\\/#\\\/schema\\\/logo\\\/image\\\/\",\"url\":\"https:\\\/\\\/biomaxi.ch\\\/wp-content\\\/uploads\\\/2024\\\/05\\\/LogoBiomaxiSite-1014x1024-1.jpg\",\"contentUrl\":\"https:\\\/\\\/biomaxi.ch\\\/wp-content\\\/uploads\\\/2024\\\/05\\\/LogoBiomaxiSite-1014x1024-1.jpg\",\"width\":1014,\"height\":1024,\"caption\":\"Biomaxi\"},\"image\":{\"@id\":\"https:\\\/\\\/biomaxi.ch\\\/#\\\/schema\\\/logo\\\/image\\\/\"},\"sameAs\":[\"https:\\\/\\\/www.facebook.com\\\/biomaxisuisse\\\/\",\"https:\\\/\\\/www.instagram.com\\\/phytinov\\\/\"]}]}<\/script>\n<!-- \/ Yoast SEO plugin. -->","yoast_head_json":{"title":"Ausgleichende stimulierende Milch- Flora d'Essarts - Biomaxi offizieller H\u00e4ndler in der Schweiz von Phyt-Inov\u00ae offiziell - Biologische Haut- und Gesichtspflegecreme - erfrischend und beruhigend - devitalisierte Haut - 200 ml 100% nat\u00fcrlich und ultrabiologisch | Phyt-inov.com","description":"Biomaxi ist offizieller H\u00e4ndler in der Schweiz von Phyt-Inov International\u00ae Official, dem f\u00fchrenden Schweizer Labor f\u00fcr nat\u00fcrliche und biologische Pflege und Kosmetik f\u00fcr die Gesundheit und Sch\u00f6nheit der Haut, und bietet die Flora d'Essarts Ausgleichende stimulierende Milch (200 ml ohne Konservierungsstoffe und PEG) an. Dieses Milchserum revitalisiert die Epidermis und verleiht der Haut wieder Frische und Samtheit. Die Haut aller Altersgruppen, selbst die empfindlichste und zarteste Haut wie die von Babys und Kleinkindern, ist eine h\u00e4ufige Anwendung dieses Produkts. Es wird auch nach Sonnenbestrahlung empfohlen.","robots":{"index":"index","follow":"follow","max-snippet":"max-snippet:-1","max-image-preview":"max-image-preview:large","max-video-preview":"max-video-preview:-1"},"canonical":"https:\/\/biomaxi.ch\/de\/produit\/stimulierende-ausgleichende-milch\/","og_locale":"de_DE","og_type":"article","og_title":"Ausgleichende stimulierende Milch- Flora d'Essarts - Biomaxi offizieller H\u00e4ndler in der Schweiz von Phyt-Inov\u00ae offiziell - Biologische Haut- und Gesichtspflegecreme - erfrischend und beruhigend - devitalisierte Haut - 200 ml 100% nat\u00fcrlich und ultrabiologisch | Phyt-inov.com","og_description":"Biomaxi ist offizieller H\u00e4ndler in der Schweiz von Phyt-Inov International\u00ae Official, dem f\u00fchrenden Schweizer Labor f\u00fcr nat\u00fcrliche und biologische Pflege und Kosmetik f\u00fcr die Gesundheit und Sch\u00f6nheit der Haut, und bietet die Flora d'Essarts Ausgleichende stimulierende Milch (200 ml ohne Konservierungsstoffe und PEG) an. Dieses Milchserum revitalisiert die Epidermis und verleiht der Haut wieder Frische und Samtheit. Die Haut aller Altersgruppen, selbst die empfindlichste und zarteste Haut wie die von Babys und Kleinkindern, ist eine h\u00e4ufige Anwendung dieses Produkts. Es wird auch nach Sonnenbestrahlung empfohlen.","og_url":"https:\/\/biomaxi.ch\/de\/produit\/stimulierende-ausgleichende-milch\/","og_site_name":"Biomaxi","article_publisher":"https:\/\/www.facebook.com\/biomaxisuisse\/","og_image":[{"width":1120,"height":1480,"url":"https:\/\/biomaxi.ch\/wp-content\/uploads\/2023\/07\/Lait-200-ml-11.2018-light-Biomaxi-9-1.jpg","type":"image\/jpeg"}],"twitter_card":"summary_large_image","twitter_misc":{"Gesch\u00e4tzte Lesezeit":"1\u00a0Minute"},"schema":{"@context":"https:\/\/schema.org","@graph":[{"@type":"WebPage","@id":"https:\/\/biomaxi.ch\/de\/produit\/stimulierende-ausgleichende-milch\/","url":"https:\/\/biomaxi.ch\/de\/produit\/stimulierende-ausgleichende-milch\/","name":"Ausgleichende stimulierende Milch- Flora d'Essarts - Biomaxi offizieller H\u00e4ndler in der Schweiz von Phyt-Inov\u00ae offiziell - Biologische Haut- und Gesichtspflegecreme - erfrischend und beruhigend - devitalisierte Haut - 200 ml 100% nat\u00fcrlich und ultrabiologisch | Phyt-inov.com","isPartOf":{"@id":"https:\/\/biomaxi.ch\/#website"},"primaryImageOfPage":{"@id":"https:\/\/biomaxi.ch\/de\/produit\/stimulierende-ausgleichende-milch\/#primaryimage"},"image":{"@id":"https:\/\/biomaxi.ch\/de\/produit\/stimulierende-ausgleichende-milch\/#primaryimage"},"thumbnailUrl":"https:\/\/biomaxi.ch\/wp-content\/uploads\/2023\/07\/Lait-200-ml-11.2018-light-Biomaxi-9-1.jpg","datePublished":"2017-07-17T11:10:43+00:00","description":"Biomaxi ist offizieller H\u00e4ndler in der Schweiz von Phyt-Inov International\u00ae Official, dem f\u00fchrenden Schweizer Labor f\u00fcr nat\u00fcrliche und biologische Pflege und Kosmetik f\u00fcr die Gesundheit und Sch\u00f6nheit der Haut, und bietet die Flora d'Essarts Ausgleichende stimulierende Milch (200 ml ohne Konservierungsstoffe und PEG) an. Dieses Milchserum revitalisiert die Epidermis und verleiht der Haut wieder Frische und Samtheit. Die Haut aller Altersgruppen, selbst die empfindlichste und zarteste Haut wie die von Babys und Kleinkindern, ist eine h\u00e4ufige Anwendung dieses Produkts. Es wird auch nach Sonnenbestrahlung empfohlen.","breadcrumb":{"@id":"https:\/\/biomaxi.ch\/de\/produit\/stimulierende-ausgleichende-milch\/#breadcrumb"},"inLanguage":"de","potentialAction":[{"@type":"ReadAction","target":["https:\/\/biomaxi.ch\/de\/produit\/stimulierende-ausgleichende-milch\/"]}]},{"@type":"ImageObject","inLanguage":"de","@id":"https:\/\/biomaxi.ch\/de\/produit\/stimulierende-ausgleichende-milch\/#primaryimage","url":"https:\/\/biomaxi.ch\/wp-content\/uploads\/2023\/07\/Lait-200-ml-11.2018-light-Biomaxi-9-1.jpg","contentUrl":"https:\/\/biomaxi.ch\/wp-content\/uploads\/2023\/07\/Lait-200-ml-11.2018-light-Biomaxi-9-1.jpg","width":1120,"height":1480},{"@type":"BreadcrumbList","@id":"https:\/\/biomaxi.ch\/de\/produit\/stimulierende-ausgleichende-milch\/#breadcrumb","itemListElement":[{"@type":"ListItem","position":1,"name":"Accueil","item":"https:\/\/biomaxi.ch\/de\/"},{"@type":"ListItem","position":2,"name":"Produits","item":"https:\/\/biomaxi.ch\/produits\/"},{"@type":"ListItem","position":3,"name":"Stimulierende &amp; ausgleichende Milch"}]},{"@type":"WebSite","@id":"https:\/\/biomaxi.ch\/#website","url":"https:\/\/biomaxi.ch\/","name":"Biomaxi","description":"Compl\u00e9ments alimentaires bio d&#039;origine suisse bio et naturels","publisher":{"@id":"https:\/\/biomaxi.ch\/#organization"},"potentialAction":[{"@type":"SearchAction","target":{"@type":"EntryPoint","urlTemplate":"https:\/\/biomaxi.ch\/?s={search_term_string}"},"query-input":{"@type":"PropertyValueSpecification","valueRequired":true,"valueName":"search_term_string"}}],"inLanguage":"de"},{"@type":"Organization","@id":"https:\/\/biomaxi.ch\/#organization","name":"Biomaxi","url":"https:\/\/biomaxi.ch\/","logo":{"@type":"ImageObject","inLanguage":"de","@id":"https:\/\/biomaxi.ch\/#\/schema\/logo\/image\/","url":"https:\/\/biomaxi.ch\/wp-content\/uploads\/2024\/05\/LogoBiomaxiSite-1014x1024-1.jpg","contentUrl":"https:\/\/biomaxi.ch\/wp-content\/uploads\/2024\/05\/LogoBiomaxiSite-1014x1024-1.jpg","width":1014,"height":1024,"caption":"Biomaxi"},"image":{"@id":"https:\/\/biomaxi.ch\/#\/schema\/logo\/image\/"},"sameAs":["https:\/\/www.facebook.com\/biomaxisuisse\/","https:\/\/www.instagram.com\/phytinov\/"]}]}},"_links":{"self":[{"href":"https:\/\/biomaxi.ch\/de\/wp-json\/wp\/v2\/product\/30957","targetHints":{"allow":["GET"]}}],"collection":[{"href":"https:\/\/biomaxi.ch\/de\/wp-json\/wp\/v2\/product"}],"about":[{"href":"https:\/\/biomaxi.ch\/de\/wp-json\/wp\/v2\/types\/product"}],"replies":[{"embeddable":true,"href":"https:\/\/biomaxi.ch\/de\/wp-json\/wp\/v2\/comments?post=30957"}],"wp:featuredmedia":[{"embeddable":true,"href":"https:\/\/biomaxi.ch\/de\/wp-json\/wp\/v2\/media\/29940"}],"wp:attachment":[{"href":"https:\/\/biomaxi.ch\/de\/wp-json\/wp\/v2\/media?parent=30957"}],"wp:term":[{"taxonomy":"product_brand","embeddable":true,"href":"https:\/\/biomaxi.ch\/de\/wp-json\/wp\/v2\/product_brand?post=30957"},{"taxonomy":"product_cat","embeddable":true,"href":"https:\/\/biomaxi.ch\/de\/wp-json\/wp\/v2\/product_cat?post=30957"},{"taxonomy":"product_tag","embeddable":true,"href":"https:\/\/biomaxi.ch\/de\/wp-json\/wp\/v2\/product_tag?post=30957"}],"curies":[{"name":"wp","href":"https:\/\/api.w.org\/{rel}","templated":true}]}}