{"id":30955,"date":"2015-12-04T05:10:04","date_gmt":"2015-12-04T04:10:04","guid":{"rendered":"https:\/\/biomaxi.ch\/produit\/sanftes-peeling-fur-gesicht-und-korper\/"},"modified":"2015-12-04T05:10:04","modified_gmt":"2015-12-04T04:10:04","slug":"sanftes-peeling-fur-gesicht-und-korper","status":"publish","type":"product","link":"https:\/\/biomaxi.ch\/de\/produit\/sanftes-peeling-fur-gesicht-und-korper\/","title":{"rendered":"Sanftes Peeling f\u00fcr Gesicht und K\u00f6rper"},"content":{"rendered":"<p>Tube zu 100 ml.<br \/>\nKeine Konservierungsstoffe.<br \/>\n<b>100%<\/b> der gesamten Inhaltsstoffe sind nat\u00fcrlichen Ursprungs.<br \/>\n<b>92%<\/b> der gesamten Inhaltsstoffe sind aus biologischem Anbau.<\/p>\n<p><strong>Zutaten :<\/strong>  Betula Alba Juice*, Glycerin, Olea Europaea, Fruit Oil*, Sesamum Indicum Seed Oil*, Alcohol*, Simmondsia Chinensis Seed Oil*, Cetearyl Alcohol, Butyrospermum Parkii Butter*, Euterpe Oleracea Pulp Powder*, Glyceryl Stearate, Macadamia Integrifolia Seed Oil*, Prunus Armeniaca Seed Powder*, Helianthus Annuus Seed Oil*, Copernicia Cerifera Wax*, Pentaclethra Macroloba Seed Oil*, Cetearyl Glucoside, Levulinic Acid, Persea Gratissima Oil*, Spiraea Ulmaria Flower Extract*, Aqua, Xanthan Gum, Sodium Levulinate, Sesamum Indicum Oil Unsaponifiables*, Glyceryl Caprylate, Citrus Sinensis Peel Oil Expressed*, Cymbopogon Martini Herb Oil*, Pelargonium Graveolens Oil*, Rosmarinus Officinalis Leaf Extract*, Salvia Sclarea Flower Oil*, Calendula Officinalis Flower Extract*, Hypericum Perforatum Flower Extract*, Natrium Usnat, Daucus Carota Sativa Seed Oil, Fusanus Spicatus Wood Oil*, Lavandula Latifolia Herb Oil*, Rosmarinus Officinalis Leaf Oil*, Cetraria Islandica Extract, Tocopherol, Citric Acid, Sodium Citrate, Limonene, Geraniol, Linalool, Citronellol.<br \/>\n<em>*Zutaten aus biologischem Anbau.<\/em><\/p>\n<p>&nbsp;<\/p>\n","protected":false},"excerpt":{"rendered":"<p><b>Sanft und wirksam<\/b><\/p>\n<p>Flora d&#8217;Essarts w\u00e4hlte A\u00e7ai in Verbindung mit Aprikose und 54% Bio-Birkensaft f\u00fcr ein sanftes, aber wirksames Peeling f\u00fcr die empfindlichste und zarteste Haut im Gesicht und am K\u00f6rper.<\/p>\n<p> Gesicht: Auf der abgeschminkten Haut eine kleine Menge Peeling auf das gesamte Gesicht und den Hals auftragen, dann in kreisenden Bewegungen aufemulgieren, absp\u00fclen und trocknen.<\/p>\n<p>Tragen Sie anschlie\u00dfend ein Cremeserum oder die Maske auf.<\/p>\n<p><b>K\u00f6rper<\/b>: Tragen Sie das Peeling auf trockener Haut in kreisenden Bewegungen auf den ganzen K\u00f6rper auf, sp\u00fclen Sie es ab und trocknen Sie es. Tragen Sie anschlie\u00dfend die stimulierende K\u00f6rpermilch oder das Floraserum auf.<\/p>\n","protected":false},"featured_media":29954,"comment_status":"open","ping_status":"closed","template":"","meta":{"_et_pb_use_builder":"","_et_pb_old_content":"","_et_gb_content_width":""},"product_brand":[],"product_cat":[254,227],"product_tag":[265,267,250,264,266,233,268],"class_list":{"0":"post-30955","1":"product","2":"type-product","3":"status-publish","4":"has-post-thumbnail","6":"product_cat-flora-dessart-de","7":"product_cat-schoenheit-hautpflege","8":"product_tag-biomaxi-de","9":"product_tag-gesicht","10":"product_tag-haut","11":"product_tag-korper","12":"product_tag-peeling","13":"product_tag-pflege","14":"product_tag-sus","16":"first","17":"instock","18":"shipping-taxable","19":"purchasable","20":"product-type-simple"},"yoast_head":"<!-- This site is optimized with the Yoast SEO plugin v27.3 - https:\/\/yoast.com\/product\/yoast-seo-wordpress\/ -->\n<title>Gesichts- und K\u00f6rperpeeling - Flora d&#039;Essarts - Biomaxi offizieller H\u00e4ndler in der Schweiz von Phyt-Inov\u00ae offiziell - biologisches Peeling f\u00fcr die Haut- und Gesichtspflege - sanft und wirksam - 100 ml 100% nat\u00fcrlich und ultrabiologisch | Biomaxi.ch<\/title>\n<meta name=\"description\" content=\"Biomaxi ist offizieller Schweizer Vertriebspartner von Phyt-Inov international\u00ae, dem f\u00fchrenden Schweizer Labor f\u00fcr nat\u00fcrliche und biologische Pflege und Kosmetik f\u00fcr die Gesundheit und Sch\u00f6nheit der Haut, und bietet das Flora d&#039;Essarts Gesichts- und K\u00f6rperpeeling (100 ml ohne Konservierungsstoffe und PEG) an. Sanftes, aber wirksames Peeling f\u00fcr die empfindlichste und zarteste Haut von Gesicht und K\u00f6rper. Hervorragender Hautvorbereiter.\" \/>\n<meta name=\"robots\" content=\"index, follow, max-snippet:-1, max-image-preview:large, max-video-preview:-1\" \/>\n<link rel=\"canonical\" href=\"https:\/\/biomaxi.ch\/de\/produit\/sanftes-peeling-fur-gesicht-und-korper\/\" \/>\n<meta property=\"og:locale\" content=\"de_DE\" \/>\n<meta property=\"og:type\" content=\"article\" \/>\n<meta property=\"og:title\" content=\"Gesichts- und K\u00f6rperpeeling - Flora d&#039;Essarts - Biomaxi offizieller H\u00e4ndler in der Schweiz von Phyt-Inov\u00ae offiziell - biologisches Peeling f\u00fcr die Haut- und Gesichtspflege - sanft und wirksam - 100 ml 100% nat\u00fcrlich und ultrabiologisch | Biomaxi.ch\" \/>\n<meta property=\"og:description\" content=\"Biomaxi ist offizieller Schweizer Vertriebspartner von Phyt-Inov international\u00ae, dem f\u00fchrenden Schweizer Labor f\u00fcr nat\u00fcrliche und biologische Pflege und Kosmetik f\u00fcr die Gesundheit und Sch\u00f6nheit der Haut, und bietet das Flora d&#039;Essarts Gesichts- und K\u00f6rperpeeling (100 ml ohne Konservierungsstoffe und PEG) an. Sanftes, aber wirksames Peeling f\u00fcr die empfindlichste und zarteste Haut von Gesicht und K\u00f6rper. Hervorragender Hautvorbereiter.\" \/>\n<meta property=\"og:url\" content=\"https:\/\/biomaxi.ch\/de\/produit\/sanftes-peeling-fur-gesicht-und-korper\/\" \/>\n<meta property=\"og:site_name\" content=\"Biomaxi\" \/>\n<meta property=\"article:publisher\" content=\"https:\/\/www.facebook.com\/biomaxisuisse\/\" \/>\n<meta property=\"og:image\" content=\"https:\/\/biomaxi.ch\/wp-content\/uploads\/2023\/07\/Gommage-05.2019-light-Biomaxi-1.jpg\" \/>\n\t<meta property=\"og:image:width\" content=\"1716\" \/>\n\t<meta property=\"og:image:height\" content=\"1772\" \/>\n\t<meta property=\"og:image:type\" content=\"image\/jpeg\" \/>\n<meta name=\"twitter:card\" content=\"summary_large_image\" \/>\n<meta name=\"twitter:label1\" content=\"Gesch\u00e4tzte Lesezeit\" \/>\n\t<meta name=\"twitter:data1\" content=\"1\u00a0Minute\" \/>\n<script type=\"application\/ld+json\" class=\"yoast-schema-graph\">{\"@context\":\"https:\\\/\\\/schema.org\",\"@graph\":[{\"@type\":\"WebPage\",\"@id\":\"https:\\\/\\\/biomaxi.ch\\\/de\\\/produit\\\/sanftes-peeling-fur-gesicht-und-korper\\\/\",\"url\":\"https:\\\/\\\/biomaxi.ch\\\/de\\\/produit\\\/sanftes-peeling-fur-gesicht-und-korper\\\/\",\"name\":\"Gesichts- und K\u00f6rperpeeling - Flora d'Essarts - Biomaxi offizieller H\u00e4ndler in der Schweiz von Phyt-Inov\u00ae offiziell - biologisches Peeling f\u00fcr die Haut- und Gesichtspflege - sanft und wirksam - 100 ml 100% nat\u00fcrlich und ultrabiologisch | Biomaxi.ch\",\"isPartOf\":{\"@id\":\"https:\\\/\\\/biomaxi.ch\\\/#website\"},\"primaryImageOfPage\":{\"@id\":\"https:\\\/\\\/biomaxi.ch\\\/de\\\/produit\\\/sanftes-peeling-fur-gesicht-und-korper\\\/#primaryimage\"},\"image\":{\"@id\":\"https:\\\/\\\/biomaxi.ch\\\/de\\\/produit\\\/sanftes-peeling-fur-gesicht-und-korper\\\/#primaryimage\"},\"thumbnailUrl\":\"https:\\\/\\\/biomaxi.ch\\\/wp-content\\\/uploads\\\/2023\\\/07\\\/Gommage-05.2019-light-Biomaxi-1.jpg\",\"datePublished\":\"2015-12-04T04:10:04+00:00\",\"description\":\"Biomaxi ist offizieller Schweizer Vertriebspartner von Phyt-Inov international\u00ae, dem f\u00fchrenden Schweizer Labor f\u00fcr nat\u00fcrliche und biologische Pflege und Kosmetik f\u00fcr die Gesundheit und Sch\u00f6nheit der Haut, und bietet das Flora d'Essarts Gesichts- und K\u00f6rperpeeling (100 ml ohne Konservierungsstoffe und PEG) an. Sanftes, aber wirksames Peeling f\u00fcr die empfindlichste und zarteste Haut von Gesicht und K\u00f6rper. Hervorragender Hautvorbereiter.\",\"breadcrumb\":{\"@id\":\"https:\\\/\\\/biomaxi.ch\\\/de\\\/produit\\\/sanftes-peeling-fur-gesicht-und-korper\\\/#breadcrumb\"},\"inLanguage\":\"de\",\"potentialAction\":[{\"@type\":\"ReadAction\",\"target\":[\"https:\\\/\\\/biomaxi.ch\\\/de\\\/produit\\\/sanftes-peeling-fur-gesicht-und-korper\\\/\"]}]},{\"@type\":\"ImageObject\",\"inLanguage\":\"de\",\"@id\":\"https:\\\/\\\/biomaxi.ch\\\/de\\\/produit\\\/sanftes-peeling-fur-gesicht-und-korper\\\/#primaryimage\",\"url\":\"https:\\\/\\\/biomaxi.ch\\\/wp-content\\\/uploads\\\/2023\\\/07\\\/Gommage-05.2019-light-Biomaxi-1.jpg\",\"contentUrl\":\"https:\\\/\\\/biomaxi.ch\\\/wp-content\\\/uploads\\\/2023\\\/07\\\/Gommage-05.2019-light-Biomaxi-1.jpg\",\"width\":1716,\"height\":1772},{\"@type\":\"BreadcrumbList\",\"@id\":\"https:\\\/\\\/biomaxi.ch\\\/de\\\/produit\\\/sanftes-peeling-fur-gesicht-und-korper\\\/#breadcrumb\",\"itemListElement\":[{\"@type\":\"ListItem\",\"position\":1,\"name\":\"Accueil\",\"item\":\"https:\\\/\\\/biomaxi.ch\\\/de\\\/\"},{\"@type\":\"ListItem\",\"position\":2,\"name\":\"Produits\",\"item\":\"https:\\\/\\\/biomaxi.ch\\\/produits\\\/\"},{\"@type\":\"ListItem\",\"position\":3,\"name\":\"Sanftes Peeling f\u00fcr Gesicht und K\u00f6rper\"}]},{\"@type\":\"WebSite\",\"@id\":\"https:\\\/\\\/biomaxi.ch\\\/#website\",\"url\":\"https:\\\/\\\/biomaxi.ch\\\/\",\"name\":\"Biomaxi\",\"description\":\"Compl\u00e9ments alimentaires bio d&#039;origine suisse bio et naturels\",\"publisher\":{\"@id\":\"https:\\\/\\\/biomaxi.ch\\\/#organization\"},\"potentialAction\":[{\"@type\":\"SearchAction\",\"target\":{\"@type\":\"EntryPoint\",\"urlTemplate\":\"https:\\\/\\\/biomaxi.ch\\\/?s={search_term_string}\"},\"query-input\":{\"@type\":\"PropertyValueSpecification\",\"valueRequired\":true,\"valueName\":\"search_term_string\"}}],\"inLanguage\":\"de\"},{\"@type\":\"Organization\",\"@id\":\"https:\\\/\\\/biomaxi.ch\\\/#organization\",\"name\":\"Biomaxi\",\"url\":\"https:\\\/\\\/biomaxi.ch\\\/\",\"logo\":{\"@type\":\"ImageObject\",\"inLanguage\":\"de\",\"@id\":\"https:\\\/\\\/biomaxi.ch\\\/#\\\/schema\\\/logo\\\/image\\\/\",\"url\":\"https:\\\/\\\/biomaxi.ch\\\/wp-content\\\/uploads\\\/2024\\\/05\\\/LogoBiomaxiSite-1014x1024-1.jpg\",\"contentUrl\":\"https:\\\/\\\/biomaxi.ch\\\/wp-content\\\/uploads\\\/2024\\\/05\\\/LogoBiomaxiSite-1014x1024-1.jpg\",\"width\":1014,\"height\":1024,\"caption\":\"Biomaxi\"},\"image\":{\"@id\":\"https:\\\/\\\/biomaxi.ch\\\/#\\\/schema\\\/logo\\\/image\\\/\"},\"sameAs\":[\"https:\\\/\\\/www.facebook.com\\\/biomaxisuisse\\\/\",\"https:\\\/\\\/www.instagram.com\\\/phytinov\\\/\"]}]}<\/script>\n<!-- \/ Yoast SEO plugin. -->","yoast_head_json":{"title":"Gesichts- und K\u00f6rperpeeling - Flora d'Essarts - Biomaxi offizieller H\u00e4ndler in der Schweiz von Phyt-Inov\u00ae offiziell - biologisches Peeling f\u00fcr die Haut- und Gesichtspflege - sanft und wirksam - 100 ml 100% nat\u00fcrlich und ultrabiologisch | Biomaxi.ch","description":"Biomaxi ist offizieller Schweizer Vertriebspartner von Phyt-Inov international\u00ae, dem f\u00fchrenden Schweizer Labor f\u00fcr nat\u00fcrliche und biologische Pflege und Kosmetik f\u00fcr die Gesundheit und Sch\u00f6nheit der Haut, und bietet das Flora d'Essarts Gesichts- und K\u00f6rperpeeling (100 ml ohne Konservierungsstoffe und PEG) an. Sanftes, aber wirksames Peeling f\u00fcr die empfindlichste und zarteste Haut von Gesicht und K\u00f6rper. Hervorragender Hautvorbereiter.","robots":{"index":"index","follow":"follow","max-snippet":"max-snippet:-1","max-image-preview":"max-image-preview:large","max-video-preview":"max-video-preview:-1"},"canonical":"https:\/\/biomaxi.ch\/de\/produit\/sanftes-peeling-fur-gesicht-und-korper\/","og_locale":"de_DE","og_type":"article","og_title":"Gesichts- und K\u00f6rperpeeling - Flora d'Essarts - Biomaxi offizieller H\u00e4ndler in der Schweiz von Phyt-Inov\u00ae offiziell - biologisches Peeling f\u00fcr die Haut- und Gesichtspflege - sanft und wirksam - 100 ml 100% nat\u00fcrlich und ultrabiologisch | Biomaxi.ch","og_description":"Biomaxi ist offizieller Schweizer Vertriebspartner von Phyt-Inov international\u00ae, dem f\u00fchrenden Schweizer Labor f\u00fcr nat\u00fcrliche und biologische Pflege und Kosmetik f\u00fcr die Gesundheit und Sch\u00f6nheit der Haut, und bietet das Flora d'Essarts Gesichts- und K\u00f6rperpeeling (100 ml ohne Konservierungsstoffe und PEG) an. Sanftes, aber wirksames Peeling f\u00fcr die empfindlichste und zarteste Haut von Gesicht und K\u00f6rper. Hervorragender Hautvorbereiter.","og_url":"https:\/\/biomaxi.ch\/de\/produit\/sanftes-peeling-fur-gesicht-und-korper\/","og_site_name":"Biomaxi","article_publisher":"https:\/\/www.facebook.com\/biomaxisuisse\/","og_image":[{"width":1716,"height":1772,"url":"https:\/\/biomaxi.ch\/wp-content\/uploads\/2023\/07\/Gommage-05.2019-light-Biomaxi-1.jpg","type":"image\/jpeg"}],"twitter_card":"summary_large_image","twitter_misc":{"Gesch\u00e4tzte Lesezeit":"1\u00a0Minute"},"schema":{"@context":"https:\/\/schema.org","@graph":[{"@type":"WebPage","@id":"https:\/\/biomaxi.ch\/de\/produit\/sanftes-peeling-fur-gesicht-und-korper\/","url":"https:\/\/biomaxi.ch\/de\/produit\/sanftes-peeling-fur-gesicht-und-korper\/","name":"Gesichts- und K\u00f6rperpeeling - Flora d'Essarts - Biomaxi offizieller H\u00e4ndler in der Schweiz von Phyt-Inov\u00ae offiziell - biologisches Peeling f\u00fcr die Haut- und Gesichtspflege - sanft und wirksam - 100 ml 100% nat\u00fcrlich und ultrabiologisch | Biomaxi.ch","isPartOf":{"@id":"https:\/\/biomaxi.ch\/#website"},"primaryImageOfPage":{"@id":"https:\/\/biomaxi.ch\/de\/produit\/sanftes-peeling-fur-gesicht-und-korper\/#primaryimage"},"image":{"@id":"https:\/\/biomaxi.ch\/de\/produit\/sanftes-peeling-fur-gesicht-und-korper\/#primaryimage"},"thumbnailUrl":"https:\/\/biomaxi.ch\/wp-content\/uploads\/2023\/07\/Gommage-05.2019-light-Biomaxi-1.jpg","datePublished":"2015-12-04T04:10:04+00:00","description":"Biomaxi ist offizieller Schweizer Vertriebspartner von Phyt-Inov international\u00ae, dem f\u00fchrenden Schweizer Labor f\u00fcr nat\u00fcrliche und biologische Pflege und Kosmetik f\u00fcr die Gesundheit und Sch\u00f6nheit der Haut, und bietet das Flora d'Essarts Gesichts- und K\u00f6rperpeeling (100 ml ohne Konservierungsstoffe und PEG) an. Sanftes, aber wirksames Peeling f\u00fcr die empfindlichste und zarteste Haut von Gesicht und K\u00f6rper. Hervorragender Hautvorbereiter.","breadcrumb":{"@id":"https:\/\/biomaxi.ch\/de\/produit\/sanftes-peeling-fur-gesicht-und-korper\/#breadcrumb"},"inLanguage":"de","potentialAction":[{"@type":"ReadAction","target":["https:\/\/biomaxi.ch\/de\/produit\/sanftes-peeling-fur-gesicht-und-korper\/"]}]},{"@type":"ImageObject","inLanguage":"de","@id":"https:\/\/biomaxi.ch\/de\/produit\/sanftes-peeling-fur-gesicht-und-korper\/#primaryimage","url":"https:\/\/biomaxi.ch\/wp-content\/uploads\/2023\/07\/Gommage-05.2019-light-Biomaxi-1.jpg","contentUrl":"https:\/\/biomaxi.ch\/wp-content\/uploads\/2023\/07\/Gommage-05.2019-light-Biomaxi-1.jpg","width":1716,"height":1772},{"@type":"BreadcrumbList","@id":"https:\/\/biomaxi.ch\/de\/produit\/sanftes-peeling-fur-gesicht-und-korper\/#breadcrumb","itemListElement":[{"@type":"ListItem","position":1,"name":"Accueil","item":"https:\/\/biomaxi.ch\/de\/"},{"@type":"ListItem","position":2,"name":"Produits","item":"https:\/\/biomaxi.ch\/produits\/"},{"@type":"ListItem","position":3,"name":"Sanftes Peeling f\u00fcr Gesicht und K\u00f6rper"}]},{"@type":"WebSite","@id":"https:\/\/biomaxi.ch\/#website","url":"https:\/\/biomaxi.ch\/","name":"Biomaxi","description":"Compl\u00e9ments alimentaires bio d&#039;origine suisse bio et naturels","publisher":{"@id":"https:\/\/biomaxi.ch\/#organization"},"potentialAction":[{"@type":"SearchAction","target":{"@type":"EntryPoint","urlTemplate":"https:\/\/biomaxi.ch\/?s={search_term_string}"},"query-input":{"@type":"PropertyValueSpecification","valueRequired":true,"valueName":"search_term_string"}}],"inLanguage":"de"},{"@type":"Organization","@id":"https:\/\/biomaxi.ch\/#organization","name":"Biomaxi","url":"https:\/\/biomaxi.ch\/","logo":{"@type":"ImageObject","inLanguage":"de","@id":"https:\/\/biomaxi.ch\/#\/schema\/logo\/image\/","url":"https:\/\/biomaxi.ch\/wp-content\/uploads\/2024\/05\/LogoBiomaxiSite-1014x1024-1.jpg","contentUrl":"https:\/\/biomaxi.ch\/wp-content\/uploads\/2024\/05\/LogoBiomaxiSite-1014x1024-1.jpg","width":1014,"height":1024,"caption":"Biomaxi"},"image":{"@id":"https:\/\/biomaxi.ch\/#\/schema\/logo\/image\/"},"sameAs":["https:\/\/www.facebook.com\/biomaxisuisse\/","https:\/\/www.instagram.com\/phytinov\/"]}]}},"_links":{"self":[{"href":"https:\/\/biomaxi.ch\/de\/wp-json\/wp\/v2\/product\/30955","targetHints":{"allow":["GET"]}}],"collection":[{"href":"https:\/\/biomaxi.ch\/de\/wp-json\/wp\/v2\/product"}],"about":[{"href":"https:\/\/biomaxi.ch\/de\/wp-json\/wp\/v2\/types\/product"}],"replies":[{"embeddable":true,"href":"https:\/\/biomaxi.ch\/de\/wp-json\/wp\/v2\/comments?post=30955"}],"wp:featuredmedia":[{"embeddable":true,"href":"https:\/\/biomaxi.ch\/de\/wp-json\/wp\/v2\/media\/29954"}],"wp:attachment":[{"href":"https:\/\/biomaxi.ch\/de\/wp-json\/wp\/v2\/media?parent=30955"}],"wp:term":[{"taxonomy":"product_brand","embeddable":true,"href":"https:\/\/biomaxi.ch\/de\/wp-json\/wp\/v2\/product_brand?post=30955"},{"taxonomy":"product_cat","embeddable":true,"href":"https:\/\/biomaxi.ch\/de\/wp-json\/wp\/v2\/product_cat?post=30955"},{"taxonomy":"product_tag","embeddable":true,"href":"https:\/\/biomaxi.ch\/de\/wp-json\/wp\/v2\/product_tag?post=30955"}],"curies":[{"name":"wp","href":"https:\/\/api.w.org\/{rel}","templated":true}]}}