{"id":30953,"date":"2015-12-04T05:10:09","date_gmt":"2015-12-04T04:10:09","guid":{"rendered":"https:\/\/biomaxi.ch\/produit\/floraserum-korper\/"},"modified":"2015-12-04T05:10:09","modified_gmt":"2015-12-04T04:10:09","slug":"floraserum-korper","status":"publish","type":"product","link":"https:\/\/biomaxi.ch\/de\/produit\/floraserum-korper\/","title":{"rendered":"Floraserum K\u00f6rper"},"content":{"rendered":"<p>Airless-Flasche mit 100 ml.<br \/>\nKeine Konservierungsstoffe.<br \/>\n<b>100%<\/b> der gesamten Inhaltsstoffe sind nat\u00fcrlichen Ursprungs.<br \/>\n<b>100%<\/b> der gesamten Inhaltsstoffe sind aus biologischem Anbau.<\/p>\n<p><b>Zutaten:<\/b> Simmondsia Chinensis Seed Oil*, Macadamia Integrifolia Seed Oil*, Prunus Amygdalus Dulcis Oil*, Prunus Armeniaca Kernel Oil*, Olea Europaea Fruit Oil*, Perilla Ocymoides Seed Oil*, Sesamum Indicum Oil Unsaponifiables*, Citrus Sinensis Peel Oil Expressed*, Cymbopogon Martini Herb Oil*, Pelargonium Graveolens Oil*, Salvia Sclarea Oil*, Daucus Carota Sativa Seed Oil*, Fusanus Spicatus Wood Oil*, Lavandula Latifolia Herb Oil*, Rosmarinus Officinalis Leaf Extract*, Rosmarinus Officinalis Leaf Oil*, Limonene, Geraniol, Linalool, Citronellol, Citral, Farnesol.<br \/>\n* <i>Zutaten aus biologischer Landwirtschaft.<\/i><\/p>\n","protected":false},"excerpt":{"rendered":"<p>Ein Komplex aus Trocken\u00f6len mit tonisierenden, drainierenden und feuchtigkeitsspendenden Eigenschaften, die speziell f\u00fcr den gesamten K\u00f6rper ausgew\u00e4hlt wurden. Eine regelm\u00e4\u00dfige Anwendung dieser Pflege verfeinert die Hautstruktur und verleiht ihr eine unvergleichliche Samtigkeit.<\/p>\n<p>Diese rein pflanzliche K\u00f6rperpflege ist ein wesentlicher Bestandteil der Linie <b>Flora d&#8217;Essarts<\/b>, da sie eine speziell entwickelte Zusammensetzung aufweist, die Komfort und Wohlbefinden f\u00fcr belebte Tage und Zen-N\u00e4chte bietet.<\/p>\n<p>Ihre Epidermis ist regeneriert, beruhigt und gegl\u00e4ttet.<\/p>\n<p>Morgens und abends auf den ganzen K\u00f6rper auftragen: auf die Beine von den F\u00fc\u00dfen bis zu den H\u00fcften und wieder zur\u00fcck massieren, ebenso auf die Arme und die Brust; die verstopften Stellen mit kreisenden Bewegungen betonen, Bauch, H\u00fcften usw.<\/p>\n<p><b>Enth\u00e4lt mehr als 15 Pflanzen, darunter:<\/b><br \/>\nJojoba\u00f6l: feuchtigkeitsspendend und elastisch.<br \/>\nS\u00fc\u00dfmandel\u00f6l: Dehnungsstreifen, Elastizit\u00e4t.<br \/>\nMacadamia\u00f6l: feuchtigkeitsspendend und n\u00e4hrend.<br \/>\nRosmarin: Ausscheidung.<\/p>\n","protected":false},"featured_media":30954,"comment_status":"open","ping_status":"closed","template":"","meta":{"_et_pb_use_builder":"","_et_pb_old_content":"","_et_gb_content_width":""},"product_brand":[],"product_cat":[254,227],"product_tag":[262,250,264,263,261],"class_list":{"0":"post-30953","1":"product","2":"type-product","3":"status-publish","4":"has-post-thumbnail","6":"product_cat-flora-dessart-de","7":"product_cat-schoenheit-hautpflege","8":"product_tag-floraserum-de","9":"product_tag-haut","10":"product_tag-korper","11":"product_tag-schonheitspflege","12":"product_tag-serum-de","14":"first","15":"instock","16":"shipping-taxable","17":"purchasable","18":"product-type-simple"},"yoast_head":"<!-- This site is optimized with the Yoast SEO plugin v27.3 - https:\/\/yoast.com\/product\/yoast-seo-wordpress\/ -->\n<title>Floras\u00e9rum Corps - Flora d&#039;Essarts - Biomaxi offizieller H\u00e4ndler in der Schweiz von Phyt-Inov\u00ae offiziell - Biologische Trocken\u00f6le f\u00fcr die Haut- und K\u00f6rperpflege - Modellierung und Entspannung - verfeinert das Hautbild - 100 ml 100% nat\u00fcrlich und 100% biologisch | Phyt-inov.com<\/title>\n<meta name=\"description\" content=\"Biomaxi ist offizieller Schweizer Vertriebspartner von Phyt-Inov international\u00ae, dem f\u00fchrenden Schweizer Labor f\u00fcr nat\u00fcrliche und biologische Pflege und Kosmetik f\u00fcr die Gesundheit und Sch\u00f6nheit der Haut, und bietet das K\u00f6rperfloras\u00e9rum Flora d&#039;Essarts (100 ml ohne Konservierungsstoffe und PEG) an. Ein Komplex aus trockenen \u00d6len und \u00e4therischen \u00d6len mit tonisierenden, entw\u00e4ssernden und feuchtigkeitsspendenden Eigenschaften. Es verfeinert das Hautbild und verleiht der Haut eine unvergleichliche Samtigkeit.\" \/>\n<meta name=\"robots\" content=\"index, follow, max-snippet:-1, max-image-preview:large, max-video-preview:-1\" \/>\n<link rel=\"canonical\" href=\"https:\/\/biomaxi.ch\/de\/produit\/floraserum-korper\/\" \/>\n<meta property=\"og:locale\" content=\"de_DE\" \/>\n<meta property=\"og:type\" content=\"article\" \/>\n<meta property=\"og:title\" content=\"Floras\u00e9rum Corps - Flora d&#039;Essarts - Biomaxi offizieller H\u00e4ndler in der Schweiz von Phyt-Inov\u00ae offiziell - Biologische Trocken\u00f6le f\u00fcr die Haut- und K\u00f6rperpflege - Modellierung und Entspannung - verfeinert das Hautbild - 100 ml 100% nat\u00fcrlich und 100% biologisch | Phyt-inov.com\" \/>\n<meta property=\"og:description\" content=\"Biomaxi ist offizieller Schweizer Vertriebspartner von Phyt-Inov international\u00ae, dem f\u00fchrenden Schweizer Labor f\u00fcr nat\u00fcrliche und biologische Pflege und Kosmetik f\u00fcr die Gesundheit und Sch\u00f6nheit der Haut, und bietet das K\u00f6rperfloras\u00e9rum Flora d&#039;Essarts (100 ml ohne Konservierungsstoffe und PEG) an. Ein Komplex aus trockenen \u00d6len und \u00e4therischen \u00d6len mit tonisierenden, entw\u00e4ssernden und feuchtigkeitsspendenden Eigenschaften. Es verfeinert das Hautbild und verleiht der Haut eine unvergleichliche Samtigkeit.\" \/>\n<meta property=\"og:url\" content=\"https:\/\/biomaxi.ch\/de\/produit\/floraserum-korper\/\" \/>\n<meta property=\"og:site_name\" content=\"Biomaxi\" \/>\n<meta property=\"article:publisher\" content=\"https:\/\/www.facebook.com\/biomaxisuisse\/\" \/>\n<meta property=\"og:image\" content=\"https:\/\/biomaxi.ch\/wp-content\/uploads\/2024\/02\/Floraserum-Corps-pour-sites-Biomaxi-1-scaled.jpg\" \/>\n\t<meta property=\"og:image:width\" content=\"2048\" \/>\n\t<meta property=\"og:image:height\" content=\"2560\" \/>\n\t<meta property=\"og:image:type\" content=\"image\/jpeg\" \/>\n<meta name=\"twitter:card\" content=\"summary_large_image\" \/>\n<script type=\"application\/ld+json\" class=\"yoast-schema-graph\">{\"@context\":\"https:\\\/\\\/schema.org\",\"@graph\":[{\"@type\":\"WebPage\",\"@id\":\"https:\\\/\\\/biomaxi.ch\\\/de\\\/produit\\\/floraserum-korper\\\/\",\"url\":\"https:\\\/\\\/biomaxi.ch\\\/de\\\/produit\\\/floraserum-korper\\\/\",\"name\":\"Floras\u00e9rum Corps - Flora d'Essarts - Biomaxi offizieller H\u00e4ndler in der Schweiz von Phyt-Inov\u00ae offiziell - Biologische Trocken\u00f6le f\u00fcr die Haut- und K\u00f6rperpflege - Modellierung und Entspannung - verfeinert das Hautbild - 100 ml 100% nat\u00fcrlich und 100% biologisch | Phyt-inov.com\",\"isPartOf\":{\"@id\":\"https:\\\/\\\/biomaxi.ch\\\/#website\"},\"primaryImageOfPage\":{\"@id\":\"https:\\\/\\\/biomaxi.ch\\\/de\\\/produit\\\/floraserum-korper\\\/#primaryimage\"},\"image\":{\"@id\":\"https:\\\/\\\/biomaxi.ch\\\/de\\\/produit\\\/floraserum-korper\\\/#primaryimage\"},\"thumbnailUrl\":\"https:\\\/\\\/biomaxi.ch\\\/wp-content\\\/uploads\\\/2024\\\/02\\\/Floraserum-Corps-pour-sites-Biomaxi-1-scaled.jpg\",\"datePublished\":\"2015-12-04T04:10:09+00:00\",\"description\":\"Biomaxi ist offizieller Schweizer Vertriebspartner von Phyt-Inov international\u00ae, dem f\u00fchrenden Schweizer Labor f\u00fcr nat\u00fcrliche und biologische Pflege und Kosmetik f\u00fcr die Gesundheit und Sch\u00f6nheit der Haut, und bietet das K\u00f6rperfloras\u00e9rum Flora d'Essarts (100 ml ohne Konservierungsstoffe und PEG) an. Ein Komplex aus trockenen \u00d6len und \u00e4therischen \u00d6len mit tonisierenden, entw\u00e4ssernden und feuchtigkeitsspendenden Eigenschaften. Es verfeinert das Hautbild und verleiht der Haut eine unvergleichliche Samtigkeit.\",\"breadcrumb\":{\"@id\":\"https:\\\/\\\/biomaxi.ch\\\/de\\\/produit\\\/floraserum-korper\\\/#breadcrumb\"},\"inLanguage\":\"de\",\"potentialAction\":[{\"@type\":\"ReadAction\",\"target\":[\"https:\\\/\\\/biomaxi.ch\\\/de\\\/produit\\\/floraserum-korper\\\/\"]}]},{\"@type\":\"ImageObject\",\"inLanguage\":\"de\",\"@id\":\"https:\\\/\\\/biomaxi.ch\\\/de\\\/produit\\\/floraserum-korper\\\/#primaryimage\",\"url\":\"https:\\\/\\\/biomaxi.ch\\\/wp-content\\\/uploads\\\/2024\\\/02\\\/Floraserum-Corps-pour-sites-Biomaxi-1-scaled.jpg\",\"contentUrl\":\"https:\\\/\\\/biomaxi.ch\\\/wp-content\\\/uploads\\\/2024\\\/02\\\/Floraserum-Corps-pour-sites-Biomaxi-1-scaled.jpg\",\"width\":2048,\"height\":2560},{\"@type\":\"BreadcrumbList\",\"@id\":\"https:\\\/\\\/biomaxi.ch\\\/de\\\/produit\\\/floraserum-korper\\\/#breadcrumb\",\"itemListElement\":[{\"@type\":\"ListItem\",\"position\":1,\"name\":\"Accueil\",\"item\":\"https:\\\/\\\/biomaxi.ch\\\/de\\\/\"},{\"@type\":\"ListItem\",\"position\":2,\"name\":\"Produits\",\"item\":\"https:\\\/\\\/biomaxi.ch\\\/produits\\\/\"},{\"@type\":\"ListItem\",\"position\":3,\"name\":\"Floraserum K\u00f6rper\"}]},{\"@type\":\"WebSite\",\"@id\":\"https:\\\/\\\/biomaxi.ch\\\/#website\",\"url\":\"https:\\\/\\\/biomaxi.ch\\\/\",\"name\":\"Biomaxi\",\"description\":\"Compl\u00e9ments alimentaires bio d&#039;origine suisse bio et naturels\",\"publisher\":{\"@id\":\"https:\\\/\\\/biomaxi.ch\\\/#organization\"},\"potentialAction\":[{\"@type\":\"SearchAction\",\"target\":{\"@type\":\"EntryPoint\",\"urlTemplate\":\"https:\\\/\\\/biomaxi.ch\\\/?s={search_term_string}\"},\"query-input\":{\"@type\":\"PropertyValueSpecification\",\"valueRequired\":true,\"valueName\":\"search_term_string\"}}],\"inLanguage\":\"de\"},{\"@type\":\"Organization\",\"@id\":\"https:\\\/\\\/biomaxi.ch\\\/#organization\",\"name\":\"Biomaxi\",\"url\":\"https:\\\/\\\/biomaxi.ch\\\/\",\"logo\":{\"@type\":\"ImageObject\",\"inLanguage\":\"de\",\"@id\":\"https:\\\/\\\/biomaxi.ch\\\/#\\\/schema\\\/logo\\\/image\\\/\",\"url\":\"https:\\\/\\\/biomaxi.ch\\\/wp-content\\\/uploads\\\/2024\\\/05\\\/LogoBiomaxiSite-1014x1024-1.jpg\",\"contentUrl\":\"https:\\\/\\\/biomaxi.ch\\\/wp-content\\\/uploads\\\/2024\\\/05\\\/LogoBiomaxiSite-1014x1024-1.jpg\",\"width\":1014,\"height\":1024,\"caption\":\"Biomaxi\"},\"image\":{\"@id\":\"https:\\\/\\\/biomaxi.ch\\\/#\\\/schema\\\/logo\\\/image\\\/\"},\"sameAs\":[\"https:\\\/\\\/www.facebook.com\\\/biomaxisuisse\\\/\",\"https:\\\/\\\/www.instagram.com\\\/phytinov\\\/\"]}]}<\/script>\n<!-- \/ Yoast SEO plugin. -->","yoast_head_json":{"title":"Floras\u00e9rum Corps - Flora d'Essarts - Biomaxi offizieller H\u00e4ndler in der Schweiz von Phyt-Inov\u00ae offiziell - Biologische Trocken\u00f6le f\u00fcr die Haut- und K\u00f6rperpflege - Modellierung und Entspannung - verfeinert das Hautbild - 100 ml 100% nat\u00fcrlich und 100% biologisch | Phyt-inov.com","description":"Biomaxi ist offizieller Schweizer Vertriebspartner von Phyt-Inov international\u00ae, dem f\u00fchrenden Schweizer Labor f\u00fcr nat\u00fcrliche und biologische Pflege und Kosmetik f\u00fcr die Gesundheit und Sch\u00f6nheit der Haut, und bietet das K\u00f6rperfloras\u00e9rum Flora d'Essarts (100 ml ohne Konservierungsstoffe und PEG) an. Ein Komplex aus trockenen \u00d6len und \u00e4therischen \u00d6len mit tonisierenden, entw\u00e4ssernden und feuchtigkeitsspendenden Eigenschaften. Es verfeinert das Hautbild und verleiht der Haut eine unvergleichliche Samtigkeit.","robots":{"index":"index","follow":"follow","max-snippet":"max-snippet:-1","max-image-preview":"max-image-preview:large","max-video-preview":"max-video-preview:-1"},"canonical":"https:\/\/biomaxi.ch\/de\/produit\/floraserum-korper\/","og_locale":"de_DE","og_type":"article","og_title":"Floras\u00e9rum Corps - Flora d'Essarts - Biomaxi offizieller H\u00e4ndler in der Schweiz von Phyt-Inov\u00ae offiziell - Biologische Trocken\u00f6le f\u00fcr die Haut- und K\u00f6rperpflege - Modellierung und Entspannung - verfeinert das Hautbild - 100 ml 100% nat\u00fcrlich und 100% biologisch | Phyt-inov.com","og_description":"Biomaxi ist offizieller Schweizer Vertriebspartner von Phyt-Inov international\u00ae, dem f\u00fchrenden Schweizer Labor f\u00fcr nat\u00fcrliche und biologische Pflege und Kosmetik f\u00fcr die Gesundheit und Sch\u00f6nheit der Haut, und bietet das K\u00f6rperfloras\u00e9rum Flora d'Essarts (100 ml ohne Konservierungsstoffe und PEG) an. Ein Komplex aus trockenen \u00d6len und \u00e4therischen \u00d6len mit tonisierenden, entw\u00e4ssernden und feuchtigkeitsspendenden Eigenschaften. Es verfeinert das Hautbild und verleiht der Haut eine unvergleichliche Samtigkeit.","og_url":"https:\/\/biomaxi.ch\/de\/produit\/floraserum-korper\/","og_site_name":"Biomaxi","article_publisher":"https:\/\/www.facebook.com\/biomaxisuisse\/","og_image":[{"width":2048,"height":2560,"url":"https:\/\/biomaxi.ch\/wp-content\/uploads\/2024\/02\/Floraserum-Corps-pour-sites-Biomaxi-1-scaled.jpg","type":"image\/jpeg"}],"twitter_card":"summary_large_image","schema":{"@context":"https:\/\/schema.org","@graph":[{"@type":"WebPage","@id":"https:\/\/biomaxi.ch\/de\/produit\/floraserum-korper\/","url":"https:\/\/biomaxi.ch\/de\/produit\/floraserum-korper\/","name":"Floras\u00e9rum Corps - Flora d'Essarts - Biomaxi offizieller H\u00e4ndler in der Schweiz von Phyt-Inov\u00ae offiziell - Biologische Trocken\u00f6le f\u00fcr die Haut- und K\u00f6rperpflege - Modellierung und Entspannung - verfeinert das Hautbild - 100 ml 100% nat\u00fcrlich und 100% biologisch | Phyt-inov.com","isPartOf":{"@id":"https:\/\/biomaxi.ch\/#website"},"primaryImageOfPage":{"@id":"https:\/\/biomaxi.ch\/de\/produit\/floraserum-korper\/#primaryimage"},"image":{"@id":"https:\/\/biomaxi.ch\/de\/produit\/floraserum-korper\/#primaryimage"},"thumbnailUrl":"https:\/\/biomaxi.ch\/wp-content\/uploads\/2024\/02\/Floraserum-Corps-pour-sites-Biomaxi-1-scaled.jpg","datePublished":"2015-12-04T04:10:09+00:00","description":"Biomaxi ist offizieller Schweizer Vertriebspartner von Phyt-Inov international\u00ae, dem f\u00fchrenden Schweizer Labor f\u00fcr nat\u00fcrliche und biologische Pflege und Kosmetik f\u00fcr die Gesundheit und Sch\u00f6nheit der Haut, und bietet das K\u00f6rperfloras\u00e9rum Flora d'Essarts (100 ml ohne Konservierungsstoffe und PEG) an. Ein Komplex aus trockenen \u00d6len und \u00e4therischen \u00d6len mit tonisierenden, entw\u00e4ssernden und feuchtigkeitsspendenden Eigenschaften. Es verfeinert das Hautbild und verleiht der Haut eine unvergleichliche Samtigkeit.","breadcrumb":{"@id":"https:\/\/biomaxi.ch\/de\/produit\/floraserum-korper\/#breadcrumb"},"inLanguage":"de","potentialAction":[{"@type":"ReadAction","target":["https:\/\/biomaxi.ch\/de\/produit\/floraserum-korper\/"]}]},{"@type":"ImageObject","inLanguage":"de","@id":"https:\/\/biomaxi.ch\/de\/produit\/floraserum-korper\/#primaryimage","url":"https:\/\/biomaxi.ch\/wp-content\/uploads\/2024\/02\/Floraserum-Corps-pour-sites-Biomaxi-1-scaled.jpg","contentUrl":"https:\/\/biomaxi.ch\/wp-content\/uploads\/2024\/02\/Floraserum-Corps-pour-sites-Biomaxi-1-scaled.jpg","width":2048,"height":2560},{"@type":"BreadcrumbList","@id":"https:\/\/biomaxi.ch\/de\/produit\/floraserum-korper\/#breadcrumb","itemListElement":[{"@type":"ListItem","position":1,"name":"Accueil","item":"https:\/\/biomaxi.ch\/de\/"},{"@type":"ListItem","position":2,"name":"Produits","item":"https:\/\/biomaxi.ch\/produits\/"},{"@type":"ListItem","position":3,"name":"Floraserum K\u00f6rper"}]},{"@type":"WebSite","@id":"https:\/\/biomaxi.ch\/#website","url":"https:\/\/biomaxi.ch\/","name":"Biomaxi","description":"Compl\u00e9ments alimentaires bio d&#039;origine suisse bio et naturels","publisher":{"@id":"https:\/\/biomaxi.ch\/#organization"},"potentialAction":[{"@type":"SearchAction","target":{"@type":"EntryPoint","urlTemplate":"https:\/\/biomaxi.ch\/?s={search_term_string}"},"query-input":{"@type":"PropertyValueSpecification","valueRequired":true,"valueName":"search_term_string"}}],"inLanguage":"de"},{"@type":"Organization","@id":"https:\/\/biomaxi.ch\/#organization","name":"Biomaxi","url":"https:\/\/biomaxi.ch\/","logo":{"@type":"ImageObject","inLanguage":"de","@id":"https:\/\/biomaxi.ch\/#\/schema\/logo\/image\/","url":"https:\/\/biomaxi.ch\/wp-content\/uploads\/2024\/05\/LogoBiomaxiSite-1014x1024-1.jpg","contentUrl":"https:\/\/biomaxi.ch\/wp-content\/uploads\/2024\/05\/LogoBiomaxiSite-1014x1024-1.jpg","width":1014,"height":1024,"caption":"Biomaxi"},"image":{"@id":"https:\/\/biomaxi.ch\/#\/schema\/logo\/image\/"},"sameAs":["https:\/\/www.facebook.com\/biomaxisuisse\/","https:\/\/www.instagram.com\/phytinov\/"]}]}},"_links":{"self":[{"href":"https:\/\/biomaxi.ch\/de\/wp-json\/wp\/v2\/product\/30953","targetHints":{"allow":["GET"]}}],"collection":[{"href":"https:\/\/biomaxi.ch\/de\/wp-json\/wp\/v2\/product"}],"about":[{"href":"https:\/\/biomaxi.ch\/de\/wp-json\/wp\/v2\/types\/product"}],"replies":[{"embeddable":true,"href":"https:\/\/biomaxi.ch\/de\/wp-json\/wp\/v2\/comments?post=30953"}],"wp:featuredmedia":[{"embeddable":true,"href":"https:\/\/biomaxi.ch\/de\/wp-json\/wp\/v2\/media\/30954"}],"wp:attachment":[{"href":"https:\/\/biomaxi.ch\/de\/wp-json\/wp\/v2\/media?parent=30953"}],"wp:term":[{"taxonomy":"product_brand","embeddable":true,"href":"https:\/\/biomaxi.ch\/de\/wp-json\/wp\/v2\/product_brand?post=30953"},{"taxonomy":"product_cat","embeddable":true,"href":"https:\/\/biomaxi.ch\/de\/wp-json\/wp\/v2\/product_cat?post=30953"},{"taxonomy":"product_tag","embeddable":true,"href":"https:\/\/biomaxi.ch\/de\/wp-json\/wp\/v2\/product_tag?post=30953"}],"curies":[{"name":"wp","href":"https:\/\/api.w.org\/{rel}","templated":true}]}}