{"id":30952,"date":"2017-07-17T13:10:43","date_gmt":"2017-07-17T11:10:43","guid":{"rendered":"https:\/\/biomaxi.ch\/produit\/floraserum-a\/"},"modified":"2017-07-17T13:10:43","modified_gmt":"2017-07-17T11:10:43","slug":"floraserum-a","status":"publish","type":"product","link":"https:\/\/biomaxi.ch\/de\/produit\/floraserum-a\/","title":{"rendered":"FloraSerum A"},"content":{"rendered":"<p>Glasflasche mit 30 ml.<br \/>\nKeine Konservierungsstoffe, auch wenn sie f\u00fcr Bio zugelassen sind.<br \/>\n<b>100 %<\/b> der gesamten Inhaltsstoffe sind nat\u00fcrlich oder von nat\u00fcrlichem Ursprung.<br \/>\n<b>100 %<\/b> der gesamten Inhaltsstoffe sind biologisch zertifiziert.<\/p>\n<p><b>Zutaten:<\/b> Simmondsia Chinensis Seed Oil*, Corylus Avellana Seed Oil*, Prunus Amygdalus Dulcis Oil*, Prunus Armeniaca Kernel Oil*, Rosa Canina Fruit Oil*, Citrus Sinensis Peel Oil Expressed*, Cymbopogon Martini Herb Oil*, Pelargonium Graveolens Oil*, Salvia Sclarea Oil*, Fusanus Spicatus Wood Oil*, Lavandula Latifolia Herb Oil*, Rosmarinus Officinalis Leaf Oil*, Helianthus annuus Seed Oil*, Rosmarinus Officinalis Leaf Extract*, Daucus Carota Sativa Root Extract*, Limonene, Citrus Aurantium Peel Oil, Geraniol, Linalool, Citronellol, Citral, Farnesol, Santanol, Pinene.<br \/>\n* <i>Zutaten aus biologischer Landwirtschaft.<\/i><\/p>\n","protected":false},"excerpt":{"rendered":"<p><b>Beruhigendes \u00d6l f\u00fcr alle Hauttypen<\/b><\/p>\n<p>Floraserum A ist eine Symphonie von Pflanzen f\u00fcr kostbare Momente des Wohlbefindens und f\u00f6rdert die Ausgeglichenheit der Haut Tag f\u00fcr Tag. Es verst\u00e4rkt die Wirkung der Pflegeprodukte von Flora d&#8217;Essarts. Unabh\u00e4ngig von der betroffenen Zone oder dem Zeitpunkt bek\u00e4mpft Floraserum A sichtbar die Hautalterung.  <\/p>\n<p>Morgens auf der gereinigten Haut, einige Minuten vor der Pflege von Flora d&#8217;Essarts, garantiert Floras\u00e9rum A ein Maximum an Komfort f\u00fcr den ganzen Tag. Abends auf dem perfekt gereinigten Gesicht beruhigt und n\u00e4hrt die Kombination die Epidermis: Die Haut wird so \u00fcber Nacht besser regeneriert&#8230; <\/p>\n<p>Die Anwendung erfolgt durch eine leichte Massage. Floraserum A wird schnell von der Haut aufgenommen und hinterl\u00e4sst kein fettiges Gef\u00fchl.<\/p>\n","protected":false},"featured_media":29926,"comment_status":"open","ping_status":"closed","template":"","meta":{"_et_pb_use_builder":"","_et_pb_old_content":"","_et_gb_content_width":""},"product_brand":[],"product_cat":[254,227],"product_tag":[203,259,260,233,258,211,261],"class_list":{"0":"post-30952","1":"product","2":"type-product","3":"status-publish","4":"has-post-thumbnail","6":"product_cat-flora-dessart-de","7":"product_cat-schoenheit-hautpflege","8":"product_tag-anti-aging","9":"product_tag-atherische-ole","10":"product_tag-pflanzen","11":"product_tag-pflege","12":"product_tag-pure-de","13":"product_tag-schoenheit","14":"product_tag-serum-de","16":"first","17":"instock","18":"shipping-taxable","19":"purchasable","20":"product-type-simple"},"yoast_head":"<!-- This site is optimized with the Yoast SEO plugin v27.3 - https:\/\/yoast.com\/product\/yoast-seo-wordpress\/ -->\n<title>Floras\u00e9rum A- Flora d&#039;Essarts - Biomaxi offizieller H\u00e4ndler in der Schweiz vonPhyt-Inov\u00ae Offiziell - Biologische Trocken\u00f6le f\u00fcr die Gesichtspflege - Beruhigendes \u00d6l f\u00fcr alle Hauttypen - 30 ml 100% nat\u00fcrlich und 100% biologisch | Biomaxi.ch<\/title>\n<meta name=\"description\" content=\"Biomaxi ist offizieller H\u00e4ndler in der Schweiz von Phyt-Inov international\u00ae Official, dem f\u00fchrenden Schweizer Labor f\u00fcr nat\u00fcrliche und biologische Pflege und Kosmetik f\u00fcr die Gesundheit und Sch\u00f6nheit der Haut, und bietet sein Floras\u00e9rum A Flora d&#039;Essarts, (30 ml ohne Konservierungsstoffe und PEG) - Floras\u00e9rum A Flora d&#039;Essarts ist ein nat\u00fcrliches\/biologisches Produkt von Phyt Inov zur Erhaltung der Sch\u00f6nheit der Gesichtshaut (Jojoba\u00f6l\/S\u00fc\u00dfmandel\/Haselnuss\/Wildrose\/Geranium). Floras\u00e9rum A ist ein Komplex aus trockenen \u00d6len und \u00e4therischen \u00d6len und wirkt der Hautalterung sichtbar entgegen. Es f\u00f6rdert die Gelassenheit der Epidermis.\" \/>\n<meta name=\"robots\" content=\"index, follow, max-snippet:-1, max-image-preview:large, max-video-preview:-1\" \/>\n<link rel=\"canonical\" href=\"https:\/\/biomaxi.ch\/de\/produit\/floraserum-a\/\" \/>\n<meta property=\"og:locale\" content=\"de_DE\" \/>\n<meta property=\"og:type\" content=\"article\" \/>\n<meta property=\"og:title\" content=\"Floras\u00e9rum A- Flora d&#039;Essarts - Biomaxi offizieller H\u00e4ndler in der Schweiz vonPhyt-Inov\u00ae Offiziell - Biologische Trocken\u00f6le f\u00fcr die Gesichtspflege - Beruhigendes \u00d6l f\u00fcr alle Hauttypen - 30 ml 100% nat\u00fcrlich und 100% biologisch | Biomaxi.ch\" \/>\n<meta property=\"og:description\" content=\"Biomaxi ist offizieller H\u00e4ndler in der Schweiz von Phyt-Inov international\u00ae Official, dem f\u00fchrenden Schweizer Labor f\u00fcr nat\u00fcrliche und biologische Pflege und Kosmetik f\u00fcr die Gesundheit und Sch\u00f6nheit der Haut, und bietet sein Floras\u00e9rum A Flora d&#039;Essarts, (30 ml ohne Konservierungsstoffe und PEG) - Floras\u00e9rum A Flora d&#039;Essarts ist ein nat\u00fcrliches\/biologisches Produkt von Phyt Inov zur Erhaltung der Sch\u00f6nheit der Gesichtshaut (Jojoba\u00f6l\/S\u00fc\u00dfmandel\/Haselnuss\/Wildrose\/Geranium). Floras\u00e9rum A ist ein Komplex aus trockenen \u00d6len und \u00e4therischen \u00d6len und wirkt der Hautalterung sichtbar entgegen. Es f\u00f6rdert die Gelassenheit der Epidermis.\" \/>\n<meta property=\"og:url\" content=\"https:\/\/biomaxi.ch\/de\/produit\/floraserum-a\/\" \/>\n<meta property=\"og:site_name\" content=\"Biomaxi\" \/>\n<meta property=\"article:publisher\" content=\"https:\/\/www.facebook.com\/biomaxisuisse\/\" \/>\n<meta property=\"og:image\" content=\"https:\/\/biomaxi.ch\/wp-content\/uploads\/2023\/07\/Floraserum-A-Visage-light-Biomaxi-6-1.jpg\" \/>\n\t<meta property=\"og:image:width\" content=\"2376\" \/>\n\t<meta property=\"og:image:height\" content=\"1668\" \/>\n\t<meta property=\"og:image:type\" content=\"image\/jpeg\" \/>\n<meta name=\"twitter:card\" content=\"summary_large_image\" \/>\n<meta name=\"twitter:label1\" content=\"Gesch\u00e4tzte Lesezeit\" \/>\n\t<meta name=\"twitter:data1\" content=\"1\u00a0Minute\" \/>\n<script type=\"application\/ld+json\" class=\"yoast-schema-graph\">{\"@context\":\"https:\\\/\\\/schema.org\",\"@graph\":[{\"@type\":\"WebPage\",\"@id\":\"https:\\\/\\\/biomaxi.ch\\\/de\\\/produit\\\/floraserum-a\\\/\",\"url\":\"https:\\\/\\\/biomaxi.ch\\\/de\\\/produit\\\/floraserum-a\\\/\",\"name\":\"Floras\u00e9rum A- Flora d'Essarts - Biomaxi offizieller H\u00e4ndler in der Schweiz vonPhyt-Inov\u00ae Offiziell - Biologische Trocken\u00f6le f\u00fcr die Gesichtspflege - Beruhigendes \u00d6l f\u00fcr alle Hauttypen - 30 ml 100% nat\u00fcrlich und 100% biologisch | Biomaxi.ch\",\"isPartOf\":{\"@id\":\"https:\\\/\\\/biomaxi.ch\\\/#website\"},\"primaryImageOfPage\":{\"@id\":\"https:\\\/\\\/biomaxi.ch\\\/de\\\/produit\\\/floraserum-a\\\/#primaryimage\"},\"image\":{\"@id\":\"https:\\\/\\\/biomaxi.ch\\\/de\\\/produit\\\/floraserum-a\\\/#primaryimage\"},\"thumbnailUrl\":\"https:\\\/\\\/biomaxi.ch\\\/wp-content\\\/uploads\\\/2023\\\/07\\\/Floraserum-A-Visage-light-Biomaxi-6-1.jpg\",\"datePublished\":\"2017-07-17T11:10:43+00:00\",\"description\":\"Biomaxi ist offizieller H\u00e4ndler in der Schweiz von Phyt-Inov international\u00ae Official, dem f\u00fchrenden Schweizer Labor f\u00fcr nat\u00fcrliche und biologische Pflege und Kosmetik f\u00fcr die Gesundheit und Sch\u00f6nheit der Haut, und bietet sein Floras\u00e9rum A Flora d'Essarts, (30 ml ohne Konservierungsstoffe und PEG) - Floras\u00e9rum A Flora d'Essarts ist ein nat\u00fcrliches\\\/biologisches Produkt von Phyt Inov zur Erhaltung der Sch\u00f6nheit der Gesichtshaut (Jojoba\u00f6l\\\/S\u00fc\u00dfmandel\\\/Haselnuss\\\/Wildrose\\\/Geranium). Floras\u00e9rum A ist ein Komplex aus trockenen \u00d6len und \u00e4therischen \u00d6len und wirkt der Hautalterung sichtbar entgegen. Es f\u00f6rdert die Gelassenheit der Epidermis.\",\"breadcrumb\":{\"@id\":\"https:\\\/\\\/biomaxi.ch\\\/de\\\/produit\\\/floraserum-a\\\/#breadcrumb\"},\"inLanguage\":\"de\",\"potentialAction\":[{\"@type\":\"ReadAction\",\"target\":[\"https:\\\/\\\/biomaxi.ch\\\/de\\\/produit\\\/floraserum-a\\\/\"]}]},{\"@type\":\"ImageObject\",\"inLanguage\":\"de\",\"@id\":\"https:\\\/\\\/biomaxi.ch\\\/de\\\/produit\\\/floraserum-a\\\/#primaryimage\",\"url\":\"https:\\\/\\\/biomaxi.ch\\\/wp-content\\\/uploads\\\/2023\\\/07\\\/Floraserum-A-Visage-light-Biomaxi-6-1.jpg\",\"contentUrl\":\"https:\\\/\\\/biomaxi.ch\\\/wp-content\\\/uploads\\\/2023\\\/07\\\/Floraserum-A-Visage-light-Biomaxi-6-1.jpg\",\"width\":2376,\"height\":1668},{\"@type\":\"BreadcrumbList\",\"@id\":\"https:\\\/\\\/biomaxi.ch\\\/de\\\/produit\\\/floraserum-a\\\/#breadcrumb\",\"itemListElement\":[{\"@type\":\"ListItem\",\"position\":1,\"name\":\"Accueil\",\"item\":\"https:\\\/\\\/biomaxi.ch\\\/de\\\/\"},{\"@type\":\"ListItem\",\"position\":2,\"name\":\"Produits\",\"item\":\"https:\\\/\\\/biomaxi.ch\\\/produits\\\/\"},{\"@type\":\"ListItem\",\"position\":3,\"name\":\"FloraSerum A\"}]},{\"@type\":\"WebSite\",\"@id\":\"https:\\\/\\\/biomaxi.ch\\\/#website\",\"url\":\"https:\\\/\\\/biomaxi.ch\\\/\",\"name\":\"Biomaxi\",\"description\":\"Compl\u00e9ments alimentaires bio d&#039;origine suisse bio et naturels\",\"publisher\":{\"@id\":\"https:\\\/\\\/biomaxi.ch\\\/#organization\"},\"potentialAction\":[{\"@type\":\"SearchAction\",\"target\":{\"@type\":\"EntryPoint\",\"urlTemplate\":\"https:\\\/\\\/biomaxi.ch\\\/?s={search_term_string}\"},\"query-input\":{\"@type\":\"PropertyValueSpecification\",\"valueRequired\":true,\"valueName\":\"search_term_string\"}}],\"inLanguage\":\"de\"},{\"@type\":\"Organization\",\"@id\":\"https:\\\/\\\/biomaxi.ch\\\/#organization\",\"name\":\"Biomaxi\",\"url\":\"https:\\\/\\\/biomaxi.ch\\\/\",\"logo\":{\"@type\":\"ImageObject\",\"inLanguage\":\"de\",\"@id\":\"https:\\\/\\\/biomaxi.ch\\\/#\\\/schema\\\/logo\\\/image\\\/\",\"url\":\"https:\\\/\\\/biomaxi.ch\\\/wp-content\\\/uploads\\\/2024\\\/05\\\/LogoBiomaxiSite-1014x1024-1.jpg\",\"contentUrl\":\"https:\\\/\\\/biomaxi.ch\\\/wp-content\\\/uploads\\\/2024\\\/05\\\/LogoBiomaxiSite-1014x1024-1.jpg\",\"width\":1014,\"height\":1024,\"caption\":\"Biomaxi\"},\"image\":{\"@id\":\"https:\\\/\\\/biomaxi.ch\\\/#\\\/schema\\\/logo\\\/image\\\/\"},\"sameAs\":[\"https:\\\/\\\/www.facebook.com\\\/biomaxisuisse\\\/\",\"https:\\\/\\\/www.instagram.com\\\/phytinov\\\/\"]}]}<\/script>\n<!-- \/ Yoast SEO plugin. -->","yoast_head_json":{"title":"Floras\u00e9rum A- Flora d'Essarts - Biomaxi offizieller H\u00e4ndler in der Schweiz vonPhyt-Inov\u00ae Offiziell - Biologische Trocken\u00f6le f\u00fcr die Gesichtspflege - Beruhigendes \u00d6l f\u00fcr alle Hauttypen - 30 ml 100% nat\u00fcrlich und 100% biologisch | Biomaxi.ch","description":"Biomaxi ist offizieller H\u00e4ndler in der Schweiz von Phyt-Inov international\u00ae Official, dem f\u00fchrenden Schweizer Labor f\u00fcr nat\u00fcrliche und biologische Pflege und Kosmetik f\u00fcr die Gesundheit und Sch\u00f6nheit der Haut, und bietet sein Floras\u00e9rum A Flora d'Essarts, (30 ml ohne Konservierungsstoffe und PEG) - Floras\u00e9rum A Flora d'Essarts ist ein nat\u00fcrliches\/biologisches Produkt von Phyt Inov zur Erhaltung der Sch\u00f6nheit der Gesichtshaut (Jojoba\u00f6l\/S\u00fc\u00dfmandel\/Haselnuss\/Wildrose\/Geranium). Floras\u00e9rum A ist ein Komplex aus trockenen \u00d6len und \u00e4therischen \u00d6len und wirkt der Hautalterung sichtbar entgegen. Es f\u00f6rdert die Gelassenheit der Epidermis.","robots":{"index":"index","follow":"follow","max-snippet":"max-snippet:-1","max-image-preview":"max-image-preview:large","max-video-preview":"max-video-preview:-1"},"canonical":"https:\/\/biomaxi.ch\/de\/produit\/floraserum-a\/","og_locale":"de_DE","og_type":"article","og_title":"Floras\u00e9rum A- Flora d'Essarts - Biomaxi offizieller H\u00e4ndler in der Schweiz vonPhyt-Inov\u00ae Offiziell - Biologische Trocken\u00f6le f\u00fcr die Gesichtspflege - Beruhigendes \u00d6l f\u00fcr alle Hauttypen - 30 ml 100% nat\u00fcrlich und 100% biologisch | Biomaxi.ch","og_description":"Biomaxi ist offizieller H\u00e4ndler in der Schweiz von Phyt-Inov international\u00ae Official, dem f\u00fchrenden Schweizer Labor f\u00fcr nat\u00fcrliche und biologische Pflege und Kosmetik f\u00fcr die Gesundheit und Sch\u00f6nheit der Haut, und bietet sein Floras\u00e9rum A Flora d'Essarts, (30 ml ohne Konservierungsstoffe und PEG) - Floras\u00e9rum A Flora d'Essarts ist ein nat\u00fcrliches\/biologisches Produkt von Phyt Inov zur Erhaltung der Sch\u00f6nheit der Gesichtshaut (Jojoba\u00f6l\/S\u00fc\u00dfmandel\/Haselnuss\/Wildrose\/Geranium). Floras\u00e9rum A ist ein Komplex aus trockenen \u00d6len und \u00e4therischen \u00d6len und wirkt der Hautalterung sichtbar entgegen. Es f\u00f6rdert die Gelassenheit der Epidermis.","og_url":"https:\/\/biomaxi.ch\/de\/produit\/floraserum-a\/","og_site_name":"Biomaxi","article_publisher":"https:\/\/www.facebook.com\/biomaxisuisse\/","og_image":[{"width":2376,"height":1668,"url":"https:\/\/biomaxi.ch\/wp-content\/uploads\/2023\/07\/Floraserum-A-Visage-light-Biomaxi-6-1.jpg","type":"image\/jpeg"}],"twitter_card":"summary_large_image","twitter_misc":{"Gesch\u00e4tzte Lesezeit":"1\u00a0Minute"},"schema":{"@context":"https:\/\/schema.org","@graph":[{"@type":"WebPage","@id":"https:\/\/biomaxi.ch\/de\/produit\/floraserum-a\/","url":"https:\/\/biomaxi.ch\/de\/produit\/floraserum-a\/","name":"Floras\u00e9rum A- Flora d'Essarts - Biomaxi offizieller H\u00e4ndler in der Schweiz vonPhyt-Inov\u00ae Offiziell - Biologische Trocken\u00f6le f\u00fcr die Gesichtspflege - Beruhigendes \u00d6l f\u00fcr alle Hauttypen - 30 ml 100% nat\u00fcrlich und 100% biologisch | Biomaxi.ch","isPartOf":{"@id":"https:\/\/biomaxi.ch\/#website"},"primaryImageOfPage":{"@id":"https:\/\/biomaxi.ch\/de\/produit\/floraserum-a\/#primaryimage"},"image":{"@id":"https:\/\/biomaxi.ch\/de\/produit\/floraserum-a\/#primaryimage"},"thumbnailUrl":"https:\/\/biomaxi.ch\/wp-content\/uploads\/2023\/07\/Floraserum-A-Visage-light-Biomaxi-6-1.jpg","datePublished":"2017-07-17T11:10:43+00:00","description":"Biomaxi ist offizieller H\u00e4ndler in der Schweiz von Phyt-Inov international\u00ae Official, dem f\u00fchrenden Schweizer Labor f\u00fcr nat\u00fcrliche und biologische Pflege und Kosmetik f\u00fcr die Gesundheit und Sch\u00f6nheit der Haut, und bietet sein Floras\u00e9rum A Flora d'Essarts, (30 ml ohne Konservierungsstoffe und PEG) - Floras\u00e9rum A Flora d'Essarts ist ein nat\u00fcrliches\/biologisches Produkt von Phyt Inov zur Erhaltung der Sch\u00f6nheit der Gesichtshaut (Jojoba\u00f6l\/S\u00fc\u00dfmandel\/Haselnuss\/Wildrose\/Geranium). Floras\u00e9rum A ist ein Komplex aus trockenen \u00d6len und \u00e4therischen \u00d6len und wirkt der Hautalterung sichtbar entgegen. Es f\u00f6rdert die Gelassenheit der Epidermis.","breadcrumb":{"@id":"https:\/\/biomaxi.ch\/de\/produit\/floraserum-a\/#breadcrumb"},"inLanguage":"de","potentialAction":[{"@type":"ReadAction","target":["https:\/\/biomaxi.ch\/de\/produit\/floraserum-a\/"]}]},{"@type":"ImageObject","inLanguage":"de","@id":"https:\/\/biomaxi.ch\/de\/produit\/floraserum-a\/#primaryimage","url":"https:\/\/biomaxi.ch\/wp-content\/uploads\/2023\/07\/Floraserum-A-Visage-light-Biomaxi-6-1.jpg","contentUrl":"https:\/\/biomaxi.ch\/wp-content\/uploads\/2023\/07\/Floraserum-A-Visage-light-Biomaxi-6-1.jpg","width":2376,"height":1668},{"@type":"BreadcrumbList","@id":"https:\/\/biomaxi.ch\/de\/produit\/floraserum-a\/#breadcrumb","itemListElement":[{"@type":"ListItem","position":1,"name":"Accueil","item":"https:\/\/biomaxi.ch\/de\/"},{"@type":"ListItem","position":2,"name":"Produits","item":"https:\/\/biomaxi.ch\/produits\/"},{"@type":"ListItem","position":3,"name":"FloraSerum A"}]},{"@type":"WebSite","@id":"https:\/\/biomaxi.ch\/#website","url":"https:\/\/biomaxi.ch\/","name":"Biomaxi","description":"Compl\u00e9ments alimentaires bio d&#039;origine suisse bio et naturels","publisher":{"@id":"https:\/\/biomaxi.ch\/#organization"},"potentialAction":[{"@type":"SearchAction","target":{"@type":"EntryPoint","urlTemplate":"https:\/\/biomaxi.ch\/?s={search_term_string}"},"query-input":{"@type":"PropertyValueSpecification","valueRequired":true,"valueName":"search_term_string"}}],"inLanguage":"de"},{"@type":"Organization","@id":"https:\/\/biomaxi.ch\/#organization","name":"Biomaxi","url":"https:\/\/biomaxi.ch\/","logo":{"@type":"ImageObject","inLanguage":"de","@id":"https:\/\/biomaxi.ch\/#\/schema\/logo\/image\/","url":"https:\/\/biomaxi.ch\/wp-content\/uploads\/2024\/05\/LogoBiomaxiSite-1014x1024-1.jpg","contentUrl":"https:\/\/biomaxi.ch\/wp-content\/uploads\/2024\/05\/LogoBiomaxiSite-1014x1024-1.jpg","width":1014,"height":1024,"caption":"Biomaxi"},"image":{"@id":"https:\/\/biomaxi.ch\/#\/schema\/logo\/image\/"},"sameAs":["https:\/\/www.facebook.com\/biomaxisuisse\/","https:\/\/www.instagram.com\/phytinov\/"]}]}},"_links":{"self":[{"href":"https:\/\/biomaxi.ch\/de\/wp-json\/wp\/v2\/product\/30952","targetHints":{"allow":["GET"]}}],"collection":[{"href":"https:\/\/biomaxi.ch\/de\/wp-json\/wp\/v2\/product"}],"about":[{"href":"https:\/\/biomaxi.ch\/de\/wp-json\/wp\/v2\/types\/product"}],"replies":[{"embeddable":true,"href":"https:\/\/biomaxi.ch\/de\/wp-json\/wp\/v2\/comments?post=30952"}],"wp:featuredmedia":[{"embeddable":true,"href":"https:\/\/biomaxi.ch\/de\/wp-json\/wp\/v2\/media\/29926"}],"wp:attachment":[{"href":"https:\/\/biomaxi.ch\/de\/wp-json\/wp\/v2\/media?parent=30952"}],"wp:term":[{"taxonomy":"product_brand","embeddable":true,"href":"https:\/\/biomaxi.ch\/de\/wp-json\/wp\/v2\/product_brand?post=30952"},{"taxonomy":"product_cat","embeddable":true,"href":"https:\/\/biomaxi.ch\/de\/wp-json\/wp\/v2\/product_cat?post=30952"},{"taxonomy":"product_tag","embeddable":true,"href":"https:\/\/biomaxi.ch\/de\/wp-json\/wp\/v2\/product_tag?post=30952"}],"curies":[{"name":"wp","href":"https:\/\/api.w.org\/{rel}","templated":true}]}}