{"id":30950,"date":"2021-01-07T09:10:05","date_gmt":"2021-01-07T08:10:05","guid":{"rendered":"https:\/\/biomaxi.ch\/produit\/duo-pack-rasierfluid-und-after-shave-fluid\/"},"modified":"2021-01-07T09:10:05","modified_gmt":"2021-01-07T08:10:05","slug":"duo-pack-rasierfluid-und-after-shave-fluid","status":"publish","type":"product","link":"https:\/\/biomaxi.ch\/de\/produit\/duo-pack-rasierfluid-und-after-shave-fluid\/","title":{"rendered":"Duo-Pack Rasierfluid und After-Shave-Fluid"},"content":{"rendered":"<p>2x 100 ml Airless-Tube.<\/p>\n<p>Zutaten: Betula Alba Juice*, Sesamum Indicum Seed Oil*, Glycerin, Alcohol*, Cetearyl Alcohol, Butyrospermum Parkii Butter*, Hippophae Rhamnoides Fruit Juice*, Cetearyl Glucoside, Copernicia Cerifera Wax*, Xanthan Gum, Sodium Citrate, Pentaclethra Macroloba Seed Oil*, Aqua, Sesamum Indicum Oil Unsaponifiables*, Levulinic Acid, Bisabolol*, Cedrus Atlantica Bark Oil*, Camelina Sativa Seed Oil*, Citrus Aurantium Bergamia Peel Oil*, Persea Gratissima Oil*, Sodium Levulinate, Camellia Sinensis Leaf Extract*, Daucus Carota Sativa Root Powder*, Glyceryl Caprylate, Propolis Extract, Rosmarinus Officinalis Leaf Extract*, Amyris Balsamifera Bark Oil, Sodium Usnate, Vetiveria Zizanoides Root Oil*, Cetraria Islandica Extract, Styrax Tonkinensis Resin Extract*, Tocopherol, Limonene, Linalool, Citral.<br \/>\n* Zutaten aus biologischem Anbau.<\/p>\n<p>100% der Inhaltsstoffe sind nat\u00fcrlichen Ursprungs.<br \/>\n90% sind aus biologischem Anbau.<\/p>\n","protected":false},"excerpt":{"rendered":"<p>F\u00fcr eine effiziente, schnelle und sanfte Rasur hat <strong>Monsieur<\/strong> <strong>d&#8217;Essarts<\/strong> ein innovatives Produkt entwickelt, das das Trimmen erleichtert, ohne die Haut anzugreifen oder zu reizen, und das gleichzeitig eine Gesichtspflege ist.<\/p>\n<p>Ein sehr hoher Anteil an Bio-Birkensaft wurde mit Pflanzenextrakten und \u00e4therischen \u00d6len kombiniert, die speziell f\u00fcr M\u00e4nnerhaut entwickelt wurden. Rotes Propolis verleiht diesem Fluid antibakterielle und reinigende Eigenschaften f\u00fcr eine \u00fcberlegene Wirksamkeit.<\/p>\n<p><strong>Anwendung<\/strong>: Tragen Sie eine d\u00fcnne Schicht der Fl\u00fcssigkeit auf die angefeuchtete Haut auf und massieren Sie sie ein. Der Rasierer gleitet und streichelt die Haut, die nicht zu wissen scheint, dass sie von einer d\u00fcnnen Klinge gestreift wird. Sp\u00fclen Sie das, was der Rasierer hinterlassen hat, nicht mit Wasser ab, sondern massieren Sie es \u00fcber das gesamte Gesicht einschlie\u00dflich der Augenlider; dies ist eine Pflege. Ihr Gesicht wird sich nur an die Weichheit und Frische erinnern.<\/p>\n<p>Kann auch als t\u00e4gliche Tagescreme verwendet werden.<\/p>\n","protected":false},"featured_media":31379,"comment_status":"open","ping_status":"closed","template":"","meta":{"_et_pb_use_builder":"","_et_pb_old_content":"","_et_gb_content_width":""},"product_brand":[],"product_cat":[226,249,215,227],"product_tag":[252,250,253,233,251,211],"class_list":{"0":"post-30950","1":"product","2":"type-product","3":"status-publish","4":"has-post-thumbnail","6":"product_cat-hygiene-und-gesundheit","7":"product_cat-mdessarts-de","8":"product_cat-preisreduzierte-lose","9":"product_cat-schoenheit-hautpflege","10":"product_tag-flussigkeit","11":"product_tag-haut","12":"product_tag-mann","13":"product_tag-pflege","14":"product_tag-rasur","15":"product_tag-schoenheit","17":"first","18":"instock","19":"sale","20":"shipping-taxable","21":"purchasable","22":"product-type-simple"},"yoast_head":"<!-- This site is optimized with the Yoast SEO plugin v27.3 - https:\/\/yoast.com\/product\/yoast-seo-wordpress\/ -->\n<title>Duo Pack Rasierfluid und After Shave Fluid - Monsieur d&#039;Essarts - Phyt-Inov\u00ae Offizielle Webseite - Biologische Gesichts- und Hautpflegecreme f\u00fcr M\u00e4nner - Rote Propolis und Birkensaft - 100 ml 100% nat\u00fcrlich und ultrabiologisch | Biomaxi.ch<\/title>\n<meta name=\"description\" content=\"Biomaxi, offizieller Schweizer H\u00e4ndler von Phyt-Inov international\u00ae Official, dem Schweizer Labor, das auf nat\u00fcrliche und biologische Pflege und Kosmetik f\u00fcr die Gesundheit und Sch\u00f6nheit der Haut spezialisiert ist, bietet das Rasier- und After-Shave-Fluid Monsieur d&#039;Essarts an, (100 ml ohne Konservierungsstoffe und PEG) - Das Rasierwasser Monsieur d&#039;Essarts ist ein nat\u00fcrliches\/biologisches Produkt von Phyt Inov, um die Sch\u00f6nheit der m\u00e4nnlichen Haut zu bewahren (Rasiercreme\/Rasiercreme\/Rotpolis), f\u00fcr eine gr\u00fcndliche und sanfte Rasur, ohne die Haut anzugreifen oder zu reizen. Maximum an Nat\u00fcrlichkeit\" \/>\n<meta name=\"robots\" content=\"index, follow, max-snippet:-1, max-image-preview:large, max-video-preview:-1\" \/>\n<link rel=\"canonical\" href=\"https:\/\/biomaxi.ch\/de\/produit\/duo-pack-rasierfluid-und-after-shave-fluid\/\" \/>\n<meta property=\"og:locale\" content=\"de_DE\" \/>\n<meta property=\"og:type\" content=\"article\" \/>\n<meta property=\"og:title\" content=\"Duo Pack Rasierfluid und After Shave Fluid - Monsieur d&#039;Essarts - Phyt-Inov\u00ae Offizielle Webseite - Biologische Gesichts- und Hautpflegecreme f\u00fcr M\u00e4nner - Rote Propolis und Birkensaft - 100 ml 100% nat\u00fcrlich und ultrabiologisch | Biomaxi.ch\" \/>\n<meta property=\"og:description\" content=\"Biomaxi, offizieller Schweizer H\u00e4ndler von Phyt-Inov international\u00ae Official, dem Schweizer Labor, das auf nat\u00fcrliche und biologische Pflege und Kosmetik f\u00fcr die Gesundheit und Sch\u00f6nheit der Haut spezialisiert ist, bietet das Rasier- und After-Shave-Fluid Monsieur d&#039;Essarts an, (100 ml ohne Konservierungsstoffe und PEG) - Das Rasierwasser Monsieur d&#039;Essarts ist ein nat\u00fcrliches\/biologisches Produkt von Phyt Inov, um die Sch\u00f6nheit der m\u00e4nnlichen Haut zu bewahren (Rasiercreme\/Rasiercreme\/Rotpolis), f\u00fcr eine gr\u00fcndliche und sanfte Rasur, ohne die Haut anzugreifen oder zu reizen. Maximum an Nat\u00fcrlichkeit\" \/>\n<meta property=\"og:url\" content=\"https:\/\/biomaxi.ch\/de\/produit\/duo-pack-rasierfluid-und-after-shave-fluid\/\" \/>\n<meta property=\"og:site_name\" content=\"Biomaxi\" \/>\n<meta property=\"article:publisher\" content=\"https:\/\/www.facebook.com\/biomaxisuisse\/\" \/>\n<meta property=\"og:image\" content=\"https:\/\/biomaxi.ch\/wp-content\/uploads\/2023\/07\/fluide-rasage-monsieur-dessarts-1.png\" \/>\n\t<meta property=\"og:image:width\" content=\"801\" \/>\n\t<meta property=\"og:image:height\" content=\"801\" \/>\n\t<meta property=\"og:image:type\" content=\"image\/png\" \/>\n<meta name=\"twitter:card\" content=\"summary_large_image\" \/>\n<meta name=\"twitter:label1\" content=\"Gesch\u00e4tzte Lesezeit\" \/>\n\t<meta name=\"twitter:data1\" content=\"1\u00a0Minute\" \/>\n<script type=\"application\/ld+json\" class=\"yoast-schema-graph\">{\"@context\":\"https:\\\/\\\/schema.org\",\"@graph\":[{\"@type\":\"WebPage\",\"@id\":\"https:\\\/\\\/biomaxi.ch\\\/de\\\/produit\\\/duo-pack-rasierfluid-und-after-shave-fluid\\\/\",\"url\":\"https:\\\/\\\/biomaxi.ch\\\/de\\\/produit\\\/duo-pack-rasierfluid-und-after-shave-fluid\\\/\",\"name\":\"Duo Pack Rasierfluid und After Shave Fluid - Monsieur d'Essarts - Phyt-Inov\u00ae Offizielle Webseite - Biologische Gesichts- und Hautpflegecreme f\u00fcr M\u00e4nner - Rote Propolis und Birkensaft - 100 ml 100% nat\u00fcrlich und ultrabiologisch | Biomaxi.ch\",\"isPartOf\":{\"@id\":\"https:\\\/\\\/biomaxi.ch\\\/#website\"},\"primaryImageOfPage\":{\"@id\":\"https:\\\/\\\/biomaxi.ch\\\/de\\\/produit\\\/duo-pack-rasierfluid-und-after-shave-fluid\\\/#primaryimage\"},\"image\":{\"@id\":\"https:\\\/\\\/biomaxi.ch\\\/de\\\/produit\\\/duo-pack-rasierfluid-und-after-shave-fluid\\\/#primaryimage\"},\"thumbnailUrl\":\"https:\\\/\\\/biomaxi.ch\\\/wp-content\\\/uploads\\\/2025\\\/07\\\/Shaving-flura-after-Shave-fluid-3.png\",\"datePublished\":\"2021-01-07T08:10:05+00:00\",\"description\":\"Biomaxi, offizieller Schweizer H\u00e4ndler von Phyt-Inov international\u00ae Official, dem Schweizer Labor, das auf nat\u00fcrliche und biologische Pflege und Kosmetik f\u00fcr die Gesundheit und Sch\u00f6nheit der Haut spezialisiert ist, bietet das Rasier- und After-Shave-Fluid Monsieur d'Essarts an, (100 ml ohne Konservierungsstoffe und PEG) - Das Rasierwasser Monsieur d'Essarts ist ein nat\u00fcrliches\\\/biologisches Produkt von Phyt Inov, um die Sch\u00f6nheit der m\u00e4nnlichen Haut zu bewahren (Rasiercreme\\\/Rasiercreme\\\/Rotpolis), f\u00fcr eine gr\u00fcndliche und sanfte Rasur, ohne die Haut anzugreifen oder zu reizen. Maximum an Nat\u00fcrlichkeit\",\"breadcrumb\":{\"@id\":\"https:\\\/\\\/biomaxi.ch\\\/de\\\/produit\\\/duo-pack-rasierfluid-und-after-shave-fluid\\\/#breadcrumb\"},\"inLanguage\":\"de\",\"potentialAction\":[{\"@type\":\"ReadAction\",\"target\":[\"https:\\\/\\\/biomaxi.ch\\\/de\\\/produit\\\/duo-pack-rasierfluid-und-after-shave-fluid\\\/\"]}]},{\"@type\":\"ImageObject\",\"inLanguage\":\"de\",\"@id\":\"https:\\\/\\\/biomaxi.ch\\\/de\\\/produit\\\/duo-pack-rasierfluid-und-after-shave-fluid\\\/#primaryimage\",\"url\":\"https:\\\/\\\/biomaxi.ch\\\/wp-content\\\/uploads\\\/2025\\\/07\\\/Shaving-flura-after-Shave-fluid-3.png\",\"contentUrl\":\"https:\\\/\\\/biomaxi.ch\\\/wp-content\\\/uploads\\\/2025\\\/07\\\/Shaving-flura-after-Shave-fluid-3.png\",\"width\":2446,\"height\":2560},{\"@type\":\"BreadcrumbList\",\"@id\":\"https:\\\/\\\/biomaxi.ch\\\/de\\\/produit\\\/duo-pack-rasierfluid-und-after-shave-fluid\\\/#breadcrumb\",\"itemListElement\":[{\"@type\":\"ListItem\",\"position\":1,\"name\":\"Accueil\",\"item\":\"https:\\\/\\\/biomaxi.ch\\\/de\\\/\"},{\"@type\":\"ListItem\",\"position\":2,\"name\":\"Produits\",\"item\":\"https:\\\/\\\/biomaxi.ch\\\/produits\\\/\"},{\"@type\":\"ListItem\",\"position\":3,\"name\":\"Duo-Pack Rasierfluid und After-Shave-Fluid\"}]},{\"@type\":\"WebSite\",\"@id\":\"https:\\\/\\\/biomaxi.ch\\\/#website\",\"url\":\"https:\\\/\\\/biomaxi.ch\\\/\",\"name\":\"Biomaxi\",\"description\":\"Compl\u00e9ments alimentaires bio d&#039;origine suisse bio et naturels\",\"publisher\":{\"@id\":\"https:\\\/\\\/biomaxi.ch\\\/#organization\"},\"potentialAction\":[{\"@type\":\"SearchAction\",\"target\":{\"@type\":\"EntryPoint\",\"urlTemplate\":\"https:\\\/\\\/biomaxi.ch\\\/?s={search_term_string}\"},\"query-input\":{\"@type\":\"PropertyValueSpecification\",\"valueRequired\":true,\"valueName\":\"search_term_string\"}}],\"inLanguage\":\"de\"},{\"@type\":\"Organization\",\"@id\":\"https:\\\/\\\/biomaxi.ch\\\/#organization\",\"name\":\"Biomaxi\",\"url\":\"https:\\\/\\\/biomaxi.ch\\\/\",\"logo\":{\"@type\":\"ImageObject\",\"inLanguage\":\"de\",\"@id\":\"https:\\\/\\\/biomaxi.ch\\\/#\\\/schema\\\/logo\\\/image\\\/\",\"url\":\"https:\\\/\\\/biomaxi.ch\\\/wp-content\\\/uploads\\\/2024\\\/05\\\/LogoBiomaxiSite-1014x1024-1.jpg\",\"contentUrl\":\"https:\\\/\\\/biomaxi.ch\\\/wp-content\\\/uploads\\\/2024\\\/05\\\/LogoBiomaxiSite-1014x1024-1.jpg\",\"width\":1014,\"height\":1024,\"caption\":\"Biomaxi\"},\"image\":{\"@id\":\"https:\\\/\\\/biomaxi.ch\\\/#\\\/schema\\\/logo\\\/image\\\/\"},\"sameAs\":[\"https:\\\/\\\/www.facebook.com\\\/biomaxisuisse\\\/\",\"https:\\\/\\\/www.instagram.com\\\/phytinov\\\/\"]}]}<\/script>\n<!-- \/ Yoast SEO plugin. -->","yoast_head_json":{"title":"Duo Pack Rasierfluid und After Shave Fluid - Monsieur d'Essarts - Phyt-Inov\u00ae Offizielle Webseite - Biologische Gesichts- und Hautpflegecreme f\u00fcr M\u00e4nner - Rote Propolis und Birkensaft - 100 ml 100% nat\u00fcrlich und ultrabiologisch | Biomaxi.ch","description":"Biomaxi, offizieller Schweizer H\u00e4ndler von Phyt-Inov international\u00ae Official, dem Schweizer Labor, das auf nat\u00fcrliche und biologische Pflege und Kosmetik f\u00fcr die Gesundheit und Sch\u00f6nheit der Haut spezialisiert ist, bietet das Rasier- und After-Shave-Fluid Monsieur d'Essarts an, (100 ml ohne Konservierungsstoffe und PEG) - Das Rasierwasser Monsieur d'Essarts ist ein nat\u00fcrliches\/biologisches Produkt von Phyt Inov, um die Sch\u00f6nheit der m\u00e4nnlichen Haut zu bewahren (Rasiercreme\/Rasiercreme\/Rotpolis), f\u00fcr eine gr\u00fcndliche und sanfte Rasur, ohne die Haut anzugreifen oder zu reizen. Maximum an Nat\u00fcrlichkeit","robots":{"index":"index","follow":"follow","max-snippet":"max-snippet:-1","max-image-preview":"max-image-preview:large","max-video-preview":"max-video-preview:-1"},"canonical":"https:\/\/biomaxi.ch\/de\/produit\/duo-pack-rasierfluid-und-after-shave-fluid\/","og_locale":"de_DE","og_type":"article","og_title":"Duo Pack Rasierfluid und After Shave Fluid - Monsieur d'Essarts - Phyt-Inov\u00ae Offizielle Webseite - Biologische Gesichts- und Hautpflegecreme f\u00fcr M\u00e4nner - Rote Propolis und Birkensaft - 100 ml 100% nat\u00fcrlich und ultrabiologisch | Biomaxi.ch","og_description":"Biomaxi, offizieller Schweizer H\u00e4ndler von Phyt-Inov international\u00ae Official, dem Schweizer Labor, das auf nat\u00fcrliche und biologische Pflege und Kosmetik f\u00fcr die Gesundheit und Sch\u00f6nheit der Haut spezialisiert ist, bietet das Rasier- und After-Shave-Fluid Monsieur d'Essarts an, (100 ml ohne Konservierungsstoffe und PEG) - Das Rasierwasser Monsieur d'Essarts ist ein nat\u00fcrliches\/biologisches Produkt von Phyt Inov, um die Sch\u00f6nheit der m\u00e4nnlichen Haut zu bewahren (Rasiercreme\/Rasiercreme\/Rotpolis), f\u00fcr eine gr\u00fcndliche und sanfte Rasur, ohne die Haut anzugreifen oder zu reizen. Maximum an Nat\u00fcrlichkeit","og_url":"https:\/\/biomaxi.ch\/de\/produit\/duo-pack-rasierfluid-und-after-shave-fluid\/","og_site_name":"Biomaxi","article_publisher":"https:\/\/www.facebook.com\/biomaxisuisse\/","og_image":[{"width":801,"height":801,"url":"https:\/\/biomaxi.ch\/wp-content\/uploads\/2023\/07\/fluide-rasage-monsieur-dessarts-1.png","type":"image\/png"}],"twitter_card":"summary_large_image","twitter_misc":{"Gesch\u00e4tzte Lesezeit":"1\u00a0Minute"},"schema":{"@context":"https:\/\/schema.org","@graph":[{"@type":"WebPage","@id":"https:\/\/biomaxi.ch\/de\/produit\/duo-pack-rasierfluid-und-after-shave-fluid\/","url":"https:\/\/biomaxi.ch\/de\/produit\/duo-pack-rasierfluid-und-after-shave-fluid\/","name":"Duo Pack Rasierfluid und After Shave Fluid - Monsieur d'Essarts - Phyt-Inov\u00ae Offizielle Webseite - Biologische Gesichts- und Hautpflegecreme f\u00fcr M\u00e4nner - Rote Propolis und Birkensaft - 100 ml 100% nat\u00fcrlich und ultrabiologisch | Biomaxi.ch","isPartOf":{"@id":"https:\/\/biomaxi.ch\/#website"},"primaryImageOfPage":{"@id":"https:\/\/biomaxi.ch\/de\/produit\/duo-pack-rasierfluid-und-after-shave-fluid\/#primaryimage"},"image":{"@id":"https:\/\/biomaxi.ch\/de\/produit\/duo-pack-rasierfluid-und-after-shave-fluid\/#primaryimage"},"thumbnailUrl":"https:\/\/biomaxi.ch\/wp-content\/uploads\/2025\/07\/Shaving-flura-after-Shave-fluid-3.png","datePublished":"2021-01-07T08:10:05+00:00","description":"Biomaxi, offizieller Schweizer H\u00e4ndler von Phyt-Inov international\u00ae Official, dem Schweizer Labor, das auf nat\u00fcrliche und biologische Pflege und Kosmetik f\u00fcr die Gesundheit und Sch\u00f6nheit der Haut spezialisiert ist, bietet das Rasier- und After-Shave-Fluid Monsieur d'Essarts an, (100 ml ohne Konservierungsstoffe und PEG) - Das Rasierwasser Monsieur d'Essarts ist ein nat\u00fcrliches\/biologisches Produkt von Phyt Inov, um die Sch\u00f6nheit der m\u00e4nnlichen Haut zu bewahren (Rasiercreme\/Rasiercreme\/Rotpolis), f\u00fcr eine gr\u00fcndliche und sanfte Rasur, ohne die Haut anzugreifen oder zu reizen. Maximum an Nat\u00fcrlichkeit","breadcrumb":{"@id":"https:\/\/biomaxi.ch\/de\/produit\/duo-pack-rasierfluid-und-after-shave-fluid\/#breadcrumb"},"inLanguage":"de","potentialAction":[{"@type":"ReadAction","target":["https:\/\/biomaxi.ch\/de\/produit\/duo-pack-rasierfluid-und-after-shave-fluid\/"]}]},{"@type":"ImageObject","inLanguage":"de","@id":"https:\/\/biomaxi.ch\/de\/produit\/duo-pack-rasierfluid-und-after-shave-fluid\/#primaryimage","url":"https:\/\/biomaxi.ch\/wp-content\/uploads\/2025\/07\/Shaving-flura-after-Shave-fluid-3.png","contentUrl":"https:\/\/biomaxi.ch\/wp-content\/uploads\/2025\/07\/Shaving-flura-after-Shave-fluid-3.png","width":2446,"height":2560},{"@type":"BreadcrumbList","@id":"https:\/\/biomaxi.ch\/de\/produit\/duo-pack-rasierfluid-und-after-shave-fluid\/#breadcrumb","itemListElement":[{"@type":"ListItem","position":1,"name":"Accueil","item":"https:\/\/biomaxi.ch\/de\/"},{"@type":"ListItem","position":2,"name":"Produits","item":"https:\/\/biomaxi.ch\/produits\/"},{"@type":"ListItem","position":3,"name":"Duo-Pack Rasierfluid und After-Shave-Fluid"}]},{"@type":"WebSite","@id":"https:\/\/biomaxi.ch\/#website","url":"https:\/\/biomaxi.ch\/","name":"Biomaxi","description":"Compl\u00e9ments alimentaires bio d&#039;origine suisse bio et naturels","publisher":{"@id":"https:\/\/biomaxi.ch\/#organization"},"potentialAction":[{"@type":"SearchAction","target":{"@type":"EntryPoint","urlTemplate":"https:\/\/biomaxi.ch\/?s={search_term_string}"},"query-input":{"@type":"PropertyValueSpecification","valueRequired":true,"valueName":"search_term_string"}}],"inLanguage":"de"},{"@type":"Organization","@id":"https:\/\/biomaxi.ch\/#organization","name":"Biomaxi","url":"https:\/\/biomaxi.ch\/","logo":{"@type":"ImageObject","inLanguage":"de","@id":"https:\/\/biomaxi.ch\/#\/schema\/logo\/image\/","url":"https:\/\/biomaxi.ch\/wp-content\/uploads\/2024\/05\/LogoBiomaxiSite-1014x1024-1.jpg","contentUrl":"https:\/\/biomaxi.ch\/wp-content\/uploads\/2024\/05\/LogoBiomaxiSite-1014x1024-1.jpg","width":1014,"height":1024,"caption":"Biomaxi"},"image":{"@id":"https:\/\/biomaxi.ch\/#\/schema\/logo\/image\/"},"sameAs":["https:\/\/www.facebook.com\/biomaxisuisse\/","https:\/\/www.instagram.com\/phytinov\/"]}]}},"_links":{"self":[{"href":"https:\/\/biomaxi.ch\/de\/wp-json\/wp\/v2\/product\/30950","targetHints":{"allow":["GET"]}}],"collection":[{"href":"https:\/\/biomaxi.ch\/de\/wp-json\/wp\/v2\/product"}],"about":[{"href":"https:\/\/biomaxi.ch\/de\/wp-json\/wp\/v2\/types\/product"}],"replies":[{"embeddable":true,"href":"https:\/\/biomaxi.ch\/de\/wp-json\/wp\/v2\/comments?post=30950"}],"wp:featuredmedia":[{"embeddable":true,"href":"https:\/\/biomaxi.ch\/de\/wp-json\/wp\/v2\/media\/31379"}],"wp:attachment":[{"href":"https:\/\/biomaxi.ch\/de\/wp-json\/wp\/v2\/media?parent=30950"}],"wp:term":[{"taxonomy":"product_brand","embeddable":true,"href":"https:\/\/biomaxi.ch\/de\/wp-json\/wp\/v2\/product_brand?post=30950"},{"taxonomy":"product_cat","embeddable":true,"href":"https:\/\/biomaxi.ch\/de\/wp-json\/wp\/v2\/product_cat?post=30950"},{"taxonomy":"product_tag","embeddable":true,"href":"https:\/\/biomaxi.ch\/de\/wp-json\/wp\/v2\/product_tag?post=30950"}],"curies":[{"name":"wp","href":"https:\/\/api.w.org\/{rel}","templated":true}]}}