{"id":30947,"date":"2020-08-04T15:53:32","date_gmt":"2020-08-04T13:53:32","guid":{"rendered":"https:\/\/biomaxi.ch\/produit\/lyso-home-tropfverschluss\/"},"modified":"2020-08-04T15:53:32","modified_gmt":"2020-08-04T13:53:32","slug":"lyso-home-tropfverschluss","status":"publish","type":"product","link":"https:\/\/biomaxi.ch\/de\/produit\/lyso-home-tropfverschluss\/","title":{"rendered":"Lyso-home (Tropfverschluss)"},"content":{"rendered":"<p>50-ml-Glasflasche mit Tropfverschluss.<\/p>\n<p><strong>Zusammensetzung:<\/strong> Eucalyptus Radiata Leaf\/Stem Oil, Melaleuca Viridiflora Leaf Oil, Turpentin, Alkohol, Limonene, Cinnamomum Camphora Leaf Oil, Thymus Zygis Flower Oil, Linalool, Aqua, Geraniol, Citral, Citronellol, Eugenol.<\/p>\n<p><i>Au\u00dferhalb der Reichweite von Kindern aufbewahren, nicht f\u00fcr schwangere Frauen geeignet, nicht in der N\u00e4he von Flammen spr\u00fchen. Vermeiden Sie den Kontakt mit den Schleimh\u00e4uten und den Augen.<\/i><\/p>\n<p><strong>100% biologisch.<\/strong><\/p>\n","protected":false},"excerpt":{"rendered":"<p>Lyso-home mit Tropfverschluss ist ein Komplex aus speziell ausgew\u00e4hlten biologischen \u00e4therischen \u00d6len. Verwendung in einem Diffusor. Sie k\u00f6nnen auch ein paar Tropfen auf ein Taschentuch, eine Maske oder einen Kissenbezug &#8222;fallen&#8220; lassen&#8230;<br \/>\nEs wird einen sehr angenehmen und zarten Duft verleihen.<\/p>\n<p>Kann auch in einem Diffusor verwendet werden.<\/p>\n<p>&nbsp;<\/p>\n<p>Lyso-home und Lyso-Spray sind die gleiche Formel, aber Lyso-home hat einen Tropfverschluss und Lyso-Spray einen Spr\u00fchverschluss.<\/p>\n","protected":false},"featured_media":30948,"comment_status":"open","ping_status":"closed","template":"","meta":{"_et_pb_use_builder":"","_et_pb_old_content":"","_et_gb_content_width":""},"product_brand":[],"product_cat":[226,202,227],"product_tag":[247,217,248],"class_list":{"0":"post-30947","1":"product","2":"type-product","3":"status-publish","4":"has-post-thumbnail","6":"product_cat-hygiene-und-gesundheit","7":"product_cat-phytinov-de-2","8":"product_cat-schoenheit-hautpflege","9":"product_tag-bio-de","10":"product_tag-erganzung","11":"product_tag-naturlich","13":"first","14":"instock","15":"downloadable","16":"shipping-taxable","17":"purchasable","18":"product-type-simple"},"yoast_head":"<!-- This site is optimized with the Yoast SEO plugin v27.3 - https:\/\/yoast.com\/product\/yoast-seo-wordpress\/ -->\n<title>Nat\u00fcrliches und biologisches Produkt zur Luftreinigung von Biomaxi, dem offiziellen Schweizer Vertriebspartner von Phyt-Inov\u00ae (entwickelt mit JP Willem) - Tropfenz\u00e4hlerflasche auf der Basis von \u00e4therischen \u00d6len mit angenehmen D\u00fcften und antiviral - Lyso-home Tropfenz\u00e4hler 50 ml | Biomaxi.ch<\/title>\n<meta name=\"description\" content=\"Biomaxi, offizieller Wiederverk\u00e4ufer in der Schweiz von Phyt-Inov international\u00ae Official, dem Schweizer Referenzlabor f\u00fcr nat\u00fcrliche und biologische Produkte, die mit JP Willem entwickelt wurden, und biologische\/nat\u00fcrliche Nahrungserg\u00e4nzungsmittel, bietet Lyso-home Tropfenz\u00e4hler 50 ml - Lyso-home ist ein Produkt auf der Basis von \u00e4therischen \u00d6len mit antiviraler Wirkung, um jeden Ort zu reinigen (Eukalyptus\/Melaleuca Viridiflora\/Zimt\/Thymian). Verleiht allen R\u00e4umen einen angenehmen Duft.\" \/>\n<meta name=\"robots\" content=\"index, follow, max-snippet:-1, max-image-preview:large, max-video-preview:-1\" \/>\n<link rel=\"canonical\" href=\"https:\/\/biomaxi.ch\/de\/produit\/lyso-home-tropfverschluss\/\" \/>\n<meta property=\"og:locale\" content=\"de_DE\" \/>\n<meta property=\"og:type\" content=\"article\" \/>\n<meta property=\"og:title\" content=\"Nat\u00fcrliches und biologisches Produkt zur Luftreinigung von Biomaxi, dem offiziellen Schweizer Vertriebspartner von Phyt-Inov\u00ae (entwickelt mit JP Willem) - Tropfenz\u00e4hlerflasche auf der Basis von \u00e4therischen \u00d6len mit angenehmen D\u00fcften und antiviral - Lyso-home Tropfenz\u00e4hler 50 ml | Biomaxi.ch\" \/>\n<meta property=\"og:description\" content=\"Biomaxi, offizieller Wiederverk\u00e4ufer in der Schweiz von Phyt-Inov international\u00ae Official, dem Schweizer Referenzlabor f\u00fcr nat\u00fcrliche und biologische Produkte, die mit JP Willem entwickelt wurden, und biologische\/nat\u00fcrliche Nahrungserg\u00e4nzungsmittel, bietet Lyso-home Tropfenz\u00e4hler 50 ml - Lyso-home ist ein Produkt auf der Basis von \u00e4therischen \u00d6len mit antiviraler Wirkung, um jeden Ort zu reinigen (Eukalyptus\/Melaleuca Viridiflora\/Zimt\/Thymian). Verleiht allen R\u00e4umen einen angenehmen Duft.\" \/>\n<meta property=\"og:url\" content=\"https:\/\/biomaxi.ch\/de\/produit\/lyso-home-tropfverschluss\/\" \/>\n<meta property=\"og:site_name\" content=\"Biomaxi\" \/>\n<meta property=\"article:publisher\" content=\"https:\/\/www.facebook.com\/biomaxisuisse\/\" \/>\n<meta property=\"og:image\" content=\"https:\/\/biomaxi.ch\/wp-content\/uploads\/2024\/02\/Lyso-home-pour-site-Biomaxi.jpg\" \/>\n\t<meta property=\"og:image:width\" content=\"1244\" \/>\n\t<meta property=\"og:image:height\" content=\"1555\" \/>\n\t<meta property=\"og:image:type\" content=\"image\/jpeg\" \/>\n<meta name=\"twitter:card\" content=\"summary_large_image\" \/>\n<script type=\"application\/ld+json\" class=\"yoast-schema-graph\">{\"@context\":\"https:\\\/\\\/schema.org\",\"@graph\":[{\"@type\":\"WebPage\",\"@id\":\"https:\\\/\\\/biomaxi.ch\\\/de\\\/produit\\\/lyso-home-tropfverschluss\\\/\",\"url\":\"https:\\\/\\\/biomaxi.ch\\\/de\\\/produit\\\/lyso-home-tropfverschluss\\\/\",\"name\":\"Nat\u00fcrliches und biologisches Produkt zur Luftreinigung von Biomaxi, dem offiziellen Schweizer Vertriebspartner von Phyt-Inov\u00ae (entwickelt mit JP Willem) - Tropfenz\u00e4hlerflasche auf der Basis von \u00e4therischen \u00d6len mit angenehmen D\u00fcften und antiviral - Lyso-home Tropfenz\u00e4hler 50 ml | Biomaxi.ch\",\"isPartOf\":{\"@id\":\"https:\\\/\\\/biomaxi.ch\\\/#website\"},\"primaryImageOfPage\":{\"@id\":\"https:\\\/\\\/biomaxi.ch\\\/de\\\/produit\\\/lyso-home-tropfverschluss\\\/#primaryimage\"},\"image\":{\"@id\":\"https:\\\/\\\/biomaxi.ch\\\/de\\\/produit\\\/lyso-home-tropfverschluss\\\/#primaryimage\"},\"thumbnailUrl\":\"https:\\\/\\\/biomaxi.ch\\\/wp-content\\\/uploads\\\/2024\\\/02\\\/Lyso-home-pour-site-Biomaxi.jpg\",\"datePublished\":\"2020-08-04T13:53:32+00:00\",\"description\":\"Biomaxi, offizieller Wiederverk\u00e4ufer in der Schweiz von Phyt-Inov international\u00ae Official, dem Schweizer Referenzlabor f\u00fcr nat\u00fcrliche und biologische Produkte, die mit JP Willem entwickelt wurden, und biologische\\\/nat\u00fcrliche Nahrungserg\u00e4nzungsmittel, bietet Lyso-home Tropfenz\u00e4hler 50 ml - Lyso-home ist ein Produkt auf der Basis von \u00e4therischen \u00d6len mit antiviraler Wirkung, um jeden Ort zu reinigen (Eukalyptus\\\/Melaleuca Viridiflora\\\/Zimt\\\/Thymian). Verleiht allen R\u00e4umen einen angenehmen Duft.\",\"breadcrumb\":{\"@id\":\"https:\\\/\\\/biomaxi.ch\\\/de\\\/produit\\\/lyso-home-tropfverschluss\\\/#breadcrumb\"},\"inLanguage\":\"de\",\"potentialAction\":[{\"@type\":\"ReadAction\",\"target\":[\"https:\\\/\\\/biomaxi.ch\\\/de\\\/produit\\\/lyso-home-tropfverschluss\\\/\"]}]},{\"@type\":\"ImageObject\",\"inLanguage\":\"de\",\"@id\":\"https:\\\/\\\/biomaxi.ch\\\/de\\\/produit\\\/lyso-home-tropfverschluss\\\/#primaryimage\",\"url\":\"https:\\\/\\\/biomaxi.ch\\\/wp-content\\\/uploads\\\/2024\\\/02\\\/Lyso-home-pour-site-Biomaxi.jpg\",\"contentUrl\":\"https:\\\/\\\/biomaxi.ch\\\/wp-content\\\/uploads\\\/2024\\\/02\\\/Lyso-home-pour-site-Biomaxi.jpg\",\"width\":1244,\"height\":1555},{\"@type\":\"BreadcrumbList\",\"@id\":\"https:\\\/\\\/biomaxi.ch\\\/de\\\/produit\\\/lyso-home-tropfverschluss\\\/#breadcrumb\",\"itemListElement\":[{\"@type\":\"ListItem\",\"position\":1,\"name\":\"Accueil\",\"item\":\"https:\\\/\\\/biomaxi.ch\\\/de\\\/\"},{\"@type\":\"ListItem\",\"position\":2,\"name\":\"Produits\",\"item\":\"https:\\\/\\\/biomaxi.ch\\\/produits\\\/\"},{\"@type\":\"ListItem\",\"position\":3,\"name\":\"Lyso-home (Tropfverschluss)\"}]},{\"@type\":\"WebSite\",\"@id\":\"https:\\\/\\\/biomaxi.ch\\\/#website\",\"url\":\"https:\\\/\\\/biomaxi.ch\\\/\",\"name\":\"Biomaxi\",\"description\":\"Compl\u00e9ments alimentaires bio d&#039;origine suisse bio et naturels\",\"publisher\":{\"@id\":\"https:\\\/\\\/biomaxi.ch\\\/#organization\"},\"potentialAction\":[{\"@type\":\"SearchAction\",\"target\":{\"@type\":\"EntryPoint\",\"urlTemplate\":\"https:\\\/\\\/biomaxi.ch\\\/?s={search_term_string}\"},\"query-input\":{\"@type\":\"PropertyValueSpecification\",\"valueRequired\":true,\"valueName\":\"search_term_string\"}}],\"inLanguage\":\"de\"},{\"@type\":\"Organization\",\"@id\":\"https:\\\/\\\/biomaxi.ch\\\/#organization\",\"name\":\"Biomaxi\",\"url\":\"https:\\\/\\\/biomaxi.ch\\\/\",\"logo\":{\"@type\":\"ImageObject\",\"inLanguage\":\"de\",\"@id\":\"https:\\\/\\\/biomaxi.ch\\\/#\\\/schema\\\/logo\\\/image\\\/\",\"url\":\"https:\\\/\\\/biomaxi.ch\\\/wp-content\\\/uploads\\\/2024\\\/05\\\/LogoBiomaxiSite-1014x1024-1.jpg\",\"contentUrl\":\"https:\\\/\\\/biomaxi.ch\\\/wp-content\\\/uploads\\\/2024\\\/05\\\/LogoBiomaxiSite-1014x1024-1.jpg\",\"width\":1014,\"height\":1024,\"caption\":\"Biomaxi\"},\"image\":{\"@id\":\"https:\\\/\\\/biomaxi.ch\\\/#\\\/schema\\\/logo\\\/image\\\/\"},\"sameAs\":[\"https:\\\/\\\/www.facebook.com\\\/biomaxisuisse\\\/\",\"https:\\\/\\\/www.instagram.com\\\/phytinov\\\/\"]}]}<\/script>\n<!-- \/ Yoast SEO plugin. -->","yoast_head_json":{"title":"Nat\u00fcrliches und biologisches Produkt zur Luftreinigung von Biomaxi, dem offiziellen Schweizer Vertriebspartner von Phyt-Inov\u00ae (entwickelt mit JP Willem) - Tropfenz\u00e4hlerflasche auf der Basis von \u00e4therischen \u00d6len mit angenehmen D\u00fcften und antiviral - Lyso-home Tropfenz\u00e4hler 50 ml | Biomaxi.ch","description":"Biomaxi, offizieller Wiederverk\u00e4ufer in der Schweiz von Phyt-Inov international\u00ae Official, dem Schweizer Referenzlabor f\u00fcr nat\u00fcrliche und biologische Produkte, die mit JP Willem entwickelt wurden, und biologische\/nat\u00fcrliche Nahrungserg\u00e4nzungsmittel, bietet Lyso-home Tropfenz\u00e4hler 50 ml - Lyso-home ist ein Produkt auf der Basis von \u00e4therischen \u00d6len mit antiviraler Wirkung, um jeden Ort zu reinigen (Eukalyptus\/Melaleuca Viridiflora\/Zimt\/Thymian). Verleiht allen R\u00e4umen einen angenehmen Duft.","robots":{"index":"index","follow":"follow","max-snippet":"max-snippet:-1","max-image-preview":"max-image-preview:large","max-video-preview":"max-video-preview:-1"},"canonical":"https:\/\/biomaxi.ch\/de\/produit\/lyso-home-tropfverschluss\/","og_locale":"de_DE","og_type":"article","og_title":"Nat\u00fcrliches und biologisches Produkt zur Luftreinigung von Biomaxi, dem offiziellen Schweizer Vertriebspartner von Phyt-Inov\u00ae (entwickelt mit JP Willem) - Tropfenz\u00e4hlerflasche auf der Basis von \u00e4therischen \u00d6len mit angenehmen D\u00fcften und antiviral - Lyso-home Tropfenz\u00e4hler 50 ml | Biomaxi.ch","og_description":"Biomaxi, offizieller Wiederverk\u00e4ufer in der Schweiz von Phyt-Inov international\u00ae Official, dem Schweizer Referenzlabor f\u00fcr nat\u00fcrliche und biologische Produkte, die mit JP Willem entwickelt wurden, und biologische\/nat\u00fcrliche Nahrungserg\u00e4nzungsmittel, bietet Lyso-home Tropfenz\u00e4hler 50 ml - Lyso-home ist ein Produkt auf der Basis von \u00e4therischen \u00d6len mit antiviraler Wirkung, um jeden Ort zu reinigen (Eukalyptus\/Melaleuca Viridiflora\/Zimt\/Thymian). Verleiht allen R\u00e4umen einen angenehmen Duft.","og_url":"https:\/\/biomaxi.ch\/de\/produit\/lyso-home-tropfverschluss\/","og_site_name":"Biomaxi","article_publisher":"https:\/\/www.facebook.com\/biomaxisuisse\/","og_image":[{"width":1244,"height":1555,"url":"https:\/\/biomaxi.ch\/wp-content\/uploads\/2024\/02\/Lyso-home-pour-site-Biomaxi.jpg","type":"image\/jpeg"}],"twitter_card":"summary_large_image","schema":{"@context":"https:\/\/schema.org","@graph":[{"@type":"WebPage","@id":"https:\/\/biomaxi.ch\/de\/produit\/lyso-home-tropfverschluss\/","url":"https:\/\/biomaxi.ch\/de\/produit\/lyso-home-tropfverschluss\/","name":"Nat\u00fcrliches und biologisches Produkt zur Luftreinigung von Biomaxi, dem offiziellen Schweizer Vertriebspartner von Phyt-Inov\u00ae (entwickelt mit JP Willem) - Tropfenz\u00e4hlerflasche auf der Basis von \u00e4therischen \u00d6len mit angenehmen D\u00fcften und antiviral - Lyso-home Tropfenz\u00e4hler 50 ml | Biomaxi.ch","isPartOf":{"@id":"https:\/\/biomaxi.ch\/#website"},"primaryImageOfPage":{"@id":"https:\/\/biomaxi.ch\/de\/produit\/lyso-home-tropfverschluss\/#primaryimage"},"image":{"@id":"https:\/\/biomaxi.ch\/de\/produit\/lyso-home-tropfverschluss\/#primaryimage"},"thumbnailUrl":"https:\/\/biomaxi.ch\/wp-content\/uploads\/2024\/02\/Lyso-home-pour-site-Biomaxi.jpg","datePublished":"2020-08-04T13:53:32+00:00","description":"Biomaxi, offizieller Wiederverk\u00e4ufer in der Schweiz von Phyt-Inov international\u00ae Official, dem Schweizer Referenzlabor f\u00fcr nat\u00fcrliche und biologische Produkte, die mit JP Willem entwickelt wurden, und biologische\/nat\u00fcrliche Nahrungserg\u00e4nzungsmittel, bietet Lyso-home Tropfenz\u00e4hler 50 ml - Lyso-home ist ein Produkt auf der Basis von \u00e4therischen \u00d6len mit antiviraler Wirkung, um jeden Ort zu reinigen (Eukalyptus\/Melaleuca Viridiflora\/Zimt\/Thymian). Verleiht allen R\u00e4umen einen angenehmen Duft.","breadcrumb":{"@id":"https:\/\/biomaxi.ch\/de\/produit\/lyso-home-tropfverschluss\/#breadcrumb"},"inLanguage":"de","potentialAction":[{"@type":"ReadAction","target":["https:\/\/biomaxi.ch\/de\/produit\/lyso-home-tropfverschluss\/"]}]},{"@type":"ImageObject","inLanguage":"de","@id":"https:\/\/biomaxi.ch\/de\/produit\/lyso-home-tropfverschluss\/#primaryimage","url":"https:\/\/biomaxi.ch\/wp-content\/uploads\/2024\/02\/Lyso-home-pour-site-Biomaxi.jpg","contentUrl":"https:\/\/biomaxi.ch\/wp-content\/uploads\/2024\/02\/Lyso-home-pour-site-Biomaxi.jpg","width":1244,"height":1555},{"@type":"BreadcrumbList","@id":"https:\/\/biomaxi.ch\/de\/produit\/lyso-home-tropfverschluss\/#breadcrumb","itemListElement":[{"@type":"ListItem","position":1,"name":"Accueil","item":"https:\/\/biomaxi.ch\/de\/"},{"@type":"ListItem","position":2,"name":"Produits","item":"https:\/\/biomaxi.ch\/produits\/"},{"@type":"ListItem","position":3,"name":"Lyso-home (Tropfverschluss)"}]},{"@type":"WebSite","@id":"https:\/\/biomaxi.ch\/#website","url":"https:\/\/biomaxi.ch\/","name":"Biomaxi","description":"Compl\u00e9ments alimentaires bio d&#039;origine suisse bio et naturels","publisher":{"@id":"https:\/\/biomaxi.ch\/#organization"},"potentialAction":[{"@type":"SearchAction","target":{"@type":"EntryPoint","urlTemplate":"https:\/\/biomaxi.ch\/?s={search_term_string}"},"query-input":{"@type":"PropertyValueSpecification","valueRequired":true,"valueName":"search_term_string"}}],"inLanguage":"de"},{"@type":"Organization","@id":"https:\/\/biomaxi.ch\/#organization","name":"Biomaxi","url":"https:\/\/biomaxi.ch\/","logo":{"@type":"ImageObject","inLanguage":"de","@id":"https:\/\/biomaxi.ch\/#\/schema\/logo\/image\/","url":"https:\/\/biomaxi.ch\/wp-content\/uploads\/2024\/05\/LogoBiomaxiSite-1014x1024-1.jpg","contentUrl":"https:\/\/biomaxi.ch\/wp-content\/uploads\/2024\/05\/LogoBiomaxiSite-1014x1024-1.jpg","width":1014,"height":1024,"caption":"Biomaxi"},"image":{"@id":"https:\/\/biomaxi.ch\/#\/schema\/logo\/image\/"},"sameAs":["https:\/\/www.facebook.com\/biomaxisuisse\/","https:\/\/www.instagram.com\/phytinov\/"]}]}},"_links":{"self":[{"href":"https:\/\/biomaxi.ch\/de\/wp-json\/wp\/v2\/product\/30947","targetHints":{"allow":["GET"]}}],"collection":[{"href":"https:\/\/biomaxi.ch\/de\/wp-json\/wp\/v2\/product"}],"about":[{"href":"https:\/\/biomaxi.ch\/de\/wp-json\/wp\/v2\/types\/product"}],"replies":[{"embeddable":true,"href":"https:\/\/biomaxi.ch\/de\/wp-json\/wp\/v2\/comments?post=30947"}],"wp:featuredmedia":[{"embeddable":true,"href":"https:\/\/biomaxi.ch\/de\/wp-json\/wp\/v2\/media\/30948"}],"wp:attachment":[{"href":"https:\/\/biomaxi.ch\/de\/wp-json\/wp\/v2\/media?parent=30947"}],"wp:term":[{"taxonomy":"product_brand","embeddable":true,"href":"https:\/\/biomaxi.ch\/de\/wp-json\/wp\/v2\/product_brand?post=30947"},{"taxonomy":"product_cat","embeddable":true,"href":"https:\/\/biomaxi.ch\/de\/wp-json\/wp\/v2\/product_cat?post=30947"},{"taxonomy":"product_tag","embeddable":true,"href":"https:\/\/biomaxi.ch\/de\/wp-json\/wp\/v2\/product_tag?post=30947"}],"curies":[{"name":"wp","href":"https:\/\/api.w.org\/{rel}","templated":true}]}}