{"id":30941,"date":"2017-07-17T13:10:43","date_gmt":"2017-07-17T11:10:43","guid":{"rendered":"https:\/\/biomaxi.ch\/produit\/shampoo-duschgel\/"},"modified":"2017-07-17T13:10:43","modified_gmt":"2017-07-17T11:10:43","slug":"shampoo-duschgel","status":"publish","type":"product","link":"https:\/\/biomaxi.ch\/de\/produit\/shampoo-duschgel\/","title":{"rendered":"Shampoo &#8211; Duschgel"},"content":{"rendered":"<p>Der Birkensaft liefert alle seine Bestandteile, um das Haar zu n\u00e4hren und zu st\u00e4rken und die Kopfhaut mit N\u00e4hrstoffen zu versorgen.<\/p>\n<p>Dieses Duschgel-Shampoo ist auch f\u00fcr die empfindlichste Haut geeignet.<\/p>\n<p>Dank seiner nat\u00fcrlichen Zusammensetzung respektiert dieses Produkt den pH-Wert der Haut und verleiht ihr Weichheit und Schutz.<\/p>\n<p>Es hat au\u00dferdem einen zarten Orangenduft.<\/p>\n<p>Der biologische Birkensaft ist sehr reich an Mineralien, Spurenelementen, freien Aminos\u00e4uren und Vitaminen und belebt und dynamisiert das Shampoo durch die Kan\u00e4le des Baumes.<\/p>\n","protected":false},"excerpt":{"rendered":"<p>300 ml Flasche.<\/p>\n<p><strong>99.2% <\/strong>der Inhaltsstoffe sind nat\u00fcrlichen Ursprungs.<br \/>\n<strong>61.1%<\/strong> stammen aus biologischem Anbau.<\/p>\n<p><strong>Inhalts<\/strong> stoffe: Betula Alba Juice*, Aqua, Decyl Glucoside, Coco-Glucoside, Glycerin, Citrus Sinensis Peel Oil Expressed*, Limonene, Xanthan Gum, Decyl Alcohol, Xylose, Glyceryl Oleate, Levulinic Acid, Inulin, Gaultheria Procumbens Leaf Extract, Acetum*, Sodium Levulinate, Rosmarinus Officinalis Leaf Oil*, Glyceryl Caprylat, Citric Acid, Phytic Acid, Hydrolyzed Sweet Almond Protein, Biosaccharide Gum-1, Salvia Sclarea Oil*, Sodium Anisate, Rubus Idaeus Fruit Extract*, Sodium Benzoate, Tocopherol, Hydrogenated Vegetable Glycerides Citrate, Sodium Citrate, Linalool.<br \/>\n<em>* Zutaten aus biologischer Landwirtschaft.<\/em><\/p>\n","protected":false},"featured_media":30942,"comment_status":"open","ping_status":"closed","template":"","meta":{"_et_pb_use_builder":"","_et_pb_old_content":"","_et_gb_content_width":""},"product_brand":[],"product_cat":[226,202,227],"product_tag":[241,242,239,240],"class_list":{"0":"post-30941","1":"product","2":"type-product","3":"status-publish","4":"has-post-thumbnail","6":"product_cat-hygiene-und-gesundheit","7":"product_cat-phytinov-de-2","8":"product_cat-schoenheit-hautpflege","9":"product_tag-duschgel","10":"product_tag-hygiene-de","11":"product_tag-korperpflege","12":"product_tag-shampoo","14":"first","15":"instock","16":"shipping-taxable","17":"purchasable","18":"product-type-simple"},"yoast_head":"<!-- This site is optimized with the Yoast SEO plugin v27.3 - https:\/\/yoast.com\/product\/yoast-seo-wordpress\/ -->\n<title>Shampoo Duschgel mit Birkensaft - Biomaxi offizieller Schweizer H\u00e4ndler f\u00fcr das offizielle Phyt-Inov\u00ae Labor - Shampoo Duschgel aus biologischem Anbau zur Pflege von Haar und Haut, St\u00e4rkung der Kopfhaut - ph-neutral - Birkensaft - 300 ml nat\u00fcrlich, biologisch | Biomaxi.ch<\/title>\n<meta name=\"description\" content=\"Biomaxi ist offizieller Schweizer H\u00e4ndler von Phyt-Inov international\u00ae Official, dem f\u00fchrenden Schweizer Labor f\u00fcr nat\u00fcrliche und biologische Pflege und Kosmetik f\u00fcr die Gesundheit und Sch\u00f6nheit der Haut, und bietet sein biologisches Duschgel-Shampoo (300 ml, ohne Konservierungsstoffe, ohne PEG) an.\" \/>\n<meta name=\"robots\" content=\"index, follow, max-snippet:-1, max-image-preview:large, max-video-preview:-1\" \/>\n<link rel=\"canonical\" href=\"https:\/\/biomaxi.ch\/de\/produit\/shampoo-duschgel\/\" \/>\n<meta property=\"og:locale\" content=\"de_DE\" \/>\n<meta property=\"og:type\" content=\"article\" \/>\n<meta property=\"og:title\" content=\"Shampoo Duschgel mit Birkensaft - Biomaxi offizieller Schweizer H\u00e4ndler f\u00fcr das offizielle Phyt-Inov\u00ae Labor - Shampoo Duschgel aus biologischem Anbau zur Pflege von Haar und Haut, St\u00e4rkung der Kopfhaut - ph-neutral - Birkensaft - 300 ml nat\u00fcrlich, biologisch | Biomaxi.ch\" \/>\n<meta property=\"og:description\" content=\"Biomaxi ist offizieller Schweizer H\u00e4ndler von Phyt-Inov international\u00ae Official, dem f\u00fchrenden Schweizer Labor f\u00fcr nat\u00fcrliche und biologische Pflege und Kosmetik f\u00fcr die Gesundheit und Sch\u00f6nheit der Haut, und bietet sein biologisches Duschgel-Shampoo (300 ml, ohne Konservierungsstoffe, ohne PEG) an.\" \/>\n<meta property=\"og:url\" content=\"https:\/\/biomaxi.ch\/de\/produit\/shampoo-duschgel\/\" \/>\n<meta property=\"og:site_name\" content=\"Biomaxi\" \/>\n<meta property=\"article:publisher\" content=\"https:\/\/www.facebook.com\/biomaxisuisse\/\" \/>\n<meta property=\"og:image\" content=\"https:\/\/biomaxi.ch\/wp-content\/uploads\/2024\/02\/Shampooing-Gel-Douche-site-Biomaxi-scaled.jpg\" \/>\n\t<meta property=\"og:image:width\" content=\"1950\" \/>\n\t<meta property=\"og:image:height\" content=\"2560\" \/>\n\t<meta property=\"og:image:type\" content=\"image\/jpeg\" \/>\n<meta name=\"twitter:card\" content=\"summary_large_image\" \/>\n<script type=\"application\/ld+json\" class=\"yoast-schema-graph\">{\"@context\":\"https:\\\/\\\/schema.org\",\"@graph\":[{\"@type\":\"WebPage\",\"@id\":\"https:\\\/\\\/biomaxi.ch\\\/de\\\/produit\\\/shampoo-duschgel\\\/\",\"url\":\"https:\\\/\\\/biomaxi.ch\\\/de\\\/produit\\\/shampoo-duschgel\\\/\",\"name\":\"Shampoo Duschgel mit Birkensaft - Biomaxi offizieller Schweizer H\u00e4ndler f\u00fcr das offizielle Phyt-Inov\u00ae Labor - Shampoo Duschgel aus biologischem Anbau zur Pflege von Haar und Haut, St\u00e4rkung der Kopfhaut - ph-neutral - Birkensaft - 300 ml nat\u00fcrlich, biologisch | Biomaxi.ch\",\"isPartOf\":{\"@id\":\"https:\\\/\\\/biomaxi.ch\\\/#website\"},\"primaryImageOfPage\":{\"@id\":\"https:\\\/\\\/biomaxi.ch\\\/de\\\/produit\\\/shampoo-duschgel\\\/#primaryimage\"},\"image\":{\"@id\":\"https:\\\/\\\/biomaxi.ch\\\/de\\\/produit\\\/shampoo-duschgel\\\/#primaryimage\"},\"thumbnailUrl\":\"https:\\\/\\\/biomaxi.ch\\\/wp-content\\\/uploads\\\/2024\\\/02\\\/Shampooing-Gel-Douche-site-Biomaxi-scaled.jpg\",\"datePublished\":\"2017-07-17T11:10:43+00:00\",\"description\":\"Biomaxi ist offizieller Schweizer H\u00e4ndler von Phyt-Inov international\u00ae Official, dem f\u00fchrenden Schweizer Labor f\u00fcr nat\u00fcrliche und biologische Pflege und Kosmetik f\u00fcr die Gesundheit und Sch\u00f6nheit der Haut, und bietet sein biologisches Duschgel-Shampoo (300 ml, ohne Konservierungsstoffe, ohne PEG) an.\",\"breadcrumb\":{\"@id\":\"https:\\\/\\\/biomaxi.ch\\\/de\\\/produit\\\/shampoo-duschgel\\\/#breadcrumb\"},\"inLanguage\":\"de\",\"potentialAction\":[{\"@type\":\"ReadAction\",\"target\":[\"https:\\\/\\\/biomaxi.ch\\\/de\\\/produit\\\/shampoo-duschgel\\\/\"]}]},{\"@type\":\"ImageObject\",\"inLanguage\":\"de\",\"@id\":\"https:\\\/\\\/biomaxi.ch\\\/de\\\/produit\\\/shampoo-duschgel\\\/#primaryimage\",\"url\":\"https:\\\/\\\/biomaxi.ch\\\/wp-content\\\/uploads\\\/2024\\\/02\\\/Shampooing-Gel-Douche-site-Biomaxi-scaled.jpg\",\"contentUrl\":\"https:\\\/\\\/biomaxi.ch\\\/wp-content\\\/uploads\\\/2024\\\/02\\\/Shampooing-Gel-Douche-site-Biomaxi-scaled.jpg\",\"width\":1950,\"height\":2560},{\"@type\":\"BreadcrumbList\",\"@id\":\"https:\\\/\\\/biomaxi.ch\\\/de\\\/produit\\\/shampoo-duschgel\\\/#breadcrumb\",\"itemListElement\":[{\"@type\":\"ListItem\",\"position\":1,\"name\":\"Accueil\",\"item\":\"https:\\\/\\\/biomaxi.ch\\\/de\\\/\"},{\"@type\":\"ListItem\",\"position\":2,\"name\":\"Produits\",\"item\":\"https:\\\/\\\/biomaxi.ch\\\/produits\\\/\"},{\"@type\":\"ListItem\",\"position\":3,\"name\":\"Shampoo &#8211; Duschgel\"}]},{\"@type\":\"WebSite\",\"@id\":\"https:\\\/\\\/biomaxi.ch\\\/#website\",\"url\":\"https:\\\/\\\/biomaxi.ch\\\/\",\"name\":\"Biomaxi\",\"description\":\"Compl\u00e9ments alimentaires bio d&#039;origine suisse bio et naturels\",\"publisher\":{\"@id\":\"https:\\\/\\\/biomaxi.ch\\\/#organization\"},\"potentialAction\":[{\"@type\":\"SearchAction\",\"target\":{\"@type\":\"EntryPoint\",\"urlTemplate\":\"https:\\\/\\\/biomaxi.ch\\\/?s={search_term_string}\"},\"query-input\":{\"@type\":\"PropertyValueSpecification\",\"valueRequired\":true,\"valueName\":\"search_term_string\"}}],\"inLanguage\":\"de\"},{\"@type\":\"Organization\",\"@id\":\"https:\\\/\\\/biomaxi.ch\\\/#organization\",\"name\":\"Biomaxi\",\"url\":\"https:\\\/\\\/biomaxi.ch\\\/\",\"logo\":{\"@type\":\"ImageObject\",\"inLanguage\":\"de\",\"@id\":\"https:\\\/\\\/biomaxi.ch\\\/#\\\/schema\\\/logo\\\/image\\\/\",\"url\":\"https:\\\/\\\/biomaxi.ch\\\/wp-content\\\/uploads\\\/2024\\\/05\\\/LogoBiomaxiSite-1014x1024-1.jpg\",\"contentUrl\":\"https:\\\/\\\/biomaxi.ch\\\/wp-content\\\/uploads\\\/2024\\\/05\\\/LogoBiomaxiSite-1014x1024-1.jpg\",\"width\":1014,\"height\":1024,\"caption\":\"Biomaxi\"},\"image\":{\"@id\":\"https:\\\/\\\/biomaxi.ch\\\/#\\\/schema\\\/logo\\\/image\\\/\"},\"sameAs\":[\"https:\\\/\\\/www.facebook.com\\\/biomaxisuisse\\\/\",\"https:\\\/\\\/www.instagram.com\\\/phytinov\\\/\"]}]}<\/script>\n<!-- \/ Yoast SEO plugin. -->","yoast_head_json":{"title":"Shampoo Duschgel mit Birkensaft - Biomaxi offizieller Schweizer H\u00e4ndler f\u00fcr das offizielle Phyt-Inov\u00ae Labor - Shampoo Duschgel aus biologischem Anbau zur Pflege von Haar und Haut, St\u00e4rkung der Kopfhaut - ph-neutral - Birkensaft - 300 ml nat\u00fcrlich, biologisch | Biomaxi.ch","description":"Biomaxi ist offizieller Schweizer H\u00e4ndler von Phyt-Inov international\u00ae Official, dem f\u00fchrenden Schweizer Labor f\u00fcr nat\u00fcrliche und biologische Pflege und Kosmetik f\u00fcr die Gesundheit und Sch\u00f6nheit der Haut, und bietet sein biologisches Duschgel-Shampoo (300 ml, ohne Konservierungsstoffe, ohne PEG) an.","robots":{"index":"index","follow":"follow","max-snippet":"max-snippet:-1","max-image-preview":"max-image-preview:large","max-video-preview":"max-video-preview:-1"},"canonical":"https:\/\/biomaxi.ch\/de\/produit\/shampoo-duschgel\/","og_locale":"de_DE","og_type":"article","og_title":"Shampoo Duschgel mit Birkensaft - Biomaxi offizieller Schweizer H\u00e4ndler f\u00fcr das offizielle Phyt-Inov\u00ae Labor - Shampoo Duschgel aus biologischem Anbau zur Pflege von Haar und Haut, St\u00e4rkung der Kopfhaut - ph-neutral - Birkensaft - 300 ml nat\u00fcrlich, biologisch | Biomaxi.ch","og_description":"Biomaxi ist offizieller Schweizer H\u00e4ndler von Phyt-Inov international\u00ae Official, dem f\u00fchrenden Schweizer Labor f\u00fcr nat\u00fcrliche und biologische Pflege und Kosmetik f\u00fcr die Gesundheit und Sch\u00f6nheit der Haut, und bietet sein biologisches Duschgel-Shampoo (300 ml, ohne Konservierungsstoffe, ohne PEG) an.","og_url":"https:\/\/biomaxi.ch\/de\/produit\/shampoo-duschgel\/","og_site_name":"Biomaxi","article_publisher":"https:\/\/www.facebook.com\/biomaxisuisse\/","og_image":[{"width":1950,"height":2560,"url":"https:\/\/biomaxi.ch\/wp-content\/uploads\/2024\/02\/Shampooing-Gel-Douche-site-Biomaxi-scaled.jpg","type":"image\/jpeg"}],"twitter_card":"summary_large_image","schema":{"@context":"https:\/\/schema.org","@graph":[{"@type":"WebPage","@id":"https:\/\/biomaxi.ch\/de\/produit\/shampoo-duschgel\/","url":"https:\/\/biomaxi.ch\/de\/produit\/shampoo-duschgel\/","name":"Shampoo Duschgel mit Birkensaft - Biomaxi offizieller Schweizer H\u00e4ndler f\u00fcr das offizielle Phyt-Inov\u00ae Labor - Shampoo Duschgel aus biologischem Anbau zur Pflege von Haar und Haut, St\u00e4rkung der Kopfhaut - ph-neutral - Birkensaft - 300 ml nat\u00fcrlich, biologisch | Biomaxi.ch","isPartOf":{"@id":"https:\/\/biomaxi.ch\/#website"},"primaryImageOfPage":{"@id":"https:\/\/biomaxi.ch\/de\/produit\/shampoo-duschgel\/#primaryimage"},"image":{"@id":"https:\/\/biomaxi.ch\/de\/produit\/shampoo-duschgel\/#primaryimage"},"thumbnailUrl":"https:\/\/biomaxi.ch\/wp-content\/uploads\/2024\/02\/Shampooing-Gel-Douche-site-Biomaxi-scaled.jpg","datePublished":"2017-07-17T11:10:43+00:00","description":"Biomaxi ist offizieller Schweizer H\u00e4ndler von Phyt-Inov international\u00ae Official, dem f\u00fchrenden Schweizer Labor f\u00fcr nat\u00fcrliche und biologische Pflege und Kosmetik f\u00fcr die Gesundheit und Sch\u00f6nheit der Haut, und bietet sein biologisches Duschgel-Shampoo (300 ml, ohne Konservierungsstoffe, ohne PEG) an.","breadcrumb":{"@id":"https:\/\/biomaxi.ch\/de\/produit\/shampoo-duschgel\/#breadcrumb"},"inLanguage":"de","potentialAction":[{"@type":"ReadAction","target":["https:\/\/biomaxi.ch\/de\/produit\/shampoo-duschgel\/"]}]},{"@type":"ImageObject","inLanguage":"de","@id":"https:\/\/biomaxi.ch\/de\/produit\/shampoo-duschgel\/#primaryimage","url":"https:\/\/biomaxi.ch\/wp-content\/uploads\/2024\/02\/Shampooing-Gel-Douche-site-Biomaxi-scaled.jpg","contentUrl":"https:\/\/biomaxi.ch\/wp-content\/uploads\/2024\/02\/Shampooing-Gel-Douche-site-Biomaxi-scaled.jpg","width":1950,"height":2560},{"@type":"BreadcrumbList","@id":"https:\/\/biomaxi.ch\/de\/produit\/shampoo-duschgel\/#breadcrumb","itemListElement":[{"@type":"ListItem","position":1,"name":"Accueil","item":"https:\/\/biomaxi.ch\/de\/"},{"@type":"ListItem","position":2,"name":"Produits","item":"https:\/\/biomaxi.ch\/produits\/"},{"@type":"ListItem","position":3,"name":"Shampoo &#8211; Duschgel"}]},{"@type":"WebSite","@id":"https:\/\/biomaxi.ch\/#website","url":"https:\/\/biomaxi.ch\/","name":"Biomaxi","description":"Compl\u00e9ments alimentaires bio d&#039;origine suisse bio et naturels","publisher":{"@id":"https:\/\/biomaxi.ch\/#organization"},"potentialAction":[{"@type":"SearchAction","target":{"@type":"EntryPoint","urlTemplate":"https:\/\/biomaxi.ch\/?s={search_term_string}"},"query-input":{"@type":"PropertyValueSpecification","valueRequired":true,"valueName":"search_term_string"}}],"inLanguage":"de"},{"@type":"Organization","@id":"https:\/\/biomaxi.ch\/#organization","name":"Biomaxi","url":"https:\/\/biomaxi.ch\/","logo":{"@type":"ImageObject","inLanguage":"de","@id":"https:\/\/biomaxi.ch\/#\/schema\/logo\/image\/","url":"https:\/\/biomaxi.ch\/wp-content\/uploads\/2024\/05\/LogoBiomaxiSite-1014x1024-1.jpg","contentUrl":"https:\/\/biomaxi.ch\/wp-content\/uploads\/2024\/05\/LogoBiomaxiSite-1014x1024-1.jpg","width":1014,"height":1024,"caption":"Biomaxi"},"image":{"@id":"https:\/\/biomaxi.ch\/#\/schema\/logo\/image\/"},"sameAs":["https:\/\/www.facebook.com\/biomaxisuisse\/","https:\/\/www.instagram.com\/phytinov\/"]}]}},"_links":{"self":[{"href":"https:\/\/biomaxi.ch\/de\/wp-json\/wp\/v2\/product\/30941","targetHints":{"allow":["GET"]}}],"collection":[{"href":"https:\/\/biomaxi.ch\/de\/wp-json\/wp\/v2\/product"}],"about":[{"href":"https:\/\/biomaxi.ch\/de\/wp-json\/wp\/v2\/types\/product"}],"replies":[{"embeddable":true,"href":"https:\/\/biomaxi.ch\/de\/wp-json\/wp\/v2\/comments?post=30941"}],"wp:featuredmedia":[{"embeddable":true,"href":"https:\/\/biomaxi.ch\/de\/wp-json\/wp\/v2\/media\/30942"}],"wp:attachment":[{"href":"https:\/\/biomaxi.ch\/de\/wp-json\/wp\/v2\/media?parent=30941"}],"wp:term":[{"taxonomy":"product_brand","embeddable":true,"href":"https:\/\/biomaxi.ch\/de\/wp-json\/wp\/v2\/product_brand?post=30941"},{"taxonomy":"product_cat","embeddable":true,"href":"https:\/\/biomaxi.ch\/de\/wp-json\/wp\/v2\/product_cat?post=30941"},{"taxonomy":"product_tag","embeddable":true,"href":"https:\/\/biomaxi.ch\/de\/wp-json\/wp\/v2\/product_tag?post=30941"}],"curies":[{"name":"wp","href":"https:\/\/api.w.org\/{rel}","templated":true}]}}