{"id":30940,"date":"2018-06-27T00:05:22","date_gmt":"2018-06-26T22:05:22","guid":{"rendered":"https:\/\/biomaxi.ch\/produit\/sixpack-zahnpasta-mit-bio-birkensaft-6-x-125-ml\/"},"modified":"2018-06-27T00:05:22","modified_gmt":"2018-06-26T22:05:22","slug":"sixpack-zahnpasta-mit-bio-birkensaft-6-x-125-ml","status":"publish","type":"product","link":"https:\/\/biomaxi.ch\/de\/produit\/sixpack-zahnpasta-mit-bio-birkensaft-6-x-125-ml\/","title":{"rendered":"Sixpack Zahnpasta mit Bio-Birkensaft (6 x 125 ml)"},"content":{"rendered":"<p>125 ml Tube (6x).<\/p>\n<p><strong>100% <\/strong>der Inhaltsstoffe sind nat\u00fcrlichen Ursprungs.<br \/>\n<strong>49,70%<\/strong> stammen aus biologischem Anbau.<\/p>\n<p><strong>Zutaten:<\/strong> Calciumcarbonat, Betula Alba Juice*, Glycerin, Maltitol, Alkohol*, Aqua, Sodium Cocoyl Glutamate, Carrageenan, Xanthan Gum, Mentha Arvensis Herg Oil*, Propolis Extract*, Levulinic Acid, Glyceryl Caprylate, Sodium Levulinate, Citric Acid, Sodium Citrate, Limonene.<br \/>\n<em>* Zutaten aus biologischem Anbau.<\/em><\/p>\n<p>Ohne Konservierungsmittel. Ohne Fluor.<\/p>\n","protected":false},"excerpt":{"rendered":"<p>Der in dieser Zahnpasta enthaltene biologische Birkensaft verleiht ihr dank seiner Mineralsalze, Spurenelemente und freien Aminos\u00e4uren au\u00dfergew\u00f6hnliche Eigenschaften; er hilft bei der Pflege des Zahnfleisches.<\/p>\n<p>Bio-Propolis reguliert die Mundflora und tr\u00e4gt so bei t\u00e4glicher Anwendung zur Beseitigung von unangenehmen Ger\u00fcchen und zur Vorbeugung von Karies bei.<\/p>\n<h3><b>Ein anderes Verst\u00e4ndnis von Zahnpflege<\/b><\/h3>\n<p>Neben Vitaminen, Flavonoiden und Pflanzenhormonen liefert der biologische Birkensaft eine Vielzahl von Mineralien und Spurenelementen in Form von Ionen, die sofort assimiliert werden k\u00f6nnen, wie Calcium, Magnesium, Kalium, Phosphor, Kupfer, Eisen, Mangan, Natrium, Silizium, Lithium, Zink, Kobalt, Selen, Chrom, Gold usw. sowie 17 freie Aminos\u00e4uren, die sofort bioverf\u00fcgbar sind.<\/p>\n<p>So sorgt Phyt-Inov Zahnpasta bei regelm\u00e4\u00dfiger Anwendung f\u00fcr eine perfekte Pflege des Zahnfleisches und der Mundflora.<\/p>\n","protected":false},"featured_media":29972,"comment_status":"open","ping_status":"closed","template":"","meta":{"_et_pb_use_builder":"","_et_pb_old_content":"","_et_gb_content_width":""},"product_brand":[],"product_cat":[226,215,227],"product_tag":[236,230,237,238],"class_list":{"0":"post-30940","1":"product","2":"type-product","3":"status-publish","4":"has-post-thumbnail","6":"product_cat-hygiene-und-gesundheit","7":"product_cat-preisreduzierte-lose","8":"product_cat-schoenheit-hautpflege","9":"product_tag-birkensekt","10":"product_tag-mund-und-zahnhygiene","11":"product_tag-zahnpasta","12":"product_tag-zahnpflege","14":"first","15":"instock","16":"sale","17":"shipping-taxable","18":"purchasable","19":"product-type-simple"},"yoast_head":"<!-- This site is optimized with the Yoast SEO plugin v27.3 - https:\/\/yoast.com\/product\/yoast-seo-wordpress\/ -->\n<title>Sixpack Zahnpasta mit Birkensaft und Propolis ohne Fluorid - Phyt-Inov\u00ae Offiziell - Biologische Zahnpasta f\u00fcr die Pflege des Zahnfleisches, Kariesvorbeugung und frischen Atem - Propolis und Birkensaft - 125 ml 100% nat\u00fcrlich, biologisch | Biomaxi.ch<\/title>\n<meta name=\"description\" content=\"Biomaxi, offizieller Schweizer H\u00e4ndler von Phyt-Inov international\u00ae Official, dem f\u00fchrenden Schweizer Labor f\u00fcr nat\u00fcrliche und biologische Pflege und Kosmetik f\u00fcr die Gesundheit und Sch\u00f6nheit der Haut, bietet seine biologische Zahnpasta (125 ml ohne Fluorid, ohne Konservierungsstoffe, ohne PEG) an - Die Zahnpasta ist ein nat\u00fcrliches\/biologisches Produkt von Phyt Inov zur Erhaltung der Pflege des Zahnfleisches (nat\u00fcrliche und biologische Zahnpasta\/Z\u00e4hne\/Karies\/Propolis) tr\u00e4gt zur Beseitigung unangenehmer Ger\u00fcche und zur Vorbeugung von Karies bei.\" \/>\n<meta name=\"robots\" content=\"index, follow, max-snippet:-1, max-image-preview:large, max-video-preview:-1\" \/>\n<link rel=\"canonical\" href=\"https:\/\/biomaxi.ch\/de\/produit\/sixpack-zahnpasta-mit-bio-birkensaft-6-x-125-ml\/\" \/>\n<meta property=\"og:locale\" content=\"de_DE\" \/>\n<meta property=\"og:type\" content=\"article\" \/>\n<meta property=\"og:title\" content=\"Sixpack Zahnpasta mit Birkensaft und Propolis ohne Fluorid - Phyt-Inov\u00ae Offiziell - Biologische Zahnpasta f\u00fcr die Pflege des Zahnfleisches, Kariesvorbeugung und frischen Atem - Propolis und Birkensaft - 125 ml 100% nat\u00fcrlich, biologisch | Biomaxi.ch\" \/>\n<meta property=\"og:description\" content=\"Biomaxi, offizieller Schweizer H\u00e4ndler von Phyt-Inov international\u00ae Official, dem f\u00fchrenden Schweizer Labor f\u00fcr nat\u00fcrliche und biologische Pflege und Kosmetik f\u00fcr die Gesundheit und Sch\u00f6nheit der Haut, bietet seine biologische Zahnpasta (125 ml ohne Fluorid, ohne Konservierungsstoffe, ohne PEG) an - Die Zahnpasta ist ein nat\u00fcrliches\/biologisches Produkt von Phyt Inov zur Erhaltung der Pflege des Zahnfleisches (nat\u00fcrliche und biologische Zahnpasta\/Z\u00e4hne\/Karies\/Propolis) tr\u00e4gt zur Beseitigung unangenehmer Ger\u00fcche und zur Vorbeugung von Karies bei.\" \/>\n<meta property=\"og:url\" content=\"https:\/\/biomaxi.ch\/de\/produit\/sixpack-zahnpasta-mit-bio-birkensaft-6-x-125-ml\/\" \/>\n<meta property=\"og:site_name\" content=\"Biomaxi\" \/>\n<meta property=\"article:publisher\" content=\"https:\/\/www.facebook.com\/biomaxisuisse\/\" \/>\n<meta property=\"og:image\" content=\"https:\/\/biomaxi.ch\/wp-content\/uploads\/2023\/07\/Phyt-Inov-Dentifrice-pack3D-avril18-biomaxi-1-six-1.png\" \/>\n\t<meta property=\"og:image:width\" content=\"5096\" \/>\n\t<meta property=\"og:image:height\" content=\"3608\" \/>\n\t<meta property=\"og:image:type\" content=\"image\/png\" \/>\n<meta name=\"twitter:card\" content=\"summary_large_image\" \/>\n<script type=\"application\/ld+json\" class=\"yoast-schema-graph\">{\"@context\":\"https:\\\/\\\/schema.org\",\"@graph\":[{\"@type\":\"WebPage\",\"@id\":\"https:\\\/\\\/biomaxi.ch\\\/de\\\/produit\\\/sixpack-zahnpasta-mit-bio-birkensaft-6-x-125-ml\\\/\",\"url\":\"https:\\\/\\\/biomaxi.ch\\\/de\\\/produit\\\/sixpack-zahnpasta-mit-bio-birkensaft-6-x-125-ml\\\/\",\"name\":\"Sixpack Zahnpasta mit Birkensaft und Propolis ohne Fluorid - Phyt-Inov\u00ae Offiziell - Biologische Zahnpasta f\u00fcr die Pflege des Zahnfleisches, Kariesvorbeugung und frischen Atem - Propolis und Birkensaft - 125 ml 100% nat\u00fcrlich, biologisch | Biomaxi.ch\",\"isPartOf\":{\"@id\":\"https:\\\/\\\/biomaxi.ch\\\/#website\"},\"primaryImageOfPage\":{\"@id\":\"https:\\\/\\\/biomaxi.ch\\\/de\\\/produit\\\/sixpack-zahnpasta-mit-bio-birkensaft-6-x-125-ml\\\/#primaryimage\"},\"image\":{\"@id\":\"https:\\\/\\\/biomaxi.ch\\\/de\\\/produit\\\/sixpack-zahnpasta-mit-bio-birkensaft-6-x-125-ml\\\/#primaryimage\"},\"thumbnailUrl\":\"https:\\\/\\\/biomaxi.ch\\\/wp-content\\\/uploads\\\/2023\\\/07\\\/Phyt-Inov-Dentifrice-pack3D-avril18-biomaxi-1-six-1.png\",\"datePublished\":\"2018-06-26T22:05:22+00:00\",\"description\":\"Biomaxi, offizieller Schweizer H\u00e4ndler von Phyt-Inov international\u00ae Official, dem f\u00fchrenden Schweizer Labor f\u00fcr nat\u00fcrliche und biologische Pflege und Kosmetik f\u00fcr die Gesundheit und Sch\u00f6nheit der Haut, bietet seine biologische Zahnpasta (125 ml ohne Fluorid, ohne Konservierungsstoffe, ohne PEG) an - Die Zahnpasta ist ein nat\u00fcrliches\\\/biologisches Produkt von Phyt Inov zur Erhaltung der Pflege des Zahnfleisches (nat\u00fcrliche und biologische Zahnpasta\\\/Z\u00e4hne\\\/Karies\\\/Propolis) tr\u00e4gt zur Beseitigung unangenehmer Ger\u00fcche und zur Vorbeugung von Karies bei.\",\"breadcrumb\":{\"@id\":\"https:\\\/\\\/biomaxi.ch\\\/de\\\/produit\\\/sixpack-zahnpasta-mit-bio-birkensaft-6-x-125-ml\\\/#breadcrumb\"},\"inLanguage\":\"de\",\"potentialAction\":[{\"@type\":\"ReadAction\",\"target\":[\"https:\\\/\\\/biomaxi.ch\\\/de\\\/produit\\\/sixpack-zahnpasta-mit-bio-birkensaft-6-x-125-ml\\\/\"]}]},{\"@type\":\"ImageObject\",\"inLanguage\":\"de\",\"@id\":\"https:\\\/\\\/biomaxi.ch\\\/de\\\/produit\\\/sixpack-zahnpasta-mit-bio-birkensaft-6-x-125-ml\\\/#primaryimage\",\"url\":\"https:\\\/\\\/biomaxi.ch\\\/wp-content\\\/uploads\\\/2023\\\/07\\\/Phyt-Inov-Dentifrice-pack3D-avril18-biomaxi-1-six-1.png\",\"contentUrl\":\"https:\\\/\\\/biomaxi.ch\\\/wp-content\\\/uploads\\\/2023\\\/07\\\/Phyt-Inov-Dentifrice-pack3D-avril18-biomaxi-1-six-1.png\",\"width\":5096,\"height\":3608},{\"@type\":\"BreadcrumbList\",\"@id\":\"https:\\\/\\\/biomaxi.ch\\\/de\\\/produit\\\/sixpack-zahnpasta-mit-bio-birkensaft-6-x-125-ml\\\/#breadcrumb\",\"itemListElement\":[{\"@type\":\"ListItem\",\"position\":1,\"name\":\"Accueil\",\"item\":\"https:\\\/\\\/biomaxi.ch\\\/de\\\/\"},{\"@type\":\"ListItem\",\"position\":2,\"name\":\"Produits\",\"item\":\"https:\\\/\\\/biomaxi.ch\\\/produits\\\/\"},{\"@type\":\"ListItem\",\"position\":3,\"name\":\"Sixpack Zahnpasta mit Bio-Birkensaft (6 x 125 ml)\"}]},{\"@type\":\"WebSite\",\"@id\":\"https:\\\/\\\/biomaxi.ch\\\/#website\",\"url\":\"https:\\\/\\\/biomaxi.ch\\\/\",\"name\":\"Biomaxi\",\"description\":\"Compl\u00e9ments alimentaires bio d&#039;origine suisse bio et naturels\",\"publisher\":{\"@id\":\"https:\\\/\\\/biomaxi.ch\\\/#organization\"},\"potentialAction\":[{\"@type\":\"SearchAction\",\"target\":{\"@type\":\"EntryPoint\",\"urlTemplate\":\"https:\\\/\\\/biomaxi.ch\\\/?s={search_term_string}\"},\"query-input\":{\"@type\":\"PropertyValueSpecification\",\"valueRequired\":true,\"valueName\":\"search_term_string\"}}],\"inLanguage\":\"de\"},{\"@type\":\"Organization\",\"@id\":\"https:\\\/\\\/biomaxi.ch\\\/#organization\",\"name\":\"Biomaxi\",\"url\":\"https:\\\/\\\/biomaxi.ch\\\/\",\"logo\":{\"@type\":\"ImageObject\",\"inLanguage\":\"de\",\"@id\":\"https:\\\/\\\/biomaxi.ch\\\/#\\\/schema\\\/logo\\\/image\\\/\",\"url\":\"https:\\\/\\\/biomaxi.ch\\\/wp-content\\\/uploads\\\/2024\\\/05\\\/LogoBiomaxiSite-1014x1024-1.jpg\",\"contentUrl\":\"https:\\\/\\\/biomaxi.ch\\\/wp-content\\\/uploads\\\/2024\\\/05\\\/LogoBiomaxiSite-1014x1024-1.jpg\",\"width\":1014,\"height\":1024,\"caption\":\"Biomaxi\"},\"image\":{\"@id\":\"https:\\\/\\\/biomaxi.ch\\\/#\\\/schema\\\/logo\\\/image\\\/\"},\"sameAs\":[\"https:\\\/\\\/www.facebook.com\\\/biomaxisuisse\\\/\",\"https:\\\/\\\/www.instagram.com\\\/phytinov\\\/\"]}]}<\/script>\n<!-- \/ Yoast SEO plugin. -->","yoast_head_json":{"title":"Sixpack Zahnpasta mit Birkensaft und Propolis ohne Fluorid - Phyt-Inov\u00ae Offiziell - Biologische Zahnpasta f\u00fcr die Pflege des Zahnfleisches, Kariesvorbeugung und frischen Atem - Propolis und Birkensaft - 125 ml 100% nat\u00fcrlich, biologisch | Biomaxi.ch","description":"Biomaxi, offizieller Schweizer H\u00e4ndler von Phyt-Inov international\u00ae Official, dem f\u00fchrenden Schweizer Labor f\u00fcr nat\u00fcrliche und biologische Pflege und Kosmetik f\u00fcr die Gesundheit und Sch\u00f6nheit der Haut, bietet seine biologische Zahnpasta (125 ml ohne Fluorid, ohne Konservierungsstoffe, ohne PEG) an - Die Zahnpasta ist ein nat\u00fcrliches\/biologisches Produkt von Phyt Inov zur Erhaltung der Pflege des Zahnfleisches (nat\u00fcrliche und biologische Zahnpasta\/Z\u00e4hne\/Karies\/Propolis) tr\u00e4gt zur Beseitigung unangenehmer Ger\u00fcche und zur Vorbeugung von Karies bei.","robots":{"index":"index","follow":"follow","max-snippet":"max-snippet:-1","max-image-preview":"max-image-preview:large","max-video-preview":"max-video-preview:-1"},"canonical":"https:\/\/biomaxi.ch\/de\/produit\/sixpack-zahnpasta-mit-bio-birkensaft-6-x-125-ml\/","og_locale":"de_DE","og_type":"article","og_title":"Sixpack Zahnpasta mit Birkensaft und Propolis ohne Fluorid - Phyt-Inov\u00ae Offiziell - Biologische Zahnpasta f\u00fcr die Pflege des Zahnfleisches, Kariesvorbeugung und frischen Atem - Propolis und Birkensaft - 125 ml 100% nat\u00fcrlich, biologisch | Biomaxi.ch","og_description":"Biomaxi, offizieller Schweizer H\u00e4ndler von Phyt-Inov international\u00ae Official, dem f\u00fchrenden Schweizer Labor f\u00fcr nat\u00fcrliche und biologische Pflege und Kosmetik f\u00fcr die Gesundheit und Sch\u00f6nheit der Haut, bietet seine biologische Zahnpasta (125 ml ohne Fluorid, ohne Konservierungsstoffe, ohne PEG) an - Die Zahnpasta ist ein nat\u00fcrliches\/biologisches Produkt von Phyt Inov zur Erhaltung der Pflege des Zahnfleisches (nat\u00fcrliche und biologische Zahnpasta\/Z\u00e4hne\/Karies\/Propolis) tr\u00e4gt zur Beseitigung unangenehmer Ger\u00fcche und zur Vorbeugung von Karies bei.","og_url":"https:\/\/biomaxi.ch\/de\/produit\/sixpack-zahnpasta-mit-bio-birkensaft-6-x-125-ml\/","og_site_name":"Biomaxi","article_publisher":"https:\/\/www.facebook.com\/biomaxisuisse\/","og_image":[{"width":5096,"height":3608,"url":"https:\/\/biomaxi.ch\/wp-content\/uploads\/2023\/07\/Phyt-Inov-Dentifrice-pack3D-avril18-biomaxi-1-six-1.png","type":"image\/png"}],"twitter_card":"summary_large_image","schema":{"@context":"https:\/\/schema.org","@graph":[{"@type":"WebPage","@id":"https:\/\/biomaxi.ch\/de\/produit\/sixpack-zahnpasta-mit-bio-birkensaft-6-x-125-ml\/","url":"https:\/\/biomaxi.ch\/de\/produit\/sixpack-zahnpasta-mit-bio-birkensaft-6-x-125-ml\/","name":"Sixpack Zahnpasta mit Birkensaft und Propolis ohne Fluorid - Phyt-Inov\u00ae Offiziell - Biologische Zahnpasta f\u00fcr die Pflege des Zahnfleisches, Kariesvorbeugung und frischen Atem - Propolis und Birkensaft - 125 ml 100% nat\u00fcrlich, biologisch | Biomaxi.ch","isPartOf":{"@id":"https:\/\/biomaxi.ch\/#website"},"primaryImageOfPage":{"@id":"https:\/\/biomaxi.ch\/de\/produit\/sixpack-zahnpasta-mit-bio-birkensaft-6-x-125-ml\/#primaryimage"},"image":{"@id":"https:\/\/biomaxi.ch\/de\/produit\/sixpack-zahnpasta-mit-bio-birkensaft-6-x-125-ml\/#primaryimage"},"thumbnailUrl":"https:\/\/biomaxi.ch\/wp-content\/uploads\/2023\/07\/Phyt-Inov-Dentifrice-pack3D-avril18-biomaxi-1-six-1.png","datePublished":"2018-06-26T22:05:22+00:00","description":"Biomaxi, offizieller Schweizer H\u00e4ndler von Phyt-Inov international\u00ae Official, dem f\u00fchrenden Schweizer Labor f\u00fcr nat\u00fcrliche und biologische Pflege und Kosmetik f\u00fcr die Gesundheit und Sch\u00f6nheit der Haut, bietet seine biologische Zahnpasta (125 ml ohne Fluorid, ohne Konservierungsstoffe, ohne PEG) an - Die Zahnpasta ist ein nat\u00fcrliches\/biologisches Produkt von Phyt Inov zur Erhaltung der Pflege des Zahnfleisches (nat\u00fcrliche und biologische Zahnpasta\/Z\u00e4hne\/Karies\/Propolis) tr\u00e4gt zur Beseitigung unangenehmer Ger\u00fcche und zur Vorbeugung von Karies bei.","breadcrumb":{"@id":"https:\/\/biomaxi.ch\/de\/produit\/sixpack-zahnpasta-mit-bio-birkensaft-6-x-125-ml\/#breadcrumb"},"inLanguage":"de","potentialAction":[{"@type":"ReadAction","target":["https:\/\/biomaxi.ch\/de\/produit\/sixpack-zahnpasta-mit-bio-birkensaft-6-x-125-ml\/"]}]},{"@type":"ImageObject","inLanguage":"de","@id":"https:\/\/biomaxi.ch\/de\/produit\/sixpack-zahnpasta-mit-bio-birkensaft-6-x-125-ml\/#primaryimage","url":"https:\/\/biomaxi.ch\/wp-content\/uploads\/2023\/07\/Phyt-Inov-Dentifrice-pack3D-avril18-biomaxi-1-six-1.png","contentUrl":"https:\/\/biomaxi.ch\/wp-content\/uploads\/2023\/07\/Phyt-Inov-Dentifrice-pack3D-avril18-biomaxi-1-six-1.png","width":5096,"height":3608},{"@type":"BreadcrumbList","@id":"https:\/\/biomaxi.ch\/de\/produit\/sixpack-zahnpasta-mit-bio-birkensaft-6-x-125-ml\/#breadcrumb","itemListElement":[{"@type":"ListItem","position":1,"name":"Accueil","item":"https:\/\/biomaxi.ch\/de\/"},{"@type":"ListItem","position":2,"name":"Produits","item":"https:\/\/biomaxi.ch\/produits\/"},{"@type":"ListItem","position":3,"name":"Sixpack Zahnpasta mit Bio-Birkensaft (6 x 125 ml)"}]},{"@type":"WebSite","@id":"https:\/\/biomaxi.ch\/#website","url":"https:\/\/biomaxi.ch\/","name":"Biomaxi","description":"Compl\u00e9ments alimentaires bio d&#039;origine suisse bio et naturels","publisher":{"@id":"https:\/\/biomaxi.ch\/#organization"},"potentialAction":[{"@type":"SearchAction","target":{"@type":"EntryPoint","urlTemplate":"https:\/\/biomaxi.ch\/?s={search_term_string}"},"query-input":{"@type":"PropertyValueSpecification","valueRequired":true,"valueName":"search_term_string"}}],"inLanguage":"de"},{"@type":"Organization","@id":"https:\/\/biomaxi.ch\/#organization","name":"Biomaxi","url":"https:\/\/biomaxi.ch\/","logo":{"@type":"ImageObject","inLanguage":"de","@id":"https:\/\/biomaxi.ch\/#\/schema\/logo\/image\/","url":"https:\/\/biomaxi.ch\/wp-content\/uploads\/2024\/05\/LogoBiomaxiSite-1014x1024-1.jpg","contentUrl":"https:\/\/biomaxi.ch\/wp-content\/uploads\/2024\/05\/LogoBiomaxiSite-1014x1024-1.jpg","width":1014,"height":1024,"caption":"Biomaxi"},"image":{"@id":"https:\/\/biomaxi.ch\/#\/schema\/logo\/image\/"},"sameAs":["https:\/\/www.facebook.com\/biomaxisuisse\/","https:\/\/www.instagram.com\/phytinov\/"]}]}},"_links":{"self":[{"href":"https:\/\/biomaxi.ch\/de\/wp-json\/wp\/v2\/product\/30940","targetHints":{"allow":["GET"]}}],"collection":[{"href":"https:\/\/biomaxi.ch\/de\/wp-json\/wp\/v2\/product"}],"about":[{"href":"https:\/\/biomaxi.ch\/de\/wp-json\/wp\/v2\/types\/product"}],"replies":[{"embeddable":true,"href":"https:\/\/biomaxi.ch\/de\/wp-json\/wp\/v2\/comments?post=30940"}],"wp:featuredmedia":[{"embeddable":true,"href":"https:\/\/biomaxi.ch\/de\/wp-json\/wp\/v2\/media\/29972"}],"wp:attachment":[{"href":"https:\/\/biomaxi.ch\/de\/wp-json\/wp\/v2\/media?parent=30940"}],"wp:term":[{"taxonomy":"product_brand","embeddable":true,"href":"https:\/\/biomaxi.ch\/de\/wp-json\/wp\/v2\/product_brand?post=30940"},{"taxonomy":"product_cat","embeddable":true,"href":"https:\/\/biomaxi.ch\/de\/wp-json\/wp\/v2\/product_cat?post=30940"},{"taxonomy":"product_tag","embeddable":true,"href":"https:\/\/biomaxi.ch\/de\/wp-json\/wp\/v2\/product_tag?post=30940"}],"curies":[{"name":"wp","href":"https:\/\/api.w.org\/{rel}","templated":true}]}}