{"id":30936,"date":"2017-07-17T13:10:43","date_gmt":"2017-07-17T11:10:43","guid":{"rendered":"https:\/\/biomaxi.ch\/produit\/creme-mit-rotem-propolis-und-bio-birkensaft\/"},"modified":"2017-07-17T13:10:43","modified_gmt":"2017-07-17T11:10:43","slug":"creme-mit-rotem-propolis-und-bio-birkensaft","status":"publish","type":"product","link":"https:\/\/biomaxi.ch\/de\/produit\/creme-mit-rotem-propolis-und-bio-birkensaft\/","title":{"rendered":"Creme mit rotem Propolis und Bio-Birkensaft"},"content":{"rendered":"<p>50ml Airless-Flasche<br \/>\n<b>INGREDIENTE:<\/b> Betula Alba Juice*, Simmondsia Chinensis Seed Oil*, Alcohol*, Butyrospermum Parkii Butter*, Cetearyl alcohol, Glycerin, Helianthus Annuus Seed Oil*, Macadamia Integrifolia Seed Oil*, Cera Alba*, Glyceryl Stearate, Cetearyl Glucoside, Red Propolis Extract*, Xanthan Gum, Levulinic Acid, Aqua, Sodium Levulinate, Glyceryl Caprylate, Rosmarinus Officinalis Leaf Extract*, Sodium Hydroxide, Sodium Citrate.<br \/>\n* <i>Inhaltsstoffe aus biologischem<\/i> Anbau<\/p>\n<p><b>100%<\/b> der gesamten Inhaltsstoffe sind nat\u00fcrlichen Ursprungs.<br \/>\n<b>90%<\/b> der gesamten Inhaltsstoffe sind aus biologischem Anbau.<\/p>\n<p>&nbsp;<\/p>\n","protected":false},"excerpt":{"rendered":"<p>Die n\u00e4hrenden und wohltuenden Eigenschaften des biologischen Birkensaftes werden in dieser Pflegecreme mit den reinigenden Eigenschaften von Propolis kombiniert, um eine h\u00f6here Wirksamkeit zu erzielen.<\/p>\n<p>Die Phyt-Inov Propolis Creme ist sehr reich an ungefiltertem und nicht pasteurisiertem Bio-Birkensaft (61%), der ihr zahlreiche N\u00e4hrstoffe verleiht. Dank ihrer wohltuenden und sch\u00fctzenden Eigenschaften tr\u00e4gt die Phyt-Inov Propolis Creme dazu bei, die Vollst\u00e4ndigkeit und Jugendlichkeit einer gesunden Epidermis wiederherzustellen, wenn die Haut besch\u00e4digt oder verletzt wurde.<\/p>\n<p>Mit ihrer F\u00e4higkeit, abgestorbene Zellen zu entfernen und die Bildung neuer Zellen zu f\u00f6rdern, ist sie auch sehr wirksam bei der Wiederherstellung einer frischen Haut und der Bek\u00e4mpfung von Falten.<\/p>\n<p>Empfohlen f\u00fcr alle Dermatosen, Wunden, Narben, H\u00e4matome, Verbrennungen, Sonnenbrand usw.<\/p>\n<p>Je nach Bedarf leicht einmassieren oder dauerhaft eine d\u00fcnne Schicht halten.<\/p>\n","protected":false},"featured_media":29938,"comment_status":"open","ping_status":"closed","template":"","meta":{"_et_pb_use_builder":"","_et_pb_old_content":"","_et_gb_content_width":""},"product_brand":[],"product_cat":[226,202,227,232],"product_tag":[203,236,234,233,235,211],"class_list":{"0":"post-30936","1":"product","2":"type-product","3":"status-publish","4":"has-post-thumbnail","6":"product_cat-hygiene-und-gesundheit","7":"product_cat-phytinov-de-2","8":"product_cat-schoenheit-hautpflege","9":"product_cat-cat-supple-beaute-soins-de-2","10":"product_tag-anti-aging","11":"product_tag-birkensekt","12":"product_tag-creme-de","13":"product_tag-pflege","14":"product_tag-propolis-de","15":"product_tag-schoenheit","17":"first","18":"instock","19":"shipping-taxable","20":"purchasable","21":"product-type-simple"},"yoast_head":"<!-- This site is optimized with the Yoast SEO plugin v27.3 - https:\/\/yoast.com\/product\/yoast-seo-wordpress\/ -->\n<title>Creme mit rotem Propolis und Birkensaft - Biomaxi, offizieller Schweizer H\u00e4ndler der offiziellen Phyt-Inov\u00ae Cremes und Pflegeprodukte - Propolis Creme f\u00fcr die Hautpflege, Gesicht, Lippen, Dekollet\u00e9, H\u00e4nde - roter Propolis - 50 ml nat\u00fcrlich, biologisch | Phyt-inov.com<\/title>\n<meta name=\"description\" content=\"Biomaxi, Schweizer Wiederverk\u00e4ufer der offiziellen Phyt-Inov international\u00ae Produkte, dem Schweizer Labor, das auf nat\u00fcrliche und biologische Pflege und Kosmetik f\u00fcr die Gesundheit und Sch\u00f6nheit der Haut spezialisiert ist, bietet die Rote Propolis Creme (50 ml, ohne Konservierungsstoffe, ohne PEG) an. Die Rote Propolis Creme ist ein nat\u00fcrliches\/biologisches Produkt von Phyt-Inov, das den Schutz der Haut f\u00f6rdert und Hautausschl\u00e4ge, Akne, Schnitte, Verbrennungen, Strahlen, Bluterg\u00fcsse wirksam lindert.\" \/>\n<meta name=\"robots\" content=\"index, follow, max-snippet:-1, max-image-preview:large, max-video-preview:-1\" \/>\n<link rel=\"canonical\" href=\"https:\/\/biomaxi.ch\/de\/produit\/creme-mit-rotem-propolis-und-bio-birkensaft\/\" \/>\n<meta property=\"og:locale\" content=\"de_DE\" \/>\n<meta property=\"og:type\" content=\"article\" \/>\n<meta property=\"og:title\" content=\"Creme mit rotem Propolis und Birkensaft - Biomaxi, offizieller Schweizer H\u00e4ndler der offiziellen Phyt-Inov\u00ae Cremes und Pflegeprodukte - Propolis Creme f\u00fcr die Hautpflege, Gesicht, Lippen, Dekollet\u00e9, H\u00e4nde - roter Propolis - 50 ml nat\u00fcrlich, biologisch | Phyt-inov.com\" \/>\n<meta property=\"og:description\" content=\"Biomaxi, Schweizer Wiederverk\u00e4ufer der offiziellen Phyt-Inov international\u00ae Produkte, dem Schweizer Labor, das auf nat\u00fcrliche und biologische Pflege und Kosmetik f\u00fcr die Gesundheit und Sch\u00f6nheit der Haut spezialisiert ist, bietet die Rote Propolis Creme (50 ml, ohne Konservierungsstoffe, ohne PEG) an. Die Rote Propolis Creme ist ein nat\u00fcrliches\/biologisches Produkt von Phyt-Inov, das den Schutz der Haut f\u00f6rdert und Hautausschl\u00e4ge, Akne, Schnitte, Verbrennungen, Strahlen, Bluterg\u00fcsse wirksam lindert.\" \/>\n<meta property=\"og:url\" content=\"https:\/\/biomaxi.ch\/de\/produit\/creme-mit-rotem-propolis-und-bio-birkensaft\/\" \/>\n<meta property=\"og:site_name\" content=\"Biomaxi\" \/>\n<meta property=\"article:publisher\" content=\"https:\/\/www.facebook.com\/biomaxisuisse\/\" \/>\n<meta property=\"og:image\" content=\"https:\/\/biomaxi.ch\/wp-content\/uploads\/2023\/07\/Creme-a-la-propolis-05.2019-light-biomaxi-3-1.jpg\" \/>\n\t<meta property=\"og:image:width\" content=\"1756\" \/>\n\t<meta property=\"og:image:height\" content=\"2344\" \/>\n\t<meta property=\"og:image:type\" content=\"image\/jpeg\" \/>\n<meta name=\"twitter:card\" content=\"summary_large_image\" \/>\n<script type=\"application\/ld+json\" class=\"yoast-schema-graph\">{\"@context\":\"https:\\\/\\\/schema.org\",\"@graph\":[{\"@type\":\"WebPage\",\"@id\":\"https:\\\/\\\/biomaxi.ch\\\/de\\\/produit\\\/creme-mit-rotem-propolis-und-bio-birkensaft\\\/\",\"url\":\"https:\\\/\\\/biomaxi.ch\\\/de\\\/produit\\\/creme-mit-rotem-propolis-und-bio-birkensaft\\\/\",\"name\":\"Creme mit rotem Propolis und Birkensaft - Biomaxi, offizieller Schweizer H\u00e4ndler der offiziellen Phyt-Inov\u00ae Cremes und Pflegeprodukte - Propolis Creme f\u00fcr die Hautpflege, Gesicht, Lippen, Dekollet\u00e9, H\u00e4nde - roter Propolis - 50 ml nat\u00fcrlich, biologisch | Phyt-inov.com\",\"isPartOf\":{\"@id\":\"https:\\\/\\\/biomaxi.ch\\\/#website\"},\"primaryImageOfPage\":{\"@id\":\"https:\\\/\\\/biomaxi.ch\\\/de\\\/produit\\\/creme-mit-rotem-propolis-und-bio-birkensaft\\\/#primaryimage\"},\"image\":{\"@id\":\"https:\\\/\\\/biomaxi.ch\\\/de\\\/produit\\\/creme-mit-rotem-propolis-und-bio-birkensaft\\\/#primaryimage\"},\"thumbnailUrl\":\"https:\\\/\\\/biomaxi.ch\\\/wp-content\\\/uploads\\\/2023\\\/07\\\/Creme-a-la-propolis-05.2019-light-biomaxi-3-1.jpg\",\"datePublished\":\"2017-07-17T11:10:43+00:00\",\"description\":\"Biomaxi, Schweizer Wiederverk\u00e4ufer der offiziellen Phyt-Inov international\u00ae Produkte, dem Schweizer Labor, das auf nat\u00fcrliche und biologische Pflege und Kosmetik f\u00fcr die Gesundheit und Sch\u00f6nheit der Haut spezialisiert ist, bietet die Rote Propolis Creme (50 ml, ohne Konservierungsstoffe, ohne PEG) an. Die Rote Propolis Creme ist ein nat\u00fcrliches\\\/biologisches Produkt von Phyt-Inov, das den Schutz der Haut f\u00f6rdert und Hautausschl\u00e4ge, Akne, Schnitte, Verbrennungen, Strahlen, Bluterg\u00fcsse wirksam lindert.\",\"breadcrumb\":{\"@id\":\"https:\\\/\\\/biomaxi.ch\\\/de\\\/produit\\\/creme-mit-rotem-propolis-und-bio-birkensaft\\\/#breadcrumb\"},\"inLanguage\":\"de\",\"potentialAction\":[{\"@type\":\"ReadAction\",\"target\":[\"https:\\\/\\\/biomaxi.ch\\\/de\\\/produit\\\/creme-mit-rotem-propolis-und-bio-birkensaft\\\/\"]}]},{\"@type\":\"ImageObject\",\"inLanguage\":\"de\",\"@id\":\"https:\\\/\\\/biomaxi.ch\\\/de\\\/produit\\\/creme-mit-rotem-propolis-und-bio-birkensaft\\\/#primaryimage\",\"url\":\"https:\\\/\\\/biomaxi.ch\\\/wp-content\\\/uploads\\\/2023\\\/07\\\/Creme-a-la-propolis-05.2019-light-biomaxi-3-1.jpg\",\"contentUrl\":\"https:\\\/\\\/biomaxi.ch\\\/wp-content\\\/uploads\\\/2023\\\/07\\\/Creme-a-la-propolis-05.2019-light-biomaxi-3-1.jpg\",\"width\":1756,\"height\":2344},{\"@type\":\"BreadcrumbList\",\"@id\":\"https:\\\/\\\/biomaxi.ch\\\/de\\\/produit\\\/creme-mit-rotem-propolis-und-bio-birkensaft\\\/#breadcrumb\",\"itemListElement\":[{\"@type\":\"ListItem\",\"position\":1,\"name\":\"Accueil\",\"item\":\"https:\\\/\\\/biomaxi.ch\\\/de\\\/\"},{\"@type\":\"ListItem\",\"position\":2,\"name\":\"Produits\",\"item\":\"https:\\\/\\\/biomaxi.ch\\\/produits\\\/\"},{\"@type\":\"ListItem\",\"position\":3,\"name\":\"Creme mit rotem Propolis und Bio-Birkensaft\"}]},{\"@type\":\"WebSite\",\"@id\":\"https:\\\/\\\/biomaxi.ch\\\/#website\",\"url\":\"https:\\\/\\\/biomaxi.ch\\\/\",\"name\":\"Biomaxi\",\"description\":\"Compl\u00e9ments alimentaires bio d&#039;origine suisse bio et naturels\",\"publisher\":{\"@id\":\"https:\\\/\\\/biomaxi.ch\\\/#organization\"},\"potentialAction\":[{\"@type\":\"SearchAction\",\"target\":{\"@type\":\"EntryPoint\",\"urlTemplate\":\"https:\\\/\\\/biomaxi.ch\\\/?s={search_term_string}\"},\"query-input\":{\"@type\":\"PropertyValueSpecification\",\"valueRequired\":true,\"valueName\":\"search_term_string\"}}],\"inLanguage\":\"de\"},{\"@type\":\"Organization\",\"@id\":\"https:\\\/\\\/biomaxi.ch\\\/#organization\",\"name\":\"Biomaxi\",\"url\":\"https:\\\/\\\/biomaxi.ch\\\/\",\"logo\":{\"@type\":\"ImageObject\",\"inLanguage\":\"de\",\"@id\":\"https:\\\/\\\/biomaxi.ch\\\/#\\\/schema\\\/logo\\\/image\\\/\",\"url\":\"https:\\\/\\\/biomaxi.ch\\\/wp-content\\\/uploads\\\/2024\\\/05\\\/LogoBiomaxiSite-1014x1024-1.jpg\",\"contentUrl\":\"https:\\\/\\\/biomaxi.ch\\\/wp-content\\\/uploads\\\/2024\\\/05\\\/LogoBiomaxiSite-1014x1024-1.jpg\",\"width\":1014,\"height\":1024,\"caption\":\"Biomaxi\"},\"image\":{\"@id\":\"https:\\\/\\\/biomaxi.ch\\\/#\\\/schema\\\/logo\\\/image\\\/\"},\"sameAs\":[\"https:\\\/\\\/www.facebook.com\\\/biomaxisuisse\\\/\",\"https:\\\/\\\/www.instagram.com\\\/phytinov\\\/\"]}]}<\/script>\n<!-- \/ Yoast SEO plugin. -->","yoast_head_json":{"title":"Creme mit rotem Propolis und Birkensaft - Biomaxi, offizieller Schweizer H\u00e4ndler der offiziellen Phyt-Inov\u00ae Cremes und Pflegeprodukte - Propolis Creme f\u00fcr die Hautpflege, Gesicht, Lippen, Dekollet\u00e9, H\u00e4nde - roter Propolis - 50 ml nat\u00fcrlich, biologisch | Phyt-inov.com","description":"Biomaxi, Schweizer Wiederverk\u00e4ufer der offiziellen Phyt-Inov international\u00ae Produkte, dem Schweizer Labor, das auf nat\u00fcrliche und biologische Pflege und Kosmetik f\u00fcr die Gesundheit und Sch\u00f6nheit der Haut spezialisiert ist, bietet die Rote Propolis Creme (50 ml, ohne Konservierungsstoffe, ohne PEG) an. Die Rote Propolis Creme ist ein nat\u00fcrliches\/biologisches Produkt von Phyt-Inov, das den Schutz der Haut f\u00f6rdert und Hautausschl\u00e4ge, Akne, Schnitte, Verbrennungen, Strahlen, Bluterg\u00fcsse wirksam lindert.","robots":{"index":"index","follow":"follow","max-snippet":"max-snippet:-1","max-image-preview":"max-image-preview:large","max-video-preview":"max-video-preview:-1"},"canonical":"https:\/\/biomaxi.ch\/de\/produit\/creme-mit-rotem-propolis-und-bio-birkensaft\/","og_locale":"de_DE","og_type":"article","og_title":"Creme mit rotem Propolis und Birkensaft - Biomaxi, offizieller Schweizer H\u00e4ndler der offiziellen Phyt-Inov\u00ae Cremes und Pflegeprodukte - Propolis Creme f\u00fcr die Hautpflege, Gesicht, Lippen, Dekollet\u00e9, H\u00e4nde - roter Propolis - 50 ml nat\u00fcrlich, biologisch | Phyt-inov.com","og_description":"Biomaxi, Schweizer Wiederverk\u00e4ufer der offiziellen Phyt-Inov international\u00ae Produkte, dem Schweizer Labor, das auf nat\u00fcrliche und biologische Pflege und Kosmetik f\u00fcr die Gesundheit und Sch\u00f6nheit der Haut spezialisiert ist, bietet die Rote Propolis Creme (50 ml, ohne Konservierungsstoffe, ohne PEG) an. Die Rote Propolis Creme ist ein nat\u00fcrliches\/biologisches Produkt von Phyt-Inov, das den Schutz der Haut f\u00f6rdert und Hautausschl\u00e4ge, Akne, Schnitte, Verbrennungen, Strahlen, Bluterg\u00fcsse wirksam lindert.","og_url":"https:\/\/biomaxi.ch\/de\/produit\/creme-mit-rotem-propolis-und-bio-birkensaft\/","og_site_name":"Biomaxi","article_publisher":"https:\/\/www.facebook.com\/biomaxisuisse\/","og_image":[{"width":1756,"height":2344,"url":"https:\/\/biomaxi.ch\/wp-content\/uploads\/2023\/07\/Creme-a-la-propolis-05.2019-light-biomaxi-3-1.jpg","type":"image\/jpeg"}],"twitter_card":"summary_large_image","schema":{"@context":"https:\/\/schema.org","@graph":[{"@type":"WebPage","@id":"https:\/\/biomaxi.ch\/de\/produit\/creme-mit-rotem-propolis-und-bio-birkensaft\/","url":"https:\/\/biomaxi.ch\/de\/produit\/creme-mit-rotem-propolis-und-bio-birkensaft\/","name":"Creme mit rotem Propolis und Birkensaft - Biomaxi, offizieller Schweizer H\u00e4ndler der offiziellen Phyt-Inov\u00ae Cremes und Pflegeprodukte - Propolis Creme f\u00fcr die Hautpflege, Gesicht, Lippen, Dekollet\u00e9, H\u00e4nde - roter Propolis - 50 ml nat\u00fcrlich, biologisch | Phyt-inov.com","isPartOf":{"@id":"https:\/\/biomaxi.ch\/#website"},"primaryImageOfPage":{"@id":"https:\/\/biomaxi.ch\/de\/produit\/creme-mit-rotem-propolis-und-bio-birkensaft\/#primaryimage"},"image":{"@id":"https:\/\/biomaxi.ch\/de\/produit\/creme-mit-rotem-propolis-und-bio-birkensaft\/#primaryimage"},"thumbnailUrl":"https:\/\/biomaxi.ch\/wp-content\/uploads\/2023\/07\/Creme-a-la-propolis-05.2019-light-biomaxi-3-1.jpg","datePublished":"2017-07-17T11:10:43+00:00","description":"Biomaxi, Schweizer Wiederverk\u00e4ufer der offiziellen Phyt-Inov international\u00ae Produkte, dem Schweizer Labor, das auf nat\u00fcrliche und biologische Pflege und Kosmetik f\u00fcr die Gesundheit und Sch\u00f6nheit der Haut spezialisiert ist, bietet die Rote Propolis Creme (50 ml, ohne Konservierungsstoffe, ohne PEG) an. Die Rote Propolis Creme ist ein nat\u00fcrliches\/biologisches Produkt von Phyt-Inov, das den Schutz der Haut f\u00f6rdert und Hautausschl\u00e4ge, Akne, Schnitte, Verbrennungen, Strahlen, Bluterg\u00fcsse wirksam lindert.","breadcrumb":{"@id":"https:\/\/biomaxi.ch\/de\/produit\/creme-mit-rotem-propolis-und-bio-birkensaft\/#breadcrumb"},"inLanguage":"de","potentialAction":[{"@type":"ReadAction","target":["https:\/\/biomaxi.ch\/de\/produit\/creme-mit-rotem-propolis-und-bio-birkensaft\/"]}]},{"@type":"ImageObject","inLanguage":"de","@id":"https:\/\/biomaxi.ch\/de\/produit\/creme-mit-rotem-propolis-und-bio-birkensaft\/#primaryimage","url":"https:\/\/biomaxi.ch\/wp-content\/uploads\/2023\/07\/Creme-a-la-propolis-05.2019-light-biomaxi-3-1.jpg","contentUrl":"https:\/\/biomaxi.ch\/wp-content\/uploads\/2023\/07\/Creme-a-la-propolis-05.2019-light-biomaxi-3-1.jpg","width":1756,"height":2344},{"@type":"BreadcrumbList","@id":"https:\/\/biomaxi.ch\/de\/produit\/creme-mit-rotem-propolis-und-bio-birkensaft\/#breadcrumb","itemListElement":[{"@type":"ListItem","position":1,"name":"Accueil","item":"https:\/\/biomaxi.ch\/de\/"},{"@type":"ListItem","position":2,"name":"Produits","item":"https:\/\/biomaxi.ch\/produits\/"},{"@type":"ListItem","position":3,"name":"Creme mit rotem Propolis und Bio-Birkensaft"}]},{"@type":"WebSite","@id":"https:\/\/biomaxi.ch\/#website","url":"https:\/\/biomaxi.ch\/","name":"Biomaxi","description":"Compl\u00e9ments alimentaires bio d&#039;origine suisse bio et naturels","publisher":{"@id":"https:\/\/biomaxi.ch\/#organization"},"potentialAction":[{"@type":"SearchAction","target":{"@type":"EntryPoint","urlTemplate":"https:\/\/biomaxi.ch\/?s={search_term_string}"},"query-input":{"@type":"PropertyValueSpecification","valueRequired":true,"valueName":"search_term_string"}}],"inLanguage":"de"},{"@type":"Organization","@id":"https:\/\/biomaxi.ch\/#organization","name":"Biomaxi","url":"https:\/\/biomaxi.ch\/","logo":{"@type":"ImageObject","inLanguage":"de","@id":"https:\/\/biomaxi.ch\/#\/schema\/logo\/image\/","url":"https:\/\/biomaxi.ch\/wp-content\/uploads\/2024\/05\/LogoBiomaxiSite-1014x1024-1.jpg","contentUrl":"https:\/\/biomaxi.ch\/wp-content\/uploads\/2024\/05\/LogoBiomaxiSite-1014x1024-1.jpg","width":1014,"height":1024,"caption":"Biomaxi"},"image":{"@id":"https:\/\/biomaxi.ch\/#\/schema\/logo\/image\/"},"sameAs":["https:\/\/www.facebook.com\/biomaxisuisse\/","https:\/\/www.instagram.com\/phytinov\/"]}]}},"_links":{"self":[{"href":"https:\/\/biomaxi.ch\/de\/wp-json\/wp\/v2\/product\/30936","targetHints":{"allow":["GET"]}}],"collection":[{"href":"https:\/\/biomaxi.ch\/de\/wp-json\/wp\/v2\/product"}],"about":[{"href":"https:\/\/biomaxi.ch\/de\/wp-json\/wp\/v2\/types\/product"}],"replies":[{"embeddable":true,"href":"https:\/\/biomaxi.ch\/de\/wp-json\/wp\/v2\/comments?post=30936"}],"wp:featuredmedia":[{"embeddable":true,"href":"https:\/\/biomaxi.ch\/de\/wp-json\/wp\/v2\/media\/29938"}],"wp:attachment":[{"href":"https:\/\/biomaxi.ch\/de\/wp-json\/wp\/v2\/media?parent=30936"}],"wp:term":[{"taxonomy":"product_brand","embeddable":true,"href":"https:\/\/biomaxi.ch\/de\/wp-json\/wp\/v2\/product_brand?post=30936"},{"taxonomy":"product_cat","embeddable":true,"href":"https:\/\/biomaxi.ch\/de\/wp-json\/wp\/v2\/product_cat?post=30936"},{"taxonomy":"product_tag","embeddable":true,"href":"https:\/\/biomaxi.ch\/de\/wp-json\/wp\/v2\/product_tag?post=30936"}],"curies":[{"name":"wp","href":"https:\/\/api.w.org\/{rel}","templated":true}]}}