{"id":30935,"date":"2017-07-17T15:10:43","date_gmt":"2017-07-17T13:10:43","guid":{"rendered":"https:\/\/biomaxi.ch\/produit\/mundwasser-mit-rotem-propolis\/"},"modified":"2017-07-17T15:10:43","modified_gmt":"2017-07-17T13:10:43","slug":"mundwasser-mit-rotem-propolis","status":"publish","type":"product","link":"https:\/\/biomaxi.ch\/de\/produit\/mundwasser-mit-rotem-propolis\/","title":{"rendered":"Mundwasser mit rotem Propolis"},"content":{"rendered":"<p>50-ml-Flasche mit Tropfverschluss.<\/p>\n<p><b>100%<\/b> der Inhaltsstoffe sind nat\u00fcrlichen Ursprungs.<br \/>\n<b>93%<\/b> stammen aus biologischem Anbau.<\/p>\n<p>Vor Gebrauch sch\u00fctteln. Geben Sie einige Tropfen in etwas Wasser, um den Mund nach jeder Mahlzeit und so oft wie n\u00f6tig kr\u00e4ftig zu sp\u00fclen, um einen ausgezeichneten Atem zu erhalten.<br \/>\nAuch zum Gurgeln empfohlen. <\/p>\n<p><strong>Zutaten:<\/strong>Alcohol*, Aqua, Melissa Officinalis Flower\/Leaf\/Stem Water*, Rosmarinus Officinalis Flower\/Leaf\/Stem Water*, Salvia Officinalis Flower\/Leaf\/Stem Water*, Thymus Vulgaris Flower\/Leaf\/Stem Water*, Betula Alba Juice*, Mentha Arvensis Herb Oil*, Sucrose Laurate, Menthol, Althaea Officinalis Root Extract*, Propolis Extract, Commiphora Myrrha Resin Extract, Sodium Citrate, Levulinic Acid, Glyceryl Caprylate, Sodium Levulinate, Glycerin, Limonene, Linalool.<br \/>\n<em>* Zutaten aus biologischem Anbau.<\/em><\/p>\n","protected":false},"excerpt":{"rendered":"<p><b>Ein anderes Verst\u00e4ndnis von Mundpflege<\/b><\/p>\n<p>Ein frischer Atem und eine ausgewogene Mundflora sind wichtig.<\/p>\n<p>Einige Tropfen Phyt-Inov Mundwasser mit rotem Propolis, Birkensaft und \u00e4therischen \u00d6len in etwas Wasser erfrischen den Mund langanhaltend und angenehm.<\/p>\n<p>Die Phyt-Inov Mundsp\u00fclung sorgt bei regelm\u00e4\u00dfiger Anwendung f\u00fcr eine perfekte Pflege des Zahnfleisches und der Mundflora.<\/p>\n<p>Pflanzenextrakte und \u00e4therische \u00d6le wie Thymian, Rosmarin, Salbei, Melisse, Minze und Myrrhe helfen, die Mundflora zu regulieren und sorgen f\u00fcr einen frischen Atem.<\/p>\n","protected":false},"featured_media":29934,"comment_status":"open","ping_status":"closed","template":"","meta":{"_et_pb_use_builder":"","_et_pb_old_content":"","_et_gb_content_width":""},"product_brand":[],"product_cat":[226,202,227],"product_tag":[218,230,231,228,229],"class_list":{"0":"post-30935","1":"product","2":"type-product","3":"status-publish","4":"has-post-thumbnail","6":"product_cat-hygiene-und-gesundheit","7":"product_cat-phytinov-de-2","8":"product_cat-schoenheit-hautpflege","9":"product_tag-gesundheit","10":"product_tag-mund-und-zahnhygiene","11":"product_tag-mundpflege","12":"product_tag-mundwasser","13":"product_tag-roter-propolis","15":"first","16":"instock","17":"shipping-taxable","18":"purchasable","19":"product-type-simple"},"yoast_head":"<!-- This site is optimized with the Yoast SEO plugin v27.3 - https:\/\/yoast.com\/product\/yoast-seo-wordpress\/ -->\n<title>Mundwasser mit rotem Propolis - Zahnfleisch und Atem - Biomaxi Offizieller Schweizer H\u00e4ndler von Phyt-Inov\u00ae Offiziell - 50 ml Flasche 100% nat\u00fcrlichen und biologischen Ursprungs | Biomaxi.ch<\/title>\n<meta name=\"description\" content=\"Biomaxi, offizieller H\u00e4ndler von Phyt-Inov international\u00ae Official, dem f\u00fchrenden Schweizer Labor f\u00fcr nat\u00fcrliche und biologische Pflege und Kosmetik f\u00fcr die Gesundheit und Sch\u00f6nheit der Haut, bietet seine biologische Mundsp\u00fclung an (50 ml, ohne Konservierungsstoffe, ohne PEG) - Die Mundsp\u00fclung ist ein nat\u00fcrliches\/biologisches Produkt von Phyt Inov f\u00fcr eine kr\u00e4ftige Sp\u00fclung des Mundes, um einen ausgezeichneten Atem zu erhalten und zum Gurgeln. (Nat\u00fcrliche und biologische Mundsp\u00fclung\/rotes Propolis).\" \/>\n<meta name=\"robots\" content=\"index, follow, max-snippet:-1, max-image-preview:large, max-video-preview:-1\" \/>\n<link rel=\"canonical\" href=\"https:\/\/biomaxi.ch\/de\/produit\/mundwasser-mit-rotem-propolis\/\" \/>\n<meta property=\"og:locale\" content=\"de_DE\" \/>\n<meta property=\"og:type\" content=\"article\" \/>\n<meta property=\"og:title\" content=\"Mundwasser mit rotem Propolis - Zahnfleisch und Atem - Biomaxi Offizieller Schweizer H\u00e4ndler von Phyt-Inov\u00ae Offiziell - 50 ml Flasche 100% nat\u00fcrlichen und biologischen Ursprungs | Biomaxi.ch\" \/>\n<meta property=\"og:description\" content=\"Biomaxi, offizieller H\u00e4ndler von Phyt-Inov international\u00ae Official, dem f\u00fchrenden Schweizer Labor f\u00fcr nat\u00fcrliche und biologische Pflege und Kosmetik f\u00fcr die Gesundheit und Sch\u00f6nheit der Haut, bietet seine biologische Mundsp\u00fclung an (50 ml, ohne Konservierungsstoffe, ohne PEG) - Die Mundsp\u00fclung ist ein nat\u00fcrliches\/biologisches Produkt von Phyt Inov f\u00fcr eine kr\u00e4ftige Sp\u00fclung des Mundes, um einen ausgezeichneten Atem zu erhalten und zum Gurgeln. (Nat\u00fcrliche und biologische Mundsp\u00fclung\/rotes Propolis).\" \/>\n<meta property=\"og:url\" content=\"https:\/\/biomaxi.ch\/de\/produit\/mundwasser-mit-rotem-propolis\/\" \/>\n<meta property=\"og:site_name\" content=\"Biomaxi\" \/>\n<meta property=\"article:publisher\" content=\"https:\/\/www.facebook.com\/biomaxisuisse\/\" \/>\n<meta property=\"og:image\" content=\"https:\/\/biomaxi.ch\/wp-content\/uploads\/2023\/07\/Phyt-Inov-baindebouche-pack3D-avril18-biomaxi-1-5-1-scaled.jpg\" \/>\n\t<meta property=\"og:image:width\" content=\"1739\" \/>\n\t<meta property=\"og:image:height\" content=\"2560\" \/>\n\t<meta property=\"og:image:type\" content=\"image\/jpeg\" \/>\n<meta name=\"twitter:card\" content=\"summary_large_image\" \/>\n<meta name=\"twitter:label1\" content=\"Gesch\u00e4tzte Lesezeit\" \/>\n\t<meta name=\"twitter:data1\" content=\"1\u00a0Minute\" \/>\n<script type=\"application\/ld+json\" class=\"yoast-schema-graph\">{\"@context\":\"https:\\\/\\\/schema.org\",\"@graph\":[{\"@type\":\"WebPage\",\"@id\":\"https:\\\/\\\/biomaxi.ch\\\/de\\\/produit\\\/mundwasser-mit-rotem-propolis\\\/\",\"url\":\"https:\\\/\\\/biomaxi.ch\\\/de\\\/produit\\\/mundwasser-mit-rotem-propolis\\\/\",\"name\":\"Mundwasser mit rotem Propolis - Zahnfleisch und Atem - Biomaxi Offizieller Schweizer H\u00e4ndler von Phyt-Inov\u00ae Offiziell - 50 ml Flasche 100% nat\u00fcrlichen und biologischen Ursprungs | Biomaxi.ch\",\"isPartOf\":{\"@id\":\"https:\\\/\\\/biomaxi.ch\\\/#website\"},\"primaryImageOfPage\":{\"@id\":\"https:\\\/\\\/biomaxi.ch\\\/de\\\/produit\\\/mundwasser-mit-rotem-propolis\\\/#primaryimage\"},\"image\":{\"@id\":\"https:\\\/\\\/biomaxi.ch\\\/de\\\/produit\\\/mundwasser-mit-rotem-propolis\\\/#primaryimage\"},\"thumbnailUrl\":\"https:\\\/\\\/biomaxi.ch\\\/wp-content\\\/uploads\\\/2023\\\/07\\\/Phyt-Inov-baindebouche-pack3D-avril18-biomaxi-1-5-1-scaled.jpg\",\"datePublished\":\"2017-07-17T13:10:43+00:00\",\"description\":\"Biomaxi, offizieller H\u00e4ndler von Phyt-Inov international\u00ae Official, dem f\u00fchrenden Schweizer Labor f\u00fcr nat\u00fcrliche und biologische Pflege und Kosmetik f\u00fcr die Gesundheit und Sch\u00f6nheit der Haut, bietet seine biologische Mundsp\u00fclung an (50 ml, ohne Konservierungsstoffe, ohne PEG) - Die Mundsp\u00fclung ist ein nat\u00fcrliches\\\/biologisches Produkt von Phyt Inov f\u00fcr eine kr\u00e4ftige Sp\u00fclung des Mundes, um einen ausgezeichneten Atem zu erhalten und zum Gurgeln. (Nat\u00fcrliche und biologische Mundsp\u00fclung\\\/rotes Propolis).\",\"breadcrumb\":{\"@id\":\"https:\\\/\\\/biomaxi.ch\\\/de\\\/produit\\\/mundwasser-mit-rotem-propolis\\\/#breadcrumb\"},\"inLanguage\":\"de\",\"potentialAction\":[{\"@type\":\"ReadAction\",\"target\":[\"https:\\\/\\\/biomaxi.ch\\\/de\\\/produit\\\/mundwasser-mit-rotem-propolis\\\/\"]}]},{\"@type\":\"ImageObject\",\"inLanguage\":\"de\",\"@id\":\"https:\\\/\\\/biomaxi.ch\\\/de\\\/produit\\\/mundwasser-mit-rotem-propolis\\\/#primaryimage\",\"url\":\"https:\\\/\\\/biomaxi.ch\\\/wp-content\\\/uploads\\\/2023\\\/07\\\/Phyt-Inov-baindebouche-pack3D-avril18-biomaxi-1-5-1-scaled.jpg\",\"contentUrl\":\"https:\\\/\\\/biomaxi.ch\\\/wp-content\\\/uploads\\\/2023\\\/07\\\/Phyt-Inov-baindebouche-pack3D-avril18-biomaxi-1-5-1-scaled.jpg\",\"width\":1739,\"height\":2560},{\"@type\":\"BreadcrumbList\",\"@id\":\"https:\\\/\\\/biomaxi.ch\\\/de\\\/produit\\\/mundwasser-mit-rotem-propolis\\\/#breadcrumb\",\"itemListElement\":[{\"@type\":\"ListItem\",\"position\":1,\"name\":\"Accueil\",\"item\":\"https:\\\/\\\/biomaxi.ch\\\/de\\\/\"},{\"@type\":\"ListItem\",\"position\":2,\"name\":\"Produits\",\"item\":\"https:\\\/\\\/biomaxi.ch\\\/produits\\\/\"},{\"@type\":\"ListItem\",\"position\":3,\"name\":\"Mundwasser mit rotem Propolis\"}]},{\"@type\":\"WebSite\",\"@id\":\"https:\\\/\\\/biomaxi.ch\\\/#website\",\"url\":\"https:\\\/\\\/biomaxi.ch\\\/\",\"name\":\"Biomaxi\",\"description\":\"Compl\u00e9ments alimentaires bio d&#039;origine suisse bio et naturels\",\"publisher\":{\"@id\":\"https:\\\/\\\/biomaxi.ch\\\/#organization\"},\"potentialAction\":[{\"@type\":\"SearchAction\",\"target\":{\"@type\":\"EntryPoint\",\"urlTemplate\":\"https:\\\/\\\/biomaxi.ch\\\/?s={search_term_string}\"},\"query-input\":{\"@type\":\"PropertyValueSpecification\",\"valueRequired\":true,\"valueName\":\"search_term_string\"}}],\"inLanguage\":\"de\"},{\"@type\":\"Organization\",\"@id\":\"https:\\\/\\\/biomaxi.ch\\\/#organization\",\"name\":\"Biomaxi\",\"url\":\"https:\\\/\\\/biomaxi.ch\\\/\",\"logo\":{\"@type\":\"ImageObject\",\"inLanguage\":\"de\",\"@id\":\"https:\\\/\\\/biomaxi.ch\\\/#\\\/schema\\\/logo\\\/image\\\/\",\"url\":\"https:\\\/\\\/biomaxi.ch\\\/wp-content\\\/uploads\\\/2024\\\/05\\\/LogoBiomaxiSite-1014x1024-1.jpg\",\"contentUrl\":\"https:\\\/\\\/biomaxi.ch\\\/wp-content\\\/uploads\\\/2024\\\/05\\\/LogoBiomaxiSite-1014x1024-1.jpg\",\"width\":1014,\"height\":1024,\"caption\":\"Biomaxi\"},\"image\":{\"@id\":\"https:\\\/\\\/biomaxi.ch\\\/#\\\/schema\\\/logo\\\/image\\\/\"},\"sameAs\":[\"https:\\\/\\\/www.facebook.com\\\/biomaxisuisse\\\/\",\"https:\\\/\\\/www.instagram.com\\\/phytinov\\\/\"]}]}<\/script>\n<!-- \/ Yoast SEO plugin. -->","yoast_head_json":{"title":"Mundwasser mit rotem Propolis - Zahnfleisch und Atem - Biomaxi Offizieller Schweizer H\u00e4ndler von Phyt-Inov\u00ae Offiziell - 50 ml Flasche 100% nat\u00fcrlichen und biologischen Ursprungs | Biomaxi.ch","description":"Biomaxi, offizieller H\u00e4ndler von Phyt-Inov international\u00ae Official, dem f\u00fchrenden Schweizer Labor f\u00fcr nat\u00fcrliche und biologische Pflege und Kosmetik f\u00fcr die Gesundheit und Sch\u00f6nheit der Haut, bietet seine biologische Mundsp\u00fclung an (50 ml, ohne Konservierungsstoffe, ohne PEG) - Die Mundsp\u00fclung ist ein nat\u00fcrliches\/biologisches Produkt von Phyt Inov f\u00fcr eine kr\u00e4ftige Sp\u00fclung des Mundes, um einen ausgezeichneten Atem zu erhalten und zum Gurgeln. (Nat\u00fcrliche und biologische Mundsp\u00fclung\/rotes Propolis).","robots":{"index":"index","follow":"follow","max-snippet":"max-snippet:-1","max-image-preview":"max-image-preview:large","max-video-preview":"max-video-preview:-1"},"canonical":"https:\/\/biomaxi.ch\/de\/produit\/mundwasser-mit-rotem-propolis\/","og_locale":"de_DE","og_type":"article","og_title":"Mundwasser mit rotem Propolis - Zahnfleisch und Atem - Biomaxi Offizieller Schweizer H\u00e4ndler von Phyt-Inov\u00ae Offiziell - 50 ml Flasche 100% nat\u00fcrlichen und biologischen Ursprungs | Biomaxi.ch","og_description":"Biomaxi, offizieller H\u00e4ndler von Phyt-Inov international\u00ae Official, dem f\u00fchrenden Schweizer Labor f\u00fcr nat\u00fcrliche und biologische Pflege und Kosmetik f\u00fcr die Gesundheit und Sch\u00f6nheit der Haut, bietet seine biologische Mundsp\u00fclung an (50 ml, ohne Konservierungsstoffe, ohne PEG) - Die Mundsp\u00fclung ist ein nat\u00fcrliches\/biologisches Produkt von Phyt Inov f\u00fcr eine kr\u00e4ftige Sp\u00fclung des Mundes, um einen ausgezeichneten Atem zu erhalten und zum Gurgeln. (Nat\u00fcrliche und biologische Mundsp\u00fclung\/rotes Propolis).","og_url":"https:\/\/biomaxi.ch\/de\/produit\/mundwasser-mit-rotem-propolis\/","og_site_name":"Biomaxi","article_publisher":"https:\/\/www.facebook.com\/biomaxisuisse\/","og_image":[{"width":1739,"height":2560,"url":"https:\/\/biomaxi.ch\/wp-content\/uploads\/2023\/07\/Phyt-Inov-baindebouche-pack3D-avril18-biomaxi-1-5-1-scaled.jpg","type":"image\/jpeg"}],"twitter_card":"summary_large_image","twitter_misc":{"Gesch\u00e4tzte Lesezeit":"1\u00a0Minute"},"schema":{"@context":"https:\/\/schema.org","@graph":[{"@type":"WebPage","@id":"https:\/\/biomaxi.ch\/de\/produit\/mundwasser-mit-rotem-propolis\/","url":"https:\/\/biomaxi.ch\/de\/produit\/mundwasser-mit-rotem-propolis\/","name":"Mundwasser mit rotem Propolis - Zahnfleisch und Atem - Biomaxi Offizieller Schweizer H\u00e4ndler von Phyt-Inov\u00ae Offiziell - 50 ml Flasche 100% nat\u00fcrlichen und biologischen Ursprungs | Biomaxi.ch","isPartOf":{"@id":"https:\/\/biomaxi.ch\/#website"},"primaryImageOfPage":{"@id":"https:\/\/biomaxi.ch\/de\/produit\/mundwasser-mit-rotem-propolis\/#primaryimage"},"image":{"@id":"https:\/\/biomaxi.ch\/de\/produit\/mundwasser-mit-rotem-propolis\/#primaryimage"},"thumbnailUrl":"https:\/\/biomaxi.ch\/wp-content\/uploads\/2023\/07\/Phyt-Inov-baindebouche-pack3D-avril18-biomaxi-1-5-1-scaled.jpg","datePublished":"2017-07-17T13:10:43+00:00","description":"Biomaxi, offizieller H\u00e4ndler von Phyt-Inov international\u00ae Official, dem f\u00fchrenden Schweizer Labor f\u00fcr nat\u00fcrliche und biologische Pflege und Kosmetik f\u00fcr die Gesundheit und Sch\u00f6nheit der Haut, bietet seine biologische Mundsp\u00fclung an (50 ml, ohne Konservierungsstoffe, ohne PEG) - Die Mundsp\u00fclung ist ein nat\u00fcrliches\/biologisches Produkt von Phyt Inov f\u00fcr eine kr\u00e4ftige Sp\u00fclung des Mundes, um einen ausgezeichneten Atem zu erhalten und zum Gurgeln. (Nat\u00fcrliche und biologische Mundsp\u00fclung\/rotes Propolis).","breadcrumb":{"@id":"https:\/\/biomaxi.ch\/de\/produit\/mundwasser-mit-rotem-propolis\/#breadcrumb"},"inLanguage":"de","potentialAction":[{"@type":"ReadAction","target":["https:\/\/biomaxi.ch\/de\/produit\/mundwasser-mit-rotem-propolis\/"]}]},{"@type":"ImageObject","inLanguage":"de","@id":"https:\/\/biomaxi.ch\/de\/produit\/mundwasser-mit-rotem-propolis\/#primaryimage","url":"https:\/\/biomaxi.ch\/wp-content\/uploads\/2023\/07\/Phyt-Inov-baindebouche-pack3D-avril18-biomaxi-1-5-1-scaled.jpg","contentUrl":"https:\/\/biomaxi.ch\/wp-content\/uploads\/2023\/07\/Phyt-Inov-baindebouche-pack3D-avril18-biomaxi-1-5-1-scaled.jpg","width":1739,"height":2560},{"@type":"BreadcrumbList","@id":"https:\/\/biomaxi.ch\/de\/produit\/mundwasser-mit-rotem-propolis\/#breadcrumb","itemListElement":[{"@type":"ListItem","position":1,"name":"Accueil","item":"https:\/\/biomaxi.ch\/de\/"},{"@type":"ListItem","position":2,"name":"Produits","item":"https:\/\/biomaxi.ch\/produits\/"},{"@type":"ListItem","position":3,"name":"Mundwasser mit rotem Propolis"}]},{"@type":"WebSite","@id":"https:\/\/biomaxi.ch\/#website","url":"https:\/\/biomaxi.ch\/","name":"Biomaxi","description":"Compl\u00e9ments alimentaires bio d&#039;origine suisse bio et naturels","publisher":{"@id":"https:\/\/biomaxi.ch\/#organization"},"potentialAction":[{"@type":"SearchAction","target":{"@type":"EntryPoint","urlTemplate":"https:\/\/biomaxi.ch\/?s={search_term_string}"},"query-input":{"@type":"PropertyValueSpecification","valueRequired":true,"valueName":"search_term_string"}}],"inLanguage":"de"},{"@type":"Organization","@id":"https:\/\/biomaxi.ch\/#organization","name":"Biomaxi","url":"https:\/\/biomaxi.ch\/","logo":{"@type":"ImageObject","inLanguage":"de","@id":"https:\/\/biomaxi.ch\/#\/schema\/logo\/image\/","url":"https:\/\/biomaxi.ch\/wp-content\/uploads\/2024\/05\/LogoBiomaxiSite-1014x1024-1.jpg","contentUrl":"https:\/\/biomaxi.ch\/wp-content\/uploads\/2024\/05\/LogoBiomaxiSite-1014x1024-1.jpg","width":1014,"height":1024,"caption":"Biomaxi"},"image":{"@id":"https:\/\/biomaxi.ch\/#\/schema\/logo\/image\/"},"sameAs":["https:\/\/www.facebook.com\/biomaxisuisse\/","https:\/\/www.instagram.com\/phytinov\/"]}]}},"_links":{"self":[{"href":"https:\/\/biomaxi.ch\/de\/wp-json\/wp\/v2\/product\/30935","targetHints":{"allow":["GET"]}}],"collection":[{"href":"https:\/\/biomaxi.ch\/de\/wp-json\/wp\/v2\/product"}],"about":[{"href":"https:\/\/biomaxi.ch\/de\/wp-json\/wp\/v2\/types\/product"}],"replies":[{"embeddable":true,"href":"https:\/\/biomaxi.ch\/de\/wp-json\/wp\/v2\/comments?post=30935"}],"wp:featuredmedia":[{"embeddable":true,"href":"https:\/\/biomaxi.ch\/de\/wp-json\/wp\/v2\/media\/29934"}],"wp:attachment":[{"href":"https:\/\/biomaxi.ch\/de\/wp-json\/wp\/v2\/media?parent=30935"}],"wp:term":[{"taxonomy":"product_brand","embeddable":true,"href":"https:\/\/biomaxi.ch\/de\/wp-json\/wp\/v2\/product_brand?post=30935"},{"taxonomy":"product_cat","embeddable":true,"href":"https:\/\/biomaxi.ch\/de\/wp-json\/wp\/v2\/product_cat?post=30935"},{"taxonomy":"product_tag","embeddable":true,"href":"https:\/\/biomaxi.ch\/de\/wp-json\/wp\/v2\/product_tag?post=30935"}],"curies":[{"name":"wp","href":"https:\/\/api.w.org\/{rel}","templated":true}]}}