{"id":30933,"date":"2017-07-17T13:10:43","date_gmt":"2017-07-17T11:10:43","guid":{"rendered":"https:\/\/biomaxi.ch\/produit\/vitamin-c-acerola\/"},"modified":"2017-07-17T13:10:43","modified_gmt":"2017-07-17T11:10:43","slug":"vitamin-c-acerola","status":"publish","type":"product","link":"https:\/\/biomaxi.ch\/de\/produit\/vitamin-c-acerola\/","title":{"rendered":"Vitamin C &#8211; Acerola"},"content":{"rendered":"<p><b>Zusammensetzung<\/b><br \/>\nAcerola, L-Ascorbins\u00e4ure.<\/p>\n<p>400 g Dose. 50% Acerola Vitamin C Pulver, d.h. 200 gr. Vitamin C pro Packung.<\/p>\n<p>Pulver, das in etwas Wasser aufgel\u00f6st wird.<\/p>\n","protected":false},"excerpt":{"rendered":"<p>Die Fr\u00fcchte der Acerola, die auch als Barbados-Kirschen bezeichnet werden, sind reich an Vitamin C. Das Fermentationsverfahren mit Sorbitol verst\u00e4rkt die Aufnahme und die antioxidative Wirkung.<\/p>\n<p>Unser K\u00f6rper kann Vitamin C nicht selbst herstellen und unser t\u00e4glicher Bedarf ist hoch.<\/p>\n<p>Dieses nat\u00fcrliche Vitamin C mit einer Dosierung von 50% ist vorteilhaft f\u00fcr:<br \/>\n&#8211; Gestresste, Raucher und Sportler.<br \/>\n&#8211; die Rekonstruktion von Kollagen (Wundheilung, Blutgef\u00e4\u00dfschw\u00e4che, Knochen-, Gelenk- und Zahnprobleme).<br \/>\n&#8211; Aufrechterhaltung der normalen Funktion des Immunsystems w\u00e4hrend und nach intensiver k\u00f6rperlicher Bet\u00e4tigung.<em>(Die positive Wirkung wird durch die t\u00e4gliche Einnahme von 200 mg zus\u00e4tzlich zu der empfohlenen Tagesdosis an Vitamin C erzielt).<\/em><br \/>\n&#8211; Wiederaufbau von Kollagen (Wundheilung, Blutgef\u00e4\u00dfbr\u00fcchigkeit, Knochen-, Gelenk- und Zahnbeschwerden)<em>.<\/em><br \/>\n&#8211; zu einem normalen Energiestoffwechsel beitragen.<br \/>\n&#8211; zur normalen Funktion des Nervensystems beitragen.<br \/>\n&#8211; die normale Funktion des Immunsystems.<br \/>\n&#8211; die Zellen vor oxidativem Stress zu sch\u00fctzen.<br \/>\n&#8211; die M\u00fcdigkeit zu reduzieren.<br \/>\n&#8211; die Regeneration der reduzierten Form von Vitamin E.<br \/>\n&#8211; die Eisenaufnahme erh\u00f6hen.<br \/>\n<em>Hinweis: F\u00fcr alle diese Angaben ist eine Zufuhr von mindestens 15% der empfohlenen Tagesdosis erforderlich, d.h. 5,33 mg\/Tag.<\/em><\/p>\n","protected":false},"featured_media":30357,"comment_status":"open","ping_status":"closed","template":"","meta":{"_et_pb_use_builder":"","_et_pb_old_content":"","_et_gb_content_width":""},"product_brand":[],"product_cat":[201,202],"product_tag":[220,203,214,217,218,216,212,205,219],"class_list":{"0":"post-30933","1":"product","2":"type-product","3":"status-publish","4":"has-post-thumbnail","6":"product_cat-nahrungsergaenzungsmittel","7":"product_cat-phytinov-de-2","8":"product_tag-acerola-de","9":"product_tag-anti-aging","10":"product_tag-entspannung-und-stress","11":"product_tag-erganzung","12":"product_tag-gesundheit","13":"product_tag-knochenkapital","14":"product_tag-sport-de","15":"product_tag-tonus-et-defense-de","16":"product_tag-vitamin-c","18":"first","19":"instock","20":"shipping-taxable","21":"purchasable","22":"product-type-simple"},"yoast_head":"<!-- This site is optimized with the Yoast SEO plugin v27.3 - https:\/\/yoast.com\/product\/yoast-seo-wordpress\/ -->\n<title>Vitamin C Hagebutte von Phyt-Inov\u00ae offiziell - Biomaxi offizieller Lieferant Schweiz - Hagebuttenfr\u00fcchte vollgepackt mit Vitamin C - Sorbitol-Fermentation potenziert die Aufnahme von Vitamin C - Acerola Vit. C 400 Gramm, davon 200 Gramm Vitamin C | Biomaxi.ch<\/title>\n<meta name=\"description\" content=\"Biomaxi, offizieller Lieferant von Phyt-Inov international\u00ae Official, einem Schweizer Labor, bietet Vitamin C Acerola an, das durch Fermentation auf Sorbitol seine Assimilation potenziert. Dieses Vitamin C mit einer 50%igen Dosierung ist eines der am h\u00f6chsten dosierten Vitamine auf dem Markt. (400 Gramm oder 200 Gramm Vitamin C)\" \/>\n<meta name=\"robots\" content=\"index, follow, max-snippet:-1, max-image-preview:large, max-video-preview:-1\" \/>\n<link rel=\"canonical\" href=\"https:\/\/biomaxi.ch\/de\/produit\/vitamin-c-acerola\/\" \/>\n<meta property=\"og:locale\" content=\"de_DE\" \/>\n<meta property=\"og:type\" content=\"article\" \/>\n<meta property=\"og:title\" content=\"Vitamin C Hagebutte von Phyt-Inov\u00ae offiziell - Biomaxi offizieller Lieferant Schweiz - Hagebuttenfr\u00fcchte vollgepackt mit Vitamin C - Sorbitol-Fermentation potenziert die Aufnahme von Vitamin C - Acerola Vit. C 400 Gramm, davon 200 Gramm Vitamin C | Biomaxi.ch\" \/>\n<meta property=\"og:description\" content=\"Biomaxi, offizieller Lieferant von Phyt-Inov international\u00ae Official, einem Schweizer Labor, bietet Vitamin C Acerola an, das durch Fermentation auf Sorbitol seine Assimilation potenziert. Dieses Vitamin C mit einer 50%igen Dosierung ist eines der am h\u00f6chsten dosierten Vitamine auf dem Markt. (400 Gramm oder 200 Gramm Vitamin C)\" \/>\n<meta property=\"og:url\" content=\"https:\/\/biomaxi.ch\/de\/produit\/vitamin-c-acerola\/\" \/>\n<meta property=\"og:site_name\" content=\"Biomaxi\" \/>\n<meta property=\"article:publisher\" content=\"https:\/\/www.facebook.com\/biomaxisuisse\/\" \/>\n<meta property=\"og:image\" content=\"https:\/\/biomaxi.ch\/wp-content\/uploads\/2017\/07\/Vitamine-C-acerola-Biomaxi-site-1-scaled-1.jpg\" \/>\n\t<meta property=\"og:image:width\" content=\"2098\" \/>\n\t<meta property=\"og:image:height\" content=\"2560\" \/>\n\t<meta property=\"og:image:type\" content=\"image\/jpeg\" \/>\n<meta name=\"twitter:card\" content=\"summary_large_image\" \/>\n<script type=\"application\/ld+json\" class=\"yoast-schema-graph\">{\"@context\":\"https:\\\/\\\/schema.org\",\"@graph\":[{\"@type\":\"WebPage\",\"@id\":\"https:\\\/\\\/biomaxi.ch\\\/de\\\/produit\\\/vitamin-c-acerola\\\/\",\"url\":\"https:\\\/\\\/biomaxi.ch\\\/de\\\/produit\\\/vitamin-c-acerola\\\/\",\"name\":\"Vitamin C Hagebutte von Phyt-Inov\u00ae offiziell - Biomaxi offizieller Lieferant Schweiz - Hagebuttenfr\u00fcchte vollgepackt mit Vitamin C - Sorbitol-Fermentation potenziert die Aufnahme von Vitamin C - Acerola Vit. C 400 Gramm, davon 200 Gramm Vitamin C | Biomaxi.ch\",\"isPartOf\":{\"@id\":\"https:\\\/\\\/biomaxi.ch\\\/#website\"},\"primaryImageOfPage\":{\"@id\":\"https:\\\/\\\/biomaxi.ch\\\/de\\\/produit\\\/vitamin-c-acerola\\\/#primaryimage\"},\"image\":{\"@id\":\"https:\\\/\\\/biomaxi.ch\\\/de\\\/produit\\\/vitamin-c-acerola\\\/#primaryimage\"},\"thumbnailUrl\":\"https:\\\/\\\/biomaxi.ch\\\/wp-content\\\/uploads\\\/2017\\\/07\\\/Vitamine-C-acerola-Biomaxi-site-1-scaled-1.jpg\",\"datePublished\":\"2017-07-17T11:10:43+00:00\",\"description\":\"Biomaxi, offizieller Lieferant von Phyt-Inov international\u00ae Official, einem Schweizer Labor, bietet Vitamin C Acerola an, das durch Fermentation auf Sorbitol seine Assimilation potenziert. Dieses Vitamin C mit einer 50%igen Dosierung ist eines der am h\u00f6chsten dosierten Vitamine auf dem Markt. (400 Gramm oder 200 Gramm Vitamin C)\",\"breadcrumb\":{\"@id\":\"https:\\\/\\\/biomaxi.ch\\\/de\\\/produit\\\/vitamin-c-acerola\\\/#breadcrumb\"},\"inLanguage\":\"de\",\"potentialAction\":[{\"@type\":\"ReadAction\",\"target\":[\"https:\\\/\\\/biomaxi.ch\\\/de\\\/produit\\\/vitamin-c-acerola\\\/\"]}]},{\"@type\":\"ImageObject\",\"inLanguage\":\"de\",\"@id\":\"https:\\\/\\\/biomaxi.ch\\\/de\\\/produit\\\/vitamin-c-acerola\\\/#primaryimage\",\"url\":\"https:\\\/\\\/biomaxi.ch\\\/wp-content\\\/uploads\\\/2017\\\/07\\\/Vitamine-C-acerola-Biomaxi-site-1-scaled-1.jpg\",\"contentUrl\":\"https:\\\/\\\/biomaxi.ch\\\/wp-content\\\/uploads\\\/2017\\\/07\\\/Vitamine-C-acerola-Biomaxi-site-1-scaled-1.jpg\",\"width\":2098,\"height\":2560,\"caption\":\"Vitamine C ac\u00e9rola Biomaxi\"},{\"@type\":\"BreadcrumbList\",\"@id\":\"https:\\\/\\\/biomaxi.ch\\\/de\\\/produit\\\/vitamin-c-acerola\\\/#breadcrumb\",\"itemListElement\":[{\"@type\":\"ListItem\",\"position\":1,\"name\":\"Accueil\",\"item\":\"https:\\\/\\\/biomaxi.ch\\\/de\\\/\"},{\"@type\":\"ListItem\",\"position\":2,\"name\":\"Produits\",\"item\":\"https:\\\/\\\/biomaxi.ch\\\/produits\\\/\"},{\"@type\":\"ListItem\",\"position\":3,\"name\":\"Vitamin C &#8211; Acerola\"}]},{\"@type\":\"WebSite\",\"@id\":\"https:\\\/\\\/biomaxi.ch\\\/#website\",\"url\":\"https:\\\/\\\/biomaxi.ch\\\/\",\"name\":\"Biomaxi\",\"description\":\"Compl\u00e9ments alimentaires bio d&#039;origine suisse bio et naturels\",\"publisher\":{\"@id\":\"https:\\\/\\\/biomaxi.ch\\\/#organization\"},\"potentialAction\":[{\"@type\":\"SearchAction\",\"target\":{\"@type\":\"EntryPoint\",\"urlTemplate\":\"https:\\\/\\\/biomaxi.ch\\\/?s={search_term_string}\"},\"query-input\":{\"@type\":\"PropertyValueSpecification\",\"valueRequired\":true,\"valueName\":\"search_term_string\"}}],\"inLanguage\":\"de\"},{\"@type\":\"Organization\",\"@id\":\"https:\\\/\\\/biomaxi.ch\\\/#organization\",\"name\":\"Biomaxi\",\"url\":\"https:\\\/\\\/biomaxi.ch\\\/\",\"logo\":{\"@type\":\"ImageObject\",\"inLanguage\":\"de\",\"@id\":\"https:\\\/\\\/biomaxi.ch\\\/#\\\/schema\\\/logo\\\/image\\\/\",\"url\":\"https:\\\/\\\/biomaxi.ch\\\/wp-content\\\/uploads\\\/2024\\\/05\\\/LogoBiomaxiSite-1014x1024-1.jpg\",\"contentUrl\":\"https:\\\/\\\/biomaxi.ch\\\/wp-content\\\/uploads\\\/2024\\\/05\\\/LogoBiomaxiSite-1014x1024-1.jpg\",\"width\":1014,\"height\":1024,\"caption\":\"Biomaxi\"},\"image\":{\"@id\":\"https:\\\/\\\/biomaxi.ch\\\/#\\\/schema\\\/logo\\\/image\\\/\"},\"sameAs\":[\"https:\\\/\\\/www.facebook.com\\\/biomaxisuisse\\\/\",\"https:\\\/\\\/www.instagram.com\\\/phytinov\\\/\"]}]}<\/script>\n<!-- \/ Yoast SEO plugin. -->","yoast_head_json":{"title":"Vitamin C Hagebutte von Phyt-Inov\u00ae offiziell - Biomaxi offizieller Lieferant Schweiz - Hagebuttenfr\u00fcchte vollgepackt mit Vitamin C - Sorbitol-Fermentation potenziert die Aufnahme von Vitamin C - Acerola Vit. C 400 Gramm, davon 200 Gramm Vitamin C | Biomaxi.ch","description":"Biomaxi, offizieller Lieferant von Phyt-Inov international\u00ae Official, einem Schweizer Labor, bietet Vitamin C Acerola an, das durch Fermentation auf Sorbitol seine Assimilation potenziert. Dieses Vitamin C mit einer 50%igen Dosierung ist eines der am h\u00f6chsten dosierten Vitamine auf dem Markt. (400 Gramm oder 200 Gramm Vitamin C)","robots":{"index":"index","follow":"follow","max-snippet":"max-snippet:-1","max-image-preview":"max-image-preview:large","max-video-preview":"max-video-preview:-1"},"canonical":"https:\/\/biomaxi.ch\/de\/produit\/vitamin-c-acerola\/","og_locale":"de_DE","og_type":"article","og_title":"Vitamin C Hagebutte von Phyt-Inov\u00ae offiziell - Biomaxi offizieller Lieferant Schweiz - Hagebuttenfr\u00fcchte vollgepackt mit Vitamin C - Sorbitol-Fermentation potenziert die Aufnahme von Vitamin C - Acerola Vit. C 400 Gramm, davon 200 Gramm Vitamin C | Biomaxi.ch","og_description":"Biomaxi, offizieller Lieferant von Phyt-Inov international\u00ae Official, einem Schweizer Labor, bietet Vitamin C Acerola an, das durch Fermentation auf Sorbitol seine Assimilation potenziert. Dieses Vitamin C mit einer 50%igen Dosierung ist eines der am h\u00f6chsten dosierten Vitamine auf dem Markt. (400 Gramm oder 200 Gramm Vitamin C)","og_url":"https:\/\/biomaxi.ch\/de\/produit\/vitamin-c-acerola\/","og_site_name":"Biomaxi","article_publisher":"https:\/\/www.facebook.com\/biomaxisuisse\/","og_image":[{"width":2098,"height":2560,"url":"https:\/\/biomaxi.ch\/wp-content\/uploads\/2017\/07\/Vitamine-C-acerola-Biomaxi-site-1-scaled-1.jpg","type":"image\/jpeg"}],"twitter_card":"summary_large_image","schema":{"@context":"https:\/\/schema.org","@graph":[{"@type":"WebPage","@id":"https:\/\/biomaxi.ch\/de\/produit\/vitamin-c-acerola\/","url":"https:\/\/biomaxi.ch\/de\/produit\/vitamin-c-acerola\/","name":"Vitamin C Hagebutte von Phyt-Inov\u00ae offiziell - Biomaxi offizieller Lieferant Schweiz - Hagebuttenfr\u00fcchte vollgepackt mit Vitamin C - Sorbitol-Fermentation potenziert die Aufnahme von Vitamin C - Acerola Vit. C 400 Gramm, davon 200 Gramm Vitamin C | Biomaxi.ch","isPartOf":{"@id":"https:\/\/biomaxi.ch\/#website"},"primaryImageOfPage":{"@id":"https:\/\/biomaxi.ch\/de\/produit\/vitamin-c-acerola\/#primaryimage"},"image":{"@id":"https:\/\/biomaxi.ch\/de\/produit\/vitamin-c-acerola\/#primaryimage"},"thumbnailUrl":"https:\/\/biomaxi.ch\/wp-content\/uploads\/2017\/07\/Vitamine-C-acerola-Biomaxi-site-1-scaled-1.jpg","datePublished":"2017-07-17T11:10:43+00:00","description":"Biomaxi, offizieller Lieferant von Phyt-Inov international\u00ae Official, einem Schweizer Labor, bietet Vitamin C Acerola an, das durch Fermentation auf Sorbitol seine Assimilation potenziert. Dieses Vitamin C mit einer 50%igen Dosierung ist eines der am h\u00f6chsten dosierten Vitamine auf dem Markt. (400 Gramm oder 200 Gramm Vitamin C)","breadcrumb":{"@id":"https:\/\/biomaxi.ch\/de\/produit\/vitamin-c-acerola\/#breadcrumb"},"inLanguage":"de","potentialAction":[{"@type":"ReadAction","target":["https:\/\/biomaxi.ch\/de\/produit\/vitamin-c-acerola\/"]}]},{"@type":"ImageObject","inLanguage":"de","@id":"https:\/\/biomaxi.ch\/de\/produit\/vitamin-c-acerola\/#primaryimage","url":"https:\/\/biomaxi.ch\/wp-content\/uploads\/2017\/07\/Vitamine-C-acerola-Biomaxi-site-1-scaled-1.jpg","contentUrl":"https:\/\/biomaxi.ch\/wp-content\/uploads\/2017\/07\/Vitamine-C-acerola-Biomaxi-site-1-scaled-1.jpg","width":2098,"height":2560,"caption":"Vitamine C ac\u00e9rola Biomaxi"},{"@type":"BreadcrumbList","@id":"https:\/\/biomaxi.ch\/de\/produit\/vitamin-c-acerola\/#breadcrumb","itemListElement":[{"@type":"ListItem","position":1,"name":"Accueil","item":"https:\/\/biomaxi.ch\/de\/"},{"@type":"ListItem","position":2,"name":"Produits","item":"https:\/\/biomaxi.ch\/produits\/"},{"@type":"ListItem","position":3,"name":"Vitamin C &#8211; Acerola"}]},{"@type":"WebSite","@id":"https:\/\/biomaxi.ch\/#website","url":"https:\/\/biomaxi.ch\/","name":"Biomaxi","description":"Compl\u00e9ments alimentaires bio d&#039;origine suisse bio et naturels","publisher":{"@id":"https:\/\/biomaxi.ch\/#organization"},"potentialAction":[{"@type":"SearchAction","target":{"@type":"EntryPoint","urlTemplate":"https:\/\/biomaxi.ch\/?s={search_term_string}"},"query-input":{"@type":"PropertyValueSpecification","valueRequired":true,"valueName":"search_term_string"}}],"inLanguage":"de"},{"@type":"Organization","@id":"https:\/\/biomaxi.ch\/#organization","name":"Biomaxi","url":"https:\/\/biomaxi.ch\/","logo":{"@type":"ImageObject","inLanguage":"de","@id":"https:\/\/biomaxi.ch\/#\/schema\/logo\/image\/","url":"https:\/\/biomaxi.ch\/wp-content\/uploads\/2024\/05\/LogoBiomaxiSite-1014x1024-1.jpg","contentUrl":"https:\/\/biomaxi.ch\/wp-content\/uploads\/2024\/05\/LogoBiomaxiSite-1014x1024-1.jpg","width":1014,"height":1024,"caption":"Biomaxi"},"image":{"@id":"https:\/\/biomaxi.ch\/#\/schema\/logo\/image\/"},"sameAs":["https:\/\/www.facebook.com\/biomaxisuisse\/","https:\/\/www.instagram.com\/phytinov\/"]}]}},"_links":{"self":[{"href":"https:\/\/biomaxi.ch\/de\/wp-json\/wp\/v2\/product\/30933","targetHints":{"allow":["GET"]}}],"collection":[{"href":"https:\/\/biomaxi.ch\/de\/wp-json\/wp\/v2\/product"}],"about":[{"href":"https:\/\/biomaxi.ch\/de\/wp-json\/wp\/v2\/types\/product"}],"replies":[{"embeddable":true,"href":"https:\/\/biomaxi.ch\/de\/wp-json\/wp\/v2\/comments?post=30933"}],"wp:featuredmedia":[{"embeddable":true,"href":"https:\/\/biomaxi.ch\/de\/wp-json\/wp\/v2\/media\/30357"}],"wp:attachment":[{"href":"https:\/\/biomaxi.ch\/de\/wp-json\/wp\/v2\/media?parent=30933"}],"wp:term":[{"taxonomy":"product_brand","embeddable":true,"href":"https:\/\/biomaxi.ch\/de\/wp-json\/wp\/v2\/product_brand?post=30933"},{"taxonomy":"product_cat","embeddable":true,"href":"https:\/\/biomaxi.ch\/de\/wp-json\/wp\/v2\/product_cat?post=30933"},{"taxonomy":"product_tag","embeddable":true,"href":"https:\/\/biomaxi.ch\/de\/wp-json\/wp\/v2\/product_tag?post=30933"}],"curies":[{"name":"wp","href":"https:\/\/api.w.org\/{rel}","templated":true}]}}