{"id":30931,"date":"2021-05-07T11:36:56","date_gmt":"2021-05-07T09:36:56","guid":{"rendered":"https:\/\/biomaxi.ch\/produit\/silydium\/"},"modified":"2026-01-16T01:46:27","modified_gmt":"2026-01-16T00:46:27","slug":"silydium","status":"publish","type":"product","link":"https:\/\/biomaxi.ch\/de\/produit\/silydium\/","title":{"rendered":"Silydium"},"content":{"rendered":"<p>Packung mit 100 vegetarischen Kapseln mit einer Dosierung von 425 mg.<br \/>\nNettogewicht: 50 g.<\/p>\n<p>Verzehrempfehlung: Nehmen Sie 1 Kapsel pro Tag ein.<\/p>\n<p>&nbsp;<\/p>\n<p><strong>Zutaten:<\/strong> Mariendistelfruchtextrakt (Silybum marianum), Hydroxypropylmethylcellulose (Kapsel), Desmodiumbl\u00e4tterextrakt (Desmodium adscendens), \u00e4therisches \u00d6l aus Karottensamen (Daucus carota), Extrakt aus dem oberirdischen Teil von Chrysantellum (Chrysantellum americanum).<\/p>\n<p>Au\u00dferhalb der Reichweite von kleinen Kindern aufbewahren. \u00dcberschreiten Sie nicht die empfohlene Tagesdosis. Nahrungserg\u00e4nzungsmittel sollten nicht als Ersatz f\u00fcr eine abwechslungsreiche und ausgewogene Ern\u00e4hrung und einen gesunden Lebensstil verwendet werden. Abgeraten w\u00e4hrend der Stillzeit.<\/p>\n","protected":false},"excerpt":{"rendered":"<p>Die Leber ist eines der lebensnotwendigsten Organe.<\/p>\n<p>Er ist blutr\u00fcnstig und hat eine sehr enge Beziehung zu ihm. Daher ist es wichtig, ihn in der bestm\u00f6glichen Form zu halten.<\/p>\n<p>Die Leber ist die Fabrik des K\u00f6rpers und wird st\u00e4ndig beansprucht. Er steht an vorderster Front, wenn der Organismus mit einer Flut von Alkohol oder chemischen Molek\u00fclen, einer Vergiftung&#8230; konfrontiert wird.<\/p>\n<p>Er ist f\u00fcr die Filterung von Giftstoffen zust\u00e4ndig! Es ist wichtig, ihn zu sch\u00fctzen, um einen reibungslosen Ablauf des Stoffwechsels zu gew\u00e4hrleisten und die Gesundheit des Menschen zu erhalten.<\/p>\n","protected":false},"featured_media":30006,"comment_status":"open","ping_status":"closed","template":"","meta":{"_et_pb_use_builder":"","_et_pb_old_content":"","_et_gb_content_width":""},"product_brand":[],"product_cat":[201,202],"product_tag":[207],"class_list":{"0":"post-30931","1":"product","2":"type-product","3":"status-publish","4":"has-post-thumbnail","6":"product_cat-nahrungsergaenzungsmittel","7":"product_cat-phytinov-de-2","8":"product_tag-verdauungskomfort","10":"first","11":"instock","12":"shipping-taxable","13":"purchasable","14":"product-type-simple"},"yoast_head":"<!-- This site is optimized with the Yoast SEO plugin v27.3 - https:\/\/yoast.com\/product\/yoast-seo-wordpress\/ -->\n<title>Nat\u00fcrliches Produkt zur Unterst\u00fctzung der Leberaktivit\u00e4t - Formel von Jean-Pierre Willem - tr\u00e4gt zum Wohlbefinden der Verdauung bei - unterst\u00fctzt die antioxidative Aktivit\u00e4t - unterst\u00fctzt die hepatoprotektive Aktivit\u00e4t der Leber - 100 Kapseln mit einer Dosierung von 425 mg | Biomaxi.ch<\/title>\n<meta name=\"description\" content=\"Biomaxi, offizieller Schweizer Lieferant von Phyt-Inov Produkten, bietet Silydium (100 Kapseln \u00e0 425 mg) an, ein entgiftendes Nahrungserg\u00e4nzungsmittel, das die Lebert\u00e4tigkeit unterst\u00fctzt, zum Wohlbefinden der Verdauung beitr\u00e4gt, zu einer gesunden Verdauung beitr\u00e4gt, indem es die lebersch\u00fctzende Aktivit\u00e4t der Leber f\u00f6rdert (Marienkohle\/Desmodium adscendens\/Crysanthellum americanum\/\u00e4therisches Karotten\u00f6l).\" \/>\n<meta name=\"robots\" content=\"index, follow, max-snippet:-1, max-image-preview:large, max-video-preview:-1\" \/>\n<link rel=\"canonical\" href=\"https:\/\/biomaxi.ch\/de\/produit\/silydium\/\" \/>\n<meta property=\"og:locale\" content=\"de_DE\" \/>\n<meta property=\"og:type\" content=\"article\" \/>\n<meta property=\"og:title\" content=\"Nat\u00fcrliches Produkt zur Unterst\u00fctzung der Leberaktivit\u00e4t - Formel von Jean-Pierre Willem - tr\u00e4gt zum Wohlbefinden der Verdauung bei - unterst\u00fctzt die antioxidative Aktivit\u00e4t - unterst\u00fctzt die hepatoprotektive Aktivit\u00e4t der Leber - 100 Kapseln mit einer Dosierung von 425 mg | Biomaxi.ch\" \/>\n<meta property=\"og:description\" content=\"Biomaxi, offizieller Schweizer Lieferant von Phyt-Inov Produkten, bietet Silydium (100 Kapseln \u00e0 425 mg) an, ein entgiftendes Nahrungserg\u00e4nzungsmittel, das die Lebert\u00e4tigkeit unterst\u00fctzt, zum Wohlbefinden der Verdauung beitr\u00e4gt, zu einer gesunden Verdauung beitr\u00e4gt, indem es die lebersch\u00fctzende Aktivit\u00e4t der Leber f\u00f6rdert (Marienkohle\/Desmodium adscendens\/Crysanthellum americanum\/\u00e4therisches Karotten\u00f6l).\" \/>\n<meta property=\"og:url\" content=\"https:\/\/biomaxi.ch\/de\/produit\/silydium\/\" \/>\n<meta property=\"og:site_name\" content=\"Biomaxi\" \/>\n<meta property=\"article:publisher\" content=\"https:\/\/www.facebook.com\/biomaxisuisse\/\" \/>\n<meta property=\"article:modified_time\" content=\"2026-01-16T00:46:27+00:00\" \/>\n<meta property=\"og:image\" content=\"https:\/\/biomaxi.ch\/wp-content\/uploads\/2023\/07\/IMG_7870-Silydium-2022-01-web-light-bas-scaled-2.jpg\" \/>\n\t<meta property=\"og:image:width\" content=\"1950\" \/>\n\t<meta property=\"og:image:height\" content=\"2560\" \/>\n\t<meta property=\"og:image:type\" content=\"image\/jpeg\" \/>\n<meta name=\"twitter:card\" content=\"summary_large_image\" \/>\n<script type=\"application\/ld+json\" class=\"yoast-schema-graph\">{\"@context\":\"https:\\\/\\\/schema.org\",\"@graph\":[{\"@type\":\"WebPage\",\"@id\":\"https:\\\/\\\/biomaxi.ch\\\/de\\\/produit\\\/silydium\\\/\",\"url\":\"https:\\\/\\\/biomaxi.ch\\\/de\\\/produit\\\/silydium\\\/\",\"name\":\"Nat\u00fcrliches Produkt zur Unterst\u00fctzung der Leberaktivit\u00e4t - Formel von Jean-Pierre Willem - tr\u00e4gt zum Wohlbefinden der Verdauung bei - unterst\u00fctzt die antioxidative Aktivit\u00e4t - unterst\u00fctzt die hepatoprotektive Aktivit\u00e4t der Leber - 100 Kapseln mit einer Dosierung von 425 mg | Biomaxi.ch\",\"isPartOf\":{\"@id\":\"https:\\\/\\\/biomaxi.ch\\\/#website\"},\"primaryImageOfPage\":{\"@id\":\"https:\\\/\\\/biomaxi.ch\\\/de\\\/produit\\\/silydium\\\/#primaryimage\"},\"image\":{\"@id\":\"https:\\\/\\\/biomaxi.ch\\\/de\\\/produit\\\/silydium\\\/#primaryimage\"},\"thumbnailUrl\":\"https:\\\/\\\/biomaxi.ch\\\/wp-content\\\/uploads\\\/2023\\\/07\\\/IMG_7870-Silydium-2022-01-web-light-bas-scaled-2.jpg\",\"datePublished\":\"2021-05-07T09:36:56+00:00\",\"dateModified\":\"2026-01-16T00:46:27+00:00\",\"description\":\"Biomaxi, offizieller Schweizer Lieferant von Phyt-Inov Produkten, bietet Silydium (100 Kapseln \u00e0 425 mg) an, ein entgiftendes Nahrungserg\u00e4nzungsmittel, das die Lebert\u00e4tigkeit unterst\u00fctzt, zum Wohlbefinden der Verdauung beitr\u00e4gt, zu einer gesunden Verdauung beitr\u00e4gt, indem es die lebersch\u00fctzende Aktivit\u00e4t der Leber f\u00f6rdert (Marienkohle\\\/Desmodium adscendens\\\/Crysanthellum americanum\\\/\u00e4therisches Karotten\u00f6l).\",\"breadcrumb\":{\"@id\":\"https:\\\/\\\/biomaxi.ch\\\/de\\\/produit\\\/silydium\\\/#breadcrumb\"},\"inLanguage\":\"de\",\"potentialAction\":[{\"@type\":\"ReadAction\",\"target\":[\"https:\\\/\\\/biomaxi.ch\\\/de\\\/produit\\\/silydium\\\/\"]}]},{\"@type\":\"ImageObject\",\"inLanguage\":\"de\",\"@id\":\"https:\\\/\\\/biomaxi.ch\\\/de\\\/produit\\\/silydium\\\/#primaryimage\",\"url\":\"https:\\\/\\\/biomaxi.ch\\\/wp-content\\\/uploads\\\/2023\\\/07\\\/IMG_7870-Silydium-2022-01-web-light-bas-scaled-2.jpg\",\"contentUrl\":\"https:\\\/\\\/biomaxi.ch\\\/wp-content\\\/uploads\\\/2023\\\/07\\\/IMG_7870-Silydium-2022-01-web-light-bas-scaled-2.jpg\",\"width\":1950,\"height\":2560},{\"@type\":\"BreadcrumbList\",\"@id\":\"https:\\\/\\\/biomaxi.ch\\\/de\\\/produit\\\/silydium\\\/#breadcrumb\",\"itemListElement\":[{\"@type\":\"ListItem\",\"position\":1,\"name\":\"Accueil\",\"item\":\"https:\\\/\\\/biomaxi.ch\\\/de\\\/\"},{\"@type\":\"ListItem\",\"position\":2,\"name\":\"Produits\",\"item\":\"https:\\\/\\\/biomaxi.ch\\\/produits\\\/\"},{\"@type\":\"ListItem\",\"position\":3,\"name\":\"Silydium\"}]},{\"@type\":\"WebSite\",\"@id\":\"https:\\\/\\\/biomaxi.ch\\\/#website\",\"url\":\"https:\\\/\\\/biomaxi.ch\\\/\",\"name\":\"Biomaxi\",\"description\":\"Compl\u00e9ments alimentaires bio d&#039;origine suisse bio et naturels\",\"publisher\":{\"@id\":\"https:\\\/\\\/biomaxi.ch\\\/#organization\"},\"potentialAction\":[{\"@type\":\"SearchAction\",\"target\":{\"@type\":\"EntryPoint\",\"urlTemplate\":\"https:\\\/\\\/biomaxi.ch\\\/?s={search_term_string}\"},\"query-input\":{\"@type\":\"PropertyValueSpecification\",\"valueRequired\":true,\"valueName\":\"search_term_string\"}}],\"inLanguage\":\"de\"},{\"@type\":\"Organization\",\"@id\":\"https:\\\/\\\/biomaxi.ch\\\/#organization\",\"name\":\"Biomaxi\",\"url\":\"https:\\\/\\\/biomaxi.ch\\\/\",\"logo\":{\"@type\":\"ImageObject\",\"inLanguage\":\"de\",\"@id\":\"https:\\\/\\\/biomaxi.ch\\\/#\\\/schema\\\/logo\\\/image\\\/\",\"url\":\"https:\\\/\\\/biomaxi.ch\\\/wp-content\\\/uploads\\\/2024\\\/05\\\/LogoBiomaxiSite-1014x1024-1.jpg\",\"contentUrl\":\"https:\\\/\\\/biomaxi.ch\\\/wp-content\\\/uploads\\\/2024\\\/05\\\/LogoBiomaxiSite-1014x1024-1.jpg\",\"width\":1014,\"height\":1024,\"caption\":\"Biomaxi\"},\"image\":{\"@id\":\"https:\\\/\\\/biomaxi.ch\\\/#\\\/schema\\\/logo\\\/image\\\/\"},\"sameAs\":[\"https:\\\/\\\/www.facebook.com\\\/biomaxisuisse\\\/\",\"https:\\\/\\\/www.instagram.com\\\/phytinov\\\/\"]}]}<\/script>\n<!-- \/ Yoast SEO plugin. -->","yoast_head_json":{"title":"Nat\u00fcrliches Produkt zur Unterst\u00fctzung der Leberaktivit\u00e4t - Formel von Jean-Pierre Willem - tr\u00e4gt zum Wohlbefinden der Verdauung bei - unterst\u00fctzt die antioxidative Aktivit\u00e4t - unterst\u00fctzt die hepatoprotektive Aktivit\u00e4t der Leber - 100 Kapseln mit einer Dosierung von 425 mg | Biomaxi.ch","description":"Biomaxi, offizieller Schweizer Lieferant von Phyt-Inov Produkten, bietet Silydium (100 Kapseln \u00e0 425 mg) an, ein entgiftendes Nahrungserg\u00e4nzungsmittel, das die Lebert\u00e4tigkeit unterst\u00fctzt, zum Wohlbefinden der Verdauung beitr\u00e4gt, zu einer gesunden Verdauung beitr\u00e4gt, indem es die lebersch\u00fctzende Aktivit\u00e4t der Leber f\u00f6rdert (Marienkohle\/Desmodium adscendens\/Crysanthellum americanum\/\u00e4therisches Karotten\u00f6l).","robots":{"index":"index","follow":"follow","max-snippet":"max-snippet:-1","max-image-preview":"max-image-preview:large","max-video-preview":"max-video-preview:-1"},"canonical":"https:\/\/biomaxi.ch\/de\/produit\/silydium\/","og_locale":"de_DE","og_type":"article","og_title":"Nat\u00fcrliches Produkt zur Unterst\u00fctzung der Leberaktivit\u00e4t - Formel von Jean-Pierre Willem - tr\u00e4gt zum Wohlbefinden der Verdauung bei - unterst\u00fctzt die antioxidative Aktivit\u00e4t - unterst\u00fctzt die hepatoprotektive Aktivit\u00e4t der Leber - 100 Kapseln mit einer Dosierung von 425 mg | Biomaxi.ch","og_description":"Biomaxi, offizieller Schweizer Lieferant von Phyt-Inov Produkten, bietet Silydium (100 Kapseln \u00e0 425 mg) an, ein entgiftendes Nahrungserg\u00e4nzungsmittel, das die Lebert\u00e4tigkeit unterst\u00fctzt, zum Wohlbefinden der Verdauung beitr\u00e4gt, zu einer gesunden Verdauung beitr\u00e4gt, indem es die lebersch\u00fctzende Aktivit\u00e4t der Leber f\u00f6rdert (Marienkohle\/Desmodium adscendens\/Crysanthellum americanum\/\u00e4therisches Karotten\u00f6l).","og_url":"https:\/\/biomaxi.ch\/de\/produit\/silydium\/","og_site_name":"Biomaxi","article_publisher":"https:\/\/www.facebook.com\/biomaxisuisse\/","article_modified_time":"2026-01-16T00:46:27+00:00","og_image":[{"width":1950,"height":2560,"url":"https:\/\/biomaxi.ch\/wp-content\/uploads\/2023\/07\/IMG_7870-Silydium-2022-01-web-light-bas-scaled-2.jpg","type":"image\/jpeg"}],"twitter_card":"summary_large_image","schema":{"@context":"https:\/\/schema.org","@graph":[{"@type":"WebPage","@id":"https:\/\/biomaxi.ch\/de\/produit\/silydium\/","url":"https:\/\/biomaxi.ch\/de\/produit\/silydium\/","name":"Nat\u00fcrliches Produkt zur Unterst\u00fctzung der Leberaktivit\u00e4t - Formel von Jean-Pierre Willem - tr\u00e4gt zum Wohlbefinden der Verdauung bei - unterst\u00fctzt die antioxidative Aktivit\u00e4t - unterst\u00fctzt die hepatoprotektive Aktivit\u00e4t der Leber - 100 Kapseln mit einer Dosierung von 425 mg | Biomaxi.ch","isPartOf":{"@id":"https:\/\/biomaxi.ch\/#website"},"primaryImageOfPage":{"@id":"https:\/\/biomaxi.ch\/de\/produit\/silydium\/#primaryimage"},"image":{"@id":"https:\/\/biomaxi.ch\/de\/produit\/silydium\/#primaryimage"},"thumbnailUrl":"https:\/\/biomaxi.ch\/wp-content\/uploads\/2023\/07\/IMG_7870-Silydium-2022-01-web-light-bas-scaled-2.jpg","datePublished":"2021-05-07T09:36:56+00:00","dateModified":"2026-01-16T00:46:27+00:00","description":"Biomaxi, offizieller Schweizer Lieferant von Phyt-Inov Produkten, bietet Silydium (100 Kapseln \u00e0 425 mg) an, ein entgiftendes Nahrungserg\u00e4nzungsmittel, das die Lebert\u00e4tigkeit unterst\u00fctzt, zum Wohlbefinden der Verdauung beitr\u00e4gt, zu einer gesunden Verdauung beitr\u00e4gt, indem es die lebersch\u00fctzende Aktivit\u00e4t der Leber f\u00f6rdert (Marienkohle\/Desmodium adscendens\/Crysanthellum americanum\/\u00e4therisches Karotten\u00f6l).","breadcrumb":{"@id":"https:\/\/biomaxi.ch\/de\/produit\/silydium\/#breadcrumb"},"inLanguage":"de","potentialAction":[{"@type":"ReadAction","target":["https:\/\/biomaxi.ch\/de\/produit\/silydium\/"]}]},{"@type":"ImageObject","inLanguage":"de","@id":"https:\/\/biomaxi.ch\/de\/produit\/silydium\/#primaryimage","url":"https:\/\/biomaxi.ch\/wp-content\/uploads\/2023\/07\/IMG_7870-Silydium-2022-01-web-light-bas-scaled-2.jpg","contentUrl":"https:\/\/biomaxi.ch\/wp-content\/uploads\/2023\/07\/IMG_7870-Silydium-2022-01-web-light-bas-scaled-2.jpg","width":1950,"height":2560},{"@type":"BreadcrumbList","@id":"https:\/\/biomaxi.ch\/de\/produit\/silydium\/#breadcrumb","itemListElement":[{"@type":"ListItem","position":1,"name":"Accueil","item":"https:\/\/biomaxi.ch\/de\/"},{"@type":"ListItem","position":2,"name":"Produits","item":"https:\/\/biomaxi.ch\/produits\/"},{"@type":"ListItem","position":3,"name":"Silydium"}]},{"@type":"WebSite","@id":"https:\/\/biomaxi.ch\/#website","url":"https:\/\/biomaxi.ch\/","name":"Biomaxi","description":"Compl\u00e9ments alimentaires bio d&#039;origine suisse bio et naturels","publisher":{"@id":"https:\/\/biomaxi.ch\/#organization"},"potentialAction":[{"@type":"SearchAction","target":{"@type":"EntryPoint","urlTemplate":"https:\/\/biomaxi.ch\/?s={search_term_string}"},"query-input":{"@type":"PropertyValueSpecification","valueRequired":true,"valueName":"search_term_string"}}],"inLanguage":"de"},{"@type":"Organization","@id":"https:\/\/biomaxi.ch\/#organization","name":"Biomaxi","url":"https:\/\/biomaxi.ch\/","logo":{"@type":"ImageObject","inLanguage":"de","@id":"https:\/\/biomaxi.ch\/#\/schema\/logo\/image\/","url":"https:\/\/biomaxi.ch\/wp-content\/uploads\/2024\/05\/LogoBiomaxiSite-1014x1024-1.jpg","contentUrl":"https:\/\/biomaxi.ch\/wp-content\/uploads\/2024\/05\/LogoBiomaxiSite-1014x1024-1.jpg","width":1014,"height":1024,"caption":"Biomaxi"},"image":{"@id":"https:\/\/biomaxi.ch\/#\/schema\/logo\/image\/"},"sameAs":["https:\/\/www.facebook.com\/biomaxisuisse\/","https:\/\/www.instagram.com\/phytinov\/"]}]}},"_links":{"self":[{"href":"https:\/\/biomaxi.ch\/de\/wp-json\/wp\/v2\/product\/30931","targetHints":{"allow":["GET"]}}],"collection":[{"href":"https:\/\/biomaxi.ch\/de\/wp-json\/wp\/v2\/product"}],"about":[{"href":"https:\/\/biomaxi.ch\/de\/wp-json\/wp\/v2\/types\/product"}],"replies":[{"embeddable":true,"href":"https:\/\/biomaxi.ch\/de\/wp-json\/wp\/v2\/comments?post=30931"}],"wp:featuredmedia":[{"embeddable":true,"href":"https:\/\/biomaxi.ch\/de\/wp-json\/wp\/v2\/media\/30006"}],"wp:attachment":[{"href":"https:\/\/biomaxi.ch\/de\/wp-json\/wp\/v2\/media?parent=30931"}],"wp:term":[{"taxonomy":"product_brand","embeddable":true,"href":"https:\/\/biomaxi.ch\/de\/wp-json\/wp\/v2\/product_brand?post=30931"},{"taxonomy":"product_cat","embeddable":true,"href":"https:\/\/biomaxi.ch\/de\/wp-json\/wp\/v2\/product_cat?post=30931"},{"taxonomy":"product_tag","embeddable":true,"href":"https:\/\/biomaxi.ch\/de\/wp-json\/wp\/v2\/product_tag?post=30931"}],"curies":[{"name":"wp","href":"https:\/\/api.w.org\/{rel}","templated":true}]}}