{"id":30930,"date":"2021-05-19T17:26:49","date_gmt":"2021-05-19T15:26:49","guid":{"rendered":"https:\/\/biomaxi.ch\/produit\/radicolyse-150-kapseln\/"},"modified":"2021-05-19T17:26:49","modified_gmt":"2021-05-19T15:26:49","slug":"radicolyse-150-kapseln","status":"publish","type":"product","link":"https:\/\/biomaxi.ch\/de\/produit\/radicolyse-150-kapseln\/","title":{"rendered":"Radicolyse 150 Kapseln"},"content":{"rendered":"<p>Packung mit 150 vegetarischen Kapseln mit einer Dosierung von 484 mg.<\/p>\n<p>Nettogewicht: 72,6 g.<\/p>\n<p>Verzehrempfehlung: 1 Kapsel zweimal t\u00e4glich.<\/p>\n<p>&nbsp;<\/p>\n<p><strong>Zutaten pro Kapsel:<\/strong> Alpha-Lipons\u00e4ure 200 mg; reduziertes L-Glutathion 100 mg; vegetarische Kapselh\u00fclle: Hydroxypropylmethylcellulose, Phosphatidylserin (Soja) 25 mg; Trennmittel: Magnesiumsalze von Speisefetts\u00e4uren, L-Selenomethionin (Selen: 100 \u00b5g, entspricht 182% der empfohlenen Tagesdosis); Ubichinon (Coenzym Q10) 15 mg.<\/p>\n<p>Au\u00dferhalb der Reichweite von kleinen Kindern aufbewahren. Die empfohlene Tagesdosis darf nicht \u00fcberschritten werden.<br \/>\nNahrungserg\u00e4nzungsmittel sollten nicht als Ersatz f\u00fcr eine abwechslungsreiche und ausgewogene Ern\u00e4hrung und eine gesunde Lebensweise verwendet werden.<br \/>\nNur f\u00fcr Erwachsene. Nicht empfohlen f\u00fcr Kinder, Jugendliche, schwangere oder stillende Frauen und Diabetiker.<\/p>\n","protected":false},"excerpt":{"rendered":"<p>M\u00f6chten Sie sich effektiv gegen oxidativen Stress verteidigen?<\/p>\n<p>Radicolyse enth\u00e4lt ein geschicktes Gleichgewicht:<br \/>\nAlphalipons\u00e4ure R,<br \/>\nReduziertes Glutathion,<br \/>\nPhosphatidylserin,<br \/>\nSelenomethionin,<br \/>\nsowie Coenzym Q10 Ubiquinon.<\/p>\n<p>Die Bioverf\u00fcgbarkeit von R-Alphalipoes\u00e4ure ist 40-50% h\u00f6her als die ihres Enantiomers (Form mit identischem Teil: S-Alphalipoes\u00e4ure, die allgemein als Alphalipoes\u00e4ure bezeichnet wird).<br \/>\nGlutathion besteht aus den drei Aminos\u00e4uren Glutamin, Glycin und Cystein. Die Vorstufe von Glutathion ist die schwefelhaltige Aminos\u00e4ure L-Cystein<br \/>\nSelen tr\u00e4gt zum Schutz der Zellen vor oxidativem Stress bei und unterst\u00fctzt die Erhaltung von Haaren und N\u00e4geln sowie die normale Funktion des Immunsystems.<\/p>\n<p>Dies ist ein Nahrungserg\u00e4nzungsmittel und kein Ersatz f\u00fcr eine ausgewogene Ern\u00e4hrung.<\/p>\n","protected":false},"featured_media":30010,"comment_status":"open","ping_status":"closed","template":"","meta":{"_et_pb_use_builder":"","_et_pb_old_content":"","_et_gb_content_width":""},"product_brand":[],"product_cat":[201,202],"product_tag":[],"class_list":{"0":"post-30930","1":"product","2":"type-product","3":"status-publish","4":"has-post-thumbnail","6":"product_cat-nahrungsergaenzungsmittel","7":"product_cat-phytinov-de-2","9":"first","10":"instock","11":"shipping-taxable","12":"purchasable","13":"product-type-simple"},"yoast_head":"<!-- This site is optimized with the Yoast SEO plugin v27.3 - https:\/\/yoast.com\/product\/yoast-seo-wordpress\/ -->\n<title>Nahrungserg\u00e4nzungsmittel, das die Zellen vor oxidativem Stress sch\u00fctzt von Phyt-Inov\u00ae Offiziell\/Biomaxi, Offizieller H\u00e4ndler in der Schweiz - Formel von Jean-Pierre Willem - Nat\u00fcrliches Produkt auf Selenbasis, das dazu beitr\u00e4gt, die Zellen vor freien Radikalen zu sch\u00fctzen - Radicolyse 150 vegetarische Kapseln mit einer Dosierung von 367.5 mg | Biomaxi.ch<\/title>\n<meta name=\"description\" content=\"Biomaxi, offizieller Schweizer Lieferant des Labors Phyt-Inov international\u00ae Offizielles Schweizer Labor, entwickelt mit Jean Pierre Willem Radicolyse (150 Kapseln mit 367,5 mg) tr\u00e4gt zu einer normalen Spermatogenese bei, tr\u00e4gt zur Erhaltung normaler Haare bei, tr\u00e4gt zur Erhaltung normaler N\u00e4gel bei, tr\u00e4gt zu einer normalen Funktion des Immunsystems bei. Tr\u00e4gt zum Schutz der Zellen vor oxidativem Stress bei (Alpha-Lipons\u00e4ure\/reduziertes Glutathion\/Phosphatidylserin\/Coenzym Q10\/Selenium)\" \/>\n<meta name=\"robots\" content=\"index, follow, max-snippet:-1, max-image-preview:large, max-video-preview:-1\" \/>\n<link rel=\"canonical\" href=\"https:\/\/biomaxi.ch\/de\/produit\/radicolyse-150-kapseln\/\" \/>\n<meta property=\"og:locale\" content=\"de_DE\" \/>\n<meta property=\"og:type\" content=\"article\" \/>\n<meta property=\"og:title\" content=\"Nahrungserg\u00e4nzungsmittel, das die Zellen vor oxidativem Stress sch\u00fctzt von Phyt-Inov\u00ae Offiziell\/Biomaxi, Offizieller H\u00e4ndler in der Schweiz - Formel von Jean-Pierre Willem - Nat\u00fcrliches Produkt auf Selenbasis, das dazu beitr\u00e4gt, die Zellen vor freien Radikalen zu sch\u00fctzen - Radicolyse 150 vegetarische Kapseln mit einer Dosierung von 367.5 mg | Biomaxi.ch\" \/>\n<meta property=\"og:description\" content=\"Biomaxi, offizieller Schweizer Lieferant des Labors Phyt-Inov international\u00ae Offizielles Schweizer Labor, entwickelt mit Jean Pierre Willem Radicolyse (150 Kapseln mit 367,5 mg) tr\u00e4gt zu einer normalen Spermatogenese bei, tr\u00e4gt zur Erhaltung normaler Haare bei, tr\u00e4gt zur Erhaltung normaler N\u00e4gel bei, tr\u00e4gt zu einer normalen Funktion des Immunsystems bei. Tr\u00e4gt zum Schutz der Zellen vor oxidativem Stress bei (Alpha-Lipons\u00e4ure\/reduziertes Glutathion\/Phosphatidylserin\/Coenzym Q10\/Selenium)\" \/>\n<meta property=\"og:url\" content=\"https:\/\/biomaxi.ch\/de\/produit\/radicolyse-150-kapseln\/\" \/>\n<meta property=\"og:site_name\" content=\"Biomaxi\" \/>\n<meta property=\"article:publisher\" content=\"https:\/\/www.facebook.com\/biomaxisuisse\/\" \/>\n<meta property=\"og:image\" content=\"https:\/\/biomaxi.ch\/wp-content\/uploads\/2023\/07\/Radicolyse-2021-08-dimension-site-web-light-bas-scaled-2.jpg\" \/>\n\t<meta property=\"og:image:width\" content=\"1945\" \/>\n\t<meta property=\"og:image:height\" content=\"2560\" \/>\n\t<meta property=\"og:image:type\" content=\"image\/jpeg\" \/>\n<meta name=\"twitter:card\" content=\"summary_large_image\" \/>\n<meta name=\"twitter:label1\" content=\"Gesch\u00e4tzte Lesezeit\" \/>\n\t<meta name=\"twitter:data1\" content=\"1\u00a0Minute\" \/>\n<script type=\"application\/ld+json\" class=\"yoast-schema-graph\">{\"@context\":\"https:\\\/\\\/schema.org\",\"@graph\":[{\"@type\":\"WebPage\",\"@id\":\"https:\\\/\\\/biomaxi.ch\\\/de\\\/produit\\\/radicolyse-150-kapseln\\\/\",\"url\":\"https:\\\/\\\/biomaxi.ch\\\/de\\\/produit\\\/radicolyse-150-kapseln\\\/\",\"name\":\"Nahrungserg\u00e4nzungsmittel, das die Zellen vor oxidativem Stress sch\u00fctzt von Phyt-Inov\u00ae Offiziell\\\/Biomaxi, Offizieller H\u00e4ndler in der Schweiz - Formel von Jean-Pierre Willem - Nat\u00fcrliches Produkt auf Selenbasis, das dazu beitr\u00e4gt, die Zellen vor freien Radikalen zu sch\u00fctzen - Radicolyse 150 vegetarische Kapseln mit einer Dosierung von 367.5 mg | Biomaxi.ch\",\"isPartOf\":{\"@id\":\"https:\\\/\\\/biomaxi.ch\\\/#website\"},\"primaryImageOfPage\":{\"@id\":\"https:\\\/\\\/biomaxi.ch\\\/de\\\/produit\\\/radicolyse-150-kapseln\\\/#primaryimage\"},\"image\":{\"@id\":\"https:\\\/\\\/biomaxi.ch\\\/de\\\/produit\\\/radicolyse-150-kapseln\\\/#primaryimage\"},\"thumbnailUrl\":\"https:\\\/\\\/biomaxi.ch\\\/wp-content\\\/uploads\\\/2023\\\/07\\\/Radicolyse-2021-08-dimension-site-web-light-bas-scaled-2.jpg\",\"datePublished\":\"2021-05-19T15:26:49+00:00\",\"description\":\"Biomaxi, offizieller Schweizer Lieferant des Labors Phyt-Inov international\u00ae Offizielles Schweizer Labor, entwickelt mit Jean Pierre Willem Radicolyse (150 Kapseln mit 367,5 mg) tr\u00e4gt zu einer normalen Spermatogenese bei, tr\u00e4gt zur Erhaltung normaler Haare bei, tr\u00e4gt zur Erhaltung normaler N\u00e4gel bei, tr\u00e4gt zu einer normalen Funktion des Immunsystems bei. Tr\u00e4gt zum Schutz der Zellen vor oxidativem Stress bei (Alpha-Lipons\u00e4ure\\\/reduziertes Glutathion\\\/Phosphatidylserin\\\/Coenzym Q10\\\/Selenium)\",\"breadcrumb\":{\"@id\":\"https:\\\/\\\/biomaxi.ch\\\/de\\\/produit\\\/radicolyse-150-kapseln\\\/#breadcrumb\"},\"inLanguage\":\"de\",\"potentialAction\":[{\"@type\":\"ReadAction\",\"target\":[\"https:\\\/\\\/biomaxi.ch\\\/de\\\/produit\\\/radicolyse-150-kapseln\\\/\"]}]},{\"@type\":\"ImageObject\",\"inLanguage\":\"de\",\"@id\":\"https:\\\/\\\/biomaxi.ch\\\/de\\\/produit\\\/radicolyse-150-kapseln\\\/#primaryimage\",\"url\":\"https:\\\/\\\/biomaxi.ch\\\/wp-content\\\/uploads\\\/2023\\\/07\\\/Radicolyse-2021-08-dimension-site-web-light-bas-scaled-2.jpg\",\"contentUrl\":\"https:\\\/\\\/biomaxi.ch\\\/wp-content\\\/uploads\\\/2023\\\/07\\\/Radicolyse-2021-08-dimension-site-web-light-bas-scaled-2.jpg\",\"width\":1945,\"height\":2560},{\"@type\":\"BreadcrumbList\",\"@id\":\"https:\\\/\\\/biomaxi.ch\\\/de\\\/produit\\\/radicolyse-150-kapseln\\\/#breadcrumb\",\"itemListElement\":[{\"@type\":\"ListItem\",\"position\":1,\"name\":\"Accueil\",\"item\":\"https:\\\/\\\/biomaxi.ch\\\/de\\\/\"},{\"@type\":\"ListItem\",\"position\":2,\"name\":\"Produits\",\"item\":\"https:\\\/\\\/biomaxi.ch\\\/produits\\\/\"},{\"@type\":\"ListItem\",\"position\":3,\"name\":\"Radicolyse 150 Kapseln\"}]},{\"@type\":\"WebSite\",\"@id\":\"https:\\\/\\\/biomaxi.ch\\\/#website\",\"url\":\"https:\\\/\\\/biomaxi.ch\\\/\",\"name\":\"Biomaxi\",\"description\":\"Compl\u00e9ments alimentaires bio d&#039;origine suisse bio et naturels\",\"publisher\":{\"@id\":\"https:\\\/\\\/biomaxi.ch\\\/#organization\"},\"potentialAction\":[{\"@type\":\"SearchAction\",\"target\":{\"@type\":\"EntryPoint\",\"urlTemplate\":\"https:\\\/\\\/biomaxi.ch\\\/?s={search_term_string}\"},\"query-input\":{\"@type\":\"PropertyValueSpecification\",\"valueRequired\":true,\"valueName\":\"search_term_string\"}}],\"inLanguage\":\"de\"},{\"@type\":\"Organization\",\"@id\":\"https:\\\/\\\/biomaxi.ch\\\/#organization\",\"name\":\"Biomaxi\",\"url\":\"https:\\\/\\\/biomaxi.ch\\\/\",\"logo\":{\"@type\":\"ImageObject\",\"inLanguage\":\"de\",\"@id\":\"https:\\\/\\\/biomaxi.ch\\\/#\\\/schema\\\/logo\\\/image\\\/\",\"url\":\"https:\\\/\\\/biomaxi.ch\\\/wp-content\\\/uploads\\\/2024\\\/05\\\/LogoBiomaxiSite-1014x1024-1.jpg\",\"contentUrl\":\"https:\\\/\\\/biomaxi.ch\\\/wp-content\\\/uploads\\\/2024\\\/05\\\/LogoBiomaxiSite-1014x1024-1.jpg\",\"width\":1014,\"height\":1024,\"caption\":\"Biomaxi\"},\"image\":{\"@id\":\"https:\\\/\\\/biomaxi.ch\\\/#\\\/schema\\\/logo\\\/image\\\/\"},\"sameAs\":[\"https:\\\/\\\/www.facebook.com\\\/biomaxisuisse\\\/\",\"https:\\\/\\\/www.instagram.com\\\/phytinov\\\/\"]}]}<\/script>\n<!-- \/ Yoast SEO plugin. -->","yoast_head_json":{"title":"Nahrungserg\u00e4nzungsmittel, das die Zellen vor oxidativem Stress sch\u00fctzt von Phyt-Inov\u00ae Offiziell\/Biomaxi, Offizieller H\u00e4ndler in der Schweiz - Formel von Jean-Pierre Willem - Nat\u00fcrliches Produkt auf Selenbasis, das dazu beitr\u00e4gt, die Zellen vor freien Radikalen zu sch\u00fctzen - Radicolyse 150 vegetarische Kapseln mit einer Dosierung von 367.5 mg | Biomaxi.ch","description":"Biomaxi, offizieller Schweizer Lieferant des Labors Phyt-Inov international\u00ae Offizielles Schweizer Labor, entwickelt mit Jean Pierre Willem Radicolyse (150 Kapseln mit 367,5 mg) tr\u00e4gt zu einer normalen Spermatogenese bei, tr\u00e4gt zur Erhaltung normaler Haare bei, tr\u00e4gt zur Erhaltung normaler N\u00e4gel bei, tr\u00e4gt zu einer normalen Funktion des Immunsystems bei. Tr\u00e4gt zum Schutz der Zellen vor oxidativem Stress bei (Alpha-Lipons\u00e4ure\/reduziertes Glutathion\/Phosphatidylserin\/Coenzym Q10\/Selenium)","robots":{"index":"index","follow":"follow","max-snippet":"max-snippet:-1","max-image-preview":"max-image-preview:large","max-video-preview":"max-video-preview:-1"},"canonical":"https:\/\/biomaxi.ch\/de\/produit\/radicolyse-150-kapseln\/","og_locale":"de_DE","og_type":"article","og_title":"Nahrungserg\u00e4nzungsmittel, das die Zellen vor oxidativem Stress sch\u00fctzt von Phyt-Inov\u00ae Offiziell\/Biomaxi, Offizieller H\u00e4ndler in der Schweiz - Formel von Jean-Pierre Willem - Nat\u00fcrliches Produkt auf Selenbasis, das dazu beitr\u00e4gt, die Zellen vor freien Radikalen zu sch\u00fctzen - Radicolyse 150 vegetarische Kapseln mit einer Dosierung von 367.5 mg | Biomaxi.ch","og_description":"Biomaxi, offizieller Schweizer Lieferant des Labors Phyt-Inov international\u00ae Offizielles Schweizer Labor, entwickelt mit Jean Pierre Willem Radicolyse (150 Kapseln mit 367,5 mg) tr\u00e4gt zu einer normalen Spermatogenese bei, tr\u00e4gt zur Erhaltung normaler Haare bei, tr\u00e4gt zur Erhaltung normaler N\u00e4gel bei, tr\u00e4gt zu einer normalen Funktion des Immunsystems bei. Tr\u00e4gt zum Schutz der Zellen vor oxidativem Stress bei (Alpha-Lipons\u00e4ure\/reduziertes Glutathion\/Phosphatidylserin\/Coenzym Q10\/Selenium)","og_url":"https:\/\/biomaxi.ch\/de\/produit\/radicolyse-150-kapseln\/","og_site_name":"Biomaxi","article_publisher":"https:\/\/www.facebook.com\/biomaxisuisse\/","og_image":[{"width":1945,"height":2560,"url":"https:\/\/biomaxi.ch\/wp-content\/uploads\/2023\/07\/Radicolyse-2021-08-dimension-site-web-light-bas-scaled-2.jpg","type":"image\/jpeg"}],"twitter_card":"summary_large_image","twitter_misc":{"Gesch\u00e4tzte Lesezeit":"1\u00a0Minute"},"schema":{"@context":"https:\/\/schema.org","@graph":[{"@type":"WebPage","@id":"https:\/\/biomaxi.ch\/de\/produit\/radicolyse-150-kapseln\/","url":"https:\/\/biomaxi.ch\/de\/produit\/radicolyse-150-kapseln\/","name":"Nahrungserg\u00e4nzungsmittel, das die Zellen vor oxidativem Stress sch\u00fctzt von Phyt-Inov\u00ae Offiziell\/Biomaxi, Offizieller H\u00e4ndler in der Schweiz - Formel von Jean-Pierre Willem - Nat\u00fcrliches Produkt auf Selenbasis, das dazu beitr\u00e4gt, die Zellen vor freien Radikalen zu sch\u00fctzen - Radicolyse 150 vegetarische Kapseln mit einer Dosierung von 367.5 mg | Biomaxi.ch","isPartOf":{"@id":"https:\/\/biomaxi.ch\/#website"},"primaryImageOfPage":{"@id":"https:\/\/biomaxi.ch\/de\/produit\/radicolyse-150-kapseln\/#primaryimage"},"image":{"@id":"https:\/\/biomaxi.ch\/de\/produit\/radicolyse-150-kapseln\/#primaryimage"},"thumbnailUrl":"https:\/\/biomaxi.ch\/wp-content\/uploads\/2023\/07\/Radicolyse-2021-08-dimension-site-web-light-bas-scaled-2.jpg","datePublished":"2021-05-19T15:26:49+00:00","description":"Biomaxi, offizieller Schweizer Lieferant des Labors Phyt-Inov international\u00ae Offizielles Schweizer Labor, entwickelt mit Jean Pierre Willem Radicolyse (150 Kapseln mit 367,5 mg) tr\u00e4gt zu einer normalen Spermatogenese bei, tr\u00e4gt zur Erhaltung normaler Haare bei, tr\u00e4gt zur Erhaltung normaler N\u00e4gel bei, tr\u00e4gt zu einer normalen Funktion des Immunsystems bei. Tr\u00e4gt zum Schutz der Zellen vor oxidativem Stress bei (Alpha-Lipons\u00e4ure\/reduziertes Glutathion\/Phosphatidylserin\/Coenzym Q10\/Selenium)","breadcrumb":{"@id":"https:\/\/biomaxi.ch\/de\/produit\/radicolyse-150-kapseln\/#breadcrumb"},"inLanguage":"de","potentialAction":[{"@type":"ReadAction","target":["https:\/\/biomaxi.ch\/de\/produit\/radicolyse-150-kapseln\/"]}]},{"@type":"ImageObject","inLanguage":"de","@id":"https:\/\/biomaxi.ch\/de\/produit\/radicolyse-150-kapseln\/#primaryimage","url":"https:\/\/biomaxi.ch\/wp-content\/uploads\/2023\/07\/Radicolyse-2021-08-dimension-site-web-light-bas-scaled-2.jpg","contentUrl":"https:\/\/biomaxi.ch\/wp-content\/uploads\/2023\/07\/Radicolyse-2021-08-dimension-site-web-light-bas-scaled-2.jpg","width":1945,"height":2560},{"@type":"BreadcrumbList","@id":"https:\/\/biomaxi.ch\/de\/produit\/radicolyse-150-kapseln\/#breadcrumb","itemListElement":[{"@type":"ListItem","position":1,"name":"Accueil","item":"https:\/\/biomaxi.ch\/de\/"},{"@type":"ListItem","position":2,"name":"Produits","item":"https:\/\/biomaxi.ch\/produits\/"},{"@type":"ListItem","position":3,"name":"Radicolyse 150 Kapseln"}]},{"@type":"WebSite","@id":"https:\/\/biomaxi.ch\/#website","url":"https:\/\/biomaxi.ch\/","name":"Biomaxi","description":"Compl\u00e9ments alimentaires bio d&#039;origine suisse bio et naturels","publisher":{"@id":"https:\/\/biomaxi.ch\/#organization"},"potentialAction":[{"@type":"SearchAction","target":{"@type":"EntryPoint","urlTemplate":"https:\/\/biomaxi.ch\/?s={search_term_string}"},"query-input":{"@type":"PropertyValueSpecification","valueRequired":true,"valueName":"search_term_string"}}],"inLanguage":"de"},{"@type":"Organization","@id":"https:\/\/biomaxi.ch\/#organization","name":"Biomaxi","url":"https:\/\/biomaxi.ch\/","logo":{"@type":"ImageObject","inLanguage":"de","@id":"https:\/\/biomaxi.ch\/#\/schema\/logo\/image\/","url":"https:\/\/biomaxi.ch\/wp-content\/uploads\/2024\/05\/LogoBiomaxiSite-1014x1024-1.jpg","contentUrl":"https:\/\/biomaxi.ch\/wp-content\/uploads\/2024\/05\/LogoBiomaxiSite-1014x1024-1.jpg","width":1014,"height":1024,"caption":"Biomaxi"},"image":{"@id":"https:\/\/biomaxi.ch\/#\/schema\/logo\/image\/"},"sameAs":["https:\/\/www.facebook.com\/biomaxisuisse\/","https:\/\/www.instagram.com\/phytinov\/"]}]}},"_links":{"self":[{"href":"https:\/\/biomaxi.ch\/de\/wp-json\/wp\/v2\/product\/30930","targetHints":{"allow":["GET"]}}],"collection":[{"href":"https:\/\/biomaxi.ch\/de\/wp-json\/wp\/v2\/product"}],"about":[{"href":"https:\/\/biomaxi.ch\/de\/wp-json\/wp\/v2\/types\/product"}],"replies":[{"embeddable":true,"href":"https:\/\/biomaxi.ch\/de\/wp-json\/wp\/v2\/comments?post=30930"}],"wp:featuredmedia":[{"embeddable":true,"href":"https:\/\/biomaxi.ch\/de\/wp-json\/wp\/v2\/media\/30010"}],"wp:attachment":[{"href":"https:\/\/biomaxi.ch\/de\/wp-json\/wp\/v2\/media?parent=30930"}],"wp:term":[{"taxonomy":"product_brand","embeddable":true,"href":"https:\/\/biomaxi.ch\/de\/wp-json\/wp\/v2\/product_brand?post=30930"},{"taxonomy":"product_cat","embeddable":true,"href":"https:\/\/biomaxi.ch\/de\/wp-json\/wp\/v2\/product_cat?post=30930"},{"taxonomy":"product_tag","embeddable":true,"href":"https:\/\/biomaxi.ch\/de\/wp-json\/wp\/v2\/product_tag?post=30930"}],"curies":[{"name":"wp","href":"https:\/\/api.w.org\/{rel}","templated":true}]}}