{"id":30924,"date":"2021-05-07T11:30:20","date_gmt":"2021-05-07T09:30:20","guid":{"rendered":"https:\/\/biomaxi.ch\/produit\/lysovir-60-vegetarische-kapseln\/"},"modified":"2021-05-07T11:30:20","modified_gmt":"2021-05-07T09:30:20","slug":"lysovir-60-vegetarische-kapseln","status":"publish","type":"product","link":"https:\/\/biomaxi.ch\/de\/produit\/lysovir-60-vegetarische-kapseln\/","title":{"rendered":"Lysovir 60 vegetarische Kapseln"},"content":{"rendered":"<p>Packung mit 60 vegetarischen Kapseln mit einer Dosierung von 500 mg.<\/p>\n<p>Nettogewicht: 36,5 g<\/p>\n<p>Verzehrempfehlung<strong>:<\/strong> 2 Kapseln zweimal t\u00e4glich zu den Mahlzeiten.<\/p>\n<p>&nbsp;<\/p>\n<p><strong>Zutaten f\u00fcr 4 Kapseln:<\/strong> Sojalecithin 1&#8217;600 mg, Hydroxypropylmethylcellulose (pflanzliche Zellulosekapsel), biologisches \u00e4therisches \u00d6l aus Niaouli-Bl\u00e4ttern 100 mg, biologisches \u00e4therisches \u00d6l aus Oreganobl\u00fcten 100 mg, biologisches \u00e4therisches \u00d6l aus Zimtrinde 100 mg, biologisches \u00e4therisches \u00d6l aus Melaleuca-Bl\u00e4ttern 100 mg.<\/p>\n<p>Au\u00dferhalb der Reichweite von kleinen Kindern aufbewahren.<br \/>\n\u00dcberschreiten Sie nicht die empfohlene Tagesdosis. Nahrungserg\u00e4nzungsmittel sollten nicht als Ersatz f\u00fcr eine abwechslungsreiche und ausgewogene Ern\u00e4hrung und eine gesunde Lebensweise verwendet werden.<br \/>\nNur f\u00fcr Erwachsene. Abgeraten w\u00e4hrend der Schwangerschaft und Stillzeit. Nehmen Sie das Medikament nicht l\u00e4nger als eine Woche ein. Fragen Sie Ihren Arzt um Rat, wenn Sie antiepileptische Medikamente einnehmen oder dies in der Vergangenheit getan haben, wenn Sie Antikoagulantien oder orale Antidiabetika einnehmen, wenn Sie Blutgerinnungsst\u00f6rungen haben, wenn Sie allergisch gegen Zimt oder Perubalsam sind, wenn Sie ein Magengeschw\u00fcr oder Gastritis haben.<\/p>\n<p>Trocken und k\u00fchl aufbewahren.<\/p>\n","protected":false},"excerpt":{"rendered":"<p><strong>Lysovir ist ein Nahrungserg\u00e4nzungsmittel<\/strong>, das <strong>aus 5 Wirkstoffen besteht:<\/strong><\/p>\n<p>Sojalecithin;<\/p>\n<p>Biologisches \u00e4therisches \u00d6l aus Niaouli (Melaleuca quinquinervia);<\/p>\n<p>Biologisches \u00e4therisches \u00d6l aus Oregano (Origanum compactum);<\/p>\n<p>Biologisches \u00e4therisches \u00d6l aus Zimtrinde (Cinnamomum zeylanicum);<\/p>\n<p>Biologisches \u00e4therisches \u00d6l aus Melaleuca (Melaleuca alternifolia).<\/p>\n","protected":false},"featured_media":30351,"comment_status":"open","ping_status":"closed","template":"","meta":{"_et_pb_use_builder":"","_et_pb_old_content":"","_et_gb_content_width":""},"product_brand":[],"product_cat":[201,202],"product_tag":[204,205],"class_list":{"0":"post-30924","1":"product","2":"type-product","3":"status-publish","4":"has-post-thumbnail","6":"product_cat-nahrungsergaenzungsmittel","7":"product_cat-phytinov-de-2","8":"product_tag-harnkomfort","9":"product_tag-tonus-et-defense-de","11":"first","12":"instock","13":"shipping-taxable","14":"purchasable","15":"product-type-simple"},"yoast_head":"<!-- This site is optimized with the Yoast SEO plugin v27.3 - https:\/\/yoast.com\/product\/yoast-seo-wordpress\/ -->\n<title>Nat\u00fcrliches Produkt, das die Immunit\u00e4t st\u00e4rkt von Phyt-Inov\u00ae offiziell (entwickelt mit JP Willem) - Nahrungserg\u00e4nzungsmittel auf der Basis von \u00e4therischen \u00d6len - Lysovir 60 Kapseln| Biomaxi.ch<\/title>\n<meta name=\"description\" content=\"Biomaxi bietet Ihnen Lysovir (60 Kapseln) als Nahrungserg\u00e4nzungsmittel an, das von der offiziellen Phyt-Inov\u00ae in Zusammenarbeit mit JP Willem entwickelt wurde. Lysovir ist ein Produkt auf der Basis von 4 \u00e4therischen \u00d6len mit antiviraler Wirkung (Niaouli\/Origan\/Zimt\/Melaleuca), verbessert die Immunit\u00e4t und den Widerstand.\" \/>\n<meta name=\"robots\" content=\"index, follow, max-snippet:-1, max-image-preview:large, max-video-preview:-1\" \/>\n<link rel=\"canonical\" href=\"https:\/\/biomaxi.ch\/de\/produit\/lysovir-60-vegetarische-kapseln\/\" \/>\n<meta property=\"og:locale\" content=\"de_DE\" \/>\n<meta property=\"og:type\" content=\"article\" \/>\n<meta property=\"og:title\" content=\"Nat\u00fcrliches Produkt, das die Immunit\u00e4t st\u00e4rkt von Phyt-Inov\u00ae offiziell (entwickelt mit JP Willem) - Nahrungserg\u00e4nzungsmittel auf der Basis von \u00e4therischen \u00d6len - Lysovir 60 Kapseln| Biomaxi.ch\" \/>\n<meta property=\"og:description\" content=\"Biomaxi bietet Ihnen Lysovir (60 Kapseln) als Nahrungserg\u00e4nzungsmittel an, das von der offiziellen Phyt-Inov\u00ae in Zusammenarbeit mit JP Willem entwickelt wurde. Lysovir ist ein Produkt auf der Basis von 4 \u00e4therischen \u00d6len mit antiviraler Wirkung (Niaouli\/Origan\/Zimt\/Melaleuca), verbessert die Immunit\u00e4t und den Widerstand.\" \/>\n<meta property=\"og:url\" content=\"https:\/\/biomaxi.ch\/de\/produit\/lysovir-60-vegetarische-kapseln\/\" \/>\n<meta property=\"og:site_name\" content=\"Biomaxi\" \/>\n<meta property=\"article:publisher\" content=\"https:\/\/www.facebook.com\/biomaxisuisse\/\" \/>\n<meta property=\"og:image\" content=\"https:\/\/biomaxi.ch\/wp-content\/uploads\/2021\/05\/Lysovir-60-Biomaxi-site-1-scaled-1.jpg\" \/>\n\t<meta property=\"og:image:width\" content=\"2100\" \/>\n\t<meta property=\"og:image:height\" content=\"2560\" \/>\n\t<meta property=\"og:image:type\" content=\"image\/jpeg\" \/>\n<meta name=\"twitter:card\" content=\"summary_large_image\" \/>\n<meta name=\"twitter:label1\" content=\"Gesch\u00e4tzte Lesezeit\" \/>\n\t<meta name=\"twitter:data1\" content=\"1\u00a0Minute\" \/>\n<script type=\"application\/ld+json\" class=\"yoast-schema-graph\">{\"@context\":\"https:\\\/\\\/schema.org\",\"@graph\":[{\"@type\":\"WebPage\",\"@id\":\"https:\\\/\\\/biomaxi.ch\\\/de\\\/produit\\\/lysovir-60-vegetarische-kapseln\\\/\",\"url\":\"https:\\\/\\\/biomaxi.ch\\\/de\\\/produit\\\/lysovir-60-vegetarische-kapseln\\\/\",\"name\":\"Nat\u00fcrliches Produkt, das die Immunit\u00e4t st\u00e4rkt von Phyt-Inov\u00ae offiziell (entwickelt mit JP Willem) - Nahrungserg\u00e4nzungsmittel auf der Basis von \u00e4therischen \u00d6len - Lysovir 60 Kapseln| Biomaxi.ch\",\"isPartOf\":{\"@id\":\"https:\\\/\\\/biomaxi.ch\\\/#website\"},\"primaryImageOfPage\":{\"@id\":\"https:\\\/\\\/biomaxi.ch\\\/de\\\/produit\\\/lysovir-60-vegetarische-kapseln\\\/#primaryimage\"},\"image\":{\"@id\":\"https:\\\/\\\/biomaxi.ch\\\/de\\\/produit\\\/lysovir-60-vegetarische-kapseln\\\/#primaryimage\"},\"thumbnailUrl\":\"https:\\\/\\\/biomaxi.ch\\\/wp-content\\\/uploads\\\/2021\\\/05\\\/Lysovir-60-Biomaxi-site-1-scaled-1.jpg\",\"datePublished\":\"2021-05-07T09:30:20+00:00\",\"description\":\"Biomaxi bietet Ihnen Lysovir (60 Kapseln) als Nahrungserg\u00e4nzungsmittel an, das von der offiziellen Phyt-Inov\u00ae in Zusammenarbeit mit JP Willem entwickelt wurde. Lysovir ist ein Produkt auf der Basis von 4 \u00e4therischen \u00d6len mit antiviraler Wirkung (Niaouli\\\/Origan\\\/Zimt\\\/Melaleuca), verbessert die Immunit\u00e4t und den Widerstand.\",\"breadcrumb\":{\"@id\":\"https:\\\/\\\/biomaxi.ch\\\/de\\\/produit\\\/lysovir-60-vegetarische-kapseln\\\/#breadcrumb\"},\"inLanguage\":\"de\",\"potentialAction\":[{\"@type\":\"ReadAction\",\"target\":[\"https:\\\/\\\/biomaxi.ch\\\/de\\\/produit\\\/lysovir-60-vegetarische-kapseln\\\/\"]}]},{\"@type\":\"ImageObject\",\"inLanguage\":\"de\",\"@id\":\"https:\\\/\\\/biomaxi.ch\\\/de\\\/produit\\\/lysovir-60-vegetarische-kapseln\\\/#primaryimage\",\"url\":\"https:\\\/\\\/biomaxi.ch\\\/wp-content\\\/uploads\\\/2021\\\/05\\\/Lysovir-60-Biomaxi-site-1-scaled-1.jpg\",\"contentUrl\":\"https:\\\/\\\/biomaxi.ch\\\/wp-content\\\/uploads\\\/2021\\\/05\\\/Lysovir-60-Biomaxi-site-1-scaled-1.jpg\",\"width\":2100,\"height\":2560,\"caption\":\"Lysovir 60 Biomaxi\"},{\"@type\":\"BreadcrumbList\",\"@id\":\"https:\\\/\\\/biomaxi.ch\\\/de\\\/produit\\\/lysovir-60-vegetarische-kapseln\\\/#breadcrumb\",\"itemListElement\":[{\"@type\":\"ListItem\",\"position\":1,\"name\":\"Accueil\",\"item\":\"https:\\\/\\\/biomaxi.ch\\\/de\\\/\"},{\"@type\":\"ListItem\",\"position\":2,\"name\":\"Produits\",\"item\":\"https:\\\/\\\/biomaxi.ch\\\/produits\\\/\"},{\"@type\":\"ListItem\",\"position\":3,\"name\":\"Lysovir 60 vegetarische Kapseln\"}]},{\"@type\":\"WebSite\",\"@id\":\"https:\\\/\\\/biomaxi.ch\\\/#website\",\"url\":\"https:\\\/\\\/biomaxi.ch\\\/\",\"name\":\"Biomaxi\",\"description\":\"Compl\u00e9ments alimentaires bio d&#039;origine suisse bio et naturels\",\"publisher\":{\"@id\":\"https:\\\/\\\/biomaxi.ch\\\/#organization\"},\"potentialAction\":[{\"@type\":\"SearchAction\",\"target\":{\"@type\":\"EntryPoint\",\"urlTemplate\":\"https:\\\/\\\/biomaxi.ch\\\/?s={search_term_string}\"},\"query-input\":{\"@type\":\"PropertyValueSpecification\",\"valueRequired\":true,\"valueName\":\"search_term_string\"}}],\"inLanguage\":\"de\"},{\"@type\":\"Organization\",\"@id\":\"https:\\\/\\\/biomaxi.ch\\\/#organization\",\"name\":\"Biomaxi\",\"url\":\"https:\\\/\\\/biomaxi.ch\\\/\",\"logo\":{\"@type\":\"ImageObject\",\"inLanguage\":\"de\",\"@id\":\"https:\\\/\\\/biomaxi.ch\\\/#\\\/schema\\\/logo\\\/image\\\/\",\"url\":\"https:\\\/\\\/biomaxi.ch\\\/wp-content\\\/uploads\\\/2024\\\/05\\\/LogoBiomaxiSite-1014x1024-1.jpg\",\"contentUrl\":\"https:\\\/\\\/biomaxi.ch\\\/wp-content\\\/uploads\\\/2024\\\/05\\\/LogoBiomaxiSite-1014x1024-1.jpg\",\"width\":1014,\"height\":1024,\"caption\":\"Biomaxi\"},\"image\":{\"@id\":\"https:\\\/\\\/biomaxi.ch\\\/#\\\/schema\\\/logo\\\/image\\\/\"},\"sameAs\":[\"https:\\\/\\\/www.facebook.com\\\/biomaxisuisse\\\/\",\"https:\\\/\\\/www.instagram.com\\\/phytinov\\\/\"]}]}<\/script>\n<!-- \/ Yoast SEO plugin. -->","yoast_head_json":{"title":"Nat\u00fcrliches Produkt, das die Immunit\u00e4t st\u00e4rkt von Phyt-Inov\u00ae offiziell (entwickelt mit JP Willem) - Nahrungserg\u00e4nzungsmittel auf der Basis von \u00e4therischen \u00d6len - Lysovir 60 Kapseln| Biomaxi.ch","description":"Biomaxi bietet Ihnen Lysovir (60 Kapseln) als Nahrungserg\u00e4nzungsmittel an, das von der offiziellen Phyt-Inov\u00ae in Zusammenarbeit mit JP Willem entwickelt wurde. Lysovir ist ein Produkt auf der Basis von 4 \u00e4therischen \u00d6len mit antiviraler Wirkung (Niaouli\/Origan\/Zimt\/Melaleuca), verbessert die Immunit\u00e4t und den Widerstand.","robots":{"index":"index","follow":"follow","max-snippet":"max-snippet:-1","max-image-preview":"max-image-preview:large","max-video-preview":"max-video-preview:-1"},"canonical":"https:\/\/biomaxi.ch\/de\/produit\/lysovir-60-vegetarische-kapseln\/","og_locale":"de_DE","og_type":"article","og_title":"Nat\u00fcrliches Produkt, das die Immunit\u00e4t st\u00e4rkt von Phyt-Inov\u00ae offiziell (entwickelt mit JP Willem) - Nahrungserg\u00e4nzungsmittel auf der Basis von \u00e4therischen \u00d6len - Lysovir 60 Kapseln| Biomaxi.ch","og_description":"Biomaxi bietet Ihnen Lysovir (60 Kapseln) als Nahrungserg\u00e4nzungsmittel an, das von der offiziellen Phyt-Inov\u00ae in Zusammenarbeit mit JP Willem entwickelt wurde. Lysovir ist ein Produkt auf der Basis von 4 \u00e4therischen \u00d6len mit antiviraler Wirkung (Niaouli\/Origan\/Zimt\/Melaleuca), verbessert die Immunit\u00e4t und den Widerstand.","og_url":"https:\/\/biomaxi.ch\/de\/produit\/lysovir-60-vegetarische-kapseln\/","og_site_name":"Biomaxi","article_publisher":"https:\/\/www.facebook.com\/biomaxisuisse\/","og_image":[{"width":2100,"height":2560,"url":"https:\/\/biomaxi.ch\/wp-content\/uploads\/2021\/05\/Lysovir-60-Biomaxi-site-1-scaled-1.jpg","type":"image\/jpeg"}],"twitter_card":"summary_large_image","twitter_misc":{"Gesch\u00e4tzte Lesezeit":"1\u00a0Minute"},"schema":{"@context":"https:\/\/schema.org","@graph":[{"@type":"WebPage","@id":"https:\/\/biomaxi.ch\/de\/produit\/lysovir-60-vegetarische-kapseln\/","url":"https:\/\/biomaxi.ch\/de\/produit\/lysovir-60-vegetarische-kapseln\/","name":"Nat\u00fcrliches Produkt, das die Immunit\u00e4t st\u00e4rkt von Phyt-Inov\u00ae offiziell (entwickelt mit JP Willem) - Nahrungserg\u00e4nzungsmittel auf der Basis von \u00e4therischen \u00d6len - Lysovir 60 Kapseln| Biomaxi.ch","isPartOf":{"@id":"https:\/\/biomaxi.ch\/#website"},"primaryImageOfPage":{"@id":"https:\/\/biomaxi.ch\/de\/produit\/lysovir-60-vegetarische-kapseln\/#primaryimage"},"image":{"@id":"https:\/\/biomaxi.ch\/de\/produit\/lysovir-60-vegetarische-kapseln\/#primaryimage"},"thumbnailUrl":"https:\/\/biomaxi.ch\/wp-content\/uploads\/2021\/05\/Lysovir-60-Biomaxi-site-1-scaled-1.jpg","datePublished":"2021-05-07T09:30:20+00:00","description":"Biomaxi bietet Ihnen Lysovir (60 Kapseln) als Nahrungserg\u00e4nzungsmittel an, das von der offiziellen Phyt-Inov\u00ae in Zusammenarbeit mit JP Willem entwickelt wurde. Lysovir ist ein Produkt auf der Basis von 4 \u00e4therischen \u00d6len mit antiviraler Wirkung (Niaouli\/Origan\/Zimt\/Melaleuca), verbessert die Immunit\u00e4t und den Widerstand.","breadcrumb":{"@id":"https:\/\/biomaxi.ch\/de\/produit\/lysovir-60-vegetarische-kapseln\/#breadcrumb"},"inLanguage":"de","potentialAction":[{"@type":"ReadAction","target":["https:\/\/biomaxi.ch\/de\/produit\/lysovir-60-vegetarische-kapseln\/"]}]},{"@type":"ImageObject","inLanguage":"de","@id":"https:\/\/biomaxi.ch\/de\/produit\/lysovir-60-vegetarische-kapseln\/#primaryimage","url":"https:\/\/biomaxi.ch\/wp-content\/uploads\/2021\/05\/Lysovir-60-Biomaxi-site-1-scaled-1.jpg","contentUrl":"https:\/\/biomaxi.ch\/wp-content\/uploads\/2021\/05\/Lysovir-60-Biomaxi-site-1-scaled-1.jpg","width":2100,"height":2560,"caption":"Lysovir 60 Biomaxi"},{"@type":"BreadcrumbList","@id":"https:\/\/biomaxi.ch\/de\/produit\/lysovir-60-vegetarische-kapseln\/#breadcrumb","itemListElement":[{"@type":"ListItem","position":1,"name":"Accueil","item":"https:\/\/biomaxi.ch\/de\/"},{"@type":"ListItem","position":2,"name":"Produits","item":"https:\/\/biomaxi.ch\/produits\/"},{"@type":"ListItem","position":3,"name":"Lysovir 60 vegetarische Kapseln"}]},{"@type":"WebSite","@id":"https:\/\/biomaxi.ch\/#website","url":"https:\/\/biomaxi.ch\/","name":"Biomaxi","description":"Compl\u00e9ments alimentaires bio d&#039;origine suisse bio et naturels","publisher":{"@id":"https:\/\/biomaxi.ch\/#organization"},"potentialAction":[{"@type":"SearchAction","target":{"@type":"EntryPoint","urlTemplate":"https:\/\/biomaxi.ch\/?s={search_term_string}"},"query-input":{"@type":"PropertyValueSpecification","valueRequired":true,"valueName":"search_term_string"}}],"inLanguage":"de"},{"@type":"Organization","@id":"https:\/\/biomaxi.ch\/#organization","name":"Biomaxi","url":"https:\/\/biomaxi.ch\/","logo":{"@type":"ImageObject","inLanguage":"de","@id":"https:\/\/biomaxi.ch\/#\/schema\/logo\/image\/","url":"https:\/\/biomaxi.ch\/wp-content\/uploads\/2024\/05\/LogoBiomaxiSite-1014x1024-1.jpg","contentUrl":"https:\/\/biomaxi.ch\/wp-content\/uploads\/2024\/05\/LogoBiomaxiSite-1014x1024-1.jpg","width":1014,"height":1024,"caption":"Biomaxi"},"image":{"@id":"https:\/\/biomaxi.ch\/#\/schema\/logo\/image\/"},"sameAs":["https:\/\/www.facebook.com\/biomaxisuisse\/","https:\/\/www.instagram.com\/phytinov\/"]}]}},"_links":{"self":[{"href":"https:\/\/biomaxi.ch\/de\/wp-json\/wp\/v2\/product\/30924","targetHints":{"allow":["GET"]}}],"collection":[{"href":"https:\/\/biomaxi.ch\/de\/wp-json\/wp\/v2\/product"}],"about":[{"href":"https:\/\/biomaxi.ch\/de\/wp-json\/wp\/v2\/types\/product"}],"replies":[{"embeddable":true,"href":"https:\/\/biomaxi.ch\/de\/wp-json\/wp\/v2\/comments?post=30924"}],"wp:featuredmedia":[{"embeddable":true,"href":"https:\/\/biomaxi.ch\/de\/wp-json\/wp\/v2\/media\/30351"}],"wp:attachment":[{"href":"https:\/\/biomaxi.ch\/de\/wp-json\/wp\/v2\/media?parent=30924"}],"wp:term":[{"taxonomy":"product_brand","embeddable":true,"href":"https:\/\/biomaxi.ch\/de\/wp-json\/wp\/v2\/product_brand?post=30924"},{"taxonomy":"product_cat","embeddable":true,"href":"https:\/\/biomaxi.ch\/de\/wp-json\/wp\/v2\/product_cat?post=30924"},{"taxonomy":"product_tag","embeddable":true,"href":"https:\/\/biomaxi.ch\/de\/wp-json\/wp\/v2\/product_tag?post=30924"}],"curies":[{"name":"wp","href":"https:\/\/api.w.org\/{rel}","templated":true}]}}