{"id":30922,"date":"2015-12-04T05:07:46","date_gmt":"2015-12-04T04:07:46","guid":{"rendered":"https:\/\/biomaxi.ch\/produit\/epa-krill-100\/"},"modified":"2025-03-17T18:34:21","modified_gmt":"2025-03-17T17:34:21","slug":"epa-krill-100","status":"publish","type":"product","link":"https:\/\/biomaxi.ch\/de\/produit\/epa-krill-100\/","title":{"rendered":"Epa Krill 100"},"content":{"rendered":"<p><strong>2 Kapseln PhosphoKrill Licaps\u00ae liefern 1180 mg reines Krill\u00f6l SUPERBA Boost\u2122, darunter :<\/strong><\/p>\n<p><strong>Omega 3: 312 mg  <\/strong><br \/>\n<strong>EPA: 177 mg<\/strong><br \/>\n<strong>DHA: 82 mg<\/strong><br \/>\n<strong>Phospholipide: 660 mg<\/strong><br \/>\n<strong>Astaxanthin (nat\u00fcrlich verestert): 200 \u00b5g<\/strong><br \/>\n<strong>Phosphatidylcholin: 566 mg<\/strong><br \/>\n<strong>Cholin: 82 mg<\/strong><\/p>\n<p><strong>Besonders reich an Omega-3-Fetts\u00e4uren, Docosahexaens\u00e4ure und Eicosapentaens\u00e4ure.<\/strong><\/p>\n<p>&#8211; EPA und DHA tragen zu einer <strong>normalen Herzfunktion<\/strong> bei.<br \/>\nDie positive Wirkung wird durch die gemeinsame Einnahme von EPA und DHA in einer Menge von 250 mg\/Tag erzielt. Kann nicht f\u00fcr Kinder verwendet werden.<\/p>\n<p>&#8211; DHA und EPA tragen zur <strong>Aufrechterhaltung eines normalen Blutdrucks<\/strong> bei.<br \/>\nDie positive Wirkung wird durch die kombinierte t\u00e4gliche Aufnahme von 3 g DHA und EPA erzielt. Die zus\u00e4tzliche t\u00e4gliche Aufnahme von EPA und DHA zusammengenommen darf 5 g nicht \u00fcberschreiten.<br \/>\nDarf nicht f\u00fcr Kinder verwendet werden.<\/p>\n<p>&#8211; DHA und EPA tragen zur <strong>Aufrechterhaltung eines normalen Triglyceridspiegels im Blut<\/strong> bei.<br \/>\nDie positive Wirkung wird bei einer t\u00e4glichen Aufnahme von 2 g DHA und EPA erzielt.<br \/>\nDie zus\u00e4tzliche t\u00e4gliche Aufnahme von EPA und DHA zusammen darf 5 g nicht \u00fcberschreiten.<br \/>\nDarf nicht f\u00fcr Kinder verwendet werden.<\/p>\n<p>&#8211; DHA tr\u00e4gt zur<strong> normalen Funktion des Gehirns<\/strong> bei.<br \/>\nVerwendungsbeschr\u00e4nkung: Die Angabe darf nur f\u00fcr Lebensmittel verwendet werden, die mindestens<br \/>\n40 mg DHA pro 100 g und 100 kcal enthalten. Die Angabe darf verwendet werden, wenn der Verbraucher<br \/>\ndar\u00fcber informiert wird, dass die positive Wirkung durch den t\u00e4glichen Verzehr von 250 mg DHA erzielt wird.<\/p>\n<p>&#8211; DHA tr\u00e4gt zur <strong>Aufrechterhaltung eines normalen Triglyceridspiegels im Blut bei<\/strong>.<br \/>\nDie positive Wirkung wird durch den t\u00e4glichen Verzehr von 2 g DHA erzielt.<br \/>\nDie zus\u00e4tzliche t\u00e4gliche Aufnahme von EPA und DHA zusammen sollte 5 g nicht \u00fcberschreiten.<\/p>\n<p>&#8211; DHA tr\u00e4gt zur <strong>Aufrechterhaltung einer normalen Sehkraft<\/strong> bei.<br \/>\nDie Angabe darf nur f\u00fcr Lebensmittel verwendet werden, die mindestens 40 mg DHA pro 100 g und 100 kcal enthalten. Die positive Wirkung wird durch die t\u00e4gliche Einnahme von 250 mg DHA erzielt.<\/p>\n<p>&#8211; Die Aufnahme von DHA durch die Mutter tr\u00e4gt zur <strong>normalen Entwicklung der Augen des F\u00f6tus und des gestillten Kindes bei<\/strong>.<br \/>\nDie positive Wirkung wird durch die t\u00e4gliche Aufnahme von 200 mg DHA erzielt, zus\u00e4tzlich zu der empfohlenen t\u00e4glichen Aufnahme von Omega-3-Fetts\u00e4uren f\u00fcr Erwachsene, die 250 mg DHA und EPA betr\u00e4gt.<\/p>\n<p>&#8211; Die Aufnahme von DHA durch die Mutter tr\u00e4gt zur <strong>normalen Entwicklung des Gehirns des F\u00f6tus und des gestillten Kindes bei.<\/strong><br \/>\nDie positive Wirkung wird durch die t\u00e4gliche Aufnahme von 100 mg DHA erzielt. Wird die Angabe f\u00fcr eine Folgepr\u00e4parat verwendet, sollte das Lebensmittel mindestens 0,3 % der gesamten Fetts\u00e4uren als DHA enthalten.<\/p>\n<p>&nbsp;<\/p>\n<p>Der Krillfang in der Antarktis wird streng kontrolliert. Die &#8222;Commission for the Conservation of the Marine Flora&#8220; (CCAMLR) ist daf\u00fcr verantwortlich. Die Kriterien sind:<\/p>\n<ol>\n<li>  Die Menge: nur 440.000 Tonnen k\u00f6nnen pro Jahr gefangen werden.<\/li>\n<li>  Das Gebiet: Es gibt nur zwei Gebiete, in denen der Krillfang erlaubt ist (siehe &#8222;Erhaltungsma\u00dfnahmen&#8220;).<\/li>\n<\/ol>\n<div>Wenn diese beiden Punkte nicht beachtet werden, werden die beschlagnahmten G\u00fcter zur\u00fcckgenommen.<\/div>\n<div><\/div>\n<div>NKO wird von der NSF kontrolliert und ist zertifiziert f\u00fcr Fischfang, Umweltauswirkungen, Recycling und R\u00fcckverfolgbarkeit.<\/div>\n<p>&nbsp;<\/p>\n","protected":false},"excerpt":{"rendered":"<p>Krill tr\u00e4gt zur Vorbeugung von Herz-Kreislauf-Erkrankungen, Cholesterin, Konzentration, Ged\u00e4chtnis, pr\u00e4menstruellem Syndrom und allgemeinem Wohlbefinden bei.<\/p>\n<p>Das wertvolle Krill\u00f6l wird in einem schonenden Verfahren extrahiert, um seine reichhaltigen Inhaltsstoffe zu erhalten.<\/p>\n<p>&nbsp;<\/p>\n<p><b>Zutaten :<\/b><\/p>\n<p>Packung mit 100 Licaps zu 590 mg. Geruchlos.<br \/>\nKrill\u00f6l 590 mg (Euphausia Superba boost), Herkunft Antarktis: 62\u00b040S 55\u00b032W), Meeresgelatine 110 mg.<\/p>\n<p><b>Allergien:<\/b> Fisch und Schalentiere.<\/p>\n","protected":false},"featured_media":29944,"comment_status":"open","ping_status":"closed","template":"","meta":{"_et_pb_use_builder":"","_et_pb_old_content":"","_et_gb_content_width":""},"product_brand":[],"product_cat":[201,202,210],"product_tag":[203,214,213,206,208,211],"class_list":{"0":"post-30922","1":"product","2":"type-product","3":"status-publish","4":"has-post-thumbnail","6":"product_cat-nahrungsergaenzungsmittel","7":"product_cat-phytinov-de-2","8":"product_cat-complement-alimentaire-beaute-soin-de-2","9":"product_tag-anti-aging","10":"product_tag-entspannung-und-stress","11":"product_tag-gelenke","12":"product_tag-herzkreislauf","13":"product_tag-omega-3-de","14":"product_tag-schoenheit","16":"first","17":"instock","18":"shipping-taxable","19":"purchasable","20":"product-type-simple"},"yoast_head":"<!-- This site is optimized with the Yoast SEO plugin v27.3 - https:\/\/yoast.com\/product\/yoast-seo-wordpress\/ -->\n<title>Nat\u00fcrliches Produkt reich an Omega-3-Fetts\u00e4uren von Phyt-Inov\u00ae Offiziell (entwickelt mit Jean-Pierre Willem) - Nahrungserg\u00e4nzungsmittel mit Krill\u00f6l - Unterst\u00fctzt die Darmt\u00e4tigkeit - Verbessert die Erholung nach dem Training - Epa Krill 50 pflanzliche Zellulosekapseln | Biomaxi.ch<\/title>\n<meta name=\"description\" content=\"Biomaxi bietet Ihnen Epa Krill (100 pflanzliche Zellulosekapseln) an, das von Phyt-Inov international\u00ae, dem f\u00fchrenden Schweizer Labor f\u00fcr Naturprodukte und biologische\/nat\u00fcrliche Nahrungserg\u00e4nzungsmittel, in Zusammenarbeit mit J-P Willem entwickelt wurde. Es ist ein Produkt auf Krillbasis, das aufgrund seines Reichtums an Phospholipiden, Omega 3 und Astaxanthin interessant ist.\" \/>\n<meta name=\"robots\" content=\"index, follow, max-snippet:-1, max-image-preview:large, max-video-preview:-1\" \/>\n<link rel=\"canonical\" href=\"https:\/\/biomaxi.ch\/de\/produit\/epa-krill-100\/\" \/>\n<meta property=\"og:locale\" content=\"de_DE\" \/>\n<meta property=\"og:type\" content=\"article\" \/>\n<meta property=\"og:title\" content=\"Nat\u00fcrliches Produkt reich an Omega-3-Fetts\u00e4uren von Phyt-Inov\u00ae Offiziell (entwickelt mit Jean-Pierre Willem) - Nahrungserg\u00e4nzungsmittel mit Krill\u00f6l - Unterst\u00fctzt die Darmt\u00e4tigkeit - Verbessert die Erholung nach dem Training - Epa Krill 50 pflanzliche Zellulosekapseln | Biomaxi.ch\" \/>\n<meta property=\"og:description\" content=\"Biomaxi bietet Ihnen Epa Krill (100 pflanzliche Zellulosekapseln) an, das von Phyt-Inov international\u00ae, dem f\u00fchrenden Schweizer Labor f\u00fcr Naturprodukte und biologische\/nat\u00fcrliche Nahrungserg\u00e4nzungsmittel, in Zusammenarbeit mit J-P Willem entwickelt wurde. Es ist ein Produkt auf Krillbasis, das aufgrund seines Reichtums an Phospholipiden, Omega 3 und Astaxanthin interessant ist.\" \/>\n<meta property=\"og:url\" content=\"https:\/\/biomaxi.ch\/de\/produit\/epa-krill-100\/\" \/>\n<meta property=\"og:site_name\" content=\"Biomaxi\" \/>\n<meta property=\"article:publisher\" content=\"https:\/\/www.facebook.com\/biomaxisuisse\/\" \/>\n<meta property=\"article:modified_time\" content=\"2025-03-17T17:34:21+00:00\" \/>\n<meta property=\"og:image\" content=\"https:\/\/biomaxi.ch\/wp-content\/uploads\/2023\/07\/Epa-Krill-100-2021-08-dimension-site-web-light-bas-scaled-2.jpg\" \/>\n\t<meta property=\"og:image:width\" content=\"1950\" \/>\n\t<meta property=\"og:image:height\" content=\"2560\" \/>\n\t<meta property=\"og:image:type\" content=\"image\/jpeg\" \/>\n<meta name=\"twitter:card\" content=\"summary_large_image\" \/>\n<meta name=\"twitter:label1\" content=\"Gesch\u00e4tzte Lesezeit\" \/>\n\t<meta name=\"twitter:data1\" content=\"3\u00a0Minuten\" \/>\n<script type=\"application\/ld+json\" class=\"yoast-schema-graph\">{\"@context\":\"https:\\\/\\\/schema.org\",\"@graph\":[{\"@type\":\"WebPage\",\"@id\":\"https:\\\/\\\/biomaxi.ch\\\/de\\\/produit\\\/epa-krill-100\\\/\",\"url\":\"https:\\\/\\\/biomaxi.ch\\\/de\\\/produit\\\/epa-krill-100\\\/\",\"name\":\"Nat\u00fcrliches Produkt reich an Omega-3-Fetts\u00e4uren von Phyt-Inov\u00ae Offiziell (entwickelt mit Jean-Pierre Willem) - Nahrungserg\u00e4nzungsmittel mit Krill\u00f6l - Unterst\u00fctzt die Darmt\u00e4tigkeit - Verbessert die Erholung nach dem Training - Epa Krill 50 pflanzliche Zellulosekapseln | Biomaxi.ch\",\"isPartOf\":{\"@id\":\"https:\\\/\\\/biomaxi.ch\\\/#website\"},\"primaryImageOfPage\":{\"@id\":\"https:\\\/\\\/biomaxi.ch\\\/de\\\/produit\\\/epa-krill-100\\\/#primaryimage\"},\"image\":{\"@id\":\"https:\\\/\\\/biomaxi.ch\\\/de\\\/produit\\\/epa-krill-100\\\/#primaryimage\"},\"thumbnailUrl\":\"https:\\\/\\\/biomaxi.ch\\\/wp-content\\\/uploads\\\/2023\\\/07\\\/Epa-Krill-100-2021-08-dimension-site-web-light-bas-scaled-2.jpg\",\"datePublished\":\"2015-12-04T04:07:46+00:00\",\"dateModified\":\"2025-03-17T17:34:21+00:00\",\"description\":\"Biomaxi bietet Ihnen Epa Krill (100 pflanzliche Zellulosekapseln) an, das von Phyt-Inov international\u00ae, dem f\u00fchrenden Schweizer Labor f\u00fcr Naturprodukte und biologische\\\/nat\u00fcrliche Nahrungserg\u00e4nzungsmittel, in Zusammenarbeit mit J-P Willem entwickelt wurde. Es ist ein Produkt auf Krillbasis, das aufgrund seines Reichtums an Phospholipiden, Omega 3 und Astaxanthin interessant ist.\",\"breadcrumb\":{\"@id\":\"https:\\\/\\\/biomaxi.ch\\\/de\\\/produit\\\/epa-krill-100\\\/#breadcrumb\"},\"inLanguage\":\"de\",\"potentialAction\":[{\"@type\":\"ReadAction\",\"target\":[\"https:\\\/\\\/biomaxi.ch\\\/de\\\/produit\\\/epa-krill-100\\\/\"]}]},{\"@type\":\"ImageObject\",\"inLanguage\":\"de\",\"@id\":\"https:\\\/\\\/biomaxi.ch\\\/de\\\/produit\\\/epa-krill-100\\\/#primaryimage\",\"url\":\"https:\\\/\\\/biomaxi.ch\\\/wp-content\\\/uploads\\\/2023\\\/07\\\/Epa-Krill-100-2021-08-dimension-site-web-light-bas-scaled-2.jpg\",\"contentUrl\":\"https:\\\/\\\/biomaxi.ch\\\/wp-content\\\/uploads\\\/2023\\\/07\\\/Epa-Krill-100-2021-08-dimension-site-web-light-bas-scaled-2.jpg\",\"width\":1950,\"height\":2560},{\"@type\":\"BreadcrumbList\",\"@id\":\"https:\\\/\\\/biomaxi.ch\\\/de\\\/produit\\\/epa-krill-100\\\/#breadcrumb\",\"itemListElement\":[{\"@type\":\"ListItem\",\"position\":1,\"name\":\"Accueil\",\"item\":\"https:\\\/\\\/biomaxi.ch\\\/de\\\/\"},{\"@type\":\"ListItem\",\"position\":2,\"name\":\"Produits\",\"item\":\"https:\\\/\\\/biomaxi.ch\\\/produits\\\/\"},{\"@type\":\"ListItem\",\"position\":3,\"name\":\"Epa Krill 100\"}]},{\"@type\":\"WebSite\",\"@id\":\"https:\\\/\\\/biomaxi.ch\\\/#website\",\"url\":\"https:\\\/\\\/biomaxi.ch\\\/\",\"name\":\"Biomaxi\",\"description\":\"Compl\u00e9ments alimentaires bio d&#039;origine suisse bio et naturels\",\"publisher\":{\"@id\":\"https:\\\/\\\/biomaxi.ch\\\/#organization\"},\"potentialAction\":[{\"@type\":\"SearchAction\",\"target\":{\"@type\":\"EntryPoint\",\"urlTemplate\":\"https:\\\/\\\/biomaxi.ch\\\/?s={search_term_string}\"},\"query-input\":{\"@type\":\"PropertyValueSpecification\",\"valueRequired\":true,\"valueName\":\"search_term_string\"}}],\"inLanguage\":\"de\"},{\"@type\":\"Organization\",\"@id\":\"https:\\\/\\\/biomaxi.ch\\\/#organization\",\"name\":\"Biomaxi\",\"url\":\"https:\\\/\\\/biomaxi.ch\\\/\",\"logo\":{\"@type\":\"ImageObject\",\"inLanguage\":\"de\",\"@id\":\"https:\\\/\\\/biomaxi.ch\\\/#\\\/schema\\\/logo\\\/image\\\/\",\"url\":\"https:\\\/\\\/biomaxi.ch\\\/wp-content\\\/uploads\\\/2024\\\/05\\\/LogoBiomaxiSite-1014x1024-1.jpg\",\"contentUrl\":\"https:\\\/\\\/biomaxi.ch\\\/wp-content\\\/uploads\\\/2024\\\/05\\\/LogoBiomaxiSite-1014x1024-1.jpg\",\"width\":1014,\"height\":1024,\"caption\":\"Biomaxi\"},\"image\":{\"@id\":\"https:\\\/\\\/biomaxi.ch\\\/#\\\/schema\\\/logo\\\/image\\\/\"},\"sameAs\":[\"https:\\\/\\\/www.facebook.com\\\/biomaxisuisse\\\/\",\"https:\\\/\\\/www.instagram.com\\\/phytinov\\\/\"]}]}<\/script>\n<!-- \/ Yoast SEO plugin. -->","yoast_head_json":{"title":"Nat\u00fcrliches Produkt reich an Omega-3-Fetts\u00e4uren von Phyt-Inov\u00ae Offiziell (entwickelt mit Jean-Pierre Willem) - Nahrungserg\u00e4nzungsmittel mit Krill\u00f6l - Unterst\u00fctzt die Darmt\u00e4tigkeit - Verbessert die Erholung nach dem Training - Epa Krill 50 pflanzliche Zellulosekapseln | Biomaxi.ch","description":"Biomaxi bietet Ihnen Epa Krill (100 pflanzliche Zellulosekapseln) an, das von Phyt-Inov international\u00ae, dem f\u00fchrenden Schweizer Labor f\u00fcr Naturprodukte und biologische\/nat\u00fcrliche Nahrungserg\u00e4nzungsmittel, in Zusammenarbeit mit J-P Willem entwickelt wurde. Es ist ein Produkt auf Krillbasis, das aufgrund seines Reichtums an Phospholipiden, Omega 3 und Astaxanthin interessant ist.","robots":{"index":"index","follow":"follow","max-snippet":"max-snippet:-1","max-image-preview":"max-image-preview:large","max-video-preview":"max-video-preview:-1"},"canonical":"https:\/\/biomaxi.ch\/de\/produit\/epa-krill-100\/","og_locale":"de_DE","og_type":"article","og_title":"Nat\u00fcrliches Produkt reich an Omega-3-Fetts\u00e4uren von Phyt-Inov\u00ae Offiziell (entwickelt mit Jean-Pierre Willem) - Nahrungserg\u00e4nzungsmittel mit Krill\u00f6l - Unterst\u00fctzt die Darmt\u00e4tigkeit - Verbessert die Erholung nach dem Training - Epa Krill 50 pflanzliche Zellulosekapseln | Biomaxi.ch","og_description":"Biomaxi bietet Ihnen Epa Krill (100 pflanzliche Zellulosekapseln) an, das von Phyt-Inov international\u00ae, dem f\u00fchrenden Schweizer Labor f\u00fcr Naturprodukte und biologische\/nat\u00fcrliche Nahrungserg\u00e4nzungsmittel, in Zusammenarbeit mit J-P Willem entwickelt wurde. Es ist ein Produkt auf Krillbasis, das aufgrund seines Reichtums an Phospholipiden, Omega 3 und Astaxanthin interessant ist.","og_url":"https:\/\/biomaxi.ch\/de\/produit\/epa-krill-100\/","og_site_name":"Biomaxi","article_publisher":"https:\/\/www.facebook.com\/biomaxisuisse\/","article_modified_time":"2025-03-17T17:34:21+00:00","og_image":[{"width":1950,"height":2560,"url":"https:\/\/biomaxi.ch\/wp-content\/uploads\/2023\/07\/Epa-Krill-100-2021-08-dimension-site-web-light-bas-scaled-2.jpg","type":"image\/jpeg"}],"twitter_card":"summary_large_image","twitter_misc":{"Gesch\u00e4tzte Lesezeit":"3\u00a0Minuten"},"schema":{"@context":"https:\/\/schema.org","@graph":[{"@type":"WebPage","@id":"https:\/\/biomaxi.ch\/de\/produit\/epa-krill-100\/","url":"https:\/\/biomaxi.ch\/de\/produit\/epa-krill-100\/","name":"Nat\u00fcrliches Produkt reich an Omega-3-Fetts\u00e4uren von Phyt-Inov\u00ae Offiziell (entwickelt mit Jean-Pierre Willem) - Nahrungserg\u00e4nzungsmittel mit Krill\u00f6l - Unterst\u00fctzt die Darmt\u00e4tigkeit - Verbessert die Erholung nach dem Training - Epa Krill 50 pflanzliche Zellulosekapseln | Biomaxi.ch","isPartOf":{"@id":"https:\/\/biomaxi.ch\/#website"},"primaryImageOfPage":{"@id":"https:\/\/biomaxi.ch\/de\/produit\/epa-krill-100\/#primaryimage"},"image":{"@id":"https:\/\/biomaxi.ch\/de\/produit\/epa-krill-100\/#primaryimage"},"thumbnailUrl":"https:\/\/biomaxi.ch\/wp-content\/uploads\/2023\/07\/Epa-Krill-100-2021-08-dimension-site-web-light-bas-scaled-2.jpg","datePublished":"2015-12-04T04:07:46+00:00","dateModified":"2025-03-17T17:34:21+00:00","description":"Biomaxi bietet Ihnen Epa Krill (100 pflanzliche Zellulosekapseln) an, das von Phyt-Inov international\u00ae, dem f\u00fchrenden Schweizer Labor f\u00fcr Naturprodukte und biologische\/nat\u00fcrliche Nahrungserg\u00e4nzungsmittel, in Zusammenarbeit mit J-P Willem entwickelt wurde. Es ist ein Produkt auf Krillbasis, das aufgrund seines Reichtums an Phospholipiden, Omega 3 und Astaxanthin interessant ist.","breadcrumb":{"@id":"https:\/\/biomaxi.ch\/de\/produit\/epa-krill-100\/#breadcrumb"},"inLanguage":"de","potentialAction":[{"@type":"ReadAction","target":["https:\/\/biomaxi.ch\/de\/produit\/epa-krill-100\/"]}]},{"@type":"ImageObject","inLanguage":"de","@id":"https:\/\/biomaxi.ch\/de\/produit\/epa-krill-100\/#primaryimage","url":"https:\/\/biomaxi.ch\/wp-content\/uploads\/2023\/07\/Epa-Krill-100-2021-08-dimension-site-web-light-bas-scaled-2.jpg","contentUrl":"https:\/\/biomaxi.ch\/wp-content\/uploads\/2023\/07\/Epa-Krill-100-2021-08-dimension-site-web-light-bas-scaled-2.jpg","width":1950,"height":2560},{"@type":"BreadcrumbList","@id":"https:\/\/biomaxi.ch\/de\/produit\/epa-krill-100\/#breadcrumb","itemListElement":[{"@type":"ListItem","position":1,"name":"Accueil","item":"https:\/\/biomaxi.ch\/de\/"},{"@type":"ListItem","position":2,"name":"Produits","item":"https:\/\/biomaxi.ch\/produits\/"},{"@type":"ListItem","position":3,"name":"Epa Krill 100"}]},{"@type":"WebSite","@id":"https:\/\/biomaxi.ch\/#website","url":"https:\/\/biomaxi.ch\/","name":"Biomaxi","description":"Compl\u00e9ments alimentaires bio d&#039;origine suisse bio et naturels","publisher":{"@id":"https:\/\/biomaxi.ch\/#organization"},"potentialAction":[{"@type":"SearchAction","target":{"@type":"EntryPoint","urlTemplate":"https:\/\/biomaxi.ch\/?s={search_term_string}"},"query-input":{"@type":"PropertyValueSpecification","valueRequired":true,"valueName":"search_term_string"}}],"inLanguage":"de"},{"@type":"Organization","@id":"https:\/\/biomaxi.ch\/#organization","name":"Biomaxi","url":"https:\/\/biomaxi.ch\/","logo":{"@type":"ImageObject","inLanguage":"de","@id":"https:\/\/biomaxi.ch\/#\/schema\/logo\/image\/","url":"https:\/\/biomaxi.ch\/wp-content\/uploads\/2024\/05\/LogoBiomaxiSite-1014x1024-1.jpg","contentUrl":"https:\/\/biomaxi.ch\/wp-content\/uploads\/2024\/05\/LogoBiomaxiSite-1014x1024-1.jpg","width":1014,"height":1024,"caption":"Biomaxi"},"image":{"@id":"https:\/\/biomaxi.ch\/#\/schema\/logo\/image\/"},"sameAs":["https:\/\/www.facebook.com\/biomaxisuisse\/","https:\/\/www.instagram.com\/phytinov\/"]}]}},"_links":{"self":[{"href":"https:\/\/biomaxi.ch\/de\/wp-json\/wp\/v2\/product\/30922","targetHints":{"allow":["GET"]}}],"collection":[{"href":"https:\/\/biomaxi.ch\/de\/wp-json\/wp\/v2\/product"}],"about":[{"href":"https:\/\/biomaxi.ch\/de\/wp-json\/wp\/v2\/types\/product"}],"replies":[{"embeddable":true,"href":"https:\/\/biomaxi.ch\/de\/wp-json\/wp\/v2\/comments?post=30922"}],"wp:featuredmedia":[{"embeddable":true,"href":"https:\/\/biomaxi.ch\/de\/wp-json\/wp\/v2\/media\/29944"}],"wp:attachment":[{"href":"https:\/\/biomaxi.ch\/de\/wp-json\/wp\/v2\/media?parent=30922"}],"wp:term":[{"taxonomy":"product_brand","embeddable":true,"href":"https:\/\/biomaxi.ch\/de\/wp-json\/wp\/v2\/product_brand?post=30922"},{"taxonomy":"product_cat","embeddable":true,"href":"https:\/\/biomaxi.ch\/de\/wp-json\/wp\/v2\/product_cat?post=30922"},{"taxonomy":"product_tag","embeddable":true,"href":"https:\/\/biomaxi.ch\/de\/wp-json\/wp\/v2\/product_tag?post=30922"}],"curies":[{"name":"wp","href":"https:\/\/api.w.org\/{rel}","templated":true}]}}