{"id":30921,"date":"2020-07-18T13:02:08","date_gmt":"2020-07-18T11:02:08","guid":{"rendered":"https:\/\/biomaxi.ch\/produit\/bropaine-150-gelules\/"},"modified":"2025-04-07T08:27:14","modified_gmt":"2025-04-07T06:27:14","slug":"bropaine-150-gelules","status":"publish","type":"product","link":"https:\/\/biomaxi.ch\/de\/produit\/bropaine-150-gelules\/","title":{"rendered":"Bropain 150 Kapseln"},"content":{"rendered":"<p>Packung mit 150 vegetarischen Kapseln mit einer Dosierung von 400 mg.<\/p>\n<p>Nettogewicht: 72 g.<\/p>\n<p>Verzehrempfehlung: 2 Kapseln zweimal t\u00e4glich vor den Mahlzeiten einnehmen.<\/p>\n<p>Zutaten: Bromelain, Papain, Hydroxypropylmethylcellulose (Kapsel).<\/p>\n<p>Au\u00dferhalb der Reichweite von kleinen Kindern aufbewahren. \u00dcberschreiten Sie nicht die empfohlene Tagesdosis. Nahrungserg\u00e4nzungsmittel sollten nicht als Ersatz f\u00fcr eine abwechslungsreiche und ausgewogene Ern\u00e4hrung und einen gesunden Lebensstil verwendet werden.<\/p>\n","protected":false},"excerpt":{"rendered":"<p>Bropain ist eine Kombination aus zwei Enzymen aus der Ananas und der Papaya (Bromelain und Papain).<\/p>\n<p>Bromelain gilt als ungiftig und hat keine Nebenwirkungen mit Ausnahme von sehr seltenen allergischen Reaktionen. Es kann in Dosen von 200 bis 2000 mg \u00fcber l\u00e4ngere Zeitr\u00e4ume hinweg eingenommen werden.<\/p>\n","protected":false},"featured_media":29988,"comment_status":"open","ping_status":"closed","template":"","meta":{"_et_pb_use_builder":"","_et_pb_old_content":"","_et_gb_content_width":""},"product_brand":[],"product_cat":[201,202],"product_tag":[203,212,207],"class_list":{"0":"post-30921","1":"product","2":"type-product","3":"status-publish","4":"has-post-thumbnail","6":"product_cat-nahrungsergaenzungsmittel","7":"product_cat-phytinov-de-2","8":"product_tag-anti-aging","9":"product_tag-sport-de","10":"product_tag-verdauungskomfort","12":"first","13":"instock","14":"shipping-taxable","15":"purchasable","16":"product-type-simple"},"yoast_head":"<!-- This site is optimized with the Yoast SEO plugin v27.3 - https:\/\/yoast.com\/product\/yoast-seo-wordpress\/ -->\n<title>Kombination von 2 Enzymen aus der Ananas und der Papaya (Bromelain und Papain) - Formel von JP Willem - Bropain 150 Kapseln mit einer Dosierung von 400 mg | Biomaxi.ch<\/title>\n<meta name=\"description\" content=\"Biomaxi, Spezialist f\u00fcr nat\u00fcrliche und biologische Nahrungserg\u00e4nzungsmittel, bietet Ihnen Bropain (150 Kapseln mit einer Dosierung von 400 mg) an, eine Kombination der beiden Enzyme Bromelain und Papain. Aufrechterhaltung einer gesunden Funktion des Immunsystems. Unterst\u00fctzt den R\u00fcckgang von Entz\u00fcndungen, hilft dem Verdauungstrakt, erh\u00e4lt die L\u00f6sung von Problemen mit besch\u00e4digtem Gewebe, steifen Gelenken und Sportverletzungen. Hilft bei der Verringerung aller Arten von Schwellungen. Offizielle Phyt-Inov international\u00ae, ein Schweizer Labor, das mit Jean Pierre Willem entwickelt wurde.\" \/>\n<meta name=\"robots\" content=\"index, follow, max-snippet:-1, max-image-preview:large, max-video-preview:-1\" \/>\n<link rel=\"canonical\" href=\"https:\/\/biomaxi.ch\/de\/produit\/bropaine-150-gelules\/\" \/>\n<meta property=\"og:locale\" content=\"de_DE\" \/>\n<meta property=\"og:type\" content=\"article\" \/>\n<meta property=\"og:title\" content=\"Kombination von 2 Enzymen aus der Ananas und der Papaya (Bromelain und Papain) - Formel von JP Willem - Bropain 150 Kapseln mit einer Dosierung von 400 mg | Biomaxi.ch\" \/>\n<meta property=\"og:description\" content=\"Biomaxi, Spezialist f\u00fcr nat\u00fcrliche und biologische Nahrungserg\u00e4nzungsmittel, bietet Ihnen Bropain (150 Kapseln mit einer Dosierung von 400 mg) an, eine Kombination der beiden Enzyme Bromelain und Papain. Aufrechterhaltung einer gesunden Funktion des Immunsystems. Unterst\u00fctzt den R\u00fcckgang von Entz\u00fcndungen, hilft dem Verdauungstrakt, erh\u00e4lt die L\u00f6sung von Problemen mit besch\u00e4digtem Gewebe, steifen Gelenken und Sportverletzungen. Hilft bei der Verringerung aller Arten von Schwellungen. Offizielle Phyt-Inov international\u00ae, ein Schweizer Labor, das mit Jean Pierre Willem entwickelt wurde.\" \/>\n<meta property=\"og:url\" content=\"https:\/\/biomaxi.ch\/de\/produit\/bropaine-150-gelules\/\" \/>\n<meta property=\"og:site_name\" content=\"Biomaxi\" \/>\n<meta property=\"article:publisher\" content=\"https:\/\/www.facebook.com\/biomaxisuisse\/\" \/>\n<meta property=\"article:modified_time\" content=\"2025-04-07T06:27:14+00:00\" \/>\n<meta property=\"og:image\" content=\"https:\/\/biomaxi.ch\/wp-content\/uploads\/2023\/07\/Bropaine-2021-08-dimension-site-web-light-bas-scaled-2.jpg\" \/>\n\t<meta property=\"og:image:width\" content=\"1955\" \/>\n\t<meta property=\"og:image:height\" content=\"2560\" \/>\n\t<meta property=\"og:image:type\" content=\"image\/jpeg\" \/>\n<meta name=\"twitter:card\" content=\"summary_large_image\" \/>\n<meta name=\"twitter:label1\" content=\"Gesch\u00e4tzte Lesezeit\" \/>\n\t<meta name=\"twitter:data1\" content=\"1\u00a0Minute\" \/>\n<script type=\"application\/ld+json\" class=\"yoast-schema-graph\">{\"@context\":\"https:\\\/\\\/schema.org\",\"@graph\":[{\"@type\":\"WebPage\",\"@id\":\"https:\\\/\\\/biomaxi.ch\\\/de\\\/produit\\\/bropaine-150-gelules\\\/\",\"url\":\"https:\\\/\\\/biomaxi.ch\\\/de\\\/produit\\\/bropaine-150-gelules\\\/\",\"name\":\"Kombination von 2 Enzymen aus der Ananas und der Papaya (Bromelain und Papain) - Formel von JP Willem - Bropain 150 Kapseln mit einer Dosierung von 400 mg | Biomaxi.ch\",\"isPartOf\":{\"@id\":\"https:\\\/\\\/biomaxi.ch\\\/#website\"},\"primaryImageOfPage\":{\"@id\":\"https:\\\/\\\/biomaxi.ch\\\/de\\\/produit\\\/bropaine-150-gelules\\\/#primaryimage\"},\"image\":{\"@id\":\"https:\\\/\\\/biomaxi.ch\\\/de\\\/produit\\\/bropaine-150-gelules\\\/#primaryimage\"},\"thumbnailUrl\":\"https:\\\/\\\/biomaxi.ch\\\/wp-content\\\/uploads\\\/2023\\\/07\\\/Bropaine-2021-08-dimension-site-web-light-bas-scaled-2.jpg\",\"datePublished\":\"2020-07-18T11:02:08+00:00\",\"dateModified\":\"2025-04-07T06:27:14+00:00\",\"description\":\"Biomaxi, Spezialist f\u00fcr nat\u00fcrliche und biologische Nahrungserg\u00e4nzungsmittel, bietet Ihnen Bropain (150 Kapseln mit einer Dosierung von 400 mg) an, eine Kombination der beiden Enzyme Bromelain und Papain. Aufrechterhaltung einer gesunden Funktion des Immunsystems. Unterst\u00fctzt den R\u00fcckgang von Entz\u00fcndungen, hilft dem Verdauungstrakt, erh\u00e4lt die L\u00f6sung von Problemen mit besch\u00e4digtem Gewebe, steifen Gelenken und Sportverletzungen. Hilft bei der Verringerung aller Arten von Schwellungen. Offizielle Phyt-Inov international\u00ae, ein Schweizer Labor, das mit Jean Pierre Willem entwickelt wurde.\",\"breadcrumb\":{\"@id\":\"https:\\\/\\\/biomaxi.ch\\\/de\\\/produit\\\/bropaine-150-gelules\\\/#breadcrumb\"},\"inLanguage\":\"de\",\"potentialAction\":[{\"@type\":\"ReadAction\",\"target\":[\"https:\\\/\\\/biomaxi.ch\\\/de\\\/produit\\\/bropaine-150-gelules\\\/\"]}]},{\"@type\":\"ImageObject\",\"inLanguage\":\"de\",\"@id\":\"https:\\\/\\\/biomaxi.ch\\\/de\\\/produit\\\/bropaine-150-gelules\\\/#primaryimage\",\"url\":\"https:\\\/\\\/biomaxi.ch\\\/wp-content\\\/uploads\\\/2023\\\/07\\\/Bropaine-2021-08-dimension-site-web-light-bas-scaled-2.jpg\",\"contentUrl\":\"https:\\\/\\\/biomaxi.ch\\\/wp-content\\\/uploads\\\/2023\\\/07\\\/Bropaine-2021-08-dimension-site-web-light-bas-scaled-2.jpg\",\"width\":1955,\"height\":2560},{\"@type\":\"BreadcrumbList\",\"@id\":\"https:\\\/\\\/biomaxi.ch\\\/de\\\/produit\\\/bropaine-150-gelules\\\/#breadcrumb\",\"itemListElement\":[{\"@type\":\"ListItem\",\"position\":1,\"name\":\"Accueil\",\"item\":\"https:\\\/\\\/biomaxi.ch\\\/de\\\/\"},{\"@type\":\"ListItem\",\"position\":2,\"name\":\"Produits\",\"item\":\"https:\\\/\\\/biomaxi.ch\\\/produits\\\/\"},{\"@type\":\"ListItem\",\"position\":3,\"name\":\"Bropain 150 Kapseln\"}]},{\"@type\":\"WebSite\",\"@id\":\"https:\\\/\\\/biomaxi.ch\\\/#website\",\"url\":\"https:\\\/\\\/biomaxi.ch\\\/\",\"name\":\"Biomaxi\",\"description\":\"Compl\u00e9ments alimentaires bio d&#039;origine suisse bio et naturels\",\"publisher\":{\"@id\":\"https:\\\/\\\/biomaxi.ch\\\/#organization\"},\"potentialAction\":[{\"@type\":\"SearchAction\",\"target\":{\"@type\":\"EntryPoint\",\"urlTemplate\":\"https:\\\/\\\/biomaxi.ch\\\/?s={search_term_string}\"},\"query-input\":{\"@type\":\"PropertyValueSpecification\",\"valueRequired\":true,\"valueName\":\"search_term_string\"}}],\"inLanguage\":\"de\"},{\"@type\":\"Organization\",\"@id\":\"https:\\\/\\\/biomaxi.ch\\\/#organization\",\"name\":\"Biomaxi\",\"url\":\"https:\\\/\\\/biomaxi.ch\\\/\",\"logo\":{\"@type\":\"ImageObject\",\"inLanguage\":\"de\",\"@id\":\"https:\\\/\\\/biomaxi.ch\\\/#\\\/schema\\\/logo\\\/image\\\/\",\"url\":\"https:\\\/\\\/biomaxi.ch\\\/wp-content\\\/uploads\\\/2024\\\/05\\\/LogoBiomaxiSite-1014x1024-1.jpg\",\"contentUrl\":\"https:\\\/\\\/biomaxi.ch\\\/wp-content\\\/uploads\\\/2024\\\/05\\\/LogoBiomaxiSite-1014x1024-1.jpg\",\"width\":1014,\"height\":1024,\"caption\":\"Biomaxi\"},\"image\":{\"@id\":\"https:\\\/\\\/biomaxi.ch\\\/#\\\/schema\\\/logo\\\/image\\\/\"},\"sameAs\":[\"https:\\\/\\\/www.facebook.com\\\/biomaxisuisse\\\/\",\"https:\\\/\\\/www.instagram.com\\\/phytinov\\\/\"]}]}<\/script>\n<!-- \/ Yoast SEO plugin. -->","yoast_head_json":{"title":"Kombination von 2 Enzymen aus der Ananas und der Papaya (Bromelain und Papain) - Formel von JP Willem - Bropain 150 Kapseln mit einer Dosierung von 400 mg | Biomaxi.ch","description":"Biomaxi, Spezialist f\u00fcr nat\u00fcrliche und biologische Nahrungserg\u00e4nzungsmittel, bietet Ihnen Bropain (150 Kapseln mit einer Dosierung von 400 mg) an, eine Kombination der beiden Enzyme Bromelain und Papain. Aufrechterhaltung einer gesunden Funktion des Immunsystems. Unterst\u00fctzt den R\u00fcckgang von Entz\u00fcndungen, hilft dem Verdauungstrakt, erh\u00e4lt die L\u00f6sung von Problemen mit besch\u00e4digtem Gewebe, steifen Gelenken und Sportverletzungen. Hilft bei der Verringerung aller Arten von Schwellungen. Offizielle Phyt-Inov international\u00ae, ein Schweizer Labor, das mit Jean Pierre Willem entwickelt wurde.","robots":{"index":"index","follow":"follow","max-snippet":"max-snippet:-1","max-image-preview":"max-image-preview:large","max-video-preview":"max-video-preview:-1"},"canonical":"https:\/\/biomaxi.ch\/de\/produit\/bropaine-150-gelules\/","og_locale":"de_DE","og_type":"article","og_title":"Kombination von 2 Enzymen aus der Ananas und der Papaya (Bromelain und Papain) - Formel von JP Willem - Bropain 150 Kapseln mit einer Dosierung von 400 mg | Biomaxi.ch","og_description":"Biomaxi, Spezialist f\u00fcr nat\u00fcrliche und biologische Nahrungserg\u00e4nzungsmittel, bietet Ihnen Bropain (150 Kapseln mit einer Dosierung von 400 mg) an, eine Kombination der beiden Enzyme Bromelain und Papain. Aufrechterhaltung einer gesunden Funktion des Immunsystems. Unterst\u00fctzt den R\u00fcckgang von Entz\u00fcndungen, hilft dem Verdauungstrakt, erh\u00e4lt die L\u00f6sung von Problemen mit besch\u00e4digtem Gewebe, steifen Gelenken und Sportverletzungen. Hilft bei der Verringerung aller Arten von Schwellungen. Offizielle Phyt-Inov international\u00ae, ein Schweizer Labor, das mit Jean Pierre Willem entwickelt wurde.","og_url":"https:\/\/biomaxi.ch\/de\/produit\/bropaine-150-gelules\/","og_site_name":"Biomaxi","article_publisher":"https:\/\/www.facebook.com\/biomaxisuisse\/","article_modified_time":"2025-04-07T06:27:14+00:00","og_image":[{"width":1955,"height":2560,"url":"https:\/\/biomaxi.ch\/wp-content\/uploads\/2023\/07\/Bropaine-2021-08-dimension-site-web-light-bas-scaled-2.jpg","type":"image\/jpeg"}],"twitter_card":"summary_large_image","twitter_misc":{"Gesch\u00e4tzte Lesezeit":"1\u00a0Minute"},"schema":{"@context":"https:\/\/schema.org","@graph":[{"@type":"WebPage","@id":"https:\/\/biomaxi.ch\/de\/produit\/bropaine-150-gelules\/","url":"https:\/\/biomaxi.ch\/de\/produit\/bropaine-150-gelules\/","name":"Kombination von 2 Enzymen aus der Ananas und der Papaya (Bromelain und Papain) - Formel von JP Willem - Bropain 150 Kapseln mit einer Dosierung von 400 mg | Biomaxi.ch","isPartOf":{"@id":"https:\/\/biomaxi.ch\/#website"},"primaryImageOfPage":{"@id":"https:\/\/biomaxi.ch\/de\/produit\/bropaine-150-gelules\/#primaryimage"},"image":{"@id":"https:\/\/biomaxi.ch\/de\/produit\/bropaine-150-gelules\/#primaryimage"},"thumbnailUrl":"https:\/\/biomaxi.ch\/wp-content\/uploads\/2023\/07\/Bropaine-2021-08-dimension-site-web-light-bas-scaled-2.jpg","datePublished":"2020-07-18T11:02:08+00:00","dateModified":"2025-04-07T06:27:14+00:00","description":"Biomaxi, Spezialist f\u00fcr nat\u00fcrliche und biologische Nahrungserg\u00e4nzungsmittel, bietet Ihnen Bropain (150 Kapseln mit einer Dosierung von 400 mg) an, eine Kombination der beiden Enzyme Bromelain und Papain. Aufrechterhaltung einer gesunden Funktion des Immunsystems. Unterst\u00fctzt den R\u00fcckgang von Entz\u00fcndungen, hilft dem Verdauungstrakt, erh\u00e4lt die L\u00f6sung von Problemen mit besch\u00e4digtem Gewebe, steifen Gelenken und Sportverletzungen. Hilft bei der Verringerung aller Arten von Schwellungen. Offizielle Phyt-Inov international\u00ae, ein Schweizer Labor, das mit Jean Pierre Willem entwickelt wurde.","breadcrumb":{"@id":"https:\/\/biomaxi.ch\/de\/produit\/bropaine-150-gelules\/#breadcrumb"},"inLanguage":"de","potentialAction":[{"@type":"ReadAction","target":["https:\/\/biomaxi.ch\/de\/produit\/bropaine-150-gelules\/"]}]},{"@type":"ImageObject","inLanguage":"de","@id":"https:\/\/biomaxi.ch\/de\/produit\/bropaine-150-gelules\/#primaryimage","url":"https:\/\/biomaxi.ch\/wp-content\/uploads\/2023\/07\/Bropaine-2021-08-dimension-site-web-light-bas-scaled-2.jpg","contentUrl":"https:\/\/biomaxi.ch\/wp-content\/uploads\/2023\/07\/Bropaine-2021-08-dimension-site-web-light-bas-scaled-2.jpg","width":1955,"height":2560},{"@type":"BreadcrumbList","@id":"https:\/\/biomaxi.ch\/de\/produit\/bropaine-150-gelules\/#breadcrumb","itemListElement":[{"@type":"ListItem","position":1,"name":"Accueil","item":"https:\/\/biomaxi.ch\/de\/"},{"@type":"ListItem","position":2,"name":"Produits","item":"https:\/\/biomaxi.ch\/produits\/"},{"@type":"ListItem","position":3,"name":"Bropain 150 Kapseln"}]},{"@type":"WebSite","@id":"https:\/\/biomaxi.ch\/#website","url":"https:\/\/biomaxi.ch\/","name":"Biomaxi","description":"Compl\u00e9ments alimentaires bio d&#039;origine suisse bio et naturels","publisher":{"@id":"https:\/\/biomaxi.ch\/#organization"},"potentialAction":[{"@type":"SearchAction","target":{"@type":"EntryPoint","urlTemplate":"https:\/\/biomaxi.ch\/?s={search_term_string}"},"query-input":{"@type":"PropertyValueSpecification","valueRequired":true,"valueName":"search_term_string"}}],"inLanguage":"de"},{"@type":"Organization","@id":"https:\/\/biomaxi.ch\/#organization","name":"Biomaxi","url":"https:\/\/biomaxi.ch\/","logo":{"@type":"ImageObject","inLanguage":"de","@id":"https:\/\/biomaxi.ch\/#\/schema\/logo\/image\/","url":"https:\/\/biomaxi.ch\/wp-content\/uploads\/2024\/05\/LogoBiomaxiSite-1014x1024-1.jpg","contentUrl":"https:\/\/biomaxi.ch\/wp-content\/uploads\/2024\/05\/LogoBiomaxiSite-1014x1024-1.jpg","width":1014,"height":1024,"caption":"Biomaxi"},"image":{"@id":"https:\/\/biomaxi.ch\/#\/schema\/logo\/image\/"},"sameAs":["https:\/\/www.facebook.com\/biomaxisuisse\/","https:\/\/www.instagram.com\/phytinov\/"]}]}},"_links":{"self":[{"href":"https:\/\/biomaxi.ch\/de\/wp-json\/wp\/v2\/product\/30921","targetHints":{"allow":["GET"]}}],"collection":[{"href":"https:\/\/biomaxi.ch\/de\/wp-json\/wp\/v2\/product"}],"about":[{"href":"https:\/\/biomaxi.ch\/de\/wp-json\/wp\/v2\/types\/product"}],"replies":[{"embeddable":true,"href":"https:\/\/biomaxi.ch\/de\/wp-json\/wp\/v2\/comments?post=30921"}],"wp:featuredmedia":[{"embeddable":true,"href":"https:\/\/biomaxi.ch\/de\/wp-json\/wp\/v2\/media\/29988"}],"wp:attachment":[{"href":"https:\/\/biomaxi.ch\/de\/wp-json\/wp\/v2\/media?parent=30921"}],"wp:term":[{"taxonomy":"product_brand","embeddable":true,"href":"https:\/\/biomaxi.ch\/de\/wp-json\/wp\/v2\/product_brand?post=30921"},{"taxonomy":"product_cat","embeddable":true,"href":"https:\/\/biomaxi.ch\/de\/wp-json\/wp\/v2\/product_cat?post=30921"},{"taxonomy":"product_tag","embeddable":true,"href":"https:\/\/biomaxi.ch\/de\/wp-json\/wp\/v2\/product_tag?post=30921"}],"curies":[{"name":"wp","href":"https:\/\/api.w.org\/{rel}","templated":true}]}}