{"id":30917,"date":"2021-05-17T18:45:24","date_gmt":"2021-05-17T16:45:24","guid":{"rendered":"https:\/\/biomaxi.ch\/produit\/asiarum-100-gelules\/"},"modified":"2025-04-07T08:24:53","modified_gmt":"2025-04-07T06:24:53","slug":"asiarum-100-gelules","status":"publish","type":"product","link":"https:\/\/biomaxi.ch\/de\/produit\/asiarum-100-gelules\/","title":{"rendered":"Asiarum"},"content":{"rendered":"<p>Packung mit 100 vegetarischen Kapseln mit einer Dosierung von 420 mg.<\/p>\n<p>Nettogewicht: 51 g.<\/p>\n<p>Verzehrempfehlung: 2 bis 2 Kapseln 2 bis 3 Mal t\u00e4glich zu den Mahlzeiten.<\/p>\n<p>&nbsp;<\/p>\n<p><strong>Zutaten f\u00fcr 4 Kapseln:<\/strong><br \/>\nTrockenextrakt aus Beifu\u00dfbl\u00e4ttern (Artemisia vulgaris), Trockenextrakt aus oberirdischen Teilen des Gro\u00dfen Wiesenknopfes (Lepidium latifolium), Hydroxypropylmethylcellulose (Kapsel), Eisengluconat (53% RDA*), \u00e4therisches \u00d6l aus Ingwerwurzelstock (Zingiber officinale), Schwarzk\u00fcmmel\u00f6l (Nigella sativa), \u00e4therisches \u00d6l aus Zitronenverbenebl\u00e4ttern (Lippia citriodora).<br \/>\n*RDA: Recommended Daily Allowance (Empfohlene Tagesdosis)<\/p>\n<p>Um die Wirkung dieser verschiedenen Inhaltsstoffe zu potenzieren, empfehlen wir die Kombination von :<br \/>\n&#8211; Bropain: 2 mal 2 Kapseln.<\/p>\n<p>&nbsp;<\/p>\n<p>Au\u00dferhalb der Reichweite von kleinen Kindern aufbewahren. \u00dcberschreiten Sie nicht die empfohlene Tagesdosis. Nahrungserg\u00e4nzungsmittel sollten nicht als Ersatz f\u00fcr eine abwechslungsreiche und ausgewogene Ern\u00e4hrung und eine gesunde Lebensweise verwendet werden.<br \/>\nAbgeraten bei Kindern, Jugendlichen, schwangeren und stillenden Frauen, bei Gallensteinen und Allergien gegen Citrals, bei Personen, die an Krankheiten leiden, die eine anormale Eisenakkumulation zur Folge haben (H\u00e4mochromatose, Polycythaemia vera&#8230;).<br \/>\nLassen Sie sich von einer medizinischen Fachkraft beraten, wenn Sie gleichzeitig Antikoagulantien oder Thrombozytenaggregationshemmer einnehmen, eine Schilddr\u00fcsenunterfunktion haben oder eine Schilddr\u00fcsenbehandlung durchf\u00fchren.<br \/>\nTrocken und k\u00fchl aufbewahren.<\/p>\n","protected":false},"excerpt":{"rendered":"<p>Beifu\u00df enth\u00e4lt die Substanz Artemisinin, ein Sesquiterpenlakton.<\/p>\n<p>Eisen tr\u00e4gt unter anderem zu einer normalen Funktion des Immunsystems bei.<\/p>\n<p>Lepidium latifolium (Kresse)<br \/>\nDie Kresse ist eine mehrj\u00e4hrige Pflanze. Sie wird auch Breitbl\u00e4ttriges Passepartout genannt. Sie geh\u00f6rt zur Familie der Kreuzbl\u00fctengew\u00e4chse (Cruciferae). Sie enth\u00e4lt Substanzen (Phenol, Flavonoide, Quercetin), Myricetin und Lepidin.<\/p>\n<p>Drei \u00e4therische \u00d6le :<br \/>\n&#8211; Ingwer ist ein mythisches Gew\u00fcrz, das seit Jahrtausenden in Indien und China verwendet und heute von Wissenschaftlern aktiv wiederbelebt wird.<br \/>\nDas \u00e4therische Ingwer\u00f6l besteht aus Sesquiterpen-Kohlenwasserstoffen und Vanilloiden (Zingiberen und Curcumen) .<\/p>\n<p>&#8211; Das \u00e4therische \u00d6l der Zitronenlilie geh\u00f6rt zur Familie der Citrals.<\/p>\n<p>&#8211; Schwarzk\u00fcmmel\u00f6l (Nigella sativa) enth\u00e4lt Caryophyllen, Humulen und ein Thymoquinon.<\/p>\n","protected":false},"featured_media":30008,"comment_status":"open","ping_status":"closed","template":"","meta":{"_et_pb_use_builder":"","_et_pb_old_content":"","_et_gb_content_width":""},"product_brand":[],"product_cat":[201,202],"product_tag":[205],"class_list":{"0":"post-30917","1":"product","2":"type-product","3":"status-publish","4":"has-post-thumbnail","6":"product_cat-nahrungsergaenzungsmittel","7":"product_cat-phytinov-de-2","8":"product_tag-tonus-et-defense-de","10":"first","11":"instock","12":"shipping-taxable","13":"purchasable","14":"product-type-simple"},"yoast_head":"<!-- This site is optimized with the Yoast SEO plugin v27.3 - https:\/\/yoast.com\/product\/yoast-seo-wordpress\/ -->\n<title>Nat\u00fcrliches Produkt, das das Zellgleichgewicht unterst\u00fctzt - Formel von JP Willem - Asiarum 100 vegetarische Kapseln mit einer Dosierung von 420 mg | Biomaxi.ch<\/title>\n<meta name=\"description\" content=\"Asiarum (100 vegetarische Kapseln mit einer Dosierung von 420 mg) Verbindung von Pflanzen und \u00e4therischen \u00d6len, die auf die Zellen abzielen. Es unterst\u00fctzt die normale Funktion des Immunsystems. Kann zus\u00e4tzlich zu medizinischen Behandlungen eingenommen werden, um zur St\u00e4rkung der Vitalit\u00e4t beizutragen und \u00dcbelkeit zu begrenzen. (Artemisia\/Kresse\/Ingwer\/Litsea\/K\u00f6nigskerze)\" \/>\n<meta name=\"robots\" content=\"index, follow, max-snippet:-1, max-image-preview:large, max-video-preview:-1\" \/>\n<link rel=\"canonical\" href=\"https:\/\/biomaxi.ch\/de\/produit\/asiarum-100-gelules\/\" \/>\n<meta property=\"og:locale\" content=\"de_DE\" \/>\n<meta property=\"og:type\" content=\"article\" \/>\n<meta property=\"og:title\" content=\"Nat\u00fcrliches Produkt, das das Zellgleichgewicht unterst\u00fctzt - Formel von JP Willem - Asiarum 100 vegetarische Kapseln mit einer Dosierung von 420 mg | Biomaxi.ch\" \/>\n<meta property=\"og:description\" content=\"Asiarum (100 vegetarische Kapseln mit einer Dosierung von 420 mg) Verbindung von Pflanzen und \u00e4therischen \u00d6len, die auf die Zellen abzielen. Es unterst\u00fctzt die normale Funktion des Immunsystems. Kann zus\u00e4tzlich zu medizinischen Behandlungen eingenommen werden, um zur St\u00e4rkung der Vitalit\u00e4t beizutragen und \u00dcbelkeit zu begrenzen. (Artemisia\/Kresse\/Ingwer\/Litsea\/K\u00f6nigskerze)\" \/>\n<meta property=\"og:url\" content=\"https:\/\/biomaxi.ch\/de\/produit\/asiarum-100-gelules\/\" \/>\n<meta property=\"og:site_name\" content=\"Biomaxi\" \/>\n<meta property=\"article:publisher\" content=\"https:\/\/www.facebook.com\/biomaxisuisse\/\" \/>\n<meta property=\"article:modified_time\" content=\"2025-04-07T06:24:53+00:00\" \/>\n<meta property=\"og:image\" content=\"https:\/\/biomaxi.ch\/wp-content\/uploads\/2023\/07\/Asiarum-2021-08-dimension-site-web-light-bas-scaled-2.jpg\" \/>\n\t<meta property=\"og:image:width\" content=\"1947\" \/>\n\t<meta property=\"og:image:height\" content=\"2560\" \/>\n\t<meta property=\"og:image:type\" content=\"image\/jpeg\" \/>\n<meta name=\"twitter:card\" content=\"summary_large_image\" \/>\n<meta name=\"twitter:label1\" content=\"Gesch\u00e4tzte Lesezeit\" \/>\n\t<meta name=\"twitter:data1\" content=\"2\u00a0Minuten\" \/>\n<script type=\"application\/ld+json\" class=\"yoast-schema-graph\">{\"@context\":\"https:\\\/\\\/schema.org\",\"@graph\":[{\"@type\":\"WebPage\",\"@id\":\"https:\\\/\\\/biomaxi.ch\\\/de\\\/produit\\\/asiarum-100-gelules\\\/\",\"url\":\"https:\\\/\\\/biomaxi.ch\\\/de\\\/produit\\\/asiarum-100-gelules\\\/\",\"name\":\"Nat\u00fcrliches Produkt, das das Zellgleichgewicht unterst\u00fctzt - Formel von JP Willem - Asiarum 100 vegetarische Kapseln mit einer Dosierung von 420 mg | Biomaxi.ch\",\"isPartOf\":{\"@id\":\"https:\\\/\\\/biomaxi.ch\\\/#website\"},\"primaryImageOfPage\":{\"@id\":\"https:\\\/\\\/biomaxi.ch\\\/de\\\/produit\\\/asiarum-100-gelules\\\/#primaryimage\"},\"image\":{\"@id\":\"https:\\\/\\\/biomaxi.ch\\\/de\\\/produit\\\/asiarum-100-gelules\\\/#primaryimage\"},\"thumbnailUrl\":\"https:\\\/\\\/biomaxi.ch\\\/wp-content\\\/uploads\\\/2023\\\/07\\\/Asiarum-2021-08-dimension-site-web-light-bas-scaled-2.jpg\",\"datePublished\":\"2021-05-17T16:45:24+00:00\",\"dateModified\":\"2025-04-07T06:24:53+00:00\",\"description\":\"Asiarum (100 vegetarische Kapseln mit einer Dosierung von 420 mg) Verbindung von Pflanzen und \u00e4therischen \u00d6len, die auf die Zellen abzielen. Es unterst\u00fctzt die normale Funktion des Immunsystems. Kann zus\u00e4tzlich zu medizinischen Behandlungen eingenommen werden, um zur St\u00e4rkung der Vitalit\u00e4t beizutragen und \u00dcbelkeit zu begrenzen. (Artemisia\\\/Kresse\\\/Ingwer\\\/Litsea\\\/K\u00f6nigskerze)\",\"breadcrumb\":{\"@id\":\"https:\\\/\\\/biomaxi.ch\\\/de\\\/produit\\\/asiarum-100-gelules\\\/#breadcrumb\"},\"inLanguage\":\"de\",\"potentialAction\":[{\"@type\":\"ReadAction\",\"target\":[\"https:\\\/\\\/biomaxi.ch\\\/de\\\/produit\\\/asiarum-100-gelules\\\/\"]}]},{\"@type\":\"ImageObject\",\"inLanguage\":\"de\",\"@id\":\"https:\\\/\\\/biomaxi.ch\\\/de\\\/produit\\\/asiarum-100-gelules\\\/#primaryimage\",\"url\":\"https:\\\/\\\/biomaxi.ch\\\/wp-content\\\/uploads\\\/2023\\\/07\\\/Asiarum-2021-08-dimension-site-web-light-bas-scaled-2.jpg\",\"contentUrl\":\"https:\\\/\\\/biomaxi.ch\\\/wp-content\\\/uploads\\\/2023\\\/07\\\/Asiarum-2021-08-dimension-site-web-light-bas-scaled-2.jpg\",\"width\":1947,\"height\":2560},{\"@type\":\"BreadcrumbList\",\"@id\":\"https:\\\/\\\/biomaxi.ch\\\/de\\\/produit\\\/asiarum-100-gelules\\\/#breadcrumb\",\"itemListElement\":[{\"@type\":\"ListItem\",\"position\":1,\"name\":\"Accueil\",\"item\":\"https:\\\/\\\/biomaxi.ch\\\/de\\\/\"},{\"@type\":\"ListItem\",\"position\":2,\"name\":\"Produits\",\"item\":\"https:\\\/\\\/biomaxi.ch\\\/produits\\\/\"},{\"@type\":\"ListItem\",\"position\":3,\"name\":\"Asiarum\"}]},{\"@type\":\"WebSite\",\"@id\":\"https:\\\/\\\/biomaxi.ch\\\/#website\",\"url\":\"https:\\\/\\\/biomaxi.ch\\\/\",\"name\":\"Biomaxi\",\"description\":\"Compl\u00e9ments alimentaires bio d&#039;origine suisse bio et naturels\",\"publisher\":{\"@id\":\"https:\\\/\\\/biomaxi.ch\\\/#organization\"},\"potentialAction\":[{\"@type\":\"SearchAction\",\"target\":{\"@type\":\"EntryPoint\",\"urlTemplate\":\"https:\\\/\\\/biomaxi.ch\\\/?s={search_term_string}\"},\"query-input\":{\"@type\":\"PropertyValueSpecification\",\"valueRequired\":true,\"valueName\":\"search_term_string\"}}],\"inLanguage\":\"de\"},{\"@type\":\"Organization\",\"@id\":\"https:\\\/\\\/biomaxi.ch\\\/#organization\",\"name\":\"Biomaxi\",\"url\":\"https:\\\/\\\/biomaxi.ch\\\/\",\"logo\":{\"@type\":\"ImageObject\",\"inLanguage\":\"de\",\"@id\":\"https:\\\/\\\/biomaxi.ch\\\/#\\\/schema\\\/logo\\\/image\\\/\",\"url\":\"https:\\\/\\\/biomaxi.ch\\\/wp-content\\\/uploads\\\/2024\\\/05\\\/LogoBiomaxiSite-1014x1024-1.jpg\",\"contentUrl\":\"https:\\\/\\\/biomaxi.ch\\\/wp-content\\\/uploads\\\/2024\\\/05\\\/LogoBiomaxiSite-1014x1024-1.jpg\",\"width\":1014,\"height\":1024,\"caption\":\"Biomaxi\"},\"image\":{\"@id\":\"https:\\\/\\\/biomaxi.ch\\\/#\\\/schema\\\/logo\\\/image\\\/\"},\"sameAs\":[\"https:\\\/\\\/www.facebook.com\\\/biomaxisuisse\\\/\",\"https:\\\/\\\/www.instagram.com\\\/phytinov\\\/\"]}]}<\/script>\n<!-- \/ Yoast SEO plugin. -->","yoast_head_json":{"title":"Nat\u00fcrliches Produkt, das das Zellgleichgewicht unterst\u00fctzt - Formel von JP Willem - Asiarum 100 vegetarische Kapseln mit einer Dosierung von 420 mg | Biomaxi.ch","description":"Asiarum (100 vegetarische Kapseln mit einer Dosierung von 420 mg) Verbindung von Pflanzen und \u00e4therischen \u00d6len, die auf die Zellen abzielen. Es unterst\u00fctzt die normale Funktion des Immunsystems. Kann zus\u00e4tzlich zu medizinischen Behandlungen eingenommen werden, um zur St\u00e4rkung der Vitalit\u00e4t beizutragen und \u00dcbelkeit zu begrenzen. (Artemisia\/Kresse\/Ingwer\/Litsea\/K\u00f6nigskerze)","robots":{"index":"index","follow":"follow","max-snippet":"max-snippet:-1","max-image-preview":"max-image-preview:large","max-video-preview":"max-video-preview:-1"},"canonical":"https:\/\/biomaxi.ch\/de\/produit\/asiarum-100-gelules\/","og_locale":"de_DE","og_type":"article","og_title":"Nat\u00fcrliches Produkt, das das Zellgleichgewicht unterst\u00fctzt - Formel von JP Willem - Asiarum 100 vegetarische Kapseln mit einer Dosierung von 420 mg | Biomaxi.ch","og_description":"Asiarum (100 vegetarische Kapseln mit einer Dosierung von 420 mg) Verbindung von Pflanzen und \u00e4therischen \u00d6len, die auf die Zellen abzielen. Es unterst\u00fctzt die normale Funktion des Immunsystems. Kann zus\u00e4tzlich zu medizinischen Behandlungen eingenommen werden, um zur St\u00e4rkung der Vitalit\u00e4t beizutragen und \u00dcbelkeit zu begrenzen. (Artemisia\/Kresse\/Ingwer\/Litsea\/K\u00f6nigskerze)","og_url":"https:\/\/biomaxi.ch\/de\/produit\/asiarum-100-gelules\/","og_site_name":"Biomaxi","article_publisher":"https:\/\/www.facebook.com\/biomaxisuisse\/","article_modified_time":"2025-04-07T06:24:53+00:00","og_image":[{"width":1947,"height":2560,"url":"https:\/\/biomaxi.ch\/wp-content\/uploads\/2023\/07\/Asiarum-2021-08-dimension-site-web-light-bas-scaled-2.jpg","type":"image\/jpeg"}],"twitter_card":"summary_large_image","twitter_misc":{"Gesch\u00e4tzte Lesezeit":"2\u00a0Minuten"},"schema":{"@context":"https:\/\/schema.org","@graph":[{"@type":"WebPage","@id":"https:\/\/biomaxi.ch\/de\/produit\/asiarum-100-gelules\/","url":"https:\/\/biomaxi.ch\/de\/produit\/asiarum-100-gelules\/","name":"Nat\u00fcrliches Produkt, das das Zellgleichgewicht unterst\u00fctzt - Formel von JP Willem - Asiarum 100 vegetarische Kapseln mit einer Dosierung von 420 mg | Biomaxi.ch","isPartOf":{"@id":"https:\/\/biomaxi.ch\/#website"},"primaryImageOfPage":{"@id":"https:\/\/biomaxi.ch\/de\/produit\/asiarum-100-gelules\/#primaryimage"},"image":{"@id":"https:\/\/biomaxi.ch\/de\/produit\/asiarum-100-gelules\/#primaryimage"},"thumbnailUrl":"https:\/\/biomaxi.ch\/wp-content\/uploads\/2023\/07\/Asiarum-2021-08-dimension-site-web-light-bas-scaled-2.jpg","datePublished":"2021-05-17T16:45:24+00:00","dateModified":"2025-04-07T06:24:53+00:00","description":"Asiarum (100 vegetarische Kapseln mit einer Dosierung von 420 mg) Verbindung von Pflanzen und \u00e4therischen \u00d6len, die auf die Zellen abzielen. Es unterst\u00fctzt die normale Funktion des Immunsystems. Kann zus\u00e4tzlich zu medizinischen Behandlungen eingenommen werden, um zur St\u00e4rkung der Vitalit\u00e4t beizutragen und \u00dcbelkeit zu begrenzen. (Artemisia\/Kresse\/Ingwer\/Litsea\/K\u00f6nigskerze)","breadcrumb":{"@id":"https:\/\/biomaxi.ch\/de\/produit\/asiarum-100-gelules\/#breadcrumb"},"inLanguage":"de","potentialAction":[{"@type":"ReadAction","target":["https:\/\/biomaxi.ch\/de\/produit\/asiarum-100-gelules\/"]}]},{"@type":"ImageObject","inLanguage":"de","@id":"https:\/\/biomaxi.ch\/de\/produit\/asiarum-100-gelules\/#primaryimage","url":"https:\/\/biomaxi.ch\/wp-content\/uploads\/2023\/07\/Asiarum-2021-08-dimension-site-web-light-bas-scaled-2.jpg","contentUrl":"https:\/\/biomaxi.ch\/wp-content\/uploads\/2023\/07\/Asiarum-2021-08-dimension-site-web-light-bas-scaled-2.jpg","width":1947,"height":2560},{"@type":"BreadcrumbList","@id":"https:\/\/biomaxi.ch\/de\/produit\/asiarum-100-gelules\/#breadcrumb","itemListElement":[{"@type":"ListItem","position":1,"name":"Accueil","item":"https:\/\/biomaxi.ch\/de\/"},{"@type":"ListItem","position":2,"name":"Produits","item":"https:\/\/biomaxi.ch\/produits\/"},{"@type":"ListItem","position":3,"name":"Asiarum"}]},{"@type":"WebSite","@id":"https:\/\/biomaxi.ch\/#website","url":"https:\/\/biomaxi.ch\/","name":"Biomaxi","description":"Compl\u00e9ments alimentaires bio d&#039;origine suisse bio et naturels","publisher":{"@id":"https:\/\/biomaxi.ch\/#organization"},"potentialAction":[{"@type":"SearchAction","target":{"@type":"EntryPoint","urlTemplate":"https:\/\/biomaxi.ch\/?s={search_term_string}"},"query-input":{"@type":"PropertyValueSpecification","valueRequired":true,"valueName":"search_term_string"}}],"inLanguage":"de"},{"@type":"Organization","@id":"https:\/\/biomaxi.ch\/#organization","name":"Biomaxi","url":"https:\/\/biomaxi.ch\/","logo":{"@type":"ImageObject","inLanguage":"de","@id":"https:\/\/biomaxi.ch\/#\/schema\/logo\/image\/","url":"https:\/\/biomaxi.ch\/wp-content\/uploads\/2024\/05\/LogoBiomaxiSite-1014x1024-1.jpg","contentUrl":"https:\/\/biomaxi.ch\/wp-content\/uploads\/2024\/05\/LogoBiomaxiSite-1014x1024-1.jpg","width":1014,"height":1024,"caption":"Biomaxi"},"image":{"@id":"https:\/\/biomaxi.ch\/#\/schema\/logo\/image\/"},"sameAs":["https:\/\/www.facebook.com\/biomaxisuisse\/","https:\/\/www.instagram.com\/phytinov\/"]}]}},"_links":{"self":[{"href":"https:\/\/biomaxi.ch\/de\/wp-json\/wp\/v2\/product\/30917","targetHints":{"allow":["GET"]}}],"collection":[{"href":"https:\/\/biomaxi.ch\/de\/wp-json\/wp\/v2\/product"}],"about":[{"href":"https:\/\/biomaxi.ch\/de\/wp-json\/wp\/v2\/types\/product"}],"replies":[{"embeddable":true,"href":"https:\/\/biomaxi.ch\/de\/wp-json\/wp\/v2\/comments?post=30917"}],"wp:featuredmedia":[{"embeddable":true,"href":"https:\/\/biomaxi.ch\/de\/wp-json\/wp\/v2\/media\/30008"}],"wp:attachment":[{"href":"https:\/\/biomaxi.ch\/de\/wp-json\/wp\/v2\/media?parent=30917"}],"wp:term":[{"taxonomy":"product_brand","embeddable":true,"href":"https:\/\/biomaxi.ch\/de\/wp-json\/wp\/v2\/product_brand?post=30917"},{"taxonomy":"product_cat","embeddable":true,"href":"https:\/\/biomaxi.ch\/de\/wp-json\/wp\/v2\/product_cat?post=30917"},{"taxonomy":"product_tag","embeddable":true,"href":"https:\/\/biomaxi.ch\/de\/wp-json\/wp\/v2\/product_tag?post=30917"}],"curies":[{"name":"wp","href":"https:\/\/api.w.org\/{rel}","templated":true}]}}