{"id":30916,"date":"2021-05-07T10:07:01","date_gmt":"2021-05-07T08:07:01","guid":{"rendered":"https:\/\/biomaxi.ch\/produit\/ail-coq10-q10-aubepine-olivier\/"},"modified":"2025-03-17T17:50:36","modified_gmt":"2025-03-17T16:50:36","slug":"ail-coq10-q10-aubepine-olivier","status":"publish","type":"product","link":"https:\/\/biomaxi.ch\/de\/produit\/ail-coq10-q10-aubepine-olivier\/","title":{"rendered":"Knoblauch+CoQ10 + Wei\u00dfdorn + Olivenbaum"},"content":{"rendered":"<p>Packung mit 200 vegetarischen Kapseln mit einer Dosierung von 400 mg.<\/p>\n<p>Nettogewicht: 98 g.<\/p>\n<p>Verzehrempfehlung: Nehmen Sie 2 Kapseln zweimal t\u00e4glich zu den Mahlzeiten ein.<\/p>\n<p>&nbsp;<\/p>\n<p><strong>Zutaten f\u00fcr 4 Kapseln:<\/strong> Knoblauchknollenextrakt 1&#8217;240 mg, Hydroxypropylmethylcellulose (Kapsel), Ubichinon (Coenzym Q10) 120 mg, Wei\u00dfdornbl\u00fctenextrakt 120 mg, Olivenblattextrakt 120 mg.<\/p>\n<p>Au\u00dferhalb der Reichweite von kleinen Kindern aufbewahren. \u00dcberschreiten Sie nicht die empfohlene Tagesdosis. Nahrungserg\u00e4nzungsmittel sollten nicht als Ersatz f\u00fcr eine abwechslungsreiche und ausgewogene Ern\u00e4hrung und einen gesunden Lebensstil verwendet werden. Abgeraten wird von Personen, die eine gerinnungshemmende Behandlung erhalten.<\/p>\n","protected":false},"excerpt":{"rendered":"<p>Nahrungserg\u00e4nzungsmittel auf der Grundlage von Knoblauch, Coenzym Q10, Wei\u00dfdorn- und Olivenbaumextrakt.<\/p>\n<p>Knoblauch hilft bei der Aufrechterhaltung eines normalen Cholesterinspiegels. Au\u00dferdem unterst\u00fctzt er die Blutzirkulation und tr\u00e4gt zur normalen Funktion des Immunsystems bei.<br \/>\nWei\u00dfdorn unterst\u00fctzt die Herzfunktion, tr\u00e4gt zur Sauerstoffversorgung bei und f\u00f6rdert die periphere Blutzirkulation.<\/p>\n<p>&nbsp;<\/p>\n<p>&nbsp;<\/p>\n","protected":false},"featured_media":29996,"comment_status":"open","ping_status":"closed","template":"","meta":{"_et_pb_use_builder":"","_et_pb_old_content":"","_et_gb_content_width":""},"product_brand":[],"product_cat":[201,202],"product_tag":[206,208,207],"class_list":{"0":"post-30916","1":"product","2":"type-product","3":"status-publish","4":"has-post-thumbnail","6":"product_cat-nahrungsergaenzungsmittel","7":"product_cat-phytinov-de-2","8":"product_tag-herzkreislauf","9":"product_tag-omega-3-de","10":"product_tag-verdauungskomfort","12":"first","13":"instock","14":"shipping-taxable","15":"purchasable","16":"product-type-simple"},"yoast_head":"<!-- This site is optimized with the Yoast SEO plugin v27.3 - https:\/\/yoast.com\/product\/yoast-seo-wordpress\/ -->\n<title>Nat\u00fcrliches Produkt zur Unterst\u00fctzung des Herz-Kreislauf-Systems - Knoblauch + Hahn10 + Wei\u00dfdorn + Olivenbaum - Formel von JP Willem - 200 pflanzliche Zellulosekapseln mit einer Dosierung von 400 mg | Biomaxi.ch<\/title>\n<meta name=\"description\" content=\"Biomaxi, der Spezialist f\u00fcr nat\u00fcrliche und biologische Nahrungserg\u00e4nzungsmittel, bietet Ihnen Knoblauch+CoQ10 (200 pflanzliche Zellulosekapseln mit einer Dosierung von 400 mg) an, ein echter Verb\u00fcndeter bei der Aufrechterhaltung einer guten Funktion des Herz-Kreislauf-Systems (Knoblauch\/Coenzym Q10\/Wei\u00dfdorn\/Olivenbaum). Es hilft bei der Aufrechterhaltung eines normalen Cholesterinspiegels und unterst\u00fctzt den Kreislauf. Es unterst\u00fctzt die normale Funktion des Immunsystems.\" \/>\n<meta name=\"robots\" content=\"index, follow, max-snippet:-1, max-image-preview:large, max-video-preview:-1\" \/>\n<link rel=\"canonical\" href=\"https:\/\/biomaxi.ch\/de\/produit\/ail-coq10-q10-aubepine-olivier\/\" \/>\n<meta property=\"og:locale\" content=\"de_DE\" \/>\n<meta property=\"og:type\" content=\"article\" \/>\n<meta property=\"og:title\" content=\"Nat\u00fcrliches Produkt zur Unterst\u00fctzung des Herz-Kreislauf-Systems - Knoblauch + Hahn10 + Wei\u00dfdorn + Olivenbaum - Formel von JP Willem - 200 pflanzliche Zellulosekapseln mit einer Dosierung von 400 mg | Biomaxi.ch\" \/>\n<meta property=\"og:description\" content=\"Biomaxi, der Spezialist f\u00fcr nat\u00fcrliche und biologische Nahrungserg\u00e4nzungsmittel, bietet Ihnen Knoblauch+CoQ10 (200 pflanzliche Zellulosekapseln mit einer Dosierung von 400 mg) an, ein echter Verb\u00fcndeter bei der Aufrechterhaltung einer guten Funktion des Herz-Kreislauf-Systems (Knoblauch\/Coenzym Q10\/Wei\u00dfdorn\/Olivenbaum). Es hilft bei der Aufrechterhaltung eines normalen Cholesterinspiegels und unterst\u00fctzt den Kreislauf. Es unterst\u00fctzt die normale Funktion des Immunsystems.\" \/>\n<meta property=\"og:url\" content=\"https:\/\/biomaxi.ch\/de\/produit\/ail-coq10-q10-aubepine-olivier\/\" \/>\n<meta property=\"og:site_name\" content=\"Biomaxi\" \/>\n<meta property=\"article:publisher\" content=\"https:\/\/www.facebook.com\/biomaxisuisse\/\" \/>\n<meta property=\"article:modified_time\" content=\"2025-03-17T16:50:36+00:00\" \/>\n<meta property=\"og:image\" content=\"https:\/\/biomaxi.ch\/wp-content\/uploads\/2023\/07\/AilCoQ10-2021-07-dimension-site-web-light-bas-1-1.jpg\" \/>\n\t<meta property=\"og:image:width\" content=\"1182\" \/>\n\t<meta property=\"og:image:height\" content=\"1555\" \/>\n\t<meta property=\"og:image:type\" content=\"image\/jpeg\" \/>\n<meta name=\"twitter:card\" content=\"summary_large_image\" \/>\n<meta name=\"twitter:label1\" content=\"Gesch\u00e4tzte Lesezeit\" \/>\n\t<meta name=\"twitter:data1\" content=\"1\u00a0Minute\" \/>\n<script type=\"application\/ld+json\" class=\"yoast-schema-graph\">{\"@context\":\"https:\\\/\\\/schema.org\",\"@graph\":[{\"@type\":\"WebPage\",\"@id\":\"https:\\\/\\\/biomaxi.ch\\\/de\\\/produit\\\/ail-coq10-q10-aubepine-olivier\\\/\",\"url\":\"https:\\\/\\\/biomaxi.ch\\\/de\\\/produit\\\/ail-coq10-q10-aubepine-olivier\\\/\",\"name\":\"Nat\u00fcrliches Produkt zur Unterst\u00fctzung des Herz-Kreislauf-Systems - Knoblauch + Hahn10 + Wei\u00dfdorn + Olivenbaum - Formel von JP Willem - 200 pflanzliche Zellulosekapseln mit einer Dosierung von 400 mg | Biomaxi.ch\",\"isPartOf\":{\"@id\":\"https:\\\/\\\/biomaxi.ch\\\/#website\"},\"primaryImageOfPage\":{\"@id\":\"https:\\\/\\\/biomaxi.ch\\\/de\\\/produit\\\/ail-coq10-q10-aubepine-olivier\\\/#primaryimage\"},\"image\":{\"@id\":\"https:\\\/\\\/biomaxi.ch\\\/de\\\/produit\\\/ail-coq10-q10-aubepine-olivier\\\/#primaryimage\"},\"thumbnailUrl\":\"https:\\\/\\\/biomaxi.ch\\\/wp-content\\\/uploads\\\/2023\\\/07\\\/AilCoQ10-2021-07-dimension-site-web-light-bas-1-1.jpg\",\"datePublished\":\"2021-05-07T08:07:01+00:00\",\"dateModified\":\"2025-03-17T16:50:36+00:00\",\"description\":\"Biomaxi, der Spezialist f\u00fcr nat\u00fcrliche und biologische Nahrungserg\u00e4nzungsmittel, bietet Ihnen Knoblauch+CoQ10 (200 pflanzliche Zellulosekapseln mit einer Dosierung von 400 mg) an, ein echter Verb\u00fcndeter bei der Aufrechterhaltung einer guten Funktion des Herz-Kreislauf-Systems (Knoblauch\\\/Coenzym Q10\\\/Wei\u00dfdorn\\\/Olivenbaum). Es hilft bei der Aufrechterhaltung eines normalen Cholesterinspiegels und unterst\u00fctzt den Kreislauf. Es unterst\u00fctzt die normale Funktion des Immunsystems.\",\"breadcrumb\":{\"@id\":\"https:\\\/\\\/biomaxi.ch\\\/de\\\/produit\\\/ail-coq10-q10-aubepine-olivier\\\/#breadcrumb\"},\"inLanguage\":\"de\",\"potentialAction\":[{\"@type\":\"ReadAction\",\"target\":[\"https:\\\/\\\/biomaxi.ch\\\/de\\\/produit\\\/ail-coq10-q10-aubepine-olivier\\\/\"]}]},{\"@type\":\"ImageObject\",\"inLanguage\":\"de\",\"@id\":\"https:\\\/\\\/biomaxi.ch\\\/de\\\/produit\\\/ail-coq10-q10-aubepine-olivier\\\/#primaryimage\",\"url\":\"https:\\\/\\\/biomaxi.ch\\\/wp-content\\\/uploads\\\/2023\\\/07\\\/AilCoQ10-2021-07-dimension-site-web-light-bas-1-1.jpg\",\"contentUrl\":\"https:\\\/\\\/biomaxi.ch\\\/wp-content\\\/uploads\\\/2023\\\/07\\\/AilCoQ10-2021-07-dimension-site-web-light-bas-1-1.jpg\",\"width\":1182,\"height\":1555},{\"@type\":\"BreadcrumbList\",\"@id\":\"https:\\\/\\\/biomaxi.ch\\\/de\\\/produit\\\/ail-coq10-q10-aubepine-olivier\\\/#breadcrumb\",\"itemListElement\":[{\"@type\":\"ListItem\",\"position\":1,\"name\":\"Accueil\",\"item\":\"https:\\\/\\\/biomaxi.ch\\\/de\\\/\"},{\"@type\":\"ListItem\",\"position\":2,\"name\":\"Produits\",\"item\":\"https:\\\/\\\/biomaxi.ch\\\/produits\\\/\"},{\"@type\":\"ListItem\",\"position\":3,\"name\":\"Knoblauch+CoQ10 + Wei\u00dfdorn + Olivenbaum\"}]},{\"@type\":\"WebSite\",\"@id\":\"https:\\\/\\\/biomaxi.ch\\\/#website\",\"url\":\"https:\\\/\\\/biomaxi.ch\\\/\",\"name\":\"Biomaxi\",\"description\":\"Compl\u00e9ments alimentaires bio d&#039;origine suisse bio et naturels\",\"publisher\":{\"@id\":\"https:\\\/\\\/biomaxi.ch\\\/#organization\"},\"potentialAction\":[{\"@type\":\"SearchAction\",\"target\":{\"@type\":\"EntryPoint\",\"urlTemplate\":\"https:\\\/\\\/biomaxi.ch\\\/?s={search_term_string}\"},\"query-input\":{\"@type\":\"PropertyValueSpecification\",\"valueRequired\":true,\"valueName\":\"search_term_string\"}}],\"inLanguage\":\"de\"},{\"@type\":\"Organization\",\"@id\":\"https:\\\/\\\/biomaxi.ch\\\/#organization\",\"name\":\"Biomaxi\",\"url\":\"https:\\\/\\\/biomaxi.ch\\\/\",\"logo\":{\"@type\":\"ImageObject\",\"inLanguage\":\"de\",\"@id\":\"https:\\\/\\\/biomaxi.ch\\\/#\\\/schema\\\/logo\\\/image\\\/\",\"url\":\"https:\\\/\\\/biomaxi.ch\\\/wp-content\\\/uploads\\\/2024\\\/05\\\/LogoBiomaxiSite-1014x1024-1.jpg\",\"contentUrl\":\"https:\\\/\\\/biomaxi.ch\\\/wp-content\\\/uploads\\\/2024\\\/05\\\/LogoBiomaxiSite-1014x1024-1.jpg\",\"width\":1014,\"height\":1024,\"caption\":\"Biomaxi\"},\"image\":{\"@id\":\"https:\\\/\\\/biomaxi.ch\\\/#\\\/schema\\\/logo\\\/image\\\/\"},\"sameAs\":[\"https:\\\/\\\/www.facebook.com\\\/biomaxisuisse\\\/\",\"https:\\\/\\\/www.instagram.com\\\/phytinov\\\/\"]}]}<\/script>\n<!-- \/ Yoast SEO plugin. -->","yoast_head_json":{"title":"Nat\u00fcrliches Produkt zur Unterst\u00fctzung des Herz-Kreislauf-Systems - Knoblauch + Hahn10 + Wei\u00dfdorn + Olivenbaum - Formel von JP Willem - 200 pflanzliche Zellulosekapseln mit einer Dosierung von 400 mg | Biomaxi.ch","description":"Biomaxi, der Spezialist f\u00fcr nat\u00fcrliche und biologische Nahrungserg\u00e4nzungsmittel, bietet Ihnen Knoblauch+CoQ10 (200 pflanzliche Zellulosekapseln mit einer Dosierung von 400 mg) an, ein echter Verb\u00fcndeter bei der Aufrechterhaltung einer guten Funktion des Herz-Kreislauf-Systems (Knoblauch\/Coenzym Q10\/Wei\u00dfdorn\/Olivenbaum). Es hilft bei der Aufrechterhaltung eines normalen Cholesterinspiegels und unterst\u00fctzt den Kreislauf. Es unterst\u00fctzt die normale Funktion des Immunsystems.","robots":{"index":"index","follow":"follow","max-snippet":"max-snippet:-1","max-image-preview":"max-image-preview:large","max-video-preview":"max-video-preview:-1"},"canonical":"https:\/\/biomaxi.ch\/de\/produit\/ail-coq10-q10-aubepine-olivier\/","og_locale":"de_DE","og_type":"article","og_title":"Nat\u00fcrliches Produkt zur Unterst\u00fctzung des Herz-Kreislauf-Systems - Knoblauch + Hahn10 + Wei\u00dfdorn + Olivenbaum - Formel von JP Willem - 200 pflanzliche Zellulosekapseln mit einer Dosierung von 400 mg | Biomaxi.ch","og_description":"Biomaxi, der Spezialist f\u00fcr nat\u00fcrliche und biologische Nahrungserg\u00e4nzungsmittel, bietet Ihnen Knoblauch+CoQ10 (200 pflanzliche Zellulosekapseln mit einer Dosierung von 400 mg) an, ein echter Verb\u00fcndeter bei der Aufrechterhaltung einer guten Funktion des Herz-Kreislauf-Systems (Knoblauch\/Coenzym Q10\/Wei\u00dfdorn\/Olivenbaum). Es hilft bei der Aufrechterhaltung eines normalen Cholesterinspiegels und unterst\u00fctzt den Kreislauf. Es unterst\u00fctzt die normale Funktion des Immunsystems.","og_url":"https:\/\/biomaxi.ch\/de\/produit\/ail-coq10-q10-aubepine-olivier\/","og_site_name":"Biomaxi","article_publisher":"https:\/\/www.facebook.com\/biomaxisuisse\/","article_modified_time":"2025-03-17T16:50:36+00:00","og_image":[{"width":1182,"height":1555,"url":"https:\/\/biomaxi.ch\/wp-content\/uploads\/2023\/07\/AilCoQ10-2021-07-dimension-site-web-light-bas-1-1.jpg","type":"image\/jpeg"}],"twitter_card":"summary_large_image","twitter_misc":{"Gesch\u00e4tzte Lesezeit":"1\u00a0Minute"},"schema":{"@context":"https:\/\/schema.org","@graph":[{"@type":"WebPage","@id":"https:\/\/biomaxi.ch\/de\/produit\/ail-coq10-q10-aubepine-olivier\/","url":"https:\/\/biomaxi.ch\/de\/produit\/ail-coq10-q10-aubepine-olivier\/","name":"Nat\u00fcrliches Produkt zur Unterst\u00fctzung des Herz-Kreislauf-Systems - Knoblauch + Hahn10 + Wei\u00dfdorn + Olivenbaum - Formel von JP Willem - 200 pflanzliche Zellulosekapseln mit einer Dosierung von 400 mg | Biomaxi.ch","isPartOf":{"@id":"https:\/\/biomaxi.ch\/#website"},"primaryImageOfPage":{"@id":"https:\/\/biomaxi.ch\/de\/produit\/ail-coq10-q10-aubepine-olivier\/#primaryimage"},"image":{"@id":"https:\/\/biomaxi.ch\/de\/produit\/ail-coq10-q10-aubepine-olivier\/#primaryimage"},"thumbnailUrl":"https:\/\/biomaxi.ch\/wp-content\/uploads\/2023\/07\/AilCoQ10-2021-07-dimension-site-web-light-bas-1-1.jpg","datePublished":"2021-05-07T08:07:01+00:00","dateModified":"2025-03-17T16:50:36+00:00","description":"Biomaxi, der Spezialist f\u00fcr nat\u00fcrliche und biologische Nahrungserg\u00e4nzungsmittel, bietet Ihnen Knoblauch+CoQ10 (200 pflanzliche Zellulosekapseln mit einer Dosierung von 400 mg) an, ein echter Verb\u00fcndeter bei der Aufrechterhaltung einer guten Funktion des Herz-Kreislauf-Systems (Knoblauch\/Coenzym Q10\/Wei\u00dfdorn\/Olivenbaum). Es hilft bei der Aufrechterhaltung eines normalen Cholesterinspiegels und unterst\u00fctzt den Kreislauf. Es unterst\u00fctzt die normale Funktion des Immunsystems.","breadcrumb":{"@id":"https:\/\/biomaxi.ch\/de\/produit\/ail-coq10-q10-aubepine-olivier\/#breadcrumb"},"inLanguage":"de","potentialAction":[{"@type":"ReadAction","target":["https:\/\/biomaxi.ch\/de\/produit\/ail-coq10-q10-aubepine-olivier\/"]}]},{"@type":"ImageObject","inLanguage":"de","@id":"https:\/\/biomaxi.ch\/de\/produit\/ail-coq10-q10-aubepine-olivier\/#primaryimage","url":"https:\/\/biomaxi.ch\/wp-content\/uploads\/2023\/07\/AilCoQ10-2021-07-dimension-site-web-light-bas-1-1.jpg","contentUrl":"https:\/\/biomaxi.ch\/wp-content\/uploads\/2023\/07\/AilCoQ10-2021-07-dimension-site-web-light-bas-1-1.jpg","width":1182,"height":1555},{"@type":"BreadcrumbList","@id":"https:\/\/biomaxi.ch\/de\/produit\/ail-coq10-q10-aubepine-olivier\/#breadcrumb","itemListElement":[{"@type":"ListItem","position":1,"name":"Accueil","item":"https:\/\/biomaxi.ch\/de\/"},{"@type":"ListItem","position":2,"name":"Produits","item":"https:\/\/biomaxi.ch\/produits\/"},{"@type":"ListItem","position":3,"name":"Knoblauch+CoQ10 + Wei\u00dfdorn + Olivenbaum"}]},{"@type":"WebSite","@id":"https:\/\/biomaxi.ch\/#website","url":"https:\/\/biomaxi.ch\/","name":"Biomaxi","description":"Compl\u00e9ments alimentaires bio d&#039;origine suisse bio et naturels","publisher":{"@id":"https:\/\/biomaxi.ch\/#organization"},"potentialAction":[{"@type":"SearchAction","target":{"@type":"EntryPoint","urlTemplate":"https:\/\/biomaxi.ch\/?s={search_term_string}"},"query-input":{"@type":"PropertyValueSpecification","valueRequired":true,"valueName":"search_term_string"}}],"inLanguage":"de"},{"@type":"Organization","@id":"https:\/\/biomaxi.ch\/#organization","name":"Biomaxi","url":"https:\/\/biomaxi.ch\/","logo":{"@type":"ImageObject","inLanguage":"de","@id":"https:\/\/biomaxi.ch\/#\/schema\/logo\/image\/","url":"https:\/\/biomaxi.ch\/wp-content\/uploads\/2024\/05\/LogoBiomaxiSite-1014x1024-1.jpg","contentUrl":"https:\/\/biomaxi.ch\/wp-content\/uploads\/2024\/05\/LogoBiomaxiSite-1014x1024-1.jpg","width":1014,"height":1024,"caption":"Biomaxi"},"image":{"@id":"https:\/\/biomaxi.ch\/#\/schema\/logo\/image\/"},"sameAs":["https:\/\/www.facebook.com\/biomaxisuisse\/","https:\/\/www.instagram.com\/phytinov\/"]}]}},"_links":{"self":[{"href":"https:\/\/biomaxi.ch\/de\/wp-json\/wp\/v2\/product\/30916","targetHints":{"allow":["GET"]}}],"collection":[{"href":"https:\/\/biomaxi.ch\/de\/wp-json\/wp\/v2\/product"}],"about":[{"href":"https:\/\/biomaxi.ch\/de\/wp-json\/wp\/v2\/types\/product"}],"replies":[{"embeddable":true,"href":"https:\/\/biomaxi.ch\/de\/wp-json\/wp\/v2\/comments?post=30916"}],"wp:featuredmedia":[{"embeddable":true,"href":"https:\/\/biomaxi.ch\/de\/wp-json\/wp\/v2\/media\/29996"}],"wp:attachment":[{"href":"https:\/\/biomaxi.ch\/de\/wp-json\/wp\/v2\/media?parent=30916"}],"wp:term":[{"taxonomy":"product_brand","embeddable":true,"href":"https:\/\/biomaxi.ch\/de\/wp-json\/wp\/v2\/product_brand?post=30916"},{"taxonomy":"product_cat","embeddable":true,"href":"https:\/\/biomaxi.ch\/de\/wp-json\/wp\/v2\/product_cat?post=30916"},{"taxonomy":"product_tag","embeddable":true,"href":"https:\/\/biomaxi.ch\/de\/wp-json\/wp\/v2\/product_tag?post=30916"}],"curies":[{"name":"wp","href":"https:\/\/api.w.org\/{rel}","templated":true}]}}