{"id":30628,"date":"2018-04-24T10:51:01","date_gmt":"2018-04-24T08:51:01","guid":{"rendered":"https:\/\/biomaxi.ch\/?post_type=product&#038;p=30628"},"modified":"2025-04-07T08:04:02","modified_gmt":"2025-04-07T06:04:02","slug":"afalg-190-kapseln-otco-zertifizierte-klamath-alge","status":"publish","type":"product","link":"https:\/\/biomaxi.ch\/de\/produit\/afalg-190-kapseln-otco-zertifizierte-klamath-alge\/","title":{"rendered":"AFALG 190 Kapseln &#8211; OTCO-zertifizierte Klamath-Alge"},"content":{"rendered":"<p><b>Anwendung &amp; Zusammensetzung:<\/b><br \/>\nBeginnen Sie schrittweise:<br \/>\n&#8211; 1. Woche: 1 Kapsel t\u00e4glich morgens auf n\u00fcchternen Magen &#8211; 2. Woche: 2 Kapseln, 1 morgens und 1 vor dem Mittag.<br \/>\n&#8211; 3. Woche: 3 Kapseln, 2 morgens und 1 vor dem Mittag &#8211; 4. Woche: 4 Kapseln, 2 morgens und 2 vor dem Mittag &#8211; 5. (2 g) pro Tag.<\/p>\n<p>Sp\u00e4testens am Nachmittag einzunehmen; vermeiden Sie die Einnahme am Abend. Kinder: halbe Dosis.<\/p>\n<p>Packung mit 190 vegetarischen Kapseln, dosiert mit 400 mg biologischer Klamath-Alge.<\/p>\n<p>&nbsp;<\/p>\n","protected":false},"excerpt":{"rendered":"<p>Eine wilde Alge taucht unter allen Pflanzen auf:<\/p>\n<p><b>Aphanizomenon<\/b> sticht aus der Masse heraus.<\/p>\n<p>Sie enth\u00e4lt mehr als 115 Mikron\u00e4hrstoffe: Aminos\u00e4uren, Nukleoproteine, Peptide, Betakarotin, Chlorophyll, Polysaccharide, Vitamine A, B, C, F, J, K, Mineralsalze, Spurenelemente.<\/p>\n<p>GARANTIE 100% REIN .<\/p>\n","protected":false},"featured_media":29962,"comment_status":"open","ping_status":"closed","template":"","meta":{"_et_pb_use_builder":"","_et_pb_old_content":"","_et_gb_content_width":""},"product_brand":[],"product_cat":[201,202],"product_tag":[203,214,222,216,212,290],"class_list":{"0":"post-30628","1":"product","2":"type-product","3":"status-publish","4":"has-post-thumbnail","6":"product_cat-nahrungsergaenzungsmittel","7":"product_cat-phytinov-de-2","8":"product_tag-anti-aging","9":"product_tag-entspannung-und-stress","10":"product_tag-erganzungen","11":"product_tag-knochenkapital","12":"product_tag-sport-de","13":"product_tag-thyroide-de","15":"first","16":"instock","17":"shipping-taxable","18":"purchasable","19":"product-type-simple"},"yoast_head":"<!-- This site is optimized with the Yoast SEO plugin v27.3 - https:\/\/yoast.com\/product\/yoast-seo-wordpress\/ -->\n<title>Klamath Alge Afalg, nat\u00fcrliche Erg\u00e4nzung, reich an Mineralien und Spurenelementen - Alge, die den K\u00f6rper und das Immunsystem st\u00e4rkt\/boostt - 190 Kapseln mit 400 mg | Biomaxi.ch<\/title>\n<meta name=\"description\" content=\"Biomaxi ist der offizielle Schweizer Lieferant von Phyt-Inov international\u00ae Official, dem f\u00fchrenden Schweizer Labor f\u00fcr Klamath Afalg (190 Kapseln \u00e0 400 mg). Diese Alge hat viele positive Eigenschaften, da sie eine au\u00dfergew\u00f6hnliche N\u00e4hrstoffzusammensetzung mit mehr als 115 Mikron\u00e4hrstoffen aufweist. Sehr reich an Eiwei\u00df, Eisen, Vitaminen und Mineralien. Tr\u00e4gt zur St\u00e4rkung des Immunsystems bei und verringert das Risiko, an den h\u00e4ufigen kleinen Winterkrankheiten zu erkranken.\" \/>\n<meta name=\"robots\" content=\"index, follow, max-snippet:-1, max-image-preview:large, max-video-preview:-1\" \/>\n<link rel=\"canonical\" href=\"https:\/\/biomaxi.ch\/de\/produit\/afalg-190-kapseln-otco-zertifizierte-klamath-alge\/\" \/>\n<meta property=\"og:locale\" content=\"de_DE\" \/>\n<meta property=\"og:type\" content=\"article\" \/>\n<meta property=\"og:title\" content=\"Klamath Alge Afalg, nat\u00fcrliche Erg\u00e4nzung, reich an Mineralien und Spurenelementen - Alge, die den K\u00f6rper und das Immunsystem st\u00e4rkt\/boostt - 190 Kapseln mit 400 mg | Biomaxi.ch\" \/>\n<meta property=\"og:description\" content=\"Biomaxi ist der offizielle Schweizer Lieferant von Phyt-Inov international\u00ae Official, dem f\u00fchrenden Schweizer Labor f\u00fcr Klamath Afalg (190 Kapseln \u00e0 400 mg). Diese Alge hat viele positive Eigenschaften, da sie eine au\u00dfergew\u00f6hnliche N\u00e4hrstoffzusammensetzung mit mehr als 115 Mikron\u00e4hrstoffen aufweist. Sehr reich an Eiwei\u00df, Eisen, Vitaminen und Mineralien. Tr\u00e4gt zur St\u00e4rkung des Immunsystems bei und verringert das Risiko, an den h\u00e4ufigen kleinen Winterkrankheiten zu erkranken.\" \/>\n<meta property=\"og:url\" content=\"https:\/\/biomaxi.ch\/de\/produit\/afalg-190-kapseln-otco-zertifizierte-klamath-alge\/\" \/>\n<meta property=\"og:site_name\" content=\"Biomaxi\" \/>\n<meta property=\"article:publisher\" content=\"https:\/\/www.facebook.com\/biomaxisuisse\/\" \/>\n<meta property=\"article:modified_time\" content=\"2025-04-07T06:04:02+00:00\" \/>\n<meta property=\"og:image\" content=\"https:\/\/biomaxi.ch\/wp-content\/uploads\/2023\/07\/IMG_7897-Afalg-190-dimension-site-web-light-bas-scaled-2.jpg\" \/>\n\t<meta property=\"og:image:width\" content=\"1948\" \/>\n\t<meta property=\"og:image:height\" content=\"2560\" \/>\n\t<meta property=\"og:image:type\" content=\"image\/jpeg\" \/>\n<meta name=\"twitter:card\" content=\"summary_large_image\" \/>\n<meta name=\"twitter:label1\" content=\"Gesch\u00e4tzte Lesezeit\" \/>\n\t<meta name=\"twitter:data1\" content=\"1\u00a0Minute\" \/>\n<script type=\"application\/ld+json\" class=\"yoast-schema-graph\">{\"@context\":\"https:\\\/\\\/schema.org\",\"@graph\":[{\"@type\":\"WebPage\",\"@id\":\"https:\\\/\\\/biomaxi.ch\\\/de\\\/produit\\\/afalg-190-kapseln-otco-zertifizierte-klamath-alge\\\/\",\"url\":\"https:\\\/\\\/biomaxi.ch\\\/de\\\/produit\\\/afalg-190-kapseln-otco-zertifizierte-klamath-alge\\\/\",\"name\":\"Klamath Alge Afalg, nat\u00fcrliche Erg\u00e4nzung, reich an Mineralien und Spurenelementen - Alge, die den K\u00f6rper und das Immunsystem st\u00e4rkt\\\/boostt - 190 Kapseln mit 400 mg | Biomaxi.ch\",\"isPartOf\":{\"@id\":\"https:\\\/\\\/biomaxi.ch\\\/#website\"},\"primaryImageOfPage\":{\"@id\":\"https:\\\/\\\/biomaxi.ch\\\/de\\\/produit\\\/afalg-190-kapseln-otco-zertifizierte-klamath-alge\\\/#primaryimage\"},\"image\":{\"@id\":\"https:\\\/\\\/biomaxi.ch\\\/de\\\/produit\\\/afalg-190-kapseln-otco-zertifizierte-klamath-alge\\\/#primaryimage\"},\"thumbnailUrl\":\"https:\\\/\\\/biomaxi.ch\\\/wp-content\\\/uploads\\\/2023\\\/07\\\/IMG_7897-Afalg-190-dimension-site-web-light-bas-scaled-2.jpg\",\"datePublished\":\"2018-04-24T08:51:01+00:00\",\"dateModified\":\"2025-04-07T06:04:02+00:00\",\"description\":\"Biomaxi ist der offizielle Schweizer Lieferant von Phyt-Inov international\u00ae Official, dem f\u00fchrenden Schweizer Labor f\u00fcr Klamath Afalg (190 Kapseln \u00e0 400 mg). Diese Alge hat viele positive Eigenschaften, da sie eine au\u00dfergew\u00f6hnliche N\u00e4hrstoffzusammensetzung mit mehr als 115 Mikron\u00e4hrstoffen aufweist. Sehr reich an Eiwei\u00df, Eisen, Vitaminen und Mineralien. Tr\u00e4gt zur St\u00e4rkung des Immunsystems bei und verringert das Risiko, an den h\u00e4ufigen kleinen Winterkrankheiten zu erkranken.\",\"breadcrumb\":{\"@id\":\"https:\\\/\\\/biomaxi.ch\\\/de\\\/produit\\\/afalg-190-kapseln-otco-zertifizierte-klamath-alge\\\/#breadcrumb\"},\"inLanguage\":\"de\",\"potentialAction\":[{\"@type\":\"ReadAction\",\"target\":[\"https:\\\/\\\/biomaxi.ch\\\/de\\\/produit\\\/afalg-190-kapseln-otco-zertifizierte-klamath-alge\\\/\"]}]},{\"@type\":\"ImageObject\",\"inLanguage\":\"de\",\"@id\":\"https:\\\/\\\/biomaxi.ch\\\/de\\\/produit\\\/afalg-190-kapseln-otco-zertifizierte-klamath-alge\\\/#primaryimage\",\"url\":\"https:\\\/\\\/biomaxi.ch\\\/wp-content\\\/uploads\\\/2023\\\/07\\\/IMG_7897-Afalg-190-dimension-site-web-light-bas-scaled-2.jpg\",\"contentUrl\":\"https:\\\/\\\/biomaxi.ch\\\/wp-content\\\/uploads\\\/2023\\\/07\\\/IMG_7897-Afalg-190-dimension-site-web-light-bas-scaled-2.jpg\",\"width\":1948,\"height\":2560},{\"@type\":\"BreadcrumbList\",\"@id\":\"https:\\\/\\\/biomaxi.ch\\\/de\\\/produit\\\/afalg-190-kapseln-otco-zertifizierte-klamath-alge\\\/#breadcrumb\",\"itemListElement\":[{\"@type\":\"ListItem\",\"position\":1,\"name\":\"Accueil\",\"item\":\"https:\\\/\\\/biomaxi.ch\\\/de\\\/\"},{\"@type\":\"ListItem\",\"position\":2,\"name\":\"Produits\",\"item\":\"https:\\\/\\\/biomaxi.ch\\\/produits\\\/\"},{\"@type\":\"ListItem\",\"position\":3,\"name\":\"AFALG 190 Kapseln &#8211; OTCO-zertifizierte Klamath-Alge\"}]},{\"@type\":\"WebSite\",\"@id\":\"https:\\\/\\\/biomaxi.ch\\\/#website\",\"url\":\"https:\\\/\\\/biomaxi.ch\\\/\",\"name\":\"Biomaxi\",\"description\":\"Compl\u00e9ments alimentaires bio d&#039;origine suisse bio et naturels\",\"publisher\":{\"@id\":\"https:\\\/\\\/biomaxi.ch\\\/#organization\"},\"potentialAction\":[{\"@type\":\"SearchAction\",\"target\":{\"@type\":\"EntryPoint\",\"urlTemplate\":\"https:\\\/\\\/biomaxi.ch\\\/?s={search_term_string}\"},\"query-input\":{\"@type\":\"PropertyValueSpecification\",\"valueRequired\":true,\"valueName\":\"search_term_string\"}}],\"inLanguage\":\"de\"},{\"@type\":\"Organization\",\"@id\":\"https:\\\/\\\/biomaxi.ch\\\/#organization\",\"name\":\"Biomaxi\",\"url\":\"https:\\\/\\\/biomaxi.ch\\\/\",\"logo\":{\"@type\":\"ImageObject\",\"inLanguage\":\"de\",\"@id\":\"https:\\\/\\\/biomaxi.ch\\\/#\\\/schema\\\/logo\\\/image\\\/\",\"url\":\"https:\\\/\\\/biomaxi.ch\\\/wp-content\\\/uploads\\\/2024\\\/05\\\/LogoBiomaxiSite-1014x1024-1.jpg\",\"contentUrl\":\"https:\\\/\\\/biomaxi.ch\\\/wp-content\\\/uploads\\\/2024\\\/05\\\/LogoBiomaxiSite-1014x1024-1.jpg\",\"width\":1014,\"height\":1024,\"caption\":\"Biomaxi\"},\"image\":{\"@id\":\"https:\\\/\\\/biomaxi.ch\\\/#\\\/schema\\\/logo\\\/image\\\/\"},\"sameAs\":[\"https:\\\/\\\/www.facebook.com\\\/biomaxisuisse\\\/\",\"https:\\\/\\\/www.instagram.com\\\/phytinov\\\/\"]}]}<\/script>\n<!-- \/ Yoast SEO plugin. -->","yoast_head_json":{"title":"Klamath Alge Afalg, nat\u00fcrliche Erg\u00e4nzung, reich an Mineralien und Spurenelementen - Alge, die den K\u00f6rper und das Immunsystem st\u00e4rkt\/boostt - 190 Kapseln mit 400 mg | Biomaxi.ch","description":"Biomaxi ist der offizielle Schweizer Lieferant von Phyt-Inov international\u00ae Official, dem f\u00fchrenden Schweizer Labor f\u00fcr Klamath Afalg (190 Kapseln \u00e0 400 mg). Diese Alge hat viele positive Eigenschaften, da sie eine au\u00dfergew\u00f6hnliche N\u00e4hrstoffzusammensetzung mit mehr als 115 Mikron\u00e4hrstoffen aufweist. Sehr reich an Eiwei\u00df, Eisen, Vitaminen und Mineralien. Tr\u00e4gt zur St\u00e4rkung des Immunsystems bei und verringert das Risiko, an den h\u00e4ufigen kleinen Winterkrankheiten zu erkranken.","robots":{"index":"index","follow":"follow","max-snippet":"max-snippet:-1","max-image-preview":"max-image-preview:large","max-video-preview":"max-video-preview:-1"},"canonical":"https:\/\/biomaxi.ch\/de\/produit\/afalg-190-kapseln-otco-zertifizierte-klamath-alge\/","og_locale":"de_DE","og_type":"article","og_title":"Klamath Alge Afalg, nat\u00fcrliche Erg\u00e4nzung, reich an Mineralien und Spurenelementen - Alge, die den K\u00f6rper und das Immunsystem st\u00e4rkt\/boostt - 190 Kapseln mit 400 mg | Biomaxi.ch","og_description":"Biomaxi ist der offizielle Schweizer Lieferant von Phyt-Inov international\u00ae Official, dem f\u00fchrenden Schweizer Labor f\u00fcr Klamath Afalg (190 Kapseln \u00e0 400 mg). Diese Alge hat viele positive Eigenschaften, da sie eine au\u00dfergew\u00f6hnliche N\u00e4hrstoffzusammensetzung mit mehr als 115 Mikron\u00e4hrstoffen aufweist. Sehr reich an Eiwei\u00df, Eisen, Vitaminen und Mineralien. Tr\u00e4gt zur St\u00e4rkung des Immunsystems bei und verringert das Risiko, an den h\u00e4ufigen kleinen Winterkrankheiten zu erkranken.","og_url":"https:\/\/biomaxi.ch\/de\/produit\/afalg-190-kapseln-otco-zertifizierte-klamath-alge\/","og_site_name":"Biomaxi","article_publisher":"https:\/\/www.facebook.com\/biomaxisuisse\/","article_modified_time":"2025-04-07T06:04:02+00:00","og_image":[{"width":1948,"height":2560,"url":"https:\/\/biomaxi.ch\/wp-content\/uploads\/2023\/07\/IMG_7897-Afalg-190-dimension-site-web-light-bas-scaled-2.jpg","type":"image\/jpeg"}],"twitter_card":"summary_large_image","twitter_misc":{"Gesch\u00e4tzte Lesezeit":"1\u00a0Minute"},"schema":{"@context":"https:\/\/schema.org","@graph":[{"@type":"WebPage","@id":"https:\/\/biomaxi.ch\/de\/produit\/afalg-190-kapseln-otco-zertifizierte-klamath-alge\/","url":"https:\/\/biomaxi.ch\/de\/produit\/afalg-190-kapseln-otco-zertifizierte-klamath-alge\/","name":"Klamath Alge Afalg, nat\u00fcrliche Erg\u00e4nzung, reich an Mineralien und Spurenelementen - Alge, die den K\u00f6rper und das Immunsystem st\u00e4rkt\/boostt - 190 Kapseln mit 400 mg | Biomaxi.ch","isPartOf":{"@id":"https:\/\/biomaxi.ch\/#website"},"primaryImageOfPage":{"@id":"https:\/\/biomaxi.ch\/de\/produit\/afalg-190-kapseln-otco-zertifizierte-klamath-alge\/#primaryimage"},"image":{"@id":"https:\/\/biomaxi.ch\/de\/produit\/afalg-190-kapseln-otco-zertifizierte-klamath-alge\/#primaryimage"},"thumbnailUrl":"https:\/\/biomaxi.ch\/wp-content\/uploads\/2023\/07\/IMG_7897-Afalg-190-dimension-site-web-light-bas-scaled-2.jpg","datePublished":"2018-04-24T08:51:01+00:00","dateModified":"2025-04-07T06:04:02+00:00","description":"Biomaxi ist der offizielle Schweizer Lieferant von Phyt-Inov international\u00ae Official, dem f\u00fchrenden Schweizer Labor f\u00fcr Klamath Afalg (190 Kapseln \u00e0 400 mg). Diese Alge hat viele positive Eigenschaften, da sie eine au\u00dfergew\u00f6hnliche N\u00e4hrstoffzusammensetzung mit mehr als 115 Mikron\u00e4hrstoffen aufweist. Sehr reich an Eiwei\u00df, Eisen, Vitaminen und Mineralien. Tr\u00e4gt zur St\u00e4rkung des Immunsystems bei und verringert das Risiko, an den h\u00e4ufigen kleinen Winterkrankheiten zu erkranken.","breadcrumb":{"@id":"https:\/\/biomaxi.ch\/de\/produit\/afalg-190-kapseln-otco-zertifizierte-klamath-alge\/#breadcrumb"},"inLanguage":"de","potentialAction":[{"@type":"ReadAction","target":["https:\/\/biomaxi.ch\/de\/produit\/afalg-190-kapseln-otco-zertifizierte-klamath-alge\/"]}]},{"@type":"ImageObject","inLanguage":"de","@id":"https:\/\/biomaxi.ch\/de\/produit\/afalg-190-kapseln-otco-zertifizierte-klamath-alge\/#primaryimage","url":"https:\/\/biomaxi.ch\/wp-content\/uploads\/2023\/07\/IMG_7897-Afalg-190-dimension-site-web-light-bas-scaled-2.jpg","contentUrl":"https:\/\/biomaxi.ch\/wp-content\/uploads\/2023\/07\/IMG_7897-Afalg-190-dimension-site-web-light-bas-scaled-2.jpg","width":1948,"height":2560},{"@type":"BreadcrumbList","@id":"https:\/\/biomaxi.ch\/de\/produit\/afalg-190-kapseln-otco-zertifizierte-klamath-alge\/#breadcrumb","itemListElement":[{"@type":"ListItem","position":1,"name":"Accueil","item":"https:\/\/biomaxi.ch\/de\/"},{"@type":"ListItem","position":2,"name":"Produits","item":"https:\/\/biomaxi.ch\/produits\/"},{"@type":"ListItem","position":3,"name":"AFALG 190 Kapseln &#8211; OTCO-zertifizierte Klamath-Alge"}]},{"@type":"WebSite","@id":"https:\/\/biomaxi.ch\/#website","url":"https:\/\/biomaxi.ch\/","name":"Biomaxi","description":"Compl\u00e9ments alimentaires bio d&#039;origine suisse bio et naturels","publisher":{"@id":"https:\/\/biomaxi.ch\/#organization"},"potentialAction":[{"@type":"SearchAction","target":{"@type":"EntryPoint","urlTemplate":"https:\/\/biomaxi.ch\/?s={search_term_string}"},"query-input":{"@type":"PropertyValueSpecification","valueRequired":true,"valueName":"search_term_string"}}],"inLanguage":"de"},{"@type":"Organization","@id":"https:\/\/biomaxi.ch\/#organization","name":"Biomaxi","url":"https:\/\/biomaxi.ch\/","logo":{"@type":"ImageObject","inLanguage":"de","@id":"https:\/\/biomaxi.ch\/#\/schema\/logo\/image\/","url":"https:\/\/biomaxi.ch\/wp-content\/uploads\/2024\/05\/LogoBiomaxiSite-1014x1024-1.jpg","contentUrl":"https:\/\/biomaxi.ch\/wp-content\/uploads\/2024\/05\/LogoBiomaxiSite-1014x1024-1.jpg","width":1014,"height":1024,"caption":"Biomaxi"},"image":{"@id":"https:\/\/biomaxi.ch\/#\/schema\/logo\/image\/"},"sameAs":["https:\/\/www.facebook.com\/biomaxisuisse\/","https:\/\/www.instagram.com\/phytinov\/"]}]}},"_links":{"self":[{"href":"https:\/\/biomaxi.ch\/de\/wp-json\/wp\/v2\/product\/30628","targetHints":{"allow":["GET"]}}],"collection":[{"href":"https:\/\/biomaxi.ch\/de\/wp-json\/wp\/v2\/product"}],"about":[{"href":"https:\/\/biomaxi.ch\/de\/wp-json\/wp\/v2\/types\/product"}],"replies":[{"embeddable":true,"href":"https:\/\/biomaxi.ch\/de\/wp-json\/wp\/v2\/comments?post=30628"}],"wp:featuredmedia":[{"embeddable":true,"href":"https:\/\/biomaxi.ch\/de\/wp-json\/wp\/v2\/media\/29962"}],"wp:attachment":[{"href":"https:\/\/biomaxi.ch\/de\/wp-json\/wp\/v2\/media?parent=30628"}],"wp:term":[{"taxonomy":"product_brand","embeddable":true,"href":"https:\/\/biomaxi.ch\/de\/wp-json\/wp\/v2\/product_brand?post=30628"},{"taxonomy":"product_cat","embeddable":true,"href":"https:\/\/biomaxi.ch\/de\/wp-json\/wp\/v2\/product_cat?post=30628"},{"taxonomy":"product_tag","embeddable":true,"href":"https:\/\/biomaxi.ch\/de\/wp-json\/wp\/v2\/product_tag?post=30628"}],"curies":[{"name":"wp","href":"https:\/\/api.w.org\/{rel}","templated":true}]}}