{"id":30977,"date":"2023-03-24T08:24:53","date_gmt":"2023-03-24T07:24:53","guid":{"rendered":"https:\/\/biomaxi.ch\/?page_id=30977"},"modified":"2025-03-24T11:24:47","modified_gmt":"2025-03-24T10:24:47","slug":"qui-sommes-nous","status":"publish","type":"page","link":"https:\/\/biomaxi.ch\/de\/qui-sommes-nous\/","title":{"rendered":"Wer wir sind"},"content":{"rendered":"<p>[et_pb_section fb_built=&#8220;1&#8243; _builder_version=&#8220;4.21.0&#8243; _module_preset=&#8220;default&#8220; global_colors_info=&#8220;{}&#8220;][et_pb_row _builder_version=&#8220;4.21.0&#8243; _module_preset=&#8220;default&#8220; global_colors_info=&#8220;{}&#8220;][et_pb_column type=&#8220;4_4&#8243; _builder_version=&#8220;4.21.0&#8243; _module_preset=&#8220;default&#8220; global_colors_info=&#8220;{}&#8220;][et_pb_text admin_label=&#8220;Titre qui sommes-nous&#8220; _builder_version=&#8220;4.21.0&#8243; _module_preset=&#8220;default&#8220; global_colors_info=&#8220;{}&#8220;]<\/p>\n<h1 style=\"text-align: center;\">WER SIND WIR<\/h1>\n<p>[\/et_pb_text][et_pb_video src=&#8220;https:\/\/www.youtube.com\/watch?v=JmCxXlXfglg&#8220; _builder_version=&#8220;4.21.0&#8243; _module_preset=&#8220;default&#8220; global_colors_info=&#8220;{}&#8220;][\/et_pb_video][\/et_pb_column][\/et_pb_row][et_pb_row column_structure=&#8220;3_5,2_5&#8243; _builder_version=&#8220;4.21.0&#8243; _module_preset=&#8220;default&#8220; global_colors_info=&#8220;{}&#8220;][et_pb_column type=&#8220;3_5&#8243; _builder_version=&#8220;4.21.0&#8243; _module_preset=&#8220;default&#8220; global_colors_info=&#8220;{}&#8220;][et_pb_text _builder_version=&#8220;4.21.0&#8243; _module_preset=&#8220;default&#8220; global_colors_info=&#8220;{}&#8220;]<\/p>\n<p>Wir sind im Schweizer Jura angesiedelt. Unsere Firma Biomaxi vertreibt in der Schweiz einen Teil der Phyt-Inov-Produkte, die sich aus den folgenden Produktreihen zusammensetzen: Phyt-Inov, Flora d&#8217;Essarts und Monsieur d&#8217;Essarts.<\/p>\n<p>Es handelt sich um Nahrungserg\u00e4nzungsmittel, Sch\u00f6nheitspflege und Hygieneprodukte von reinster Qualit\u00e4t.<\/p>\n<p>Diese Website ist vor allem dem Vertrieb der Produkte des Labors Phyt-Inov an unsere Landsleute gewidmet.<\/p>\n<p>Seit \u00fcber einer Generation stellen wir Ihnen das gesamte Know-how und die Erfahrung von Phyt-Inov zur Verf\u00fcgung, um nat\u00fcrliche Produkte von unvergleichlicher Wirksamkeit und Reinheit zu formulieren.<\/p>\n<p>[\/et_pb_text][\/et_pb_column][et_pb_column type=&#8220;2_5&#8243; _builder_version=&#8220;4.21.0&#8243; _module_preset=&#8220;default&#8220; global_colors_info=&#8220;{}&#8220;][et_pb_image src=&#8220;https:\/\/biomaxi.ch\/wp-content\/uploads\/2023\/07\/delemont.jpg&#8220; alt=&#8220;Del\u00e9mont dans le Jura Suisse&#8220; title_text=&#8220;Del\u00e9mont dans le Jura Suisse&#8220; align=&#8220;center&#8220; _builder_version=&#8220;4.21.0&#8243; _module_preset=&#8220;default&#8220; width=&#8220;605px&#8220; width_tablet=&#8220;100%&#8220; width_phone=&#8220;100%&#8220; width_last_edited=&#8220;on|desktop&#8220; border_radii=&#8220;on|20px|20px|20px|20px&#8220; box_shadow_style=&#8220;preset3&#8243; global_colors_info=&#8220;{}&#8220;][\/et_pb_image][\/et_pb_column][\/et_pb_row][et_pb_row column_structure=&#8220;3_5,2_5&#8243; _builder_version=&#8220;4.21.0&#8243; _module_preset=&#8220;default&#8220; global_colors_info=&#8220;{}&#8220;][et_pb_column type=&#8220;3_5&#8243; _builder_version=&#8220;4.21.0&#8243; _module_preset=&#8220;default&#8220; global_colors_info=&#8220;{}&#8220;][et_pb_video src=&#8220;https:\/\/www.youtube.com\/watch?v=qXe2Jd0lmfk&#8220; _builder_version=&#8220;4.21.0&#8243; _module_preset=&#8220;default&#8220; global_colors_info=&#8220;{}&#8220;][\/et_pb_video][\/et_pb_column][et_pb_column type=&#8220;2_5&#8243; _builder_version=&#8220;4.21.0&#8243; _module_preset=&#8220;default&#8220; global_colors_info=&#8220;{}&#8220;][et_pb_text _builder_version=&#8220;4.21.0&#8243; _module_preset=&#8220;default&#8220; custom_margin=&#8220;20px||||false|false&#8220; global_colors_info=&#8220;{}&#8220;]<\/p>\n<p>Wir sind stolz darauf, Ihnen die illustre Pers\u00f6nlichkeit Jean-Pierre Willem vorstellen zu d\u00fcrfen, der die von uns angebotenen Produkte, insbesondere Flora d&#8217;Essarts, mit Begeisterung unterst\u00fctzt und ber\u00e4t.<\/p>\n<p>Sein fundiertes Wissen und sein Engagement f\u00fcr die Wohltaten der Natur inspirieren uns dazu, hochwertige Produkte f\u00fcr Ihr Wohlbefinden und Ihre Gesundheit anzubieten.<\/p>\n<p>[\/et_pb_text][\/et_pb_column][\/et_pb_row][\/et_pb_section]<\/p>\n","protected":false},"excerpt":{"rendered":"<p>WER SIND WIRWir sind im Schweizer Jura angesiedelt. Unsere Firma Biomaxi vertreibt in der Schweiz einen Teil der Phyt-Inov-Produkte, die sich aus den folgenden Produktreihen zusammensetzen: Phyt-Inov, Flora d&#8217;Essarts und Monsieur d&#8217;Essarts. Es handelt sich um Nahrungserg\u00e4nzungsmittel, Sch\u00f6nheitspflege und Hygieneprodukte von reinster Qualit\u00e4t. Diese Website ist vor allem dem Vertrieb der Produkte des Labors Phyt-Inov [&hellip;]<\/p>\n","protected":false},"author":1,"featured_media":0,"parent":0,"menu_order":0,"comment_status":"closed","ping_status":"closed","template":"","meta":{"_et_pb_use_builder":"on","_et_pb_old_content":"<p>[et_pb_section fb_built=\"1\" _builder_version=\"4.21.0\" _module_preset=\"default\" global_colors_info=\"{}\"][et_pb_row _builder_version=\"4.21.0\" _module_preset=\"default\" global_colors_info=\"{}\"][et_pb_column type=\"4_4\" _builder_version=\"4.21.0\" _module_preset=\"default\" global_colors_info=\"{}\"][et_pb_text admin_label=\"Titre qui sommes-nous\" _builder_version=\"4.21.0\" _module_preset=\"default\" global_colors_info=\"{}\"]<\/p><h1 style=\"text-align: center;\">QUI SOMMES-NOUS<\/h1><p>[\/et_pb_text][et_pb_video src=\"https:\/\/www.youtube.com\/watch?v=JmCxXlXfglg\" _builder_version=\"4.21.0\" _module_preset=\"default\" global_colors_info=\"{}\"][\/et_pb_video][\/et_pb_column][\/et_pb_row][et_pb_row column_structure=\"3_5,2_5\" _builder_version=\"4.21.0\" _module_preset=\"default\" global_colors_info=\"{}\"][et_pb_column type=\"3_5\" _builder_version=\"4.21.0\" _module_preset=\"default\" global_colors_info=\"{}\"][et_pb_text _builder_version=\"4.21.0\" _module_preset=\"default\" global_colors_info=\"{}\"]<\/p><p style=\"text-align: justify;\">Nous sommes install\u00e9s dans le Jura Suisse. Notre soci\u00e9t\u00e9 Biomaxi distribue en Suisse une partie des produits Phyt-Inov compos\u00e9e des gammes suivantes : Phyt-Inov, Flora d\u2019Essarts et Monsieur d\u2019Essarts.<\/p><p style=\"text-align: justify;\">Il s\u2019agit de compl\u00e9ments alimentaires, de soins de beaut\u00e9 et d\u2019hygi\u00e8ne de la plus pure qualit\u00e9 qui soit.<\/p><p style=\"text-align: justify;\">Ce site internet est avant tout consacr\u00e9 \u00e0 la distribution des produits du laboratoire Phyt-Inov aupr\u00e8s de nos compatriotes.<\/p><p style=\"text-align: justify;\">Nous mettons \u00e0 votre service depuis plus d\u2019une g\u00e9n\u00e9ration tout le savoir-faire et l\u2019exp\u00e9rience de Phyt-Inov pour formuler des produits naturels d\u2019une efficacit\u00e9 et d\u2019une puret\u00e9 sans pareilles.<\/p><p>[\/et_pb_text][\/et_pb_column][et_pb_column type=\"2_5\" _builder_version=\"4.21.0\" _module_preset=\"default\" global_colors_info=\"{}\"][et_pb_image src=\"https:\/\/biomaxi.ch\/wp-content\/uploads\/2023\/07\/delemont.jpg\" alt=\"Del\u00e9mont dans le Jura Suisse\" title_text=\"Del\u00e9mont dans le Jura Suisse\" align=\"center\" _builder_version=\"4.21.0\" _module_preset=\"default\" width=\"605px\" hover_enabled=\"0\" border_radii=\"on|20px|20px|20px|20px\" box_shadow_style=\"preset3\" global_colors_info=\"{}\" width_last_edited=\"on|desktop\" sticky_enabled=\"0\" width_tablet=\"100%\" width_phone=\"100%\"][\/et_pb_image][\/et_pb_column][\/et_pb_row][et_pb_row column_structure=\"3_5,2_5\" _builder_version=\"4.21.0\" _module_preset=\"default\" global_colors_info=\"{}\"][et_pb_column type=\"3_5\" _builder_version=\"4.21.0\" _module_preset=\"default\" global_colors_info=\"{}\"][et_pb_video src=\"https:\/\/www.youtube.com\/watch?v=qXe2Jd0lmfk\" _builder_version=\"4.21.0\" _module_preset=\"default\" global_colors_info=\"{}\"][\/et_pb_video][\/et_pb_column][et_pb_column type=\"2_5\" _builder_version=\"4.21.0\" _module_preset=\"default\" global_colors_info=\"{}\"][et_pb_text _builder_version=\"4.21.0\" _module_preset=\"default\" custom_margin=\"20px||||false|false\" global_colors_info=\"{}\"]<\/p><p>Nous sommes fiers de vous pr\u00e9senter l'illustre personnalit\u00e9 Jean-Pierre Willem qui soutient et conseille avec enthousiasme les produits que nous proposons, notamment Flora d\u2019Essarts.<\/p><p>Ses connaissances approfondies et son engagement envers les bienfaits de la nature nous inspirent \u00e0 offrir des produits de qualit\u00e9 pour votre bien-\u00eatre et votre sant\u00e9.<\/p><p>[\/et_pb_text][\/et_pb_column][\/et_pb_row][\/et_pb_section]<\/p>","_et_gb_content_width":"","footnotes":""},"class_list":["post-30977","page","type-page","status-publish","hentry"],"yoast_head":"<!-- This site is optimized with the Yoast SEO plugin v27.3 - https:\/\/yoast.com\/product\/yoast-seo-wordpress\/ -->\n<title>Wer wir sind - Biomaxi<\/title>\n<meta name=\"robots\" content=\"index, follow, max-snippet:-1, max-image-preview:large, max-video-preview:-1\" \/>\n<link rel=\"canonical\" href=\"https:\/\/biomaxi.ch\/de\/qui-sommes-nous\/\" \/>\n<meta property=\"og:locale\" content=\"de_DE\" \/>\n<meta property=\"og:type\" content=\"article\" \/>\n<meta property=\"og:title\" content=\"Wer wir sind - Biomaxi\" \/>\n<meta property=\"og:description\" content=\"WER SIND WIRWir sind im Schweizer Jura angesiedelt. Unsere Firma Biomaxi vertreibt in der Schweiz einen Teil der Phyt-Inov-Produkte, die sich aus den folgenden Produktreihen zusammensetzen: Phyt-Inov, Flora d&#039;Essarts und Monsieur d&#039;Essarts. Es handelt sich um Nahrungserg\u00e4nzungsmittel, Sch\u00f6nheitspflege und Hygieneprodukte von reinster Qualit\u00e4t. Diese Website ist vor allem dem Vertrieb der Produkte des Labors Phyt-Inov [&hellip;]\" \/>\n<meta property=\"og:url\" content=\"https:\/\/biomaxi.ch\/de\/qui-sommes-nous\/\" \/>\n<meta property=\"og:site_name\" content=\"Biomaxi\" \/>\n<meta property=\"article:publisher\" content=\"https:\/\/www.facebook.com\/biomaxisuisse\/\" \/>\n<meta property=\"article:modified_time\" content=\"2025-03-24T10:24:47+00:00\" \/>\n<meta name=\"twitter:card\" content=\"summary_large_image\" \/>\n<meta name=\"twitter:label1\" content=\"Gesch\u00e4tzte Lesezeit\" \/>\n\t<meta name=\"twitter:data1\" content=\"1\u00a0Minute\" \/>\n<script type=\"application\/ld+json\" class=\"yoast-schema-graph\">{\"@context\":\"https:\\\/\\\/schema.org\",\"@graph\":[{\"@type\":\"WebPage\",\"@id\":\"https:\\\/\\\/biomaxi.ch\\\/de\\\/qui-sommes-nous\\\/\",\"url\":\"https:\\\/\\\/biomaxi.ch\\\/de\\\/qui-sommes-nous\\\/\",\"name\":\"Wer wir sind - Biomaxi\",\"isPartOf\":{\"@id\":\"https:\\\/\\\/biomaxi.ch\\\/#website\"},\"datePublished\":\"2023-03-24T07:24:53+00:00\",\"dateModified\":\"2025-03-24T10:24:47+00:00\",\"breadcrumb\":{\"@id\":\"https:\\\/\\\/biomaxi.ch\\\/de\\\/qui-sommes-nous\\\/#breadcrumb\"},\"inLanguage\":\"de\",\"potentialAction\":[{\"@type\":\"ReadAction\",\"target\":[\"https:\\\/\\\/biomaxi.ch\\\/de\\\/qui-sommes-nous\\\/\"]}]},{\"@type\":\"BreadcrumbList\",\"@id\":\"https:\\\/\\\/biomaxi.ch\\\/de\\\/qui-sommes-nous\\\/#breadcrumb\",\"itemListElement\":[{\"@type\":\"ListItem\",\"position\":1,\"name\":\"Accueil\",\"item\":\"https:\\\/\\\/biomaxi.ch\\\/de\\\/\"},{\"@type\":\"ListItem\",\"position\":2,\"name\":\"Wer wir sind\"}]},{\"@type\":\"WebSite\",\"@id\":\"https:\\\/\\\/biomaxi.ch\\\/#website\",\"url\":\"https:\\\/\\\/biomaxi.ch\\\/\",\"name\":\"Biomaxi\",\"description\":\"Compl\u00e9ments alimentaires bio d&#039;origine suisse bio et naturels\",\"publisher\":{\"@id\":\"https:\\\/\\\/biomaxi.ch\\\/#organization\"},\"potentialAction\":[{\"@type\":\"SearchAction\",\"target\":{\"@type\":\"EntryPoint\",\"urlTemplate\":\"https:\\\/\\\/biomaxi.ch\\\/?s={search_term_string}\"},\"query-input\":{\"@type\":\"PropertyValueSpecification\",\"valueRequired\":true,\"valueName\":\"search_term_string\"}}],\"inLanguage\":\"de\"},{\"@type\":\"Organization\",\"@id\":\"https:\\\/\\\/biomaxi.ch\\\/#organization\",\"name\":\"Biomaxi\",\"url\":\"https:\\\/\\\/biomaxi.ch\\\/\",\"logo\":{\"@type\":\"ImageObject\",\"inLanguage\":\"de\",\"@id\":\"https:\\\/\\\/biomaxi.ch\\\/#\\\/schema\\\/logo\\\/image\\\/\",\"url\":\"https:\\\/\\\/biomaxi.ch\\\/wp-content\\\/uploads\\\/2024\\\/05\\\/LogoBiomaxiSite-1014x1024-1.jpg\",\"contentUrl\":\"https:\\\/\\\/biomaxi.ch\\\/wp-content\\\/uploads\\\/2024\\\/05\\\/LogoBiomaxiSite-1014x1024-1.jpg\",\"width\":1014,\"height\":1024,\"caption\":\"Biomaxi\"},\"image\":{\"@id\":\"https:\\\/\\\/biomaxi.ch\\\/#\\\/schema\\\/logo\\\/image\\\/\"},\"sameAs\":[\"https:\\\/\\\/www.facebook.com\\\/biomaxisuisse\\\/\",\"https:\\\/\\\/www.instagram.com\\\/phytinov\\\/\"]}]}<\/script>\n<!-- \/ Yoast SEO plugin. -->","yoast_head_json":{"title":"Wer wir sind - Biomaxi","robots":{"index":"index","follow":"follow","max-snippet":"max-snippet:-1","max-image-preview":"max-image-preview:large","max-video-preview":"max-video-preview:-1"},"canonical":"https:\/\/biomaxi.ch\/de\/qui-sommes-nous\/","og_locale":"de_DE","og_type":"article","og_title":"Wer wir sind - Biomaxi","og_description":"WER SIND WIRWir sind im Schweizer Jura angesiedelt. Unsere Firma Biomaxi vertreibt in der Schweiz einen Teil der Phyt-Inov-Produkte, die sich aus den folgenden Produktreihen zusammensetzen: Phyt-Inov, Flora d'Essarts und Monsieur d'Essarts. Es handelt sich um Nahrungserg\u00e4nzungsmittel, Sch\u00f6nheitspflege und Hygieneprodukte von reinster Qualit\u00e4t. Diese Website ist vor allem dem Vertrieb der Produkte des Labors Phyt-Inov [&hellip;]","og_url":"https:\/\/biomaxi.ch\/de\/qui-sommes-nous\/","og_site_name":"Biomaxi","article_publisher":"https:\/\/www.facebook.com\/biomaxisuisse\/","article_modified_time":"2025-03-24T10:24:47+00:00","twitter_card":"summary_large_image","twitter_misc":{"Gesch\u00e4tzte Lesezeit":"1\u00a0Minute"},"schema":{"@context":"https:\/\/schema.org","@graph":[{"@type":"WebPage","@id":"https:\/\/biomaxi.ch\/de\/qui-sommes-nous\/","url":"https:\/\/biomaxi.ch\/de\/qui-sommes-nous\/","name":"Wer wir sind - Biomaxi","isPartOf":{"@id":"https:\/\/biomaxi.ch\/#website"},"datePublished":"2023-03-24T07:24:53+00:00","dateModified":"2025-03-24T10:24:47+00:00","breadcrumb":{"@id":"https:\/\/biomaxi.ch\/de\/qui-sommes-nous\/#breadcrumb"},"inLanguage":"de","potentialAction":[{"@type":"ReadAction","target":["https:\/\/biomaxi.ch\/de\/qui-sommes-nous\/"]}]},{"@type":"BreadcrumbList","@id":"https:\/\/biomaxi.ch\/de\/qui-sommes-nous\/#breadcrumb","itemListElement":[{"@type":"ListItem","position":1,"name":"Accueil","item":"https:\/\/biomaxi.ch\/de\/"},{"@type":"ListItem","position":2,"name":"Wer wir sind"}]},{"@type":"WebSite","@id":"https:\/\/biomaxi.ch\/#website","url":"https:\/\/biomaxi.ch\/","name":"Biomaxi","description":"Compl\u00e9ments alimentaires bio d&#039;origine suisse bio et naturels","publisher":{"@id":"https:\/\/biomaxi.ch\/#organization"},"potentialAction":[{"@type":"SearchAction","target":{"@type":"EntryPoint","urlTemplate":"https:\/\/biomaxi.ch\/?s={search_term_string}"},"query-input":{"@type":"PropertyValueSpecification","valueRequired":true,"valueName":"search_term_string"}}],"inLanguage":"de"},{"@type":"Organization","@id":"https:\/\/biomaxi.ch\/#organization","name":"Biomaxi","url":"https:\/\/biomaxi.ch\/","logo":{"@type":"ImageObject","inLanguage":"de","@id":"https:\/\/biomaxi.ch\/#\/schema\/logo\/image\/","url":"https:\/\/biomaxi.ch\/wp-content\/uploads\/2024\/05\/LogoBiomaxiSite-1014x1024-1.jpg","contentUrl":"https:\/\/biomaxi.ch\/wp-content\/uploads\/2024\/05\/LogoBiomaxiSite-1014x1024-1.jpg","width":1014,"height":1024,"caption":"Biomaxi"},"image":{"@id":"https:\/\/biomaxi.ch\/#\/schema\/logo\/image\/"},"sameAs":["https:\/\/www.facebook.com\/biomaxisuisse\/","https:\/\/www.instagram.com\/phytinov\/"]}]}},"_links":{"self":[{"href":"https:\/\/biomaxi.ch\/de\/wp-json\/wp\/v2\/pages\/30977","targetHints":{"allow":["GET"]}}],"collection":[{"href":"https:\/\/biomaxi.ch\/de\/wp-json\/wp\/v2\/pages"}],"about":[{"href":"https:\/\/biomaxi.ch\/de\/wp-json\/wp\/v2\/types\/page"}],"author":[{"embeddable":true,"href":"https:\/\/biomaxi.ch\/de\/wp-json\/wp\/v2\/users\/1"}],"replies":[{"embeddable":true,"href":"https:\/\/biomaxi.ch\/de\/wp-json\/wp\/v2\/comments?post=30977"}],"version-history":[{"count":5,"href":"https:\/\/biomaxi.ch\/de\/wp-json\/wp\/v2\/pages\/30977\/revisions"}],"predecessor-version":[{"id":31025,"href":"https:\/\/biomaxi.ch\/de\/wp-json\/wp\/v2\/pages\/30977\/revisions\/31025"}],"wp:attachment":[{"href":"https:\/\/biomaxi.ch\/de\/wp-json\/wp\/v2\/media?parent=30977"}],"curies":[{"name":"wp","href":"https:\/\/api.w.org\/{rel}","templated":true}]}}